{"id":812,"date":"2018-08-29T19:15:48","date_gmt":"2018-08-29T19:15:48","guid":{"rendered":"https:\/\/ayore.org\/?page_id=812"},"modified":"2019-02-27T04:07:54","modified_gmt":"2019-02-27T04:07:54","slug":"cajoide-el-zorros-es-el-antidoto-para-las-picaduras-de-la-serpiente-de-cascabel","status":"publish","type":"page","link":"https:\/\/ayore.org\/es\/cultura\/medicina\/cajoide-el-zorros-es-el-antidoto-para-las-picaduras-de-la-serpiente-de-cascabel\/","title":{"rendered":"Cajoide\u0301 &#8211; El zorro es el ant\u00eddoto para las mordeduras de la serpiente de Cascabel"},"content":{"rendered":"<p><em style=\"font-size: 1rem;\">Achinguirai inoningayatodie cucha<\/em><\/p>\n<p><strong style=\"font-size: 1rem;\">Las mordeduras de serpientes de cascabel:<\/strong><\/p>\n<p>Los zorros son ant\u00eddotos para las mordeduras de serpientes de cascabel. El p\u00e1jaro llamado <em>Gaco<\/em>\u00a0(parecida a la cig\u00fce\u00f1a de altura y de color blanco) es tambi\u00e9n un ant\u00eddoto para la mordedura de serpiente.\u00a0 El agua tambi\u00e9n es un ant\u00eddoto para la mordedura de serpiente.<\/p>\n<p>Si una serpiente lanza su veneno a una persona y se usa la respiraci\u00f3n del p\u00e1jaro <em>gaco<\/em> entonces el veneno no mata a la persona. Lo mismo sucede con la respiraci\u00f3n de la zorra, us\u00e1ndolo quita el efecto del veneno.<\/p>\n<p>Los ayoreos que saben sobre la brujer\u00eda conocen todos los ant\u00eddotos y pueden sanar a los que son mordidos por serpientes. La respiraci\u00f3n es la palabra usada para referirse al soplar, y la medicina que sale de los curanderos cuando soplan es lo que cura a la gente.<\/p>\n<p>Los curanderos tambi\u00e9n muerden a sacar el veneno de las personas que han sido mordidos por las serpientes. Los curanderos son muy poderosos. Curan a las personas que han sido mordidos y extraen el veneno de ellos. Seg\u00fan los curanderos que vivieron hace mucho tiempo el poder de los curanderos les viene de las fibras retorcidas de la planta de la pi\u00f1a silvestre.\u00a0 Cuando se abren a recibirlo el poder se presenta ante ellos por medio de las fibras retorcidas de esta planta. Los curanderos saben c\u00f3mo impartir poder a otros para que puedan ser curanderos tambi\u00e9n; esto se hace por medio de las fibras trenzadas de la pi\u00f1a silvestre.<\/p>\n<p>Las fibras se utilizan como un l\u00e1tigo para golpear a los hombres que desean el poder de ser hombres de medicina. Cuando un curandero golpea a otra persona luego se va el poder de \u00e9l y entra en la otra persona.<\/p>\n<p>Tabaco les saca a convertirse en brujos tambi\u00e9n.\u00a0 Beben el tabaco que se ha empapado en agua y los vence. Entran en trance y se convierten en hombres de medicina.<\/p>\n<p>Cuando un m\u00e9dico brujo o curandero maldice a las personas y les da la muerte, entonces la gente lo matan al curandero que maldec\u00eda a la gente.<\/p>\n<p><em>Cajoid\u00e9 \u2013 Campo Loro, Paraguay \u2013 1985.<\/em><\/p>\n<p><em>Transcrito y traducido al espa\u00f1ol por: Maxine Morarie.<\/em><\/p>\n<div class=\"navigation\"><div class=\"alignleft\"><a href=\"https:\/\/ayore.org\/es\/cultura\/medicina\/\"title=\"Medicina\"><img loading=\"lazy\" decoding=\"async\" src=\"https:\/\/ayore.org\/wp-content\/uploads\/2018\/10\/left-arrow.png\" width=\"50\" height=\"48\" alt=\"left arrow\"><\/a><\/div><div class=\"alignright\"><a href=\"https:\/\/ayore.org\/es\/cultura\/canciones-nativas\/\"title=\"Canciones Nativas\"><img loading=\"lazy\" decoding=\"async\" src=\"https:\/\/ayore.org\/wp-content\/uploads\/2018\/10\/right-arrow.png\" width=\"50\" height=\"48\" alt=\"right arrow\"><\/a><\/div>\n","protected":false},"excerpt":{"rendered":"<p>Achinguirai inoningayatodie cucha Las mordeduras de serpientes de cascabel: Los zorros son ant\u00eddotos para las mordeduras de serpientes de cascabel. El p\u00e1jaro llamado Gaco\u00a0(parecida a la cig\u00fce\u00f1a de altura y de color blanco) es tambi\u00e9n un ant\u00eddoto para la mordedura<\/p>\n","protected":false},"author":2,"featured_media":0,"parent":290,"menu_order":0,"comment_status":"closed","ping_status":"closed","template":"","meta":{"footnotes":""},"class_list":["post-812","page","type-page","status-publish","hentry"],"yoast_head":"<!-- This site is optimized with the Yoast SEO plugin v27.4 - https:\/\/yoast.com\/product\/yoast-seo-wordpress\/ -->\n<title>Ayore\u0301 Medicina: El Zorros Es El Ant\u00eddoto Para Las Picaduras De La Serpiente De Cascabel \u2022 Ayore.org<\/title>\n<meta name=\"robots\" content=\"index, follow, max-snippet:-1, max-image-preview:large, max-video-preview:-1\" \/>\n<link rel=\"canonical\" href=\"https:\/\/ayore.org\/es\/cultura\/medicina\/cajoide-el-zorros-es-el-antidoto-para-las-picaduras-de-la-serpiente-de-cascabel\/\" \/>\n<meta property=\"og:locale\" content=\"es_ES\" \/>\n<meta property=\"og:type\" content=\"article\" \/>\n<meta property=\"og:title\" content=\"Ayore\u0301 Medicina: El Zorros Es El Ant\u00eddoto Para Las Picaduras De La Serpiente De Cascabel \u2022 Ayore.org\" \/>\n<meta property=\"og:description\" content=\"Achinguirai inoningayatodie cucha Las mordeduras de serpientes de cascabel: Los zorros son ant\u00eddotos para las mordeduras de serpientes de cascabel. El p\u00e1jaro llamado Gaco\u00a0(parecida a la cig\u00fce\u00f1a de altura y de color blanco) es tambi\u00e9n un ant\u00eddoto para la mordedura\" \/>\n<meta property=\"og:url\" content=\"https:\/\/ayore.org\/es\/cultura\/medicina\/cajoide-el-zorros-es-el-antidoto-para-las-picaduras-de-la-serpiente-de-cascabel\/\" \/>\n<meta property=\"og:site_name\" content=\"AYORE.ORG\" \/>\n<meta property=\"article:modified_time\" content=\"2019-02-27T04:07:54+00:00\" \/>\n<meta name=\"twitter:card\" content=\"summary_large_image\" \/>\n<meta name=\"twitter:label1\" content=\"Tiempo de lectura\" \/>\n\t<meta name=\"twitter:data1\" content=\"2 minutos\" \/>\n<script type=\"application\/ld+json\" class=\"yoast-schema-graph\">{\"@context\":\"https:\\\/\\\/schema.org\",\"@graph\":[{\"@type\":\"WebPage\",\"@id\":\"https:\\\/\\\/ayore.org\\\/es\\\/cultura\\\/medicina\\\/cajoide-el-zorros-es-el-antidoto-para-las-picaduras-de-la-serpiente-de-cascabel\\\/\",\"url\":\"https:\\\/\\\/ayore.org\\\/es\\\/cultura\\\/medicina\\\/cajoide-el-zorros-es-el-antidoto-para-las-picaduras-de-la-serpiente-de-cascabel\\\/\",\"name\":\"Ayore\u0301 Medicina: El Zorros Es El Ant\u00eddoto Para Las Picaduras De La Serpiente De Cascabel \u2022 Ayore.org\",\"isPartOf\":{\"@id\":\"https:\\\/\\\/ayore.org\\\/#website\"},\"datePublished\":\"2018-08-29T19:15:48+00:00\",\"dateModified\":\"2019-02-27T04:07:54+00:00\",\"breadcrumb\":{\"@id\":\"https:\\\/\\\/ayore.org\\\/es\\\/cultura\\\/medicina\\\/cajoide-el-zorros-es-el-antidoto-para-las-picaduras-de-la-serpiente-de-cascabel\\\/#breadcrumb\"},\"inLanguage\":\"es-AR\",\"potentialAction\":[{\"@type\":\"ReadAction\",\"target\":[\"https:\\\/\\\/ayore.org\\\/es\\\/cultura\\\/medicina\\\/cajoide-el-zorros-es-el-antidoto-para-las-picaduras-de-la-serpiente-de-cascabel\\\/\"]}]},{\"@type\":\"BreadcrumbList\",\"@id\":\"https:\\\/\\\/ayore.org\\\/es\\\/cultura\\\/medicina\\\/cajoide-el-zorros-es-el-antidoto-para-las-picaduras-de-la-serpiente-de-cascabel\\\/#breadcrumb\",\"itemListElement\":[{\"@type\":\"ListItem\",\"position\":1,\"name\":\"Inicio\",\"item\":\"https:\\\/\\\/ayore.org\\\/es\\\/\"},{\"@type\":\"ListItem\",\"position\":2,\"name\":\"Cultura\",\"item\":\"https:\\\/\\\/ayore.org\\\/es\\\/cultura\\\/\"},{\"@type\":\"ListItem\",\"position\":3,\"name\":\"Medicina\",\"item\":\"https:\\\/\\\/ayore.org\\\/es\\\/cultura\\\/medicina\\\/\"},{\"@type\":\"ListItem\",\"position\":4,\"name\":\"Cajoide\u0301 &#8211; El zorro es el ant\u00eddoto para las mordeduras de la serpiente de Cascabel\"}]},{\"@type\":\"WebSite\",\"@id\":\"https:\\\/\\\/ayore.org\\\/#website\",\"url\":\"https:\\\/\\\/ayore.org\\\/\",\"name\":\"AYORE.ORG\",\"description\":\"Idioma, Cultura e Historia de la Tribu Ayor\u00e9\",\"potentialAction\":[{\"@type\":\"SearchAction\",\"target\":{\"@type\":\"EntryPoint\",\"urlTemplate\":\"https:\\\/\\\/ayore.org\\\/?s={search_term_string}\"},\"query-input\":{\"@type\":\"PropertyValueSpecification\",\"valueRequired\":true,\"valueName\":\"search_term_string\"}}],\"inLanguage\":\"es-AR\"}]}<\/script>\n<!-- \/ Yoast SEO plugin. -->","yoast_head_json":{"title":"Ayore\u0301 Medicina: El Zorros Es El Ant\u00eddoto Para Las Picaduras De La Serpiente De Cascabel \u2022 Ayore.org","robots":{"index":"index","follow":"follow","max-snippet":"max-snippet:-1","max-image-preview":"max-image-preview:large","max-video-preview":"max-video-preview:-1"},"canonical":"https:\/\/ayore.org\/es\/cultura\/medicina\/cajoide-el-zorros-es-el-antidoto-para-las-picaduras-de-la-serpiente-de-cascabel\/","og_locale":"es_ES","og_type":"article","og_title":"Ayore\u0301 Medicina: El Zorros Es El Ant\u00eddoto Para Las Picaduras De La Serpiente De Cascabel \u2022 Ayore.org","og_description":"Achinguirai inoningayatodie cucha Las mordeduras de serpientes de cascabel: Los zorros son ant\u00eddotos para las mordeduras de serpientes de cascabel. El p\u00e1jaro llamado Gaco\u00a0(parecida a la cig\u00fce\u00f1a de altura y de color blanco) es tambi\u00e9n un ant\u00eddoto para la mordedura","og_url":"https:\/\/ayore.org\/es\/cultura\/medicina\/cajoide-el-zorros-es-el-antidoto-para-las-picaduras-de-la-serpiente-de-cascabel\/","og_site_name":"AYORE.ORG","article_modified_time":"2019-02-27T04:07:54+00:00","twitter_card":"summary_large_image","twitter_misc":{"Tiempo de lectura":"2 minutos"},"schema":{"@context":"https:\/\/schema.org","@graph":[{"@type":"WebPage","@id":"https:\/\/ayore.org\/es\/cultura\/medicina\/cajoide-el-zorros-es-el-antidoto-para-las-picaduras-de-la-serpiente-de-cascabel\/","url":"https:\/\/ayore.org\/es\/cultura\/medicina\/cajoide-el-zorros-es-el-antidoto-para-las-picaduras-de-la-serpiente-de-cascabel\/","name":"Ayore\u0301 Medicina: El Zorros Es El Ant\u00eddoto Para Las Picaduras De La Serpiente De Cascabel \u2022 Ayore.org","isPartOf":{"@id":"https:\/\/ayore.org\/#website"},"datePublished":"2018-08-29T19:15:48+00:00","dateModified":"2019-02-27T04:07:54+00:00","breadcrumb":{"@id":"https:\/\/ayore.org\/es\/cultura\/medicina\/cajoide-el-zorros-es-el-antidoto-para-las-picaduras-de-la-serpiente-de-cascabel\/#breadcrumb"},"inLanguage":"es-AR","potentialAction":[{"@type":"ReadAction","target":["https:\/\/ayore.org\/es\/cultura\/medicina\/cajoide-el-zorros-es-el-antidoto-para-las-picaduras-de-la-serpiente-de-cascabel\/"]}]},{"@type":"BreadcrumbList","@id":"https:\/\/ayore.org\/es\/cultura\/medicina\/cajoide-el-zorros-es-el-antidoto-para-las-picaduras-de-la-serpiente-de-cascabel\/#breadcrumb","itemListElement":[{"@type":"ListItem","position":1,"name":"Inicio","item":"https:\/\/ayore.org\/es\/"},{"@type":"ListItem","position":2,"name":"Cultura","item":"https:\/\/ayore.org\/es\/cultura\/"},{"@type":"ListItem","position":3,"name":"Medicina","item":"https:\/\/ayore.org\/es\/cultura\/medicina\/"},{"@type":"ListItem","position":4,"name":"Cajoide\u0301 &#8211; El zorro es el ant\u00eddoto para las mordeduras de la serpiente de Cascabel"}]},{"@type":"WebSite","@id":"https:\/\/ayore.org\/#website","url":"https:\/\/ayore.org\/","name":"AYORE.ORG","description":"Idioma, Cultura e Historia de la Tribu Ayor\u00e9","potentialAction":[{"@type":"SearchAction","target":{"@type":"EntryPoint","urlTemplate":"https:\/\/ayore.org\/?s={search_term_string}"},"query-input":{"@type":"PropertyValueSpecification","valueRequired":true,"valueName":"search_term_string"}}],"inLanguage":"es-AR"}]}},"_links":{"self":[{"href":"https:\/\/ayore.org\/es\/wp-json\/wp\/v2\/pages\/812","targetHints":{"allow":["GET"]}}],"collection":[{"href":"https:\/\/ayore.org\/es\/wp-json\/wp\/v2\/pages"}],"about":[{"href":"https:\/\/ayore.org\/es\/wp-json\/wp\/v2\/types\/page"}],"author":[{"embeddable":true,"href":"https:\/\/ayore.org\/es\/wp-json\/wp\/v2\/users\/2"}],"replies":[{"embeddable":true,"href":"https:\/\/ayore.org\/es\/wp-json\/wp\/v2\/comments?post=812"}],"version-history":[{"count":4,"href":"https:\/\/ayore.org\/es\/wp-json\/wp\/v2\/pages\/812\/revisions"}],"predecessor-version":[{"id":3136,"href":"https:\/\/ayore.org\/es\/wp-json\/wp\/v2\/pages\/812\/revisions\/3136"}],"up":[{"embeddable":true,"href":"https:\/\/ayore.org\/es\/wp-json\/wp\/v2\/pages\/290"}],"wp:attachment":[{"href":"https:\/\/ayore.org\/es\/wp-json\/wp\/v2\/media?parent=812"}],"curies":[{"name":"wp","href":"https:\/\/api.w.org\/{rel}","templated":true}]}}