{"id":608,"date":"2018-08-07T22:27:59","date_gmt":"2018-08-07T22:27:59","guid":{"rendered":"https:\/\/ayore.org\/?page_id=608"},"modified":"2019-02-27T02:15:19","modified_gmt":"2019-02-27T02:15:19","slug":"cajoide-invitacion-a-luchar-2","status":"publish","type":"page","link":"https:\/\/ayore.org\/es\/cultura\/juegos\/cajoide-invitacion-a-luchar-2\/","title":{"rendered":"Cajoide\u0301 &#8211; Invitaci\u00f3n a jugar con Palos Bifurcados"},"content":{"rendered":"<p><em>Paj\u00f1aminone &#8211; Piquiedie<\/em><\/p>\n<p><strong><span data-sheets-value=\"{&quot;1&quot;:2,&quot;2&quot;:&quot;Invitaci\u00f3n A Jugar Con Palos Bifurcados&quot;}\" data-sheets-userformat=\"{&quot;2&quot;:8403709,&quot;3&quot;:[null,0],&quot;5&quot;:{&quot;1&quot;:[{&quot;1&quot;:2,&quot;2&quot;:0,&quot;5&quot;:[null,2,13421772]},{&quot;1&quot;:0,&quot;2&quot;:0,&quot;3&quot;:3},{&quot;1&quot;:1,&quot;2&quot;:0,&quot;4&quot;:1}]},&quot;6&quot;:{&quot;1&quot;:[{&quot;1&quot;:2,&quot;2&quot;:0,&quot;5&quot;:[null,2,13421772]},{&quot;1&quot;:0,&quot;2&quot;:0,&quot;3&quot;:3},{&quot;1&quot;:1,&quot;2&quot;:0,&quot;4&quot;:1}]},&quot;7&quot;:{&quot;1&quot;:[{&quot;1&quot;:2,&quot;2&quot;:0,&quot;5&quot;:[null,2,13421772]},{&quot;1&quot;:0,&quot;2&quot;:0,&quot;3&quot;:3},{&quot;1&quot;:1,&quot;2&quot;:0,&quot;4&quot;:1}]},&quot;8&quot;:{&quot;1&quot;:[{&quot;1&quot;:2,&quot;2&quot;:0,&quot;5&quot;:[null,2,13421772]},{&quot;1&quot;:0,&quot;2&quot;:0,&quot;3&quot;:3},{&quot;1&quot;:1,&quot;2&quot;:0,&quot;4&quot;:1}]},&quot;9&quot;:0,&quot;10&quot;:2,&quot;12&quot;:0,&quot;14&quot;:[null,2,0],&quot;15&quot;:&quot;Calibri&quot;,&quot;16&quot;:11,&quot;26&quot;:400}\">Palos Bifurcados:<\/span><\/strong><\/p>\n<p>La invitaci\u00f3n para jugar es: &#8220;Hagan un palo con una bifurcaci\u00f3n para lanzar; vamos a tirarlos, y veamos qui\u00e9n gana&#8221;.<\/p>\n<p>Ellos apuestan con este juego. Hacen palos bifurcados alrededor del tama\u00f1o de la mano para jugar el juego. Es jugado entre los j\u00f3venes y los viejos. El palo es llamado:\u00a0 <em>imichiracua<\/em>. Y el palo es hecho de madera de \u00e1rboles descritos como <em>\u201curenie\u201d.<\/em> La parte m\u00e1s larga del palo en forma de honda es el mango. Se refieren a esta parte como el <em>isap\u00eddi<\/em>.\u00a0<em>Cajoid\u00e9<\/em> us\u00f3 el t\u00e9rmino <em>ore chajote<\/em> para describir c\u00f3mo se utilizar\u00eda el instrumento. Us\u00f3 el termino &#8216;<em>yimichig\u00e1coi jne&#8217;<\/em> para decir &#8216;<em>nosotros lo tiraremos&#8217;<\/em>. Algunas personas marcan su instrumento con el s\u00edmbolo que representa su clan. Esto ayuda en la identificaci\u00f3n de cual vara va m\u00e1s lejos y para volver a encontrar sus palos.<\/p>\n<p><em>Cajoide \u2013 Campo Loro, Paraguay \u2013 1985.<\/em><\/p>\n<p><em>Transcrito por: Maxine Morarie <\/em><\/p>\n<p><em>Traducido al espa\u00f1ol por: Julia Morarie<\/em><\/p>\n<div class=\"navigation\"><div class=\"alignleft\"><a href=\"https:\/\/ayore.org\/es\/cultura\/juegos\/cajoide-invitacion-a-luchar\/\"title=\"Cajoide\u0301 &#8211; Elegir una cruz\"><img loading=\"lazy\" decoding=\"async\" src=\"https:\/\/ayore.org\/wp-content\/uploads\/2018\/10\/left-arrow.png\" width=\"50\" height=\"48\" alt=\"left arrow\"><\/a><\/div><div class=\"alignright\"><a href=\"https:\/\/ayore.org\/es\/cultura\/juegos\/cajoide-invitacion-a-luchar-3\/\"title=\"Cajoide\u0301 &#8211; Invitaci\u00f3n a luchar\"><img loading=\"lazy\" decoding=\"async\" src=\"https:\/\/ayore.org\/wp-content\/uploads\/2018\/10\/right-arrow.png\" width=\"50\" height=\"48\" alt=\"right arrow\"><\/a><\/div>\n","protected":false},"excerpt":{"rendered":"<p>Paj\u00f1aminone &#8211; Piquiedie Palos Bifurcados: La invitaci\u00f3n para jugar es: &#8220;Hagan un palo con una bifurcaci\u00f3n para lanzar; vamos a tirarlos, y veamos qui\u00e9n gana&#8221;. Ellos apuestan con este juego. Hacen palos bifurcados alrededor del tama\u00f1o de la mano para<\/p>\n","protected":false},"author":2,"featured_media":0,"parent":288,"menu_order":0,"comment_status":"closed","ping_status":"closed","template":"","meta":{"footnotes":""},"class_list":["post-608","page","type-page","status-publish","hentry"],"yoast_head":"<!-- This site is optimized with the Yoast SEO plugin v27.4 - https:\/\/yoast.com\/product\/yoast-seo-wordpress\/ -->\n<title>Ayore\u0301 Juegos: Invitaci\u00f3n A Jugar Con Palos Bifurcados \u2022 Ayore.org<\/title>\n<meta name=\"robots\" content=\"index, follow, max-snippet:-1, max-image-preview:large, max-video-preview:-1\" \/>\n<link rel=\"canonical\" href=\"https:\/\/ayore.org\/es\/cultura\/juegos\/cajoide-invitacion-a-luchar-2\/\" \/>\n<meta property=\"og:locale\" content=\"es_ES\" \/>\n<meta property=\"og:type\" content=\"article\" \/>\n<meta property=\"og:title\" content=\"Ayore\u0301 Juegos: Invitaci\u00f3n A Jugar Con Palos Bifurcados \u2022 Ayore.org\" \/>\n<meta property=\"og:description\" content=\"Paj\u00f1aminone &#8211; Piquiedie Palos Bifurcados: La invitaci\u00f3n para jugar es: &#8220;Hagan un palo con una bifurcaci\u00f3n para lanzar; vamos a tirarlos, y veamos qui\u00e9n gana&#8221;. Ellos apuestan con este juego. Hacen palos bifurcados alrededor del tama\u00f1o de la mano para\" \/>\n<meta property=\"og:url\" content=\"https:\/\/ayore.org\/es\/cultura\/juegos\/cajoide-invitacion-a-luchar-2\/\" \/>\n<meta property=\"og:site_name\" content=\"AYORE.ORG\" \/>\n<meta property=\"article:modified_time\" content=\"2019-02-27T02:15:19+00:00\" \/>\n<meta name=\"twitter:card\" content=\"summary_large_image\" \/>\n<meta name=\"twitter:label1\" content=\"Tiempo de lectura\" \/>\n\t<meta name=\"twitter:data1\" content=\"1 minuto\" \/>\n<script type=\"application\/ld+json\" class=\"yoast-schema-graph\">{\"@context\":\"https:\\\/\\\/schema.org\",\"@graph\":[{\"@type\":\"WebPage\",\"@id\":\"https:\\\/\\\/ayore.org\\\/es\\\/cultura\\\/juegos\\\/cajoide-invitacion-a-luchar-2\\\/\",\"url\":\"https:\\\/\\\/ayore.org\\\/es\\\/cultura\\\/juegos\\\/cajoide-invitacion-a-luchar-2\\\/\",\"name\":\"Ayore\u0301 Juegos: Invitaci\u00f3n A Jugar Con Palos Bifurcados \u2022 Ayore.org\",\"isPartOf\":{\"@id\":\"https:\\\/\\\/ayore.org\\\/#website\"},\"datePublished\":\"2018-08-07T22:27:59+00:00\",\"dateModified\":\"2019-02-27T02:15:19+00:00\",\"breadcrumb\":{\"@id\":\"https:\\\/\\\/ayore.org\\\/es\\\/cultura\\\/juegos\\\/cajoide-invitacion-a-luchar-2\\\/#breadcrumb\"},\"inLanguage\":\"es-AR\",\"potentialAction\":[{\"@type\":\"ReadAction\",\"target\":[\"https:\\\/\\\/ayore.org\\\/es\\\/cultura\\\/juegos\\\/cajoide-invitacion-a-luchar-2\\\/\"]}]},{\"@type\":\"BreadcrumbList\",\"@id\":\"https:\\\/\\\/ayore.org\\\/es\\\/cultura\\\/juegos\\\/cajoide-invitacion-a-luchar-2\\\/#breadcrumb\",\"itemListElement\":[{\"@type\":\"ListItem\",\"position\":1,\"name\":\"Inicio\",\"item\":\"https:\\\/\\\/ayore.org\\\/es\\\/\"},{\"@type\":\"ListItem\",\"position\":2,\"name\":\"Cultura\",\"item\":\"https:\\\/\\\/ayore.org\\\/es\\\/cultura\\\/\"},{\"@type\":\"ListItem\",\"position\":3,\"name\":\"Juegos\",\"item\":\"https:\\\/\\\/ayore.org\\\/es\\\/cultura\\\/juegos\\\/\"},{\"@type\":\"ListItem\",\"position\":4,\"name\":\"Cajoide\u0301 &#8211; Invitaci\u00f3n a jugar con Palos Bifurcados\"}]},{\"@type\":\"WebSite\",\"@id\":\"https:\\\/\\\/ayore.org\\\/#website\",\"url\":\"https:\\\/\\\/ayore.org\\\/\",\"name\":\"AYORE.ORG\",\"description\":\"Idioma, Cultura e Historia de la Tribu Ayor\u00e9\",\"potentialAction\":[{\"@type\":\"SearchAction\",\"target\":{\"@type\":\"EntryPoint\",\"urlTemplate\":\"https:\\\/\\\/ayore.org\\\/?s={search_term_string}\"},\"query-input\":{\"@type\":\"PropertyValueSpecification\",\"valueRequired\":true,\"valueName\":\"search_term_string\"}}],\"inLanguage\":\"es-AR\"}]}<\/script>\n<!-- \/ Yoast SEO plugin. -->","yoast_head_json":{"title":"Ayore\u0301 Juegos: Invitaci\u00f3n A Jugar Con Palos Bifurcados \u2022 Ayore.org","robots":{"index":"index","follow":"follow","max-snippet":"max-snippet:-1","max-image-preview":"max-image-preview:large","max-video-preview":"max-video-preview:-1"},"canonical":"https:\/\/ayore.org\/es\/cultura\/juegos\/cajoide-invitacion-a-luchar-2\/","og_locale":"es_ES","og_type":"article","og_title":"Ayore\u0301 Juegos: Invitaci\u00f3n A Jugar Con Palos Bifurcados \u2022 Ayore.org","og_description":"Paj\u00f1aminone &#8211; Piquiedie Palos Bifurcados: La invitaci\u00f3n para jugar es: &#8220;Hagan un palo con una bifurcaci\u00f3n para lanzar; vamos a tirarlos, y veamos qui\u00e9n gana&#8221;. Ellos apuestan con este juego. Hacen palos bifurcados alrededor del tama\u00f1o de la mano para","og_url":"https:\/\/ayore.org\/es\/cultura\/juegos\/cajoide-invitacion-a-luchar-2\/","og_site_name":"AYORE.ORG","article_modified_time":"2019-02-27T02:15:19+00:00","twitter_card":"summary_large_image","twitter_misc":{"Tiempo de lectura":"1 minuto"},"schema":{"@context":"https:\/\/schema.org","@graph":[{"@type":"WebPage","@id":"https:\/\/ayore.org\/es\/cultura\/juegos\/cajoide-invitacion-a-luchar-2\/","url":"https:\/\/ayore.org\/es\/cultura\/juegos\/cajoide-invitacion-a-luchar-2\/","name":"Ayore\u0301 Juegos: Invitaci\u00f3n A Jugar Con Palos Bifurcados \u2022 Ayore.org","isPartOf":{"@id":"https:\/\/ayore.org\/#website"},"datePublished":"2018-08-07T22:27:59+00:00","dateModified":"2019-02-27T02:15:19+00:00","breadcrumb":{"@id":"https:\/\/ayore.org\/es\/cultura\/juegos\/cajoide-invitacion-a-luchar-2\/#breadcrumb"},"inLanguage":"es-AR","potentialAction":[{"@type":"ReadAction","target":["https:\/\/ayore.org\/es\/cultura\/juegos\/cajoide-invitacion-a-luchar-2\/"]}]},{"@type":"BreadcrumbList","@id":"https:\/\/ayore.org\/es\/cultura\/juegos\/cajoide-invitacion-a-luchar-2\/#breadcrumb","itemListElement":[{"@type":"ListItem","position":1,"name":"Inicio","item":"https:\/\/ayore.org\/es\/"},{"@type":"ListItem","position":2,"name":"Cultura","item":"https:\/\/ayore.org\/es\/cultura\/"},{"@type":"ListItem","position":3,"name":"Juegos","item":"https:\/\/ayore.org\/es\/cultura\/juegos\/"},{"@type":"ListItem","position":4,"name":"Cajoide\u0301 &#8211; Invitaci\u00f3n a jugar con Palos Bifurcados"}]},{"@type":"WebSite","@id":"https:\/\/ayore.org\/#website","url":"https:\/\/ayore.org\/","name":"AYORE.ORG","description":"Idioma, Cultura e Historia de la Tribu Ayor\u00e9","potentialAction":[{"@type":"SearchAction","target":{"@type":"EntryPoint","urlTemplate":"https:\/\/ayore.org\/?s={search_term_string}"},"query-input":{"@type":"PropertyValueSpecification","valueRequired":true,"valueName":"search_term_string"}}],"inLanguage":"es-AR"}]}},"_links":{"self":[{"href":"https:\/\/ayore.org\/es\/wp-json\/wp\/v2\/pages\/608","targetHints":{"allow":["GET"]}}],"collection":[{"href":"https:\/\/ayore.org\/es\/wp-json\/wp\/v2\/pages"}],"about":[{"href":"https:\/\/ayore.org\/es\/wp-json\/wp\/v2\/types\/page"}],"author":[{"embeddable":true,"href":"https:\/\/ayore.org\/es\/wp-json\/wp\/v2\/users\/2"}],"replies":[{"embeddable":true,"href":"https:\/\/ayore.org\/es\/wp-json\/wp\/v2\/comments?post=608"}],"version-history":[{"count":4,"href":"https:\/\/ayore.org\/es\/wp-json\/wp\/v2\/pages\/608\/revisions"}],"predecessor-version":[{"id":3114,"href":"https:\/\/ayore.org\/es\/wp-json\/wp\/v2\/pages\/608\/revisions\/3114"}],"up":[{"embeddable":true,"href":"https:\/\/ayore.org\/es\/wp-json\/wp\/v2\/pages\/288"}],"wp:attachment":[{"href":"https:\/\/ayore.org\/es\/wp-json\/wp\/v2\/media?parent=608"}],"curies":[{"name":"wp","href":"https:\/\/api.w.org\/{rel}","templated":true}]}}