{"id":604,"date":"2018-08-07T22:26:14","date_gmt":"2018-08-07T22:26:14","guid":{"rendered":"https:\/\/ayore.org\/?page_id=604"},"modified":"2019-02-27T02:01:07","modified_gmt":"2019-02-27T02:01:07","slug":"cajoide-invitacion-a-luchar","status":"publish","type":"page","link":"https:\/\/ayore.org\/es\/cultura\/juegos\/cajoide-invitacion-a-luchar\/","title":{"rendered":"Cajoide\u0301 &#8211; Elegir una cruz"},"content":{"rendered":"<p><em>Paj\u00f1aminone &#8211; Curesei<\/em><\/p>\n<p style=\"font-size: 16px;\"><strong>\u00a0<span data-sheets-value=\"{&quot;1&quot;:2,&quot;2&quot;:&quot;Elegir Una Cruz&quot;}\" data-sheets-userformat=\"{&quot;2&quot;:8403709,&quot;3&quot;:[null,0],&quot;5&quot;:{&quot;1&quot;:[{&quot;1&quot;:2,&quot;2&quot;:0,&quot;5&quot;:[null,2,13421772]},{&quot;1&quot;:0,&quot;2&quot;:0,&quot;3&quot;:3},{&quot;1&quot;:1,&quot;2&quot;:0,&quot;4&quot;:1}]},&quot;6&quot;:{&quot;1&quot;:[{&quot;1&quot;:2,&quot;2&quot;:0,&quot;5&quot;:[null,2,13421772]},{&quot;1&quot;:0,&quot;2&quot;:0,&quot;3&quot;:3},{&quot;1&quot;:1,&quot;2&quot;:0,&quot;4&quot;:1}]},&quot;7&quot;:{&quot;1&quot;:[{&quot;1&quot;:2,&quot;2&quot;:0,&quot;5&quot;:[null,2,13421772]},{&quot;1&quot;:0,&quot;2&quot;:0,&quot;3&quot;:3},{&quot;1&quot;:1,&quot;2&quot;:0,&quot;4&quot;:1}]},&quot;8&quot;:{&quot;1&quot;:[{&quot;1&quot;:2,&quot;2&quot;:0,&quot;5&quot;:[null,2,13421772]},{&quot;1&quot;:0,&quot;2&quot;:0,&quot;3&quot;:3},{&quot;1&quot;:1,&quot;2&quot;:0,&quot;4&quot;:1}]},&quot;9&quot;:0,&quot;10&quot;:2,&quot;12&quot;:0,&quot;14&quot;:[null,2,255],&quot;15&quot;:&quot;Calibri&quot;,&quot;16&quot;:11,&quot;26&quot;:400}\">Elegir Una Cruz<\/span><\/strong><\/p>\n<p>El juego se juega como un rele\u0301, con los hombres ma\u0301s maduros en un equipo y los ma\u0301s jo\u0301venes en otro. Se juega con dos cruces.<\/p>\n<p>As\u00ed es como comienza el juego:\u00a0 Los primeros dos hombres eligen una cruz. Levantan las cruces en el aire antes de tir\u00e1rlas a ver qu\u00e9 cruz va m\u00e1s lejos.<\/p>\n<p>Parece que este juego es jugado en grupos muy parecido al juego <em>Piquiedie<\/em> con la excepci\u00f3n que solo dos hombres juegan a la vez. El palo es formado como el <em>imichiracua<\/em>, pero tiene un tama\u00f1o como de un pie. (Para ilustrar esto, Cajoid\u00e9 ense\u00f1\u00f3 que la medida es como si fuera de la punta de sus dedos hasta arriba del codo.) Y luego \u00e9l dijo: <em>\u201c<\/em>Si la cruz de la persona va m\u00e1s all\u00e1 que la de su compa\u00f1ero entonces \u00e9l gana. Se le da un premio al ganador.\u201d<\/p>\n<p><em>Cajoide \u2013 Campo Loro, Paraguay \u2013 1985.<\/em><\/p>\n<p><em>Transcrito por: Maxine Morarie <\/em><\/p>\n<p><em>Traducido al espa\u00f1ol por: Julia Morarie<\/em><\/p>\n<div class=\"navigation\"><div class=\"alignleft\"><a href=\"https:\/\/ayore.org\/es\/cultura\/juegos\/\"title=\"Juegos\"><img loading=\"lazy\" decoding=\"async\" src=\"https:\/\/ayore.org\/wp-content\/uploads\/2018\/10\/left-arrow.png\" width=\"50\" height=\"48\" alt=\"left arrow\"><\/a><\/div><div class=\"alignright\"><a href=\"https:\/\/ayore.org\/es\/cultura\/juegos\/cajoide-invitacion-a-luchar-2\/\"title=\"Cajoide\u0301 &#8211; Invitaci\u00f3n a jugar con Palos Bifurcados\"><img loading=\"lazy\" decoding=\"async\" src=\"https:\/\/ayore.org\/wp-content\/uploads\/2018\/10\/right-arrow.png\" width=\"50\" height=\"48\" alt=\"right arrow\"><\/a><\/div>\n","protected":false},"excerpt":{"rendered":"<p>Paj\u00f1aminone &#8211; Curesei \u00a0Elegir Una Cruz El juego se juega como un rele\u0301, con los hombres ma\u0301s maduros en un equipo y los ma\u0301s jo\u0301venes en otro. Se juega con dos cruces. As\u00ed es como comienza el juego:\u00a0 Los primeros<\/p>\n","protected":false},"author":2,"featured_media":0,"parent":288,"menu_order":0,"comment_status":"closed","ping_status":"closed","template":"","meta":{"footnotes":""},"class_list":["post-604","page","type-page","status-publish","hentry"],"yoast_head":"<!-- This site is optimized with the Yoast SEO plugin v27.4 - https:\/\/yoast.com\/product\/yoast-seo-wordpress\/ -->\n<title>Ayore\u0301 Juegos: Elegir Una Cruz \u2022 Ayore.org<\/title>\n<meta name=\"robots\" content=\"index, follow, max-snippet:-1, max-image-preview:large, max-video-preview:-1\" \/>\n<link rel=\"canonical\" href=\"https:\/\/ayore.org\/es\/cultura\/juegos\/cajoide-invitacion-a-luchar\/\" \/>\n<meta property=\"og:locale\" content=\"es_ES\" \/>\n<meta property=\"og:type\" content=\"article\" \/>\n<meta property=\"og:title\" content=\"Ayore\u0301 Juegos: Elegir Una Cruz \u2022 Ayore.org\" \/>\n<meta property=\"og:description\" content=\"Paj\u00f1aminone &#8211; Curesei \u00a0Elegir Una Cruz El juego se juega como un rele\u0301, con los hombres ma\u0301s maduros en un equipo y los ma\u0301s jo\u0301venes en otro. Se juega con dos cruces. As\u00ed es como comienza el juego:\u00a0 Los primeros\" \/>\n<meta property=\"og:url\" content=\"https:\/\/ayore.org\/es\/cultura\/juegos\/cajoide-invitacion-a-luchar\/\" \/>\n<meta property=\"og:site_name\" content=\"AYORE.ORG\" \/>\n<meta property=\"article:modified_time\" content=\"2019-02-27T02:01:07+00:00\" \/>\n<meta name=\"twitter:card\" content=\"summary_large_image\" \/>\n<meta name=\"twitter:label1\" content=\"Tiempo de lectura\" \/>\n\t<meta name=\"twitter:data1\" content=\"1 minuto\" \/>\n<script type=\"application\/ld+json\" class=\"yoast-schema-graph\">{\"@context\":\"https:\\\/\\\/schema.org\",\"@graph\":[{\"@type\":\"WebPage\",\"@id\":\"https:\\\/\\\/ayore.org\\\/es\\\/cultura\\\/juegos\\\/cajoide-invitacion-a-luchar\\\/\",\"url\":\"https:\\\/\\\/ayore.org\\\/es\\\/cultura\\\/juegos\\\/cajoide-invitacion-a-luchar\\\/\",\"name\":\"Ayore\u0301 Juegos: Elegir Una Cruz \u2022 Ayore.org\",\"isPartOf\":{\"@id\":\"https:\\\/\\\/ayore.org\\\/#website\"},\"datePublished\":\"2018-08-07T22:26:14+00:00\",\"dateModified\":\"2019-02-27T02:01:07+00:00\",\"breadcrumb\":{\"@id\":\"https:\\\/\\\/ayore.org\\\/es\\\/cultura\\\/juegos\\\/cajoide-invitacion-a-luchar\\\/#breadcrumb\"},\"inLanguage\":\"es-AR\",\"potentialAction\":[{\"@type\":\"ReadAction\",\"target\":[\"https:\\\/\\\/ayore.org\\\/es\\\/cultura\\\/juegos\\\/cajoide-invitacion-a-luchar\\\/\"]}]},{\"@type\":\"BreadcrumbList\",\"@id\":\"https:\\\/\\\/ayore.org\\\/es\\\/cultura\\\/juegos\\\/cajoide-invitacion-a-luchar\\\/#breadcrumb\",\"itemListElement\":[{\"@type\":\"ListItem\",\"position\":1,\"name\":\"Inicio\",\"item\":\"https:\\\/\\\/ayore.org\\\/es\\\/\"},{\"@type\":\"ListItem\",\"position\":2,\"name\":\"Cultura\",\"item\":\"https:\\\/\\\/ayore.org\\\/es\\\/cultura\\\/\"},{\"@type\":\"ListItem\",\"position\":3,\"name\":\"Juegos\",\"item\":\"https:\\\/\\\/ayore.org\\\/es\\\/cultura\\\/juegos\\\/\"},{\"@type\":\"ListItem\",\"position\":4,\"name\":\"Cajoide\u0301 &#8211; Elegir una cruz\"}]},{\"@type\":\"WebSite\",\"@id\":\"https:\\\/\\\/ayore.org\\\/#website\",\"url\":\"https:\\\/\\\/ayore.org\\\/\",\"name\":\"AYORE.ORG\",\"description\":\"Idioma, Cultura e Historia de la Tribu Ayor\u00e9\",\"potentialAction\":[{\"@type\":\"SearchAction\",\"target\":{\"@type\":\"EntryPoint\",\"urlTemplate\":\"https:\\\/\\\/ayore.org\\\/?s={search_term_string}\"},\"query-input\":{\"@type\":\"PropertyValueSpecification\",\"valueRequired\":true,\"valueName\":\"search_term_string\"}}],\"inLanguage\":\"es-AR\"}]}<\/script>\n<!-- \/ Yoast SEO plugin. -->","yoast_head_json":{"title":"Ayore\u0301 Juegos: Elegir Una Cruz \u2022 Ayore.org","robots":{"index":"index","follow":"follow","max-snippet":"max-snippet:-1","max-image-preview":"max-image-preview:large","max-video-preview":"max-video-preview:-1"},"canonical":"https:\/\/ayore.org\/es\/cultura\/juegos\/cajoide-invitacion-a-luchar\/","og_locale":"es_ES","og_type":"article","og_title":"Ayore\u0301 Juegos: Elegir Una Cruz \u2022 Ayore.org","og_description":"Paj\u00f1aminone &#8211; Curesei \u00a0Elegir Una Cruz El juego se juega como un rele\u0301, con los hombres ma\u0301s maduros en un equipo y los ma\u0301s jo\u0301venes en otro. Se juega con dos cruces. As\u00ed es como comienza el juego:\u00a0 Los primeros","og_url":"https:\/\/ayore.org\/es\/cultura\/juegos\/cajoide-invitacion-a-luchar\/","og_site_name":"AYORE.ORG","article_modified_time":"2019-02-27T02:01:07+00:00","twitter_card":"summary_large_image","twitter_misc":{"Tiempo de lectura":"1 minuto"},"schema":{"@context":"https:\/\/schema.org","@graph":[{"@type":"WebPage","@id":"https:\/\/ayore.org\/es\/cultura\/juegos\/cajoide-invitacion-a-luchar\/","url":"https:\/\/ayore.org\/es\/cultura\/juegos\/cajoide-invitacion-a-luchar\/","name":"Ayore\u0301 Juegos: Elegir Una Cruz \u2022 Ayore.org","isPartOf":{"@id":"https:\/\/ayore.org\/#website"},"datePublished":"2018-08-07T22:26:14+00:00","dateModified":"2019-02-27T02:01:07+00:00","breadcrumb":{"@id":"https:\/\/ayore.org\/es\/cultura\/juegos\/cajoide-invitacion-a-luchar\/#breadcrumb"},"inLanguage":"es-AR","potentialAction":[{"@type":"ReadAction","target":["https:\/\/ayore.org\/es\/cultura\/juegos\/cajoide-invitacion-a-luchar\/"]}]},{"@type":"BreadcrumbList","@id":"https:\/\/ayore.org\/es\/cultura\/juegos\/cajoide-invitacion-a-luchar\/#breadcrumb","itemListElement":[{"@type":"ListItem","position":1,"name":"Inicio","item":"https:\/\/ayore.org\/es\/"},{"@type":"ListItem","position":2,"name":"Cultura","item":"https:\/\/ayore.org\/es\/cultura\/"},{"@type":"ListItem","position":3,"name":"Juegos","item":"https:\/\/ayore.org\/es\/cultura\/juegos\/"},{"@type":"ListItem","position":4,"name":"Cajoide\u0301 &#8211; Elegir una cruz"}]},{"@type":"WebSite","@id":"https:\/\/ayore.org\/#website","url":"https:\/\/ayore.org\/","name":"AYORE.ORG","description":"Idioma, Cultura e Historia de la Tribu Ayor\u00e9","potentialAction":[{"@type":"SearchAction","target":{"@type":"EntryPoint","urlTemplate":"https:\/\/ayore.org\/?s={search_term_string}"},"query-input":{"@type":"PropertyValueSpecification","valueRequired":true,"valueName":"search_term_string"}}],"inLanguage":"es-AR"}]}},"_links":{"self":[{"href":"https:\/\/ayore.org\/es\/wp-json\/wp\/v2\/pages\/604","targetHints":{"allow":["GET"]}}],"collection":[{"href":"https:\/\/ayore.org\/es\/wp-json\/wp\/v2\/pages"}],"about":[{"href":"https:\/\/ayore.org\/es\/wp-json\/wp\/v2\/types\/page"}],"author":[{"embeddable":true,"href":"https:\/\/ayore.org\/es\/wp-json\/wp\/v2\/users\/2"}],"replies":[{"embeddable":true,"href":"https:\/\/ayore.org\/es\/wp-json\/wp\/v2\/comments?post=604"}],"version-history":[{"count":5,"href":"https:\/\/ayore.org\/es\/wp-json\/wp\/v2\/pages\/604\/revisions"}],"predecessor-version":[{"id":3108,"href":"https:\/\/ayore.org\/es\/wp-json\/wp\/v2\/pages\/604\/revisions\/3108"}],"up":[{"embeddable":true,"href":"https:\/\/ayore.org\/es\/wp-json\/wp\/v2\/pages\/288"}],"wp:attachment":[{"href":"https:\/\/ayore.org\/es\/wp-json\/wp\/v2\/media?parent=604"}],"curies":[{"name":"wp","href":"https:\/\/api.w.org\/{rel}","templated":true}]}}