{"id":601,"date":"2018-08-07T22:12:58","date_gmt":"2018-08-07T22:12:58","guid":{"rendered":"https:\/\/ayore.org\/?page_id=601"},"modified":"2019-03-05T20:24:21","modified_gmt":"2019-03-05T20:24:21","slug":"voy-a-encontrarlos-un-nuevo-papa","status":"publish","type":"page","link":"https:\/\/ayore.org\/es\/cultura\/canciones-nativas\/voy-a-encontrarlos-un-nuevo-papa\/","title":{"rendered":"Une\u0301redate\u0301 &#8211; Maldecire\u0301 a aguien y hare\u0301 otro padre para mis hijos"},"content":{"rendered":"<p><em>Une\u0301redate\u0301 chedo jnacare ga\u0301reode<\/em><\/p>\n<p><strong><em>Un\u00e9redat\u00e9 canta acerca de dos hombres j\u00f3venes:<\/em><\/strong><\/p>\n<p>Voy a cantar:<\/p>\n<p>Voy a maldecir a alguien y hacer otro padre para mis hijos. Pero no digo la verdad.<\/p>\n<p>Asi\u0301 har\u00e9 otro. Cuando los hombres van a cazar miel, cuando est\u00e1n all\u00ed lejos, volver\u00e1n otro d\u00eda y ver\u00e1n que uno de ellos tendr\u00e1 gas intestinal y morir\u00e1, mientras los otros vivir\u00e1n.<\/p>\n<p>Y est\u00e1 muy triste porque su marido muri\u00f3 y ella mira hacia abajo (en su pena).<\/p>\n<p>Cuando era de noche ella llam\u00f3 al joven llamado <em>Guid\u00e1bi.<\/em><\/p>\n<p>Ella dijo a sus hijos: &#8220;Qu\u00e9danse aqu\u00ed. Voy a <em>Guid\u00e1bi<\/em>. Voy directamente all\u00ed. \u00bfPodr\u00eda un joven negarme?<\/p>\n<p><em>Guid\u00e1bi<\/em> le dijo: \u201c<em>Uneredat\u00e9<\/em>, sabes que tengo una esposa en el pueblo, pero puedes dormir conmigo esta noche\u201d.<\/p>\n<p>Otro dice: &#8220;No quiero tener nada que ver con <em>Uneredat\u00e9<\/em>, porque no quiero una esposa&#8221;. <em>Edoguesaide<\/em> estaba cansado de <em>Uneredat\u00e9<\/em>.<\/p>\n<p><em>Uneredat\u00e9<\/em> dijo: &#8220;<em>Edoguesaide<\/em>, est\u00e1s mintiendo. Ninguno de ustedes, hombres j\u00f3venes, pueden rechazarme&#8221; .<\/p>\n<p>Mientras cantaba <em>Uneredat\u00e9<\/em>, mir\u00f3 a sus hijos. Ten\u00edan hambre, as\u00ed que <em>Uneredat\u00e9<\/em> fue a cazar miel. Sus hijos se quedaron en el pueblo. Encontr\u00f3 miel y algunas tortugas, y se las llev\u00f3 de regreso a ellas. Mientras regresaba, comenz\u00f3 a extra\u00f1ar a su esposo y comenz\u00f3 a llorar, pensando para s\u00ed misma que las mujeres con esposos no tienen que cazar miel. No salen a cazar en la selva. Entonces ella comenz\u00f3 a llorar de nuevo.<\/p>\n<p><em>Une\u0301redate\u0301 \u2013 Tobite\u0301, Bolivia \u2013 1965<\/em><\/p>\n<p><em>Traducido al espa\u00f1ol por: Maxine Morarie.\u00a0\u00a0\u00a0\u00a0\u00a0\u00a0 <\/em><\/p>\n<p><em>Transcrito por: Joyce Davis Buchegger.<\/em><\/p>\n<div class=\"navigation\"><div class=\"alignleft\"><a href=\"https:\/\/ayore.org\/es\/cultura\/canciones-nativas\/vete-no-dormire-contigo\/\"title=\"Ubuchu\u0301a &#8211; Vete, no dormir\u00e9 contigo\"><img loading=\"lazy\" decoding=\"async\" src=\"https:\/\/ayore.org\/wp-content\/uploads\/2018\/10\/left-arrow.png\" width=\"50\" height=\"48\" alt=\"left arrow\"><\/a><\/div><div class=\"alignright\"><a href=\"https:\/\/ayore.org\/es\/cultura\/canciones-nativas\/canciones-voy-a-cantar-un-poco\/\"title=\"Canciones \u2013 Voy a cantar un poco\"><img loading=\"lazy\" decoding=\"async\" src=\"https:\/\/ayore.org\/wp-content\/uploads\/2018\/10\/right-arrow.png\" width=\"50\" height=\"48\" alt=\"right arrow\"><\/a><\/div>\n","protected":false},"excerpt":{"rendered":"<p>Une\u0301redate\u0301 chedo jnacare ga\u0301reode Un\u00e9redat\u00e9 canta acerca de dos hombres j\u00f3venes: Voy a cantar: Voy a maldecir a alguien y hacer otro padre para mis hijos. Pero no digo la verdad. Asi\u0301 har\u00e9 otro. Cuando los hombres van a cazar<\/p>\n","protected":false},"author":2,"featured_media":0,"parent":292,"menu_order":0,"comment_status":"closed","ping_status":"closed","template":"","meta":{"footnotes":""},"class_list":["post-601","page","type-page","status-publish","hentry"],"yoast_head":"<!-- This site is optimized with the Yoast SEO plugin v27.4 - https:\/\/yoast.com\/product\/yoast-seo-wordpress\/ -->\n<title>Ayore\u0301 Canci\u00f3n: Voy A Encontrarlos Un Nuevo Pap\u00e1 \u2022 Ayore.org<\/title>\n<meta name=\"robots\" content=\"index, follow, max-snippet:-1, max-image-preview:large, max-video-preview:-1\" \/>\n<link rel=\"canonical\" href=\"https:\/\/ayore.org\/es\/cultura\/canciones-nativas\/voy-a-encontrarlos-un-nuevo-papa\/\" \/>\n<meta property=\"og:locale\" content=\"es_ES\" \/>\n<meta property=\"og:type\" content=\"article\" \/>\n<meta property=\"og:title\" content=\"Ayore\u0301 Canci\u00f3n: Voy A Encontrarlos Un Nuevo Pap\u00e1 \u2022 Ayore.org\" \/>\n<meta property=\"og:description\" content=\"Une\u0301redate\u0301 chedo jnacare ga\u0301reode Un\u00e9redat\u00e9 canta acerca de dos hombres j\u00f3venes: Voy a cantar: Voy a maldecir a alguien y hacer otro padre para mis hijos. Pero no digo la verdad. Asi\u0301 har\u00e9 otro. Cuando los hombres van a cazar\" \/>\n<meta property=\"og:url\" content=\"https:\/\/ayore.org\/es\/cultura\/canciones-nativas\/voy-a-encontrarlos-un-nuevo-papa\/\" \/>\n<meta property=\"og:site_name\" content=\"AYORE.ORG\" \/>\n<meta property=\"article:modified_time\" content=\"2019-03-05T20:24:21+00:00\" \/>\n<meta name=\"twitter:card\" content=\"summary_large_image\" \/>\n<meta name=\"twitter:label1\" content=\"Tiempo de lectura\" \/>\n\t<meta name=\"twitter:data1\" content=\"1 minuto\" \/>\n<script type=\"application\/ld+json\" class=\"yoast-schema-graph\">{\"@context\":\"https:\\\/\\\/schema.org\",\"@graph\":[{\"@type\":\"WebPage\",\"@id\":\"https:\\\/\\\/ayore.org\\\/es\\\/cultura\\\/canciones-nativas\\\/voy-a-encontrarlos-un-nuevo-papa\\\/\",\"url\":\"https:\\\/\\\/ayore.org\\\/es\\\/cultura\\\/canciones-nativas\\\/voy-a-encontrarlos-un-nuevo-papa\\\/\",\"name\":\"Ayore\u0301 Canci\u00f3n: Voy A Encontrarlos Un Nuevo Pap\u00e1 \u2022 Ayore.org\",\"isPartOf\":{\"@id\":\"https:\\\/\\\/ayore.org\\\/#website\"},\"datePublished\":\"2018-08-07T22:12:58+00:00\",\"dateModified\":\"2019-03-05T20:24:21+00:00\",\"breadcrumb\":{\"@id\":\"https:\\\/\\\/ayore.org\\\/es\\\/cultura\\\/canciones-nativas\\\/voy-a-encontrarlos-un-nuevo-papa\\\/#breadcrumb\"},\"inLanguage\":\"es-AR\",\"potentialAction\":[{\"@type\":\"ReadAction\",\"target\":[\"https:\\\/\\\/ayore.org\\\/es\\\/cultura\\\/canciones-nativas\\\/voy-a-encontrarlos-un-nuevo-papa\\\/\"]}]},{\"@type\":\"BreadcrumbList\",\"@id\":\"https:\\\/\\\/ayore.org\\\/es\\\/cultura\\\/canciones-nativas\\\/voy-a-encontrarlos-un-nuevo-papa\\\/#breadcrumb\",\"itemListElement\":[{\"@type\":\"ListItem\",\"position\":1,\"name\":\"Inicio\",\"item\":\"https:\\\/\\\/ayore.org\\\/es\\\/\"},{\"@type\":\"ListItem\",\"position\":2,\"name\":\"Cultura\",\"item\":\"https:\\\/\\\/ayore.org\\\/es\\\/cultura\\\/\"},{\"@type\":\"ListItem\",\"position\":3,\"name\":\"Canciones Nativas\",\"item\":\"https:\\\/\\\/ayore.org\\\/es\\\/cultura\\\/canciones-nativas\\\/\"},{\"@type\":\"ListItem\",\"position\":4,\"name\":\"Une\u0301redate\u0301 &#8211; Maldecire\u0301 a aguien y hare\u0301 otro padre para mis hijos\"}]},{\"@type\":\"WebSite\",\"@id\":\"https:\\\/\\\/ayore.org\\\/#website\",\"url\":\"https:\\\/\\\/ayore.org\\\/\",\"name\":\"AYORE.ORG\",\"description\":\"Idioma, Cultura e Historia de la Tribu Ayor\u00e9\",\"potentialAction\":[{\"@type\":\"SearchAction\",\"target\":{\"@type\":\"EntryPoint\",\"urlTemplate\":\"https:\\\/\\\/ayore.org\\\/?s={search_term_string}\"},\"query-input\":{\"@type\":\"PropertyValueSpecification\",\"valueRequired\":true,\"valueName\":\"search_term_string\"}}],\"inLanguage\":\"es-AR\"}]}<\/script>\n<!-- \/ Yoast SEO plugin. -->","yoast_head_json":{"title":"Ayore\u0301 Canci\u00f3n: Voy A Encontrarlos Un Nuevo Pap\u00e1 \u2022 Ayore.org","robots":{"index":"index","follow":"follow","max-snippet":"max-snippet:-1","max-image-preview":"max-image-preview:large","max-video-preview":"max-video-preview:-1"},"canonical":"https:\/\/ayore.org\/es\/cultura\/canciones-nativas\/voy-a-encontrarlos-un-nuevo-papa\/","og_locale":"es_ES","og_type":"article","og_title":"Ayore\u0301 Canci\u00f3n: Voy A Encontrarlos Un Nuevo Pap\u00e1 \u2022 Ayore.org","og_description":"Une\u0301redate\u0301 chedo jnacare ga\u0301reode Un\u00e9redat\u00e9 canta acerca de dos hombres j\u00f3venes: Voy a cantar: Voy a maldecir a alguien y hacer otro padre para mis hijos. Pero no digo la verdad. Asi\u0301 har\u00e9 otro. Cuando los hombres van a cazar","og_url":"https:\/\/ayore.org\/es\/cultura\/canciones-nativas\/voy-a-encontrarlos-un-nuevo-papa\/","og_site_name":"AYORE.ORG","article_modified_time":"2019-03-05T20:24:21+00:00","twitter_card":"summary_large_image","twitter_misc":{"Tiempo de lectura":"1 minuto"},"schema":{"@context":"https:\/\/schema.org","@graph":[{"@type":"WebPage","@id":"https:\/\/ayore.org\/es\/cultura\/canciones-nativas\/voy-a-encontrarlos-un-nuevo-papa\/","url":"https:\/\/ayore.org\/es\/cultura\/canciones-nativas\/voy-a-encontrarlos-un-nuevo-papa\/","name":"Ayore\u0301 Canci\u00f3n: Voy A Encontrarlos Un Nuevo Pap\u00e1 \u2022 Ayore.org","isPartOf":{"@id":"https:\/\/ayore.org\/#website"},"datePublished":"2018-08-07T22:12:58+00:00","dateModified":"2019-03-05T20:24:21+00:00","breadcrumb":{"@id":"https:\/\/ayore.org\/es\/cultura\/canciones-nativas\/voy-a-encontrarlos-un-nuevo-papa\/#breadcrumb"},"inLanguage":"es-AR","potentialAction":[{"@type":"ReadAction","target":["https:\/\/ayore.org\/es\/cultura\/canciones-nativas\/voy-a-encontrarlos-un-nuevo-papa\/"]}]},{"@type":"BreadcrumbList","@id":"https:\/\/ayore.org\/es\/cultura\/canciones-nativas\/voy-a-encontrarlos-un-nuevo-papa\/#breadcrumb","itemListElement":[{"@type":"ListItem","position":1,"name":"Inicio","item":"https:\/\/ayore.org\/es\/"},{"@type":"ListItem","position":2,"name":"Cultura","item":"https:\/\/ayore.org\/es\/cultura\/"},{"@type":"ListItem","position":3,"name":"Canciones Nativas","item":"https:\/\/ayore.org\/es\/cultura\/canciones-nativas\/"},{"@type":"ListItem","position":4,"name":"Une\u0301redate\u0301 &#8211; Maldecire\u0301 a aguien y hare\u0301 otro padre para mis hijos"}]},{"@type":"WebSite","@id":"https:\/\/ayore.org\/#website","url":"https:\/\/ayore.org\/","name":"AYORE.ORG","description":"Idioma, Cultura e Historia de la Tribu Ayor\u00e9","potentialAction":[{"@type":"SearchAction","target":{"@type":"EntryPoint","urlTemplate":"https:\/\/ayore.org\/?s={search_term_string}"},"query-input":{"@type":"PropertyValueSpecification","valueRequired":true,"valueName":"search_term_string"}}],"inLanguage":"es-AR"}]}},"_links":{"self":[{"href":"https:\/\/ayore.org\/es\/wp-json\/wp\/v2\/pages\/601","targetHints":{"allow":["GET"]}}],"collection":[{"href":"https:\/\/ayore.org\/es\/wp-json\/wp\/v2\/pages"}],"about":[{"href":"https:\/\/ayore.org\/es\/wp-json\/wp\/v2\/types\/page"}],"author":[{"embeddable":true,"href":"https:\/\/ayore.org\/es\/wp-json\/wp\/v2\/users\/2"}],"replies":[{"embeddable":true,"href":"https:\/\/ayore.org\/es\/wp-json\/wp\/v2\/comments?post=601"}],"version-history":[{"count":5,"href":"https:\/\/ayore.org\/es\/wp-json\/wp\/v2\/pages\/601\/revisions"}],"predecessor-version":[{"id":3310,"href":"https:\/\/ayore.org\/es\/wp-json\/wp\/v2\/pages\/601\/revisions\/3310"}],"up":[{"embeddable":true,"href":"https:\/\/ayore.org\/es\/wp-json\/wp\/v2\/pages\/292"}],"wp:attachment":[{"href":"https:\/\/ayore.org\/es\/wp-json\/wp\/v2\/media?parent=601"}],"curies":[{"name":"wp","href":"https:\/\/api.w.org\/{rel}","templated":true}]}}