{"id":598,"date":"2018-08-07T22:10:19","date_gmt":"2018-08-07T22:10:19","guid":{"rendered":"https:\/\/ayore.org\/?page_id=598"},"modified":"2019-03-05T05:48:09","modified_gmt":"2019-03-05T05:48:09","slug":"vete-no-dormire-contigo","status":"publish","type":"page","link":"https:\/\/ayore.org\/es\/cultura\/canciones-nativas\/vete-no-dormire-contigo\/","title":{"rendered":"Ubuchu\u0301a &#8211; Vete, no dormir\u00e9 contigo"},"content":{"rendered":"<p><em>Ubuchu\u0301a chedo Cojn\u0303oi<\/em><\/p>\n<p><em><strong>Ubuch\u00faa canta sobre Coj\u00f1oi:<\/strong><\/em><\/p>\n<p><em>(Coj\u00f1oi, cuyo nombre quiere decir gente blanca, fue llevado cautivo cuando ten\u00eda unos 10 a\u00f1os y se crio con los ayoreos.)<\/em><\/p>\n<p><em>Coj\u00f1oi <\/em>vino a m\u00ed en la noche. \u00c9l dijo: &#8220;<em>Ubuch\u00faa<\/em>, duerme conmigo.\u201d<\/p>\n<p>Pero yo no quer\u00eda. Yo dije: \u201cVete. No voy a dormir contigo\u201d.<\/p>\n<p><em>Coj\u00f1oi <\/em>dijo: &#8220;Pues, duerme conmigo. Duermes con otros jovenes como yo, asi\u0301 que ven conmigo&#8221;.<\/p>\n<p>&#8220;No voy a dormir contigo, porque tu eres un blanco. La gente va a decir que me acuesto con <em>los coj\u00f1one<\/em> (los blancos)\u201d.<\/p>\n<p>Pero \u00e9l sigui\u00f3 adelante y me abraz\u00f3, pero yo no quize aceptarle. Yo dije: \u201cVoy a ir con los Cochocoigosode. Ire\u0301 a sus campamentos.\u201d<\/p>\n<p><em>Caje\u0301rode<\/em> vino a m\u00ed y me dijo: \u201c<em>Ubuch\u00faa<\/em>, ven conmigo al campamento y se mi esposa.\u201d<\/p>\n<p>Pero yo no quer\u00eda estar con \u00e9l y llor\u00e9. As\u00ed que \u00e9l me dej\u00f3. Yo dije: &#8220;Yo no quiero a alguien que tiene hijos. Me habr\u00eda ido contigo si no tuvieras hijos&#8221;.<\/p>\n<p><em>Ubuchu\u0301a \u2013 Tobite\u0301, Bolivia \u2013 1965<\/em><\/p>\n<p><em>Traducido al espa\u00f1ol por: Maxine Morarie.\u00a0\u00a0\u00a0\u00a0\u00a0\u00a0 <\/em><\/p>\n<p><em>Transcrito por: Joyce Davis Buchegger<\/em>.<\/p>\n<div class=\"navigation\"><div class=\"alignleft\"><a href=\"https:\/\/ayore.org\/es\/cultura\/canciones-nativas\/vi-las-lagrimas-cayendo-de-tus-ojos\/\"title=\"Taje\u0301rogue\u0301 &#8211; Vi las l\u00e1grimas cayendo de tus ojos\"><img loading=\"lazy\" decoding=\"async\" src=\"https:\/\/ayore.org\/wp-content\/uploads\/2018\/10\/left-arrow.png\" width=\"50\" height=\"48\" alt=\"left arrow\"><\/a><\/div><div class=\"alignright\"><a href=\"https:\/\/ayore.org\/es\/cultura\/canciones-nativas\/voy-a-encontrarlos-un-nuevo-papa\/\"title=\"Une\u0301redate\u0301 &#8211; Maldecire\u0301 a aguien y hare\u0301 otro padre para mis hijos\"><img loading=\"lazy\" decoding=\"async\" src=\"https:\/\/ayore.org\/wp-content\/uploads\/2018\/10\/right-arrow.png\" width=\"50\" height=\"48\" alt=\"right arrow\"><\/a><\/div>\n","protected":false},"excerpt":{"rendered":"<p>Ubuchu\u0301a chedo Cojn\u0303oi Ubuch\u00faa canta sobre Coj\u00f1oi: (Coj\u00f1oi, cuyo nombre quiere decir gente blanca, fue llevado cautivo cuando ten\u00eda unos 10 a\u00f1os y se crio con los ayoreos.) Coj\u00f1oi vino a m\u00ed en la noche. \u00c9l dijo: &#8220;Ubuch\u00faa, duerme conmigo.\u201d<\/p>\n","protected":false},"author":2,"featured_media":0,"parent":292,"menu_order":0,"comment_status":"closed","ping_status":"closed","template":"","meta":{"footnotes":""},"class_list":["post-598","page","type-page","status-publish","hentry"],"yoast_head":"<!-- This site is optimized with the Yoast SEO plugin v27.4 - https:\/\/yoast.com\/product\/yoast-seo-wordpress\/ -->\n<title>Ayore\u0301 Canci\u00f3n: Vete, No Dormir\u00e9 Contigo \u2022 Ayore.org<\/title>\n<meta name=\"robots\" content=\"index, follow, max-snippet:-1, max-image-preview:large, max-video-preview:-1\" \/>\n<link rel=\"canonical\" href=\"https:\/\/ayore.org\/es\/cultura\/canciones-nativas\/vete-no-dormire-contigo\/\" \/>\n<meta property=\"og:locale\" content=\"es_ES\" \/>\n<meta property=\"og:type\" content=\"article\" \/>\n<meta property=\"og:title\" content=\"Ayore\u0301 Canci\u00f3n: Vete, No Dormir\u00e9 Contigo \u2022 Ayore.org\" \/>\n<meta property=\"og:description\" content=\"Ubuchu\u0301a chedo Cojn\u0303oi Ubuch\u00faa canta sobre Coj\u00f1oi: (Coj\u00f1oi, cuyo nombre quiere decir gente blanca, fue llevado cautivo cuando ten\u00eda unos 10 a\u00f1os y se crio con los ayoreos.) Coj\u00f1oi vino a m\u00ed en la noche. \u00c9l dijo: &#8220;Ubuch\u00faa, duerme conmigo.\u201d\" \/>\n<meta property=\"og:url\" content=\"https:\/\/ayore.org\/es\/cultura\/canciones-nativas\/vete-no-dormire-contigo\/\" \/>\n<meta property=\"og:site_name\" content=\"AYORE.ORG\" \/>\n<meta property=\"article:modified_time\" content=\"2019-03-05T05:48:09+00:00\" \/>\n<meta name=\"twitter:card\" content=\"summary_large_image\" \/>\n<meta name=\"twitter:label1\" content=\"Tiempo de lectura\" \/>\n\t<meta name=\"twitter:data1\" content=\"1 minuto\" \/>\n<script type=\"application\/ld+json\" class=\"yoast-schema-graph\">{\"@context\":\"https:\\\/\\\/schema.org\",\"@graph\":[{\"@type\":\"WebPage\",\"@id\":\"https:\\\/\\\/ayore.org\\\/es\\\/cultura\\\/canciones-nativas\\\/vete-no-dormire-contigo\\\/\",\"url\":\"https:\\\/\\\/ayore.org\\\/es\\\/cultura\\\/canciones-nativas\\\/vete-no-dormire-contigo\\\/\",\"name\":\"Ayore\u0301 Canci\u00f3n: Vete, No Dormir\u00e9 Contigo \u2022 Ayore.org\",\"isPartOf\":{\"@id\":\"https:\\\/\\\/ayore.org\\\/#website\"},\"datePublished\":\"2018-08-07T22:10:19+00:00\",\"dateModified\":\"2019-03-05T05:48:09+00:00\",\"breadcrumb\":{\"@id\":\"https:\\\/\\\/ayore.org\\\/es\\\/cultura\\\/canciones-nativas\\\/vete-no-dormire-contigo\\\/#breadcrumb\"},\"inLanguage\":\"es-AR\",\"potentialAction\":[{\"@type\":\"ReadAction\",\"target\":[\"https:\\\/\\\/ayore.org\\\/es\\\/cultura\\\/canciones-nativas\\\/vete-no-dormire-contigo\\\/\"]}]},{\"@type\":\"BreadcrumbList\",\"@id\":\"https:\\\/\\\/ayore.org\\\/es\\\/cultura\\\/canciones-nativas\\\/vete-no-dormire-contigo\\\/#breadcrumb\",\"itemListElement\":[{\"@type\":\"ListItem\",\"position\":1,\"name\":\"Inicio\",\"item\":\"https:\\\/\\\/ayore.org\\\/es\\\/\"},{\"@type\":\"ListItem\",\"position\":2,\"name\":\"Cultura\",\"item\":\"https:\\\/\\\/ayore.org\\\/es\\\/cultura\\\/\"},{\"@type\":\"ListItem\",\"position\":3,\"name\":\"Canciones Nativas\",\"item\":\"https:\\\/\\\/ayore.org\\\/es\\\/cultura\\\/canciones-nativas\\\/\"},{\"@type\":\"ListItem\",\"position\":4,\"name\":\"Ubuchu\u0301a &#8211; Vete, no dormir\u00e9 contigo\"}]},{\"@type\":\"WebSite\",\"@id\":\"https:\\\/\\\/ayore.org\\\/#website\",\"url\":\"https:\\\/\\\/ayore.org\\\/\",\"name\":\"AYORE.ORG\",\"description\":\"Idioma, Cultura e Historia de la Tribu Ayor\u00e9\",\"potentialAction\":[{\"@type\":\"SearchAction\",\"target\":{\"@type\":\"EntryPoint\",\"urlTemplate\":\"https:\\\/\\\/ayore.org\\\/?s={search_term_string}\"},\"query-input\":{\"@type\":\"PropertyValueSpecification\",\"valueRequired\":true,\"valueName\":\"search_term_string\"}}],\"inLanguage\":\"es-AR\"}]}<\/script>\n<!-- \/ Yoast SEO plugin. -->","yoast_head_json":{"title":"Ayore\u0301 Canci\u00f3n: Vete, No Dormir\u00e9 Contigo \u2022 Ayore.org","robots":{"index":"index","follow":"follow","max-snippet":"max-snippet:-1","max-image-preview":"max-image-preview:large","max-video-preview":"max-video-preview:-1"},"canonical":"https:\/\/ayore.org\/es\/cultura\/canciones-nativas\/vete-no-dormire-contigo\/","og_locale":"es_ES","og_type":"article","og_title":"Ayore\u0301 Canci\u00f3n: Vete, No Dormir\u00e9 Contigo \u2022 Ayore.org","og_description":"Ubuchu\u0301a chedo Cojn\u0303oi Ubuch\u00faa canta sobre Coj\u00f1oi: (Coj\u00f1oi, cuyo nombre quiere decir gente blanca, fue llevado cautivo cuando ten\u00eda unos 10 a\u00f1os y se crio con los ayoreos.) Coj\u00f1oi vino a m\u00ed en la noche. \u00c9l dijo: &#8220;Ubuch\u00faa, duerme conmigo.\u201d","og_url":"https:\/\/ayore.org\/es\/cultura\/canciones-nativas\/vete-no-dormire-contigo\/","og_site_name":"AYORE.ORG","article_modified_time":"2019-03-05T05:48:09+00:00","twitter_card":"summary_large_image","twitter_misc":{"Tiempo de lectura":"1 minuto"},"schema":{"@context":"https:\/\/schema.org","@graph":[{"@type":"WebPage","@id":"https:\/\/ayore.org\/es\/cultura\/canciones-nativas\/vete-no-dormire-contigo\/","url":"https:\/\/ayore.org\/es\/cultura\/canciones-nativas\/vete-no-dormire-contigo\/","name":"Ayore\u0301 Canci\u00f3n: Vete, No Dormir\u00e9 Contigo \u2022 Ayore.org","isPartOf":{"@id":"https:\/\/ayore.org\/#website"},"datePublished":"2018-08-07T22:10:19+00:00","dateModified":"2019-03-05T05:48:09+00:00","breadcrumb":{"@id":"https:\/\/ayore.org\/es\/cultura\/canciones-nativas\/vete-no-dormire-contigo\/#breadcrumb"},"inLanguage":"es-AR","potentialAction":[{"@type":"ReadAction","target":["https:\/\/ayore.org\/es\/cultura\/canciones-nativas\/vete-no-dormire-contigo\/"]}]},{"@type":"BreadcrumbList","@id":"https:\/\/ayore.org\/es\/cultura\/canciones-nativas\/vete-no-dormire-contigo\/#breadcrumb","itemListElement":[{"@type":"ListItem","position":1,"name":"Inicio","item":"https:\/\/ayore.org\/es\/"},{"@type":"ListItem","position":2,"name":"Cultura","item":"https:\/\/ayore.org\/es\/cultura\/"},{"@type":"ListItem","position":3,"name":"Canciones Nativas","item":"https:\/\/ayore.org\/es\/cultura\/canciones-nativas\/"},{"@type":"ListItem","position":4,"name":"Ubuchu\u0301a &#8211; Vete, no dormir\u00e9 contigo"}]},{"@type":"WebSite","@id":"https:\/\/ayore.org\/#website","url":"https:\/\/ayore.org\/","name":"AYORE.ORG","description":"Idioma, Cultura e Historia de la Tribu Ayor\u00e9","potentialAction":[{"@type":"SearchAction","target":{"@type":"EntryPoint","urlTemplate":"https:\/\/ayore.org\/?s={search_term_string}"},"query-input":{"@type":"PropertyValueSpecification","valueRequired":true,"valueName":"search_term_string"}}],"inLanguage":"es-AR"}]}},"_links":{"self":[{"href":"https:\/\/ayore.org\/es\/wp-json\/wp\/v2\/pages\/598","targetHints":{"allow":["GET"]}}],"collection":[{"href":"https:\/\/ayore.org\/es\/wp-json\/wp\/v2\/pages"}],"about":[{"href":"https:\/\/ayore.org\/es\/wp-json\/wp\/v2\/types\/page"}],"author":[{"embeddable":true,"href":"https:\/\/ayore.org\/es\/wp-json\/wp\/v2\/users\/2"}],"replies":[{"embeddable":true,"href":"https:\/\/ayore.org\/es\/wp-json\/wp\/v2\/comments?post=598"}],"version-history":[{"count":4,"href":"https:\/\/ayore.org\/es\/wp-json\/wp\/v2\/pages\/598\/revisions"}],"predecessor-version":[{"id":3301,"href":"https:\/\/ayore.org\/es\/wp-json\/wp\/v2\/pages\/598\/revisions\/3301"}],"up":[{"embeddable":true,"href":"https:\/\/ayore.org\/es\/wp-json\/wp\/v2\/pages\/292"}],"wp:attachment":[{"href":"https:\/\/ayore.org\/es\/wp-json\/wp\/v2\/media?parent=598"}],"curies":[{"name":"wp","href":"https:\/\/api.w.org\/{rel}","templated":true}]}}