{"id":592,"date":"2018-08-06T05:42:24","date_gmt":"2018-08-06T05:42:24","guid":{"rendered":"https:\/\/ayore.org\/?page_id=592"},"modified":"2019-03-05T05:11:41","modified_gmt":"2019-03-05T05:11:41","slug":"vi-las-lagrimas-cayendo-de-tus-ojos","status":"publish","type":"page","link":"https:\/\/ayore.org\/es\/cultura\/canciones-nativas\/vi-las-lagrimas-cayendo-de-tus-ojos\/","title":{"rendered":"Taje\u0301rogue\u0301 &#8211; Vi las l\u00e1grimas cayendo de tus ojos"},"content":{"rendered":"<p><em>Tajerogue Chijn\u0303ecare<\/em><\/p>\n<p><em><strong>Tajerogue Canta:<\/strong><\/em><\/p>\n<p>Voy a cantar un poco. Dicen que soy la hermana de <em>Ipeyai.<\/em> A pesar de que es cierto, voy a ocultar las palabras de mi canci\u00f3n de <em>Uchiedie.<\/em><\/p>\n<p>Casi te dej\u00e9, pero luego record\u00e9 lo amable que eran tus hermanas conmigo, as\u00ed que me fui de vuelta con ustedes. Yo estaba casi con otro hombre, pero viniste y me alejaste de \u00e9l. No estaba triste en absoluto. Te mir\u00e9 y cuando vi las l\u00e1grimas que ca\u00edan de tus ojos, sent\u00ed l\u00e1stima por ti, y volvi\u0301 a ti. Pero yo no estaba triste. Incluso si t\u00fa fueras el \u00fanico joven que hab\u00eda, \u00a1como si te echara de menos! Las cosas que ustedes, los j\u00f3venes, nos dicen a nosotras las chicas son s\u00f3lo palabras. T\u00fa dices que no me echaste de menos, pero aqu\u00ed est\u00e1s abraz\u00e1ndome de nuevo. A decir la verdad, sin embargo, yo no te extran\u0303ari\u0301a en absoluto. Sigues repitiendo cua\u0301nto sufriste y lamentaste por mi\u0301. Pero yo no estaba pensando en ti en ese entonces como ustedes pensaron que era.\u00a0Y yo no los echo de menos.<\/p>\n<p><em>Tajerogue \u2013 Tobite\u0301, Bolivia \u2013 1965<\/em><\/p>\n<p><em>Transcrito por: Joyce Davis Buchegger.<\/em><\/p>\n<p><em>Traducido al espa\u00f1ol por: Maxine Morarie.<\/em><\/p>\n<div class=\"navigation\"><div class=\"alignleft\"><a href=\"https:\/\/ayore.org\/es\/cultura\/canciones-nativas\/las-tortugas-que-casaba\/\"title=\"Suare\u0301jnacari\u0301de\u0301 &#8211; Canto cuando cazo tortugas\"><img loading=\"lazy\" decoding=\"async\" src=\"https:\/\/ayore.org\/wp-content\/uploads\/2018\/10\/left-arrow.png\" width=\"50\" height=\"48\" alt=\"left arrow\"><\/a><\/div><div class=\"alignright\"><a href=\"https:\/\/ayore.org\/es\/cultura\/canciones-nativas\/vete-no-dormire-contigo\/\"title=\"Ubuchu\u0301a &#8211; Vete, no dormir\u00e9 contigo\"><img loading=\"lazy\" decoding=\"async\" src=\"https:\/\/ayore.org\/wp-content\/uploads\/2018\/10\/right-arrow.png\" width=\"50\" height=\"48\" alt=\"right arrow\"><\/a><\/div>\n","protected":false},"excerpt":{"rendered":"<p>Tajerogue Chijn\u0303ecare Tajerogue Canta: Voy a cantar un poco. Dicen que soy la hermana de Ipeyai. A pesar de que es cierto, voy a ocultar las palabras de mi canci\u00f3n de Uchiedie. Casi te dej\u00e9, pero luego record\u00e9 lo amable<\/p>\n","protected":false},"author":2,"featured_media":0,"parent":292,"menu_order":0,"comment_status":"closed","ping_status":"closed","template":"","meta":{"footnotes":""},"class_list":["post-592","page","type-page","status-publish","hentry"],"yoast_head":"<!-- This site is optimized with the Yoast SEO plugin v27.4 - https:\/\/yoast.com\/product\/yoast-seo-wordpress\/ -->\n<title>Ayore\u0301 Canci\u00f3n: Vi Las L\u00e1grimas Cayendo De Tus Ojos \u2022 Ayore.org<\/title>\n<meta name=\"robots\" content=\"index, follow, max-snippet:-1, max-image-preview:large, max-video-preview:-1\" \/>\n<link rel=\"canonical\" href=\"https:\/\/ayore.org\/es\/cultura\/canciones-nativas\/vi-las-lagrimas-cayendo-de-tus-ojos\/\" \/>\n<meta property=\"og:locale\" content=\"es_ES\" \/>\n<meta property=\"og:type\" content=\"article\" \/>\n<meta property=\"og:title\" content=\"Ayore\u0301 Canci\u00f3n: Vi Las L\u00e1grimas Cayendo De Tus Ojos \u2022 Ayore.org\" \/>\n<meta property=\"og:description\" content=\"Tajerogue Chijn\u0303ecare Tajerogue Canta: Voy a cantar un poco. Dicen que soy la hermana de Ipeyai. A pesar de que es cierto, voy a ocultar las palabras de mi canci\u00f3n de Uchiedie. Casi te dej\u00e9, pero luego record\u00e9 lo amable\" \/>\n<meta property=\"og:url\" content=\"https:\/\/ayore.org\/es\/cultura\/canciones-nativas\/vi-las-lagrimas-cayendo-de-tus-ojos\/\" \/>\n<meta property=\"og:site_name\" content=\"AYORE.ORG\" \/>\n<meta property=\"article:modified_time\" content=\"2019-03-05T05:11:41+00:00\" \/>\n<meta name=\"twitter:card\" content=\"summary_large_image\" \/>\n<meta name=\"twitter:label1\" content=\"Tiempo de lectura\" \/>\n\t<meta name=\"twitter:data1\" content=\"1 minuto\" \/>\n<script type=\"application\/ld+json\" class=\"yoast-schema-graph\">{\"@context\":\"https:\\\/\\\/schema.org\",\"@graph\":[{\"@type\":\"WebPage\",\"@id\":\"https:\\\/\\\/ayore.org\\\/es\\\/cultura\\\/canciones-nativas\\\/vi-las-lagrimas-cayendo-de-tus-ojos\\\/\",\"url\":\"https:\\\/\\\/ayore.org\\\/es\\\/cultura\\\/canciones-nativas\\\/vi-las-lagrimas-cayendo-de-tus-ojos\\\/\",\"name\":\"Ayore\u0301 Canci\u00f3n: Vi Las L\u00e1grimas Cayendo De Tus Ojos \u2022 Ayore.org\",\"isPartOf\":{\"@id\":\"https:\\\/\\\/ayore.org\\\/#website\"},\"datePublished\":\"2018-08-06T05:42:24+00:00\",\"dateModified\":\"2019-03-05T05:11:41+00:00\",\"breadcrumb\":{\"@id\":\"https:\\\/\\\/ayore.org\\\/es\\\/cultura\\\/canciones-nativas\\\/vi-las-lagrimas-cayendo-de-tus-ojos\\\/#breadcrumb\"},\"inLanguage\":\"es-AR\",\"potentialAction\":[{\"@type\":\"ReadAction\",\"target\":[\"https:\\\/\\\/ayore.org\\\/es\\\/cultura\\\/canciones-nativas\\\/vi-las-lagrimas-cayendo-de-tus-ojos\\\/\"]}]},{\"@type\":\"BreadcrumbList\",\"@id\":\"https:\\\/\\\/ayore.org\\\/es\\\/cultura\\\/canciones-nativas\\\/vi-las-lagrimas-cayendo-de-tus-ojos\\\/#breadcrumb\",\"itemListElement\":[{\"@type\":\"ListItem\",\"position\":1,\"name\":\"Inicio\",\"item\":\"https:\\\/\\\/ayore.org\\\/es\\\/\"},{\"@type\":\"ListItem\",\"position\":2,\"name\":\"Cultura\",\"item\":\"https:\\\/\\\/ayore.org\\\/es\\\/cultura\\\/\"},{\"@type\":\"ListItem\",\"position\":3,\"name\":\"Canciones Nativas\",\"item\":\"https:\\\/\\\/ayore.org\\\/es\\\/cultura\\\/canciones-nativas\\\/\"},{\"@type\":\"ListItem\",\"position\":4,\"name\":\"Taje\u0301rogue\u0301 &#8211; Vi las l\u00e1grimas cayendo de tus ojos\"}]},{\"@type\":\"WebSite\",\"@id\":\"https:\\\/\\\/ayore.org\\\/#website\",\"url\":\"https:\\\/\\\/ayore.org\\\/\",\"name\":\"AYORE.ORG\",\"description\":\"Idioma, Cultura e Historia de la Tribu Ayor\u00e9\",\"potentialAction\":[{\"@type\":\"SearchAction\",\"target\":{\"@type\":\"EntryPoint\",\"urlTemplate\":\"https:\\\/\\\/ayore.org\\\/?s={search_term_string}\"},\"query-input\":{\"@type\":\"PropertyValueSpecification\",\"valueRequired\":true,\"valueName\":\"search_term_string\"}}],\"inLanguage\":\"es-AR\"}]}<\/script>\n<!-- \/ Yoast SEO plugin. -->","yoast_head_json":{"title":"Ayore\u0301 Canci\u00f3n: Vi Las L\u00e1grimas Cayendo De Tus Ojos \u2022 Ayore.org","robots":{"index":"index","follow":"follow","max-snippet":"max-snippet:-1","max-image-preview":"max-image-preview:large","max-video-preview":"max-video-preview:-1"},"canonical":"https:\/\/ayore.org\/es\/cultura\/canciones-nativas\/vi-las-lagrimas-cayendo-de-tus-ojos\/","og_locale":"es_ES","og_type":"article","og_title":"Ayore\u0301 Canci\u00f3n: Vi Las L\u00e1grimas Cayendo De Tus Ojos \u2022 Ayore.org","og_description":"Tajerogue Chijn\u0303ecare Tajerogue Canta: Voy a cantar un poco. Dicen que soy la hermana de Ipeyai. A pesar de que es cierto, voy a ocultar las palabras de mi canci\u00f3n de Uchiedie. Casi te dej\u00e9, pero luego record\u00e9 lo amable","og_url":"https:\/\/ayore.org\/es\/cultura\/canciones-nativas\/vi-las-lagrimas-cayendo-de-tus-ojos\/","og_site_name":"AYORE.ORG","article_modified_time":"2019-03-05T05:11:41+00:00","twitter_card":"summary_large_image","twitter_misc":{"Tiempo de lectura":"1 minuto"},"schema":{"@context":"https:\/\/schema.org","@graph":[{"@type":"WebPage","@id":"https:\/\/ayore.org\/es\/cultura\/canciones-nativas\/vi-las-lagrimas-cayendo-de-tus-ojos\/","url":"https:\/\/ayore.org\/es\/cultura\/canciones-nativas\/vi-las-lagrimas-cayendo-de-tus-ojos\/","name":"Ayore\u0301 Canci\u00f3n: Vi Las L\u00e1grimas Cayendo De Tus Ojos \u2022 Ayore.org","isPartOf":{"@id":"https:\/\/ayore.org\/#website"},"datePublished":"2018-08-06T05:42:24+00:00","dateModified":"2019-03-05T05:11:41+00:00","breadcrumb":{"@id":"https:\/\/ayore.org\/es\/cultura\/canciones-nativas\/vi-las-lagrimas-cayendo-de-tus-ojos\/#breadcrumb"},"inLanguage":"es-AR","potentialAction":[{"@type":"ReadAction","target":["https:\/\/ayore.org\/es\/cultura\/canciones-nativas\/vi-las-lagrimas-cayendo-de-tus-ojos\/"]}]},{"@type":"BreadcrumbList","@id":"https:\/\/ayore.org\/es\/cultura\/canciones-nativas\/vi-las-lagrimas-cayendo-de-tus-ojos\/#breadcrumb","itemListElement":[{"@type":"ListItem","position":1,"name":"Inicio","item":"https:\/\/ayore.org\/es\/"},{"@type":"ListItem","position":2,"name":"Cultura","item":"https:\/\/ayore.org\/es\/cultura\/"},{"@type":"ListItem","position":3,"name":"Canciones Nativas","item":"https:\/\/ayore.org\/es\/cultura\/canciones-nativas\/"},{"@type":"ListItem","position":4,"name":"Taje\u0301rogue\u0301 &#8211; Vi las l\u00e1grimas cayendo de tus ojos"}]},{"@type":"WebSite","@id":"https:\/\/ayore.org\/#website","url":"https:\/\/ayore.org\/","name":"AYORE.ORG","description":"Idioma, Cultura e Historia de la Tribu Ayor\u00e9","potentialAction":[{"@type":"SearchAction","target":{"@type":"EntryPoint","urlTemplate":"https:\/\/ayore.org\/?s={search_term_string}"},"query-input":{"@type":"PropertyValueSpecification","valueRequired":true,"valueName":"search_term_string"}}],"inLanguage":"es-AR"}]}},"_links":{"self":[{"href":"https:\/\/ayore.org\/es\/wp-json\/wp\/v2\/pages\/592","targetHints":{"allow":["GET"]}}],"collection":[{"href":"https:\/\/ayore.org\/es\/wp-json\/wp\/v2\/pages"}],"about":[{"href":"https:\/\/ayore.org\/es\/wp-json\/wp\/v2\/types\/page"}],"author":[{"embeddable":true,"href":"https:\/\/ayore.org\/es\/wp-json\/wp\/v2\/users\/2"}],"replies":[{"embeddable":true,"href":"https:\/\/ayore.org\/es\/wp-json\/wp\/v2\/comments?post=592"}],"version-history":[{"count":5,"href":"https:\/\/ayore.org\/es\/wp-json\/wp\/v2\/pages\/592\/revisions"}],"predecessor-version":[{"id":3291,"href":"https:\/\/ayore.org\/es\/wp-json\/wp\/v2\/pages\/592\/revisions\/3291"}],"up":[{"embeddable":true,"href":"https:\/\/ayore.org\/es\/wp-json\/wp\/v2\/pages\/292"}],"wp:attachment":[{"href":"https:\/\/ayore.org\/es\/wp-json\/wp\/v2\/media?parent=592"}],"curies":[{"name":"wp","href":"https:\/\/api.w.org\/{rel}","templated":true}]}}