{"id":586,"date":"2018-08-06T05:37:15","date_gmt":"2018-08-06T05:37:15","guid":{"rendered":"https:\/\/ayore.org\/?page_id=586"},"modified":"2019-03-05T02:49:05","modified_gmt":"2019-03-05T02:49:05","slug":"realmente-hecho-de-menos-a-ojo","status":"publish","type":"page","link":"https:\/\/ayore.org\/es\/cultura\/canciones-nativas\/realmente-hecho-de-menos-a-ojo\/","title":{"rendered":"Pujnuine\u0301 &#8211; Realmente hecho de menos a Ojo"},"content":{"rendered":"<p><em>Pujnuin\u00e9 chedo Queruidat\u00e9 (Ojo)<\/em><\/p>\n<p><strong><em>Pujnuine\u0301 Canta:<\/em><\/strong><\/p>\n<p>Voy a cantar un poco. Dicen que soy el hermano menor de <em>Jnan\u00edn\u00e9<\/em>. A pesar de que soy, voy a ocultar las palabras de mi canci\u00f3n de \u00e9l. Realmente extra\u00f1o <em>Ojo<\/em>, pero no voy a seguirla. <em>Ojo<\/em> era casi mi prometida. Pens\u00e9 en mis compa\u00f1eros, los j\u00f3venes, y c\u00f3mo ella no hab\u00eda dejado de atraerlos con las cosas lindas que ella dir\u00eda y su directo, pero amable, hablar. No dejaba de pensar que les gustar\u00eda para su esposa. Entonces <em>Pujnuidat\u00e9<\/em> me rega\u00f1\u00f3. Y me puso muy triste. As\u00ed que fui a cazar miel y buscar tortugas. Pero me qued\u00e9 pensando en <em>Ojo<\/em>. Como si ya estuviera con ella en el campamento. Ella recompensaba a sus hermanas mayores y les daba regalos, porque ella es muy amable y ellas haci\u0301an comidas para ella.<\/p>\n<p><em>Pujnuine\u0301\u2013 Tobite\u0301, Bolivia \u2013 1965<\/em><\/p>\n<p><em>Transcrito por: Joyce Davis Buchegger.<\/em><\/p>\n<p><em>Traducido al espa\u00f1ol por: Maxine Morarie.<\/em><\/p>\n<div class=\"navigation\"><div class=\"alignleft\"><a href=\"https:\/\/ayore.org\/es\/cultura\/canciones-nativas\/pujnucabi-me-faltan-mis-hermanos\/\"title=\"Pujn\u00facabi &#8211; Me faltan mis hermanos\"><img loading=\"lazy\" decoding=\"async\" src=\"https:\/\/ayore.org\/wp-content\/uploads\/2018\/10\/left-arrow.png\" width=\"50\" height=\"48\" alt=\"left arrow\"><\/a><\/div><div class=\"alignright\"><a href=\"https:\/\/ayore.org\/es\/cultura\/canciones-nativas\/las-tortugas-que-casaba\/\"title=\"Suare\u0301jnacari\u0301de\u0301 &#8211; Canto cuando cazo tortugas\"><img loading=\"lazy\" decoding=\"async\" src=\"https:\/\/ayore.org\/wp-content\/uploads\/2018\/10\/right-arrow.png\" width=\"50\" height=\"48\" alt=\"right arrow\"><\/a><\/div>\n","protected":false},"excerpt":{"rendered":"<p>Pujnuin\u00e9 chedo Queruidat\u00e9 (Ojo) Pujnuine\u0301 Canta: Voy a cantar un poco. Dicen que soy el hermano menor de Jnan\u00edn\u00e9. A pesar de que soy, voy a ocultar las palabras de mi canci\u00f3n de \u00e9l. Realmente extra\u00f1o Ojo, pero no voy<\/p>\n","protected":false},"author":2,"featured_media":0,"parent":292,"menu_order":0,"comment_status":"closed","ping_status":"closed","template":"","meta":{"footnotes":""},"class_list":["post-586","page","type-page","status-publish","hentry"],"yoast_head":"<!-- This site is optimized with the Yoast SEO plugin v27.4 - https:\/\/yoast.com\/product\/yoast-seo-wordpress\/ -->\n<title>Ayore\u0301 Canci\u00f3n: Realmente Hecho De Menos A Ojo \u2022 Ayore.org<\/title>\n<meta name=\"robots\" content=\"index, follow, max-snippet:-1, max-image-preview:large, max-video-preview:-1\" \/>\n<link rel=\"canonical\" href=\"https:\/\/ayore.org\/es\/cultura\/canciones-nativas\/realmente-hecho-de-menos-a-ojo\/\" \/>\n<meta property=\"og:locale\" content=\"es_ES\" \/>\n<meta property=\"og:type\" content=\"article\" \/>\n<meta property=\"og:title\" content=\"Ayore\u0301 Canci\u00f3n: Realmente Hecho De Menos A Ojo \u2022 Ayore.org\" \/>\n<meta property=\"og:description\" content=\"Pujnuin\u00e9 chedo Queruidat\u00e9 (Ojo) Pujnuine\u0301 Canta: Voy a cantar un poco. Dicen que soy el hermano menor de Jnan\u00edn\u00e9. A pesar de que soy, voy a ocultar las palabras de mi canci\u00f3n de \u00e9l. Realmente extra\u00f1o Ojo, pero no voy\" \/>\n<meta property=\"og:url\" content=\"https:\/\/ayore.org\/es\/cultura\/canciones-nativas\/realmente-hecho-de-menos-a-ojo\/\" \/>\n<meta property=\"og:site_name\" content=\"AYORE.ORG\" \/>\n<meta property=\"article:modified_time\" content=\"2019-03-05T02:49:05+00:00\" \/>\n<meta name=\"twitter:card\" content=\"summary_large_image\" \/>\n<meta name=\"twitter:label1\" content=\"Tiempo de lectura\" \/>\n\t<meta name=\"twitter:data1\" content=\"1 minuto\" \/>\n<script type=\"application\/ld+json\" class=\"yoast-schema-graph\">{\"@context\":\"https:\\\/\\\/schema.org\",\"@graph\":[{\"@type\":\"WebPage\",\"@id\":\"https:\\\/\\\/ayore.org\\\/es\\\/cultura\\\/canciones-nativas\\\/realmente-hecho-de-menos-a-ojo\\\/\",\"url\":\"https:\\\/\\\/ayore.org\\\/es\\\/cultura\\\/canciones-nativas\\\/realmente-hecho-de-menos-a-ojo\\\/\",\"name\":\"Ayore\u0301 Canci\u00f3n: Realmente Hecho De Menos A Ojo \u2022 Ayore.org\",\"isPartOf\":{\"@id\":\"https:\\\/\\\/ayore.org\\\/#website\"},\"datePublished\":\"2018-08-06T05:37:15+00:00\",\"dateModified\":\"2019-03-05T02:49:05+00:00\",\"breadcrumb\":{\"@id\":\"https:\\\/\\\/ayore.org\\\/es\\\/cultura\\\/canciones-nativas\\\/realmente-hecho-de-menos-a-ojo\\\/#breadcrumb\"},\"inLanguage\":\"es-AR\",\"potentialAction\":[{\"@type\":\"ReadAction\",\"target\":[\"https:\\\/\\\/ayore.org\\\/es\\\/cultura\\\/canciones-nativas\\\/realmente-hecho-de-menos-a-ojo\\\/\"]}]},{\"@type\":\"BreadcrumbList\",\"@id\":\"https:\\\/\\\/ayore.org\\\/es\\\/cultura\\\/canciones-nativas\\\/realmente-hecho-de-menos-a-ojo\\\/#breadcrumb\",\"itemListElement\":[{\"@type\":\"ListItem\",\"position\":1,\"name\":\"Inicio\",\"item\":\"https:\\\/\\\/ayore.org\\\/es\\\/\"},{\"@type\":\"ListItem\",\"position\":2,\"name\":\"Cultura\",\"item\":\"https:\\\/\\\/ayore.org\\\/es\\\/cultura\\\/\"},{\"@type\":\"ListItem\",\"position\":3,\"name\":\"Canciones Nativas\",\"item\":\"https:\\\/\\\/ayore.org\\\/es\\\/cultura\\\/canciones-nativas\\\/\"},{\"@type\":\"ListItem\",\"position\":4,\"name\":\"Pujnuine\u0301 &#8211; Realmente hecho de menos a Ojo\"}]},{\"@type\":\"WebSite\",\"@id\":\"https:\\\/\\\/ayore.org\\\/#website\",\"url\":\"https:\\\/\\\/ayore.org\\\/\",\"name\":\"AYORE.ORG\",\"description\":\"Idioma, Cultura e Historia de la Tribu Ayor\u00e9\",\"potentialAction\":[{\"@type\":\"SearchAction\",\"target\":{\"@type\":\"EntryPoint\",\"urlTemplate\":\"https:\\\/\\\/ayore.org\\\/?s={search_term_string}\"},\"query-input\":{\"@type\":\"PropertyValueSpecification\",\"valueRequired\":true,\"valueName\":\"search_term_string\"}}],\"inLanguage\":\"es-AR\"}]}<\/script>\n<!-- \/ Yoast SEO plugin. -->","yoast_head_json":{"title":"Ayore\u0301 Canci\u00f3n: Realmente Hecho De Menos A Ojo \u2022 Ayore.org","robots":{"index":"index","follow":"follow","max-snippet":"max-snippet:-1","max-image-preview":"max-image-preview:large","max-video-preview":"max-video-preview:-1"},"canonical":"https:\/\/ayore.org\/es\/cultura\/canciones-nativas\/realmente-hecho-de-menos-a-ojo\/","og_locale":"es_ES","og_type":"article","og_title":"Ayore\u0301 Canci\u00f3n: Realmente Hecho De Menos A Ojo \u2022 Ayore.org","og_description":"Pujnuin\u00e9 chedo Queruidat\u00e9 (Ojo) Pujnuine\u0301 Canta: Voy a cantar un poco. Dicen que soy el hermano menor de Jnan\u00edn\u00e9. A pesar de que soy, voy a ocultar las palabras de mi canci\u00f3n de \u00e9l. Realmente extra\u00f1o Ojo, pero no voy","og_url":"https:\/\/ayore.org\/es\/cultura\/canciones-nativas\/realmente-hecho-de-menos-a-ojo\/","og_site_name":"AYORE.ORG","article_modified_time":"2019-03-05T02:49:05+00:00","twitter_card":"summary_large_image","twitter_misc":{"Tiempo de lectura":"1 minuto"},"schema":{"@context":"https:\/\/schema.org","@graph":[{"@type":"WebPage","@id":"https:\/\/ayore.org\/es\/cultura\/canciones-nativas\/realmente-hecho-de-menos-a-ojo\/","url":"https:\/\/ayore.org\/es\/cultura\/canciones-nativas\/realmente-hecho-de-menos-a-ojo\/","name":"Ayore\u0301 Canci\u00f3n: Realmente Hecho De Menos A Ojo \u2022 Ayore.org","isPartOf":{"@id":"https:\/\/ayore.org\/#website"},"datePublished":"2018-08-06T05:37:15+00:00","dateModified":"2019-03-05T02:49:05+00:00","breadcrumb":{"@id":"https:\/\/ayore.org\/es\/cultura\/canciones-nativas\/realmente-hecho-de-menos-a-ojo\/#breadcrumb"},"inLanguage":"es-AR","potentialAction":[{"@type":"ReadAction","target":["https:\/\/ayore.org\/es\/cultura\/canciones-nativas\/realmente-hecho-de-menos-a-ojo\/"]}]},{"@type":"BreadcrumbList","@id":"https:\/\/ayore.org\/es\/cultura\/canciones-nativas\/realmente-hecho-de-menos-a-ojo\/#breadcrumb","itemListElement":[{"@type":"ListItem","position":1,"name":"Inicio","item":"https:\/\/ayore.org\/es\/"},{"@type":"ListItem","position":2,"name":"Cultura","item":"https:\/\/ayore.org\/es\/cultura\/"},{"@type":"ListItem","position":3,"name":"Canciones Nativas","item":"https:\/\/ayore.org\/es\/cultura\/canciones-nativas\/"},{"@type":"ListItem","position":4,"name":"Pujnuine\u0301 &#8211; Realmente hecho de menos a Ojo"}]},{"@type":"WebSite","@id":"https:\/\/ayore.org\/#website","url":"https:\/\/ayore.org\/","name":"AYORE.ORG","description":"Idioma, Cultura e Historia de la Tribu Ayor\u00e9","potentialAction":[{"@type":"SearchAction","target":{"@type":"EntryPoint","urlTemplate":"https:\/\/ayore.org\/?s={search_term_string}"},"query-input":{"@type":"PropertyValueSpecification","valueRequired":true,"valueName":"search_term_string"}}],"inLanguage":"es-AR"}]}},"_links":{"self":[{"href":"https:\/\/ayore.org\/es\/wp-json\/wp\/v2\/pages\/586","targetHints":{"allow":["GET"]}}],"collection":[{"href":"https:\/\/ayore.org\/es\/wp-json\/wp\/v2\/pages"}],"about":[{"href":"https:\/\/ayore.org\/es\/wp-json\/wp\/v2\/types\/page"}],"author":[{"embeddable":true,"href":"https:\/\/ayore.org\/es\/wp-json\/wp\/v2\/users\/2"}],"replies":[{"embeddable":true,"href":"https:\/\/ayore.org\/es\/wp-json\/wp\/v2\/comments?post=586"}],"version-history":[{"count":5,"href":"https:\/\/ayore.org\/es\/wp-json\/wp\/v2\/pages\/586\/revisions"}],"predecessor-version":[{"id":3273,"href":"https:\/\/ayore.org\/es\/wp-json\/wp\/v2\/pages\/586\/revisions\/3273"}],"up":[{"embeddable":true,"href":"https:\/\/ayore.org\/es\/wp-json\/wp\/v2\/pages\/292"}],"wp:attachment":[{"href":"https:\/\/ayore.org\/es\/wp-json\/wp\/v2\/media?parent=586"}],"curies":[{"name":"wp","href":"https:\/\/api.w.org\/{rel}","templated":true}]}}