{"id":584,"date":"2018-08-06T05:34:30","date_gmt":"2018-08-06T05:34:30","guid":{"rendered":"https:\/\/ayore.org\/?page_id=584"},"modified":"2019-03-05T02:19:01","modified_gmt":"2019-03-05T02:19:01","slug":"pujnucabi-me-faltan-mis-hermanos","status":"publish","type":"page","link":"https:\/\/ayore.org\/es\/cultura\/canciones-nativas\/pujnucabi-me-faltan-mis-hermanos\/","title":{"rendered":"Pujn\u00facabi &#8211; Me faltan mis hermanos"},"content":{"rendered":"\n<p><\/p>\n\n\n<p><em>Pujn\u00facabi Chijn\u0303ecare<\/em><\/p>\n<p><em><strong>Pujnu\u0301cabi Canta:<\/strong><\/em><\/p>\n<p>Cantar\u00e9 un poco.<\/p>\n<p>Fui a encontrar a nuestro hermano mayor <em>Pejn\u00f3code<\/em>. Tal vez \u00e9l me escuchaba. Llegu\u00e9 a Rinc\u00f3n y cada vez que miraba la monta\u00f1a echaba de menos a mis hermanos <em>Pejn\u00f3code<\/em> y <em>P\u00e9drode<\/em>. Al d\u00eda siguiente me quit\u00e9 para ir a Tobit\u00e9. Era como si, incluso si tuviera que ir a pie y caminar durante un mes, seguir\u00eda adelante hasta llegar a Tobit\u00e9. Casi no pod\u00eda esperar a llegar a la aldea de Tobit\u00e9. Tuve hambre en el camino, y tuve que comer la comida que otros me dieron. Y eso me hizo sentir mejor, menos solitario. Cuando el tren lleg\u00f3 a Port\u00f3n yo estaba emocionado de llegar a nuestro pueblo. \u00a1Oh!, c\u00f3mo deseaba estar en nuestra comunidad, comiendo la comida de <em>Cuc\u00f3jnai <\/em>y nuestro querido hermano mayor <em>Pejn\u00f3code.<\/em><\/p>\n<p>\u00a0<\/p>\n<p>Pujnu\u0301cabi \u2013 Tobite\u0301, Bolivia \u2013 1965<\/p>\n<p>Transcrito por: Joyce Davis Buchegger.<\/p>\n<p>Traducido al espa\u00f1ol por: Maxine Morarie.<\/p>\n<div class=\"navigation\"><div class=\"alignleft\"><a href=\"https:\/\/ayore.org\/es\/cultura\/canciones-nativas\/jutira-escondiendo-mi-cancion-de-piajoi\/\"title=\"Manuelne\u0301 &#8211; Esconde su canci\u00f3n de Piajoi\"><img loading=\"lazy\" decoding=\"async\" src=\"https:\/\/ayore.org\/wp-content\/uploads\/2018\/10\/left-arrow.png\" width=\"50\" height=\"48\" alt=\"left arrow\"><\/a><\/div><div class=\"alignright\"><a href=\"https:\/\/ayore.org\/es\/cultura\/canciones-nativas\/realmente-hecho-de-menos-a-ojo\/\"title=\"Pujnuine\u0301 &#8211; Realmente hecho de menos a Ojo\"><img loading=\"lazy\" decoding=\"async\" src=\"https:\/\/ayore.org\/wp-content\/uploads\/2018\/10\/right-arrow.png\" width=\"50\" height=\"48\" alt=\"right arrow\"><\/a><\/div>","protected":false},"excerpt":{"rendered":"<p>Pujn\u00facabi Chijn\u0303ecare Pujnu\u0301cabi Canta: Cantar\u00e9 un poco. Fui a encontrar a nuestro hermano mayor Pejn\u00f3code. Tal vez \u00e9l me escuchaba. Llegu\u00e9 a Rinc\u00f3n y cada vez que miraba la monta\u00f1a echaba de menos a mis hermanos Pejn\u00f3code y P\u00e9drode. Al<\/p>\n","protected":false},"author":2,"featured_media":0,"parent":292,"menu_order":0,"comment_status":"closed","ping_status":"closed","template":"","meta":{"footnotes":""},"class_list":["post-584","page","type-page","status-publish","hentry"],"yoast_head":"<!-- This site is optimized with the Yoast SEO plugin v27.4 - https:\/\/yoast.com\/product\/yoast-seo-wordpress\/ -->\n<title>Ayore\u0301 Canci\u00f3n: Me Faltan Mis Hermanos \u2022 Ayore.org<\/title>\n<meta name=\"robots\" content=\"index, follow, max-snippet:-1, max-image-preview:large, max-video-preview:-1\" \/>\n<link rel=\"canonical\" href=\"https:\/\/ayore.org\/es\/cultura\/canciones-nativas\/pujnucabi-me-faltan-mis-hermanos\/\" \/>\n<meta property=\"og:locale\" content=\"es_ES\" \/>\n<meta property=\"og:type\" content=\"article\" \/>\n<meta property=\"og:title\" content=\"Ayore\u0301 Canci\u00f3n: Me Faltan Mis Hermanos \u2022 Ayore.org\" \/>\n<meta property=\"og:description\" content=\"Pujn\u00facabi Chijn\u0303ecare Pujnu\u0301cabi Canta: Cantar\u00e9 un poco. Fui a encontrar a nuestro hermano mayor Pejn\u00f3code. Tal vez \u00e9l me escuchaba. Llegu\u00e9 a Rinc\u00f3n y cada vez que miraba la monta\u00f1a echaba de menos a mis hermanos Pejn\u00f3code y P\u00e9drode. Al\" \/>\n<meta property=\"og:url\" content=\"https:\/\/ayore.org\/es\/cultura\/canciones-nativas\/pujnucabi-me-faltan-mis-hermanos\/\" \/>\n<meta property=\"og:site_name\" content=\"AYORE.ORG\" \/>\n<meta property=\"article:modified_time\" content=\"2019-03-05T02:19:01+00:00\" \/>\n<meta name=\"twitter:card\" content=\"summary_large_image\" \/>\n<meta name=\"twitter:label1\" content=\"Tiempo de lectura\" \/>\n\t<meta name=\"twitter:data1\" content=\"1 minuto\" \/>\n<script type=\"application\/ld+json\" class=\"yoast-schema-graph\">{\"@context\":\"https:\\\/\\\/schema.org\",\"@graph\":[{\"@type\":\"WebPage\",\"@id\":\"https:\\\/\\\/ayore.org\\\/es\\\/cultura\\\/canciones-nativas\\\/pujnucabi-me-faltan-mis-hermanos\\\/\",\"url\":\"https:\\\/\\\/ayore.org\\\/es\\\/cultura\\\/canciones-nativas\\\/pujnucabi-me-faltan-mis-hermanos\\\/\",\"name\":\"Ayore\u0301 Canci\u00f3n: Me Faltan Mis Hermanos \u2022 Ayore.org\",\"isPartOf\":{\"@id\":\"https:\\\/\\\/ayore.org\\\/#website\"},\"datePublished\":\"2018-08-06T05:34:30+00:00\",\"dateModified\":\"2019-03-05T02:19:01+00:00\",\"breadcrumb\":{\"@id\":\"https:\\\/\\\/ayore.org\\\/es\\\/cultura\\\/canciones-nativas\\\/pujnucabi-me-faltan-mis-hermanos\\\/#breadcrumb\"},\"inLanguage\":\"es-AR\",\"potentialAction\":[{\"@type\":\"ReadAction\",\"target\":[\"https:\\\/\\\/ayore.org\\\/es\\\/cultura\\\/canciones-nativas\\\/pujnucabi-me-faltan-mis-hermanos\\\/\"]}]},{\"@type\":\"BreadcrumbList\",\"@id\":\"https:\\\/\\\/ayore.org\\\/es\\\/cultura\\\/canciones-nativas\\\/pujnucabi-me-faltan-mis-hermanos\\\/#breadcrumb\",\"itemListElement\":[{\"@type\":\"ListItem\",\"position\":1,\"name\":\"Inicio\",\"item\":\"https:\\\/\\\/ayore.org\\\/es\\\/\"},{\"@type\":\"ListItem\",\"position\":2,\"name\":\"Cultura\",\"item\":\"https:\\\/\\\/ayore.org\\\/es\\\/cultura\\\/\"},{\"@type\":\"ListItem\",\"position\":3,\"name\":\"Canciones Nativas\",\"item\":\"https:\\\/\\\/ayore.org\\\/es\\\/cultura\\\/canciones-nativas\\\/\"},{\"@type\":\"ListItem\",\"position\":4,\"name\":\"Pujn\u00facabi &#8211; Me faltan mis hermanos\"}]},{\"@type\":\"WebSite\",\"@id\":\"https:\\\/\\\/ayore.org\\\/#website\",\"url\":\"https:\\\/\\\/ayore.org\\\/\",\"name\":\"AYORE.ORG\",\"description\":\"Idioma, Cultura e Historia de la Tribu Ayor\u00e9\",\"potentialAction\":[{\"@type\":\"SearchAction\",\"target\":{\"@type\":\"EntryPoint\",\"urlTemplate\":\"https:\\\/\\\/ayore.org\\\/?s={search_term_string}\"},\"query-input\":{\"@type\":\"PropertyValueSpecification\",\"valueRequired\":true,\"valueName\":\"search_term_string\"}}],\"inLanguage\":\"es-AR\"}]}<\/script>\n<!-- \/ Yoast SEO plugin. -->","yoast_head_json":{"title":"Ayore\u0301 Canci\u00f3n: Me Faltan Mis Hermanos \u2022 Ayore.org","robots":{"index":"index","follow":"follow","max-snippet":"max-snippet:-1","max-image-preview":"max-image-preview:large","max-video-preview":"max-video-preview:-1"},"canonical":"https:\/\/ayore.org\/es\/cultura\/canciones-nativas\/pujnucabi-me-faltan-mis-hermanos\/","og_locale":"es_ES","og_type":"article","og_title":"Ayore\u0301 Canci\u00f3n: Me Faltan Mis Hermanos \u2022 Ayore.org","og_description":"Pujn\u00facabi Chijn\u0303ecare Pujnu\u0301cabi Canta: Cantar\u00e9 un poco. Fui a encontrar a nuestro hermano mayor Pejn\u00f3code. Tal vez \u00e9l me escuchaba. Llegu\u00e9 a Rinc\u00f3n y cada vez que miraba la monta\u00f1a echaba de menos a mis hermanos Pejn\u00f3code y P\u00e9drode. Al","og_url":"https:\/\/ayore.org\/es\/cultura\/canciones-nativas\/pujnucabi-me-faltan-mis-hermanos\/","og_site_name":"AYORE.ORG","article_modified_time":"2019-03-05T02:19:01+00:00","twitter_card":"summary_large_image","twitter_misc":{"Tiempo de lectura":"1 minuto"},"schema":{"@context":"https:\/\/schema.org","@graph":[{"@type":"WebPage","@id":"https:\/\/ayore.org\/es\/cultura\/canciones-nativas\/pujnucabi-me-faltan-mis-hermanos\/","url":"https:\/\/ayore.org\/es\/cultura\/canciones-nativas\/pujnucabi-me-faltan-mis-hermanos\/","name":"Ayore\u0301 Canci\u00f3n: Me Faltan Mis Hermanos \u2022 Ayore.org","isPartOf":{"@id":"https:\/\/ayore.org\/#website"},"datePublished":"2018-08-06T05:34:30+00:00","dateModified":"2019-03-05T02:19:01+00:00","breadcrumb":{"@id":"https:\/\/ayore.org\/es\/cultura\/canciones-nativas\/pujnucabi-me-faltan-mis-hermanos\/#breadcrumb"},"inLanguage":"es-AR","potentialAction":[{"@type":"ReadAction","target":["https:\/\/ayore.org\/es\/cultura\/canciones-nativas\/pujnucabi-me-faltan-mis-hermanos\/"]}]},{"@type":"BreadcrumbList","@id":"https:\/\/ayore.org\/es\/cultura\/canciones-nativas\/pujnucabi-me-faltan-mis-hermanos\/#breadcrumb","itemListElement":[{"@type":"ListItem","position":1,"name":"Inicio","item":"https:\/\/ayore.org\/es\/"},{"@type":"ListItem","position":2,"name":"Cultura","item":"https:\/\/ayore.org\/es\/cultura\/"},{"@type":"ListItem","position":3,"name":"Canciones Nativas","item":"https:\/\/ayore.org\/es\/cultura\/canciones-nativas\/"},{"@type":"ListItem","position":4,"name":"Pujn\u00facabi &#8211; Me faltan mis hermanos"}]},{"@type":"WebSite","@id":"https:\/\/ayore.org\/#website","url":"https:\/\/ayore.org\/","name":"AYORE.ORG","description":"Idioma, Cultura e Historia de la Tribu Ayor\u00e9","potentialAction":[{"@type":"SearchAction","target":{"@type":"EntryPoint","urlTemplate":"https:\/\/ayore.org\/?s={search_term_string}"},"query-input":{"@type":"PropertyValueSpecification","valueRequired":true,"valueName":"search_term_string"}}],"inLanguage":"es-AR"}]}},"_links":{"self":[{"href":"https:\/\/ayore.org\/es\/wp-json\/wp\/v2\/pages\/584","targetHints":{"allow":["GET"]}}],"collection":[{"href":"https:\/\/ayore.org\/es\/wp-json\/wp\/v2\/pages"}],"about":[{"href":"https:\/\/ayore.org\/es\/wp-json\/wp\/v2\/types\/page"}],"author":[{"embeddable":true,"href":"https:\/\/ayore.org\/es\/wp-json\/wp\/v2\/users\/2"}],"replies":[{"embeddable":true,"href":"https:\/\/ayore.org\/es\/wp-json\/wp\/v2\/comments?post=584"}],"version-history":[{"count":3,"href":"https:\/\/ayore.org\/es\/wp-json\/wp\/v2\/pages\/584\/revisions"}],"predecessor-version":[{"id":3264,"href":"https:\/\/ayore.org\/es\/wp-json\/wp\/v2\/pages\/584\/revisions\/3264"}],"up":[{"embeddable":true,"href":"https:\/\/ayore.org\/es\/wp-json\/wp\/v2\/pages\/292"}],"wp:attachment":[{"href":"https:\/\/ayore.org\/es\/wp-json\/wp\/v2\/media?parent=584"}],"curies":[{"name":"wp","href":"https:\/\/api.w.org\/{rel}","templated":true}]}}