{"id":581,"date":"2018-08-06T05:30:49","date_gmt":"2018-08-06T05:30:49","guid":{"rendered":"https:\/\/ayore.org\/?page_id=581"},"modified":"2019-03-04T18:59:58","modified_gmt":"2019-03-04T18:59:58","slug":"jutira-escondiendo-mi-cancion-de-piajoi","status":"publish","type":"page","link":"https:\/\/ayore.org\/es\/cultura\/canciones-nativas\/jutira-escondiendo-mi-cancion-de-piajoi\/","title":{"rendered":"Manuelne\u0301 &#8211; Esconde su canci\u00f3n de Piajoi"},"content":{"rendered":"<p><em>Piajoi acote u Jutira<\/em><\/p>\n<p><em><strong>La esposa de Piajoi era Jutira:<\/strong><\/em><strong>\u00a0<\/strong><\/p>\n<p><em style=\"font-size: 1.6rem;\">(El canto sobre un pariente, es un tipo de bendici\u00f3n.)<\/em><em style=\"font-size: 1.6rem;\">\u00a0 \u00a0 \u00a0 \u00a0 \u00a0 \u00a0 \u00a0\u00a0<\/em><\/p>\n<p>Voy a cantar sobre <em>Piajoi<\/em> y la joven que le hizo el amor. Esa joven fue <em>Par\u00e9<\/em>. (Afirman que soy pariente de <em>Ichaj\u00faid\u00e9.<\/em> Pero estoy escondiendo las palabras de mi canci\u00f3n de <em>Piajoi.)<\/em><\/p>\n<p>Una de las mujeres le dijo a ella: \u201cAbandona tu marido. Un marido no debe tener dos esposas&#8221;.<\/p>\n<p>Otra mujer le dijo: &#8220;Qu\u00e9date con tu marido, porque no es bueno para una mujer joven tener muchos maridos.&#8221;<\/p>\n<p>Hab\u00eda un joven que quer\u00eda hacer el amor a <em>Mar\u00eda<\/em>. \u00c9l dijo: \u201c<em>Manueln\u00e9<\/em>, dile a <em>Mar\u00eda <\/em>para que sea mi esposa.&#8221;<\/p>\n<p>Pero <em>Maria <\/em>dijo:\u00a0\u201c<em>Un\u00e9redat\u00e9,<\/em> no me rega\u00f1e. Yo no quiero a tu marido\u201d.<\/p>\n<p>Manuelne\u0301 \u2013 Tobite\u0301, Bolivia \u2013 1965<\/p>\n<p>Transcrito por: Joyce Davis Buchegger.<\/p>\n<p>Traducido al espa\u00f1ol por: Maxine Morarie.<em>\u00a0\u00a0 <\/em><\/p>\n<div class=\"navigation\"><div class=\"alignleft\"><a href=\"https:\/\/ayore.org\/es\/cultura\/canciones-nativas\/cantare-sobre-mi-dolor\/\"title=\"Pejno\u0301code &#8211; Cantar\u00e9 sobre mi dolor\"><img loading=\"lazy\" decoding=\"async\" src=\"https:\/\/ayore.org\/wp-content\/uploads\/2018\/10\/left-arrow.png\" width=\"50\" height=\"48\" alt=\"left arrow\"><\/a><\/div><div class=\"alignright\"><a href=\"https:\/\/ayore.org\/es\/cultura\/canciones-nativas\/pujnucabi-me-faltan-mis-hermanos\/\"title=\"Pujn\u00facabi &#8211; Me faltan mis hermanos\"><img loading=\"lazy\" decoding=\"async\" src=\"https:\/\/ayore.org\/wp-content\/uploads\/2018\/10\/right-arrow.png\" width=\"50\" height=\"48\" alt=\"right arrow\"><\/a><\/div>\n","protected":false},"excerpt":{"rendered":"<p>Piajoi acote u Jutira La esposa de Piajoi era Jutira:\u00a0 (El canto sobre un pariente, es un tipo de bendici\u00f3n.)\u00a0 \u00a0 \u00a0 \u00a0 \u00a0 \u00a0 \u00a0\u00a0 Voy a cantar sobre Piajoi y la joven que le hizo el amor. Esa<\/p>\n","protected":false},"author":2,"featured_media":0,"parent":292,"menu_order":0,"comment_status":"closed","ping_status":"closed","template":"","meta":{"footnotes":""},"class_list":["post-581","page","type-page","status-publish","hentry"],"yoast_head":"<!-- This site is optimized with the Yoast SEO plugin v27.4 - https:\/\/yoast.com\/product\/yoast-seo-wordpress\/ -->\n<title>Ayore\u0301 Canci\u00f3n: Escondiendo Mi Canci\u00f3n De Piajoi \u2022 Ayore.org<\/title>\n<meta name=\"robots\" content=\"index, follow, max-snippet:-1, max-image-preview:large, max-video-preview:-1\" \/>\n<link rel=\"canonical\" href=\"https:\/\/ayore.org\/es\/cultura\/canciones-nativas\/jutira-escondiendo-mi-cancion-de-piajoi\/\" \/>\n<meta property=\"og:locale\" content=\"es_ES\" \/>\n<meta property=\"og:type\" content=\"article\" \/>\n<meta property=\"og:title\" content=\"Ayore\u0301 Canci\u00f3n: Escondiendo Mi Canci\u00f3n De Piajoi \u2022 Ayore.org\" \/>\n<meta property=\"og:description\" content=\"Piajoi acote u Jutira La esposa de Piajoi era Jutira:\u00a0 (El canto sobre un pariente, es un tipo de bendici\u00f3n.)\u00a0 \u00a0 \u00a0 \u00a0 \u00a0 \u00a0 \u00a0\u00a0 Voy a cantar sobre Piajoi y la joven que le hizo el amor. Esa\" \/>\n<meta property=\"og:url\" content=\"https:\/\/ayore.org\/es\/cultura\/canciones-nativas\/jutira-escondiendo-mi-cancion-de-piajoi\/\" \/>\n<meta property=\"og:site_name\" content=\"AYORE.ORG\" \/>\n<meta property=\"article:modified_time\" content=\"2019-03-04T18:59:58+00:00\" \/>\n<meta name=\"twitter:card\" content=\"summary_large_image\" \/>\n<meta name=\"twitter:label1\" content=\"Tiempo de lectura\" \/>\n\t<meta name=\"twitter:data1\" content=\"1 minuto\" \/>\n<script type=\"application\/ld+json\" class=\"yoast-schema-graph\">{\"@context\":\"https:\\\/\\\/schema.org\",\"@graph\":[{\"@type\":\"WebPage\",\"@id\":\"https:\\\/\\\/ayore.org\\\/es\\\/cultura\\\/canciones-nativas\\\/jutira-escondiendo-mi-cancion-de-piajoi\\\/\",\"url\":\"https:\\\/\\\/ayore.org\\\/es\\\/cultura\\\/canciones-nativas\\\/jutira-escondiendo-mi-cancion-de-piajoi\\\/\",\"name\":\"Ayore\u0301 Canci\u00f3n: Escondiendo Mi Canci\u00f3n De Piajoi \u2022 Ayore.org\",\"isPartOf\":{\"@id\":\"https:\\\/\\\/ayore.org\\\/#website\"},\"datePublished\":\"2018-08-06T05:30:49+00:00\",\"dateModified\":\"2019-03-04T18:59:58+00:00\",\"breadcrumb\":{\"@id\":\"https:\\\/\\\/ayore.org\\\/es\\\/cultura\\\/canciones-nativas\\\/jutira-escondiendo-mi-cancion-de-piajoi\\\/#breadcrumb\"},\"inLanguage\":\"es-AR\",\"potentialAction\":[{\"@type\":\"ReadAction\",\"target\":[\"https:\\\/\\\/ayore.org\\\/es\\\/cultura\\\/canciones-nativas\\\/jutira-escondiendo-mi-cancion-de-piajoi\\\/\"]}]},{\"@type\":\"BreadcrumbList\",\"@id\":\"https:\\\/\\\/ayore.org\\\/es\\\/cultura\\\/canciones-nativas\\\/jutira-escondiendo-mi-cancion-de-piajoi\\\/#breadcrumb\",\"itemListElement\":[{\"@type\":\"ListItem\",\"position\":1,\"name\":\"Inicio\",\"item\":\"https:\\\/\\\/ayore.org\\\/es\\\/\"},{\"@type\":\"ListItem\",\"position\":2,\"name\":\"Cultura\",\"item\":\"https:\\\/\\\/ayore.org\\\/es\\\/cultura\\\/\"},{\"@type\":\"ListItem\",\"position\":3,\"name\":\"Canciones Nativas\",\"item\":\"https:\\\/\\\/ayore.org\\\/es\\\/cultura\\\/canciones-nativas\\\/\"},{\"@type\":\"ListItem\",\"position\":4,\"name\":\"Manuelne\u0301 &#8211; Esconde su canci\u00f3n de Piajoi\"}]},{\"@type\":\"WebSite\",\"@id\":\"https:\\\/\\\/ayore.org\\\/#website\",\"url\":\"https:\\\/\\\/ayore.org\\\/\",\"name\":\"AYORE.ORG\",\"description\":\"Idioma, Cultura e Historia de la Tribu Ayor\u00e9\",\"potentialAction\":[{\"@type\":\"SearchAction\",\"target\":{\"@type\":\"EntryPoint\",\"urlTemplate\":\"https:\\\/\\\/ayore.org\\\/?s={search_term_string}\"},\"query-input\":{\"@type\":\"PropertyValueSpecification\",\"valueRequired\":true,\"valueName\":\"search_term_string\"}}],\"inLanguage\":\"es-AR\"}]}<\/script>\n<!-- \/ Yoast SEO plugin. -->","yoast_head_json":{"title":"Ayore\u0301 Canci\u00f3n: Escondiendo Mi Canci\u00f3n De Piajoi \u2022 Ayore.org","robots":{"index":"index","follow":"follow","max-snippet":"max-snippet:-1","max-image-preview":"max-image-preview:large","max-video-preview":"max-video-preview:-1"},"canonical":"https:\/\/ayore.org\/es\/cultura\/canciones-nativas\/jutira-escondiendo-mi-cancion-de-piajoi\/","og_locale":"es_ES","og_type":"article","og_title":"Ayore\u0301 Canci\u00f3n: Escondiendo Mi Canci\u00f3n De Piajoi \u2022 Ayore.org","og_description":"Piajoi acote u Jutira La esposa de Piajoi era Jutira:\u00a0 (El canto sobre un pariente, es un tipo de bendici\u00f3n.)\u00a0 \u00a0 \u00a0 \u00a0 \u00a0 \u00a0 \u00a0\u00a0 Voy a cantar sobre Piajoi y la joven que le hizo el amor. Esa","og_url":"https:\/\/ayore.org\/es\/cultura\/canciones-nativas\/jutira-escondiendo-mi-cancion-de-piajoi\/","og_site_name":"AYORE.ORG","article_modified_time":"2019-03-04T18:59:58+00:00","twitter_card":"summary_large_image","twitter_misc":{"Tiempo de lectura":"1 minuto"},"schema":{"@context":"https:\/\/schema.org","@graph":[{"@type":"WebPage","@id":"https:\/\/ayore.org\/es\/cultura\/canciones-nativas\/jutira-escondiendo-mi-cancion-de-piajoi\/","url":"https:\/\/ayore.org\/es\/cultura\/canciones-nativas\/jutira-escondiendo-mi-cancion-de-piajoi\/","name":"Ayore\u0301 Canci\u00f3n: Escondiendo Mi Canci\u00f3n De Piajoi \u2022 Ayore.org","isPartOf":{"@id":"https:\/\/ayore.org\/#website"},"datePublished":"2018-08-06T05:30:49+00:00","dateModified":"2019-03-04T18:59:58+00:00","breadcrumb":{"@id":"https:\/\/ayore.org\/es\/cultura\/canciones-nativas\/jutira-escondiendo-mi-cancion-de-piajoi\/#breadcrumb"},"inLanguage":"es-AR","potentialAction":[{"@type":"ReadAction","target":["https:\/\/ayore.org\/es\/cultura\/canciones-nativas\/jutira-escondiendo-mi-cancion-de-piajoi\/"]}]},{"@type":"BreadcrumbList","@id":"https:\/\/ayore.org\/es\/cultura\/canciones-nativas\/jutira-escondiendo-mi-cancion-de-piajoi\/#breadcrumb","itemListElement":[{"@type":"ListItem","position":1,"name":"Inicio","item":"https:\/\/ayore.org\/es\/"},{"@type":"ListItem","position":2,"name":"Cultura","item":"https:\/\/ayore.org\/es\/cultura\/"},{"@type":"ListItem","position":3,"name":"Canciones Nativas","item":"https:\/\/ayore.org\/es\/cultura\/canciones-nativas\/"},{"@type":"ListItem","position":4,"name":"Manuelne\u0301 &#8211; Esconde su canci\u00f3n de Piajoi"}]},{"@type":"WebSite","@id":"https:\/\/ayore.org\/#website","url":"https:\/\/ayore.org\/","name":"AYORE.ORG","description":"Idioma, Cultura e Historia de la Tribu Ayor\u00e9","potentialAction":[{"@type":"SearchAction","target":{"@type":"EntryPoint","urlTemplate":"https:\/\/ayore.org\/?s={search_term_string}"},"query-input":{"@type":"PropertyValueSpecification","valueRequired":true,"valueName":"search_term_string"}}],"inLanguage":"es-AR"}]}},"_links":{"self":[{"href":"https:\/\/ayore.org\/es\/wp-json\/wp\/v2\/pages\/581","targetHints":{"allow":["GET"]}}],"collection":[{"href":"https:\/\/ayore.org\/es\/wp-json\/wp\/v2\/pages"}],"about":[{"href":"https:\/\/ayore.org\/es\/wp-json\/wp\/v2\/types\/page"}],"author":[{"embeddable":true,"href":"https:\/\/ayore.org\/es\/wp-json\/wp\/v2\/users\/2"}],"replies":[{"embeddable":true,"href":"https:\/\/ayore.org\/es\/wp-json\/wp\/v2\/comments?post=581"}],"version-history":[{"count":3,"href":"https:\/\/ayore.org\/es\/wp-json\/wp\/v2\/pages\/581\/revisions"}],"predecessor-version":[{"id":3250,"href":"https:\/\/ayore.org\/es\/wp-json\/wp\/v2\/pages\/581\/revisions\/3250"}],"up":[{"embeddable":true,"href":"https:\/\/ayore.org\/es\/wp-json\/wp\/v2\/pages\/292"}],"wp:attachment":[{"href":"https:\/\/ayore.org\/es\/wp-json\/wp\/v2\/media?parent=581"}],"curies":[{"name":"wp","href":"https:\/\/api.w.org\/{rel}","templated":true}]}}