{"id":578,"date":"2018-08-06T05:26:22","date_gmt":"2018-08-06T05:26:22","guid":{"rendered":"https:\/\/ayore.org\/?page_id=578"},"modified":"2019-03-04T18:18:18","modified_gmt":"2019-03-04T18:18:18","slug":"cantare-sobre-mi-dolor","status":"publish","type":"page","link":"https:\/\/ayore.org\/es\/cultura\/canciones-nativas\/cantare-sobre-mi-dolor\/","title":{"rendered":"Pejno\u0301code &#8211; Cantar\u00e9 sobre mi dolor"},"content":{"rendered":"<p><em>Pejn\u00f3code chedo dajnusi\u00e9tigade ome dacote\u0301<\/em><\/p>\n<p><em><strong>Pejno\u0301code canta de la que antes era su esposa:<\/strong><\/em><\/p>\n<p>Voy a cantar un poco.<\/p>\n<p>Voy a cantar acerca de mi tristeza. Me voy a la monta\u00f1a que dej\u00e9 atr\u00e1s en Tobit\u00e9 a causa de mi dolor. Hoy estoy de regreso. Voy a volver a mis hermanos menores. Realmente echo de menos mis hermanos menores. Mientras yo estaba en Santa Cruz, lo \u00fanico que pod\u00eda pensar era en mis hermanos.<\/p>\n<p>Un d\u00eda me sub\u00ed al tren. Yo estaba de luto, a causa de mi dolor.<\/p>\n<p>Fui a la estaci\u00f3n del ferrocarril tan pronto como el sol sali\u00f3 para esperar la llegada del tren.<\/p>\n<p>Estoy cantando, pero me estoy ense\u00f1ando a m\u00ed mismo mientras canto. Es como si yo estuviera ense\u00f1ando a alguien m\u00e1s, pero realmente me estoy ense\u00f1ando a m\u00ed mismo.<\/p>\n<p>Yo estaba triste, pero dej\u00e9 un poco de mi tristeza cuando empec\u00e9 a coquetear. Yo estaba todav\u00eda solo, pero no me sent\u00eda tan solo. Yo estaba jugando, pero pronto me cans\u00e9 de jugar. As\u00ed que me voy.<\/p>\n<p>En el viaje me preguntaba: Cuando llegue all\u00ed, \u00bf<em>Dapur\u00e9<\/em> tendr\u00e1 otro marido?<\/p>\n<p>He llegado, pero no estamos de nuevo juntos. Probablemente ella piensa que yo no la he extra\u00f1ado. Claro que la extra\u00f1o, pero estoy solo ahora y perdiendo el tiempo con otras mujeres, cantando como si yo no la extra\u00f1ara. Diferentes ni\u00f1as se acerquen a m\u00ed, pero yo no voy con cualquiera de ellas.\u00a0 Echo de menos a una, la que era una prostituta, una mascota de los hombres blancos. Las otras s\u00f3lo me ponen triste. No quiero a nadie m\u00e1s, s\u00f3lo quiero quedarme con una sola por mucho tiempo.<\/p>\n<p>He jugado un poco estando entre la gente blanca. Pienso en hacer mi propio jardin, pero luego recuerdo que no tengo una esposa, por lo que es s\u00f3lo un pensamiento. Lo que realmente me gustar\u00eda hacer es hacer mi propia granja si yo tuviera una compa\u00f1era. Si pudiera estar una vez m\u00e1s con aquella mujer que sol\u00eda ser una prostituta, una mascota de hombres blancos.<\/p>\n<p>Pejno\u0301code \u2013 Tobite\u0301, Bolivia \u2013 1965<\/p>\n<p>Transcrito por: Joyce Davis Buchegger.<\/p>\n<p>Traducido al espa\u00f1ol por: Maxine Morarie.<\/p>\n<div class=\"navigation\"><div class=\"alignleft\"><a href=\"https:\/\/ayore.org\/es\/cultura\/canciones-nativas\/josede-cantare-sobre-guidabia\/\"title=\"Jose\u0301de\u0301 &#8211; Cantare\u0301 sobre Guidabi\u0301a\"><img loading=\"lazy\" decoding=\"async\" src=\"https:\/\/ayore.org\/wp-content\/uploads\/2018\/10\/left-arrow.png\" width=\"50\" height=\"48\" alt=\"left arrow\"><\/a><\/div><div class=\"alignright\"><a href=\"https:\/\/ayore.org\/es\/cultura\/canciones-nativas\/jutira-escondiendo-mi-cancion-de-piajoi\/\"title=\"Manuelne\u0301 &#8211; Esconde su canci\u00f3n de Piajoi\"><img loading=\"lazy\" decoding=\"async\" src=\"https:\/\/ayore.org\/wp-content\/uploads\/2018\/10\/right-arrow.png\" width=\"50\" height=\"48\" alt=\"right arrow\"><\/a><\/div>\n","protected":false},"excerpt":{"rendered":"<p>Pejn\u00f3code chedo dajnusi\u00e9tigade ome dacote\u0301 Pejno\u0301code canta de la que antes era su esposa: Voy a cantar un poco. Voy a cantar acerca de mi tristeza. Me voy a la monta\u00f1a que dej\u00e9 atr\u00e1s en Tobit\u00e9 a causa de mi<\/p>\n","protected":false},"author":2,"featured_media":0,"parent":292,"menu_order":0,"comment_status":"closed","ping_status":"closed","template":"","meta":{"footnotes":""},"class_list":["post-578","page","type-page","status-publish","hentry"],"yoast_head":"<!-- This site is optimized with the Yoast SEO plugin v27.4 - https:\/\/yoast.com\/product\/yoast-seo-wordpress\/ -->\n<title>Ayore\u0301 Canci\u00f3n: Cantar\u00e9 Sobre Mi Dolor \u2022 Ayore.org<\/title>\n<meta name=\"robots\" content=\"index, follow, max-snippet:-1, max-image-preview:large, max-video-preview:-1\" \/>\n<link rel=\"canonical\" href=\"https:\/\/ayore.org\/es\/cultura\/canciones-nativas\/cantare-sobre-mi-dolor\/\" \/>\n<meta property=\"og:locale\" content=\"es_ES\" \/>\n<meta property=\"og:type\" content=\"article\" \/>\n<meta property=\"og:title\" content=\"Ayore\u0301 Canci\u00f3n: Cantar\u00e9 Sobre Mi Dolor \u2022 Ayore.org\" \/>\n<meta property=\"og:description\" content=\"Pejn\u00f3code chedo dajnusi\u00e9tigade ome dacote\u0301 Pejno\u0301code canta de la que antes era su esposa: Voy a cantar un poco. Voy a cantar acerca de mi tristeza. Me voy a la monta\u00f1a que dej\u00e9 atr\u00e1s en Tobit\u00e9 a causa de mi\" \/>\n<meta property=\"og:url\" content=\"https:\/\/ayore.org\/es\/cultura\/canciones-nativas\/cantare-sobre-mi-dolor\/\" \/>\n<meta property=\"og:site_name\" content=\"AYORE.ORG\" \/>\n<meta property=\"article:modified_time\" content=\"2019-03-04T18:18:18+00:00\" \/>\n<meta name=\"twitter:card\" content=\"summary_large_image\" \/>\n<meta name=\"twitter:label1\" content=\"Tiempo de lectura\" \/>\n\t<meta name=\"twitter:data1\" content=\"2 minutos\" \/>\n<script type=\"application\/ld+json\" class=\"yoast-schema-graph\">{\"@context\":\"https:\\\/\\\/schema.org\",\"@graph\":[{\"@type\":\"WebPage\",\"@id\":\"https:\\\/\\\/ayore.org\\\/es\\\/cultura\\\/canciones-nativas\\\/cantare-sobre-mi-dolor\\\/\",\"url\":\"https:\\\/\\\/ayore.org\\\/es\\\/cultura\\\/canciones-nativas\\\/cantare-sobre-mi-dolor\\\/\",\"name\":\"Ayore\u0301 Canci\u00f3n: Cantar\u00e9 Sobre Mi Dolor \u2022 Ayore.org\",\"isPartOf\":{\"@id\":\"https:\\\/\\\/ayore.org\\\/#website\"},\"datePublished\":\"2018-08-06T05:26:22+00:00\",\"dateModified\":\"2019-03-04T18:18:18+00:00\",\"breadcrumb\":{\"@id\":\"https:\\\/\\\/ayore.org\\\/es\\\/cultura\\\/canciones-nativas\\\/cantare-sobre-mi-dolor\\\/#breadcrumb\"},\"inLanguage\":\"es-AR\",\"potentialAction\":[{\"@type\":\"ReadAction\",\"target\":[\"https:\\\/\\\/ayore.org\\\/es\\\/cultura\\\/canciones-nativas\\\/cantare-sobre-mi-dolor\\\/\"]}]},{\"@type\":\"BreadcrumbList\",\"@id\":\"https:\\\/\\\/ayore.org\\\/es\\\/cultura\\\/canciones-nativas\\\/cantare-sobre-mi-dolor\\\/#breadcrumb\",\"itemListElement\":[{\"@type\":\"ListItem\",\"position\":1,\"name\":\"Inicio\",\"item\":\"https:\\\/\\\/ayore.org\\\/es\\\/\"},{\"@type\":\"ListItem\",\"position\":2,\"name\":\"Cultura\",\"item\":\"https:\\\/\\\/ayore.org\\\/es\\\/cultura\\\/\"},{\"@type\":\"ListItem\",\"position\":3,\"name\":\"Canciones Nativas\",\"item\":\"https:\\\/\\\/ayore.org\\\/es\\\/cultura\\\/canciones-nativas\\\/\"},{\"@type\":\"ListItem\",\"position\":4,\"name\":\"Pejno\u0301code &#8211; Cantar\u00e9 sobre mi dolor\"}]},{\"@type\":\"WebSite\",\"@id\":\"https:\\\/\\\/ayore.org\\\/#website\",\"url\":\"https:\\\/\\\/ayore.org\\\/\",\"name\":\"AYORE.ORG\",\"description\":\"Idioma, Cultura e Historia de la Tribu Ayor\u00e9\",\"potentialAction\":[{\"@type\":\"SearchAction\",\"target\":{\"@type\":\"EntryPoint\",\"urlTemplate\":\"https:\\\/\\\/ayore.org\\\/?s={search_term_string}\"},\"query-input\":{\"@type\":\"PropertyValueSpecification\",\"valueRequired\":true,\"valueName\":\"search_term_string\"}}],\"inLanguage\":\"es-AR\"}]}<\/script>\n<!-- \/ Yoast SEO plugin. -->","yoast_head_json":{"title":"Ayore\u0301 Canci\u00f3n: Cantar\u00e9 Sobre Mi Dolor \u2022 Ayore.org","robots":{"index":"index","follow":"follow","max-snippet":"max-snippet:-1","max-image-preview":"max-image-preview:large","max-video-preview":"max-video-preview:-1"},"canonical":"https:\/\/ayore.org\/es\/cultura\/canciones-nativas\/cantare-sobre-mi-dolor\/","og_locale":"es_ES","og_type":"article","og_title":"Ayore\u0301 Canci\u00f3n: Cantar\u00e9 Sobre Mi Dolor \u2022 Ayore.org","og_description":"Pejn\u00f3code chedo dajnusi\u00e9tigade ome dacote\u0301 Pejno\u0301code canta de la que antes era su esposa: Voy a cantar un poco. Voy a cantar acerca de mi tristeza. Me voy a la monta\u00f1a que dej\u00e9 atr\u00e1s en Tobit\u00e9 a causa de mi","og_url":"https:\/\/ayore.org\/es\/cultura\/canciones-nativas\/cantare-sobre-mi-dolor\/","og_site_name":"AYORE.ORG","article_modified_time":"2019-03-04T18:18:18+00:00","twitter_card":"summary_large_image","twitter_misc":{"Tiempo de lectura":"2 minutos"},"schema":{"@context":"https:\/\/schema.org","@graph":[{"@type":"WebPage","@id":"https:\/\/ayore.org\/es\/cultura\/canciones-nativas\/cantare-sobre-mi-dolor\/","url":"https:\/\/ayore.org\/es\/cultura\/canciones-nativas\/cantare-sobre-mi-dolor\/","name":"Ayore\u0301 Canci\u00f3n: Cantar\u00e9 Sobre Mi Dolor \u2022 Ayore.org","isPartOf":{"@id":"https:\/\/ayore.org\/#website"},"datePublished":"2018-08-06T05:26:22+00:00","dateModified":"2019-03-04T18:18:18+00:00","breadcrumb":{"@id":"https:\/\/ayore.org\/es\/cultura\/canciones-nativas\/cantare-sobre-mi-dolor\/#breadcrumb"},"inLanguage":"es-AR","potentialAction":[{"@type":"ReadAction","target":["https:\/\/ayore.org\/es\/cultura\/canciones-nativas\/cantare-sobre-mi-dolor\/"]}]},{"@type":"BreadcrumbList","@id":"https:\/\/ayore.org\/es\/cultura\/canciones-nativas\/cantare-sobre-mi-dolor\/#breadcrumb","itemListElement":[{"@type":"ListItem","position":1,"name":"Inicio","item":"https:\/\/ayore.org\/es\/"},{"@type":"ListItem","position":2,"name":"Cultura","item":"https:\/\/ayore.org\/es\/cultura\/"},{"@type":"ListItem","position":3,"name":"Canciones Nativas","item":"https:\/\/ayore.org\/es\/cultura\/canciones-nativas\/"},{"@type":"ListItem","position":4,"name":"Pejno\u0301code &#8211; Cantar\u00e9 sobre mi dolor"}]},{"@type":"WebSite","@id":"https:\/\/ayore.org\/#website","url":"https:\/\/ayore.org\/","name":"AYORE.ORG","description":"Idioma, Cultura e Historia de la Tribu Ayor\u00e9","potentialAction":[{"@type":"SearchAction","target":{"@type":"EntryPoint","urlTemplate":"https:\/\/ayore.org\/?s={search_term_string}"},"query-input":{"@type":"PropertyValueSpecification","valueRequired":true,"valueName":"search_term_string"}}],"inLanguage":"es-AR"}]}},"_links":{"self":[{"href":"https:\/\/ayore.org\/es\/wp-json\/wp\/v2\/pages\/578","targetHints":{"allow":["GET"]}}],"collection":[{"href":"https:\/\/ayore.org\/es\/wp-json\/wp\/v2\/pages"}],"about":[{"href":"https:\/\/ayore.org\/es\/wp-json\/wp\/v2\/types\/page"}],"author":[{"embeddable":true,"href":"https:\/\/ayore.org\/es\/wp-json\/wp\/v2\/users\/2"}],"replies":[{"embeddable":true,"href":"https:\/\/ayore.org\/es\/wp-json\/wp\/v2\/comments?post=578"}],"version-history":[{"count":4,"href":"https:\/\/ayore.org\/es\/wp-json\/wp\/v2\/pages\/578\/revisions"}],"predecessor-version":[{"id":3242,"href":"https:\/\/ayore.org\/es\/wp-json\/wp\/v2\/pages\/578\/revisions\/3242"}],"up":[{"embeddable":true,"href":"https:\/\/ayore.org\/es\/wp-json\/wp\/v2\/pages\/292"}],"wp:attachment":[{"href":"https:\/\/ayore.org\/es\/wp-json\/wp\/v2\/media?parent=578"}],"curies":[{"name":"wp","href":"https:\/\/api.w.org\/{rel}","templated":true}]}}