{"id":573,"date":"2018-08-03T01:34:06","date_gmt":"2018-08-03T01:34:06","guid":{"rendered":"https:\/\/ayore.org\/?page_id=573"},"modified":"2019-03-04T17:41:05","modified_gmt":"2019-03-04T17:41:05","slug":"josede-cantare-sobre-guidabia","status":"publish","type":"page","link":"https:\/\/ayore.org\/es\/cultura\/canciones-nativas\/josede-cantare-sobre-guidabia\/","title":{"rendered":"Jose\u0301de\u0301 &#8211; Cantare\u0301 sobre Guidabi\u0301a"},"content":{"rendered":"<p><strong>\u00a0<\/strong><em>Jos\u00e9d\u00e9\u00a0 Chijn\u0303ecare<\/em><\/p>\n<p><em><strong>Jose\u0301de\u0301 Canta:<\/strong><\/em><\/p>\n<p>Yo cantar\u00e9. Cantar\u00e9 sobre <em>Guidab\u00eda (Os\u00f5r\u00e1dat\u00e9)<\/em>. La que yo quer\u00eda era una ni\u00f1a. Mi amigo, esc\u00fachame e im\u00edtame junto con nuestro amigo y los que me imitan. No se averg\u00fcencen de m\u00ed.<\/p>\n<p>Incluir\u00e9 otra chica mientras cantamos, cantar\u00e9 sobre <em>Taj\u00e9rogue<\/em> en este momento. Supuestamente, tuve relaciones con ella cuando estaba lejos de mi campamento, y ella me escuch\u00f3 sobre sus cosas y sus parientes, pero probablemente se arrepinti\u00f3 m\u00e1s tarde cuando est\u00e1bamos lejos.<\/p>\n<p>Mi esposa dijo: &#8220;Los hombres se consideran tan valientes cuando est\u00e1n en otros campamentos. Y ella (<em>Tag\u00e9rogue<\/em>) siempre ha tirado a sus maridos en otros lugares.&#8221;<\/p>\n<p>Volv\u00ed a mis hermanas. Sent\u00ed mucho los sufrimientos puestos en ellas. Pues cuando la gente blanca los mat\u00f3 a sus parientes, enseguida regres\u00e9 a mis hermanas. Me culpo a mi mismo por lo que ellas tendr\u00e1n que sufrir.<\/p>\n<p>Jose\u0301de\u0301 \u2013 Tobite\u0301, Bolivia \u2013 1965<\/p>\n<p>Transcrito por: Joyce Davis Buchegger.<\/p>\n<p>Traducido al espa\u00f1ol por: Maxine Morarie.<\/p>\n<div class=\"navigation\"><div class=\"alignleft\"><a href=\"https:\/\/ayore.org\/es\/cultura\/canciones-nativas\/jnanine-cantare-sobre-la-mujer-que-rie\/\"title=\"Jnan\u00edn\u00e9 &#8211; Cantar\u00e9 sobre Cheque Dago\"><img loading=\"lazy\" decoding=\"async\" src=\"https:\/\/ayore.org\/wp-content\/uploads\/2018\/10\/left-arrow.png\" width=\"50\" height=\"48\" alt=\"left arrow\"><\/a><\/div><div class=\"alignright\"><a href=\"https:\/\/ayore.org\/es\/cultura\/canciones-nativas\/cantare-sobre-mi-dolor\/\"title=\"Pejno\u0301code &#8211; Cantar\u00e9 sobre mi dolor\"><img loading=\"lazy\" decoding=\"async\" src=\"https:\/\/ayore.org\/wp-content\/uploads\/2018\/10\/right-arrow.png\" width=\"50\" height=\"48\" alt=\"right arrow\"><\/a><\/div>\n","protected":false},"excerpt":{"rendered":"<p>\u00a0Jos\u00e9d\u00e9\u00a0 Chijn\u0303ecare Jose\u0301de\u0301 Canta: Yo cantar\u00e9. Cantar\u00e9 sobre Guidab\u00eda (Os\u00f5r\u00e1dat\u00e9). La que yo quer\u00eda era una ni\u00f1a. Mi amigo, esc\u00fachame e im\u00edtame junto con nuestro amigo y los que me imitan. No se averg\u00fcencen de m\u00ed. Incluir\u00e9 otra chica mientras<\/p>\n","protected":false},"author":2,"featured_media":0,"parent":292,"menu_order":0,"comment_status":"closed","ping_status":"closed","template":"","meta":{"footnotes":""},"class_list":["post-573","page","type-page","status-publish","hentry"],"yoast_head":"<!-- This site is optimized with the Yoast SEO plugin v27.4 - https:\/\/yoast.com\/product\/yoast-seo-wordpress\/ -->\n<title>Ayore\u0301 Canci\u00f3n: Cantare\u0301 Sobre Guidabi\u0301A \u2022 Ayore.org<\/title>\n<meta name=\"robots\" content=\"index, follow, max-snippet:-1, max-image-preview:large, max-video-preview:-1\" \/>\n<link rel=\"canonical\" href=\"https:\/\/ayore.org\/es\/cultura\/canciones-nativas\/josede-cantare-sobre-guidabia\/\" \/>\n<meta property=\"og:locale\" content=\"es_ES\" \/>\n<meta property=\"og:type\" content=\"article\" \/>\n<meta property=\"og:title\" content=\"Ayore\u0301 Canci\u00f3n: Cantare\u0301 Sobre Guidabi\u0301A \u2022 Ayore.org\" \/>\n<meta property=\"og:description\" content=\"\u00a0Jos\u00e9d\u00e9\u00a0 Chijn\u0303ecare Jose\u0301de\u0301 Canta: Yo cantar\u00e9. Cantar\u00e9 sobre Guidab\u00eda (Os\u00f5r\u00e1dat\u00e9). La que yo quer\u00eda era una ni\u00f1a. Mi amigo, esc\u00fachame e im\u00edtame junto con nuestro amigo y los que me imitan. No se averg\u00fcencen de m\u00ed. Incluir\u00e9 otra chica mientras\" \/>\n<meta property=\"og:url\" content=\"https:\/\/ayore.org\/es\/cultura\/canciones-nativas\/josede-cantare-sobre-guidabia\/\" \/>\n<meta property=\"og:site_name\" content=\"AYORE.ORG\" \/>\n<meta property=\"article:modified_time\" content=\"2019-03-04T17:41:05+00:00\" \/>\n<meta name=\"twitter:card\" content=\"summary_large_image\" \/>\n<meta name=\"twitter:label1\" content=\"Tiempo de lectura\" \/>\n\t<meta name=\"twitter:data1\" content=\"1 minuto\" \/>\n<script type=\"application\/ld+json\" class=\"yoast-schema-graph\">{\"@context\":\"https:\\\/\\\/schema.org\",\"@graph\":[{\"@type\":\"WebPage\",\"@id\":\"https:\\\/\\\/ayore.org\\\/es\\\/cultura\\\/canciones-nativas\\\/josede-cantare-sobre-guidabia\\\/\",\"url\":\"https:\\\/\\\/ayore.org\\\/es\\\/cultura\\\/canciones-nativas\\\/josede-cantare-sobre-guidabia\\\/\",\"name\":\"Ayore\u0301 Canci\u00f3n: Cantare\u0301 Sobre Guidabi\u0301A \u2022 Ayore.org\",\"isPartOf\":{\"@id\":\"https:\\\/\\\/ayore.org\\\/#website\"},\"datePublished\":\"2018-08-03T01:34:06+00:00\",\"dateModified\":\"2019-03-04T17:41:05+00:00\",\"breadcrumb\":{\"@id\":\"https:\\\/\\\/ayore.org\\\/es\\\/cultura\\\/canciones-nativas\\\/josede-cantare-sobre-guidabia\\\/#breadcrumb\"},\"inLanguage\":\"es-AR\",\"potentialAction\":[{\"@type\":\"ReadAction\",\"target\":[\"https:\\\/\\\/ayore.org\\\/es\\\/cultura\\\/canciones-nativas\\\/josede-cantare-sobre-guidabia\\\/\"]}]},{\"@type\":\"BreadcrumbList\",\"@id\":\"https:\\\/\\\/ayore.org\\\/es\\\/cultura\\\/canciones-nativas\\\/josede-cantare-sobre-guidabia\\\/#breadcrumb\",\"itemListElement\":[{\"@type\":\"ListItem\",\"position\":1,\"name\":\"Inicio\",\"item\":\"https:\\\/\\\/ayore.org\\\/es\\\/\"},{\"@type\":\"ListItem\",\"position\":2,\"name\":\"Cultura\",\"item\":\"https:\\\/\\\/ayore.org\\\/es\\\/cultura\\\/\"},{\"@type\":\"ListItem\",\"position\":3,\"name\":\"Canciones Nativas\",\"item\":\"https:\\\/\\\/ayore.org\\\/es\\\/cultura\\\/canciones-nativas\\\/\"},{\"@type\":\"ListItem\",\"position\":4,\"name\":\"Jose\u0301de\u0301 &#8211; Cantare\u0301 sobre Guidabi\u0301a\"}]},{\"@type\":\"WebSite\",\"@id\":\"https:\\\/\\\/ayore.org\\\/#website\",\"url\":\"https:\\\/\\\/ayore.org\\\/\",\"name\":\"AYORE.ORG\",\"description\":\"Idioma, Cultura e Historia de la Tribu Ayor\u00e9\",\"potentialAction\":[{\"@type\":\"SearchAction\",\"target\":{\"@type\":\"EntryPoint\",\"urlTemplate\":\"https:\\\/\\\/ayore.org\\\/?s={search_term_string}\"},\"query-input\":{\"@type\":\"PropertyValueSpecification\",\"valueRequired\":true,\"valueName\":\"search_term_string\"}}],\"inLanguage\":\"es-AR\"}]}<\/script>\n<!-- \/ Yoast SEO plugin. -->","yoast_head_json":{"title":"Ayore\u0301 Canci\u00f3n: Cantare\u0301 Sobre Guidabi\u0301A \u2022 Ayore.org","robots":{"index":"index","follow":"follow","max-snippet":"max-snippet:-1","max-image-preview":"max-image-preview:large","max-video-preview":"max-video-preview:-1"},"canonical":"https:\/\/ayore.org\/es\/cultura\/canciones-nativas\/josede-cantare-sobre-guidabia\/","og_locale":"es_ES","og_type":"article","og_title":"Ayore\u0301 Canci\u00f3n: Cantare\u0301 Sobre Guidabi\u0301A \u2022 Ayore.org","og_description":"\u00a0Jos\u00e9d\u00e9\u00a0 Chijn\u0303ecare Jose\u0301de\u0301 Canta: Yo cantar\u00e9. Cantar\u00e9 sobre Guidab\u00eda (Os\u00f5r\u00e1dat\u00e9). La que yo quer\u00eda era una ni\u00f1a. Mi amigo, esc\u00fachame e im\u00edtame junto con nuestro amigo y los que me imitan. No se averg\u00fcencen de m\u00ed. Incluir\u00e9 otra chica mientras","og_url":"https:\/\/ayore.org\/es\/cultura\/canciones-nativas\/josede-cantare-sobre-guidabia\/","og_site_name":"AYORE.ORG","article_modified_time":"2019-03-04T17:41:05+00:00","twitter_card":"summary_large_image","twitter_misc":{"Tiempo de lectura":"1 minuto"},"schema":{"@context":"https:\/\/schema.org","@graph":[{"@type":"WebPage","@id":"https:\/\/ayore.org\/es\/cultura\/canciones-nativas\/josede-cantare-sobre-guidabia\/","url":"https:\/\/ayore.org\/es\/cultura\/canciones-nativas\/josede-cantare-sobre-guidabia\/","name":"Ayore\u0301 Canci\u00f3n: Cantare\u0301 Sobre Guidabi\u0301A \u2022 Ayore.org","isPartOf":{"@id":"https:\/\/ayore.org\/#website"},"datePublished":"2018-08-03T01:34:06+00:00","dateModified":"2019-03-04T17:41:05+00:00","breadcrumb":{"@id":"https:\/\/ayore.org\/es\/cultura\/canciones-nativas\/josede-cantare-sobre-guidabia\/#breadcrumb"},"inLanguage":"es-AR","potentialAction":[{"@type":"ReadAction","target":["https:\/\/ayore.org\/es\/cultura\/canciones-nativas\/josede-cantare-sobre-guidabia\/"]}]},{"@type":"BreadcrumbList","@id":"https:\/\/ayore.org\/es\/cultura\/canciones-nativas\/josede-cantare-sobre-guidabia\/#breadcrumb","itemListElement":[{"@type":"ListItem","position":1,"name":"Inicio","item":"https:\/\/ayore.org\/es\/"},{"@type":"ListItem","position":2,"name":"Cultura","item":"https:\/\/ayore.org\/es\/cultura\/"},{"@type":"ListItem","position":3,"name":"Canciones Nativas","item":"https:\/\/ayore.org\/es\/cultura\/canciones-nativas\/"},{"@type":"ListItem","position":4,"name":"Jose\u0301de\u0301 &#8211; Cantare\u0301 sobre Guidabi\u0301a"}]},{"@type":"WebSite","@id":"https:\/\/ayore.org\/#website","url":"https:\/\/ayore.org\/","name":"AYORE.ORG","description":"Idioma, Cultura e Historia de la Tribu Ayor\u00e9","potentialAction":[{"@type":"SearchAction","target":{"@type":"EntryPoint","urlTemplate":"https:\/\/ayore.org\/?s={search_term_string}"},"query-input":{"@type":"PropertyValueSpecification","valueRequired":true,"valueName":"search_term_string"}}],"inLanguage":"es-AR"}]}},"_links":{"self":[{"href":"https:\/\/ayore.org\/es\/wp-json\/wp\/v2\/pages\/573","targetHints":{"allow":["GET"]}}],"collection":[{"href":"https:\/\/ayore.org\/es\/wp-json\/wp\/v2\/pages"}],"about":[{"href":"https:\/\/ayore.org\/es\/wp-json\/wp\/v2\/types\/page"}],"author":[{"embeddable":true,"href":"https:\/\/ayore.org\/es\/wp-json\/wp\/v2\/users\/2"}],"replies":[{"embeddable":true,"href":"https:\/\/ayore.org\/es\/wp-json\/wp\/v2\/comments?post=573"}],"version-history":[{"count":3,"href":"https:\/\/ayore.org\/es\/wp-json\/wp\/v2\/pages\/573\/revisions"}],"predecessor-version":[{"id":3234,"href":"https:\/\/ayore.org\/es\/wp-json\/wp\/v2\/pages\/573\/revisions\/3234"}],"up":[{"embeddable":true,"href":"https:\/\/ayore.org\/es\/wp-json\/wp\/v2\/pages\/292"}],"wp:attachment":[{"href":"https:\/\/ayore.org\/es\/wp-json\/wp\/v2\/media?parent=573"}],"curies":[{"name":"wp","href":"https:\/\/api.w.org\/{rel}","templated":true}]}}