{"id":571,"date":"2018-08-03T01:32:03","date_gmt":"2018-08-03T01:32:03","guid":{"rendered":"https:\/\/ayore.org\/?page_id=571"},"modified":"2019-03-04T20:01:37","modified_gmt":"2019-03-04T20:01:37","slug":"jnanine-cantare-sobre-la-mujer-que-rie","status":"publish","type":"page","link":"https:\/\/ayore.org\/es\/cultura\/canciones-nativas\/jnanine-cantare-sobre-la-mujer-que-rie\/","title":{"rendered":"Jnan\u00edn\u00e9 &#8211; Cantar\u00e9 sobre Cheque Dago"},"content":{"rendered":"<p><em>Jnan\u00edn\u00e9 Chijn\u0303ecare<\/em><\/p>\n<p><em><strong>Jnani\u0301ne\u0301 Canta:<\/strong><\/em><\/p>\n<p>Voy a cantar sobre <em>Chequ\u00e9 Dago<\/em>, que era la esposa de los hombres j\u00f3venes. Supuestamente, tuve relaciones con una joven. Cuando <em>Pujn\u00facode<\/em> estaba fuera, me escuch\u00f3 cantar y me imit\u00f3. \u00c9l no me respet\u00f3. Intent\u00f3 imitar lo que cantaba sobre una ex esposa llamada <em>\u00c1tapide<\/em>.<\/p>\n<p>Voy a cantar ahora. Voy a cantar sobre <em>Cheque Dago<\/em>, que fue la esposa de varios j\u00f3venes.<\/p>\n<p><em>Cheque Dago<\/em> lleg\u00f3 a nuestro pueblo y <em>Cheque Dago<\/em> se refugi\u00f3 donde yo estaba a la sombra. (Pero <em>Jnanin\u00e9<\/em> no la dejar\u00eda entrar.)<\/p>\n<p>\u00c9l le dijo a ella: &#8220;Mira, <em>Cheque Dago<\/em>, d\u00e9jame ir, me voy con mis parientes. No quiero que mi esposa tire mis cosas. Ella tambi\u00e9n lo har\u00eda, porque has venido a m\u00ed &#8220;, le dije a <em>Cheque Dago<\/em>. &#8220;Entonces, ve a donde sea que vivas y dormir\u00e9 en mi casa. Soy un hombre de familia. Tengo hijos aqu\u00ed en el pueblo.\u201d<\/p>\n<p>Pero <em>Cheque Dago<\/em> me ignor\u00f3 y ella se acost\u00f3 conmigo.<\/p>\n<p><em>Cheque Dago<\/em> dijo: &#8220;<em>Jnan\u00edn\u00e9<\/em>, lev\u00e1ntate, vamos a mi casa y dormimos all\u00ed&#8221;.<\/p>\n<p>Lo que <em>Cheque Dago<\/em> quer\u00eda era llevarme con sus familiares donde estaban sus hermanas mayores. Me habr\u00edan puesto con los parientes masculinos porque yo era un joven var\u00f3n.<\/p>\n<p>No fui con ella a sus parientes.<\/p>\n<p>Tem\u00eda que mi esposa tirara mis cosas por salir con <em>Cheque Dago<\/em>.<\/p>\n<p><em>Jnani\u0301ne\u0301 \u2013 Tobit\u00e9, Bolivia \u2013 1965<\/em><\/p>\n<p><em style=\"font-weight: inherit;\">Transcribed by: Joyce Davis Buchegger<\/em><\/p>\n<p><em style=\"font-weight: inherit;\">Translated to English by: Maxine Morarie<\/em><\/p>\n<div class=\"navigation\"><div class=\"alignleft\"><a href=\"https:\/\/ayore.org\/es\/cultura\/canciones-nativas\/jadia-alguien-me-agarro-y-me-desperte\/\"title=\"Jadia &#8211; Alguien me agarr\u00f3 y me despert\u00e9\"><img loading=\"lazy\" decoding=\"async\" src=\"https:\/\/ayore.org\/wp-content\/uploads\/2018\/10\/left-arrow.png\" width=\"50\" height=\"48\" alt=\"left arrow\"><\/a><\/div><div class=\"alignright\"><a href=\"https:\/\/ayore.org\/es\/cultura\/canciones-nativas\/josede-cantare-sobre-guidabia\/\"title=\"Jose\u0301de\u0301 &#8211; Cantare\u0301 sobre Guidabi\u0301a\"><img loading=\"lazy\" decoding=\"async\" src=\"https:\/\/ayore.org\/wp-content\/uploads\/2018\/10\/right-arrow.png\" width=\"50\" height=\"48\" alt=\"right arrow\"><\/a><\/div>\n","protected":false},"excerpt":{"rendered":"<p>Jnan\u00edn\u00e9 Chijn\u0303ecare Jnani\u0301ne\u0301 Canta: Voy a cantar sobre Chequ\u00e9 Dago, que era la esposa de los hombres j\u00f3venes. Supuestamente, tuve relaciones con una joven. Cuando Pujn\u00facode estaba fuera, me escuch\u00f3 cantar y me imit\u00f3. \u00c9l no me respet\u00f3. Intent\u00f3 imitar<\/p>\n","protected":false},"author":2,"featured_media":0,"parent":292,"menu_order":0,"comment_status":"closed","ping_status":"closed","template":"","meta":{"footnotes":""},"class_list":["post-571","page","type-page","status-publish","hentry"],"yoast_head":"<!-- This site is optimized with the Yoast SEO plugin v27.4 - https:\/\/yoast.com\/product\/yoast-seo-wordpress\/ -->\n<title>Ayore\u0301 Canci\u00f3n: Cantar\u00e9 Sobre La Mujer Que Rie \u2022 Ayore.org<\/title>\n<meta name=\"robots\" content=\"index, follow, max-snippet:-1, max-image-preview:large, max-video-preview:-1\" \/>\n<link rel=\"canonical\" href=\"https:\/\/ayore.org\/es\/cultura\/canciones-nativas\/jnanine-cantare-sobre-la-mujer-que-rie\/\" \/>\n<meta property=\"og:locale\" content=\"es_ES\" \/>\n<meta property=\"og:type\" content=\"article\" \/>\n<meta property=\"og:title\" content=\"Ayore\u0301 Canci\u00f3n: Cantar\u00e9 Sobre La Mujer Que Rie \u2022 Ayore.org\" \/>\n<meta property=\"og:description\" content=\"Jnan\u00edn\u00e9 Chijn\u0303ecare Jnani\u0301ne\u0301 Canta: Voy a cantar sobre Chequ\u00e9 Dago, que era la esposa de los hombres j\u00f3venes. Supuestamente, tuve relaciones con una joven. Cuando Pujn\u00facode estaba fuera, me escuch\u00f3 cantar y me imit\u00f3. \u00c9l no me respet\u00f3. Intent\u00f3 imitar\" \/>\n<meta property=\"og:url\" content=\"https:\/\/ayore.org\/es\/cultura\/canciones-nativas\/jnanine-cantare-sobre-la-mujer-que-rie\/\" \/>\n<meta property=\"og:site_name\" content=\"AYORE.ORG\" \/>\n<meta property=\"article:modified_time\" content=\"2019-03-04T20:01:37+00:00\" \/>\n<meta name=\"twitter:card\" content=\"summary_large_image\" \/>\n<meta name=\"twitter:label1\" content=\"Tiempo de lectura\" \/>\n\t<meta name=\"twitter:data1\" content=\"1 minuto\" \/>\n<script type=\"application\/ld+json\" class=\"yoast-schema-graph\">{\"@context\":\"https:\\\/\\\/schema.org\",\"@graph\":[{\"@type\":\"WebPage\",\"@id\":\"https:\\\/\\\/ayore.org\\\/es\\\/cultura\\\/canciones-nativas\\\/jnanine-cantare-sobre-la-mujer-que-rie\\\/\",\"url\":\"https:\\\/\\\/ayore.org\\\/es\\\/cultura\\\/canciones-nativas\\\/jnanine-cantare-sobre-la-mujer-que-rie\\\/\",\"name\":\"Ayore\u0301 Canci\u00f3n: Cantar\u00e9 Sobre La Mujer Que Rie \u2022 Ayore.org\",\"isPartOf\":{\"@id\":\"https:\\\/\\\/ayore.org\\\/#website\"},\"datePublished\":\"2018-08-03T01:32:03+00:00\",\"dateModified\":\"2019-03-04T20:01:37+00:00\",\"breadcrumb\":{\"@id\":\"https:\\\/\\\/ayore.org\\\/es\\\/cultura\\\/canciones-nativas\\\/jnanine-cantare-sobre-la-mujer-que-rie\\\/#breadcrumb\"},\"inLanguage\":\"es-AR\",\"potentialAction\":[{\"@type\":\"ReadAction\",\"target\":[\"https:\\\/\\\/ayore.org\\\/es\\\/cultura\\\/canciones-nativas\\\/jnanine-cantare-sobre-la-mujer-que-rie\\\/\"]}]},{\"@type\":\"BreadcrumbList\",\"@id\":\"https:\\\/\\\/ayore.org\\\/es\\\/cultura\\\/canciones-nativas\\\/jnanine-cantare-sobre-la-mujer-que-rie\\\/#breadcrumb\",\"itemListElement\":[{\"@type\":\"ListItem\",\"position\":1,\"name\":\"Inicio\",\"item\":\"https:\\\/\\\/ayore.org\\\/es\\\/\"},{\"@type\":\"ListItem\",\"position\":2,\"name\":\"Cultura\",\"item\":\"https:\\\/\\\/ayore.org\\\/es\\\/cultura\\\/\"},{\"@type\":\"ListItem\",\"position\":3,\"name\":\"Canciones Nativas\",\"item\":\"https:\\\/\\\/ayore.org\\\/es\\\/cultura\\\/canciones-nativas\\\/\"},{\"@type\":\"ListItem\",\"position\":4,\"name\":\"Jnan\u00edn\u00e9 &#8211; Cantar\u00e9 sobre Cheque Dago\"}]},{\"@type\":\"WebSite\",\"@id\":\"https:\\\/\\\/ayore.org\\\/#website\",\"url\":\"https:\\\/\\\/ayore.org\\\/\",\"name\":\"AYORE.ORG\",\"description\":\"Idioma, Cultura e Historia de la Tribu Ayor\u00e9\",\"potentialAction\":[{\"@type\":\"SearchAction\",\"target\":{\"@type\":\"EntryPoint\",\"urlTemplate\":\"https:\\\/\\\/ayore.org\\\/?s={search_term_string}\"},\"query-input\":{\"@type\":\"PropertyValueSpecification\",\"valueRequired\":true,\"valueName\":\"search_term_string\"}}],\"inLanguage\":\"es-AR\"}]}<\/script>\n<!-- \/ Yoast SEO plugin. -->","yoast_head_json":{"title":"Ayore\u0301 Canci\u00f3n: Cantar\u00e9 Sobre La Mujer Que Rie \u2022 Ayore.org","robots":{"index":"index","follow":"follow","max-snippet":"max-snippet:-1","max-image-preview":"max-image-preview:large","max-video-preview":"max-video-preview:-1"},"canonical":"https:\/\/ayore.org\/es\/cultura\/canciones-nativas\/jnanine-cantare-sobre-la-mujer-que-rie\/","og_locale":"es_ES","og_type":"article","og_title":"Ayore\u0301 Canci\u00f3n: Cantar\u00e9 Sobre La Mujer Que Rie \u2022 Ayore.org","og_description":"Jnan\u00edn\u00e9 Chijn\u0303ecare Jnani\u0301ne\u0301 Canta: Voy a cantar sobre Chequ\u00e9 Dago, que era la esposa de los hombres j\u00f3venes. Supuestamente, tuve relaciones con una joven. Cuando Pujn\u00facode estaba fuera, me escuch\u00f3 cantar y me imit\u00f3. \u00c9l no me respet\u00f3. Intent\u00f3 imitar","og_url":"https:\/\/ayore.org\/es\/cultura\/canciones-nativas\/jnanine-cantare-sobre-la-mujer-que-rie\/","og_site_name":"AYORE.ORG","article_modified_time":"2019-03-04T20:01:37+00:00","twitter_card":"summary_large_image","twitter_misc":{"Tiempo de lectura":"1 minuto"},"schema":{"@context":"https:\/\/schema.org","@graph":[{"@type":"WebPage","@id":"https:\/\/ayore.org\/es\/cultura\/canciones-nativas\/jnanine-cantare-sobre-la-mujer-que-rie\/","url":"https:\/\/ayore.org\/es\/cultura\/canciones-nativas\/jnanine-cantare-sobre-la-mujer-que-rie\/","name":"Ayore\u0301 Canci\u00f3n: Cantar\u00e9 Sobre La Mujer Que Rie \u2022 Ayore.org","isPartOf":{"@id":"https:\/\/ayore.org\/#website"},"datePublished":"2018-08-03T01:32:03+00:00","dateModified":"2019-03-04T20:01:37+00:00","breadcrumb":{"@id":"https:\/\/ayore.org\/es\/cultura\/canciones-nativas\/jnanine-cantare-sobre-la-mujer-que-rie\/#breadcrumb"},"inLanguage":"es-AR","potentialAction":[{"@type":"ReadAction","target":["https:\/\/ayore.org\/es\/cultura\/canciones-nativas\/jnanine-cantare-sobre-la-mujer-que-rie\/"]}]},{"@type":"BreadcrumbList","@id":"https:\/\/ayore.org\/es\/cultura\/canciones-nativas\/jnanine-cantare-sobre-la-mujer-que-rie\/#breadcrumb","itemListElement":[{"@type":"ListItem","position":1,"name":"Inicio","item":"https:\/\/ayore.org\/es\/"},{"@type":"ListItem","position":2,"name":"Cultura","item":"https:\/\/ayore.org\/es\/cultura\/"},{"@type":"ListItem","position":3,"name":"Canciones Nativas","item":"https:\/\/ayore.org\/es\/cultura\/canciones-nativas\/"},{"@type":"ListItem","position":4,"name":"Jnan\u00edn\u00e9 &#8211; Cantar\u00e9 sobre Cheque Dago"}]},{"@type":"WebSite","@id":"https:\/\/ayore.org\/#website","url":"https:\/\/ayore.org\/","name":"AYORE.ORG","description":"Idioma, Cultura e Historia de la Tribu Ayor\u00e9","potentialAction":[{"@type":"SearchAction","target":{"@type":"EntryPoint","urlTemplate":"https:\/\/ayore.org\/?s={search_term_string}"},"query-input":{"@type":"PropertyValueSpecification","valueRequired":true,"valueName":"search_term_string"}}],"inLanguage":"es-AR"}]}},"_links":{"self":[{"href":"https:\/\/ayore.org\/es\/wp-json\/wp\/v2\/pages\/571","targetHints":{"allow":["GET"]}}],"collection":[{"href":"https:\/\/ayore.org\/es\/wp-json\/wp\/v2\/pages"}],"about":[{"href":"https:\/\/ayore.org\/es\/wp-json\/wp\/v2\/types\/page"}],"author":[{"embeddable":true,"href":"https:\/\/ayore.org\/es\/wp-json\/wp\/v2\/users\/2"}],"replies":[{"embeddable":true,"href":"https:\/\/ayore.org\/es\/wp-json\/wp\/v2\/comments?post=571"}],"version-history":[{"count":5,"href":"https:\/\/ayore.org\/es\/wp-json\/wp\/v2\/pages\/571\/revisions"}],"predecessor-version":[{"id":3260,"href":"https:\/\/ayore.org\/es\/wp-json\/wp\/v2\/pages\/571\/revisions\/3260"}],"up":[{"embeddable":true,"href":"https:\/\/ayore.org\/es\/wp-json\/wp\/v2\/pages\/292"}],"wp:attachment":[{"href":"https:\/\/ayore.org\/es\/wp-json\/wp\/v2\/media?parent=571"}],"curies":[{"name":"wp","href":"https:\/\/api.w.org\/{rel}","templated":true}]}}