{"id":569,"date":"2018-08-03T01:30:33","date_gmt":"2018-08-03T01:30:33","guid":{"rendered":"https:\/\/ayore.org\/?page_id=569"},"modified":"2019-03-03T01:35:22","modified_gmt":"2019-03-03T01:35:22","slug":"jadia-alguien-me-agarro-y-me-desperte","status":"publish","type":"page","link":"https:\/\/ayore.org\/es\/cultura\/canciones-nativas\/jadia-alguien-me-agarro-y-me-desperte\/","title":{"rendered":"Jadia &#8211; Alguien me agarr\u00f3 y me despert\u00e9"},"content":{"rendered":"<p><em>Jadia chedo Eje\u0301mi<\/em><\/p>\n<p><em><strong>Jadia canta sobre Ej\u00e9mi:<\/strong><\/em><\/p>\n<p>Era el medio de la noche cuando alguien me agarr\u00f3.\u00a0 \u00c9l dijo: &#8220;Me voy a dormir contigo.&#8221;<\/p>\n<p>Me despert\u00e9 y alguien me agarr\u00f3. Mir\u00e9 y pens\u00e9 que era un extra\u00f1o, pero era un pariente. Yo le dije: &#8220;Vete. Yo no te quiero.&#8221;<\/p>\n<p>\u00c9l dijo: &#8220;Yo s\u00e9 que eres mi pariente, pero realmente te quiero para ser mi mujer.&#8221;<\/p>\n<p>Pero yo no quer\u00eda que un pariente fuera mi marido. (Ambos <em>Jadia <\/em>y <em>Ej\u00e9mi<\/em> eran del clan \u00c9tac\u00f5re.) &#8220;Vaya, al\u00e9jate de m\u00ed. Tu esposa est\u00e1 en el pueblo.&#8221;<\/p>\n<p>\u00c9l dijo: \u201cYa he tenido suficiente del autoritarismo de <em>Ajota.<\/em> Es por eso que he venido para tenerte a ti como una esposa.\u201d<\/p>\n<p>He dicho durante mucho tiempo que no iba a estar con un pariente como una mujer, y lo dije en serio.<\/p>\n<p>&#8220;Probablemente no es mi pariente,&#8221; me dije, minti\u00e9ndome a m\u00ed mismo. As\u00ed que fui a <em>Ej\u00e9mi<\/em> y me llev\u00f3, porque realmente me quer\u00eda. No estaba feliz con la situaci\u00f3n, pero \u00e9l se fue conmigo.<\/p>\n<p>Jadia \u2013 Tobite\u0301, Bolivia \u2013 1965<\/p>\n<p>Traducido al espa\u00f1ol por: Maxine Morarie.<em>\u00a0\u00a0\u00a0\u00a0\u00a0\u00a0<\/em><\/p>\n<p>Transcrito por: Joyce Davis Buchegger.<\/p>\n<div class=\"navigation\"><div class=\"alignleft\"><a href=\"https:\/\/ayore.org\/es\/cultura\/canciones-nativas\/ijnamene-estoy-cansado-del-abuso-de-jupi\/\"title=\"Ijnamene &#8211; Estoy cansado del abuso de Jupi\"><img loading=\"lazy\" decoding=\"async\" src=\"https:\/\/ayore.org\/wp-content\/uploads\/2018\/10\/left-arrow.png\" width=\"50\" height=\"48\" alt=\"left arrow\"><\/a><\/div><div class=\"alignright\"><a href=\"https:\/\/ayore.org\/es\/cultura\/canciones-nativas\/jnanine-cantare-sobre-la-mujer-que-rie\/\"title=\"Jnan\u00edn\u00e9 &#8211; Cantar\u00e9 sobre Cheque Dago\"><img loading=\"lazy\" decoding=\"async\" src=\"https:\/\/ayore.org\/wp-content\/uploads\/2018\/10\/right-arrow.png\" width=\"50\" height=\"48\" alt=\"right arrow\"><\/a><\/div>\n","protected":false},"excerpt":{"rendered":"<p>Jadia chedo Eje\u0301mi Jadia canta sobre Ej\u00e9mi: Era el medio de la noche cuando alguien me agarr\u00f3.\u00a0 \u00c9l dijo: &#8220;Me voy a dormir contigo.&#8221; Me despert\u00e9 y alguien me agarr\u00f3. Mir\u00e9 y pens\u00e9 que era un extra\u00f1o, pero era un<\/p>\n","protected":false},"author":2,"featured_media":0,"parent":292,"menu_order":0,"comment_status":"closed","ping_status":"closed","template":"","meta":{"footnotes":""},"class_list":["post-569","page","type-page","status-publish","hentry"],"yoast_head":"<!-- This site is optimized with the Yoast SEO plugin v27.4 - https:\/\/yoast.com\/product\/yoast-seo-wordpress\/ -->\n<title>Ayore\u0301 Canci\u00f3n: Alguien Me Agarr\u00f3 Y Me Despert\u00e9 \u2022 Ayore.org<\/title>\n<meta name=\"robots\" content=\"index, follow, max-snippet:-1, max-image-preview:large, max-video-preview:-1\" \/>\n<link rel=\"canonical\" href=\"https:\/\/ayore.org\/es\/cultura\/canciones-nativas\/jadia-alguien-me-agarro-y-me-desperte\/\" \/>\n<meta property=\"og:locale\" content=\"es_ES\" \/>\n<meta property=\"og:type\" content=\"article\" \/>\n<meta property=\"og:title\" content=\"Ayore\u0301 Canci\u00f3n: Alguien Me Agarr\u00f3 Y Me Despert\u00e9 \u2022 Ayore.org\" \/>\n<meta property=\"og:description\" content=\"Jadia chedo Eje\u0301mi Jadia canta sobre Ej\u00e9mi: Era el medio de la noche cuando alguien me agarr\u00f3.\u00a0 \u00c9l dijo: &#8220;Me voy a dormir contigo.&#8221; Me despert\u00e9 y alguien me agarr\u00f3. Mir\u00e9 y pens\u00e9 que era un extra\u00f1o, pero era un\" \/>\n<meta property=\"og:url\" content=\"https:\/\/ayore.org\/es\/cultura\/canciones-nativas\/jadia-alguien-me-agarro-y-me-desperte\/\" \/>\n<meta property=\"og:site_name\" content=\"AYORE.ORG\" \/>\n<meta property=\"article:modified_time\" content=\"2019-03-03T01:35:22+00:00\" \/>\n<meta name=\"twitter:card\" content=\"summary_large_image\" \/>\n<meta name=\"twitter:label1\" content=\"Tiempo de lectura\" \/>\n\t<meta name=\"twitter:data1\" content=\"1 minuto\" \/>\n<script type=\"application\/ld+json\" class=\"yoast-schema-graph\">{\"@context\":\"https:\\\/\\\/schema.org\",\"@graph\":[{\"@type\":\"WebPage\",\"@id\":\"https:\\\/\\\/ayore.org\\\/es\\\/cultura\\\/canciones-nativas\\\/jadia-alguien-me-agarro-y-me-desperte\\\/\",\"url\":\"https:\\\/\\\/ayore.org\\\/es\\\/cultura\\\/canciones-nativas\\\/jadia-alguien-me-agarro-y-me-desperte\\\/\",\"name\":\"Ayore\u0301 Canci\u00f3n: Alguien Me Agarr\u00f3 Y Me Despert\u00e9 \u2022 Ayore.org\",\"isPartOf\":{\"@id\":\"https:\\\/\\\/ayore.org\\\/#website\"},\"datePublished\":\"2018-08-03T01:30:33+00:00\",\"dateModified\":\"2019-03-03T01:35:22+00:00\",\"breadcrumb\":{\"@id\":\"https:\\\/\\\/ayore.org\\\/es\\\/cultura\\\/canciones-nativas\\\/jadia-alguien-me-agarro-y-me-desperte\\\/#breadcrumb\"},\"inLanguage\":\"es-AR\",\"potentialAction\":[{\"@type\":\"ReadAction\",\"target\":[\"https:\\\/\\\/ayore.org\\\/es\\\/cultura\\\/canciones-nativas\\\/jadia-alguien-me-agarro-y-me-desperte\\\/\"]}]},{\"@type\":\"BreadcrumbList\",\"@id\":\"https:\\\/\\\/ayore.org\\\/es\\\/cultura\\\/canciones-nativas\\\/jadia-alguien-me-agarro-y-me-desperte\\\/#breadcrumb\",\"itemListElement\":[{\"@type\":\"ListItem\",\"position\":1,\"name\":\"Inicio\",\"item\":\"https:\\\/\\\/ayore.org\\\/es\\\/\"},{\"@type\":\"ListItem\",\"position\":2,\"name\":\"Cultura\",\"item\":\"https:\\\/\\\/ayore.org\\\/es\\\/cultura\\\/\"},{\"@type\":\"ListItem\",\"position\":3,\"name\":\"Canciones Nativas\",\"item\":\"https:\\\/\\\/ayore.org\\\/es\\\/cultura\\\/canciones-nativas\\\/\"},{\"@type\":\"ListItem\",\"position\":4,\"name\":\"Jadia &#8211; Alguien me agarr\u00f3 y me despert\u00e9\"}]},{\"@type\":\"WebSite\",\"@id\":\"https:\\\/\\\/ayore.org\\\/#website\",\"url\":\"https:\\\/\\\/ayore.org\\\/\",\"name\":\"AYORE.ORG\",\"description\":\"Idioma, Cultura e Historia de la Tribu Ayor\u00e9\",\"potentialAction\":[{\"@type\":\"SearchAction\",\"target\":{\"@type\":\"EntryPoint\",\"urlTemplate\":\"https:\\\/\\\/ayore.org\\\/?s={search_term_string}\"},\"query-input\":{\"@type\":\"PropertyValueSpecification\",\"valueRequired\":true,\"valueName\":\"search_term_string\"}}],\"inLanguage\":\"es-AR\"}]}<\/script>\n<!-- \/ Yoast SEO plugin. -->","yoast_head_json":{"title":"Ayore\u0301 Canci\u00f3n: Alguien Me Agarr\u00f3 Y Me Despert\u00e9 \u2022 Ayore.org","robots":{"index":"index","follow":"follow","max-snippet":"max-snippet:-1","max-image-preview":"max-image-preview:large","max-video-preview":"max-video-preview:-1"},"canonical":"https:\/\/ayore.org\/es\/cultura\/canciones-nativas\/jadia-alguien-me-agarro-y-me-desperte\/","og_locale":"es_ES","og_type":"article","og_title":"Ayore\u0301 Canci\u00f3n: Alguien Me Agarr\u00f3 Y Me Despert\u00e9 \u2022 Ayore.org","og_description":"Jadia chedo Eje\u0301mi Jadia canta sobre Ej\u00e9mi: Era el medio de la noche cuando alguien me agarr\u00f3.\u00a0 \u00c9l dijo: &#8220;Me voy a dormir contigo.&#8221; Me despert\u00e9 y alguien me agarr\u00f3. Mir\u00e9 y pens\u00e9 que era un extra\u00f1o, pero era un","og_url":"https:\/\/ayore.org\/es\/cultura\/canciones-nativas\/jadia-alguien-me-agarro-y-me-desperte\/","og_site_name":"AYORE.ORG","article_modified_time":"2019-03-03T01:35:22+00:00","twitter_card":"summary_large_image","twitter_misc":{"Tiempo de lectura":"1 minuto"},"schema":{"@context":"https:\/\/schema.org","@graph":[{"@type":"WebPage","@id":"https:\/\/ayore.org\/es\/cultura\/canciones-nativas\/jadia-alguien-me-agarro-y-me-desperte\/","url":"https:\/\/ayore.org\/es\/cultura\/canciones-nativas\/jadia-alguien-me-agarro-y-me-desperte\/","name":"Ayore\u0301 Canci\u00f3n: Alguien Me Agarr\u00f3 Y Me Despert\u00e9 \u2022 Ayore.org","isPartOf":{"@id":"https:\/\/ayore.org\/#website"},"datePublished":"2018-08-03T01:30:33+00:00","dateModified":"2019-03-03T01:35:22+00:00","breadcrumb":{"@id":"https:\/\/ayore.org\/es\/cultura\/canciones-nativas\/jadia-alguien-me-agarro-y-me-desperte\/#breadcrumb"},"inLanguage":"es-AR","potentialAction":[{"@type":"ReadAction","target":["https:\/\/ayore.org\/es\/cultura\/canciones-nativas\/jadia-alguien-me-agarro-y-me-desperte\/"]}]},{"@type":"BreadcrumbList","@id":"https:\/\/ayore.org\/es\/cultura\/canciones-nativas\/jadia-alguien-me-agarro-y-me-desperte\/#breadcrumb","itemListElement":[{"@type":"ListItem","position":1,"name":"Inicio","item":"https:\/\/ayore.org\/es\/"},{"@type":"ListItem","position":2,"name":"Cultura","item":"https:\/\/ayore.org\/es\/cultura\/"},{"@type":"ListItem","position":3,"name":"Canciones Nativas","item":"https:\/\/ayore.org\/es\/cultura\/canciones-nativas\/"},{"@type":"ListItem","position":4,"name":"Jadia &#8211; Alguien me agarr\u00f3 y me despert\u00e9"}]},{"@type":"WebSite","@id":"https:\/\/ayore.org\/#website","url":"https:\/\/ayore.org\/","name":"AYORE.ORG","description":"Idioma, Cultura e Historia de la Tribu Ayor\u00e9","potentialAction":[{"@type":"SearchAction","target":{"@type":"EntryPoint","urlTemplate":"https:\/\/ayore.org\/?s={search_term_string}"},"query-input":{"@type":"PropertyValueSpecification","valueRequired":true,"valueName":"search_term_string"}}],"inLanguage":"es-AR"}]}},"_links":{"self":[{"href":"https:\/\/ayore.org\/es\/wp-json\/wp\/v2\/pages\/569","targetHints":{"allow":["GET"]}}],"collection":[{"href":"https:\/\/ayore.org\/es\/wp-json\/wp\/v2\/pages"}],"about":[{"href":"https:\/\/ayore.org\/es\/wp-json\/wp\/v2\/types\/page"}],"author":[{"embeddable":true,"href":"https:\/\/ayore.org\/es\/wp-json\/wp\/v2\/users\/2"}],"replies":[{"embeddable":true,"href":"https:\/\/ayore.org\/es\/wp-json\/wp\/v2\/comments?post=569"}],"version-history":[{"count":3,"href":"https:\/\/ayore.org\/es\/wp-json\/wp\/v2\/pages\/569\/revisions"}],"predecessor-version":[{"id":3214,"href":"https:\/\/ayore.org\/es\/wp-json\/wp\/v2\/pages\/569\/revisions\/3214"}],"up":[{"embeddable":true,"href":"https:\/\/ayore.org\/es\/wp-json\/wp\/v2\/pages\/292"}],"wp:attachment":[{"href":"https:\/\/ayore.org\/es\/wp-json\/wp\/v2\/media?parent=569"}],"curies":[{"name":"wp","href":"https:\/\/api.w.org\/{rel}","templated":true}]}}