{"id":565,"date":"2018-08-03T01:28:19","date_gmt":"2018-08-03T01:28:19","guid":{"rendered":"https:\/\/ayore.org\/?page_id=565"},"modified":"2019-03-03T01:22:25","modified_gmt":"2019-03-03T01:22:25","slug":"ijnamene-estoy-cansado-del-abuso-de-jupi","status":"publish","type":"page","link":"https:\/\/ayore.org\/es\/cultura\/canciones-nativas\/ijnamene-estoy-cansado-del-abuso-de-jupi\/","title":{"rendered":"Ijnamene &#8211; Estoy cansado del abuso de Jupi"},"content":{"rendered":"<p><em>Ijnamene chedo Jupi<\/em><\/p>\n<p><em><strong>Ijnamene canta sobre Jupi:<\/strong><\/em><\/p>\n<p>Voy a cantar sobre <em>Jupi<\/em> que tambi\u00e9n es del clan \u00c9tac\u00f5re. Estoy muy cansado de <em>Jupi<\/em> mi compa\u00f1ero del clan <em>\u00c9tac\u00f5re<\/em> y sus abusos. Yo dije: \u201c<em>Jupi<\/em> no tiene cuidado con lo que piensa acerca de las hijas del clan <em>Chiquejnoi<\/em>. \u00c9l siempre est\u00e1 afirmando que hablo bien de su madre. (Su madre es muy buena, pero yo no he dicho cosas buenas sobre ella.)&#8221;<\/p>\n<p>Algunas chicas salieron a mi encuentro y me dijeron cosas. Ellas dijeron: \u201c<em>Ijnamene,<\/em> has llegado, pero <em>Jupi<\/em> te est\u00e1 siguiendo, y \u00e9l quiere que le acompa\u00f1es al campamento.&#8221;<\/p>\n<p>Pero <em>Ijnamene,<\/em>\u00a0 dijo: \u201cEso es lo que ustedes piensan; ya tiene otra chica y \u00e9l est\u00e1 burl\u00e1ndose de m\u00ed. No quiero nada m\u00e1s que ver con \u00e9l. Voy a encontrar a alguien del clan <em>Dosapeque<\/em>, como yo, para ser mi marido, me estoy refiriendo a <em>Or\u00e9gajn\u00fai<\/em>&#8220;. <strong><em>\u00a0\u00a0\u00a0\u00a0\u00a0\u00a0\u00a0\u00a0\u00a0\u00a0\u00a0 <\/em><\/strong><\/p>\n<p>Yo hab\u00eda estado con <em>Or\u00e9gajn\u00fai<\/em> por un tiempo, pero lo dej\u00e9, porque estaba celoso de mi ex-esposo, <em>Jupi.<\/em><\/p>\n<p>Pero <em>Jupi<\/em> me dijo: \u201cVe a <em>Iyai<\/em> y du\u00e9rmete con \u00e9l.\u201d<\/p>\n<p>Lo hice, pero dej\u00e9 r\u00e1pidamente a <em>Iyai<\/em> tambi\u00e9n. Y volv\u00ed con <em>Jupi<\/em>, mi colega del clan <em>\u00c9tac\u00f5re<\/em> de nuevo.<\/p>\n<p>Ijnamene \u2013 Tobite\u0301, Bolivia \u2013 1965<\/p>\n<p>Traducido al espa\u00f1ol por: Maxine Morarie.<em>\u00a0\u00a0\u00a0\u00a0\u00a0\u00a0 <\/em><\/p>\n<p>Transcrito por: Joyce Davis Buchegger.<\/p>\n<div class=\"navigation\"><div class=\"alignleft\"><a href=\"https:\/\/ayore.org\/es\/cultura\/canciones-nativas\/guie-lamento-que-jonoine-me-haya-dejado\/\"title=\"Guie\u0301 &#8211; Lamento que Jonoine me haya dejado\"><img loading=\"lazy\" decoding=\"async\" src=\"https:\/\/ayore.org\/wp-content\/uploads\/2018\/10\/left-arrow.png\" width=\"50\" height=\"48\" alt=\"left arrow\"><\/a><\/div><div class=\"alignright\"><a href=\"https:\/\/ayore.org\/es\/cultura\/canciones-nativas\/jadia-alguien-me-agarro-y-me-desperte\/\"title=\"Jadia &#8211; Alguien me agarr\u00f3 y me despert\u00e9\"><img loading=\"lazy\" decoding=\"async\" src=\"https:\/\/ayore.org\/wp-content\/uploads\/2018\/10\/right-arrow.png\" width=\"50\" height=\"48\" alt=\"right arrow\"><\/a><\/div>\n","protected":false},"excerpt":{"rendered":"<p>Ijnamene chedo Jupi Ijnamene canta sobre Jupi: Voy a cantar sobre Jupi que tambi\u00e9n es del clan \u00c9tac\u00f5re. Estoy muy cansado de Jupi mi compa\u00f1ero del clan \u00c9tac\u00f5re y sus abusos. Yo dije: \u201cJupi no tiene cuidado con lo que<\/p>\n","protected":false},"author":2,"featured_media":0,"parent":292,"menu_order":0,"comment_status":"closed","ping_status":"closed","template":"","meta":{"footnotes":""},"class_list":["post-565","page","type-page","status-publish","hentry"],"yoast_head":"<!-- This site is optimized with the Yoast SEO plugin v27.4 - https:\/\/yoast.com\/product\/yoast-seo-wordpress\/ -->\n<title>Ayore\u0301 Canci\u00f3n: Estoy Cansado Del Abuso De Jupi \u2022 Ayore.org<\/title>\n<meta name=\"robots\" content=\"index, follow, max-snippet:-1, max-image-preview:large, max-video-preview:-1\" \/>\n<link rel=\"canonical\" href=\"https:\/\/ayore.org\/es\/cultura\/canciones-nativas\/ijnamene-estoy-cansado-del-abuso-de-jupi\/\" \/>\n<meta property=\"og:locale\" content=\"es_ES\" \/>\n<meta property=\"og:type\" content=\"article\" \/>\n<meta property=\"og:title\" content=\"Ayore\u0301 Canci\u00f3n: Estoy Cansado Del Abuso De Jupi \u2022 Ayore.org\" \/>\n<meta property=\"og:description\" content=\"Ijnamene chedo Jupi Ijnamene canta sobre Jupi: Voy a cantar sobre Jupi que tambi\u00e9n es del clan \u00c9tac\u00f5re. Estoy muy cansado de Jupi mi compa\u00f1ero del clan \u00c9tac\u00f5re y sus abusos. Yo dije: \u201cJupi no tiene cuidado con lo que\" \/>\n<meta property=\"og:url\" content=\"https:\/\/ayore.org\/es\/cultura\/canciones-nativas\/ijnamene-estoy-cansado-del-abuso-de-jupi\/\" \/>\n<meta property=\"og:site_name\" content=\"AYORE.ORG\" \/>\n<meta property=\"article:modified_time\" content=\"2019-03-03T01:22:25+00:00\" \/>\n<meta name=\"twitter:card\" content=\"summary_large_image\" \/>\n<meta name=\"twitter:label1\" content=\"Tiempo de lectura\" \/>\n\t<meta name=\"twitter:data1\" content=\"1 minuto\" \/>\n<script type=\"application\/ld+json\" class=\"yoast-schema-graph\">{\"@context\":\"https:\\\/\\\/schema.org\",\"@graph\":[{\"@type\":\"WebPage\",\"@id\":\"https:\\\/\\\/ayore.org\\\/es\\\/cultura\\\/canciones-nativas\\\/ijnamene-estoy-cansado-del-abuso-de-jupi\\\/\",\"url\":\"https:\\\/\\\/ayore.org\\\/es\\\/cultura\\\/canciones-nativas\\\/ijnamene-estoy-cansado-del-abuso-de-jupi\\\/\",\"name\":\"Ayore\u0301 Canci\u00f3n: Estoy Cansado Del Abuso De Jupi \u2022 Ayore.org\",\"isPartOf\":{\"@id\":\"https:\\\/\\\/ayore.org\\\/#website\"},\"datePublished\":\"2018-08-03T01:28:19+00:00\",\"dateModified\":\"2019-03-03T01:22:25+00:00\",\"breadcrumb\":{\"@id\":\"https:\\\/\\\/ayore.org\\\/es\\\/cultura\\\/canciones-nativas\\\/ijnamene-estoy-cansado-del-abuso-de-jupi\\\/#breadcrumb\"},\"inLanguage\":\"es-AR\",\"potentialAction\":[{\"@type\":\"ReadAction\",\"target\":[\"https:\\\/\\\/ayore.org\\\/es\\\/cultura\\\/canciones-nativas\\\/ijnamene-estoy-cansado-del-abuso-de-jupi\\\/\"]}]},{\"@type\":\"BreadcrumbList\",\"@id\":\"https:\\\/\\\/ayore.org\\\/es\\\/cultura\\\/canciones-nativas\\\/ijnamene-estoy-cansado-del-abuso-de-jupi\\\/#breadcrumb\",\"itemListElement\":[{\"@type\":\"ListItem\",\"position\":1,\"name\":\"Inicio\",\"item\":\"https:\\\/\\\/ayore.org\\\/es\\\/\"},{\"@type\":\"ListItem\",\"position\":2,\"name\":\"Cultura\",\"item\":\"https:\\\/\\\/ayore.org\\\/es\\\/cultura\\\/\"},{\"@type\":\"ListItem\",\"position\":3,\"name\":\"Canciones Nativas\",\"item\":\"https:\\\/\\\/ayore.org\\\/es\\\/cultura\\\/canciones-nativas\\\/\"},{\"@type\":\"ListItem\",\"position\":4,\"name\":\"Ijnamene &#8211; Estoy cansado del abuso de Jupi\"}]},{\"@type\":\"WebSite\",\"@id\":\"https:\\\/\\\/ayore.org\\\/#website\",\"url\":\"https:\\\/\\\/ayore.org\\\/\",\"name\":\"AYORE.ORG\",\"description\":\"Idioma, Cultura e Historia de la Tribu Ayor\u00e9\",\"potentialAction\":[{\"@type\":\"SearchAction\",\"target\":{\"@type\":\"EntryPoint\",\"urlTemplate\":\"https:\\\/\\\/ayore.org\\\/?s={search_term_string}\"},\"query-input\":{\"@type\":\"PropertyValueSpecification\",\"valueRequired\":true,\"valueName\":\"search_term_string\"}}],\"inLanguage\":\"es-AR\"}]}<\/script>\n<!-- \/ Yoast SEO plugin. -->","yoast_head_json":{"title":"Ayore\u0301 Canci\u00f3n: Estoy Cansado Del Abuso De Jupi \u2022 Ayore.org","robots":{"index":"index","follow":"follow","max-snippet":"max-snippet:-1","max-image-preview":"max-image-preview:large","max-video-preview":"max-video-preview:-1"},"canonical":"https:\/\/ayore.org\/es\/cultura\/canciones-nativas\/ijnamene-estoy-cansado-del-abuso-de-jupi\/","og_locale":"es_ES","og_type":"article","og_title":"Ayore\u0301 Canci\u00f3n: Estoy Cansado Del Abuso De Jupi \u2022 Ayore.org","og_description":"Ijnamene chedo Jupi Ijnamene canta sobre Jupi: Voy a cantar sobre Jupi que tambi\u00e9n es del clan \u00c9tac\u00f5re. Estoy muy cansado de Jupi mi compa\u00f1ero del clan \u00c9tac\u00f5re y sus abusos. Yo dije: \u201cJupi no tiene cuidado con lo que","og_url":"https:\/\/ayore.org\/es\/cultura\/canciones-nativas\/ijnamene-estoy-cansado-del-abuso-de-jupi\/","og_site_name":"AYORE.ORG","article_modified_time":"2019-03-03T01:22:25+00:00","twitter_card":"summary_large_image","twitter_misc":{"Tiempo de lectura":"1 minuto"},"schema":{"@context":"https:\/\/schema.org","@graph":[{"@type":"WebPage","@id":"https:\/\/ayore.org\/es\/cultura\/canciones-nativas\/ijnamene-estoy-cansado-del-abuso-de-jupi\/","url":"https:\/\/ayore.org\/es\/cultura\/canciones-nativas\/ijnamene-estoy-cansado-del-abuso-de-jupi\/","name":"Ayore\u0301 Canci\u00f3n: Estoy Cansado Del Abuso De Jupi \u2022 Ayore.org","isPartOf":{"@id":"https:\/\/ayore.org\/#website"},"datePublished":"2018-08-03T01:28:19+00:00","dateModified":"2019-03-03T01:22:25+00:00","breadcrumb":{"@id":"https:\/\/ayore.org\/es\/cultura\/canciones-nativas\/ijnamene-estoy-cansado-del-abuso-de-jupi\/#breadcrumb"},"inLanguage":"es-AR","potentialAction":[{"@type":"ReadAction","target":["https:\/\/ayore.org\/es\/cultura\/canciones-nativas\/ijnamene-estoy-cansado-del-abuso-de-jupi\/"]}]},{"@type":"BreadcrumbList","@id":"https:\/\/ayore.org\/es\/cultura\/canciones-nativas\/ijnamene-estoy-cansado-del-abuso-de-jupi\/#breadcrumb","itemListElement":[{"@type":"ListItem","position":1,"name":"Inicio","item":"https:\/\/ayore.org\/es\/"},{"@type":"ListItem","position":2,"name":"Cultura","item":"https:\/\/ayore.org\/es\/cultura\/"},{"@type":"ListItem","position":3,"name":"Canciones Nativas","item":"https:\/\/ayore.org\/es\/cultura\/canciones-nativas\/"},{"@type":"ListItem","position":4,"name":"Ijnamene &#8211; Estoy cansado del abuso de Jupi"}]},{"@type":"WebSite","@id":"https:\/\/ayore.org\/#website","url":"https:\/\/ayore.org\/","name":"AYORE.ORG","description":"Idioma, Cultura e Historia de la Tribu Ayor\u00e9","potentialAction":[{"@type":"SearchAction","target":{"@type":"EntryPoint","urlTemplate":"https:\/\/ayore.org\/?s={search_term_string}"},"query-input":{"@type":"PropertyValueSpecification","valueRequired":true,"valueName":"search_term_string"}}],"inLanguage":"es-AR"}]}},"_links":{"self":[{"href":"https:\/\/ayore.org\/es\/wp-json\/wp\/v2\/pages\/565","targetHints":{"allow":["GET"]}}],"collection":[{"href":"https:\/\/ayore.org\/es\/wp-json\/wp\/v2\/pages"}],"about":[{"href":"https:\/\/ayore.org\/es\/wp-json\/wp\/v2\/types\/page"}],"author":[{"embeddable":true,"href":"https:\/\/ayore.org\/es\/wp-json\/wp\/v2\/users\/2"}],"replies":[{"embeddable":true,"href":"https:\/\/ayore.org\/es\/wp-json\/wp\/v2\/comments?post=565"}],"version-history":[{"count":5,"href":"https:\/\/ayore.org\/es\/wp-json\/wp\/v2\/pages\/565\/revisions"}],"predecessor-version":[{"id":3208,"href":"https:\/\/ayore.org\/es\/wp-json\/wp\/v2\/pages\/565\/revisions\/3208"}],"up":[{"embeddable":true,"href":"https:\/\/ayore.org\/es\/wp-json\/wp\/v2\/pages\/292"}],"wp:attachment":[{"href":"https:\/\/ayore.org\/es\/wp-json\/wp\/v2\/media?parent=565"}],"curies":[{"name":"wp","href":"https:\/\/api.w.org\/{rel}","templated":true}]}}