{"id":563,"date":"2018-08-03T01:26:40","date_gmt":"2018-08-03T01:26:40","guid":{"rendered":"https:\/\/ayore.org\/?page_id=563"},"modified":"2019-03-03T01:09:18","modified_gmt":"2019-03-03T01:09:18","slug":"guie-lamento-que-jonoine-me-haya-dejado","status":"publish","type":"page","link":"https:\/\/ayore.org\/es\/cultura\/canciones-nativas\/guie-lamento-que-jonoine-me-haya-dejado\/","title":{"rendered":"Guie\u0301 &#8211; Lamento que Jonoine me haya dejado"},"content":{"rendered":"<p><em>Guie\u0301 Chijn\u0303ecare<\/em><\/p>\n<p><strong>Canci\u00f3n de Gui\u00e9<\/strong><strong>\u00a0<\/strong><\/p>\n<p><em>(La joven lo siente porque las otras mujeres tomaron a su marido, y ella no est\u00e1 interesada en los hombres m\u00e1s j\u00f3venes que est\u00e1n disponibles. Ella recuerda lo buen cazador que era su ex-marido.)<\/em><strong><em>\u00a0\u00a0\u00a0\u00a0\u00a0\u00a0\u00a0\u00a0\u00a0\u00a0\u00a0 <\/em><\/strong><\/p>\n<p><em>Jonoin\u00e9<\/em> era del clan <em>Posoraj\u00e3i<\/em>. Lo siento por m\u00ed porque <em>Jonoin\u00e9<\/em> me dej\u00f3. No me gustan los hombres m\u00e1s j\u00f3venes porque ellos no tienen experiencia. Ellos se pintan con carb\u00f3n del fuego, pero a cambio de nada, porque nunca matan a la gente que no son ayoreos ni a su propia gente.<\/p>\n<p>Ella recuerda a <em>Jonoin\u00e9<\/em>, porque de veras \u00e9l sab\u00eda matar a los jaguares, a la gente que no eran ayoreos, y a los ayoreos mismos. \u00c9l era como los \u201cvientos del sur\u201d. Ten\u00eda muchas, muchas v\u00edctimas.<\/p>\n<p>Record\u00f3 a su hermano que era tambi\u00e9n un ayore\u0301. Se comieron mucha carne del cerdo salvaje, y <em>Jonoin\u00e9<\/em> fue muy generoso en dar carne a su hermano. Como no ten\u00edan muchos parientes, no se les dio mucha carne de porcino salvaje. <em>Jonoin\u00e9<\/em> siempre se hizo cargo de su hermano. Sol\u00eda \u200b\u200bdecir: \u201cMir\u00e9 a una tela blanca, pero cuando vi que no le dieron nada a mi hermano, yo sent\u00ed pena por \u00e9l.&#8221;<\/p>\n<p><em>Gui\u00e9<\/em> pensaba mucho en <em>Jonoin\u00e9<\/em> su ex-marido que hab\u00eda roto su matrimonio con ella.<\/p>\n<p>Guie\u0301 \u2013 Tobite\u0301, Bolivia \u2013 1965<\/p>\n<p>Traducido al espa\u00f1ol por: Maxine Morarie.<em>\u00a0\u00a0\u00a0\u00a0\u00a0\u00a0 <\/em><\/p>\n<p>Transcrito por: Joyce Davis Buchegger.<\/p>\n<div class=\"navigation\"><div class=\"alignleft\"><a href=\"https:\/\/ayore.org\/es\/cultura\/canciones-nativas\/cogere-una-cuerda-e-ire-a-matar-a-alguien\/\"title=\"Coger\u00e9 una cuerda e ir\u00e9 a matar a alguien\"><img loading=\"lazy\" decoding=\"async\" src=\"https:\/\/ayore.org\/wp-content\/uploads\/2018\/10\/left-arrow.png\" width=\"50\" height=\"48\" alt=\"left arrow\"><\/a><\/div><div class=\"alignright\"><a href=\"https:\/\/ayore.org\/es\/cultura\/canciones-nativas\/ijnamene-estoy-cansado-del-abuso-de-jupi\/\"title=\"Ijnamene &#8211; Estoy cansado del abuso de Jupi\"><img loading=\"lazy\" decoding=\"async\" src=\"https:\/\/ayore.org\/wp-content\/uploads\/2018\/10\/right-arrow.png\" width=\"50\" height=\"48\" alt=\"right arrow\"><\/a><\/div>\n","protected":false},"excerpt":{"rendered":"<p>Guie\u0301 Chijn\u0303ecare Canci\u00f3n de Gui\u00e9\u00a0 (La joven lo siente porque las otras mujeres tomaron a su marido, y ella no est\u00e1 interesada en los hombres m\u00e1s j\u00f3venes que est\u00e1n disponibles. Ella recuerda lo buen cazador que era su ex-marido.)\u00a0\u00a0\u00a0\u00a0\u00a0\u00a0\u00a0\u00a0\u00a0\u00a0\u00a0 Jonoin\u00e9<\/p>\n","protected":false},"author":2,"featured_media":0,"parent":292,"menu_order":0,"comment_status":"closed","ping_status":"closed","template":"","meta":{"footnotes":""},"class_list":["post-563","page","type-page","status-publish","hentry"],"yoast_head":"<!-- This site is optimized with the Yoast SEO plugin v27.4 - https:\/\/yoast.com\/product\/yoast-seo-wordpress\/ -->\n<title>Ayore\u0301 Canci\u00f3n: Lamento Que Jonoine Me Haya Dejado \u2022 Ayore.org<\/title>\n<meta name=\"robots\" content=\"index, follow, max-snippet:-1, max-image-preview:large, max-video-preview:-1\" \/>\n<link rel=\"canonical\" href=\"https:\/\/ayore.org\/es\/cultura\/canciones-nativas\/guie-lamento-que-jonoine-me-haya-dejado\/\" \/>\n<meta property=\"og:locale\" content=\"es_ES\" \/>\n<meta property=\"og:type\" content=\"article\" \/>\n<meta property=\"og:title\" content=\"Ayore\u0301 Canci\u00f3n: Lamento Que Jonoine Me Haya Dejado \u2022 Ayore.org\" \/>\n<meta property=\"og:description\" content=\"Guie\u0301 Chijn\u0303ecare Canci\u00f3n de Gui\u00e9\u00a0 (La joven lo siente porque las otras mujeres tomaron a su marido, y ella no est\u00e1 interesada en los hombres m\u00e1s j\u00f3venes que est\u00e1n disponibles. Ella recuerda lo buen cazador que era su ex-marido.)\u00a0\u00a0\u00a0\u00a0\u00a0\u00a0\u00a0\u00a0\u00a0\u00a0\u00a0 Jonoin\u00e9\" \/>\n<meta property=\"og:url\" content=\"https:\/\/ayore.org\/es\/cultura\/canciones-nativas\/guie-lamento-que-jonoine-me-haya-dejado\/\" \/>\n<meta property=\"og:site_name\" content=\"AYORE.ORG\" \/>\n<meta property=\"article:modified_time\" content=\"2019-03-03T01:09:18+00:00\" \/>\n<meta name=\"twitter:card\" content=\"summary_large_image\" \/>\n<meta name=\"twitter:label1\" content=\"Tiempo de lectura\" \/>\n\t<meta name=\"twitter:data1\" content=\"1 minuto\" \/>\n<script type=\"application\/ld+json\" class=\"yoast-schema-graph\">{\"@context\":\"https:\\\/\\\/schema.org\",\"@graph\":[{\"@type\":\"WebPage\",\"@id\":\"https:\\\/\\\/ayore.org\\\/es\\\/cultura\\\/canciones-nativas\\\/guie-lamento-que-jonoine-me-haya-dejado\\\/\",\"url\":\"https:\\\/\\\/ayore.org\\\/es\\\/cultura\\\/canciones-nativas\\\/guie-lamento-que-jonoine-me-haya-dejado\\\/\",\"name\":\"Ayore\u0301 Canci\u00f3n: Lamento Que Jonoine Me Haya Dejado \u2022 Ayore.org\",\"isPartOf\":{\"@id\":\"https:\\\/\\\/ayore.org\\\/#website\"},\"datePublished\":\"2018-08-03T01:26:40+00:00\",\"dateModified\":\"2019-03-03T01:09:18+00:00\",\"breadcrumb\":{\"@id\":\"https:\\\/\\\/ayore.org\\\/es\\\/cultura\\\/canciones-nativas\\\/guie-lamento-que-jonoine-me-haya-dejado\\\/#breadcrumb\"},\"inLanguage\":\"es-AR\",\"potentialAction\":[{\"@type\":\"ReadAction\",\"target\":[\"https:\\\/\\\/ayore.org\\\/es\\\/cultura\\\/canciones-nativas\\\/guie-lamento-que-jonoine-me-haya-dejado\\\/\"]}]},{\"@type\":\"BreadcrumbList\",\"@id\":\"https:\\\/\\\/ayore.org\\\/es\\\/cultura\\\/canciones-nativas\\\/guie-lamento-que-jonoine-me-haya-dejado\\\/#breadcrumb\",\"itemListElement\":[{\"@type\":\"ListItem\",\"position\":1,\"name\":\"Inicio\",\"item\":\"https:\\\/\\\/ayore.org\\\/es\\\/\"},{\"@type\":\"ListItem\",\"position\":2,\"name\":\"Cultura\",\"item\":\"https:\\\/\\\/ayore.org\\\/es\\\/cultura\\\/\"},{\"@type\":\"ListItem\",\"position\":3,\"name\":\"Canciones Nativas\",\"item\":\"https:\\\/\\\/ayore.org\\\/es\\\/cultura\\\/canciones-nativas\\\/\"},{\"@type\":\"ListItem\",\"position\":4,\"name\":\"Guie\u0301 &#8211; Lamento que Jonoine me haya dejado\"}]},{\"@type\":\"WebSite\",\"@id\":\"https:\\\/\\\/ayore.org\\\/#website\",\"url\":\"https:\\\/\\\/ayore.org\\\/\",\"name\":\"AYORE.ORG\",\"description\":\"Idioma, Cultura e Historia de la Tribu Ayor\u00e9\",\"potentialAction\":[{\"@type\":\"SearchAction\",\"target\":{\"@type\":\"EntryPoint\",\"urlTemplate\":\"https:\\\/\\\/ayore.org\\\/?s={search_term_string}\"},\"query-input\":{\"@type\":\"PropertyValueSpecification\",\"valueRequired\":true,\"valueName\":\"search_term_string\"}}],\"inLanguage\":\"es-AR\"}]}<\/script>\n<!-- \/ Yoast SEO plugin. -->","yoast_head_json":{"title":"Ayore\u0301 Canci\u00f3n: Lamento Que Jonoine Me Haya Dejado \u2022 Ayore.org","robots":{"index":"index","follow":"follow","max-snippet":"max-snippet:-1","max-image-preview":"max-image-preview:large","max-video-preview":"max-video-preview:-1"},"canonical":"https:\/\/ayore.org\/es\/cultura\/canciones-nativas\/guie-lamento-que-jonoine-me-haya-dejado\/","og_locale":"es_ES","og_type":"article","og_title":"Ayore\u0301 Canci\u00f3n: Lamento Que Jonoine Me Haya Dejado \u2022 Ayore.org","og_description":"Guie\u0301 Chijn\u0303ecare Canci\u00f3n de Gui\u00e9\u00a0 (La joven lo siente porque las otras mujeres tomaron a su marido, y ella no est\u00e1 interesada en los hombres m\u00e1s j\u00f3venes que est\u00e1n disponibles. Ella recuerda lo buen cazador que era su ex-marido.)\u00a0\u00a0\u00a0\u00a0\u00a0\u00a0\u00a0\u00a0\u00a0\u00a0\u00a0 Jonoin\u00e9","og_url":"https:\/\/ayore.org\/es\/cultura\/canciones-nativas\/guie-lamento-que-jonoine-me-haya-dejado\/","og_site_name":"AYORE.ORG","article_modified_time":"2019-03-03T01:09:18+00:00","twitter_card":"summary_large_image","twitter_misc":{"Tiempo de lectura":"1 minuto"},"schema":{"@context":"https:\/\/schema.org","@graph":[{"@type":"WebPage","@id":"https:\/\/ayore.org\/es\/cultura\/canciones-nativas\/guie-lamento-que-jonoine-me-haya-dejado\/","url":"https:\/\/ayore.org\/es\/cultura\/canciones-nativas\/guie-lamento-que-jonoine-me-haya-dejado\/","name":"Ayore\u0301 Canci\u00f3n: Lamento Que Jonoine Me Haya Dejado \u2022 Ayore.org","isPartOf":{"@id":"https:\/\/ayore.org\/#website"},"datePublished":"2018-08-03T01:26:40+00:00","dateModified":"2019-03-03T01:09:18+00:00","breadcrumb":{"@id":"https:\/\/ayore.org\/es\/cultura\/canciones-nativas\/guie-lamento-que-jonoine-me-haya-dejado\/#breadcrumb"},"inLanguage":"es-AR","potentialAction":[{"@type":"ReadAction","target":["https:\/\/ayore.org\/es\/cultura\/canciones-nativas\/guie-lamento-que-jonoine-me-haya-dejado\/"]}]},{"@type":"BreadcrumbList","@id":"https:\/\/ayore.org\/es\/cultura\/canciones-nativas\/guie-lamento-que-jonoine-me-haya-dejado\/#breadcrumb","itemListElement":[{"@type":"ListItem","position":1,"name":"Inicio","item":"https:\/\/ayore.org\/es\/"},{"@type":"ListItem","position":2,"name":"Cultura","item":"https:\/\/ayore.org\/es\/cultura\/"},{"@type":"ListItem","position":3,"name":"Canciones Nativas","item":"https:\/\/ayore.org\/es\/cultura\/canciones-nativas\/"},{"@type":"ListItem","position":4,"name":"Guie\u0301 &#8211; Lamento que Jonoine me haya dejado"}]},{"@type":"WebSite","@id":"https:\/\/ayore.org\/#website","url":"https:\/\/ayore.org\/","name":"AYORE.ORG","description":"Idioma, Cultura e Historia de la Tribu Ayor\u00e9","potentialAction":[{"@type":"SearchAction","target":{"@type":"EntryPoint","urlTemplate":"https:\/\/ayore.org\/?s={search_term_string}"},"query-input":{"@type":"PropertyValueSpecification","valueRequired":true,"valueName":"search_term_string"}}],"inLanguage":"es-AR"}]}},"_links":{"self":[{"href":"https:\/\/ayore.org\/es\/wp-json\/wp\/v2\/pages\/563","targetHints":{"allow":["GET"]}}],"collection":[{"href":"https:\/\/ayore.org\/es\/wp-json\/wp\/v2\/pages"}],"about":[{"href":"https:\/\/ayore.org\/es\/wp-json\/wp\/v2\/types\/page"}],"author":[{"embeddable":true,"href":"https:\/\/ayore.org\/es\/wp-json\/wp\/v2\/users\/2"}],"replies":[{"embeddable":true,"href":"https:\/\/ayore.org\/es\/wp-json\/wp\/v2\/comments?post=563"}],"version-history":[{"count":4,"href":"https:\/\/ayore.org\/es\/wp-json\/wp\/v2\/pages\/563\/revisions"}],"predecessor-version":[{"id":3202,"href":"https:\/\/ayore.org\/es\/wp-json\/wp\/v2\/pages\/563\/revisions\/3202"}],"up":[{"embeddable":true,"href":"https:\/\/ayore.org\/es\/wp-json\/wp\/v2\/pages\/292"}],"wp:attachment":[{"href":"https:\/\/ayore.org\/es\/wp-json\/wp\/v2\/media?parent=563"}],"curies":[{"name":"wp","href":"https:\/\/api.w.org\/{rel}","templated":true}]}}