{"id":559,"date":"2018-08-03T01:23:51","date_gmt":"2018-08-03T01:23:51","guid":{"rendered":"https:\/\/ayore.org\/?page_id=559"},"modified":"2019-03-03T00:50:16","modified_gmt":"2019-03-03T00:50:16","slug":"cogere-una-cuerda-e-ire-a-matar-a-alguien","status":"publish","type":"page","link":"https:\/\/ayore.org\/es\/cultura\/canciones-nativas\/cogere-una-cuerda-e-ire-a-matar-a-alguien\/","title":{"rendered":"Coger\u00e9 una cuerda e ir\u00e9 a matar a alguien"},"content":{"rendered":"<p><em>Gajn\u00e9miad\u00e1i Chijn\u0303ecare Nanique<\/em><strong>\u00a0<\/strong><\/p>\n<p><strong>(Gajne\u0301miada\u0301i se llamaba Garajade antes de tener hijos, y era un t\u00edo valiente de Yocaoi):<\/strong><strong>\u00a0<\/strong><\/p>\n<p>Voy a llevar una soga, y ser como yo sol\u00eda ser antes y salir a matar a alguien que no es ayor\u00e9. Y entonces la gente va a matarme tambi\u00e9n. Pero voy a matar a alguien primero. Y entonces alguien va a matarme.<\/p>\n<p>Voy a cantar sobre <em>Gajn\u00e9miadat\u00e9.<\/em> Antes de estar entre gente que no son ayoreos ella se burlaba de m\u00ed. Eso fue antes de que alguien luchara contra m\u00ed.<\/p>\n<p>Me encontr\u00e9 con algunas personas (no-ayoreos) matando a un tigre, pero me apunt\u00f3 con su arma y me dispar\u00f3 a m\u00ed en su lugar. Yo no sab\u00eda qu\u00e9 hacer, yo no tom\u00e9 represalias, no trataba de matar a nadie. Los ayoreos trataron de prevenirme de hacer algo, porque no sab\u00edan lo que yo har\u00eda. Si yo hubiera matado a alguien, entonces yo podr\u00eda haber conseguido a una mujer Chiquejnoro de mi mismo clan. Pero deber\u00eda conseguir a alguien de un clan exterior.<\/p>\n<p>La estimada<em> Er\u00e1bia<\/em> era alguien de quien hab\u00eda sabido. Pero yo no la dejar\u00eda dormir conmigo. Yo no la deseaba a ella. No quer\u00eda a la peque\u00f1a.<\/p>\n<p>&#8220;Ve a otro lugar para dormir. Yo no te quiero,&#8221; le dije. Pero ella era terca y durmi\u00f3 conmigo. Me equivoqu\u00e9 al pensar que era una Chiquejnorodat\u00e9, de mi mismo clan, y por eso yo le negu\u00e9. Pero una vez que me acost\u00e9 con ella, ser diferente no nos importaba (ya no importaba el color de nuestra piel).<\/p>\n<p>Gajne\u0301miada\u0301i \u2013 Tobite\u0301, Bolivia \u2013 1965<\/p>\n<p>Transcrito por: Joyce Davis Buchegger.<\/p>\n<p>Traducido al espa\u00f1ol por: Maxine Morarie.<\/p>\n<div class=\"navigation\"><div class=\"alignleft\"><a href=\"https:\/\/ayore.org\/es\/cultura\/canciones-nativas\/ecabi-termine-con-amigas\/\"title=\"Eca\u0301bi &#8211; Termin\u00e9 con las chicas\"><img loading=\"lazy\" decoding=\"async\" src=\"https:\/\/ayore.org\/wp-content\/uploads\/2018\/10\/left-arrow.png\" width=\"50\" height=\"48\" alt=\"left arrow\"><\/a><\/div><div class=\"alignright\"><a href=\"https:\/\/ayore.org\/es\/cultura\/canciones-nativas\/guie-lamento-que-jonoine-me-haya-dejado\/\"title=\"Guie\u0301 &#8211; Lamento que Jonoine me haya dejado\"><img loading=\"lazy\" decoding=\"async\" src=\"https:\/\/ayore.org\/wp-content\/uploads\/2018\/10\/right-arrow.png\" width=\"50\" height=\"48\" alt=\"right arrow\"><\/a><\/div>\n","protected":false},"excerpt":{"rendered":"<p>Gajn\u00e9miad\u00e1i Chijn\u0303ecare Nanique\u00a0 (Gajne\u0301miada\u0301i se llamaba Garajade antes de tener hijos, y era un t\u00edo valiente de Yocaoi):\u00a0 Voy a llevar una soga, y ser como yo sol\u00eda ser antes y salir a matar a alguien que no es ayor\u00e9.<\/p>\n","protected":false},"author":2,"featured_media":0,"parent":292,"menu_order":0,"comment_status":"closed","ping_status":"closed","template":"","meta":{"footnotes":""},"class_list":["post-559","page","type-page","status-publish","hentry"],"yoast_head":"<!-- This site is optimized with the Yoast SEO plugin v27.4 - https:\/\/yoast.com\/product\/yoast-seo-wordpress\/ -->\n<title>Ayore\u0301 Canci\u00f3n: Coger\u00e9 Una Cuerda E Ir\u00e9 A Matar A Alguien \u2022 Ayore.org<\/title>\n<meta name=\"robots\" content=\"index, follow, max-snippet:-1, max-image-preview:large, max-video-preview:-1\" \/>\n<link rel=\"canonical\" href=\"https:\/\/ayore.org\/es\/cultura\/canciones-nativas\/cogere-una-cuerda-e-ire-a-matar-a-alguien\/\" \/>\n<meta property=\"og:locale\" content=\"es_ES\" \/>\n<meta property=\"og:type\" content=\"article\" \/>\n<meta property=\"og:title\" content=\"Ayore\u0301 Canci\u00f3n: Coger\u00e9 Una Cuerda E Ir\u00e9 A Matar A Alguien \u2022 Ayore.org\" \/>\n<meta property=\"og:description\" content=\"Gajn\u00e9miad\u00e1i Chijn\u0303ecare Nanique\u00a0 (Gajne\u0301miada\u0301i se llamaba Garajade antes de tener hijos, y era un t\u00edo valiente de Yocaoi):\u00a0 Voy a llevar una soga, y ser como yo sol\u00eda ser antes y salir a matar a alguien que no es ayor\u00e9.\" \/>\n<meta property=\"og:url\" content=\"https:\/\/ayore.org\/es\/cultura\/canciones-nativas\/cogere-una-cuerda-e-ire-a-matar-a-alguien\/\" \/>\n<meta property=\"og:site_name\" content=\"AYORE.ORG\" \/>\n<meta property=\"article:modified_time\" content=\"2019-03-03T00:50:16+00:00\" \/>\n<meta name=\"twitter:card\" content=\"summary_large_image\" \/>\n<meta name=\"twitter:label1\" content=\"Tiempo de lectura\" \/>\n\t<meta name=\"twitter:data1\" content=\"1 minuto\" \/>\n<script type=\"application\/ld+json\" class=\"yoast-schema-graph\">{\"@context\":\"https:\\\/\\\/schema.org\",\"@graph\":[{\"@type\":\"WebPage\",\"@id\":\"https:\\\/\\\/ayore.org\\\/es\\\/cultura\\\/canciones-nativas\\\/cogere-una-cuerda-e-ire-a-matar-a-alguien\\\/\",\"url\":\"https:\\\/\\\/ayore.org\\\/es\\\/cultura\\\/canciones-nativas\\\/cogere-una-cuerda-e-ire-a-matar-a-alguien\\\/\",\"name\":\"Ayore\u0301 Canci\u00f3n: Coger\u00e9 Una Cuerda E Ir\u00e9 A Matar A Alguien \u2022 Ayore.org\",\"isPartOf\":{\"@id\":\"https:\\\/\\\/ayore.org\\\/#website\"},\"datePublished\":\"2018-08-03T01:23:51+00:00\",\"dateModified\":\"2019-03-03T00:50:16+00:00\",\"breadcrumb\":{\"@id\":\"https:\\\/\\\/ayore.org\\\/es\\\/cultura\\\/canciones-nativas\\\/cogere-una-cuerda-e-ire-a-matar-a-alguien\\\/#breadcrumb\"},\"inLanguage\":\"es-AR\",\"potentialAction\":[{\"@type\":\"ReadAction\",\"target\":[\"https:\\\/\\\/ayore.org\\\/es\\\/cultura\\\/canciones-nativas\\\/cogere-una-cuerda-e-ire-a-matar-a-alguien\\\/\"]}]},{\"@type\":\"BreadcrumbList\",\"@id\":\"https:\\\/\\\/ayore.org\\\/es\\\/cultura\\\/canciones-nativas\\\/cogere-una-cuerda-e-ire-a-matar-a-alguien\\\/#breadcrumb\",\"itemListElement\":[{\"@type\":\"ListItem\",\"position\":1,\"name\":\"Inicio\",\"item\":\"https:\\\/\\\/ayore.org\\\/es\\\/\"},{\"@type\":\"ListItem\",\"position\":2,\"name\":\"Cultura\",\"item\":\"https:\\\/\\\/ayore.org\\\/es\\\/cultura\\\/\"},{\"@type\":\"ListItem\",\"position\":3,\"name\":\"Canciones Nativas\",\"item\":\"https:\\\/\\\/ayore.org\\\/es\\\/cultura\\\/canciones-nativas\\\/\"},{\"@type\":\"ListItem\",\"position\":4,\"name\":\"Coger\u00e9 una cuerda e ir\u00e9 a matar a alguien\"}]},{\"@type\":\"WebSite\",\"@id\":\"https:\\\/\\\/ayore.org\\\/#website\",\"url\":\"https:\\\/\\\/ayore.org\\\/\",\"name\":\"AYORE.ORG\",\"description\":\"Idioma, Cultura e Historia de la Tribu Ayor\u00e9\",\"potentialAction\":[{\"@type\":\"SearchAction\",\"target\":{\"@type\":\"EntryPoint\",\"urlTemplate\":\"https:\\\/\\\/ayore.org\\\/?s={search_term_string}\"},\"query-input\":{\"@type\":\"PropertyValueSpecification\",\"valueRequired\":true,\"valueName\":\"search_term_string\"}}],\"inLanguage\":\"es-AR\"}]}<\/script>\n<!-- \/ Yoast SEO plugin. -->","yoast_head_json":{"title":"Ayore\u0301 Canci\u00f3n: Coger\u00e9 Una Cuerda E Ir\u00e9 A Matar A Alguien \u2022 Ayore.org","robots":{"index":"index","follow":"follow","max-snippet":"max-snippet:-1","max-image-preview":"max-image-preview:large","max-video-preview":"max-video-preview:-1"},"canonical":"https:\/\/ayore.org\/es\/cultura\/canciones-nativas\/cogere-una-cuerda-e-ire-a-matar-a-alguien\/","og_locale":"es_ES","og_type":"article","og_title":"Ayore\u0301 Canci\u00f3n: Coger\u00e9 Una Cuerda E Ir\u00e9 A Matar A Alguien \u2022 Ayore.org","og_description":"Gajn\u00e9miad\u00e1i Chijn\u0303ecare Nanique\u00a0 (Gajne\u0301miada\u0301i se llamaba Garajade antes de tener hijos, y era un t\u00edo valiente de Yocaoi):\u00a0 Voy a llevar una soga, y ser como yo sol\u00eda ser antes y salir a matar a alguien que no es ayor\u00e9.","og_url":"https:\/\/ayore.org\/es\/cultura\/canciones-nativas\/cogere-una-cuerda-e-ire-a-matar-a-alguien\/","og_site_name":"AYORE.ORG","article_modified_time":"2019-03-03T00:50:16+00:00","twitter_card":"summary_large_image","twitter_misc":{"Tiempo de lectura":"1 minuto"},"schema":{"@context":"https:\/\/schema.org","@graph":[{"@type":"WebPage","@id":"https:\/\/ayore.org\/es\/cultura\/canciones-nativas\/cogere-una-cuerda-e-ire-a-matar-a-alguien\/","url":"https:\/\/ayore.org\/es\/cultura\/canciones-nativas\/cogere-una-cuerda-e-ire-a-matar-a-alguien\/","name":"Ayore\u0301 Canci\u00f3n: Coger\u00e9 Una Cuerda E Ir\u00e9 A Matar A Alguien \u2022 Ayore.org","isPartOf":{"@id":"https:\/\/ayore.org\/#website"},"datePublished":"2018-08-03T01:23:51+00:00","dateModified":"2019-03-03T00:50:16+00:00","breadcrumb":{"@id":"https:\/\/ayore.org\/es\/cultura\/canciones-nativas\/cogere-una-cuerda-e-ire-a-matar-a-alguien\/#breadcrumb"},"inLanguage":"es-AR","potentialAction":[{"@type":"ReadAction","target":["https:\/\/ayore.org\/es\/cultura\/canciones-nativas\/cogere-una-cuerda-e-ire-a-matar-a-alguien\/"]}]},{"@type":"BreadcrumbList","@id":"https:\/\/ayore.org\/es\/cultura\/canciones-nativas\/cogere-una-cuerda-e-ire-a-matar-a-alguien\/#breadcrumb","itemListElement":[{"@type":"ListItem","position":1,"name":"Inicio","item":"https:\/\/ayore.org\/es\/"},{"@type":"ListItem","position":2,"name":"Cultura","item":"https:\/\/ayore.org\/es\/cultura\/"},{"@type":"ListItem","position":3,"name":"Canciones Nativas","item":"https:\/\/ayore.org\/es\/cultura\/canciones-nativas\/"},{"@type":"ListItem","position":4,"name":"Coger\u00e9 una cuerda e ir\u00e9 a matar a alguien"}]},{"@type":"WebSite","@id":"https:\/\/ayore.org\/#website","url":"https:\/\/ayore.org\/","name":"AYORE.ORG","description":"Idioma, Cultura e Historia de la Tribu Ayor\u00e9","potentialAction":[{"@type":"SearchAction","target":{"@type":"EntryPoint","urlTemplate":"https:\/\/ayore.org\/?s={search_term_string}"},"query-input":{"@type":"PropertyValueSpecification","valueRequired":true,"valueName":"search_term_string"}}],"inLanguage":"es-AR"}]}},"_links":{"self":[{"href":"https:\/\/ayore.org\/es\/wp-json\/wp\/v2\/pages\/559","targetHints":{"allow":["GET"]}}],"collection":[{"href":"https:\/\/ayore.org\/es\/wp-json\/wp\/v2\/pages"}],"about":[{"href":"https:\/\/ayore.org\/es\/wp-json\/wp\/v2\/types\/page"}],"author":[{"embeddable":true,"href":"https:\/\/ayore.org\/es\/wp-json\/wp\/v2\/users\/2"}],"replies":[{"embeddable":true,"href":"https:\/\/ayore.org\/es\/wp-json\/wp\/v2\/comments?post=559"}],"version-history":[{"count":5,"href":"https:\/\/ayore.org\/es\/wp-json\/wp\/v2\/pages\/559\/revisions"}],"predecessor-version":[{"id":3195,"href":"https:\/\/ayore.org\/es\/wp-json\/wp\/v2\/pages\/559\/revisions\/3195"}],"up":[{"embeddable":true,"href":"https:\/\/ayore.org\/es\/wp-json\/wp\/v2\/pages\/292"}],"wp:attachment":[{"href":"https:\/\/ayore.org\/es\/wp-json\/wp\/v2\/media?parent=559"}],"curies":[{"name":"wp","href":"https:\/\/api.w.org\/{rel}","templated":true}]}}