{"id":555,"date":"2018-08-03T01:20:11","date_gmt":"2018-08-03T01:20:11","guid":{"rendered":"https:\/\/ayore.org\/?page_id=555"},"modified":"2019-03-02T23:45:39","modified_gmt":"2019-03-02T23:45:39","slug":"ecabi-termine-con-amigas","status":"publish","type":"page","link":"https:\/\/ayore.org\/es\/cultura\/canciones-nativas\/ecabi-termine-con-amigas\/","title":{"rendered":"Eca\u0301bi &#8211; Termin\u00e9 con las chicas"},"content":{"rendered":"<p><em>Ec\u00e1bi chedo Pijnag\u00e1mia<\/em><strong style=\"font-size: 1.6rem;\">&nbsp; <\/strong><\/p>\n<p><strong>Eca\u0301bi sings about Pijnaga\u0301mia:<\/strong><strong style=\"font-size: 1.6rem;\">&nbsp; &nbsp; &nbsp; &nbsp;<\/strong><\/p>\n<p>Voy a cantar un poco. Voy a cantar sobre <em>Pijnag\u00e1mia (\u00c1quidat\u00e9).<\/em> Estaba a punto de salir para el trabajo, pero ella no era nada buena y derram\u00f3 el caf\u00e9 en mi\u0301 que estaba hirviendo. \u00a1Yo era un joven muy disgustado! \u00a1Yo estaba harto de las mujeres! Decid\u00ed dejar de ir con las chicas.<\/p>\n<p><em>Yocaoi <\/em>y yo fuimos a Rinc\u00f3n, pero <em>Yocaoi<\/em> extra\u00f1aba estar en Tobit\u00e9, y \u00e9l dijo: \u201c<em>Ec\u00e1bi,<\/em> volvamos a Tobit\u00e9. Realmente extra\u00f1o Tobit\u00e9. Cuando miro a las monta\u00f1as me hace extra\u00f1ar a nuestro pueblo Tobit\u00e9.\u201d<\/p>\n<p>&#8220;Yo tambi\u00e9n&#8221;, le dije. \u201cMiro a las colinas y un anhelo de Tobit\u00e9 se apodera de m\u00ed, y creo que esas son nuestras monta\u00f1as, tambi\u00e9n. Cuando llegue a Tobit\u00e9, voy a pensar, \u2018nunca me ir\u00e9 de aqu\u00ed\u2019. Estoy tan nost\u00e1lgico por Tobit\u00e9.\u201d<strong>&nbsp;&nbsp;&nbsp;&nbsp;&nbsp;&nbsp;&nbsp;&nbsp;&nbsp;&nbsp;&nbsp; <\/strong><\/p>\n<p><em>Yocaoi<\/em> dijo: &#8220;Yo tambi\u00e9n, <em>Ec\u00e1bi<\/em>. Oh, yo no quiero volver a ir a otro lugar de nuevo&#8221;.<\/p>\n<p>Yo dije: \u201cRealmente extra\u00f1o Tobit\u00e9. Yo no quiero ver lo que se siente en lugares extranjeros. Cada otro lugar es como comida que le falta sal. Cuando llego a Tobit\u00e9 toda la tierra parecer\u00e1 buena debido a su proximidad a la monta\u00f1a. Cuando llegue a Tobit\u00e9, no voy a dejarlo de nuevo&#8221;.<em>&nbsp;&nbsp;&nbsp;&nbsp;&nbsp;&nbsp;&nbsp;&nbsp;&nbsp;&nbsp;&nbsp;&nbsp;&nbsp;&nbsp; <\/em><\/p>\n<p><em>Yocaoi<\/em> dijo: \u201c<em>Ec\u00e1bi, <\/em>siento de la misma manera.&nbsp; No voy a ir jam\u00e1s a ning\u00fan otro sitio.&nbsp; Me voy a quedar en Tobit\u00e9 durante muchos a\u00f1os&#8221;.<\/p>\n<p>Dapure\u0301 \u2013 Tobite\u0301, Bolivia \u2013 1965<\/p>\n<p>Transcrito por: Joyce Davis Buchegger.<\/p>\n<p>Traducido al espa\u00f1ol por: Maxine Morarie.<\/p>\n<div class=\"navigation\"><div class=\"alignleft\"><a href=\"https:\/\/ayore.org\/es\/cultura\/canciones-nativas\/dapure-dejabi-apurate-y-ven-a-mi\/\"title=\"Dapure\u0301 &#8211; Dejabi, ap\u00farate y ven a m\u00ed\"><img loading=\"lazy\" decoding=\"async\" src=\"https:\/\/ayore.org\/wp-content\/uploads\/2018\/10\/left-arrow.png\" width=\"50\" height=\"48\" alt=\"left arrow\"><\/a><\/div><div class=\"alignright\"><a href=\"https:\/\/ayore.org\/es\/cultura\/canciones-nativas\/cogere-una-cuerda-e-ire-a-matar-a-alguien\/\"title=\"Coger\u00e9 una cuerda e ir\u00e9 a matar a alguien\"><img loading=\"lazy\" decoding=\"async\" src=\"https:\/\/ayore.org\/wp-content\/uploads\/2018\/10\/right-arrow.png\" width=\"50\" height=\"48\" alt=\"right arrow\"><\/a><\/div>\n","protected":false},"excerpt":{"rendered":"<p>Ec\u00e1bi chedo Pijnag\u00e1mia&nbsp; Eca\u0301bi sings about Pijnaga\u0301mia:&nbsp; &nbsp; &nbsp; &nbsp; Voy a cantar un poco. Voy a cantar sobre Pijnag\u00e1mia (\u00c1quidat\u00e9). Estaba a punto de salir para el trabajo, pero ella no era nada buena y derram\u00f3 el caf\u00e9 en<\/p>\n","protected":false},"author":2,"featured_media":0,"parent":292,"menu_order":0,"comment_status":"closed","ping_status":"closed","template":"","meta":{"footnotes":""},"class_list":["post-555","page","type-page","status-publish","hentry"],"yoast_head":"<!-- This site is optimized with the Yoast SEO plugin v27.4 - https:\/\/yoast.com\/product\/yoast-seo-wordpress\/ -->\n<title>Ayore\u0301 Canci\u00f3n: Termin\u00e9 Con Amigas \u2022 Ayore.org<\/title>\n<meta name=\"robots\" content=\"index, follow, max-snippet:-1, max-image-preview:large, max-video-preview:-1\" \/>\n<link rel=\"canonical\" href=\"https:\/\/ayore.org\/es\/cultura\/canciones-nativas\/ecabi-termine-con-amigas\/\" \/>\n<meta property=\"og:locale\" content=\"es_ES\" \/>\n<meta property=\"og:type\" content=\"article\" \/>\n<meta property=\"og:title\" content=\"Ayore\u0301 Canci\u00f3n: Termin\u00e9 Con Amigas \u2022 Ayore.org\" \/>\n<meta property=\"og:description\" content=\"Ec\u00e1bi chedo Pijnag\u00e1mia&nbsp; Eca\u0301bi sings about Pijnaga\u0301mia:&nbsp; &nbsp; &nbsp; &nbsp; Voy a cantar un poco. Voy a cantar sobre Pijnag\u00e1mia (\u00c1quidat\u00e9). Estaba a punto de salir para el trabajo, pero ella no era nada buena y derram\u00f3 el caf\u00e9 en\" \/>\n<meta property=\"og:url\" content=\"https:\/\/ayore.org\/es\/cultura\/canciones-nativas\/ecabi-termine-con-amigas\/\" \/>\n<meta property=\"og:site_name\" content=\"AYORE.ORG\" \/>\n<meta property=\"article:modified_time\" content=\"2019-03-02T23:45:39+00:00\" \/>\n<meta name=\"twitter:card\" content=\"summary_large_image\" \/>\n<meta name=\"twitter:label1\" content=\"Tiempo de lectura\" \/>\n\t<meta name=\"twitter:data1\" content=\"2 minutos\" \/>\n<script type=\"application\/ld+json\" class=\"yoast-schema-graph\">{\"@context\":\"https:\\\/\\\/schema.org\",\"@graph\":[{\"@type\":\"WebPage\",\"@id\":\"https:\\\/\\\/ayore.org\\\/es\\\/cultura\\\/canciones-nativas\\\/ecabi-termine-con-amigas\\\/\",\"url\":\"https:\\\/\\\/ayore.org\\\/es\\\/cultura\\\/canciones-nativas\\\/ecabi-termine-con-amigas\\\/\",\"name\":\"Ayore\u0301 Canci\u00f3n: Termin\u00e9 Con Amigas \u2022 Ayore.org\",\"isPartOf\":{\"@id\":\"https:\\\/\\\/ayore.org\\\/#website\"},\"datePublished\":\"2018-08-03T01:20:11+00:00\",\"dateModified\":\"2019-03-02T23:45:39+00:00\",\"breadcrumb\":{\"@id\":\"https:\\\/\\\/ayore.org\\\/es\\\/cultura\\\/canciones-nativas\\\/ecabi-termine-con-amigas\\\/#breadcrumb\"},\"inLanguage\":\"es-AR\",\"potentialAction\":[{\"@type\":\"ReadAction\",\"target\":[\"https:\\\/\\\/ayore.org\\\/es\\\/cultura\\\/canciones-nativas\\\/ecabi-termine-con-amigas\\\/\"]}]},{\"@type\":\"BreadcrumbList\",\"@id\":\"https:\\\/\\\/ayore.org\\\/es\\\/cultura\\\/canciones-nativas\\\/ecabi-termine-con-amigas\\\/#breadcrumb\",\"itemListElement\":[{\"@type\":\"ListItem\",\"position\":1,\"name\":\"Inicio\",\"item\":\"https:\\\/\\\/ayore.org\\\/es\\\/\"},{\"@type\":\"ListItem\",\"position\":2,\"name\":\"Cultura\",\"item\":\"https:\\\/\\\/ayore.org\\\/es\\\/cultura\\\/\"},{\"@type\":\"ListItem\",\"position\":3,\"name\":\"Canciones Nativas\",\"item\":\"https:\\\/\\\/ayore.org\\\/es\\\/cultura\\\/canciones-nativas\\\/\"},{\"@type\":\"ListItem\",\"position\":4,\"name\":\"Eca\u0301bi &#8211; Termin\u00e9 con las chicas\"}]},{\"@type\":\"WebSite\",\"@id\":\"https:\\\/\\\/ayore.org\\\/#website\",\"url\":\"https:\\\/\\\/ayore.org\\\/\",\"name\":\"AYORE.ORG\",\"description\":\"Idioma, Cultura e Historia de la Tribu Ayor\u00e9\",\"potentialAction\":[{\"@type\":\"SearchAction\",\"target\":{\"@type\":\"EntryPoint\",\"urlTemplate\":\"https:\\\/\\\/ayore.org\\\/?s={search_term_string}\"},\"query-input\":{\"@type\":\"PropertyValueSpecification\",\"valueRequired\":true,\"valueName\":\"search_term_string\"}}],\"inLanguage\":\"es-AR\"}]}<\/script>\n<!-- \/ Yoast SEO plugin. -->","yoast_head_json":{"title":"Ayore\u0301 Canci\u00f3n: Termin\u00e9 Con Amigas \u2022 Ayore.org","robots":{"index":"index","follow":"follow","max-snippet":"max-snippet:-1","max-image-preview":"max-image-preview:large","max-video-preview":"max-video-preview:-1"},"canonical":"https:\/\/ayore.org\/es\/cultura\/canciones-nativas\/ecabi-termine-con-amigas\/","og_locale":"es_ES","og_type":"article","og_title":"Ayore\u0301 Canci\u00f3n: Termin\u00e9 Con Amigas \u2022 Ayore.org","og_description":"Ec\u00e1bi chedo Pijnag\u00e1mia&nbsp; Eca\u0301bi sings about Pijnaga\u0301mia:&nbsp; &nbsp; &nbsp; &nbsp; Voy a cantar un poco. Voy a cantar sobre Pijnag\u00e1mia (\u00c1quidat\u00e9). Estaba a punto de salir para el trabajo, pero ella no era nada buena y derram\u00f3 el caf\u00e9 en","og_url":"https:\/\/ayore.org\/es\/cultura\/canciones-nativas\/ecabi-termine-con-amigas\/","og_site_name":"AYORE.ORG","article_modified_time":"2019-03-02T23:45:39+00:00","twitter_card":"summary_large_image","twitter_misc":{"Tiempo de lectura":"2 minutos"},"schema":{"@context":"https:\/\/schema.org","@graph":[{"@type":"WebPage","@id":"https:\/\/ayore.org\/es\/cultura\/canciones-nativas\/ecabi-termine-con-amigas\/","url":"https:\/\/ayore.org\/es\/cultura\/canciones-nativas\/ecabi-termine-con-amigas\/","name":"Ayore\u0301 Canci\u00f3n: Termin\u00e9 Con Amigas \u2022 Ayore.org","isPartOf":{"@id":"https:\/\/ayore.org\/#website"},"datePublished":"2018-08-03T01:20:11+00:00","dateModified":"2019-03-02T23:45:39+00:00","breadcrumb":{"@id":"https:\/\/ayore.org\/es\/cultura\/canciones-nativas\/ecabi-termine-con-amigas\/#breadcrumb"},"inLanguage":"es-AR","potentialAction":[{"@type":"ReadAction","target":["https:\/\/ayore.org\/es\/cultura\/canciones-nativas\/ecabi-termine-con-amigas\/"]}]},{"@type":"BreadcrumbList","@id":"https:\/\/ayore.org\/es\/cultura\/canciones-nativas\/ecabi-termine-con-amigas\/#breadcrumb","itemListElement":[{"@type":"ListItem","position":1,"name":"Inicio","item":"https:\/\/ayore.org\/es\/"},{"@type":"ListItem","position":2,"name":"Cultura","item":"https:\/\/ayore.org\/es\/cultura\/"},{"@type":"ListItem","position":3,"name":"Canciones Nativas","item":"https:\/\/ayore.org\/es\/cultura\/canciones-nativas\/"},{"@type":"ListItem","position":4,"name":"Eca\u0301bi &#8211; Termin\u00e9 con las chicas"}]},{"@type":"WebSite","@id":"https:\/\/ayore.org\/#website","url":"https:\/\/ayore.org\/","name":"AYORE.ORG","description":"Idioma, Cultura e Historia de la Tribu Ayor\u00e9","potentialAction":[{"@type":"SearchAction","target":{"@type":"EntryPoint","urlTemplate":"https:\/\/ayore.org\/?s={search_term_string}"},"query-input":{"@type":"PropertyValueSpecification","valueRequired":true,"valueName":"search_term_string"}}],"inLanguage":"es-AR"}]}},"_links":{"self":[{"href":"https:\/\/ayore.org\/es\/wp-json\/wp\/v2\/pages\/555","targetHints":{"allow":["GET"]}}],"collection":[{"href":"https:\/\/ayore.org\/es\/wp-json\/wp\/v2\/pages"}],"about":[{"href":"https:\/\/ayore.org\/es\/wp-json\/wp\/v2\/types\/page"}],"author":[{"embeddable":true,"href":"https:\/\/ayore.org\/es\/wp-json\/wp\/v2\/users\/2"}],"replies":[{"embeddable":true,"href":"https:\/\/ayore.org\/es\/wp-json\/wp\/v2\/comments?post=555"}],"version-history":[{"count":5,"href":"https:\/\/ayore.org\/es\/wp-json\/wp\/v2\/pages\/555\/revisions"}],"predecessor-version":[{"id":3189,"href":"https:\/\/ayore.org\/es\/wp-json\/wp\/v2\/pages\/555\/revisions\/3189"}],"up":[{"embeddable":true,"href":"https:\/\/ayore.org\/es\/wp-json\/wp\/v2\/pages\/292"}],"wp:attachment":[{"href":"https:\/\/ayore.org\/es\/wp-json\/wp\/v2\/media?parent=555"}],"curies":[{"name":"wp","href":"https:\/\/api.w.org\/{rel}","templated":true}]}}