{"id":551,"date":"2018-08-03T01:17:46","date_gmt":"2018-08-03T01:17:46","guid":{"rendered":"https:\/\/ayore.org\/?page_id=551"},"modified":"2019-03-02T20:05:09","modified_gmt":"2019-03-02T20:05:09","slug":"dapure-dejabi-apurate-y-ven-a-mi","status":"publish","type":"page","link":"https:\/\/ayore.org\/es\/cultura\/canciones-nativas\/dapure-dejabi-apurate-y-ven-a-mi\/","title":{"rendered":"Dapure\u0301 &#8211; Dejabi, ap\u00farate y ven a m\u00ed"},"content":{"rendered":"<p><strong><em>Dapur\u00e9 Chijn\u0303ecare<\/em><\/strong><\/p>\n<p><strong>Dapure\u0301 Canta:<\/strong><strong>\u00a0<\/strong><\/p>\n<p>Voy a cantar un poco. Voy a cantar a los dem\u00e1s. Lo siento por <em>\u00c1quid\u00e9<\/em>, nuestra hermana mayor. Ella est\u00e1 hambrienta. \u201cDejabi, date prisa y ven a m\u00ed y voy a ir a los j\u00f3venes.&#8221;<\/p>\n<p>Me acost\u00e9 con <em>Ch\u00edcode<\/em>, pero yo era t\u00edmida estando en su presencia porque \u00e9l no hablaba conmigo. As\u00ed que romp\u00ed con \u00e9l, porque no quer\u00eda hablar conmigo, y me fui a <em>Ecarai.<\/em> Me gust\u00f3 <em>Ecarai<\/em> porque r\u00e1pidamente empez\u00f3 a hablar conmigo, pero \u00e9l me dijo que me amaba <em>Ch\u00edcode<\/em>.<\/p>\n<p><em>Barigu\u00e9jnai<\/em> no hab\u00eda hablado conmigo, pero \u00e9l vino a m\u00ed otra vez, y dijo: &#8220;Yo era t\u00edmido cuando estaba contigo.\u201d Es lo que dijo <em>Barigu\u00e9jnai<\/em>.<\/p>\n<p>\u201cMe gustar\u00eda estar contigo, <em>Dapur\u00e9,<\/em> si t\u00fa me lo permites.&#8221;<\/p>\n<p>Pero <em>Barigu\u00e9jnai <\/em>me enga\u00f1\u00f3. Fui a \u00e9l, pero \u00e9l no quer\u00eda tener nada que ver conmigo, porque le faltaba <em>Ur\u00e9<\/em>.<\/p>\n<p>As\u00ed que me puse a pensar en <em>Ecarai<\/em> de nuevo, porque \u00e9l no me enga\u00f1aba, como <em>Barigu\u00e9jnai<\/em> hac\u00eda. Pens\u00e9 en <em>Ecarai<\/em> y c\u00f3mo \u00e9l era amable con la gente, y con mi hermana mayor. Pens\u00e9 en dejar a <em>Ecarai<\/em>, porque otros hombres me dijeron: &#8220;<em>Ecarai<\/em> no trabaja como yo. Qu\u00e9date conmigo.\u201d Pero los hombres que dec\u00edan estas cosas estaban jugando conmigo, y no se quedaron conmigo.<\/p>\n<p>Dapure\u0301 \u2013 Tobite\u0301, Bolivia \u2013 1965.<\/p>\n<p>Transcrito por: Joyce Davis Buchegger.<\/p>\n<p>Traducido al espa\u00f1ol por: Maxine Morarie.<\/p>\n<div class=\"navigation\"><div class=\"alignleft\"><a href=\"https:\/\/ayore.org\/es\/cultura\/canciones-nativas\/ajote-el-miedo-de-carayoi-hacia-mi-madre\/\"title=\"Ajot\u00e9 &#8211; El miedo de Carayoi hacia mi madre\"><img loading=\"lazy\" decoding=\"async\" src=\"https:\/\/ayore.org\/wp-content\/uploads\/2018\/10\/left-arrow.png\" width=\"50\" height=\"48\" alt=\"left arrow\"><\/a><\/div><div class=\"alignright\"><a href=\"https:\/\/ayore.org\/es\/cultura\/canciones-nativas\/ecabi-termine-con-amigas\/\"title=\"Eca\u0301bi &#8211; Termin\u00e9 con las chicas\"><img loading=\"lazy\" decoding=\"async\" src=\"https:\/\/ayore.org\/wp-content\/uploads\/2018\/10\/right-arrow.png\" width=\"50\" height=\"48\" alt=\"right arrow\"><\/a><\/div>\n","protected":false},"excerpt":{"rendered":"<p>Dapur\u00e9 Chijn\u0303ecare Dapure\u0301 Canta:\u00a0 Voy a cantar un poco. Voy a cantar a los dem\u00e1s. Lo siento por \u00c1quid\u00e9, nuestra hermana mayor. Ella est\u00e1 hambrienta. \u201cDejabi, date prisa y ven a m\u00ed y voy a ir a los j\u00f3venes.&#8221; Me<\/p>\n","protected":false},"author":2,"featured_media":0,"parent":292,"menu_order":0,"comment_status":"closed","ping_status":"closed","template":"","meta":{"footnotes":""},"class_list":["post-551","page","type-page","status-publish","hentry"],"yoast_head":"<!-- This site is optimized with the Yoast SEO plugin v27.4 - https:\/\/yoast.com\/product\/yoast-seo-wordpress\/ -->\n<title>Ayore\u0301 Canci\u00f3n: Dejabi, Ap\u00farate Y Ven A M\u00ed \u2022 Ayore.org<\/title>\n<meta name=\"robots\" content=\"index, follow, max-snippet:-1, max-image-preview:large, max-video-preview:-1\" \/>\n<link rel=\"canonical\" href=\"https:\/\/ayore.org\/es\/cultura\/canciones-nativas\/dapure-dejabi-apurate-y-ven-a-mi\/\" \/>\n<meta property=\"og:locale\" content=\"es_ES\" \/>\n<meta property=\"og:type\" content=\"article\" \/>\n<meta property=\"og:title\" content=\"Ayore\u0301 Canci\u00f3n: Dejabi, Ap\u00farate Y Ven A M\u00ed \u2022 Ayore.org\" \/>\n<meta property=\"og:description\" content=\"Dapur\u00e9 Chijn\u0303ecare Dapure\u0301 Canta:\u00a0 Voy a cantar un poco. Voy a cantar a los dem\u00e1s. Lo siento por \u00c1quid\u00e9, nuestra hermana mayor. Ella est\u00e1 hambrienta. \u201cDejabi, date prisa y ven a m\u00ed y voy a ir a los j\u00f3venes.&#8221; Me\" \/>\n<meta property=\"og:url\" content=\"https:\/\/ayore.org\/es\/cultura\/canciones-nativas\/dapure-dejabi-apurate-y-ven-a-mi\/\" \/>\n<meta property=\"og:site_name\" content=\"AYORE.ORG\" \/>\n<meta property=\"article:modified_time\" content=\"2019-03-02T20:05:09+00:00\" \/>\n<meta name=\"twitter:card\" content=\"summary_large_image\" \/>\n<meta name=\"twitter:label1\" content=\"Tiempo de lectura\" \/>\n\t<meta name=\"twitter:data1\" content=\"1 minuto\" \/>\n<script type=\"application\/ld+json\" class=\"yoast-schema-graph\">{\"@context\":\"https:\\\/\\\/schema.org\",\"@graph\":[{\"@type\":\"WebPage\",\"@id\":\"https:\\\/\\\/ayore.org\\\/es\\\/cultura\\\/canciones-nativas\\\/dapure-dejabi-apurate-y-ven-a-mi\\\/\",\"url\":\"https:\\\/\\\/ayore.org\\\/es\\\/cultura\\\/canciones-nativas\\\/dapure-dejabi-apurate-y-ven-a-mi\\\/\",\"name\":\"Ayore\u0301 Canci\u00f3n: Dejabi, Ap\u00farate Y Ven A M\u00ed \u2022 Ayore.org\",\"isPartOf\":{\"@id\":\"https:\\\/\\\/ayore.org\\\/#website\"},\"datePublished\":\"2018-08-03T01:17:46+00:00\",\"dateModified\":\"2019-03-02T20:05:09+00:00\",\"breadcrumb\":{\"@id\":\"https:\\\/\\\/ayore.org\\\/es\\\/cultura\\\/canciones-nativas\\\/dapure-dejabi-apurate-y-ven-a-mi\\\/#breadcrumb\"},\"inLanguage\":\"es-AR\",\"potentialAction\":[{\"@type\":\"ReadAction\",\"target\":[\"https:\\\/\\\/ayore.org\\\/es\\\/cultura\\\/canciones-nativas\\\/dapure-dejabi-apurate-y-ven-a-mi\\\/\"]}]},{\"@type\":\"BreadcrumbList\",\"@id\":\"https:\\\/\\\/ayore.org\\\/es\\\/cultura\\\/canciones-nativas\\\/dapure-dejabi-apurate-y-ven-a-mi\\\/#breadcrumb\",\"itemListElement\":[{\"@type\":\"ListItem\",\"position\":1,\"name\":\"Inicio\",\"item\":\"https:\\\/\\\/ayore.org\\\/es\\\/\"},{\"@type\":\"ListItem\",\"position\":2,\"name\":\"Cultura\",\"item\":\"https:\\\/\\\/ayore.org\\\/es\\\/cultura\\\/\"},{\"@type\":\"ListItem\",\"position\":3,\"name\":\"Canciones Nativas\",\"item\":\"https:\\\/\\\/ayore.org\\\/es\\\/cultura\\\/canciones-nativas\\\/\"},{\"@type\":\"ListItem\",\"position\":4,\"name\":\"Dapure\u0301 &#8211; Dejabi, ap\u00farate y ven a m\u00ed\"}]},{\"@type\":\"WebSite\",\"@id\":\"https:\\\/\\\/ayore.org\\\/#website\",\"url\":\"https:\\\/\\\/ayore.org\\\/\",\"name\":\"AYORE.ORG\",\"description\":\"Idioma, Cultura e Historia de la Tribu Ayor\u00e9\",\"potentialAction\":[{\"@type\":\"SearchAction\",\"target\":{\"@type\":\"EntryPoint\",\"urlTemplate\":\"https:\\\/\\\/ayore.org\\\/?s={search_term_string}\"},\"query-input\":{\"@type\":\"PropertyValueSpecification\",\"valueRequired\":true,\"valueName\":\"search_term_string\"}}],\"inLanguage\":\"es-AR\"}]}<\/script>\n<!-- \/ Yoast SEO plugin. -->","yoast_head_json":{"title":"Ayore\u0301 Canci\u00f3n: Dejabi, Ap\u00farate Y Ven A M\u00ed \u2022 Ayore.org","robots":{"index":"index","follow":"follow","max-snippet":"max-snippet:-1","max-image-preview":"max-image-preview:large","max-video-preview":"max-video-preview:-1"},"canonical":"https:\/\/ayore.org\/es\/cultura\/canciones-nativas\/dapure-dejabi-apurate-y-ven-a-mi\/","og_locale":"es_ES","og_type":"article","og_title":"Ayore\u0301 Canci\u00f3n: Dejabi, Ap\u00farate Y Ven A M\u00ed \u2022 Ayore.org","og_description":"Dapur\u00e9 Chijn\u0303ecare Dapure\u0301 Canta:\u00a0 Voy a cantar un poco. Voy a cantar a los dem\u00e1s. Lo siento por \u00c1quid\u00e9, nuestra hermana mayor. Ella est\u00e1 hambrienta. \u201cDejabi, date prisa y ven a m\u00ed y voy a ir a los j\u00f3venes.&#8221; Me","og_url":"https:\/\/ayore.org\/es\/cultura\/canciones-nativas\/dapure-dejabi-apurate-y-ven-a-mi\/","og_site_name":"AYORE.ORG","article_modified_time":"2019-03-02T20:05:09+00:00","twitter_card":"summary_large_image","twitter_misc":{"Tiempo de lectura":"1 minuto"},"schema":{"@context":"https:\/\/schema.org","@graph":[{"@type":"WebPage","@id":"https:\/\/ayore.org\/es\/cultura\/canciones-nativas\/dapure-dejabi-apurate-y-ven-a-mi\/","url":"https:\/\/ayore.org\/es\/cultura\/canciones-nativas\/dapure-dejabi-apurate-y-ven-a-mi\/","name":"Ayore\u0301 Canci\u00f3n: Dejabi, Ap\u00farate Y Ven A M\u00ed \u2022 Ayore.org","isPartOf":{"@id":"https:\/\/ayore.org\/#website"},"datePublished":"2018-08-03T01:17:46+00:00","dateModified":"2019-03-02T20:05:09+00:00","breadcrumb":{"@id":"https:\/\/ayore.org\/es\/cultura\/canciones-nativas\/dapure-dejabi-apurate-y-ven-a-mi\/#breadcrumb"},"inLanguage":"es-AR","potentialAction":[{"@type":"ReadAction","target":["https:\/\/ayore.org\/es\/cultura\/canciones-nativas\/dapure-dejabi-apurate-y-ven-a-mi\/"]}]},{"@type":"BreadcrumbList","@id":"https:\/\/ayore.org\/es\/cultura\/canciones-nativas\/dapure-dejabi-apurate-y-ven-a-mi\/#breadcrumb","itemListElement":[{"@type":"ListItem","position":1,"name":"Inicio","item":"https:\/\/ayore.org\/es\/"},{"@type":"ListItem","position":2,"name":"Cultura","item":"https:\/\/ayore.org\/es\/cultura\/"},{"@type":"ListItem","position":3,"name":"Canciones Nativas","item":"https:\/\/ayore.org\/es\/cultura\/canciones-nativas\/"},{"@type":"ListItem","position":4,"name":"Dapure\u0301 &#8211; Dejabi, ap\u00farate y ven a m\u00ed"}]},{"@type":"WebSite","@id":"https:\/\/ayore.org\/#website","url":"https:\/\/ayore.org\/","name":"AYORE.ORG","description":"Idioma, Cultura e Historia de la Tribu Ayor\u00e9","potentialAction":[{"@type":"SearchAction","target":{"@type":"EntryPoint","urlTemplate":"https:\/\/ayore.org\/?s={search_term_string}"},"query-input":{"@type":"PropertyValueSpecification","valueRequired":true,"valueName":"search_term_string"}}],"inLanguage":"es-AR"}]}},"_links":{"self":[{"href":"https:\/\/ayore.org\/es\/wp-json\/wp\/v2\/pages\/551","targetHints":{"allow":["GET"]}}],"collection":[{"href":"https:\/\/ayore.org\/es\/wp-json\/wp\/v2\/pages"}],"about":[{"href":"https:\/\/ayore.org\/es\/wp-json\/wp\/v2\/types\/page"}],"author":[{"embeddable":true,"href":"https:\/\/ayore.org\/es\/wp-json\/wp\/v2\/users\/2"}],"replies":[{"embeddable":true,"href":"https:\/\/ayore.org\/es\/wp-json\/wp\/v2\/comments?post=551"}],"version-history":[{"count":5,"href":"https:\/\/ayore.org\/es\/wp-json\/wp\/v2\/pages\/551\/revisions"}],"predecessor-version":[{"id":3183,"href":"https:\/\/ayore.org\/es\/wp-json\/wp\/v2\/pages\/551\/revisions\/3183"}],"up":[{"embeddable":true,"href":"https:\/\/ayore.org\/es\/wp-json\/wp\/v2\/pages\/292"}],"wp:attachment":[{"href":"https:\/\/ayore.org\/es\/wp-json\/wp\/v2\/media?parent=551"}],"curies":[{"name":"wp","href":"https:\/\/api.w.org\/{rel}","templated":true}]}}