{"id":544,"date":"2018-08-03T00:59:29","date_gmt":"2018-08-03T00:59:29","guid":{"rendered":"https:\/\/ayore.org\/?page_id=544"},"modified":"2019-02-28T03:55:13","modified_gmt":"2019-02-28T03:55:13","slug":"oidabiade-oh-tu-que-causaste-un-dano-tan-horrible","status":"publish","type":"page","link":"https:\/\/ayore.org\/es\/cultura\/canciones-nativas\/oidabiade-oh-tu-que-causaste-un-dano-tan-horrible\/","title":{"rendered":"Oid\u00e1biad\u00e9 &#8211; O, tu que causaste un da\u00f1o tan horrible"},"content":{"rendered":"<p><em>Acacomi Yui Caratac<\/em><\/p>\n<p><strong>La V\u00edctima de Acacomi \u2013 El Jaguar<\/strong><\/p>\n<p><strong><em>Mi canto ser\u00e1 sobre el jaguar, el animal m\u00e1s da\u00f1ino<\/em><\/strong><strong><em>:<\/em><\/strong><\/p>\n<p><em>(En su canto el cantante no se refiere al jaguar como &#8216;jaguar&#8217;, sino como un animal da\u00f1ino.) <\/em><\/p>\n<p><em>Usted que causaba ese da\u00f1o horrible<\/em>, \u00bfpor qu\u00e9 no reaccionaba m\u00e1s r\u00e1pidamente entonces podr\u00eda haber matado a mi nieto, tir\u00e1ndolo al suelo. Me refiero a mi nieto, el que tiene la posesi\u00f3n del clan que es la hermosa alineaci\u00f3n que usa para marcar sus posesiones. Si hubieras reaccionado m\u00e1s r\u00e1pidamente entonces estar\u00eda yo babeando como llor\u00e9 la muerte de mi nieto, junto con la madre de otras de sus v\u00edctimas. Nosotros estar\u00edamos llorando por nuestros seres queridos si hubiera sido m\u00e1s r\u00e1pido, pero es usted quien fue arrojado al suelo.<\/p>\n<p>\u00a1O, <em>t\u00fa, que sab\u00eda causar tal da\u00f1o terrible<\/em> mataste el perro de mi nieto, que me encantaba como si fuera un nieto m\u00edo. Usted rasg\u00f3 el pobre perrito pero tu victoria fue de corta duraci\u00f3n. Los due\u00f1os del perrito ahora est\u00e1n riendo de ti all\u00ed en el suelo habiendo llegado a tu fin.<\/p>\n<p>Ha intentado restar importancia a mis nietos y a mis hijos, pero no pod\u00eda hacerlo. En cambio, la noticia de c\u00f3mo te mataban llegar\u00e1 lejos hasta la ciudad de Filadelfia, y esto es lo que mis nietos que viven all\u00ed escuchar\u00e1n. Me refiero a <em>Poj\u00f3rone <\/em>e<em> Imeserane<\/em>. La noticia hablar\u00e1 y dir\u00e1: \u201cDicen que <em>Ijniminay\u00e9<\/em> hab\u00eda ido a cazar miel y <em>el que causa ese da\u00f1o horrible<\/em> lo atac\u00f3. Dej\u00f3 el jaguar en el \u00e1rbol por encima de \u00e9l y se fue a la aldea para conseguir los dem\u00e1s a ir con \u00e9l a matar <em>al que hace cosas tan terribles.<\/em> Regresaron con <em>Ijniminay\u00e9<\/em> y mataron al jaguar.&#8221; (Esa es la noticia que ser\u00e1 transmitido en Filadelfia.)<\/p>\n<p>Me dirijo a <em>usted que causaba tal da\u00f1o horrible<\/em>, que trat\u00f3 de restar importancia a mis nietos y a mis hijos, y procur\u00f3 amenazar su futuro. Habl\u00e9 con la abuela de <em>Dosadi<\/em> que estaba de pie a mi lado. Le dije: \u201cNo somos gente blanca que construyen fortalezas, pero consideramos a los j\u00f3venes a mi alrededor como nuestras fortalezas, porque nos protejan. Mis hijos j\u00f3venes e hijos mayores siempre me est\u00e1 protegiendo.\u201d<\/p>\n<p><em>Usted que siempre estaba matando a nuestra gente<\/em>, era tan seguro de que usted podr\u00eda matar a mis hijos y a mis nietos. As\u00ed que \u00bfc\u00f3mo es que usted no era capaz de completar sus planes de hacer v\u00edctimas de mis nietos y mis hijos?<\/p>\n<p>En verdad los m\u00e1s importantes son los que tienen como posesiones de clan los dos tipos de caminos nombrados *<em>dajeque togu\u00e9odedatei<\/em> <em>y <\/em>*<em>dajeque tugur\u00e9odedat\u00e9i<\/em>. <em>Dejabi<\/em> el padre de mis nietas tiene esos dos caminos como sus posesiones del clan. Escucha los gritos de mi maraca. Est\u00e1 alabando a <em>Dejabi<\/em> por lo que hizo a <em>aquel que siempre caus\u00f3 tal da\u00f1o horrible<\/em>.<\/p>\n<p>O, <em>tu que caus\u00f3 tal da\u00f1o horrible<\/em>, en vano hablaste de mi nieto <em>Yacamai<\/em>. Lo llamaste insignificante y dijiste que no tendr\u00eda coraje para luchar contra ti cuando estabas enojado.\u00a0\u00a0 O, s\u00ed, usted menospreciaba a mi nieto <em>Yacamai<\/em>, pero cuando lleg\u00f3 la noticia era esta: &#8220;Dicen que <em>Yacamai<\/em> ha ido tras el jaguar.&#8221;<\/p>\n<p>Y yo dije: \u201cMi nieto <em>Yacamai<\/em> es el m\u00e1s importante, y tambi\u00e9n su compa\u00f1ero <em>Iporid\u00e9<\/em>. Seguramente va a ser ellos que matar\u00e1n<em> el que causa tal da\u00f1o terrible<\/em>.&#8221;<\/p>\n<p>Usted se jact\u00f3 de que usted matar\u00eda a uno de ellos. \u00bfPor qu\u00e9 no lo hiciste? Siempre rompas tus v\u00edctimas miembro por miembro. \u00bfC\u00f3mo es que no te rompiste las extremidades de <em>Ijniminay\u00e9<\/em>? Entonces yo ahora estar\u00eda lamentando la desaparici\u00f3n de uno de mis nietos. Casi mataste a mi hermano menor hace mucho tiempo, el que se llamaba <em>Ugar\u00e9jnaidai<\/em> o a <em>Mar\u00edaday\u00e9<\/em>, uno de ellos. Pero no lo hiciste. \u00bfPor qu\u00e9 es eso? \u00bfPor qu\u00e9 no hiciste un esfuerzo en ese entonces? \u00bfFue porque no pod\u00eda?<\/p>\n<p>En verdad estoy muy contento con mis nietos y mis hijos por lo que hicieron en matar <em>al que caus\u00f3 tanto da\u00f1o<\/em>. Se dispersaron por el suelo los miembros de <em>ese que causaba tanto da\u00f1o<\/em>. Mataron a ese insignificante. Te encontraron f\u00e1cil de matar, y no te dieron ninguna importancia.<\/p>\n<p>Usted menospreciaba mis hijos y nietos, y perjudicaba a muchos de nuestros antepasados. Y pocos de nuestros antepasados tuvieron el coraje de luchar contra ti. Pero en estos d\u00edas mis nietos e hijos han encontrado que f\u00e1cil era de conquistarte. Esa es la forma en que te derribaron y le dejaron en piezas esparcidas por el suelo.<\/p>\n<p>Este es el final de mi canto.<\/p>\n<p><strong>Vocabulario:<\/strong><\/p>\n<p><em>*edopasai \u2013 posesi\u00f3n de clan<\/em><\/p>\n<p><em>*dajeque togu\u00e9odedatei \u2013 un camino especial que es un posesi\u00f3n de clan<\/em><\/p>\n<p>*<em>dajeque tugur\u00e9odedat\u00e9i \u2013 otro camino especial que es un posesi\u00f3n de clan<\/em><\/p>\n<p><em>Oid\u00e1biad\u00e9 \u2013 Campo Loro, Paraguay \u2013 1988.<\/em><\/p>\n<p><em>Transcrito y traducido al espa\u00f1ol por: Maxine Morarie.<\/em><\/p>\n<div class=\"navigation\"><div class=\"alignleft\"><a href=\"https:\/\/ayore.org\/es\/cultura\/canciones-nativas\/igarubidate-un-canto-de-alabanza-por-matar-a-un-jaguar\/\"title=\"Igarubidat\u00e9 &#8211; Un canto de alabanza por matar a un jaguar\"><img loading=\"lazy\" decoding=\"async\" src=\"https:\/\/ayore.org\/wp-content\/uploads\/2018\/10\/left-arrow.png\" width=\"50\" height=\"48\" alt=\"left arrow\"><\/a><\/div><div class=\"alignright\"><a href=\"https:\/\/ayore.org\/es\/cultura\/canciones-nativas\/ajote-el-miedo-de-carayoi-hacia-mi-madre\/\"title=\"Ajot\u00e9 &#8211; El miedo de Carayoi hacia mi madre\"><img loading=\"lazy\" decoding=\"async\" src=\"https:\/\/ayore.org\/wp-content\/uploads\/2018\/10\/right-arrow.png\" width=\"50\" height=\"48\" alt=\"right arrow\"><\/a><\/div>\n","protected":false},"excerpt":{"rendered":"<p>Acacomi Yui Caratac La V\u00edctima de Acacomi \u2013 El Jaguar Mi canto ser\u00e1 sobre el jaguar, el animal m\u00e1s da\u00f1ino: (En su canto el cantante no se refiere al jaguar como &#8216;jaguar&#8217;, sino como un animal da\u00f1ino.) Usted que causaba<\/p>\n","protected":false},"author":2,"featured_media":0,"parent":292,"menu_order":0,"comment_status":"closed","ping_status":"closed","template":"","meta":{"footnotes":""},"class_list":["post-544","page","type-page","status-publish","hentry"],"yoast_head":"<!-- This site is optimized with the Yoast SEO plugin v27.4 - https:\/\/yoast.com\/product\/yoast-seo-wordpress\/ -->\n<title>Ayore\u0301 Canci\u00f3n: Oh Tu Que Causaste Un Da\u00f1o Tan Horrible \u2022 Ayore.org<\/title>\n<meta name=\"robots\" content=\"index, follow, max-snippet:-1, max-image-preview:large, max-video-preview:-1\" \/>\n<link rel=\"canonical\" href=\"https:\/\/ayore.org\/es\/cultura\/canciones-nativas\/oidabiade-oh-tu-que-causaste-un-dano-tan-horrible\/\" \/>\n<meta property=\"og:locale\" content=\"es_ES\" \/>\n<meta property=\"og:type\" content=\"article\" \/>\n<meta property=\"og:title\" content=\"Ayore\u0301 Canci\u00f3n: Oh Tu Que Causaste Un Da\u00f1o Tan Horrible \u2022 Ayore.org\" \/>\n<meta property=\"og:description\" content=\"Acacomi Yui Caratac La V\u00edctima de Acacomi \u2013 El Jaguar Mi canto ser\u00e1 sobre el jaguar, el animal m\u00e1s da\u00f1ino: (En su canto el cantante no se refiere al jaguar como &#8216;jaguar&#8217;, sino como un animal da\u00f1ino.) Usted que causaba\" \/>\n<meta property=\"og:url\" content=\"https:\/\/ayore.org\/es\/cultura\/canciones-nativas\/oidabiade-oh-tu-que-causaste-un-dano-tan-horrible\/\" \/>\n<meta property=\"og:site_name\" content=\"AYORE.ORG\" \/>\n<meta property=\"article:modified_time\" content=\"2019-02-28T03:55:13+00:00\" \/>\n<meta name=\"twitter:card\" content=\"summary_large_image\" \/>\n<meta name=\"twitter:label1\" content=\"Tiempo de lectura\" \/>\n\t<meta name=\"twitter:data1\" content=\"4 minutos\" \/>\n<script type=\"application\/ld+json\" class=\"yoast-schema-graph\">{\"@context\":\"https:\\\/\\\/schema.org\",\"@graph\":[{\"@type\":\"WebPage\",\"@id\":\"https:\\\/\\\/ayore.org\\\/es\\\/cultura\\\/canciones-nativas\\\/oidabiade-oh-tu-que-causaste-un-dano-tan-horrible\\\/\",\"url\":\"https:\\\/\\\/ayore.org\\\/es\\\/cultura\\\/canciones-nativas\\\/oidabiade-oh-tu-que-causaste-un-dano-tan-horrible\\\/\",\"name\":\"Ayore\u0301 Canci\u00f3n: Oh Tu Que Causaste Un Da\u00f1o Tan Horrible \u2022 Ayore.org\",\"isPartOf\":{\"@id\":\"https:\\\/\\\/ayore.org\\\/#website\"},\"datePublished\":\"2018-08-03T00:59:29+00:00\",\"dateModified\":\"2019-02-28T03:55:13+00:00\",\"breadcrumb\":{\"@id\":\"https:\\\/\\\/ayore.org\\\/es\\\/cultura\\\/canciones-nativas\\\/oidabiade-oh-tu-que-causaste-un-dano-tan-horrible\\\/#breadcrumb\"},\"inLanguage\":\"es-AR\",\"potentialAction\":[{\"@type\":\"ReadAction\",\"target\":[\"https:\\\/\\\/ayore.org\\\/es\\\/cultura\\\/canciones-nativas\\\/oidabiade-oh-tu-que-causaste-un-dano-tan-horrible\\\/\"]}]},{\"@type\":\"BreadcrumbList\",\"@id\":\"https:\\\/\\\/ayore.org\\\/es\\\/cultura\\\/canciones-nativas\\\/oidabiade-oh-tu-que-causaste-un-dano-tan-horrible\\\/#breadcrumb\",\"itemListElement\":[{\"@type\":\"ListItem\",\"position\":1,\"name\":\"Inicio\",\"item\":\"https:\\\/\\\/ayore.org\\\/es\\\/\"},{\"@type\":\"ListItem\",\"position\":2,\"name\":\"Cultura\",\"item\":\"https:\\\/\\\/ayore.org\\\/es\\\/cultura\\\/\"},{\"@type\":\"ListItem\",\"position\":3,\"name\":\"Canciones Nativas\",\"item\":\"https:\\\/\\\/ayore.org\\\/es\\\/cultura\\\/canciones-nativas\\\/\"},{\"@type\":\"ListItem\",\"position\":4,\"name\":\"Oid\u00e1biad\u00e9 &#8211; O, tu que causaste un da\u00f1o tan horrible\"}]},{\"@type\":\"WebSite\",\"@id\":\"https:\\\/\\\/ayore.org\\\/#website\",\"url\":\"https:\\\/\\\/ayore.org\\\/\",\"name\":\"AYORE.ORG\",\"description\":\"Idioma, Cultura e Historia de la Tribu Ayor\u00e9\",\"potentialAction\":[{\"@type\":\"SearchAction\",\"target\":{\"@type\":\"EntryPoint\",\"urlTemplate\":\"https:\\\/\\\/ayore.org\\\/?s={search_term_string}\"},\"query-input\":{\"@type\":\"PropertyValueSpecification\",\"valueRequired\":true,\"valueName\":\"search_term_string\"}}],\"inLanguage\":\"es-AR\"}]}<\/script>\n<!-- \/ Yoast SEO plugin. -->","yoast_head_json":{"title":"Ayore\u0301 Canci\u00f3n: Oh Tu Que Causaste Un Da\u00f1o Tan Horrible \u2022 Ayore.org","robots":{"index":"index","follow":"follow","max-snippet":"max-snippet:-1","max-image-preview":"max-image-preview:large","max-video-preview":"max-video-preview:-1"},"canonical":"https:\/\/ayore.org\/es\/cultura\/canciones-nativas\/oidabiade-oh-tu-que-causaste-un-dano-tan-horrible\/","og_locale":"es_ES","og_type":"article","og_title":"Ayore\u0301 Canci\u00f3n: Oh Tu Que Causaste Un Da\u00f1o Tan Horrible \u2022 Ayore.org","og_description":"Acacomi Yui Caratac La V\u00edctima de Acacomi \u2013 El Jaguar Mi canto ser\u00e1 sobre el jaguar, el animal m\u00e1s da\u00f1ino: (En su canto el cantante no se refiere al jaguar como &#8216;jaguar&#8217;, sino como un animal da\u00f1ino.) Usted que causaba","og_url":"https:\/\/ayore.org\/es\/cultura\/canciones-nativas\/oidabiade-oh-tu-que-causaste-un-dano-tan-horrible\/","og_site_name":"AYORE.ORG","article_modified_time":"2019-02-28T03:55:13+00:00","twitter_card":"summary_large_image","twitter_misc":{"Tiempo de lectura":"4 minutos"},"schema":{"@context":"https:\/\/schema.org","@graph":[{"@type":"WebPage","@id":"https:\/\/ayore.org\/es\/cultura\/canciones-nativas\/oidabiade-oh-tu-que-causaste-un-dano-tan-horrible\/","url":"https:\/\/ayore.org\/es\/cultura\/canciones-nativas\/oidabiade-oh-tu-que-causaste-un-dano-tan-horrible\/","name":"Ayore\u0301 Canci\u00f3n: Oh Tu Que Causaste Un Da\u00f1o Tan Horrible \u2022 Ayore.org","isPartOf":{"@id":"https:\/\/ayore.org\/#website"},"datePublished":"2018-08-03T00:59:29+00:00","dateModified":"2019-02-28T03:55:13+00:00","breadcrumb":{"@id":"https:\/\/ayore.org\/es\/cultura\/canciones-nativas\/oidabiade-oh-tu-que-causaste-un-dano-tan-horrible\/#breadcrumb"},"inLanguage":"es-AR","potentialAction":[{"@type":"ReadAction","target":["https:\/\/ayore.org\/es\/cultura\/canciones-nativas\/oidabiade-oh-tu-que-causaste-un-dano-tan-horrible\/"]}]},{"@type":"BreadcrumbList","@id":"https:\/\/ayore.org\/es\/cultura\/canciones-nativas\/oidabiade-oh-tu-que-causaste-un-dano-tan-horrible\/#breadcrumb","itemListElement":[{"@type":"ListItem","position":1,"name":"Inicio","item":"https:\/\/ayore.org\/es\/"},{"@type":"ListItem","position":2,"name":"Cultura","item":"https:\/\/ayore.org\/es\/cultura\/"},{"@type":"ListItem","position":3,"name":"Canciones Nativas","item":"https:\/\/ayore.org\/es\/cultura\/canciones-nativas\/"},{"@type":"ListItem","position":4,"name":"Oid\u00e1biad\u00e9 &#8211; O, tu que causaste un da\u00f1o tan horrible"}]},{"@type":"WebSite","@id":"https:\/\/ayore.org\/#website","url":"https:\/\/ayore.org\/","name":"AYORE.ORG","description":"Idioma, Cultura e Historia de la Tribu Ayor\u00e9","potentialAction":[{"@type":"SearchAction","target":{"@type":"EntryPoint","urlTemplate":"https:\/\/ayore.org\/?s={search_term_string}"},"query-input":{"@type":"PropertyValueSpecification","valueRequired":true,"valueName":"search_term_string"}}],"inLanguage":"es-AR"}]}},"_links":{"self":[{"href":"https:\/\/ayore.org\/es\/wp-json\/wp\/v2\/pages\/544","targetHints":{"allow":["GET"]}}],"collection":[{"href":"https:\/\/ayore.org\/es\/wp-json\/wp\/v2\/pages"}],"about":[{"href":"https:\/\/ayore.org\/es\/wp-json\/wp\/v2\/types\/page"}],"author":[{"embeddable":true,"href":"https:\/\/ayore.org\/es\/wp-json\/wp\/v2\/users\/2"}],"replies":[{"embeddable":true,"href":"https:\/\/ayore.org\/es\/wp-json\/wp\/v2\/comments?post=544"}],"version-history":[{"count":3,"href":"https:\/\/ayore.org\/es\/wp-json\/wp\/v2\/pages\/544\/revisions"}],"predecessor-version":[{"id":3158,"href":"https:\/\/ayore.org\/es\/wp-json\/wp\/v2\/pages\/544\/revisions\/3158"}],"up":[{"embeddable":true,"href":"https:\/\/ayore.org\/es\/wp-json\/wp\/v2\/pages\/292"}],"wp:attachment":[{"href":"https:\/\/ayore.org\/es\/wp-json\/wp\/v2\/media?parent=544"}],"curies":[{"name":"wp","href":"https:\/\/api.w.org\/{rel}","templated":true}]}}