{"id":540,"date":"2018-08-03T00:36:44","date_gmt":"2018-08-03T00:36:44","guid":{"rendered":"https:\/\/ayore.org\/?page_id=540"},"modified":"2019-02-27T20:36:38","modified_gmt":"2019-02-27T20:36:38","slug":"igarubidate-un-canto-de-alabanza-por-matar-a-un-jaguar","status":"publish","type":"page","link":"https:\/\/ayore.org\/es\/cultura\/canciones-nativas\/igarubidate-un-canto-de-alabanza-por-matar-a-un-jaguar\/","title":{"rendered":"Igarubidat\u00e9 &#8211; Un canto de alabanza por matar a un jaguar"},"content":{"rendered":"<p><em>Igarub\u00eddat\u00e9<\/em>\u00a0<em>Igorigu\u00e9ode<\/em><\/p>\n<p><strong style=\"font-size: 1.6rem;\">Canto de Igarub\u00eddat\u00e9 para alabar a su nieto por haber matado a un jaguar<\/strong><\/p>\n<p><strong><em>\u00a0(<\/em><\/strong><strong>Las letras del canto son escritas por Igarub\u00eddat\u00e9, y la melod\u00eda es del clan Jnurumini.)<\/strong><\/p>\n<p><em><strong>Igarubidate\u0301 dice:<\/strong>\u00a0<\/em><\/p>\n<p>Estoy muy contenta con lo que mi nieto *<em>Ijniminay\u00e9 <\/em>\u00a0hizo recientemente.<\/p>\n<p><strong><em>Igarub\u00eddat\u00e9 habla como si fuera el jaguar:<\/em><\/strong><\/p>\n<p>\u00bfPor qu\u00e9 no me lo com\u00ed al muchacho de inmediato y entonces yo no estar\u00eda babeando ahora? (Nota: Babeando es una manera de describir la lamentaci\u00f3n.)<em>\u00a0<\/em><\/p>\n<p><strong><em>Igarub\u00eddat\u00e9 vuelve a hablar en su voz normal:<\/em><\/strong><\/p>\n<p>Estoy muy contenta con lo que mi nieto hizo a ese jaguar feroz que com\u00eda a la gente.<\/p>\n<p><strong><em>Igarubidat\u00e9 habla al jaguar:\u00a0<\/em><\/strong><\/p>\n<p>O, tu que devorabas a la gente, lev\u00e1ntate de la tierra. Vamos a ver si una vez m\u00e1s podr\u00eda hacer hu\u00e9rfanas de mis hermanas y de m\u00ed. Aunque ya no podemos recordar a nuestro padre, nos dicen que fue devorado por ti. Mis hermanas y yo vivimos en la pobreza, y era porque mataste a nuestro padre.<\/p>\n<p><strong>Los comentarios de Igarub\u00eddat\u00e9: <\/strong><\/p>\n<p>As\u00ed que muchas mujeres de edad como yo, nos paralizamos de miedo debido a estos <em>criaturas da\u00f1inos<\/em>. \u00bfPor qu\u00e9 fue eso? \u00bfPor qu\u00e9 es que las se\u00f1oras mayores s\u00f3lo se mantienen silencio mientras <em>estas cosas da\u00f1inas<\/em> hacen su da\u00f1o?<\/p>\n<p>Tambi\u00e9n estoy muy contenta con el *<em>coj\u00f1oi <\/em>que vive entre nosotros llamado Luis que llev\u00f3 su arma para ayudarle a <em>Ac\u00e1comi<\/em> en matar al <em>animal da\u00f1ino.<\/em><\/p>\n<p>Tambi\u00e9n estoy muy contenta con mi sobrino que se llama *<em>Dejabi,<\/em> por que en el mismo d\u00eda se lo tir\u00f3 al suelo con un ruido sordo a ese <em>animal dan\u0303ino<\/em>. Y lo hizo por amor de sus amigos. Ojal\u00e1 que <em>Ijnim\u00ednat\u00e9<\/em> aprecie lo que su marido <em>Ijnim\u00ednay\u00e9<\/em> hizo en matar al jaguar. \u201c<em>Calabaza nueva y tierna,\u201d <\/em>felicite a su marido por lo que ha hecho. (Nota: En lugar de usar su nombre, <em>Igarubidat\u00e9<\/em> usa una de las posesiones del clan suyo para demostrar su carin\u0303o.)<\/p>\n<p><strong><em>Igarub\u00eddat\u00e9 habla al Jaguar muerto como si a\u00fan estuviera vivo:<\/em><\/strong><\/p>\n<p>Probablemente usted est\u00e1 deseando que estuviera yo \u2018 babosa&#8217; en mi dolor en este momento para mi nieto. Me refiero al nieto cuyas posesiones del clan son <em>los chiles verdes maduros<\/em>.<\/p>\n<p><em><strong>Comentarios de Igarubidat\u00e9:<\/strong><\/em><\/p>\n<p>Lo que mi nieto hizo a <em>ese terrible animal<\/em> era un acto maravilloso .<\/p>\n<p><strong><em>Igarubidat\u00e9 habla a la luz del d\u00eda.<\/em><\/strong><em><strong>\u00a0\u00a0<\/strong>\u00a0\u00a0\u00a0\u00a0\u00a0\u00a0 <\/em><\/p>\n<p><em>Peque\u00f1a Luz del D\u00eda<\/em>, \u00a1date prisa! Venga a nosotros desde donde te encuentras. Entonces los buitres podr\u00e1n ver a devorar la carne de ese <em>animal da\u00f1ino<\/em>, destroz\u00e1ndolo y sacando sus pulmones y comparti\u00e9ndolos entre ellos.<em>\u00a0<\/em><\/p>\n<p><em><strong>Comentarios de Igarubidat\u00e9:<\/strong><\/em><\/p>\n<p>Estoy muy contenta con mi hijo, <em>Dejabi ,<\/em> ahora mismo, que<em> florece como una flor<\/em>, y tambien\u00a0 estoy contenta con los otros que ayudaron matar el jaguar. Estoy tan emocionada.<\/p>\n<p>Ellos me han hecho tan feliz! Han arrojado al suelo ese <em>animal da\u00f1ino.<\/em> He trabajado duro en alabar lo suficiente a mis nietos y a los j\u00f3venes que los ayudaron, y ahora quiero alabar a sus perros. Menciono la velocidad con la que persiguieron al jaguar, los perros de mi nieto *<em>Datur\u00e1jnai, <\/em>y los de <em>Luis.<\/em> Fue a causa de los perros que los j\u00f3venes pod\u00edan matar a ese<em> animal da\u00f1ino.<\/em><\/p>\n<p>Voy a dejar mi alabanza ahora .<\/p>\n<p><strong><em><u>Vocabulario: <\/u><\/em><\/strong><\/p>\n<p>coj\u00f1oi <em>\u2013 persona blanca<\/em><\/p>\n<p>core\u0303\u0301<em> \u2013 <\/em><em>la mujer que canta para los que matan a los jaguares<\/em><\/p>\n<p>cor\u00e3i <em>\u2013el hombre que canta para los que matan a los jaguares<\/em><\/p>\n<p>imocar\u00e3i<em> \u2013 el que tiene un arma<\/em><\/p>\n<p>Ac\u00e1comi <em>\u2013 <\/em><em>el que dispar\u00f3 el primer tiro y recibi\u00f3 la mayor\u00eda de los elogios<\/em><\/p>\n<p>orasoi <em>\u2013un \u00a0corredor r\u00e1pido, veloz (pl. orasode)<\/em><\/p>\n<p>oraser\u00e3i m<em>. \u2013el que corre r\u00e1pido<\/em><\/p>\n<p>orasere\u0303\u00a0 f.<em> \u2013 la que corre r\u00e1pido<\/em><\/p>\n<p>coriguei <em>\u2013canto que felicita la persona que mata un jaguar u otra v\u00edctima importante. La persona que canta frequentemente sobre las matazas de los animales feroces es uno que ha tenido miembros de la familia que han sido matado por un jaguar.\u00a0 (forma posesiva: igoriguei)<\/em><\/p>\n<p><em>Nota que cuando nace un hijo, los padres y los abuelos son llamados por el nombre del ni\u00f1o:<\/em><\/p>\n<p><em>Ijnimi \u2013 nombre del ni\u00f1o<\/em><\/p>\n<p><em>Ijnimi\u0301nat\u00e9 \u2013 la madre de Ijnimi<\/em><\/p>\n<p><em>\u00a0Ijnimi\u0301nay\u00e9 \u2013 el padre de Ijnimi<\/em><\/p>\n<p><em>Ijnimin\u00e1quide \u2013 el abuelo de Ijnimi<\/em><\/p>\n<p><em>Ijnimidacode \u2013 la abuela de Ijnimi<\/em><\/p>\n<p>\u00a0<\/p>\n<p><em>Igarubidat\u00e9 \u2013 Campo Loro, Paraguay \u2013 1988.<\/em><\/p>\n<p><em>Transcrito y traducido al espan\u0303ol por: Maxine Morarie.<\/em><\/p>\n<div class=\"navigation\"><div class=\"alignleft\"><a href=\"https:\/\/ayore.org\/es\/cultura\/canciones-nativas\/guebejnane-aliciade-menciona-a-las-mujeres-que-amaba\/\"title=\"Gueb\u00e9jnan\u00e9 &#8211; Aliciad\u00e9 menciona a las mujeres que amaba\"><img loading=\"lazy\" decoding=\"async\" src=\"https:\/\/ayore.org\/wp-content\/uploads\/2018\/10\/left-arrow.png\" width=\"50\" height=\"48\" alt=\"left arrow\"><\/a><\/div><div class=\"alignright\"><a href=\"https:\/\/ayore.org\/es\/cultura\/canciones-nativas\/oidabiade-oh-tu-que-causaste-un-dano-tan-horrible\/\"title=\"Oid\u00e1biad\u00e9 &#8211; O, tu que causaste un da\u00f1o tan horrible\"><img loading=\"lazy\" decoding=\"async\" src=\"https:\/\/ayore.org\/wp-content\/uploads\/2018\/10\/right-arrow.png\" width=\"50\" height=\"48\" alt=\"right arrow\"><\/a><\/div>\n\n\n<p><\/p>\n","protected":false},"excerpt":{"rendered":"<p>Igarub\u00eddat\u00e9\u00a0Igorigu\u00e9ode Canto de Igarub\u00eddat\u00e9 para alabar a su nieto por haber matado a un jaguar \u00a0(Las letras del canto son escritas por Igarub\u00eddat\u00e9, y la melod\u00eda es del clan Jnurumini.) Igarubidate\u0301 dice:\u00a0 Estoy muy contenta con lo que mi nieto<\/p>\n","protected":false},"author":2,"featured_media":0,"parent":292,"menu_order":0,"comment_status":"closed","ping_status":"closed","template":"","meta":{"footnotes":""},"class_list":["post-540","page","type-page","status-publish","hentry"],"yoast_head":"<!-- This site is optimized with the Yoast SEO plugin v27.4 - https:\/\/yoast.com\/product\/yoast-seo-wordpress\/ -->\n<title>Ayore\u0301 Canci\u00f3n: Un Canto De Alabanza Por Matar A Un Jaguar \u2022 Ayore.org<\/title>\n<meta name=\"robots\" content=\"index, follow, max-snippet:-1, max-image-preview:large, max-video-preview:-1\" \/>\n<link rel=\"canonical\" href=\"https:\/\/ayore.org\/es\/cultura\/canciones-nativas\/igarubidate-un-canto-de-alabanza-por-matar-a-un-jaguar\/\" \/>\n<meta property=\"og:locale\" content=\"es_ES\" \/>\n<meta property=\"og:type\" content=\"article\" \/>\n<meta property=\"og:title\" content=\"Ayore\u0301 Canci\u00f3n: Un Canto De Alabanza Por Matar A Un Jaguar \u2022 Ayore.org\" \/>\n<meta property=\"og:description\" content=\"Igarub\u00eddat\u00e9\u00a0Igorigu\u00e9ode Canto de Igarub\u00eddat\u00e9 para alabar a su nieto por haber matado a un jaguar \u00a0(Las letras del canto son escritas por Igarub\u00eddat\u00e9, y la melod\u00eda es del clan Jnurumini.) Igarubidate\u0301 dice:\u00a0 Estoy muy contenta con lo que mi nieto\" \/>\n<meta property=\"og:url\" content=\"https:\/\/ayore.org\/es\/cultura\/canciones-nativas\/igarubidate-un-canto-de-alabanza-por-matar-a-un-jaguar\/\" \/>\n<meta property=\"og:site_name\" content=\"AYORE.ORG\" \/>\n<meta property=\"article:modified_time\" content=\"2019-02-27T20:36:38+00:00\" \/>\n<meta name=\"twitter:card\" content=\"summary_large_image\" \/>\n<meta name=\"twitter:label1\" content=\"Tiempo de lectura\" \/>\n\t<meta name=\"twitter:data1\" content=\"4 minutos\" \/>\n<script type=\"application\/ld+json\" class=\"yoast-schema-graph\">{\"@context\":\"https:\\\/\\\/schema.org\",\"@graph\":[{\"@type\":\"WebPage\",\"@id\":\"https:\\\/\\\/ayore.org\\\/es\\\/cultura\\\/canciones-nativas\\\/igarubidate-un-canto-de-alabanza-por-matar-a-un-jaguar\\\/\",\"url\":\"https:\\\/\\\/ayore.org\\\/es\\\/cultura\\\/canciones-nativas\\\/igarubidate-un-canto-de-alabanza-por-matar-a-un-jaguar\\\/\",\"name\":\"Ayore\u0301 Canci\u00f3n: Un Canto De Alabanza Por Matar A Un Jaguar \u2022 Ayore.org\",\"isPartOf\":{\"@id\":\"https:\\\/\\\/ayore.org\\\/#website\"},\"datePublished\":\"2018-08-03T00:36:44+00:00\",\"dateModified\":\"2019-02-27T20:36:38+00:00\",\"breadcrumb\":{\"@id\":\"https:\\\/\\\/ayore.org\\\/es\\\/cultura\\\/canciones-nativas\\\/igarubidate-un-canto-de-alabanza-por-matar-a-un-jaguar\\\/#breadcrumb\"},\"inLanguage\":\"es-AR\",\"potentialAction\":[{\"@type\":\"ReadAction\",\"target\":[\"https:\\\/\\\/ayore.org\\\/es\\\/cultura\\\/canciones-nativas\\\/igarubidate-un-canto-de-alabanza-por-matar-a-un-jaguar\\\/\"]}]},{\"@type\":\"BreadcrumbList\",\"@id\":\"https:\\\/\\\/ayore.org\\\/es\\\/cultura\\\/canciones-nativas\\\/igarubidate-un-canto-de-alabanza-por-matar-a-un-jaguar\\\/#breadcrumb\",\"itemListElement\":[{\"@type\":\"ListItem\",\"position\":1,\"name\":\"Inicio\",\"item\":\"https:\\\/\\\/ayore.org\\\/es\\\/\"},{\"@type\":\"ListItem\",\"position\":2,\"name\":\"Cultura\",\"item\":\"https:\\\/\\\/ayore.org\\\/es\\\/cultura\\\/\"},{\"@type\":\"ListItem\",\"position\":3,\"name\":\"Canciones Nativas\",\"item\":\"https:\\\/\\\/ayore.org\\\/es\\\/cultura\\\/canciones-nativas\\\/\"},{\"@type\":\"ListItem\",\"position\":4,\"name\":\"Igarubidat\u00e9 &#8211; Un canto de alabanza por matar a un jaguar\"}]},{\"@type\":\"WebSite\",\"@id\":\"https:\\\/\\\/ayore.org\\\/#website\",\"url\":\"https:\\\/\\\/ayore.org\\\/\",\"name\":\"AYORE.ORG\",\"description\":\"Idioma, Cultura e Historia de la Tribu Ayor\u00e9\",\"potentialAction\":[{\"@type\":\"SearchAction\",\"target\":{\"@type\":\"EntryPoint\",\"urlTemplate\":\"https:\\\/\\\/ayore.org\\\/?s={search_term_string}\"},\"query-input\":{\"@type\":\"PropertyValueSpecification\",\"valueRequired\":true,\"valueName\":\"search_term_string\"}}],\"inLanguage\":\"es-AR\"}]}<\/script>\n<!-- \/ Yoast SEO plugin. -->","yoast_head_json":{"title":"Ayore\u0301 Canci\u00f3n: Un Canto De Alabanza Por Matar A Un Jaguar \u2022 Ayore.org","robots":{"index":"index","follow":"follow","max-snippet":"max-snippet:-1","max-image-preview":"max-image-preview:large","max-video-preview":"max-video-preview:-1"},"canonical":"https:\/\/ayore.org\/es\/cultura\/canciones-nativas\/igarubidate-un-canto-de-alabanza-por-matar-a-un-jaguar\/","og_locale":"es_ES","og_type":"article","og_title":"Ayore\u0301 Canci\u00f3n: Un Canto De Alabanza Por Matar A Un Jaguar \u2022 Ayore.org","og_description":"Igarub\u00eddat\u00e9\u00a0Igorigu\u00e9ode Canto de Igarub\u00eddat\u00e9 para alabar a su nieto por haber matado a un jaguar \u00a0(Las letras del canto son escritas por Igarub\u00eddat\u00e9, y la melod\u00eda es del clan Jnurumini.) Igarubidate\u0301 dice:\u00a0 Estoy muy contenta con lo que mi nieto","og_url":"https:\/\/ayore.org\/es\/cultura\/canciones-nativas\/igarubidate-un-canto-de-alabanza-por-matar-a-un-jaguar\/","og_site_name":"AYORE.ORG","article_modified_time":"2019-02-27T20:36:38+00:00","twitter_card":"summary_large_image","twitter_misc":{"Tiempo de lectura":"4 minutos"},"schema":{"@context":"https:\/\/schema.org","@graph":[{"@type":"WebPage","@id":"https:\/\/ayore.org\/es\/cultura\/canciones-nativas\/igarubidate-un-canto-de-alabanza-por-matar-a-un-jaguar\/","url":"https:\/\/ayore.org\/es\/cultura\/canciones-nativas\/igarubidate-un-canto-de-alabanza-por-matar-a-un-jaguar\/","name":"Ayore\u0301 Canci\u00f3n: Un Canto De Alabanza Por Matar A Un Jaguar \u2022 Ayore.org","isPartOf":{"@id":"https:\/\/ayore.org\/#website"},"datePublished":"2018-08-03T00:36:44+00:00","dateModified":"2019-02-27T20:36:38+00:00","breadcrumb":{"@id":"https:\/\/ayore.org\/es\/cultura\/canciones-nativas\/igarubidate-un-canto-de-alabanza-por-matar-a-un-jaguar\/#breadcrumb"},"inLanguage":"es-AR","potentialAction":[{"@type":"ReadAction","target":["https:\/\/ayore.org\/es\/cultura\/canciones-nativas\/igarubidate-un-canto-de-alabanza-por-matar-a-un-jaguar\/"]}]},{"@type":"BreadcrumbList","@id":"https:\/\/ayore.org\/es\/cultura\/canciones-nativas\/igarubidate-un-canto-de-alabanza-por-matar-a-un-jaguar\/#breadcrumb","itemListElement":[{"@type":"ListItem","position":1,"name":"Inicio","item":"https:\/\/ayore.org\/es\/"},{"@type":"ListItem","position":2,"name":"Cultura","item":"https:\/\/ayore.org\/es\/cultura\/"},{"@type":"ListItem","position":3,"name":"Canciones Nativas","item":"https:\/\/ayore.org\/es\/cultura\/canciones-nativas\/"},{"@type":"ListItem","position":4,"name":"Igarubidat\u00e9 &#8211; Un canto de alabanza por matar a un jaguar"}]},{"@type":"WebSite","@id":"https:\/\/ayore.org\/#website","url":"https:\/\/ayore.org\/","name":"AYORE.ORG","description":"Idioma, Cultura e Historia de la Tribu Ayor\u00e9","potentialAction":[{"@type":"SearchAction","target":{"@type":"EntryPoint","urlTemplate":"https:\/\/ayore.org\/?s={search_term_string}"},"query-input":{"@type":"PropertyValueSpecification","valueRequired":true,"valueName":"search_term_string"}}],"inLanguage":"es-AR"}]}},"_links":{"self":[{"href":"https:\/\/ayore.org\/es\/wp-json\/wp\/v2\/pages\/540","targetHints":{"allow":["GET"]}}],"collection":[{"href":"https:\/\/ayore.org\/es\/wp-json\/wp\/v2\/pages"}],"about":[{"href":"https:\/\/ayore.org\/es\/wp-json\/wp\/v2\/types\/page"}],"author":[{"embeddable":true,"href":"https:\/\/ayore.org\/es\/wp-json\/wp\/v2\/users\/2"}],"replies":[{"embeddable":true,"href":"https:\/\/ayore.org\/es\/wp-json\/wp\/v2\/comments?post=540"}],"version-history":[{"count":3,"href":"https:\/\/ayore.org\/es\/wp-json\/wp\/v2\/pages\/540\/revisions"}],"predecessor-version":[{"id":3150,"href":"https:\/\/ayore.org\/es\/wp-json\/wp\/v2\/pages\/540\/revisions\/3150"}],"up":[{"embeddable":true,"href":"https:\/\/ayore.org\/es\/wp-json\/wp\/v2\/pages\/292"}],"wp:attachment":[{"href":"https:\/\/ayore.org\/es\/wp-json\/wp\/v2\/media?parent=540"}],"curies":[{"name":"wp","href":"https:\/\/api.w.org\/{rel}","templated":true}]}}