{"id":525,"date":"2018-08-01T00:45:49","date_gmt":"2018-08-01T00:45:49","guid":{"rendered":"https:\/\/ayore.org\/?page_id=525"},"modified":"2019-02-25T21:06:17","modified_gmt":"2019-02-25T21:06:17","slug":"guibejnane-fuimos-a-las-salinas","status":"publish","type":"page","link":"https:\/\/ayore.org\/es\/cultura\/relatos-personales\/guibejnane-fuimos-a-las-salinas\/","title":{"rendered":"Guib\u00e9jnane &#8211; Mi viaje a Las Salinas"},"content":{"rendered":"<p><strong style=\"font-size: 1rem;\">La historia de Guibe\u0301jnane<\/strong><\/p>\n<p>Acab\u00e1bamos de terminar la celebraci\u00f3n del p\u00e1jaro que adoramos cuando salimos de nuestro campamento. Y <em>Acensiad\u00e1i<\/em> dijo: &#8220;Voy a viajar. Voy a las salinas que frecuentamos. (Dijo esto a causa de su hija <em>Y\u00e1ride<\/em>.) &#8220;Lo siento por <em>Y\u00e1ride<\/em> porque lo \u00fanico que tiene que chupar es agua, y nada m\u00e1s.\u201d\u00a0 Y \u00e9l dijo: &#8220;Yo voy a conseguir un poco de sal para ella de las salinas.&#8221;<\/p>\n<p>Y despu\u00e9s salimos y nos fuimos a las salinas. Hemos seguido la misma ruta que siempre tomamos cuando \u00edbamos a las salinas. Vimos las salinas m\u00e1s adelante, de las cuales he estado refiri\u00e9ndome, pero nos dormimos antes de entrar a ellas. Cuando era de d\u00eda <em>Acensiad\u00e1i<\/em> dijo: &#8220;Me voy ahora. Voy a las salinas. Tenemos que apresurarnos; podr\u00eda llover y la sal ser\u00e1 demasiado h\u00fameda para llevarla.&#8221;<\/p>\n<p>Llegamos a las salinas, pero notamos que nuestros enemigos, los <em>Guidaigosode<\/em>, ya hab\u00edan estado all\u00ed antes que nosotros; encontramos un collar de plumas que hab\u00edan dejado atr\u00e1s. Era un collar de plumas blancas muy largas, y est\u00e1bamos muy asustados. Despu\u00e9s de encontrar las plumas, algunos de nuestro grupo las probaron, at\u00e1ndolas alrededor de sus cuellos. Pronto est\u00e1bamos llevando nuestras bolsas, llenas de sal, y asumimos que los <em>Guidaigosode<\/em> estaban haciendo lo mismo.<\/p>\n<p>Y luego nos fuimos y dormimos de nuevo. A la luz del d\u00eda nos fuimos de nuevo,\u00a0 <em>Pongora<\/em> d\u00e1yab\u00ed (el querido padre de <em>Pongora<\/em>), dijo: &#8220;Vamos, nos detendremos m\u00e1s adelante. Y ah\u00ed comeremos&#8221;.<\/p>\n<p>As\u00ed que salimos y nos detuvimos m\u00e1s lejos. Y luego nos fuimos de nuevo, y cuando paramos otra vez, comimos. Y cavamos algunas plantas de agua. Y entonces vimos que hab\u00eda miel en el \u00e1rbol del tipo <em>eb\u00e9dua<\/em> y <em>Gar\u00e1ijnaid\u00e1i<\/em> picaba en el tronco del \u00e1rbol para conseguirla. Y luego chupamos miel.<\/p>\n<p>Luego regresamos a nuestro campamento. Y todo el mundo estaba saliendo en busca de <em>doridie <\/em>para comer<em>. <\/em>Algunos de nosotros vimos la abeja <em>orojno<\/em>. Ellos dijeron: &#8220;Esp\u00e9renos, vamos a ir en busca de miel, nos iremos cuando el sol est\u00e9 all\u00ed, y vamos a acampar en el siguiente lugar que encontremos. Y estaremos llevando nuestra sal.\u201d<\/p>\n<p>Y as\u00ed nos detuvimos por la miel, y luego nos fuimos de nuevo. Y los que salieron\u00a0 primero, llegaron al campamento. Y <em>Gar\u00e1ijnad\u00e1i<\/em> sali\u00f3 a mi encuentro, y le di la sal que llevaba y se la llev\u00f3 para m\u00ed hasta que llegamos al campamento. Y luego fuimos capaces de tomar un descanso de llevar la sal por un d\u00eda.<\/p>\n<p>Luego nos fuimos de nuevo. El querido padre de <em>Pongora<\/em> dijo: &#8220;Vamos a parar m\u00e1s adelante. Pero vamos a comer la pr\u00f3xima vez despu\u00e9s de eso cuando nos detengamos. As\u00ed que nos fuimos. Nos detuvimos por un tiempo, pero pronto empezamos nuestro viaje de nuevo. Deber\u00edamos haber comido en la siguiente parada, pero est\u00e1bamos dejando las salinas y quer\u00edamos ponernos lejos de nuestros enemigos, los <em>Guidaigosode<\/em>. Nuestro grupo hab\u00eda salido de las salinas, pero otros estaban viajando atr\u00e1s y no nos hab\u00edan alcanzado todav\u00eda.<\/p>\n<p>Pero entonces escuchamos algo de ruido detr\u00e1s de nosotros. Tal vez fueron los <em>Guidaigosode<\/em> que hab\u00edan llegado a los que ven\u00edan detr\u00e1s de nosotros y los estaban atacando. O tal vez los que estaban detr\u00e1s de nosotros hab\u00eda visto las avispas llamadas <em>cos\u00e1rei,<\/em> un signo (<em>garapiedie<\/em>) de que los <em>Guidaigosode<\/em> ven\u00edan. As\u00ed que fuimos atr\u00e1s donde estaban ellos, y al vernos dijeron: &#8220;\u00a1<em>Cos\u00e1rei quiii<\/em>!\u201d Hab\u00edan visto las avispas y se asustaron. Dijeron: \u201cLas avispas ven\u00edan por el mismo camino que est\u00e1bamos siguiendo.&#8221;<\/p>\n<p>&#8220;Vamos, \u00a1salgamos de aqu\u00ed!\u201d esto es lo que dijo el querido padre de <em>Pongora<\/em>.<\/p>\n<p>Algunos de ellos, sin embargo, quer\u00edan ir por m\u00e1s sal. Ellos dijeron: &#8220;No se preocupen, los Guidaigosode est\u00e1n lejos de aqu\u00ed.&#8221;<\/p>\n<p>&#8220;Deja las salinas detr\u00e1s y v\u00e1monos!&#8221; Eso es lo que dijo el querido padre de Pongora.<\/p>\n<p>Dejamos el lugar donde est\u00e1bamos y ese amado dijo: &#8220;Algunos hombres m\u00e1s j\u00f3venes deben ir a buscar agua y luego nos alcanzar\u00e1n y compartir\u00e1n con nosotros el agua,&#8221; el querido padre de Pongora nos dijo.<\/p>\n<p>As\u00ed que nos fuimos a buscar agua. Y la conseguimos y luego volvimos. Y nos encontramos con ellos m\u00e1s a lo largo del camino. Los hombres adultos estaban all\u00ed tambi\u00e9n. A la ma\u00f1ana siguiente nos fuimos y los dejamos. Nos acerc\u00e1bamos a la ruta de regreso. Encontramos el camino, pero tem\u00edamos seguirlo abiertamente por miedo de la gente que lo frecuentaba que no eran ayoreos. En este caso tendr\u00edamos que abandonar nuestra carga de sal y llegar a casa con las manos vac\u00edas. Encontramos el camino, pero fuimos fuera de \u00e9l. Algunos de nosotros nos reunimos con los que hab\u00edan comenzado el viaje de regreso por delante de nosotros. En ese momento yo estaba muy cansado de llevar mi carga de sal. Yo dije: &#8220;Voy a dejar un poco de sal. Estoy demasiado cansado. Voy a llenar una bolsa m\u00e1s peque\u00f1a y la llevar\u00e9.&#8221; Dije: &#8220;Va a ser la cosita con que llegue a mi casa.\u201d<\/p>\n<p>Y luego nos enteramos de sus llamadas. As\u00ed que nos detuvimos, y salimos del camino que est\u00e1bamos siguiendo y dormimos all\u00ed. El fr\u00edo era tan fuerte que no pudimos calentarnos.<\/p>\n<p>Algunos dijeron: &#8220;\u00a1Jo! (\u00a1Menos mal!) \u00bfQu\u00e9 vamos a hacer? \u00a1No hemos comido nada!&#8221;<\/p>\n<p>Pero el querido padre de <em>Jnatua<\/em> dijo: &#8220;Piensen en algo que podamos comer y simplemente sigan adelante; voy a seguirlos para protegerlos de los peligros.\u201d<\/p>\n<p>As\u00ed que a la luz del d\u00eda salimos. El querido padre de <em>Jnatua<\/em> qued\u00f3 detr\u00e1s de nosotros. La gente que no eran ayoreos deben haberlo encontrado all\u00ed. Esperamos por \u00e9l. Y luego nos enteramos de la gente corriente. Era la gente que no eran ayoreos corriendo detr\u00e1s de nosotros.<\/p>\n<p>El finado<em> Be\u00faid\u00e1i<\/em> dijo: &#8220;<em>Barigu\u00e9jn\u00e1<\/em>, \u00a1tomen nuestras cosas!&#8221; Y se fue. Y todos empezamos a correr.<\/p>\n<p>Las personas que nos estaban persiguiendo ven\u00edan en el mismo camino que utilizamos en nuestro camino a las salinas. Pero mir\u00e9 y vi a <em>Gar\u00e1ijnaid\u00e1i<\/em> all\u00e1. \u00c9l me dijo: &#8220;\u00a1Vamos! Voy a dejar nuestras cosas por all\u00e1&#8221;.<\/p>\n<p>Nos fuimos. Yo, con las manos vac\u00edas. Salimos donde hab\u00eda agua. \u00a1Y a tiempo! Tuve sed \u00a1de tanto correr en el calor!<\/p>\n<p><strong>Vocabulario:<\/strong><\/p>\n<p>los Guidaigosode &#8211; enemigos de los ayoreos de Bolivia<\/p>\n<p>cos\u00e1rei <em>&#8211;\u00a0<\/em>las avispas llamadas <em>cos\u00e1rei,<\/em>\u00a0era un signo de enemigos<\/p>\n<p>\u00a1quiii! &#8211; un llamamiento gritado fuerte<\/p>\n<p>garapiedie &#8211; signos<\/p>\n<p>eb\u00e9dua &#8211; un \u00e1rbol<\/p>\n<p>orojno &#8211; abeja silvestre<\/p>\n<p>doridie &#8211; la fruto de una planta silvestre<\/p>\n<p><em>Guib\u00e9jnane \u2013 Tobit\u00e9, Bolivia \u2013 1970.<\/em><\/p>\n<p><em>Transcrito y traducido al espa\u00f1ol por: Maxine Morarie.<\/em><\/p>\n<div class=\"navigation\"><div class=\"alignleft\"><a href=\"https:\/\/ayore.org\/es\/cultura\/relatos-personales\/enueidate-se-burla-de-gutodate-y-termina-en-una-pelea\/\"title=\"Enuedat\u00e9 &#8211; Los Jnupedo gosode atacaron al pueblo de Enueidate\u0301\"><img loading=\"lazy\" decoding=\"async\" src=\"https:\/\/ayore.org\/wp-content\/uploads\/2018\/10\/left-arrow.png\" width=\"50\" height=\"48\" alt=\"left arrow\"><\/a><\/div><div class=\"alignright\"><a href=\"https:\/\/ayore.org\/es\/cultura\/relatos-personales\/oidabiade-yo-era-un-guerrero-feroz\/\"title=\"Oid\u00e1biad\u00e9 &#8211; Yo era un guerrero feroz\"><img loading=\"lazy\" decoding=\"async\" src=\"https:\/\/ayore.org\/wp-content\/uploads\/2018\/10\/right-arrow.png\" width=\"50\" height=\"48\" alt=\"right arrow\"><\/a><\/div>\n","protected":false},"excerpt":{"rendered":"<p>La historia de Guibe\u0301jnane Acab\u00e1bamos de terminar la celebraci\u00f3n del p\u00e1jaro que adoramos cuando salimos de nuestro campamento. Y Acensiad\u00e1i dijo: &#8220;Voy a viajar. Voy a las salinas que frecuentamos. (Dijo esto a causa de su hija Y\u00e1ride.) &#8220;Lo siento<\/p>\n","protected":false},"author":2,"featured_media":0,"parent":284,"menu_order":0,"comment_status":"closed","ping_status":"closed","template":"","meta":{"footnotes":""},"class_list":["post-525","page","type-page","status-publish","hentry"],"yoast_head":"<!-- This site is optimized with the Yoast SEO plugin v27.4 - https:\/\/yoast.com\/product\/yoast-seo-wordpress\/ -->\n<title>Ayore\u0301 Relato Personal: Fuimos A Las Salinas \u2022 Ayore.org<\/title>\n<meta name=\"robots\" content=\"index, follow, max-snippet:-1, max-image-preview:large, max-video-preview:-1\" \/>\n<link rel=\"canonical\" href=\"https:\/\/ayore.org\/es\/cultura\/relatos-personales\/guibejnane-fuimos-a-las-salinas\/\" \/>\n<meta property=\"og:locale\" content=\"es_ES\" \/>\n<meta property=\"og:type\" content=\"article\" \/>\n<meta property=\"og:title\" content=\"Ayore\u0301 Relato Personal: Fuimos A Las Salinas \u2022 Ayore.org\" \/>\n<meta property=\"og:description\" content=\"La historia de Guibe\u0301jnane Acab\u00e1bamos de terminar la celebraci\u00f3n del p\u00e1jaro que adoramos cuando salimos de nuestro campamento. Y Acensiad\u00e1i dijo: &#8220;Voy a viajar. Voy a las salinas que frecuentamos. (Dijo esto a causa de su hija Y\u00e1ride.) &#8220;Lo siento\" \/>\n<meta property=\"og:url\" content=\"https:\/\/ayore.org\/es\/cultura\/relatos-personales\/guibejnane-fuimos-a-las-salinas\/\" \/>\n<meta property=\"og:site_name\" content=\"AYORE.ORG\" \/>\n<meta property=\"article:modified_time\" content=\"2019-02-25T21:06:17+00:00\" \/>\n<meta name=\"twitter:card\" content=\"summary_large_image\" \/>\n<meta name=\"twitter:label1\" content=\"Tiempo de lectura\" \/>\n\t<meta name=\"twitter:data1\" content=\"6 minutos\" \/>\n<script type=\"application\/ld+json\" class=\"yoast-schema-graph\">{\"@context\":\"https:\\\/\\\/schema.org\",\"@graph\":[{\"@type\":\"WebPage\",\"@id\":\"https:\\\/\\\/ayore.org\\\/es\\\/cultura\\\/relatos-personales\\\/guibejnane-fuimos-a-las-salinas\\\/\",\"url\":\"https:\\\/\\\/ayore.org\\\/es\\\/cultura\\\/relatos-personales\\\/guibejnane-fuimos-a-las-salinas\\\/\",\"name\":\"Ayore\u0301 Relato Personal: Fuimos A Las Salinas \u2022 Ayore.org\",\"isPartOf\":{\"@id\":\"https:\\\/\\\/ayore.org\\\/#website\"},\"datePublished\":\"2018-08-01T00:45:49+00:00\",\"dateModified\":\"2019-02-25T21:06:17+00:00\",\"breadcrumb\":{\"@id\":\"https:\\\/\\\/ayore.org\\\/es\\\/cultura\\\/relatos-personales\\\/guibejnane-fuimos-a-las-salinas\\\/#breadcrumb\"},\"inLanguage\":\"es-AR\",\"potentialAction\":[{\"@type\":\"ReadAction\",\"target\":[\"https:\\\/\\\/ayore.org\\\/es\\\/cultura\\\/relatos-personales\\\/guibejnane-fuimos-a-las-salinas\\\/\"]}]},{\"@type\":\"BreadcrumbList\",\"@id\":\"https:\\\/\\\/ayore.org\\\/es\\\/cultura\\\/relatos-personales\\\/guibejnane-fuimos-a-las-salinas\\\/#breadcrumb\",\"itemListElement\":[{\"@type\":\"ListItem\",\"position\":1,\"name\":\"Inicio\",\"item\":\"https:\\\/\\\/ayore.org\\\/es\\\/\"},{\"@type\":\"ListItem\",\"position\":2,\"name\":\"Cultura\",\"item\":\"https:\\\/\\\/ayore.org\\\/es\\\/cultura\\\/\"},{\"@type\":\"ListItem\",\"position\":3,\"name\":\"Relatos Personales\",\"item\":\"https:\\\/\\\/ayore.org\\\/es\\\/cultura\\\/relatos-personales\\\/\"},{\"@type\":\"ListItem\",\"position\":4,\"name\":\"Guib\u00e9jnane &#8211; Mi viaje a Las Salinas\"}]},{\"@type\":\"WebSite\",\"@id\":\"https:\\\/\\\/ayore.org\\\/#website\",\"url\":\"https:\\\/\\\/ayore.org\\\/\",\"name\":\"AYORE.ORG\",\"description\":\"Idioma, Cultura e Historia de la Tribu Ayor\u00e9\",\"potentialAction\":[{\"@type\":\"SearchAction\",\"target\":{\"@type\":\"EntryPoint\",\"urlTemplate\":\"https:\\\/\\\/ayore.org\\\/?s={search_term_string}\"},\"query-input\":{\"@type\":\"PropertyValueSpecification\",\"valueRequired\":true,\"valueName\":\"search_term_string\"}}],\"inLanguage\":\"es-AR\"}]}<\/script>\n<!-- \/ Yoast SEO plugin. -->","yoast_head_json":{"title":"Ayore\u0301 Relato Personal: Fuimos A Las Salinas \u2022 Ayore.org","robots":{"index":"index","follow":"follow","max-snippet":"max-snippet:-1","max-image-preview":"max-image-preview:large","max-video-preview":"max-video-preview:-1"},"canonical":"https:\/\/ayore.org\/es\/cultura\/relatos-personales\/guibejnane-fuimos-a-las-salinas\/","og_locale":"es_ES","og_type":"article","og_title":"Ayore\u0301 Relato Personal: Fuimos A Las Salinas \u2022 Ayore.org","og_description":"La historia de Guibe\u0301jnane Acab\u00e1bamos de terminar la celebraci\u00f3n del p\u00e1jaro que adoramos cuando salimos de nuestro campamento. Y Acensiad\u00e1i dijo: &#8220;Voy a viajar. Voy a las salinas que frecuentamos. (Dijo esto a causa de su hija Y\u00e1ride.) &#8220;Lo siento","og_url":"https:\/\/ayore.org\/es\/cultura\/relatos-personales\/guibejnane-fuimos-a-las-salinas\/","og_site_name":"AYORE.ORG","article_modified_time":"2019-02-25T21:06:17+00:00","twitter_card":"summary_large_image","twitter_misc":{"Tiempo de lectura":"6 minutos"},"schema":{"@context":"https:\/\/schema.org","@graph":[{"@type":"WebPage","@id":"https:\/\/ayore.org\/es\/cultura\/relatos-personales\/guibejnane-fuimos-a-las-salinas\/","url":"https:\/\/ayore.org\/es\/cultura\/relatos-personales\/guibejnane-fuimos-a-las-salinas\/","name":"Ayore\u0301 Relato Personal: Fuimos A Las Salinas \u2022 Ayore.org","isPartOf":{"@id":"https:\/\/ayore.org\/#website"},"datePublished":"2018-08-01T00:45:49+00:00","dateModified":"2019-02-25T21:06:17+00:00","breadcrumb":{"@id":"https:\/\/ayore.org\/es\/cultura\/relatos-personales\/guibejnane-fuimos-a-las-salinas\/#breadcrumb"},"inLanguage":"es-AR","potentialAction":[{"@type":"ReadAction","target":["https:\/\/ayore.org\/es\/cultura\/relatos-personales\/guibejnane-fuimos-a-las-salinas\/"]}]},{"@type":"BreadcrumbList","@id":"https:\/\/ayore.org\/es\/cultura\/relatos-personales\/guibejnane-fuimos-a-las-salinas\/#breadcrumb","itemListElement":[{"@type":"ListItem","position":1,"name":"Inicio","item":"https:\/\/ayore.org\/es\/"},{"@type":"ListItem","position":2,"name":"Cultura","item":"https:\/\/ayore.org\/es\/cultura\/"},{"@type":"ListItem","position":3,"name":"Relatos Personales","item":"https:\/\/ayore.org\/es\/cultura\/relatos-personales\/"},{"@type":"ListItem","position":4,"name":"Guib\u00e9jnane &#8211; Mi viaje a Las Salinas"}]},{"@type":"WebSite","@id":"https:\/\/ayore.org\/#website","url":"https:\/\/ayore.org\/","name":"AYORE.ORG","description":"Idioma, Cultura e Historia de la Tribu Ayor\u00e9","potentialAction":[{"@type":"SearchAction","target":{"@type":"EntryPoint","urlTemplate":"https:\/\/ayore.org\/?s={search_term_string}"},"query-input":{"@type":"PropertyValueSpecification","valueRequired":true,"valueName":"search_term_string"}}],"inLanguage":"es-AR"}]}},"_links":{"self":[{"href":"https:\/\/ayore.org\/es\/wp-json\/wp\/v2\/pages\/525","targetHints":{"allow":["GET"]}}],"collection":[{"href":"https:\/\/ayore.org\/es\/wp-json\/wp\/v2\/pages"}],"about":[{"href":"https:\/\/ayore.org\/es\/wp-json\/wp\/v2\/types\/page"}],"author":[{"embeddable":true,"href":"https:\/\/ayore.org\/es\/wp-json\/wp\/v2\/users\/2"}],"replies":[{"embeddable":true,"href":"https:\/\/ayore.org\/es\/wp-json\/wp\/v2\/comments?post=525"}],"version-history":[{"count":4,"href":"https:\/\/ayore.org\/es\/wp-json\/wp\/v2\/pages\/525\/revisions"}],"predecessor-version":[{"id":3073,"href":"https:\/\/ayore.org\/es\/wp-json\/wp\/v2\/pages\/525\/revisions\/3073"}],"up":[{"embeddable":true,"href":"https:\/\/ayore.org\/es\/wp-json\/wp\/v2\/pages\/284"}],"wp:attachment":[{"href":"https:\/\/ayore.org\/es\/wp-json\/wp\/v2\/media?parent=525"}],"curies":[{"name":"wp","href":"https:\/\/api.w.org\/{rel}","templated":true}]}}