{"id":518,"date":"2018-07-31T06:23:08","date_gmt":"2018-07-31T06:23:08","guid":{"rendered":"https:\/\/ayore.org\/?page_id=518"},"modified":"2019-03-19T02:22:23","modified_gmt":"2019-03-19T02:22:23","slug":"samane-los-modos-de-guei-basui-un-cazador-lo-encuentra-y-lo-tema","status":"publish","type":"page","link":"https:\/\/ayore.org\/es\/cultura\/tradiciones-orales\/samane-los-modos-de-guei-basui-un-cazador-lo-encuentra-y-lo-tema\/","title":{"rendered":"Saman\u00e9 &#8211; Un cazador lo encuentra a Gue\u0301bi y lo tema"},"content":{"rendered":"<p><em>Guebi<\/em><\/p>\n<p><strong>La Historia de Gue\u0301bi:<\/strong><\/p>\n<p><strong><em>Gue\u0301bi era una gotita de lluvia que se convirti\u00f3 en un ni\u00f1o humano:<\/em><\/strong><strong><em>&nbsp;&nbsp;&nbsp;&nbsp;&nbsp;&nbsp;&nbsp;&nbsp;&nbsp;&nbsp;&nbsp;&nbsp;&nbsp;&nbsp; <\/em><\/strong><\/p>\n<p>Un hombre que vivi\u00f3 muchos a\u00f1os atr\u00e1s estaba en la selva, cazando miel. Y de repente se encontr\u00f3 con un muchacho y lo ten\u00eda miedo. Se iba hacia el muchacho, y luego se alejaba de \u00e9l. Se ve\u00eda diferente que un ni\u00f1o normal, por lo que comenz\u00f3 a pensar que podr\u00eda ser peligroso.<\/p>\n<p>Gir\u00f3 su cabello que estaba atado en una <em>cola de caballo<\/em> porque estaba ansioso por saber m\u00e1s sobre el chico, pero ten\u00eda mucho miedo. Entr\u00f3 de nuevo en la selva por sus cosas, y cuando los encontr\u00f3, comenz\u00f3 a buscar al chico.&nbsp; Buscaba por todas partes, hasta que lo encontr\u00f3.<\/p>\n<p>\u00c9l lo vio dormido en la sombra entre los \u00e1rboles. No hay duda de que hab\u00eda ca\u00eddo del cielo hace alg\u00fan tiempo, y ahora \u00e9l estaba descansando con sus peque\u00f1os codos en el suelo. Habi\u00e9ndolo ubicado al ni\u00f1o, el hombre se arrodill\u00f3 junto a \u00e9l y le habl\u00f3. &#8220;S\u00e9 mi hijo, y vaya conmigo a donde quiera que yo voy,&#8221; le dijo.<\/p>\n<p><em>Gue\u0301bi<\/em> le respondi\u00f3, pero no habl\u00f3 muy claramente. &#8220;Voy a ir contigo,&#8221; le respondi\u00f3. Era porque hab\u00eda pasado mucho tiempo en el suelo, pero ahora estaba muy contento. At\u00f3 su cabello en una <em>cola de caballo<\/em> como un ayor\u00e9 para que las personas no sabr\u00edan qui\u00e9n era porque e\u0301l ten\u00eda miedo de ellos.<\/p>\n<p>Los ayoreos pensaron que <em>Gue\u0301bi<\/em> era un muchacho ayoreo. Pero cuando se acercaron al campamento <em>Gue\u0301bi<\/em> comenz\u00f3 a llorar.<\/p>\n<p>\u00c9l mantuvo su distancia de los ayoreos a causa de sus fuegos. Su campamento estaba demasiado caliente para \u00e9l (la lluvia tiene que ser fr\u00edo). Por eso <em>Gue\u0301bi<\/em> mantuvo alejado de los fuegos.<\/p>\n<p>Se mantuvo alejado del agua que hab\u00edan guardado para tomar, porque <em>Gue\u0301bi<\/em>&nbsp;ten\u00eda agua en su pelo, pero segu\u00eda llorando. Finalmente se acercaba a pesar de que estaba demasiado caliente en su campamento de los ayoreos a causa de los fuegos. E\u0303l que lo hab\u00eda descubierto se apoder\u00f3 de su peque\u00f1o brazo.<\/p>\n<p>\u201cNo tenga miedo,\u201d dijo. \u201cTu eres mi hijo peque\u00f1o y nadie puede hacerte da\u00f1o.\u201d Y as\u00ed fue que lo anim\u00f3 entrar en el campamento; pero se estremeci\u00f3 por el calor, pues la lluvia se debe mantenerse fr\u00edo para estar c\u00f3modo.<\/p>\n<p>Pero el pr\u00f3ximo d\u00eda fueron a la caza de miel, y el peque\u00f1o <em>Gue\u0301bi<\/em>&nbsp;estaba muy contento de estar con el hombre que lo descubri\u00f3.<\/p>\n<p>El hombre comenz\u00f3 a cortar la tronca del \u00e1rbol para sacar la miel, que era un trabajo duro, y despu\u00e9s de un rato se le dio sed. \u00c9l envi\u00f3 a su peque\u00f1o compa\u00f1ero para que trajera una planta llamado <em>chico\u0303\u0301ri <\/em>para saciar su sed. El peque\u00f1o le trajo la planta, pero fue muy peque\u00f1o.<\/p>\n<p>El hombre la mir\u00f3 y dijo, \u201cEsta plantita no tiene suficiente agua para saciar mi sed.\u201d Dijo esto porque \u00e9l ten\u00eda mucha sed de tanto picar en el \u00e1rbol.<\/p>\n<p>Al principio no sab\u00eda lo que hac\u00eda el ni\u00f1o. Confiando que estaba extrayendo el agua de la planta, no lo vio cuando torc\u00eda su pelo para sacar agua. Sonaba as\u00ed: \u00a1<em>sooooo, sooooo! <\/em>Cuando ten\u00eda una cantidad de agua el muchacho invit\u00f3 al hombre a bajar y beber agua. Dijo: \u201cDesciende y bebe lo que he exprimido; la fuente de calabaza est\u00e1 llena de agua.\u201d<\/p>\n<p>Su padre adoptivo del ni\u00f1o pensaba que el agua ven\u00eda de la planta, pero cuando se lo bebi\u00f3 lo hall\u00f3 muy fr\u00edo. No ten\u00eda idea de que hab\u00eda llegado de otra fuente y no de la planta <em>chico\u0303\u0301ri<\/em>. Eso es porque el muchacho hab\u00eda atado el pelo de nuevo tan pronto como termin\u00f3 de torcer su pelo para conseguir el agua. Su hijo obtuvo el agua de su cabeza, pero el padre todav\u00eda no sab\u00eda esto.<\/p>\n<p>El padre dijo: &#8221; El agua que me diste era muy fr\u00edo, mi hijo. La planta era muy peque\u00f1a,&nbsp; pero \u00a1lo que gran cantidad de agua vino de ella!<\/p>\n<p>Pero <em>Gue\u0301bi<\/em>&nbsp;no dijo nada. Sab\u00eda donde el agua hab\u00eda venido y que fue la raz\u00f3n que hab\u00eda mucho de \u00e9l, pero \u00e9l no le dijo al padre.<\/p>\n<p>Al d\u00eda siguiente fueron a cazar de nuevo. El padre dijo: &#8221; Hijo m\u00edo, ven conmigo.\u201d<\/p>\n<p><em>Gue\u0301bi<\/em> dijo: &#8220;Yo ir\u00e9 contigo, Pap\u00e1.\u201d<\/p>\n<p>Lo mismo le sucedi\u00f3. El padre hab\u00eda subido a un \u00e1rbol y picaba el \u00e1rbol para obtener la miel, y le dijo a su hijo que ten\u00eda sed. Mientras cortaba un hueco en el \u00e1rbol comenz\u00f3 a sospechar que quiz\u00e1s el agua del d\u00eda anterior no hab\u00eda venido de la planta. No estaba seguro, pero se dijo: \u2018Esta vez, mi hijo, voy a observarte bien para saber de donde sacas tu el agua.\u2019<\/p>\n<p>\u00c9l llam\u00f3 a su hijo, que estaba en el suelo, &#8220;Tr\u00e1eme una planta <em>chico\u0303\u0301ri<\/em> y exprimir el agua de ella. Tengo sed.&#8221;<\/p>\n<p>Lo mismo sucedi\u00f3. La planta que trajo era muy peque\u00f1a. Cuando el muchacho regres\u00f3 a donde estaba en el \u00e1rbol, el padre rob\u00f3 miradas al muchacho debajo en el suelo para descubrir d\u00f3nde iba a sacar el agua. Cuando vio a su hijo apretando su pelo, lo sab\u00eda, y en ese momento comenz\u00f3 a temer a su hijo.<\/p>\n<p>Y se dijo a s\u00ed mismo, \u2018\u00a1Mi hijo es algo sobrenatural! Cuando deja abajo su pelo derrama agua &#8211; est\u00e1 lleno de l\u00edquido mi hijo.\u2019<\/p>\n<p>Bebi\u00f3 el agua que su hijo le alcanz\u00f3, y de nuevo lo hall\u00f3 muy fr\u00edo. Le habl\u00f3 a su hijo y le pregunt\u00f3: &#8220;\u00bfEres sobrenatural, hijo m\u00edo? \u00bfTu est\u00e1s ocultando algo de m\u00ed? &#8221;<\/p>\n<p>Pero su hijito no le dijo nada. Despu\u00e9s, el chico sali\u00f3 corriendo. No s\u00e9 por qu\u00e9 se fue, porque ya era un ayor\u00e9 y hab\u00eda vivido entre ellos durante mucho tiempo.<\/p>\n<p>Finalmente, el muchacho regres\u00f3, y alg\u00fan tiempo despu\u00e9s su padre fue a cazar con los dem\u00e1s hombres. No pensaba tomar el ni\u00f1o con \u00e9l, sin embargo, y lo dej\u00f3 en el campamento.<\/p>\n<p>Pero comenz\u00f3 a pensar en su hijo y dijo: &#8220;Oh, no, me olvid\u00e9 de mi hijo peque\u00f1o. Los otros ni\u00f1os probablemente est\u00e1n maltrat\u00e1ndolo. Probablemente \u00e9l est\u00e1 llorando y va a huir de nuevo.<\/p>\n<p>En el campamento los hijos de esa gente que vivieron en los tiempos antiguos invitaron a <em>Gue\u0301bi<\/em> para salir y jugar con ellos. Dijeron: \u201cVen ac\u00e1. Vamos a patear unos a otros al jugar juntos.\u201d<\/p>\n<p>Y a continuaci\u00f3n, los ni\u00f1os empezaron a tratar de patearse entre s\u00ed y comenzaron a jugar. Pero <em>Gue\u0301bi<\/em> comenz\u00f3 a hacer una casa. \u00c9l les dijo: &#8220;Voy a jugar con usted despu\u00e9s de que termine mi casa.&#8221;<\/p>\n<p>Hac\u00eda calor y \u00e9l hizo su casa para que pudiera tener sombra. Los otros ni\u00f1os no sab\u00edan que pronto sus padres celestiales iban a venir por \u00e9l. <em>Gue\u0301bi<\/em> no quer\u00eda jugar, pero los otros ni\u00f1os realmente quer\u00edan que jugara.<\/p>\n<p>\u00c9l trabaj\u00f3 en su casa y result\u00f3 muy bien. Cuando termin\u00f3, se fue a jugar con los ni\u00f1os, pero primero puso las cosas de su padre adoptivo en la casa.<\/p>\n<p>Pero uno de los ni\u00f1os pate\u00f3 el brazo de <em>Gue\u0301bi<\/em> y \u00e9l se enoj\u00f3. Realmente doli\u00f3 cuando \u00e9l muchacho le dio una patada.<\/p>\n<p>\u00c9l levant\u00f3 su brazo, y era extra\u00f1o, porque enseguida un rayo sali\u00f3 disparado. Lo hizo para que sus compatriotas en el cielo podr\u00edan o\u00edrle.<\/p>\n<p>Se abrieron las puertas del cielo cuando <em>Gue\u0301bi<\/em> los alert\u00f3 de lo que estaba pasando para que bajaran los compatriotas de \u00e9l. Y durante mucho tiempo algo extra\u00f1o ca\u00eda del cielo. Pero los hombres de los tiempos antiguos no sab\u00edan lo que era &#8211; pensaron que fue causado por la lluvia.<\/p>\n<p>No s\u00e9 si era Jes\u00fas en ese momento pero sus compatriotas de <em>Gue\u0301bi<\/em> bajaron y tomaron a <em>Gue\u0301bi<\/em> de regreso al cielo. Hubo una lluvia torrencial cuando se fue.&nbsp; Ellos vinieron a llevarse al ni\u00f1o con ellos al cielo, y la gente en la tierra observaban mientras sub\u00eda.<\/p>\n<p><em>Gue\u0301bi<\/em> hab\u00eda dicho a la gente : &#8220;Mi Padre y los dem\u00e1s est\u00e1n viniendo,&#8221; pero la gente en el campamento no ten\u00edan miedo, porque pensaban que el muchacho quer\u00eda decir su padre terrenal. El Padre de <em>Gue\u0301bi<\/em> fue la lluvia. \u00c9l no estaba hablando de un ser humano, o de su padre en la tierra.<\/p>\n<p>Les advirti\u00f3 que no entraran en su casa. \u00c9l dijo: &#8220;Me han tratado cruelmente, por lo que no quiero que entren en mi casa.&#8221;<\/p>\n<p>Cuando primeramente el avis\u00f3 a los ni\u00f1os que ven\u00eda lluvia, se burlaron de \u00e9l y dec\u00edan: &#8220;No hay lluvia!&#8221; Pero justo en ese momento empez\u00f3 a llover y llovi\u00f3 fuerte. Y las nubes de lluvia bajaron y los rodearon y fue como la noche.<\/p>\n<p>Hab\u00eda un mont\u00f3n de lluvia, pero \u00e9l no quer\u00eda que los ni\u00f1os malos vayan a su casa. No quer\u00eda que los malos hombres y mujeres se refugian en ella tampoco. Rehus\u00f3 protegerles a ellos. \u00c9l s\u00f3lo quer\u00eda que las buenas personas entren en su casa para salirse de la lluvia que sus padres celestiales estaban enviando hacia abajo.<\/p>\n<p>Todos los ni\u00f1os humanos murieron debido a que el agua cubri\u00f3 los \u00e1rboles, y la tierra no se pod\u00eda ver.<\/p>\n<p>Pero la casa que <em>Gue\u0301bi<\/em> hab\u00eda hecho flotaba y el agua y no pod\u00edan entrar en la casa. Su padre adoptivo y su familia estaban en la selva cuando la lluvia comenz\u00f3, y <em>Gue\u0301bi<\/em> los esperaba por que no quer\u00eda que se ahoguen. Cuando llegaron al campamento comenzaron a correr a la casa de <em>Gue\u0301bi<\/em>. <em>Gue\u0301bi<\/em> los echaron en su casa: su padre, su esposa y todos sus hijos.&nbsp; \u00c9l hizo esto porque los amaba. Y luego se fue.<\/p>\n<p>Pero le dijo a su padre: &#8220;No dejes que ninguna gente mala se entre en mi casa.&#8221; Y \u00e9l hizo lo que dijo <em>Gue\u0301bi<\/em> y no dejaba entrar a nadie.<\/p>\n<p>La lluvia dur\u00f3 mucho tiempo y ellos no ten\u00edan nada para comer, pero ten\u00edan algunas provisiones dentro de la casa \u2013 unas cuantas tortugas. Estaban all\u00ed por dos lunas y luego vieron las hojas de los \u00e1rboles.<\/p>\n<p>Ahora ten\u00edan esperanza. Estaban all\u00ed por cinco lunas y luego salieron. No hab\u00edan puertas por lo que salieron por el techo.<\/p>\n<p><em>Saman\u00e9 \u2013 Tobit\u00e9, Bolivia \u2013 diciembre de 1960.<\/em><\/p>\n<p><em>Transcrito por: Joyce Buchegger.<\/em><\/p>\n<p><em>Traducido al espa\u00f1ol por: Maxine Morarie.<\/em><\/p>\n<div class=\"navigation\"><div class=\"alignleft\"><a href=\"https:\/\/ayore.org\/es\/cultura\/tradiciones-orales\/samane-mariposa-blanca-coqueteo-con-los-jovenes\/\"title=\"Saman\u00e9 &#8211; Mariposa Blanca coquete\u00f3 con los j\u00f3venes\"><img loading=\"lazy\" decoding=\"async\" src=\"https:\/\/ayore.org\/wp-content\/uploads\/2018\/10\/left-arrow.png\" width=\"50\" height=\"48\" alt=\"left arrow\"><\/a><\/div><div class=\"alignright\"><a href=\"https:\/\/ayore.org\/es\/cultura\/ensenanzas\/\"title=\"Ense\u00f1anzas\"><img loading=\"lazy\" decoding=\"async\" src=\"https:\/\/ayore.org\/wp-content\/uploads\/2018\/10\/right-arrow.png\" width=\"50\" height=\"48\" alt=\"right arrow\"><\/a><\/div>\n","protected":false},"excerpt":{"rendered":"<p>Guebi La Historia de Gue\u0301bi: Gue\u0301bi era una gotita de lluvia que se convirti\u00f3 en un ni\u00f1o humano:&nbsp;&nbsp;&nbsp;&nbsp;&nbsp;&nbsp;&nbsp;&nbsp;&nbsp;&nbsp;&nbsp;&nbsp;&nbsp;&nbsp; Un hombre que vivi\u00f3 muchos a\u00f1os atr\u00e1s estaba en la selva, cazando miel. Y de repente se encontr\u00f3 con un muchacho y<\/p>\n","protected":false},"author":2,"featured_media":0,"parent":296,"menu_order":0,"comment_status":"closed","ping_status":"closed","template":"","meta":{"footnotes":""},"class_list":["post-518","page","type-page","status-publish","hentry"],"yoast_head":"<!-- This site is optimized with the Yoast SEO plugin v27.4 - https:\/\/yoast.com\/product\/yoast-seo-wordpress\/ -->\n<title>Ayore\u0301 Tradicion Oral: Los Modos De Guei Basui - Un Cazador Lo Encuentra Y Lo Tema \u2022 Ayore.org<\/title>\n<meta name=\"robots\" content=\"index, follow, max-snippet:-1, max-image-preview:large, max-video-preview:-1\" \/>\n<link rel=\"canonical\" href=\"https:\/\/ayore.org\/es\/cultura\/tradiciones-orales\/samane-los-modos-de-guei-basui-un-cazador-lo-encuentra-y-lo-tema\/\" \/>\n<meta property=\"og:locale\" content=\"es_ES\" \/>\n<meta property=\"og:type\" content=\"article\" \/>\n<meta property=\"og:title\" content=\"Ayore\u0301 Tradicion Oral: Los Modos De Guei Basui - Un Cazador Lo Encuentra Y Lo Tema \u2022 Ayore.org\" \/>\n<meta property=\"og:description\" content=\"Guebi La Historia de Gue\u0301bi: Gue\u0301bi era una gotita de lluvia que se convirti\u00f3 en un ni\u00f1o humano:&nbsp;&nbsp;&nbsp;&nbsp;&nbsp;&nbsp;&nbsp;&nbsp;&nbsp;&nbsp;&nbsp;&nbsp;&nbsp;&nbsp; Un hombre que vivi\u00f3 muchos a\u00f1os atr\u00e1s estaba en la selva, cazando miel. Y de repente se encontr\u00f3 con un muchacho y\" \/>\n<meta property=\"og:url\" content=\"https:\/\/ayore.org\/es\/cultura\/tradiciones-orales\/samane-los-modos-de-guei-basui-un-cazador-lo-encuentra-y-lo-tema\/\" \/>\n<meta property=\"og:site_name\" content=\"AYORE.ORG\" \/>\n<meta property=\"article:modified_time\" content=\"2019-03-19T02:22:23+00:00\" \/>\n<meta name=\"twitter:card\" content=\"summary_large_image\" \/>\n<meta name=\"twitter:label1\" content=\"Tiempo de lectura\" \/>\n\t<meta name=\"twitter:data1\" content=\"9 minutos\" \/>\n<script type=\"application\/ld+json\" class=\"yoast-schema-graph\">{\"@context\":\"https:\\\/\\\/schema.org\",\"@graph\":[{\"@type\":\"WebPage\",\"@id\":\"https:\\\/\\\/ayore.org\\\/es\\\/cultura\\\/tradiciones-orales\\\/samane-los-modos-de-guei-basui-un-cazador-lo-encuentra-y-lo-tema\\\/\",\"url\":\"https:\\\/\\\/ayore.org\\\/es\\\/cultura\\\/tradiciones-orales\\\/samane-los-modos-de-guei-basui-un-cazador-lo-encuentra-y-lo-tema\\\/\",\"name\":\"Ayore\u0301 Tradicion Oral: Los Modos De Guei Basui - Un Cazador Lo Encuentra Y Lo Tema \u2022 Ayore.org\",\"isPartOf\":{\"@id\":\"https:\\\/\\\/ayore.org\\\/#website\"},\"datePublished\":\"2018-07-31T06:23:08+00:00\",\"dateModified\":\"2019-03-19T02:22:23+00:00\",\"breadcrumb\":{\"@id\":\"https:\\\/\\\/ayore.org\\\/es\\\/cultura\\\/tradiciones-orales\\\/samane-los-modos-de-guei-basui-un-cazador-lo-encuentra-y-lo-tema\\\/#breadcrumb\"},\"inLanguage\":\"es-AR\",\"potentialAction\":[{\"@type\":\"ReadAction\",\"target\":[\"https:\\\/\\\/ayore.org\\\/es\\\/cultura\\\/tradiciones-orales\\\/samane-los-modos-de-guei-basui-un-cazador-lo-encuentra-y-lo-tema\\\/\"]}]},{\"@type\":\"BreadcrumbList\",\"@id\":\"https:\\\/\\\/ayore.org\\\/es\\\/cultura\\\/tradiciones-orales\\\/samane-los-modos-de-guei-basui-un-cazador-lo-encuentra-y-lo-tema\\\/#breadcrumb\",\"itemListElement\":[{\"@type\":\"ListItem\",\"position\":1,\"name\":\"Inicio\",\"item\":\"https:\\\/\\\/ayore.org\\\/es\\\/\"},{\"@type\":\"ListItem\",\"position\":2,\"name\":\"Cultura\",\"item\":\"https:\\\/\\\/ayore.org\\\/es\\\/cultura\\\/\"},{\"@type\":\"ListItem\",\"position\":3,\"name\":\"Tradiciones Orales\",\"item\":\"https:\\\/\\\/ayore.org\\\/es\\\/cultura\\\/tradiciones-orales\\\/\"},{\"@type\":\"ListItem\",\"position\":4,\"name\":\"Saman\u00e9 &#8211; Un cazador lo encuentra a Gue\u0301bi y lo tema\"}]},{\"@type\":\"WebSite\",\"@id\":\"https:\\\/\\\/ayore.org\\\/#website\",\"url\":\"https:\\\/\\\/ayore.org\\\/\",\"name\":\"AYORE.ORG\",\"description\":\"Idioma, Cultura e Historia de la Tribu Ayor\u00e9\",\"potentialAction\":[{\"@type\":\"SearchAction\",\"target\":{\"@type\":\"EntryPoint\",\"urlTemplate\":\"https:\\\/\\\/ayore.org\\\/?s={search_term_string}\"},\"query-input\":{\"@type\":\"PropertyValueSpecification\",\"valueRequired\":true,\"valueName\":\"search_term_string\"}}],\"inLanguage\":\"es-AR\"}]}<\/script>\n<!-- \/ Yoast SEO plugin. -->","yoast_head_json":{"title":"Ayore\u0301 Tradicion Oral: Los Modos De Guei Basui - Un Cazador Lo Encuentra Y Lo Tema \u2022 Ayore.org","robots":{"index":"index","follow":"follow","max-snippet":"max-snippet:-1","max-image-preview":"max-image-preview:large","max-video-preview":"max-video-preview:-1"},"canonical":"https:\/\/ayore.org\/es\/cultura\/tradiciones-orales\/samane-los-modos-de-guei-basui-un-cazador-lo-encuentra-y-lo-tema\/","og_locale":"es_ES","og_type":"article","og_title":"Ayore\u0301 Tradicion Oral: Los Modos De Guei Basui - Un Cazador Lo Encuentra Y Lo Tema \u2022 Ayore.org","og_description":"Guebi La Historia de Gue\u0301bi: Gue\u0301bi era una gotita de lluvia que se convirti\u00f3 en un ni\u00f1o humano:&nbsp;&nbsp;&nbsp;&nbsp;&nbsp;&nbsp;&nbsp;&nbsp;&nbsp;&nbsp;&nbsp;&nbsp;&nbsp;&nbsp; Un hombre que vivi\u00f3 muchos a\u00f1os atr\u00e1s estaba en la selva, cazando miel. Y de repente se encontr\u00f3 con un muchacho y","og_url":"https:\/\/ayore.org\/es\/cultura\/tradiciones-orales\/samane-los-modos-de-guei-basui-un-cazador-lo-encuentra-y-lo-tema\/","og_site_name":"AYORE.ORG","article_modified_time":"2019-03-19T02:22:23+00:00","twitter_card":"summary_large_image","twitter_misc":{"Tiempo de lectura":"9 minutos"},"schema":{"@context":"https:\/\/schema.org","@graph":[{"@type":"WebPage","@id":"https:\/\/ayore.org\/es\/cultura\/tradiciones-orales\/samane-los-modos-de-guei-basui-un-cazador-lo-encuentra-y-lo-tema\/","url":"https:\/\/ayore.org\/es\/cultura\/tradiciones-orales\/samane-los-modos-de-guei-basui-un-cazador-lo-encuentra-y-lo-tema\/","name":"Ayore\u0301 Tradicion Oral: Los Modos De Guei Basui - Un Cazador Lo Encuentra Y Lo Tema \u2022 Ayore.org","isPartOf":{"@id":"https:\/\/ayore.org\/#website"},"datePublished":"2018-07-31T06:23:08+00:00","dateModified":"2019-03-19T02:22:23+00:00","breadcrumb":{"@id":"https:\/\/ayore.org\/es\/cultura\/tradiciones-orales\/samane-los-modos-de-guei-basui-un-cazador-lo-encuentra-y-lo-tema\/#breadcrumb"},"inLanguage":"es-AR","potentialAction":[{"@type":"ReadAction","target":["https:\/\/ayore.org\/es\/cultura\/tradiciones-orales\/samane-los-modos-de-guei-basui-un-cazador-lo-encuentra-y-lo-tema\/"]}]},{"@type":"BreadcrumbList","@id":"https:\/\/ayore.org\/es\/cultura\/tradiciones-orales\/samane-los-modos-de-guei-basui-un-cazador-lo-encuentra-y-lo-tema\/#breadcrumb","itemListElement":[{"@type":"ListItem","position":1,"name":"Inicio","item":"https:\/\/ayore.org\/es\/"},{"@type":"ListItem","position":2,"name":"Cultura","item":"https:\/\/ayore.org\/es\/cultura\/"},{"@type":"ListItem","position":3,"name":"Tradiciones Orales","item":"https:\/\/ayore.org\/es\/cultura\/tradiciones-orales\/"},{"@type":"ListItem","position":4,"name":"Saman\u00e9 &#8211; Un cazador lo encuentra a Gue\u0301bi y lo tema"}]},{"@type":"WebSite","@id":"https:\/\/ayore.org\/#website","url":"https:\/\/ayore.org\/","name":"AYORE.ORG","description":"Idioma, Cultura e Historia de la Tribu Ayor\u00e9","potentialAction":[{"@type":"SearchAction","target":{"@type":"EntryPoint","urlTemplate":"https:\/\/ayore.org\/?s={search_term_string}"},"query-input":{"@type":"PropertyValueSpecification","valueRequired":true,"valueName":"search_term_string"}}],"inLanguage":"es-AR"}]}},"_links":{"self":[{"href":"https:\/\/ayore.org\/es\/wp-json\/wp\/v2\/pages\/518","targetHints":{"allow":["GET"]}}],"collection":[{"href":"https:\/\/ayore.org\/es\/wp-json\/wp\/v2\/pages"}],"about":[{"href":"https:\/\/ayore.org\/es\/wp-json\/wp\/v2\/types\/page"}],"author":[{"embeddable":true,"href":"https:\/\/ayore.org\/es\/wp-json\/wp\/v2\/users\/2"}],"replies":[{"embeddable":true,"href":"https:\/\/ayore.org\/es\/wp-json\/wp\/v2\/comments?post=518"}],"version-history":[{"count":6,"href":"https:\/\/ayore.org\/es\/wp-json\/wp\/v2\/pages\/518\/revisions"}],"predecessor-version":[{"id":3511,"href":"https:\/\/ayore.org\/es\/wp-json\/wp\/v2\/pages\/518\/revisions\/3511"}],"up":[{"embeddable":true,"href":"https:\/\/ayore.org\/es\/wp-json\/wp\/v2\/pages\/296"}],"wp:attachment":[{"href":"https:\/\/ayore.org\/es\/wp-json\/wp\/v2\/media?parent=518"}],"curies":[{"name":"wp","href":"https:\/\/api.w.org\/{rel}","templated":true}]}}