{"id":509,"date":"2018-07-31T06:03:55","date_gmt":"2018-07-31T06:03:55","guid":{"rendered":"https:\/\/ayore.org\/?page_id=509"},"modified":"2019-03-18T00:01:57","modified_gmt":"2019-03-18T00:01:57","slug":"samane-mariposa-blanca-coqueteo-con-los-jovenes","status":"publish","type":"page","link":"https:\/\/ayore.org\/es\/cultura\/tradiciones-orales\/samane-mariposa-blanca-coqueteo-con-los-jovenes\/","title":{"rendered":"Saman\u00e9 &#8211; Mariposa Blanca coquete\u00f3 con los j\u00f3venes"},"content":{"rendered":"<p><em style=\"font-size: 1rem;\">Corabe\u0301<\/em><\/p>\n<p><em><strong>Mariposa Blanca:<\/strong><\/em><em>\u00a0<\/em><\/p>\n<p><em>Corabe\u0301<\/em> y <em>Guiri\u00e1bia<\/em> eran mejores amigas. <em>Corabe\u0301<\/em> era una mariposa blanca y <em>Guiri\u00e1bia<\/em> era una p\u00e1jara. Ellas llamaron la una a la otra &#8216;amiga.&#8217; \u00a0Jugaron con los j\u00f3venes que les gustaban y coqueteaban con ellos. Un chico muy joven llamado Caric Ichai realmente les gustaba a las amigas. Ellas cortaban su pelo del muchacho o sacaban su vello facial. Su vello facial no crec\u00eda de nuevo porque las chicas siempre estaban sac\u00e1ndolo. Las amigas de <em>Corabe\u0301<\/em> le dec\u00edan, &#8220;Deja de jugar con esos j\u00f3venes. No sabes que ellos se pintan con carb\u00f3n y antes de que te des cuenta se vuelves negra.<\/p>\n<p>Pero <em>Corabe\u0301<\/em> les dijo: &#8220;Mi piel no oscurecer\u00e1; voy a lavar con agua y va a estar limpio de nuevo.&#8221;<\/p>\n<p><em>Jongongo<\/em> tambi\u00e9n le gustaba jugar con los hombres j\u00f3venes. <em>Jongongo<\/em> era una rana. Ella nunca se lavaba despu\u00e9s de jugar con ellos, y su piel era oscura.<\/p>\n<p>Las chicas que subieron en los hombres j\u00f3venes les hicieron llegar erupciones. As\u00ed que los hombres j\u00f3venes se rascaban porque les picaba. Y la erupci\u00f3n no se iba y se mantuvo la picaz\u00f3n en ellos.<\/p>\n<p><em>Guiri\u00e1bia<\/em> y <em>Corabe\u0301<\/em> andaban juntos. <em>Bujote<\/em> era una p\u00e1jara y ella andaba con <em>Jongogo<\/em> la rana. Todas las chicas quer\u00edan que el joven llamado <em>Caric Ichai<\/em> sea su novio.<\/p>\n<p>Todos los hombres j\u00f3venes quer\u00edan que <em>Corabe\u0301<\/em> sea su novia, pero ella no quiso ir con ninguno de ellos. Ella s\u00f3lo coqueteaba con ellos, pero desde lejos. Todos quer\u00edan ser su marido. Pero su peque\u00f1o marido iba a ser <em>Carujnangue Erus\u00f3rami<\/em>, el lagarto. Su nombre quiere decir \u2018el peque\u00f1o que sube los \u00e1rboles llamados carujnangue.\u2019<\/p>\n<p>Pero <em>Corabe\u0301<\/em> se cans\u00f3 de los j\u00f3venes porque ella ten\u00eda sue\u00f1o. Los dej\u00f3 y subi\u00f3 un \u00e1rbol resbaladizo. Los j\u00f3venes comenzaron a buscarla. Ellos dijeron: &#8220;Ella va a ser mi esposa si la encuentro primero, \u00a0si no dejo de buscarla.\u201d Fueron muy atra\u00eddos por ella porque era blanca. Ninguno de ellos pod\u00eda dejar de desearla, lo \u00fanico en que pensaban era en <em>Corabe\u0301<\/em>.<\/p>\n<p>Dec\u00edan: &#8220;Ella es casi la m\u00eda. Ella es casi la m\u00eda.\u201d<\/p>\n<p>Todos quer\u00edan a ella. Dec\u00edan: &#8220;Vamos. Tal vez la encontremos si seguimos paseando, fingiendo desinter\u00e9s.\u201d<\/p>\n<p>Les preguntaban a la gente d\u00f3nde estaba. Pero su deseo por ella fue en vano, porque no hab\u00eda ninguna posibilidad de que ella iba a elegir cualquiera de ellos. Todos estaban cansando de <em>Corabe\u0301<\/em> porque s\u00f3lo coqueteaba con ellos. Finalmente <em>Corabe\u0301<\/em> dijo: &#8220;Yo voy a ir a dormir ahora.\u201d<\/p>\n<p>Y luego se fue y dijo: &#8221; Voy a subir a un \u00e1rbol. Voy a esconderme de esos chicos con quien he estado coqueteando.\u201d<\/p>\n<p>Ella sab\u00eda que los j\u00f3venes estar\u00edan busc\u00e1ndola, por lo que r\u00e1pidamente se escondi\u00f3. Ella subi\u00f3 al \u00e1rbol a cierta distancia que ten\u00eda un tronco resbaladizo. Ella le dijo a sus amigas lo que iba a hacer. Ella dijo: &#8220;Quien llega a m\u00ed ser\u00e1 mi marido, si es que me puede encontrar.&#8221; Y entonces ella dijo: &#8220;Yo voy a subir al \u00e1rbol carujnangue y dormir en la parte superior de la misma.&#8221;<\/p>\n<p>Cuando sus amigas vieron que los j\u00f3venes no la pod\u00edan encontrar a <em>Corabe\u0301<\/em>, ellas les contaron las palabras de <em>Corabe\u0301<\/em>. Dijeron, \u201cB\u00fasquenla en los \u00e1rboles. Ella dijo que iba a dormir en la parte superior de un \u00e1rbol.\u201d<\/p>\n<p>Dicen que los hombres j\u00f3venes miraban hacia los \u00e1rboles y r\u00e1pidamente la vieron. Ella estaba en lo m\u00e1s alto del \u00e1rbol. Uno de los hombres que la vieron dijo: &#8220;\u00a1Ah\u00ed est\u00e1! Pero eso es un \u00e1rbol muy resbaladizo a subir.&#8221; Y luego trat\u00f3 de subir por ella, pero se desliz\u00f3 hacia abajo porque era muy resbaladizo.<\/p>\n<p>Otro dijo: \u201c\u00a1Ah\u00ed est\u00e1! Traten de subir por ella, pero ella est\u00e1 en lo m\u00e1s alto del \u00e1rbol.<\/p>\n<p>Dicen que todos los hombres j\u00f3venes corrieron al \u00e1rbol. Dijeron: \u201c\u00a1Ah\u00ed est\u00e1! Ella est\u00e1 en lo m\u00e1s alto. Ella est\u00e1 durmiendo en las ramas.\u201d Hab\u00edan muchos j\u00f3venes al lado del \u00e1rbol justo debajo de donde estaba.<\/p>\n<p>Dijeron: \u201cSus amigas nos contaron lo que <em>Corabe\u0301<\/em> dijo.\u201d Ella dijo que el que sube hasta d\u00f3nde est\u00e1, \u00e9l va a ser su esposo y\u00a0 ella ser\u00e1 su mujer.<\/p>\n<p>Uno de los hombres dijo: &#8220;Voy a hacer un conjuro, y luego voy a alcanzarla y voy a ser su marido.\u201d<\/p>\n<p>Otro dijo; \u201cVoy a pensar s\u00f3lo en ella, concentrarme en ella, ponerla delante de me y hacerla mi esposa.\u201d<\/p>\n<p><em>Corabe\u0301<\/em> dijo, \u201cMi esposo ser\u00e1 el que es primero en llegar a mi. Incluso si \u00e9l que me hallare es feo, yo lo har\u00e9 mi marido.<\/p>\n<p>Limpiaron las malas hierbas bajo el \u00e1rbol.<\/p>\n<p><em>Corabe\u0301<\/em> llam\u00f3 a los que estaban debajo de ella y dijo: &#8220;Quien llega primero va a ser mi marido.&#8221;<\/p>\n<p>Ellos trataron de reforzar el valor de cada uno, pero todo fue en vano. \u201cVoy a cantar mientras subo y as\u00ed llegar\u00e9 hasta donde ella est\u00e1,\u201d dec\u00edan ellos.<\/p>\n<p>Subieron y se deslizaron hacia abajo, pero comenzar\u00edan una y otra vez, pero nunca pudieron llegar a la cima. Luego intentaron lanzar hechizos en los otros. Dec\u00edan: &#8220;No vas a llegar a ella, \u00a1pu jo!&#8221;<\/p>\n<p>Otros procurar\u00edan alentar a sus parientes poniendo encantos en ellos. Dec\u00edan: &#8220;Usted puede hacerlo \u00a1pu jo! Usted puede hacerlo \u00a1pu jo!\u201d\u00a0\u00a0\u00a0\u00a0\u00a0\u00a0\u00a0\u00a0\u00a0\u00a0\u00a0\u00a0\u00a0\u00a0 <em>Corabe\u0301<\/em> les dec\u00eda: &#8220;Date prisa. El que llega a m\u00ed ser\u00e1 mi marido enseguida.\u201d Ella incluso pon\u00eda su mano hacia ellos para ayudarlos a subir arriba. Ella dec\u00eda: &#8220;Toma mi mano. Yo te ayudar\u00e9.\u201d Algunos de ellos consegu\u00edan llegar lo suficientemente cerca para poder haber agarrado su mano, y luego volver a caer hacia abajo.<\/p>\n<p>Otros pondr\u00edan maldiciones sobre ellos y dec\u00edan: &#8221; Usted no va a llegar a la cima \u00a1pu\u00a0 jo! Deslice hacia abajo, \u00a1vuelve a caer!\u201d<\/p>\n<p>Otros animaban a sus amigos, diciendo: \u201c\u00a1Pu a, ag\u00e1rrala!\u201d Las personas reunidos bajo el \u00e1rbol dec\u00edan a la gente, \u201cDa campo para dar a los escaladores m\u00e1s oportunidad.\u201d<\/p>\n<p>Entonces el joven que finalmente llegar\u00eda a ella la alcanz\u00f3. Su nombre era <em>Carujn\u00e1ngue Eruso\u0303rami<\/em>. \u00c9l dijo: \u201c\u00a1Fuera de mi camino! Voy a llegar a ella y reclamarla como mi esposa.\u201d<\/p>\n<p>Los otros chicos eran muy celosos porque la criatura fea hizo llegar a la cima del \u00e1rbol.\u00a0 El que la encontr\u00f3 era conocido como el lagarto que sube a los \u00e1rboles resbaladizas. Dicen que se subi\u00f3 al \u00e1rbol sin dificultad porque \u00e9l se peg\u00f3 al \u00e1rbol. \u00c9l no resbal\u00f3 en absoluto.<\/p>\n<p><em>Corabe\u0301<\/em> lo anim\u00f3 y le dijo: \u201cDarte prisa.\u201d \u00c9l agarr\u00f3 la mano de la joven y logr\u00f3 colocarse a su lado. Ellos se unieron en la parte superior del \u00e1rbol y comenzaron a besarse, mordieron las mejillas el uno del otro como dicen en el idioma ayoreo.<\/p>\n<p>El resto de los ayoreos desaprobaron a la pareja porque el marido era sumamente feo mientras la novia era muy hermosa .<\/p>\n<p><em>Corabe\u0301<\/em> dijo: &#8220;Yo cumpl\u00ed con mi palabra &#8211; el que me alcanz\u00f3 en la parte superior del \u00e1rbol ser\u00eda mi marido y yo ser\u00eda su esposa. Incluso si hubiera sido un ni\u00f1o que lleg\u00f3 a m\u00ed primero iba a ser mi marido. Les di a todos la oportunidad de ser mi marido, pues, dije que el que a m\u00ed me lleg\u00f3 primero ser\u00eda mi marido, y el lagarto me lleg\u00f3 primero.<\/p>\n<p>Su marido realmente era feo, pero <em>Corabe\u0301<\/em> cumpli\u00f3 con su palabra. Ella no lo cambiar\u00eda. Ella ten\u00eda un plan, y ella nunca lo cambi\u00f3. Nadie pod\u00eda decir que hab\u00eda enga\u00f1ado a su pueblo.<\/p>\n<p><strong><em>Los comentarios de Saman\u00e9:<\/em><\/strong><strong><em> (<\/em><\/strong><em>Probablemente Dios bendec\u00eda a Corabe\u0301 en ese momento, haciendo de ella la que empez\u00f3 la raza blanca, a pesar de que los blancos se convirtieron en los enemigos de los ayoreos. Los bolivianos que son oscuros como los ayoreos son descendientes \u00a0de la joven Jongongo, la rana. Eso se debe a que los j\u00f3venes ten\u00edan relaciones sexuales con ella sin casarse con ella.)<\/em><\/p>\n<p><strong><em>Saman\u00e9 contin\u00faa con la historia:<\/em><\/strong><strong><em>\u00a0\u00a0\u00a0\u00a0\u00a0\u00a0\u00a0\u00a0\u00a0\u00a0\u00a0\u00a0\u00a0\u00a0 <\/em><\/strong><\/p>\n<p><em>Carujnangue Erus\u00f3rami<\/em> (Lagarto del \u00e1rbol resbaladizo) puso su lengua en la boca de <em>Corabe\u0301<\/em>. Dicen que <em>Corabe\u0301<\/em> le dijo: &#8220;Voy a ir contigo a todas partes en la tierra, pero no puedo encontrar sus mejillas para besarlas.\u201d Es f\u00e1cil ver que ella no tir\u00f3 a \u00e9l por ser feo y que estaba complacido con \u00e9l, pero ella no le daba besos. El lagarto se sentaba en la falda de <em>Corabe\u0301<\/em>.<strong>\u00a0\u00a0\u00a0\u00a0\u00a0\u00a0\u00a0\u00a0\u00a0\u00a0\u00a0\u00a0\u00a0\u00a0 <\/strong><\/p>\n<p>Pero el resto de los j\u00f3venes desaprobaron de tal modo al lagarto del \u00e1rbol resbaladizo, que dijeron: \u201cTraerlo aqu\u00ed y vamos a matarlo.\u201d<\/p>\n<p>Pero los familiares del lagarto lo defendieron de modo que no pod\u00edan matarlo. Sus parientes de \u00e9l le dijeron: &#8220;Vamos a tener que salir de aqu\u00ed y llevar a <em>Corabe\u0301<\/em> con nosotros.&#8221;<strong>\u00a0<\/strong><\/p>\n<p><strong><em>Los comentarios de Saman\u00e9 acerca de la Se\u00f1ora Juana viuda de Dye y los dem\u00e1s misioneros en el equipo que hicieron contacto con los Ayoreos:<\/em><\/strong><strong><em>\u00a0<\/em><\/strong><em>Los parientes del Lagarto tomaron a Corabe\u0301 y a sus familiares y se fueron. Se fueron a su pa\u00eds, a los Estados Unidos. Corabe\u0301 era una hermosa mariposa blanca, sin nada de suciedad, y es por eso que ustedes, los misioneros, no tienen suciedad tampoco. Cuando vimos por primera vez a Jean Dye y como ella era tan blanca fue Ejenai que dijo, \u201cElla debe tener un marido blanco en alguna parte tambi\u00e9n. Ella debe ser un descendiente de Corabe\u0301 que viv\u00eda entre nosotros en el pasado lejano. Debe ser por eso que estas personas blancas nos quieren a nosotros, porque sus antepasados \u200b\u200bfueron\u00a0 descendientes de nuestra paisana Corabe\u0301.\u201d Ejenai pensaba estas cosas porque Corabe\u0301 hab\u00eda sido de la misma blancura que Jean Dye. El abuelo de Quesei que se llamaba Esoqued\u00e9jnai dijo, \u201cVamos con ellos. Vamos a comer su comida. S\u00f3lo est\u00e1n siendo bueno para con nosotros porque descendieron de nosotros.\u201d Y as\u00ed fue que ustedes y nosotros nos hicimos amigos en el principio.<\/em><\/p>\n<p><strong><em>Samane contin\u00faa con la historia de Corabe\u0301:<\/em><\/strong><strong>\u00a0\u00a0\u00a0\u00a0\u00a0\u00a0\u00a0\u00a0\u00a0\u00a0\u00a0\u00a0\u00a0\u00a0 <\/strong><\/p>\n<p><em>Jot\u00f3jnai<\/em> estaba resentido por el marido de <em>Corabe\u0301<\/em> y estaba muy molesto. (Modismo: Su interior no estaba fr\u00eda.) \u00c9l dijo: \u201cVoy a ir tras del marido de <em>Corabe\u0301<\/em>; la voy a llevar a su esposa y a su familia conmigo.\u201d<strong>\u00a0\u00a0\u00a0\u00a0\u00a0\u00a0\u00a0\u00a0\u00a0\u00a0\u00a0\u00a0\u00a0\u00a0 <\/strong><\/p>\n<p>As\u00ed \u00e9l dijo, pero no hizo nada porque supo que el esposo de <em>Corabe\u0301<\/em> ten\u00eda muchos parientes para defenderlo. <em>Corabe\u0301<\/em> sinti\u00f3 pena por su marido porque los ayoreos lo odiaban. Algunos de los ayoreos amenazaban con matarlo cuando se detuvieron en su viaje.<\/p>\n<p>Otros dec\u00edan: \u201cVoy a matarlo y tomar <em>Corabe\u0301<\/em> para mi esposa.\u201d<\/p>\n<p>Los otros hombres miraban el marido de <em>Corabe\u0301<\/em> dondequiera que iba. Pero su mujer sab\u00eda lo que quer\u00edan hacer con \u00e9l, as\u00ed que le dijo a su esposo: &#8220;Vamos, vamos a dejar este lugar.&#8221;<\/p>\n<p><em>Saman\u00e9 \u2013 Tobit\u00e9, Bolivia \u2013 diciembre de 1971.<\/em><\/p>\n<p><em>Transcrito por: Joyce Buchegger.<\/em><\/p>\n<p><em>Traducido al espa\u00f1ol por: Maxine Morarie.<\/em><\/p>\n<div class=\"navigation\"><div class=\"alignleft\"><a href=\"https:\/\/ayore.org\/es\/cultura\/tradiciones-orales\/samane-melero-planto-el-arbol-nujna\/\"title=\"Saman\u00e9 &#8211; Melero plant\u00f3 un a\u0301rbol llamado &#8216;nujna&#8217;\"><img loading=\"lazy\" decoding=\"async\" src=\"https:\/\/ayore.org\/wp-content\/uploads\/2018\/10\/left-arrow.png\" width=\"50\" height=\"48\" alt=\"left arrow\"><\/a><\/div><div class=\"alignright\"><a href=\"https:\/\/ayore.org\/es\/cultura\/tradiciones-orales\/samane-los-modos-de-guei-basui-un-cazador-lo-encuentra-y-lo-tema\/\"title=\"Saman\u00e9 &#8211; Un cazador lo encuentra a Gue\u0301bi y lo tema\"><img loading=\"lazy\" decoding=\"async\" src=\"https:\/\/ayore.org\/wp-content\/uploads\/2018\/10\/right-arrow.png\" width=\"50\" height=\"48\" alt=\"right arrow\"><\/a><\/div>\n","protected":false},"excerpt":{"rendered":"<p>Corabe\u0301 Mariposa Blanca:\u00a0 Corabe\u0301 y Guiri\u00e1bia eran mejores amigas. Corabe\u0301 era una mariposa blanca y Guiri\u00e1bia era una p\u00e1jara. Ellas llamaron la una a la otra &#8216;amiga.&#8217; \u00a0Jugaron con los j\u00f3venes que les gustaban y coqueteaban con ellos. Un chico<\/p>\n","protected":false},"author":2,"featured_media":0,"parent":296,"menu_order":0,"comment_status":"closed","ping_status":"closed","template":"","meta":{"footnotes":""},"class_list":["post-509","page","type-page","status-publish","hentry"],"yoast_head":"<!-- This site is optimized with the Yoast SEO plugin v27.4 - https:\/\/yoast.com\/product\/yoast-seo-wordpress\/ -->\n<title>Ayore\u0301 Tradicion Oral: Mariposa Blanca Coquete\u00f3 Con Los J\u00f3venes \u2022 Ayore.org<\/title>\n<meta name=\"robots\" content=\"index, follow, max-snippet:-1, max-image-preview:large, max-video-preview:-1\" \/>\n<link rel=\"canonical\" href=\"https:\/\/ayore.org\/es\/cultura\/tradiciones-orales\/samane-mariposa-blanca-coqueteo-con-los-jovenes\/\" \/>\n<meta property=\"og:locale\" content=\"es_ES\" \/>\n<meta property=\"og:type\" content=\"article\" \/>\n<meta property=\"og:title\" content=\"Ayore\u0301 Tradicion Oral: Mariposa Blanca Coquete\u00f3 Con Los J\u00f3venes \u2022 Ayore.org\" \/>\n<meta property=\"og:description\" content=\"Corabe\u0301 Mariposa Blanca:\u00a0 Corabe\u0301 y Guiri\u00e1bia eran mejores amigas. Corabe\u0301 era una mariposa blanca y Guiri\u00e1bia era una p\u00e1jara. Ellas llamaron la una a la otra &#8216;amiga.&#8217; \u00a0Jugaron con los j\u00f3venes que les gustaban y coqueteaban con ellos. Un chico\" \/>\n<meta property=\"og:url\" content=\"https:\/\/ayore.org\/es\/cultura\/tradiciones-orales\/samane-mariposa-blanca-coqueteo-con-los-jovenes\/\" \/>\n<meta property=\"og:site_name\" content=\"AYORE.ORG\" \/>\n<meta property=\"article:modified_time\" content=\"2019-03-18T00:01:57+00:00\" \/>\n<meta name=\"twitter:card\" content=\"summary_large_image\" \/>\n<meta name=\"twitter:label1\" content=\"Tiempo de lectura\" \/>\n\t<meta name=\"twitter:data1\" content=\"9 minutos\" \/>\n<script type=\"application\/ld+json\" class=\"yoast-schema-graph\">{\"@context\":\"https:\\\/\\\/schema.org\",\"@graph\":[{\"@type\":\"WebPage\",\"@id\":\"https:\\\/\\\/ayore.org\\\/es\\\/cultura\\\/tradiciones-orales\\\/samane-mariposa-blanca-coqueteo-con-los-jovenes\\\/\",\"url\":\"https:\\\/\\\/ayore.org\\\/es\\\/cultura\\\/tradiciones-orales\\\/samane-mariposa-blanca-coqueteo-con-los-jovenes\\\/\",\"name\":\"Ayore\u0301 Tradicion Oral: Mariposa Blanca Coquete\u00f3 Con Los J\u00f3venes \u2022 Ayore.org\",\"isPartOf\":{\"@id\":\"https:\\\/\\\/ayore.org\\\/#website\"},\"datePublished\":\"2018-07-31T06:03:55+00:00\",\"dateModified\":\"2019-03-18T00:01:57+00:00\",\"breadcrumb\":{\"@id\":\"https:\\\/\\\/ayore.org\\\/es\\\/cultura\\\/tradiciones-orales\\\/samane-mariposa-blanca-coqueteo-con-los-jovenes\\\/#breadcrumb\"},\"inLanguage\":\"es-AR\",\"potentialAction\":[{\"@type\":\"ReadAction\",\"target\":[\"https:\\\/\\\/ayore.org\\\/es\\\/cultura\\\/tradiciones-orales\\\/samane-mariposa-blanca-coqueteo-con-los-jovenes\\\/\"]}]},{\"@type\":\"BreadcrumbList\",\"@id\":\"https:\\\/\\\/ayore.org\\\/es\\\/cultura\\\/tradiciones-orales\\\/samane-mariposa-blanca-coqueteo-con-los-jovenes\\\/#breadcrumb\",\"itemListElement\":[{\"@type\":\"ListItem\",\"position\":1,\"name\":\"Inicio\",\"item\":\"https:\\\/\\\/ayore.org\\\/es\\\/\"},{\"@type\":\"ListItem\",\"position\":2,\"name\":\"Cultura\",\"item\":\"https:\\\/\\\/ayore.org\\\/es\\\/cultura\\\/\"},{\"@type\":\"ListItem\",\"position\":3,\"name\":\"Tradiciones Orales\",\"item\":\"https:\\\/\\\/ayore.org\\\/es\\\/cultura\\\/tradiciones-orales\\\/\"},{\"@type\":\"ListItem\",\"position\":4,\"name\":\"Saman\u00e9 &#8211; Mariposa Blanca coquete\u00f3 con los j\u00f3venes\"}]},{\"@type\":\"WebSite\",\"@id\":\"https:\\\/\\\/ayore.org\\\/#website\",\"url\":\"https:\\\/\\\/ayore.org\\\/\",\"name\":\"AYORE.ORG\",\"description\":\"Idioma, Cultura e Historia de la Tribu Ayor\u00e9\",\"potentialAction\":[{\"@type\":\"SearchAction\",\"target\":{\"@type\":\"EntryPoint\",\"urlTemplate\":\"https:\\\/\\\/ayore.org\\\/?s={search_term_string}\"},\"query-input\":{\"@type\":\"PropertyValueSpecification\",\"valueRequired\":true,\"valueName\":\"search_term_string\"}}],\"inLanguage\":\"es-AR\"}]}<\/script>\n<!-- \/ Yoast SEO plugin. -->","yoast_head_json":{"title":"Ayore\u0301 Tradicion Oral: Mariposa Blanca Coquete\u00f3 Con Los J\u00f3venes \u2022 Ayore.org","robots":{"index":"index","follow":"follow","max-snippet":"max-snippet:-1","max-image-preview":"max-image-preview:large","max-video-preview":"max-video-preview:-1"},"canonical":"https:\/\/ayore.org\/es\/cultura\/tradiciones-orales\/samane-mariposa-blanca-coqueteo-con-los-jovenes\/","og_locale":"es_ES","og_type":"article","og_title":"Ayore\u0301 Tradicion Oral: Mariposa Blanca Coquete\u00f3 Con Los J\u00f3venes \u2022 Ayore.org","og_description":"Corabe\u0301 Mariposa Blanca:\u00a0 Corabe\u0301 y Guiri\u00e1bia eran mejores amigas. Corabe\u0301 era una mariposa blanca y Guiri\u00e1bia era una p\u00e1jara. Ellas llamaron la una a la otra &#8216;amiga.&#8217; \u00a0Jugaron con los j\u00f3venes que les gustaban y coqueteaban con ellos. Un chico","og_url":"https:\/\/ayore.org\/es\/cultura\/tradiciones-orales\/samane-mariposa-blanca-coqueteo-con-los-jovenes\/","og_site_name":"AYORE.ORG","article_modified_time":"2019-03-18T00:01:57+00:00","twitter_card":"summary_large_image","twitter_misc":{"Tiempo de lectura":"9 minutos"},"schema":{"@context":"https:\/\/schema.org","@graph":[{"@type":"WebPage","@id":"https:\/\/ayore.org\/es\/cultura\/tradiciones-orales\/samane-mariposa-blanca-coqueteo-con-los-jovenes\/","url":"https:\/\/ayore.org\/es\/cultura\/tradiciones-orales\/samane-mariposa-blanca-coqueteo-con-los-jovenes\/","name":"Ayore\u0301 Tradicion Oral: Mariposa Blanca Coquete\u00f3 Con Los J\u00f3venes \u2022 Ayore.org","isPartOf":{"@id":"https:\/\/ayore.org\/#website"},"datePublished":"2018-07-31T06:03:55+00:00","dateModified":"2019-03-18T00:01:57+00:00","breadcrumb":{"@id":"https:\/\/ayore.org\/es\/cultura\/tradiciones-orales\/samane-mariposa-blanca-coqueteo-con-los-jovenes\/#breadcrumb"},"inLanguage":"es-AR","potentialAction":[{"@type":"ReadAction","target":["https:\/\/ayore.org\/es\/cultura\/tradiciones-orales\/samane-mariposa-blanca-coqueteo-con-los-jovenes\/"]}]},{"@type":"BreadcrumbList","@id":"https:\/\/ayore.org\/es\/cultura\/tradiciones-orales\/samane-mariposa-blanca-coqueteo-con-los-jovenes\/#breadcrumb","itemListElement":[{"@type":"ListItem","position":1,"name":"Inicio","item":"https:\/\/ayore.org\/es\/"},{"@type":"ListItem","position":2,"name":"Cultura","item":"https:\/\/ayore.org\/es\/cultura\/"},{"@type":"ListItem","position":3,"name":"Tradiciones Orales","item":"https:\/\/ayore.org\/es\/cultura\/tradiciones-orales\/"},{"@type":"ListItem","position":4,"name":"Saman\u00e9 &#8211; Mariposa Blanca coquete\u00f3 con los j\u00f3venes"}]},{"@type":"WebSite","@id":"https:\/\/ayore.org\/#website","url":"https:\/\/ayore.org\/","name":"AYORE.ORG","description":"Idioma, Cultura e Historia de la Tribu Ayor\u00e9","potentialAction":[{"@type":"SearchAction","target":{"@type":"EntryPoint","urlTemplate":"https:\/\/ayore.org\/?s={search_term_string}"},"query-input":{"@type":"PropertyValueSpecification","valueRequired":true,"valueName":"search_term_string"}}],"inLanguage":"es-AR"}]}},"_links":{"self":[{"href":"https:\/\/ayore.org\/es\/wp-json\/wp\/v2\/pages\/509","targetHints":{"allow":["GET"]}}],"collection":[{"href":"https:\/\/ayore.org\/es\/wp-json\/wp\/v2\/pages"}],"about":[{"href":"https:\/\/ayore.org\/es\/wp-json\/wp\/v2\/types\/page"}],"author":[{"embeddable":true,"href":"https:\/\/ayore.org\/es\/wp-json\/wp\/v2\/users\/2"}],"replies":[{"embeddable":true,"href":"https:\/\/ayore.org\/es\/wp-json\/wp\/v2\/comments?post=509"}],"version-history":[{"count":3,"href":"https:\/\/ayore.org\/es\/wp-json\/wp\/v2\/pages\/509\/revisions"}],"predecessor-version":[{"id":3501,"href":"https:\/\/ayore.org\/es\/wp-json\/wp\/v2\/pages\/509\/revisions\/3501"}],"up":[{"embeddable":true,"href":"https:\/\/ayore.org\/es\/wp-json\/wp\/v2\/pages\/296"}],"wp:attachment":[{"href":"https:\/\/ayore.org\/es\/wp-json\/wp\/v2\/media?parent=509"}],"curies":[{"name":"wp","href":"https:\/\/api.w.org\/{rel}","templated":true}]}}