{"id":486,"date":"2018-07-27T02:43:10","date_gmt":"2018-07-27T02:43:10","guid":{"rendered":"https:\/\/ayore.org\/?page_id=486"},"modified":"2019-03-17T03:30:41","modified_gmt":"2019-03-17T03:30:41","slug":"oidabiade-la-hormiga-gigante-mato-a-pajaro-grande","status":"publish","type":"page","link":"https:\/\/ayore.org\/es\/cultura\/tradiciones-orales\/oidabiade-la-hormiga-gigante-mato-a-pajaro-grande\/","title":{"rendered":"Oid\u00e1biad\u00e9 &#8211; La Horm\u00edga Gigante mat\u00f3 a P\u00e1jaro Grande"},"content":{"rendered":"<p><em>Jnani Bajai Chuj\u00e9 Chug\u00fape\u0303redat\u00e9i<\/em><\/p>\n<p><em><strong>La matanza del Gran P\u00e1jaro:<\/strong><\/em><\/p>\n<p>Se dice que uno de los primeros hombres mat\u00f3 a \u201cEl Gran P\u00e1jaro.\u201d Fue <em>Diti<\/em>&nbsp; quien lo mat\u00f3, pero antes de eso, <em>Diti <\/em>era \u2018una hormiga de tama\u00f1o gigante.\u2019 Y se dice que <em>Diti<\/em> le dijo a su abuela: \u201cAbuela, &nbsp;yo voy a matar a <em>Natingarai<\/em>,\u201d que era el nombre del Gran P\u00e1jaro.<\/p>\n<p>Esto es lo que \u00e9l dijo: \u201cYo voy a matarlo.\u201d<\/p>\n<p>Pero su abuela dijo: \u201c\u00a1C\u00f3mo si t\u00fa fueras un matador! \u00c9l es m\u00e1s fuerte que las otras creaturas como \u00e9l; se dice que \u00e9l no puede ser matado.\u201d<\/p>\n<p>Pero <em>Diti<\/em> dijo: \u201cVoy a esperarle al lado del lago. Cuando \u00e9l venga a beber agua yo le matar\u00e9.\u201d<\/p>\n<p>Se fue a esperar por el Gran P\u00e1jaro, pero su abuela dijo: \u201c\u00a1C\u00f3mo si t\u00fa fueras un matador! \u00c9l es muy fuerte.\u201d<\/p>\n<p>Un viento muy fuerte fue adelante de \u00e9l. Y se dice que \u00e9l esper\u00f3 y tom\u00f3 con \u00e9l un arco muy grande. El tom\u00f3 tambi\u00e9n flechas muy grandes. Dijo que matar\u00eda con sus grandes flechas a su presa.<\/p>\n<p>\u00c9l dijo: \u201c\u00a1All\u00ed est\u00e1! \u00a1All\u00ed est\u00e1! \u00a1Est\u00e1 viniendo! \u00a1Est\u00e1 viniendo.\u201d<\/p>\n<p>Y cuando el Gran P\u00e1jaro par\u00f3 en el lago, \u00e9l lo mat\u00f3. Lo mat\u00f3 y lo arrastr\u00f3 fuera del agua. Y esa fue la forma en la que \u00e9l termin\u00f3 con el Gran P\u00e1jaro. Y luego \u00e9l dijo: \u201cAbuela, yo mat\u00e9 a <em>Natingarai<\/em>.\u201d<\/p>\n<p>Su abuela dijo: \u201cTu v\u00edctima es muy grande, \u00a1pero t\u00fa lograste matarlo!\u201d<\/p>\n<p>Se fueron y se llevaron al Gran P\u00e1jaro; y era tan grande que requer\u00eda mucha gente para arrastrarlo.<\/p>\n<p>Hace mucho tiempo no exist\u00eda el cactus llamado <em>abuei<\/em>. &nbsp;Ellos tomaron la sangre del Gran P\u00e1jaro. Y de esa sangre hicieron el cactus <em>abuei<\/em>. Y la sangre le dio el color rojo que tiene por dentro de este tipo de cactus.<\/p>\n<p>Despu\u00e9s el cactus llamado <em>datura<\/em> se pint\u00f3 con la sangre del Gran P\u00e1jaro y es por esto que este cactus tan grande es de color rojo por fuera.<\/p>\n<p>Se dice que luego el cactus m\u00e1s grande llamado <em>darujna<\/em> tambi\u00e9n se pint\u00f3 con la sangre del Gran P\u00e1jaro, y esta vez, &nbsp;se volvi\u00f3 rojo por dentro y por fuera en la cascara.<\/p>\n<p>Y luego se dice que el \u00e1rbol llamado <em>Ajniecai<\/em> tom\u00f3 las plumas suaves del pecho del Gran P\u00e1jaro y las puso en sus ramas y se quedaron all\u00ed en las ramas, y es por eso que cuando florece se ve blanco como si fueran las plumas suaves sacadas del pecho del Gran P\u00e1jaro.<\/p>\n<p>Fue <em>Diti<\/em> el que mat\u00f3 al Gran P\u00e1jaro, pero sus propiedades y partes pertenec\u00edan a los que lo agarraron y lo arrastraron fuera del agua.<\/p>\n<p>Dicen que fue la sangre del Gran P\u00e1jaro la que los primeros hombres utilizaban para pintar sus casas. La raz\u00f3n por la cual ellos hicieron esto es porque ellos quer\u00edan que las puertas de sus casas se vieran de color rojo.<\/p>\n<p>Los Cutamurajane dicen que el cactus <em>datura<\/em>, el \u00e1rbol <em>ajniecai<\/em>, y las plumas suaves llamadas <em>asi&nbsp; <\/em>son todos posesiones (<em>ed\u00f3pasade<\/em>) del Clan Cutamurajai.<\/p>\n<p><em>Oid\u00e1biad\u00e9 \u2013 Campo Loro \u2013 1988.<\/em><\/p>\n<p><em>Transcrito por: Maxine Morarie.<\/em><\/p>\n<p><em>Traducido al espa\u00f1ol por: Julia Morarie.<\/em><\/p>\n<div class=\"navigation\"><div class=\"alignleft\"><a href=\"https:\/\/ayore.org\/es\/cultura\/tradiciones-orales\/oidabiade-los-cerdos-salvajes-se-fueron-con-un-nino-huerfano\/\"title=\"Oid\u00e1biad\u00e9 &#8211; Los cerdos salvajes se fueron con un ni\u00f1o hue\u0301rfano\"><img loading=\"lazy\" decoding=\"async\" src=\"https:\/\/ayore.org\/wp-content\/uploads\/2018\/10\/left-arrow.png\" width=\"50\" height=\"48\" alt=\"left arrow\"><\/a><\/div><div class=\"alignright\"><a href=\"https:\/\/ayore.org\/es\/cultura\/tradiciones-orales\/samane-melero-planto-el-arbol-nujna\/\"title=\"Saman\u00e9 &#8211; Melero plant\u00f3 un a\u0301rbol llamado &#8216;nujna&#8217;\"><img loading=\"lazy\" decoding=\"async\" src=\"https:\/\/ayore.org\/wp-content\/uploads\/2018\/10\/right-arrow.png\" width=\"50\" height=\"48\" alt=\"right arrow\"><\/a><\/div>\n","protected":false},"excerpt":{"rendered":"<p>Jnani Bajai Chuj\u00e9 Chug\u00fape\u0303redat\u00e9i La matanza del Gran P\u00e1jaro: Se dice que uno de los primeros hombres mat\u00f3 a \u201cEl Gran P\u00e1jaro.\u201d Fue Diti&nbsp; quien lo mat\u00f3, pero antes de eso, Diti era \u2018una hormiga de tama\u00f1o gigante.\u2019 Y se<\/p>\n","protected":false},"author":2,"featured_media":0,"parent":296,"menu_order":0,"comment_status":"closed","ping_status":"closed","template":"","meta":{"footnotes":""},"class_list":["post-486","page","type-page","status-publish","hentry"],"yoast_head":"<!-- This site is optimized with the Yoast SEO plugin v27.4 - https:\/\/yoast.com\/product\/yoast-seo-wordpress\/ -->\n<title>Ayore\u0301 Tradicion Oral: La Horm\u00edga Gigante Mat\u00f3 A P\u00e1jaro Grande \u2022 Ayore.org<\/title>\n<meta name=\"robots\" content=\"index, follow, max-snippet:-1, max-image-preview:large, max-video-preview:-1\" \/>\n<link rel=\"canonical\" href=\"https:\/\/ayore.org\/es\/cultura\/tradiciones-orales\/oidabiade-la-hormiga-gigante-mato-a-pajaro-grande\/\" \/>\n<meta property=\"og:locale\" content=\"es_ES\" \/>\n<meta property=\"og:type\" content=\"article\" \/>\n<meta property=\"og:title\" content=\"Ayore\u0301 Tradicion Oral: La Horm\u00edga Gigante Mat\u00f3 A P\u00e1jaro Grande \u2022 Ayore.org\" \/>\n<meta property=\"og:description\" content=\"Jnani Bajai Chuj\u00e9 Chug\u00fape\u0303redat\u00e9i La matanza del Gran P\u00e1jaro: Se dice que uno de los primeros hombres mat\u00f3 a \u201cEl Gran P\u00e1jaro.\u201d Fue Diti&nbsp; quien lo mat\u00f3, pero antes de eso, Diti era \u2018una hormiga de tama\u00f1o gigante.\u2019 Y se\" \/>\n<meta property=\"og:url\" content=\"https:\/\/ayore.org\/es\/cultura\/tradiciones-orales\/oidabiade-la-hormiga-gigante-mato-a-pajaro-grande\/\" \/>\n<meta property=\"og:site_name\" content=\"AYORE.ORG\" \/>\n<meta property=\"article:modified_time\" content=\"2019-03-17T03:30:41+00:00\" \/>\n<meta name=\"twitter:card\" content=\"summary_large_image\" \/>\n<meta name=\"twitter:label1\" content=\"Tiempo de lectura\" \/>\n\t<meta name=\"twitter:data1\" content=\"3 minutos\" \/>\n<script type=\"application\/ld+json\" class=\"yoast-schema-graph\">{\"@context\":\"https:\\\/\\\/schema.org\",\"@graph\":[{\"@type\":\"WebPage\",\"@id\":\"https:\\\/\\\/ayore.org\\\/es\\\/cultura\\\/tradiciones-orales\\\/oidabiade-la-hormiga-gigante-mato-a-pajaro-grande\\\/\",\"url\":\"https:\\\/\\\/ayore.org\\\/es\\\/cultura\\\/tradiciones-orales\\\/oidabiade-la-hormiga-gigante-mato-a-pajaro-grande\\\/\",\"name\":\"Ayore\u0301 Tradicion Oral: La Horm\u00edga Gigante Mat\u00f3 A P\u00e1jaro Grande \u2022 Ayore.org\",\"isPartOf\":{\"@id\":\"https:\\\/\\\/ayore.org\\\/#website\"},\"datePublished\":\"2018-07-27T02:43:10+00:00\",\"dateModified\":\"2019-03-17T03:30:41+00:00\",\"breadcrumb\":{\"@id\":\"https:\\\/\\\/ayore.org\\\/es\\\/cultura\\\/tradiciones-orales\\\/oidabiade-la-hormiga-gigante-mato-a-pajaro-grande\\\/#breadcrumb\"},\"inLanguage\":\"es-AR\",\"potentialAction\":[{\"@type\":\"ReadAction\",\"target\":[\"https:\\\/\\\/ayore.org\\\/es\\\/cultura\\\/tradiciones-orales\\\/oidabiade-la-hormiga-gigante-mato-a-pajaro-grande\\\/\"]}]},{\"@type\":\"BreadcrumbList\",\"@id\":\"https:\\\/\\\/ayore.org\\\/es\\\/cultura\\\/tradiciones-orales\\\/oidabiade-la-hormiga-gigante-mato-a-pajaro-grande\\\/#breadcrumb\",\"itemListElement\":[{\"@type\":\"ListItem\",\"position\":1,\"name\":\"Inicio\",\"item\":\"https:\\\/\\\/ayore.org\\\/es\\\/\"},{\"@type\":\"ListItem\",\"position\":2,\"name\":\"Cultura\",\"item\":\"https:\\\/\\\/ayore.org\\\/es\\\/cultura\\\/\"},{\"@type\":\"ListItem\",\"position\":3,\"name\":\"Tradiciones Orales\",\"item\":\"https:\\\/\\\/ayore.org\\\/es\\\/cultura\\\/tradiciones-orales\\\/\"},{\"@type\":\"ListItem\",\"position\":4,\"name\":\"Oid\u00e1biad\u00e9 &#8211; La Horm\u00edga Gigante mat\u00f3 a P\u00e1jaro Grande\"}]},{\"@type\":\"WebSite\",\"@id\":\"https:\\\/\\\/ayore.org\\\/#website\",\"url\":\"https:\\\/\\\/ayore.org\\\/\",\"name\":\"AYORE.ORG\",\"description\":\"Idioma, Cultura e Historia de la Tribu Ayor\u00e9\",\"potentialAction\":[{\"@type\":\"SearchAction\",\"target\":{\"@type\":\"EntryPoint\",\"urlTemplate\":\"https:\\\/\\\/ayore.org\\\/?s={search_term_string}\"},\"query-input\":{\"@type\":\"PropertyValueSpecification\",\"valueRequired\":true,\"valueName\":\"search_term_string\"}}],\"inLanguage\":\"es-AR\"}]}<\/script>\n<!-- \/ Yoast SEO plugin. -->","yoast_head_json":{"title":"Ayore\u0301 Tradicion Oral: La Horm\u00edga Gigante Mat\u00f3 A P\u00e1jaro Grande \u2022 Ayore.org","robots":{"index":"index","follow":"follow","max-snippet":"max-snippet:-1","max-image-preview":"max-image-preview:large","max-video-preview":"max-video-preview:-1"},"canonical":"https:\/\/ayore.org\/es\/cultura\/tradiciones-orales\/oidabiade-la-hormiga-gigante-mato-a-pajaro-grande\/","og_locale":"es_ES","og_type":"article","og_title":"Ayore\u0301 Tradicion Oral: La Horm\u00edga Gigante Mat\u00f3 A P\u00e1jaro Grande \u2022 Ayore.org","og_description":"Jnani Bajai Chuj\u00e9 Chug\u00fape\u0303redat\u00e9i La matanza del Gran P\u00e1jaro: Se dice que uno de los primeros hombres mat\u00f3 a \u201cEl Gran P\u00e1jaro.\u201d Fue Diti&nbsp; quien lo mat\u00f3, pero antes de eso, Diti era \u2018una hormiga de tama\u00f1o gigante.\u2019 Y se","og_url":"https:\/\/ayore.org\/es\/cultura\/tradiciones-orales\/oidabiade-la-hormiga-gigante-mato-a-pajaro-grande\/","og_site_name":"AYORE.ORG","article_modified_time":"2019-03-17T03:30:41+00:00","twitter_card":"summary_large_image","twitter_misc":{"Tiempo de lectura":"3 minutos"},"schema":{"@context":"https:\/\/schema.org","@graph":[{"@type":"WebPage","@id":"https:\/\/ayore.org\/es\/cultura\/tradiciones-orales\/oidabiade-la-hormiga-gigante-mato-a-pajaro-grande\/","url":"https:\/\/ayore.org\/es\/cultura\/tradiciones-orales\/oidabiade-la-hormiga-gigante-mato-a-pajaro-grande\/","name":"Ayore\u0301 Tradicion Oral: La Horm\u00edga Gigante Mat\u00f3 A P\u00e1jaro Grande \u2022 Ayore.org","isPartOf":{"@id":"https:\/\/ayore.org\/#website"},"datePublished":"2018-07-27T02:43:10+00:00","dateModified":"2019-03-17T03:30:41+00:00","breadcrumb":{"@id":"https:\/\/ayore.org\/es\/cultura\/tradiciones-orales\/oidabiade-la-hormiga-gigante-mato-a-pajaro-grande\/#breadcrumb"},"inLanguage":"es-AR","potentialAction":[{"@type":"ReadAction","target":["https:\/\/ayore.org\/es\/cultura\/tradiciones-orales\/oidabiade-la-hormiga-gigante-mato-a-pajaro-grande\/"]}]},{"@type":"BreadcrumbList","@id":"https:\/\/ayore.org\/es\/cultura\/tradiciones-orales\/oidabiade-la-hormiga-gigante-mato-a-pajaro-grande\/#breadcrumb","itemListElement":[{"@type":"ListItem","position":1,"name":"Inicio","item":"https:\/\/ayore.org\/es\/"},{"@type":"ListItem","position":2,"name":"Cultura","item":"https:\/\/ayore.org\/es\/cultura\/"},{"@type":"ListItem","position":3,"name":"Tradiciones Orales","item":"https:\/\/ayore.org\/es\/cultura\/tradiciones-orales\/"},{"@type":"ListItem","position":4,"name":"Oid\u00e1biad\u00e9 &#8211; La Horm\u00edga Gigante mat\u00f3 a P\u00e1jaro Grande"}]},{"@type":"WebSite","@id":"https:\/\/ayore.org\/#website","url":"https:\/\/ayore.org\/","name":"AYORE.ORG","description":"Idioma, Cultura e Historia de la Tribu Ayor\u00e9","potentialAction":[{"@type":"SearchAction","target":{"@type":"EntryPoint","urlTemplate":"https:\/\/ayore.org\/?s={search_term_string}"},"query-input":{"@type":"PropertyValueSpecification","valueRequired":true,"valueName":"search_term_string"}}],"inLanguage":"es-AR"}]}},"_links":{"self":[{"href":"https:\/\/ayore.org\/es\/wp-json\/wp\/v2\/pages\/486","targetHints":{"allow":["GET"]}}],"collection":[{"href":"https:\/\/ayore.org\/es\/wp-json\/wp\/v2\/pages"}],"about":[{"href":"https:\/\/ayore.org\/es\/wp-json\/wp\/v2\/types\/page"}],"author":[{"embeddable":true,"href":"https:\/\/ayore.org\/es\/wp-json\/wp\/v2\/users\/2"}],"replies":[{"embeddable":true,"href":"https:\/\/ayore.org\/es\/wp-json\/wp\/v2\/comments?post=486"}],"version-history":[{"count":4,"href":"https:\/\/ayore.org\/es\/wp-json\/wp\/v2\/pages\/486\/revisions"}],"predecessor-version":[{"id":3488,"href":"https:\/\/ayore.org\/es\/wp-json\/wp\/v2\/pages\/486\/revisions\/3488"}],"up":[{"embeddable":true,"href":"https:\/\/ayore.org\/es\/wp-json\/wp\/v2\/pages\/296"}],"wp:attachment":[{"href":"https:\/\/ayore.org\/es\/wp-json\/wp\/v2\/media?parent=486"}],"curies":[{"name":"wp","href":"https:\/\/api.w.org\/{rel}","templated":true}]}}