{"id":484,"date":"2018-07-27T02:40:05","date_gmt":"2018-07-27T02:40:05","guid":{"rendered":"https:\/\/ayore.org\/?page_id=484"},"modified":"2019-03-17T03:16:51","modified_gmt":"2019-03-17T03:16:51","slug":"oidabiade-los-cerdos-salvajes-se-fueron-con-un-nino-huerfano","status":"publish","type":"page","link":"https:\/\/ayore.org\/es\/cultura\/tradiciones-orales\/oidabiade-los-cerdos-salvajes-se-fueron-con-un-nino-huerfano\/","title":{"rendered":"Oid\u00e1biad\u00e9 &#8211; Los cerdos salvajes se fueron con un ni\u00f1o hue\u0301rfano"},"content":{"rendered":"<p><em>Yacorenie Oidi Ayor\u00e9<\/em><\/p>\n<p><em><strong>El Ayorei que se llevaron los cerdos silvestres:<\/strong><\/em><\/p>\n<p>El ayorei que los cerdos silvestres se llevaron era un hu\u00e9rfano. Se dec\u00eda que cuando \u00e9l todav\u00eda era muy peque\u00f1o, tom\u00f3 la esp\u00e1tula que su abuela usaba para raspar las hojas de la planta *<em>dajud\u00ede<\/em> y la usaba para cazar.<\/p>\n<p>Se dec\u00eda que se convirti\u00f3 en un buen cazador de cerdos salvajes, y los cerdos silvestres alg\u00fan d\u00eda se lo llevar\u00edan.<\/p>\n<p>El peque\u00f1o dijo: \u201cAbuela, yo quiero ir con ellos a cazar cerdos, y nosotros comeremos el peque\u00f1o cerdo que yo caze.&#8221; Y lo que sucedi\u00f3 fue que todos los cerdos que mataron eran peque\u00f1os, entonces, la abuela comi\u00f3 las peque\u00f1as v\u00edctimas de su nieto.<\/p>\n<p>Conforme iba creciendo, los cerdos que mataba eran m\u00e1s grandes.<\/p>\n<p>Como sus compatriotas quer\u00edan comer de lo que el ni\u00f1o cazaba, le daban calabazas a la abuela y le dec\u00edan: \u201cCoc\u00ednalas \u00a0para tu nieto. \u00c9l puede com\u00e9rselas cuando regrese de la caza.\u201d<\/p>\n<p>Luego \u00e9l comparti\u00f3 su caza con ellos, y comieron algo de los cerdos m\u00e1s peque\u00f1os que \u00e9l mataba. Aunque algunos cerdos estaban ya m\u00e1s grandes, ellos le dieron comida al muchacho.<\/p>\n<p>M\u00e1s adelante, el mataba unos cerdos con panzas grandes. Y cuando \u00e9l era joven, terminaba tropas completas de cerdos silvestres. Fue en ese momento cuando\u00a0 fue conocido como el gran cazador de cerdos salvajes.<\/p>\n<p>Pero finalmente los cerdos salvajes estaban hartos con lo que hac\u00eda el joven cazador y quer\u00edan vengarse. Los cerdos que \u00e9l mataba comenzaron a resucitar, y uno de ellos secuestr\u00f3 al joven.<\/p>\n<p>Se dice que el joven les cont\u00f3 a los cerdos salvajes todo acerca de lo que hac\u00edan los ayoreos y les dijo: \u201cDejen a los ayoreos en paz, ya que a todos los ayoreos \u00a0les gusta la guerra. D\u00e9jenlos en paz y mant\u00e9ngase alejados de ellos.\u201d<\/p>\n<p>Y es por eso que los cerdos salvajes se alejaron de los ayoreos. Ellos se alejaron de nosotros porque sab\u00edan nuestras costumbres.<\/p>\n<p>Hasta este momento, los cerdos salvajes\u00a0 se mantienen alejados de nosotros porque el ayorei que ellos se llevaron les cont\u00f3 nuestra forma de vida.<\/p>\n<p><em>Oid\u00e1biad\u00e9 \u2013 Campo Loro, Paraguay \u2013 1988.<\/em><\/p>\n<p><em>Transcrito por: Maxine Morarie.<\/em><\/p>\n<p><em>Traducido al espa\u00f1ol por: Julia Morarie.<\/em><\/p>\n<div class=\"navigation\"><div class=\"alignleft\"><a href=\"https:\/\/ayore.org\/es\/cultura\/tradiciones-orales\/oidabiade-la-gente-mato-a-togabi\/\"title=\"Oid\u00e1biad\u00e9 &#8211; La gente mato\u0301 a Toga\u0301bi\"><img loading=\"lazy\" decoding=\"async\" src=\"https:\/\/ayore.org\/wp-content\/uploads\/2018\/10\/left-arrow.png\" width=\"50\" height=\"48\" alt=\"left arrow\"><\/a><\/div><div class=\"alignright\"><a href=\"https:\/\/ayore.org\/es\/cultura\/tradiciones-orales\/oidabiade-la-hormiga-gigante-mato-a-pajaro-grande\/\"title=\"Oid\u00e1biad\u00e9 &#8211; La Horm\u00edga Gigante mat\u00f3 a P\u00e1jaro Grande\"><img loading=\"lazy\" decoding=\"async\" src=\"https:\/\/ayore.org\/wp-content\/uploads\/2018\/10\/right-arrow.png\" width=\"50\" height=\"48\" alt=\"right arrow\"><\/a><\/div>\n","protected":false},"excerpt":{"rendered":"<p>Yacorenie Oidi Ayor\u00e9 El Ayorei que se llevaron los cerdos silvestres: El ayorei que los cerdos silvestres se llevaron era un hu\u00e9rfano. Se dec\u00eda que cuando \u00e9l todav\u00eda era muy peque\u00f1o, tom\u00f3 la esp\u00e1tula que su abuela usaba para raspar<\/p>\n","protected":false},"author":2,"featured_media":0,"parent":296,"menu_order":0,"comment_status":"closed","ping_status":"closed","template":"","meta":{"footnotes":""},"class_list":["post-484","page","type-page","status-publish","hentry"],"yoast_head":"<!-- This site is optimized with the Yoast SEO plugin v27.4 - https:\/\/yoast.com\/product\/yoast-seo-wordpress\/ -->\n<title>Ayore\u0301 Tradicion Oral: Los Cerdos Salvajes Se Fueron Con Un Ni\u00f1o Huerfano \u2022 Ayore.org<\/title>\n<meta name=\"robots\" content=\"index, follow, max-snippet:-1, max-image-preview:large, max-video-preview:-1\" \/>\n<link rel=\"canonical\" href=\"https:\/\/ayore.org\/es\/cultura\/tradiciones-orales\/oidabiade-los-cerdos-salvajes-se-fueron-con-un-nino-huerfano\/\" \/>\n<meta property=\"og:locale\" content=\"es_ES\" \/>\n<meta property=\"og:type\" content=\"article\" \/>\n<meta property=\"og:title\" content=\"Ayore\u0301 Tradicion Oral: Los Cerdos Salvajes Se Fueron Con Un Ni\u00f1o Huerfano \u2022 Ayore.org\" \/>\n<meta property=\"og:description\" content=\"Yacorenie Oidi Ayor\u00e9 El Ayorei que se llevaron los cerdos silvestres: El ayorei que los cerdos silvestres se llevaron era un hu\u00e9rfano. Se dec\u00eda que cuando \u00e9l todav\u00eda era muy peque\u00f1o, tom\u00f3 la esp\u00e1tula que su abuela usaba para raspar\" \/>\n<meta property=\"og:url\" content=\"https:\/\/ayore.org\/es\/cultura\/tradiciones-orales\/oidabiade-los-cerdos-salvajes-se-fueron-con-un-nino-huerfano\/\" \/>\n<meta property=\"og:site_name\" content=\"AYORE.ORG\" \/>\n<meta property=\"article:modified_time\" content=\"2019-03-17T03:16:51+00:00\" \/>\n<meta name=\"twitter:card\" content=\"summary_large_image\" \/>\n<meta name=\"twitter:label1\" content=\"Tiempo de lectura\" \/>\n\t<meta name=\"twitter:data1\" content=\"2 minutos\" \/>\n<script type=\"application\/ld+json\" class=\"yoast-schema-graph\">{\"@context\":\"https:\\\/\\\/schema.org\",\"@graph\":[{\"@type\":\"WebPage\",\"@id\":\"https:\\\/\\\/ayore.org\\\/es\\\/cultura\\\/tradiciones-orales\\\/oidabiade-los-cerdos-salvajes-se-fueron-con-un-nino-huerfano\\\/\",\"url\":\"https:\\\/\\\/ayore.org\\\/es\\\/cultura\\\/tradiciones-orales\\\/oidabiade-los-cerdos-salvajes-se-fueron-con-un-nino-huerfano\\\/\",\"name\":\"Ayore\u0301 Tradicion Oral: Los Cerdos Salvajes Se Fueron Con Un Ni\u00f1o Huerfano \u2022 Ayore.org\",\"isPartOf\":{\"@id\":\"https:\\\/\\\/ayore.org\\\/#website\"},\"datePublished\":\"2018-07-27T02:40:05+00:00\",\"dateModified\":\"2019-03-17T03:16:51+00:00\",\"breadcrumb\":{\"@id\":\"https:\\\/\\\/ayore.org\\\/es\\\/cultura\\\/tradiciones-orales\\\/oidabiade-los-cerdos-salvajes-se-fueron-con-un-nino-huerfano\\\/#breadcrumb\"},\"inLanguage\":\"es-AR\",\"potentialAction\":[{\"@type\":\"ReadAction\",\"target\":[\"https:\\\/\\\/ayore.org\\\/es\\\/cultura\\\/tradiciones-orales\\\/oidabiade-los-cerdos-salvajes-se-fueron-con-un-nino-huerfano\\\/\"]}]},{\"@type\":\"BreadcrumbList\",\"@id\":\"https:\\\/\\\/ayore.org\\\/es\\\/cultura\\\/tradiciones-orales\\\/oidabiade-los-cerdos-salvajes-se-fueron-con-un-nino-huerfano\\\/#breadcrumb\",\"itemListElement\":[{\"@type\":\"ListItem\",\"position\":1,\"name\":\"Inicio\",\"item\":\"https:\\\/\\\/ayore.org\\\/es\\\/\"},{\"@type\":\"ListItem\",\"position\":2,\"name\":\"Cultura\",\"item\":\"https:\\\/\\\/ayore.org\\\/es\\\/cultura\\\/\"},{\"@type\":\"ListItem\",\"position\":3,\"name\":\"Tradiciones Orales\",\"item\":\"https:\\\/\\\/ayore.org\\\/es\\\/cultura\\\/tradiciones-orales\\\/\"},{\"@type\":\"ListItem\",\"position\":4,\"name\":\"Oid\u00e1biad\u00e9 &#8211; Los cerdos salvajes se fueron con un ni\u00f1o hue\u0301rfano\"}]},{\"@type\":\"WebSite\",\"@id\":\"https:\\\/\\\/ayore.org\\\/#website\",\"url\":\"https:\\\/\\\/ayore.org\\\/\",\"name\":\"AYORE.ORG\",\"description\":\"Idioma, Cultura e Historia de la Tribu Ayor\u00e9\",\"potentialAction\":[{\"@type\":\"SearchAction\",\"target\":{\"@type\":\"EntryPoint\",\"urlTemplate\":\"https:\\\/\\\/ayore.org\\\/?s={search_term_string}\"},\"query-input\":{\"@type\":\"PropertyValueSpecification\",\"valueRequired\":true,\"valueName\":\"search_term_string\"}}],\"inLanguage\":\"es-AR\"}]}<\/script>\n<!-- \/ Yoast SEO plugin. -->","yoast_head_json":{"title":"Ayore\u0301 Tradicion Oral: Los Cerdos Salvajes Se Fueron Con Un Ni\u00f1o Huerfano \u2022 Ayore.org","robots":{"index":"index","follow":"follow","max-snippet":"max-snippet:-1","max-image-preview":"max-image-preview:large","max-video-preview":"max-video-preview:-1"},"canonical":"https:\/\/ayore.org\/es\/cultura\/tradiciones-orales\/oidabiade-los-cerdos-salvajes-se-fueron-con-un-nino-huerfano\/","og_locale":"es_ES","og_type":"article","og_title":"Ayore\u0301 Tradicion Oral: Los Cerdos Salvajes Se Fueron Con Un Ni\u00f1o Huerfano \u2022 Ayore.org","og_description":"Yacorenie Oidi Ayor\u00e9 El Ayorei que se llevaron los cerdos silvestres: El ayorei que los cerdos silvestres se llevaron era un hu\u00e9rfano. Se dec\u00eda que cuando \u00e9l todav\u00eda era muy peque\u00f1o, tom\u00f3 la esp\u00e1tula que su abuela usaba para raspar","og_url":"https:\/\/ayore.org\/es\/cultura\/tradiciones-orales\/oidabiade-los-cerdos-salvajes-se-fueron-con-un-nino-huerfano\/","og_site_name":"AYORE.ORG","article_modified_time":"2019-03-17T03:16:51+00:00","twitter_card":"summary_large_image","twitter_misc":{"Tiempo de lectura":"2 minutos"},"schema":{"@context":"https:\/\/schema.org","@graph":[{"@type":"WebPage","@id":"https:\/\/ayore.org\/es\/cultura\/tradiciones-orales\/oidabiade-los-cerdos-salvajes-se-fueron-con-un-nino-huerfano\/","url":"https:\/\/ayore.org\/es\/cultura\/tradiciones-orales\/oidabiade-los-cerdos-salvajes-se-fueron-con-un-nino-huerfano\/","name":"Ayore\u0301 Tradicion Oral: Los Cerdos Salvajes Se Fueron Con Un Ni\u00f1o Huerfano \u2022 Ayore.org","isPartOf":{"@id":"https:\/\/ayore.org\/#website"},"datePublished":"2018-07-27T02:40:05+00:00","dateModified":"2019-03-17T03:16:51+00:00","breadcrumb":{"@id":"https:\/\/ayore.org\/es\/cultura\/tradiciones-orales\/oidabiade-los-cerdos-salvajes-se-fueron-con-un-nino-huerfano\/#breadcrumb"},"inLanguage":"es-AR","potentialAction":[{"@type":"ReadAction","target":["https:\/\/ayore.org\/es\/cultura\/tradiciones-orales\/oidabiade-los-cerdos-salvajes-se-fueron-con-un-nino-huerfano\/"]}]},{"@type":"BreadcrumbList","@id":"https:\/\/ayore.org\/es\/cultura\/tradiciones-orales\/oidabiade-los-cerdos-salvajes-se-fueron-con-un-nino-huerfano\/#breadcrumb","itemListElement":[{"@type":"ListItem","position":1,"name":"Inicio","item":"https:\/\/ayore.org\/es\/"},{"@type":"ListItem","position":2,"name":"Cultura","item":"https:\/\/ayore.org\/es\/cultura\/"},{"@type":"ListItem","position":3,"name":"Tradiciones Orales","item":"https:\/\/ayore.org\/es\/cultura\/tradiciones-orales\/"},{"@type":"ListItem","position":4,"name":"Oid\u00e1biad\u00e9 &#8211; Los cerdos salvajes se fueron con un ni\u00f1o hue\u0301rfano"}]},{"@type":"WebSite","@id":"https:\/\/ayore.org\/#website","url":"https:\/\/ayore.org\/","name":"AYORE.ORG","description":"Idioma, Cultura e Historia de la Tribu Ayor\u00e9","potentialAction":[{"@type":"SearchAction","target":{"@type":"EntryPoint","urlTemplate":"https:\/\/ayore.org\/?s={search_term_string}"},"query-input":{"@type":"PropertyValueSpecification","valueRequired":true,"valueName":"search_term_string"}}],"inLanguage":"es-AR"}]}},"_links":{"self":[{"href":"https:\/\/ayore.org\/es\/wp-json\/wp\/v2\/pages\/484","targetHints":{"allow":["GET"]}}],"collection":[{"href":"https:\/\/ayore.org\/es\/wp-json\/wp\/v2\/pages"}],"about":[{"href":"https:\/\/ayore.org\/es\/wp-json\/wp\/v2\/types\/page"}],"author":[{"embeddable":true,"href":"https:\/\/ayore.org\/es\/wp-json\/wp\/v2\/users\/2"}],"replies":[{"embeddable":true,"href":"https:\/\/ayore.org\/es\/wp-json\/wp\/v2\/comments?post=484"}],"version-history":[{"count":4,"href":"https:\/\/ayore.org\/es\/wp-json\/wp\/v2\/pages\/484\/revisions"}],"predecessor-version":[{"id":3483,"href":"https:\/\/ayore.org\/es\/wp-json\/wp\/v2\/pages\/484\/revisions\/3483"}],"up":[{"embeddable":true,"href":"https:\/\/ayore.org\/es\/wp-json\/wp\/v2\/pages\/296"}],"wp:attachment":[{"href":"https:\/\/ayore.org\/es\/wp-json\/wp\/v2\/media?parent=484"}],"curies":[{"name":"wp","href":"https:\/\/api.w.org\/{rel}","templated":true}]}}