{"id":480,"date":"2018-07-27T02:35:30","date_gmt":"2018-07-27T02:35:30","guid":{"rendered":"https:\/\/ayore.org\/?page_id=480"},"modified":"2019-03-16T22:04:35","modified_gmt":"2019-03-16T22:04:35","slug":"oidabiade-la-gente-mato-a-togabi","status":"publish","type":"page","link":"https:\/\/ayore.org\/es\/cultura\/tradiciones-orales\/oidabiade-la-gente-mato-a-togabi\/","title":{"rendered":"Oid\u00e1biad\u00e9 &#8211; La gente mato\u0301 a Toga\u0301bi"},"content":{"rendered":"<p><strong><em>Toga\u0301bi<\/em><\/strong><\/p>\n<p><strong><em>Esta es la historia de c\u00f3mo mataron a Toga\u0301bi:<\/em><\/strong><\/p>\n<p><em>Toga\u0301bi<\/em> fue asesinado por hombres que vivieron hace mucho tiempo. (<em>Toga\u0301bi<\/em> tambi\u00e9n fue llamado <em>Goro\u0301ded\u00e9.)\u00a0 Toga\u0301bi<\/em> era un curandero, sin embargo, sab\u00eda maldecir a la gente.<\/p>\n<p>Dicen que fueron el jefe <em>Ucat\u00e9d\u00e9<\/em> y su amigo <em>Bar\u00e1yud\u00e9 los <\/em>que mataron a <em>Toga\u0301bi<\/em>.<\/p>\n<p>Dicen que cuando ellos lo mataron, un t\u00e1bano sali\u00f3 de <em>Toga\u0301bi<\/em> y mordi\u00f3 en la pierna a Ucate\u0301d\u00e9 y le dej\u00f3 un for\u00fanculo grande en la pierna. (En realidad era <em>Toga\u0301bi<\/em> en la forma de un t\u00e1bano.) Y otro t\u00e1bano tambi\u00e9n sali\u00f3 y mordi\u00f3 a Bar\u00e1yud\u00e9 en la pierna, el que era acompa\u00f1ante de Ucate\u0301d\u00e9. Y tambi\u00e9n le dej\u00f3 un for\u00fanculo grande en la pierna.<\/p>\n<p><strong><em>Despu<\/em>\u00e9<em>s de esto, Toga\u0301bi casi los destruy\u00f3 con una tormenta.<\/em><\/strong><\/p>\n<p>Despu\u00e9s de matar a <em>Toga\u0301bi<\/em>, ellos agarraron a su hija que se llamaba <em>Goro<\/em>de. <em>Toga\u0301bi<\/em> llam\u00f3 a su hija y le dijo: \u201c\u00a1<em>Goro<\/em> \u00e1! \u00a1Estos hombres me han matado! \u00a1Ellos me han matado! Invoca que una tempestad venga sobre ellos.\u201d Y una tormenta se les vino encima.<\/p>\n<p>Y luego en ese momento fue cuando ella record\u00f3 lo que su padre hab\u00eda dicho. Ella llam\u00f3 a su padre y le dijo: \u201cPadre, \u00a1ya basta! Me han agarrado y me tienen en su poder.\u201d<\/p>\n<p>Y ellos le dijeron a ella: \u201c\u00a1<em>Goro<\/em> \u00e1! Ven ahora, y llama a tu padre para ver si \u00e9l puede parar la lluvia.\u201d<\/p>\n<p>As\u00ed que ella lo llam\u00f3 y dijo: \u201cPadre, ya basta! \u00a1Ellos me han tomado!\u201d Y se dice, que cuando ella dijo esto, la lluvia par\u00f3, y ella salv\u00f3 a su gente de la tormenta que su padre les hab\u00eda mandado.<\/p>\n<p><em>Oid\u00e1biad\u00e9 \u2013 Campo Loro, Paraguay \u2013 1988.<\/em><\/p>\n<p><em>Transcrito por: Maxine Morarie.<\/em><\/p>\n<p><em>Traducido al espa\u00f1ol por: Julia Morarie.<\/em><\/p>\n<div class=\"navigation\"><div class=\"alignleft\"><a href=\"https:\/\/ayore.org\/es\/cultura\/tradiciones-orales\/oidabiade-los-caminos-de-la-lluvia-la-bendicion-proviene-de-contar-la-historia\/\"title=\"Oid\u00e1biad\u00e9 &#8211; La bendicio\u0301n proviene de contar la historia &#8211; La Estacio\u0301n de Lluvia\"><img loading=\"lazy\" decoding=\"async\" src=\"https:\/\/ayore.org\/wp-content\/uploads\/2018\/10\/left-arrow.png\" width=\"50\" height=\"48\" alt=\"left arrow\"><\/a><\/div><div class=\"alignright\"><a href=\"https:\/\/ayore.org\/es\/cultura\/tradiciones-orales\/oidabiade-los-cerdos-salvajes-se-fueron-con-un-nino-huerfano\/\"title=\"Oid\u00e1biad\u00e9 &#8211; Los cerdos salvajes se fueron con un ni\u00f1o hue\u0301rfano\"><img loading=\"lazy\" decoding=\"async\" src=\"https:\/\/ayore.org\/wp-content\/uploads\/2018\/10\/right-arrow.png\" width=\"50\" height=\"48\" alt=\"right arrow\"><\/a><\/div>\n","protected":false},"excerpt":{"rendered":"<p>Toga\u0301bi Esta es la historia de c\u00f3mo mataron a Toga\u0301bi: Toga\u0301bi fue asesinado por hombres que vivieron hace mucho tiempo. (Toga\u0301bi tambi\u00e9n fue llamado Goro\u0301ded\u00e9.)\u00a0 Toga\u0301bi era un curandero, sin embargo, sab\u00eda maldecir a la gente. Dicen que fueron el<\/p>\n","protected":false},"author":2,"featured_media":0,"parent":296,"menu_order":0,"comment_status":"closed","ping_status":"closed","template":"","meta":{"footnotes":""},"class_list":["post-480","page","type-page","status-publish","hentry"],"yoast_head":"<!-- This site is optimized with the Yoast SEO plugin v27.4 - https:\/\/yoast.com\/product\/yoast-seo-wordpress\/ -->\n<title>Ayore\u0301 Tradicion Oral: La Gente Mato\u0301 A Toga\u0301Bi \u2022 Ayore.org<\/title>\n<meta name=\"robots\" content=\"index, follow, max-snippet:-1, max-image-preview:large, max-video-preview:-1\" \/>\n<link rel=\"canonical\" href=\"https:\/\/ayore.org\/es\/cultura\/tradiciones-orales\/oidabiade-la-gente-mato-a-togabi\/\" \/>\n<meta property=\"og:locale\" content=\"es_ES\" \/>\n<meta property=\"og:type\" content=\"article\" \/>\n<meta property=\"og:title\" content=\"Ayore\u0301 Tradicion Oral: La Gente Mato\u0301 A Toga\u0301Bi \u2022 Ayore.org\" \/>\n<meta property=\"og:description\" content=\"Toga\u0301bi Esta es la historia de c\u00f3mo mataron a Toga\u0301bi: Toga\u0301bi fue asesinado por hombres que vivieron hace mucho tiempo. (Toga\u0301bi tambi\u00e9n fue llamado Goro\u0301ded\u00e9.)\u00a0 Toga\u0301bi era un curandero, sin embargo, sab\u00eda maldecir a la gente. Dicen que fueron el\" \/>\n<meta property=\"og:url\" content=\"https:\/\/ayore.org\/es\/cultura\/tradiciones-orales\/oidabiade-la-gente-mato-a-togabi\/\" \/>\n<meta property=\"og:site_name\" content=\"AYORE.ORG\" \/>\n<meta property=\"article:modified_time\" content=\"2019-03-16T22:04:35+00:00\" \/>\n<meta name=\"twitter:card\" content=\"summary_large_image\" \/>\n<meta name=\"twitter:label1\" content=\"Tiempo de lectura\" \/>\n\t<meta name=\"twitter:data1\" content=\"2 minutos\" \/>\n<script type=\"application\/ld+json\" class=\"yoast-schema-graph\">{\"@context\":\"https:\\\/\\\/schema.org\",\"@graph\":[{\"@type\":\"WebPage\",\"@id\":\"https:\\\/\\\/ayore.org\\\/es\\\/cultura\\\/tradiciones-orales\\\/oidabiade-la-gente-mato-a-togabi\\\/\",\"url\":\"https:\\\/\\\/ayore.org\\\/es\\\/cultura\\\/tradiciones-orales\\\/oidabiade-la-gente-mato-a-togabi\\\/\",\"name\":\"Ayore\u0301 Tradicion Oral: La Gente Mato\u0301 A Toga\u0301Bi \u2022 Ayore.org\",\"isPartOf\":{\"@id\":\"https:\\\/\\\/ayore.org\\\/#website\"},\"datePublished\":\"2018-07-27T02:35:30+00:00\",\"dateModified\":\"2019-03-16T22:04:35+00:00\",\"breadcrumb\":{\"@id\":\"https:\\\/\\\/ayore.org\\\/es\\\/cultura\\\/tradiciones-orales\\\/oidabiade-la-gente-mato-a-togabi\\\/#breadcrumb\"},\"inLanguage\":\"es-AR\",\"potentialAction\":[{\"@type\":\"ReadAction\",\"target\":[\"https:\\\/\\\/ayore.org\\\/es\\\/cultura\\\/tradiciones-orales\\\/oidabiade-la-gente-mato-a-togabi\\\/\"]}]},{\"@type\":\"BreadcrumbList\",\"@id\":\"https:\\\/\\\/ayore.org\\\/es\\\/cultura\\\/tradiciones-orales\\\/oidabiade-la-gente-mato-a-togabi\\\/#breadcrumb\",\"itemListElement\":[{\"@type\":\"ListItem\",\"position\":1,\"name\":\"Inicio\",\"item\":\"https:\\\/\\\/ayore.org\\\/es\\\/\"},{\"@type\":\"ListItem\",\"position\":2,\"name\":\"Cultura\",\"item\":\"https:\\\/\\\/ayore.org\\\/es\\\/cultura\\\/\"},{\"@type\":\"ListItem\",\"position\":3,\"name\":\"Tradiciones Orales\",\"item\":\"https:\\\/\\\/ayore.org\\\/es\\\/cultura\\\/tradiciones-orales\\\/\"},{\"@type\":\"ListItem\",\"position\":4,\"name\":\"Oid\u00e1biad\u00e9 &#8211; La gente mato\u0301 a Toga\u0301bi\"}]},{\"@type\":\"WebSite\",\"@id\":\"https:\\\/\\\/ayore.org\\\/#website\",\"url\":\"https:\\\/\\\/ayore.org\\\/\",\"name\":\"AYORE.ORG\",\"description\":\"Idioma, Cultura e Historia de la Tribu Ayor\u00e9\",\"potentialAction\":[{\"@type\":\"SearchAction\",\"target\":{\"@type\":\"EntryPoint\",\"urlTemplate\":\"https:\\\/\\\/ayore.org\\\/?s={search_term_string}\"},\"query-input\":{\"@type\":\"PropertyValueSpecification\",\"valueRequired\":true,\"valueName\":\"search_term_string\"}}],\"inLanguage\":\"es-AR\"}]}<\/script>\n<!-- \/ Yoast SEO plugin. -->","yoast_head_json":{"title":"Ayore\u0301 Tradicion Oral: La Gente Mato\u0301 A Toga\u0301Bi \u2022 Ayore.org","robots":{"index":"index","follow":"follow","max-snippet":"max-snippet:-1","max-image-preview":"max-image-preview:large","max-video-preview":"max-video-preview:-1"},"canonical":"https:\/\/ayore.org\/es\/cultura\/tradiciones-orales\/oidabiade-la-gente-mato-a-togabi\/","og_locale":"es_ES","og_type":"article","og_title":"Ayore\u0301 Tradicion Oral: La Gente Mato\u0301 A Toga\u0301Bi \u2022 Ayore.org","og_description":"Toga\u0301bi Esta es la historia de c\u00f3mo mataron a Toga\u0301bi: Toga\u0301bi fue asesinado por hombres que vivieron hace mucho tiempo. (Toga\u0301bi tambi\u00e9n fue llamado Goro\u0301ded\u00e9.)\u00a0 Toga\u0301bi era un curandero, sin embargo, sab\u00eda maldecir a la gente. Dicen que fueron el","og_url":"https:\/\/ayore.org\/es\/cultura\/tradiciones-orales\/oidabiade-la-gente-mato-a-togabi\/","og_site_name":"AYORE.ORG","article_modified_time":"2019-03-16T22:04:35+00:00","twitter_card":"summary_large_image","twitter_misc":{"Tiempo de lectura":"2 minutos"},"schema":{"@context":"https:\/\/schema.org","@graph":[{"@type":"WebPage","@id":"https:\/\/ayore.org\/es\/cultura\/tradiciones-orales\/oidabiade-la-gente-mato-a-togabi\/","url":"https:\/\/ayore.org\/es\/cultura\/tradiciones-orales\/oidabiade-la-gente-mato-a-togabi\/","name":"Ayore\u0301 Tradicion Oral: La Gente Mato\u0301 A Toga\u0301Bi \u2022 Ayore.org","isPartOf":{"@id":"https:\/\/ayore.org\/#website"},"datePublished":"2018-07-27T02:35:30+00:00","dateModified":"2019-03-16T22:04:35+00:00","breadcrumb":{"@id":"https:\/\/ayore.org\/es\/cultura\/tradiciones-orales\/oidabiade-la-gente-mato-a-togabi\/#breadcrumb"},"inLanguage":"es-AR","potentialAction":[{"@type":"ReadAction","target":["https:\/\/ayore.org\/es\/cultura\/tradiciones-orales\/oidabiade-la-gente-mato-a-togabi\/"]}]},{"@type":"BreadcrumbList","@id":"https:\/\/ayore.org\/es\/cultura\/tradiciones-orales\/oidabiade-la-gente-mato-a-togabi\/#breadcrumb","itemListElement":[{"@type":"ListItem","position":1,"name":"Inicio","item":"https:\/\/ayore.org\/es\/"},{"@type":"ListItem","position":2,"name":"Cultura","item":"https:\/\/ayore.org\/es\/cultura\/"},{"@type":"ListItem","position":3,"name":"Tradiciones Orales","item":"https:\/\/ayore.org\/es\/cultura\/tradiciones-orales\/"},{"@type":"ListItem","position":4,"name":"Oid\u00e1biad\u00e9 &#8211; La gente mato\u0301 a Toga\u0301bi"}]},{"@type":"WebSite","@id":"https:\/\/ayore.org\/#website","url":"https:\/\/ayore.org\/","name":"AYORE.ORG","description":"Idioma, Cultura e Historia de la Tribu Ayor\u00e9","potentialAction":[{"@type":"SearchAction","target":{"@type":"EntryPoint","urlTemplate":"https:\/\/ayore.org\/?s={search_term_string}"},"query-input":{"@type":"PropertyValueSpecification","valueRequired":true,"valueName":"search_term_string"}}],"inLanguage":"es-AR"}]}},"_links":{"self":[{"href":"https:\/\/ayore.org\/es\/wp-json\/wp\/v2\/pages\/480","targetHints":{"allow":["GET"]}}],"collection":[{"href":"https:\/\/ayore.org\/es\/wp-json\/wp\/v2\/pages"}],"about":[{"href":"https:\/\/ayore.org\/es\/wp-json\/wp\/v2\/types\/page"}],"author":[{"embeddable":true,"href":"https:\/\/ayore.org\/es\/wp-json\/wp\/v2\/users\/2"}],"replies":[{"embeddable":true,"href":"https:\/\/ayore.org\/es\/wp-json\/wp\/v2\/comments?post=480"}],"version-history":[{"count":3,"href":"https:\/\/ayore.org\/es\/wp-json\/wp\/v2\/pages\/480\/revisions"}],"predecessor-version":[{"id":3473,"href":"https:\/\/ayore.org\/es\/wp-json\/wp\/v2\/pages\/480\/revisions\/3473"}],"up":[{"embeddable":true,"href":"https:\/\/ayore.org\/es\/wp-json\/wp\/v2\/pages\/296"}],"wp:attachment":[{"href":"https:\/\/ayore.org\/es\/wp-json\/wp\/v2\/media?parent=480"}],"curies":[{"name":"wp","href":"https:\/\/api.w.org\/{rel}","templated":true}]}}