{"id":474,"date":"2018-07-27T02:29:53","date_gmt":"2018-07-27T02:29:53","guid":{"rendered":"https:\/\/ayore.org\/?page_id=474"},"modified":"2019-03-13T19:37:27","modified_gmt":"2019-03-13T19:37:27","slug":"oidabiade-libelula-pateo-su-pie","status":"publish","type":"page","link":"https:\/\/ayore.org\/es\/cultura\/tradiciones-orales\/oidabiade-libelula-pateo-su-pie\/","title":{"rendered":"Oid\u00e1biad\u00e9 &#8211; Libe\u0301lula estampo\u0301 su pie"},"content":{"rendered":"<p><em>Jnu \u00c3ri<\/em><\/p>\n<p><strong>Aj\u00edes molidos<\/strong><\/p>\n<p><strong><em>Los aj\u00edes<\/em><\/strong><strong><em> son la<\/em><\/strong><strong><em> comida que hace que los guerreros se vuelven feroces.<\/em><\/strong><\/p>\n<p>Hace mucho tiempo la lib\u00e9lula (*<em>J<\/em><em>naguto\u0301)<\/em> estamp\u00f3 sus patas, pis\u00f3 un <em>aj\u00ed<\/em>, y lo dej\u00f3 en polvo. Desde entonces comenzaron a moler los aj\u00edes.<\/p>\n<p>Cuando los hombres comieron los aj\u00edes se convirtieron en guerreros. Los primeros guerreros se originaron hace mucho tiempo al comer aj\u00edes picosos que fueron molidos.<\/p>\n<p>Se dice que <em>Jnaguto\u0301<\/em> junt\u00f3 todas las criaturas, animales y personas, y les dijo: \u201cVengan, tomen los aj\u00edes picosos que he molido, y coman la comida.\u201d<\/p>\n<p>El padre de *<em>Oron\u00e9<\/em> que se llamaba *<em>Jaboid\u00e9<\/em> nos dijo todo esto acerca de los guerreros; \u00e9l dijo: \u201cHombres importantes, como yo mismo, han comido aj\u00edes picosos que han molido, y se volvieron guerreros.\u201d<\/p>\n<p>Lo que pasaba con ellos despu\u00e9s de comer aj\u00edes determinar\u00eda si se convertir\u00edan en guerreros o no. Aquellos que sent\u00edan lo picoso hasta no poder sostener su respiraci\u00f3n, hacia adentro y hacia afuera, eran los que pod\u00edan ser vencidos en las batallas.<\/p>\n<p>Otros ser\u00edan guerreros debido a que cuando ellos com\u00edan los aj\u00edes picosos, ellos sosten\u00edan su respiraci\u00f3n y luego trataban de convertirse en hombres feroces \u2013 gritaban y demostraban un gran coraje y fuerza.<\/p>\n<p><strong><em>Debido a los aj\u00edes picosos que comen, ellos pueden enojarse y embravecerse en preparaci\u00f3n para la guerra.<\/em><\/strong><\/p>\n<p>Y hasta ahora dicen que lo que hace que una persona se convierta en un guerrero es comer aj\u00edes picosos que han sido molidos. Pero aquellos que pueden ser vencidos, son aquellos que no pueden sostener su repiracio\u0301n hacia adentro y hacia fuera. Dicen que los hombres como esos no pueden ganar a nadie en la guerra. Aquellos que pueden ser vencidos son los que tiemblan cuando comen aji\u0301es picosos.<\/p>\n<p><strong><em>La Lagartija Peque\u00f1a fue el primero en comer los aj\u00edes.<\/em><\/strong><\/p>\n<p>Se dice que el primero en comer los aj\u00edes picosos fue *<em>Ug\u00f3bed\u00e1i<\/em> (la peque\u00f1a lagartija) que sube por los \u00e1rboles.<\/p>\n<p>Dicen que, en el principio,\u00a0<em>Ug\u00f3bed\u00e1i<\/em> comi\u00f3 aj\u00edes picosos y se transform\u00f3 y sus \u00f3rganos estaban rojos por todas partes.\u00a0 El comi\u00f3 los aj\u00edes molidos primero, pero yo no s\u00e9 muy bien como es el resto de la historia y que es lo que dec\u00eda acerca de \u00e9l.<\/p>\n<p>Dicen que el siguiente en comer aj\u00edes picosos fue <em>*Arori<\/em> (el a\u0301guila que se posa en los \u00e1rboles); \u00e9l fue uno de los primeros en comer los aj\u00edes. Nuestros abuelos dec\u00edan: \u201cT\u00fa sabes que fue <em>Arori <\/em>el que se enfureci\u00f3 primero y no le ten\u00eda miedo a nada ni a nadie.\u201d<\/p>\n<p>Los guerreros prueban su valent\u00eda, poniendo su dedo muy cerca a la boca de la serpiente <em>Uga\u0301yajo\u0301guei<\/em>. Si el guerrero se quedaba \u00a0tranquilo y sin moverse cuando la serpiente trataba de morder, eso demostraba que era un *<em>dacasut\u00e9<\/em> (guerrero valiente) \u2013 pero si sacaba su dedo hacia atr\u00e1s, \u00e9l no era un guerrero valiente.<\/p>\n<p>Tambi\u00e9n\u00a0 los ayoreos que com\u00edan los aj\u00edes picosos demostraron que eran muy valientes porque ellos sosten\u00edan su respiraci\u00f3n y no jadeaban.<\/p>\n<p>Pero otros resultaron m\u00e1s grandes guerreros que los dem\u00e1s a pesar de no sostener su respiraci\u00f3n hacia adentro y hacia fuera, porque no pod\u00edan ser superados o vencidos en las batallas.<\/p>\n<p><strong><em>De acuerdo con nuestros antepasados, fue el comer los aj\u00edes picosas lo que hizo que una persona se convirtiera en un guerrero feroz.<\/em><\/strong><\/p>\n<p><em>(Oida\u0301biade\u0301 comento\u0301: Q<\/em><em style=\"white-space: pre-wrap;\">uiero comentar que nuestros antepasados todav\u00eda no sab\u00edan acerca de la influencia de los demonios de Satan\u00e1s y no reconoc\u00edan que \u00a0Satan\u00e1s es el autor de la matanza<\/em><span style=\"white-space: pre-wrap;\">.)<\/span><\/p>\n<p><em><strong>Ellos tambi\u00e9n dicen otra cosa que es pertinente a los guerreros ayoreos.<\/strong><\/em><\/p>\n<p>Una vez \u00a0despu\u00e9s de comer aj\u00edes, los guerreros ayore\u0301os se volvieron tan enojados y feroces que mataron a una persona llamado <em>Poritai<\/em>. De acuerdo a<em> Jaboid\u00e9,<\/em> esto pas\u00f3 hace mucho tiempo atr\u00e1s.<\/p>\n<p><strong><em>La matanza de Poritai:<\/em><\/strong><\/p>\n<p>Ese <em>Poritai<\/em> que ellos mataron fue el que cre\u00f3 el <em>clan guerrero.<\/em><\/p>\n<p><em>(Oida\u0301biade\u0301 comentaba: Una persona que es malformado o feo es llamado Poritai en el idioma ayoreo. Usaremos ese t\u00e9rmino durante la historia que sigue. Poritai hab\u00eda creado nombres para cada uno de los clanes ayor\u00e9. \u00a0[La palabra \u2018clan\u2019 en el ayor\u00e9 es <\/em><em>*cucherane]. Ese Poritai ten\u00eda que ver con los esp\u00edritus que eran referidos en el idioma ayore\u0301 como *dicoredie [ espi\u0301ritus que andan ].)<\/em><\/p>\n<p>De acuerdo con <em>Jaboid\u00e9, Poritai<\/em> fue el que hizo que los hombres se conviertan en guerreros.<\/p>\n<p>Su odio hacia ese <em>Poritai<\/em> fue tanto que lo mataron, y se dice que el <em>Clan Chiquenoi<\/em> fue el que di\u00f3 el primer golpe. Ellos respiraron y exhalaron profundamente mientras lo golpeaban.<\/p>\n<p>A medida que <em>Poritai<\/em> estaba siendo golpeado, sus gemidos entrar\u00edan en el hombre que lo golpeaba y esto podr\u00eda causar que se convierta en un guerrero.<\/p>\n<p>De acuerdo a <em>Jaboid\u00e9,<\/em> los guerreros ayoreos fueron hechos en esta forma.<\/p>\n<p>Aquellos que no ten\u00edan miedo del <em>Poritai<\/em> que parec\u00eda un fantasma, y que tuvieron el valor para vencerlo, se convirtieron en verdaderos guerreros.<\/p>\n<p><em>(*El t\u00e9rmino ayoreo para guerrero es la palabra *dacasut\u00e9.)<\/em><\/p>\n<p><strong><em>La participaci\u00f3n de los diversos clanes en el asesinato de Poritai:<\/em><\/strong><\/p>\n<p>El <em>Clan Chiquenoi<\/em>, quienes respiraron y exhalaron profundamente al golpearlo, cantaban \u00a1<em>je-je-je!\u00a0<\/em>y siguieron peg\u00e1ndole hasta que lo mataron.<\/p>\n<p>Despu\u00e9s de ellos, los del <em>Clan Dosap\u00e9<\/em> le pegaron a <em>Poritai<\/em>, ellos eran como los del <em>Clan Chiquenoi<\/em>.\u00a0 Respiraron y exhalaron profundamente todo el tiempo.<\/p>\n<p>Los del <em>Clan Posorajane<\/em> tambi\u00e9n le pegaron, pero se dice que ellos no respiraron y exhalaron profundamente todo el tiempo. Dicen que ellos eran mucho m\u00e1s grandes que <em>Poritai<\/em>, y es por eso que ellos no ten\u00edan que respirar y exhalar profundamente todo el tiempo.<\/p>\n<p>Los del <em>Clan Picanerai<\/em> le pegaron, tambi\u00e9n, y como los del <em>Clan Posorajane<\/em> ellos no ten\u00edan que respirar y exhalar profundamente todo el tiempo.<\/p>\n<p>Los del <em>Clan \u00c9tacori,<\/em> si\u0301, respiraron y exhalaron profundamente todo el tiempo mientras le estaban pegando.<\/p>\n<p><strong><em>Ayoreos perseguidores:<\/em><\/strong><\/p>\n<p>Y <em>Jaboid\u00e9<\/em> dijo: \u201cAhora todos ustedes saben que nuestros antepasados eran hombres valientes que pod\u00edan mandar de regreso a sus enemigos.\u201d<\/p>\n<p>Desde hace mucho tiempo,\u00a0 nosotros, los ayoreos, hemos sido gente que persegu\u00eda a otros grupos de ayoreos. Y dicen que los guerreros ayor\u00e9os que pueden mandar de regreso a sus enemigos son los verdaderos descendientes de los primeros guerreros que viv\u00edan muchos a\u00f1os atr\u00e1s.<\/p>\n<p>Se dice que el guerrero que puede mantener la calma durante la batalla es mejor guerrero que el que se agita.<\/p>\n<p>Los ayoreos que fueron perseguidos en la selva por otros grupos de ayoreos, sabiendo la ferocidad del ayor\u00e9, hu\u00edan de ellos.<\/p>\n<p>Y <em>Jaboid\u00e9<\/em> dijo: \u201cAhora ustedes saben que los <em>Picanerane<\/em> fueron los que persegu\u00edan sus compa\u00f1eros ayoreos trav\u00e9s de las selvas. Los del <em>Clan Juruminone<\/em>, eran como los <em>Picanerane,<\/em> tambi\u00e9n fueron perseguidores.\u201d<\/p>\n<p>Los antepasados de los <em>Juruminone<\/em> golpearon al <em>Poritai<\/em>, pero igual que otros guerreros, ellos no dejaron que su enojo se saliera.<\/p>\n<p>Aquellos que descendieron de los verdaderos perseguidores fueron llamados <em>*Positodie <\/em>o<em>*Pijositodie<\/em>. No hab\u00eda l\u00edmites de su hostilidad, y ellos persegu\u00edan a sus compa\u00f1eros ayoreos por todas partes de la selva.<\/p>\n<p>De acuerdo a <em>Jaboid\u00e9,<\/em> desde hace mucho tiempo, los <em>clanes Posorajane<\/em>, <em>Picanerane <\/em>y<em> Juruminone<\/em> no ten\u00edan nada de miedo.<\/p>\n<p>Los guerreros ayoreos que persiguieron a los enemigos, fueron los que le pegaron al <em>Poritai<\/em>, pero no lo pudieron vencer debido a que ellos no respiraron y exhalaron profundamente.<\/p>\n<p>Todas estas cosas fueron factores en el desarrollo de los guerreros de la tribu ayor\u00e9, de acuerdo a <em>Jaboid\u00e9<\/em>. Este es el final y yo no s\u00e9 nada m\u00e1s en relaci\u00f3n con el tema.<\/p>\n<p><em>Oid\u00e1biad\u00e9 \u2013 Campo Loro, Paraguay \u2013 1988.<\/em><\/p>\n<p><em>Transcrito por: Maxine Morarie. <\/em><\/p>\n<p><em>Traducido al espa\u00f1ol por: Julia Morarie.<\/em><\/p>\n<div class=\"navigation\"><div class=\"alignleft\"><a href=\"https:\/\/ayore.org\/es\/cultura\/tradiciones-orales\/oidabiade-nuestros-antepasados-temian-la-lluvia-caida\/\"title=\"Oida\u0301biade\u0301 &#8211; Nuestro antepasado tem\u00eda &#8216;Guei Basui&#8217;\"><img loading=\"lazy\" decoding=\"async\" src=\"https:\/\/ayore.org\/wp-content\/uploads\/2018\/10\/left-arrow.png\" width=\"50\" height=\"48\" alt=\"left arrow\"><\/a><\/div><div class=\"alignright\"><a href=\"https:\/\/ayore.org\/es\/cultura\/tradiciones-orales\/oidabiade-los-caminos-de-la-lluvia-la-bendicion-proviene-de-contar-la-historia\/\"title=\"Oid\u00e1biad\u00e9 &#8211; La bendicio\u0301n proviene de contar la historia &#8211; La Estacio\u0301n de Lluvia\"><img loading=\"lazy\" decoding=\"async\" src=\"https:\/\/ayore.org\/wp-content\/uploads\/2018\/10\/right-arrow.png\" width=\"50\" height=\"48\" alt=\"right arrow\"><\/a><\/div>\n","protected":false},"excerpt":{"rendered":"<p>Jnu \u00c3ri Aj\u00edes molidos Los aj\u00edes son la comida que hace que los guerreros se vuelven feroces. Hace mucho tiempo la lib\u00e9lula (*Jnaguto\u0301) estamp\u00f3 sus patas, pis\u00f3 un aj\u00ed, y lo dej\u00f3 en polvo. Desde entonces comenzaron a moler los<\/p>\n","protected":false},"author":2,"featured_media":0,"parent":296,"menu_order":0,"comment_status":"closed","ping_status":"closed","template":"","meta":{"footnotes":""},"class_list":["post-474","page","type-page","status-publish","hentry"],"yoast_head":"<!-- This site is optimized with the Yoast SEO plugin v27.4 - https:\/\/yoast.com\/product\/yoast-seo-wordpress\/ -->\n<title>Ayore\u0301 Tradicion Oral: Lib\u00e9lula Pate\u00f3 Su Pie \u2022 Ayore.org<\/title>\n<meta name=\"robots\" content=\"index, follow, max-snippet:-1, max-image-preview:large, max-video-preview:-1\" \/>\n<link rel=\"canonical\" href=\"https:\/\/ayore.org\/es\/cultura\/tradiciones-orales\/oidabiade-libelula-pateo-su-pie\/\" \/>\n<meta property=\"og:locale\" content=\"es_ES\" \/>\n<meta property=\"og:type\" content=\"article\" \/>\n<meta property=\"og:title\" content=\"Ayore\u0301 Tradicion Oral: Lib\u00e9lula Pate\u00f3 Su Pie \u2022 Ayore.org\" \/>\n<meta property=\"og:description\" content=\"Jnu \u00c3ri Aj\u00edes molidos Los aj\u00edes son la comida que hace que los guerreros se vuelven feroces. Hace mucho tiempo la lib\u00e9lula (*Jnaguto\u0301) estamp\u00f3 sus patas, pis\u00f3 un aj\u00ed, y lo dej\u00f3 en polvo. Desde entonces comenzaron a moler los\" \/>\n<meta property=\"og:url\" content=\"https:\/\/ayore.org\/es\/cultura\/tradiciones-orales\/oidabiade-libelula-pateo-su-pie\/\" \/>\n<meta property=\"og:site_name\" content=\"AYORE.ORG\" \/>\n<meta property=\"article:modified_time\" content=\"2019-03-13T19:37:27+00:00\" \/>\n<meta name=\"twitter:card\" content=\"summary_large_image\" \/>\n<meta name=\"twitter:label1\" content=\"Tiempo de lectura\" \/>\n\t<meta name=\"twitter:data1\" content=\"7 minutos\" \/>\n<script type=\"application\/ld+json\" class=\"yoast-schema-graph\">{\"@context\":\"https:\\\/\\\/schema.org\",\"@graph\":[{\"@type\":\"WebPage\",\"@id\":\"https:\\\/\\\/ayore.org\\\/es\\\/cultura\\\/tradiciones-orales\\\/oidabiade-libelula-pateo-su-pie\\\/\",\"url\":\"https:\\\/\\\/ayore.org\\\/es\\\/cultura\\\/tradiciones-orales\\\/oidabiade-libelula-pateo-su-pie\\\/\",\"name\":\"Ayore\u0301 Tradicion Oral: Lib\u00e9lula Pate\u00f3 Su Pie \u2022 Ayore.org\",\"isPartOf\":{\"@id\":\"https:\\\/\\\/ayore.org\\\/#website\"},\"datePublished\":\"2018-07-27T02:29:53+00:00\",\"dateModified\":\"2019-03-13T19:37:27+00:00\",\"breadcrumb\":{\"@id\":\"https:\\\/\\\/ayore.org\\\/es\\\/cultura\\\/tradiciones-orales\\\/oidabiade-libelula-pateo-su-pie\\\/#breadcrumb\"},\"inLanguage\":\"es-AR\",\"potentialAction\":[{\"@type\":\"ReadAction\",\"target\":[\"https:\\\/\\\/ayore.org\\\/es\\\/cultura\\\/tradiciones-orales\\\/oidabiade-libelula-pateo-su-pie\\\/\"]}]},{\"@type\":\"BreadcrumbList\",\"@id\":\"https:\\\/\\\/ayore.org\\\/es\\\/cultura\\\/tradiciones-orales\\\/oidabiade-libelula-pateo-su-pie\\\/#breadcrumb\",\"itemListElement\":[{\"@type\":\"ListItem\",\"position\":1,\"name\":\"Inicio\",\"item\":\"https:\\\/\\\/ayore.org\\\/es\\\/\"},{\"@type\":\"ListItem\",\"position\":2,\"name\":\"Cultura\",\"item\":\"https:\\\/\\\/ayore.org\\\/es\\\/cultura\\\/\"},{\"@type\":\"ListItem\",\"position\":3,\"name\":\"Tradiciones Orales\",\"item\":\"https:\\\/\\\/ayore.org\\\/es\\\/cultura\\\/tradiciones-orales\\\/\"},{\"@type\":\"ListItem\",\"position\":4,\"name\":\"Oid\u00e1biad\u00e9 &#8211; Libe\u0301lula estampo\u0301 su pie\"}]},{\"@type\":\"WebSite\",\"@id\":\"https:\\\/\\\/ayore.org\\\/#website\",\"url\":\"https:\\\/\\\/ayore.org\\\/\",\"name\":\"AYORE.ORG\",\"description\":\"Idioma, Cultura e Historia de la Tribu Ayor\u00e9\",\"potentialAction\":[{\"@type\":\"SearchAction\",\"target\":{\"@type\":\"EntryPoint\",\"urlTemplate\":\"https:\\\/\\\/ayore.org\\\/?s={search_term_string}\"},\"query-input\":{\"@type\":\"PropertyValueSpecification\",\"valueRequired\":true,\"valueName\":\"search_term_string\"}}],\"inLanguage\":\"es-AR\"}]}<\/script>\n<!-- \/ Yoast SEO plugin. -->","yoast_head_json":{"title":"Ayore\u0301 Tradicion Oral: Lib\u00e9lula Pate\u00f3 Su Pie \u2022 Ayore.org","robots":{"index":"index","follow":"follow","max-snippet":"max-snippet:-1","max-image-preview":"max-image-preview:large","max-video-preview":"max-video-preview:-1"},"canonical":"https:\/\/ayore.org\/es\/cultura\/tradiciones-orales\/oidabiade-libelula-pateo-su-pie\/","og_locale":"es_ES","og_type":"article","og_title":"Ayore\u0301 Tradicion Oral: Lib\u00e9lula Pate\u00f3 Su Pie \u2022 Ayore.org","og_description":"Jnu \u00c3ri Aj\u00edes molidos Los aj\u00edes son la comida que hace que los guerreros se vuelven feroces. Hace mucho tiempo la lib\u00e9lula (*Jnaguto\u0301) estamp\u00f3 sus patas, pis\u00f3 un aj\u00ed, y lo dej\u00f3 en polvo. Desde entonces comenzaron a moler los","og_url":"https:\/\/ayore.org\/es\/cultura\/tradiciones-orales\/oidabiade-libelula-pateo-su-pie\/","og_site_name":"AYORE.ORG","article_modified_time":"2019-03-13T19:37:27+00:00","twitter_card":"summary_large_image","twitter_misc":{"Tiempo de lectura":"7 minutos"},"schema":{"@context":"https:\/\/schema.org","@graph":[{"@type":"WebPage","@id":"https:\/\/ayore.org\/es\/cultura\/tradiciones-orales\/oidabiade-libelula-pateo-su-pie\/","url":"https:\/\/ayore.org\/es\/cultura\/tradiciones-orales\/oidabiade-libelula-pateo-su-pie\/","name":"Ayore\u0301 Tradicion Oral: Lib\u00e9lula Pate\u00f3 Su Pie \u2022 Ayore.org","isPartOf":{"@id":"https:\/\/ayore.org\/#website"},"datePublished":"2018-07-27T02:29:53+00:00","dateModified":"2019-03-13T19:37:27+00:00","breadcrumb":{"@id":"https:\/\/ayore.org\/es\/cultura\/tradiciones-orales\/oidabiade-libelula-pateo-su-pie\/#breadcrumb"},"inLanguage":"es-AR","potentialAction":[{"@type":"ReadAction","target":["https:\/\/ayore.org\/es\/cultura\/tradiciones-orales\/oidabiade-libelula-pateo-su-pie\/"]}]},{"@type":"BreadcrumbList","@id":"https:\/\/ayore.org\/es\/cultura\/tradiciones-orales\/oidabiade-libelula-pateo-su-pie\/#breadcrumb","itemListElement":[{"@type":"ListItem","position":1,"name":"Inicio","item":"https:\/\/ayore.org\/es\/"},{"@type":"ListItem","position":2,"name":"Cultura","item":"https:\/\/ayore.org\/es\/cultura\/"},{"@type":"ListItem","position":3,"name":"Tradiciones Orales","item":"https:\/\/ayore.org\/es\/cultura\/tradiciones-orales\/"},{"@type":"ListItem","position":4,"name":"Oid\u00e1biad\u00e9 &#8211; Libe\u0301lula estampo\u0301 su pie"}]},{"@type":"WebSite","@id":"https:\/\/ayore.org\/#website","url":"https:\/\/ayore.org\/","name":"AYORE.ORG","description":"Idioma, Cultura e Historia de la Tribu Ayor\u00e9","potentialAction":[{"@type":"SearchAction","target":{"@type":"EntryPoint","urlTemplate":"https:\/\/ayore.org\/?s={search_term_string}"},"query-input":{"@type":"PropertyValueSpecification","valueRequired":true,"valueName":"search_term_string"}}],"inLanguage":"es-AR"}]}},"_links":{"self":[{"href":"https:\/\/ayore.org\/es\/wp-json\/wp\/v2\/pages\/474","targetHints":{"allow":["GET"]}}],"collection":[{"href":"https:\/\/ayore.org\/es\/wp-json\/wp\/v2\/pages"}],"about":[{"href":"https:\/\/ayore.org\/es\/wp-json\/wp\/v2\/types\/page"}],"author":[{"embeddable":true,"href":"https:\/\/ayore.org\/es\/wp-json\/wp\/v2\/users\/2"}],"replies":[{"embeddable":true,"href":"https:\/\/ayore.org\/es\/wp-json\/wp\/v2\/comments?post=474"}],"version-history":[{"count":3,"href":"https:\/\/ayore.org\/es\/wp-json\/wp\/v2\/pages\/474\/revisions"}],"predecessor-version":[{"id":3449,"href":"https:\/\/ayore.org\/es\/wp-json\/wp\/v2\/pages\/474\/revisions\/3449"}],"up":[{"embeddable":true,"href":"https:\/\/ayore.org\/es\/wp-json\/wp\/v2\/pages\/296"}],"wp:attachment":[{"href":"https:\/\/ayore.org\/es\/wp-json\/wp\/v2\/media?parent=474"}],"curies":[{"name":"wp","href":"https:\/\/api.w.org\/{rel}","templated":true}]}}