{"id":469,"date":"2018-07-27T01:54:30","date_gmt":"2018-07-27T01:54:30","guid":{"rendered":"https:\/\/ayore.org\/?page_id=469"},"modified":"2019-03-11T03:48:46","modified_gmt":"2019-03-11T03:48:46","slug":"oidabiade-nuestros-antepasados-temian-la-lluvia-caida","status":"publish","type":"page","link":"https:\/\/ayore.org\/es\/cultura\/tradiciones-orales\/oidabiade-nuestros-antepasados-temian-la-lluvia-caida\/","title":{"rendered":"Oida\u0301biade\u0301 &#8211; Nuestro antepasado tem\u00eda &#8216;Guei Basui&#8217;"},"content":{"rendered":"<p><em style=\"font-size: 1rem;\">Gue Basui Adode<\/em><\/p>\n<p><strong>La historia de Guei Basui<\/strong><\/p>\n<p><strong><em>Te dir\u00e9 un poco sobre lo que pas\u00f3 con una gota de lluvia que cay\u00f3 del cielo y se hizo humano: <\/em><\/strong><strong><em>\u00a0\u00a0\u00a0\u00a0\u00a0\u00a0\u00a0\u00a0\u00a0\u00a0\u00a0<\/em><\/strong><\/p>\n<p>Dicen que uno de nuestros antepasados \u200b\u200bfue a la selva para cazar miel, y se encontro\u0301 con un muchacho, pero lo que oyo\u0301 era la lluvia.<\/p>\n<p>\u00c9l empez\u00f3 a ir hacia el muchacho, pero entonces oy\u00f3 el ruido de la lluvia, y por miedo, se qued\u00f3 donde estaba. Eso es porque tem\u00eda lo que vio cuando mir\u00f3 haci\u0301a el muchacho que se llamaba\u00a0<em>Gue Basui<\/em>.<\/p>\n<p>El hombre, nuestro antepasado, sacudi\u00f3 su cabeza y agarr\u00f3 su pelo que estaba amarrado en una <em>cola de caballo<\/em>, y lo meti\u00f3 para abajo. Cuando un hombre ayoreo mete su <em>cola de caballo<\/em> para abajo quiere decir que ha dominado su miedo. \u00c9l dijo: \u201cSuena a lluvia pero no llueve.&#8221; Y seguio\u0301 metiendo su\u00a0<em>cola de caballo\u00a0<\/em>para abajo.<\/p>\n<p>Y con eso se acerco\u0301 a <em>Gue Basui<\/em> que estaba bajo el \u00e1rbol que hab\u00eda golpeado con un rayo. Dicen que hab\u00eda acompan\u0303ado a un rayo cuando vino a la tierra.<\/p>\n<p>El hombre lo llevo\u0301 al campamento a<em> Gue Basui<\/em>.<\/p>\n<p>Un d\u00eda, tom\u00f3 <em>Gue Basui<\/em> con \u00e9l para cazar miel. Mientras \u00e9l estaba cortando en un \u00e1rbol para conseguir la miel, se puso muy sediento y exclamo\u0301, diciendo: &#8220;\u00a1Giiiiiii!\u00a0 que estoy tan sediento!&#8221;<\/p>\n<p>Dicen que<em> Gue Basui<\/em>\u00a0fue a buscar <em>chic\u00f5ri, <\/em>una planta que retiene agua. Desenterro\u0301 un pequen\u0303o <em>chico\u0303ri<\/em>, y en el proceso, le dio\u0301 sed, tambie\u0301n.<\/p>\n<p>El hombre mir\u00f3 hacia abajo para ver lo que estaba haciendo <em>Gue Basui<\/em> . Y \u00e9l lo vio llenar un mate con agua que flu\u00eda de su pelo cuando torci\u00f3 el pelo por encima de las orejas. Lleno\u0301 un mate hecho de calabaza. El hombre vi\u00f3 una plantita acua\u0301tica flotando encima del agua.<\/p>\n<p>El hombre dijo a s\u00ed mismo: \u201cEstoy con algo sobrenatural.\u201d (Lo sab\u00eda porque no hab\u00eda s\u00f3lo agua en el mate, pero tambi\u00e9n hab\u00eda una planta que s\u00f3lo se encuentra en la parte superior de los lagos y r\u00edos.)<\/p>\n<p>Cuando regres\u00f3 al campamento, dijo a su esposa: &#8220;He estado con un ser sobrenatural.\u201d<\/p>\n<p>La pr\u00f3xima vez que \u00e9l se fue de caza, se fue con otros hombres, pero dej\u00f3 a <em>Gue Basui<\/em> en el campamento, pero a medida que iba, pensaba: &#8216;He cometido un error.&#8217;<\/p>\n<p>El hombre dijo a sus compa\u00f1eros de caza: &#8220;Creo que he cometido un gran error. Dejando al muchacho en el campamento podr\u00eda ser muy perjudicial para ustedes&#8221;.<\/p>\n<p><strong><em>Los ni\u00f1os del campamento se burlaban de Gue Basui:<\/em><\/strong><\/p>\n<p>Al verse solo en el campamento, <em>Gue Basui<\/em> comenz\u00f3 a hacer una casa para s\u00ed mismo. Mientras trabajaba los ni\u00f1os empezaron a tirarle con cosas y burlarse de e\u0301l.<\/p>\n<p>Ellos dijeron: &#8220;De ese <em>Gue Basui<\/em> salen rayos. Solamente tiene que levantar sus brazos y el rel\u00e1mpago sale de sus axilas.\u201d<\/p>\n<p>Pero \u00e9l sigui\u00f3 la construcci\u00f3n de su casa y no les prest\u00f3 atenci\u00f3n. Cuando termin\u00f3 su casa, \u00e9l trajo los que \u00e9l quer\u00eda proteger a la casa. Cuando estuvieron a salvo en la casa, \u00e9l trajo da\u00f1o a los de fuera. A los que lo habi\u0301an lastimado, lanzando proye\u0301ctiles contra e\u0301l, fuerron arrojados lejos de su casa.<\/p>\n<p>E inmediatamente aquellos se transformaron en ranas: los hombres fueron transformados en ranas y las mujeres en sapos; los muchachos y las muchacha fueron transformados en varios tipos de ranas peque\u00f1as, incluso los beb\u00e9s. Los que <em>Gue Basui<\/em> ech\u00f3 de su casa, se convirtieron en habitantes acu\u00e1ticos, lamentandose en el agua.<\/p>\n<p>Despu\u00e9s,\u00a0<em>Gue Basui<\/em> fue llevado de vuelta hacia el cielo por un rayo de calor.<\/p>\n<p>Este es el final de la parte de la historia que conozco.<\/p>\n<p><em>Oid\u00e1biad\u00e9 \u2013 Campo Loro, Paraguay \u2013 1988.<\/em><\/p>\n<p><em>Transcrito y traducido al espa\u00f1ol por: Maxine Morarie.<\/em><\/p>\n<div class=\"navigation\"><div class=\"alignleft\"><a href=\"https:\/\/ayore.org\/es\/cultura\/tradiciones-orales\/oidabiade-jugando-con-la-suciedad-del-hormiguero\/\"title=\"Oida\u0301biade\u0301 &#8211; Jugando con la tierra de una colina de hormigas\"><img loading=\"lazy\" decoding=\"async\" src=\"https:\/\/ayore.org\/wp-content\/uploads\/2018\/10\/left-arrow.png\" width=\"50\" height=\"48\" alt=\"left arrow\"><\/a><\/div><div class=\"alignright\"><a href=\"https:\/\/ayore.org\/es\/cultura\/tradiciones-orales\/oidabiade-libelula-pateo-su-pie\/\"title=\"Oid\u00e1biad\u00e9 &#8211; Libe\u0301lula estampo\u0301 su pie\"><img loading=\"lazy\" decoding=\"async\" src=\"https:\/\/ayore.org\/wp-content\/uploads\/2018\/10\/right-arrow.png\" width=\"50\" height=\"48\" alt=\"right arrow\"><\/a><\/div>\n","protected":false},"excerpt":{"rendered":"<p>Gue Basui Adode La historia de Guei Basui Te dir\u00e9 un poco sobre lo que pas\u00f3 con una gota de lluvia que cay\u00f3 del cielo y se hizo humano: \u00a0\u00a0\u00a0\u00a0\u00a0\u00a0\u00a0\u00a0\u00a0\u00a0\u00a0 Dicen que uno de nuestros antepasados \u200b\u200bfue a la selva<\/p>\n","protected":false},"author":2,"featured_media":0,"parent":296,"menu_order":0,"comment_status":"closed","ping_status":"closed","template":"","meta":{"footnotes":""},"class_list":["post-469","page","type-page","status-publish","hentry"],"yoast_head":"<!-- This site is optimized with the Yoast SEO plugin v27.4 - https:\/\/yoast.com\/product\/yoast-seo-wordpress\/ -->\n<title>Ayore\u0301 Tradicion Oral: Nuestros Antepasados Tem\u00edan La Lluvia Ca\u00edda \u2022 Ayore.org<\/title>\n<meta name=\"robots\" content=\"index, follow, max-snippet:-1, max-image-preview:large, max-video-preview:-1\" \/>\n<link rel=\"canonical\" href=\"https:\/\/ayore.org\/es\/cultura\/tradiciones-orales\/oidabiade-nuestros-antepasados-temian-la-lluvia-caida\/\" \/>\n<meta property=\"og:locale\" content=\"es_ES\" \/>\n<meta property=\"og:type\" content=\"article\" \/>\n<meta property=\"og:title\" content=\"Ayore\u0301 Tradicion Oral: Nuestros Antepasados Tem\u00edan La Lluvia Ca\u00edda \u2022 Ayore.org\" \/>\n<meta property=\"og:description\" content=\"Gue Basui Adode La historia de Guei Basui Te dir\u00e9 un poco sobre lo que pas\u00f3 con una gota de lluvia que cay\u00f3 del cielo y se hizo humano: \u00a0\u00a0\u00a0\u00a0\u00a0\u00a0\u00a0\u00a0\u00a0\u00a0\u00a0 Dicen que uno de nuestros antepasados \u200b\u200bfue a la selva\" \/>\n<meta property=\"og:url\" content=\"https:\/\/ayore.org\/es\/cultura\/tradiciones-orales\/oidabiade-nuestros-antepasados-temian-la-lluvia-caida\/\" \/>\n<meta property=\"og:site_name\" content=\"AYORE.ORG\" \/>\n<meta property=\"article:modified_time\" content=\"2019-03-11T03:48:46+00:00\" \/>\n<meta name=\"twitter:card\" content=\"summary_large_image\" \/>\n<meta name=\"twitter:label1\" content=\"Tiempo de lectura\" \/>\n\t<meta name=\"twitter:data1\" content=\"3 minutos\" \/>\n<script type=\"application\/ld+json\" class=\"yoast-schema-graph\">{\"@context\":\"https:\\\/\\\/schema.org\",\"@graph\":[{\"@type\":\"WebPage\",\"@id\":\"https:\\\/\\\/ayore.org\\\/es\\\/cultura\\\/tradiciones-orales\\\/oidabiade-nuestros-antepasados-temian-la-lluvia-caida\\\/\",\"url\":\"https:\\\/\\\/ayore.org\\\/es\\\/cultura\\\/tradiciones-orales\\\/oidabiade-nuestros-antepasados-temian-la-lluvia-caida\\\/\",\"name\":\"Ayore\u0301 Tradicion Oral: Nuestros Antepasados Tem\u00edan La Lluvia Ca\u00edda \u2022 Ayore.org\",\"isPartOf\":{\"@id\":\"https:\\\/\\\/ayore.org\\\/#website\"},\"datePublished\":\"2018-07-27T01:54:30+00:00\",\"dateModified\":\"2019-03-11T03:48:46+00:00\",\"breadcrumb\":{\"@id\":\"https:\\\/\\\/ayore.org\\\/es\\\/cultura\\\/tradiciones-orales\\\/oidabiade-nuestros-antepasados-temian-la-lluvia-caida\\\/#breadcrumb\"},\"inLanguage\":\"es-AR\",\"potentialAction\":[{\"@type\":\"ReadAction\",\"target\":[\"https:\\\/\\\/ayore.org\\\/es\\\/cultura\\\/tradiciones-orales\\\/oidabiade-nuestros-antepasados-temian-la-lluvia-caida\\\/\"]}]},{\"@type\":\"BreadcrumbList\",\"@id\":\"https:\\\/\\\/ayore.org\\\/es\\\/cultura\\\/tradiciones-orales\\\/oidabiade-nuestros-antepasados-temian-la-lluvia-caida\\\/#breadcrumb\",\"itemListElement\":[{\"@type\":\"ListItem\",\"position\":1,\"name\":\"Inicio\",\"item\":\"https:\\\/\\\/ayore.org\\\/es\\\/\"},{\"@type\":\"ListItem\",\"position\":2,\"name\":\"Cultura\",\"item\":\"https:\\\/\\\/ayore.org\\\/es\\\/cultura\\\/\"},{\"@type\":\"ListItem\",\"position\":3,\"name\":\"Tradiciones Orales\",\"item\":\"https:\\\/\\\/ayore.org\\\/es\\\/cultura\\\/tradiciones-orales\\\/\"},{\"@type\":\"ListItem\",\"position\":4,\"name\":\"Oida\u0301biade\u0301 &#8211; Nuestro antepasado tem\u00eda &#8216;Guei Basui&#8217;\"}]},{\"@type\":\"WebSite\",\"@id\":\"https:\\\/\\\/ayore.org\\\/#website\",\"url\":\"https:\\\/\\\/ayore.org\\\/\",\"name\":\"AYORE.ORG\",\"description\":\"Idioma, Cultura e Historia de la Tribu Ayor\u00e9\",\"potentialAction\":[{\"@type\":\"SearchAction\",\"target\":{\"@type\":\"EntryPoint\",\"urlTemplate\":\"https:\\\/\\\/ayore.org\\\/?s={search_term_string}\"},\"query-input\":{\"@type\":\"PropertyValueSpecification\",\"valueRequired\":true,\"valueName\":\"search_term_string\"}}],\"inLanguage\":\"es-AR\"}]}<\/script>\n<!-- \/ Yoast SEO plugin. -->","yoast_head_json":{"title":"Ayore\u0301 Tradicion Oral: Nuestros Antepasados Tem\u00edan La Lluvia Ca\u00edda \u2022 Ayore.org","robots":{"index":"index","follow":"follow","max-snippet":"max-snippet:-1","max-image-preview":"max-image-preview:large","max-video-preview":"max-video-preview:-1"},"canonical":"https:\/\/ayore.org\/es\/cultura\/tradiciones-orales\/oidabiade-nuestros-antepasados-temian-la-lluvia-caida\/","og_locale":"es_ES","og_type":"article","og_title":"Ayore\u0301 Tradicion Oral: Nuestros Antepasados Tem\u00edan La Lluvia Ca\u00edda \u2022 Ayore.org","og_description":"Gue Basui Adode La historia de Guei Basui Te dir\u00e9 un poco sobre lo que pas\u00f3 con una gota de lluvia que cay\u00f3 del cielo y se hizo humano: \u00a0\u00a0\u00a0\u00a0\u00a0\u00a0\u00a0\u00a0\u00a0\u00a0\u00a0 Dicen que uno de nuestros antepasados \u200b\u200bfue a la selva","og_url":"https:\/\/ayore.org\/es\/cultura\/tradiciones-orales\/oidabiade-nuestros-antepasados-temian-la-lluvia-caida\/","og_site_name":"AYORE.ORG","article_modified_time":"2019-03-11T03:48:46+00:00","twitter_card":"summary_large_image","twitter_misc":{"Tiempo de lectura":"3 minutos"},"schema":{"@context":"https:\/\/schema.org","@graph":[{"@type":"WebPage","@id":"https:\/\/ayore.org\/es\/cultura\/tradiciones-orales\/oidabiade-nuestros-antepasados-temian-la-lluvia-caida\/","url":"https:\/\/ayore.org\/es\/cultura\/tradiciones-orales\/oidabiade-nuestros-antepasados-temian-la-lluvia-caida\/","name":"Ayore\u0301 Tradicion Oral: Nuestros Antepasados Tem\u00edan La Lluvia Ca\u00edda \u2022 Ayore.org","isPartOf":{"@id":"https:\/\/ayore.org\/#website"},"datePublished":"2018-07-27T01:54:30+00:00","dateModified":"2019-03-11T03:48:46+00:00","breadcrumb":{"@id":"https:\/\/ayore.org\/es\/cultura\/tradiciones-orales\/oidabiade-nuestros-antepasados-temian-la-lluvia-caida\/#breadcrumb"},"inLanguage":"es-AR","potentialAction":[{"@type":"ReadAction","target":["https:\/\/ayore.org\/es\/cultura\/tradiciones-orales\/oidabiade-nuestros-antepasados-temian-la-lluvia-caida\/"]}]},{"@type":"BreadcrumbList","@id":"https:\/\/ayore.org\/es\/cultura\/tradiciones-orales\/oidabiade-nuestros-antepasados-temian-la-lluvia-caida\/#breadcrumb","itemListElement":[{"@type":"ListItem","position":1,"name":"Inicio","item":"https:\/\/ayore.org\/es\/"},{"@type":"ListItem","position":2,"name":"Cultura","item":"https:\/\/ayore.org\/es\/cultura\/"},{"@type":"ListItem","position":3,"name":"Tradiciones Orales","item":"https:\/\/ayore.org\/es\/cultura\/tradiciones-orales\/"},{"@type":"ListItem","position":4,"name":"Oida\u0301biade\u0301 &#8211; Nuestro antepasado tem\u00eda &#8216;Guei Basui&#8217;"}]},{"@type":"WebSite","@id":"https:\/\/ayore.org\/#website","url":"https:\/\/ayore.org\/","name":"AYORE.ORG","description":"Idioma, Cultura e Historia de la Tribu Ayor\u00e9","potentialAction":[{"@type":"SearchAction","target":{"@type":"EntryPoint","urlTemplate":"https:\/\/ayore.org\/?s={search_term_string}"},"query-input":{"@type":"PropertyValueSpecification","valueRequired":true,"valueName":"search_term_string"}}],"inLanguage":"es-AR"}]}},"_links":{"self":[{"href":"https:\/\/ayore.org\/es\/wp-json\/wp\/v2\/pages\/469","targetHints":{"allow":["GET"]}}],"collection":[{"href":"https:\/\/ayore.org\/es\/wp-json\/wp\/v2\/pages"}],"about":[{"href":"https:\/\/ayore.org\/es\/wp-json\/wp\/v2\/types\/page"}],"author":[{"embeddable":true,"href":"https:\/\/ayore.org\/es\/wp-json\/wp\/v2\/users\/2"}],"replies":[{"embeddable":true,"href":"https:\/\/ayore.org\/es\/wp-json\/wp\/v2\/comments?post=469"}],"version-history":[{"count":5,"href":"https:\/\/ayore.org\/es\/wp-json\/wp\/v2\/pages\/469\/revisions"}],"predecessor-version":[{"id":3443,"href":"https:\/\/ayore.org\/es\/wp-json\/wp\/v2\/pages\/469\/revisions\/3443"}],"up":[{"embeddable":true,"href":"https:\/\/ayore.org\/es\/wp-json\/wp\/v2\/pages\/296"}],"wp:attachment":[{"href":"https:\/\/ayore.org\/es\/wp-json\/wp\/v2\/media?parent=469"}],"curies":[{"name":"wp","href":"https:\/\/api.w.org\/{rel}","templated":true}]}}