{"id":459,"date":"2018-07-27T01:40:04","date_gmt":"2018-07-27T01:40:04","guid":{"rendered":"https:\/\/ayore.org\/?page_id=459"},"modified":"2019-03-09T04:05:38","modified_gmt":"2019-03-09T04:05:38","slug":"oidabiade-pajaro-grande-descubrio-la-temporada-de-lluvias","status":"publish","type":"page","link":"https:\/\/ayore.org\/es\/cultura\/tradiciones-orales\/oidabiade-pajaro-grande-descubrio-la-temporada-de-lluvias\/","title":{"rendered":"Oida\u0301biade\u0301 &#8211; P\u00e1jaro Grande descubri\u00f3 la temporada de lluvias"},"content":{"rendered":"<p><em>Chug\u00fape\u0303redatei Chise Siquer\u00e9 Diringai<\/em><\/p>\n<p><strong>Los descubrimientos de Pa\u0301jaro Grande:<\/strong><\/p>\n<div id=\"main\">\n<div id=\"cnt\" class=\" mdm\">\n<div class=\"mw\">\n<div id=\"rcnt\">\n<div class=\"col\">\n<div id=\"center_col\">\n<div id=\"res\" class=\"med\" role=\"main\">\n<div id=\"search\">\n<div data-ved=\"0ahUKEwjL-4vikfTgAhWI24MKHWcAC-8QGggp\">\n<div id=\"ires\" data-async-context=\"query:translate%20english%20to%20spanish\">\n<div id=\"rso\">\n<div class=\"bkWMgd\">\n<div class=\"g knavi obcontainer mod\" data-ved=\"2ahUKEwjL-4vikfTgAhWI24MKHWcAC-8QkCkwAHoECAEQAA\" data-hveid=\"CAEQAA\" data-md=\"77\">\n<div data-hveid=\"CAEQAQ\">\n<div id=\"tw-container\" class=\"vk_c\" data-ulf=\"1\" data-uilc=\"en\" data-sm=\"1\" data-nttsd=\"1\" data-nnttsvi=\"1\" data-exp=\"1\" data-cp=\"1\">\n<div id=\"uid_2\" class=\"r-iBJKYWal6JNo xpdbox xpdclose\">\n<div class=\"vk_bk r-iCge9dyJFGQE\">\n<div id=\"tw-ob\">\n<div class=\"oSioSc\">\n<div id=\"tw-target\">\n<div id=\"tw-target-text-container\" class=\"gsrt tw-ta-container tw-nfl\">\n<pre id=\"tw-target-text\" class=\"tw-data-text tw-ta tw-text-small\" dir=\"ltr\" data-placeholder=\"Translation\" data-fulltext=\"\"><span lang=\"es\" tabindex=\"0\">Dicen que fue '<span lang=\"es\" tabindex=\"0\">Pa\u0301jaro<\/span> Grande' quien encontr\u00f3 la temporada de lluvias hace mucho tiempo al principio. Pero con la temporada de lluvias, Pa\u0301jaro Grande descubri\u00f3 un nuevo brote de calabaza. Y tambi\u00e9n descubri\u00f3 brotes de sand\u00eda, brotes de zapallos, brotes de ma\u00edz y brotes de frijoles, y luego fue <span lang=\"es\" tabindex=\"0\">Pa\u0301jaro <\/span>Grande que comenz\u00f3 a limpiar la tierra para plantar estos brotes.\n\nEntonces fue que se fue a su campo. Y afirman que estas cosas se originaron con <span lang=\"es\" tabindex=\"0\">Pa\u0301jaro<\/span> Grande cuando las plant\u00f3 en su campo.\n\nY as\u00ed fue como los hombres de anta\u00f1o vieron estas cosas y sab\u00edan que es la temporada de lluvias en la que surgen las semillas. Nuestros antepasados \u200b\u200bluego contaron estas historias sobre lo que sucedi\u00f3 en la temporada de lluvias para que las cosas que plantaron no se quedaran en el suelo, sino que surgieran.\n\nLas cosas relacionadas con la primavera se producen debido a la temporada de lluvias que fue descubierto por <span lang=\"es\" tabindex=\"0\">Pa\u0301jaro<\/span> Grande, y debido a la temporada de lluvias la siembra no es en vano.<\/span><\/pre>\n<\/div>\n<\/div>\n<\/div>\n<\/div>\n<\/div>\n<\/div>\n<\/div>\n<\/div>\n<\/div>\n<\/div>\n<\/div>\n<\/div>\n<\/div>\n<\/div>\n<\/div>\n<\/div>\n<\/div>\n<\/div>\n<\/div>\n<\/div>\n<\/div>\n<p><em>Oid\u00e1biad\u00e9 \u2013 Campo Loro, Paraguay \u2013 1988.<\/em><\/p>\n<p><em>Transcrito y traducido al espa\u00f1ol por: Maxine Morarie.<\/em><\/p>\n<div class=\"navigation\"><div class=\"alignleft\"><a href=\"https:\/\/ayore.org\/es\/cultura\/tradiciones-orales\/\"title=\"Tradiciones Orales\"><img loading=\"lazy\" decoding=\"async\" src=\"https:\/\/ayore.org\/wp-content\/uploads\/2018\/10\/left-arrow.png\" width=\"50\" height=\"48\" alt=\"left arrow\"><\/a><\/div><div class=\"alignright\"><a href=\"https:\/\/ayore.org\/es\/cultura\/tradiciones-orales\/manuelne-dachagaide-era-un-hombre-muy-malo\/\"title=\"Manuelne\u0301 &#8211; Dachagaide era un hombre muy malo\"><img loading=\"lazy\" decoding=\"async\" src=\"https:\/\/ayore.org\/wp-content\/uploads\/2018\/10\/right-arrow.png\" width=\"50\" height=\"48\" alt=\"right arrow\"><\/a><\/div>\n","protected":false},"excerpt":{"rendered":"<p>Chug\u00fape\u0303redatei Chise Siquer\u00e9 Diringai Los descubrimientos de Pa\u0301jaro Grande: Dicen que fue &#8216;Pa\u0301jaro Grande&#8217; quien encontr\u00f3 la temporada de lluvias hace mucho tiempo al principio. Pero con la temporada de lluvias, Pa\u0301jaro Grande descubri\u00f3 un nuevo brote de calabaza. Y<\/p>\n","protected":false},"author":2,"featured_media":0,"parent":296,"menu_order":0,"comment_status":"closed","ping_status":"closed","template":"","meta":{"footnotes":""},"class_list":["post-459","page","type-page","status-publish","hentry"],"yoast_head":"<!-- This site is optimized with the Yoast SEO plugin v27.4 - https:\/\/yoast.com\/product\/yoast-seo-wordpress\/ -->\n<title>Ayore\u0301 Tradicion Oral: P\u00e1jaro Grande Descubri\u00f3 La Temporada De Lluvias \u2022 Ayore.org<\/title>\n<meta name=\"robots\" content=\"index, follow, max-snippet:-1, max-image-preview:large, max-video-preview:-1\" \/>\n<link rel=\"canonical\" href=\"https:\/\/ayore.org\/es\/cultura\/tradiciones-orales\/oidabiade-pajaro-grande-descubrio-la-temporada-de-lluvias\/\" \/>\n<meta property=\"og:locale\" content=\"es_ES\" \/>\n<meta property=\"og:type\" content=\"article\" \/>\n<meta property=\"og:title\" content=\"Ayore\u0301 Tradicion Oral: P\u00e1jaro Grande Descubri\u00f3 La Temporada De Lluvias \u2022 Ayore.org\" \/>\n<meta property=\"og:description\" content=\"Chug\u00fape\u0303redatei Chise Siquer\u00e9 Diringai Los descubrimientos de Pa\u0301jaro Grande: Dicen que fue &#039;Pa\u0301jaro Grande&#039; quien encontr\u00f3 la temporada de lluvias hace mucho tiempo al principio. Pero con la temporada de lluvias, Pa\u0301jaro Grande descubri\u00f3 un nuevo brote de calabaza. Y\" \/>\n<meta property=\"og:url\" content=\"https:\/\/ayore.org\/es\/cultura\/tradiciones-orales\/oidabiade-pajaro-grande-descubrio-la-temporada-de-lluvias\/\" \/>\n<meta property=\"og:site_name\" content=\"AYORE.ORG\" \/>\n<meta property=\"article:modified_time\" content=\"2019-03-09T04:05:38+00:00\" \/>\n<meta name=\"twitter:card\" content=\"summary_large_image\" \/>\n<meta name=\"twitter:label1\" content=\"Tiempo de lectura\" \/>\n\t<meta name=\"twitter:data1\" content=\"1 minuto\" \/>\n<script type=\"application\/ld+json\" class=\"yoast-schema-graph\">{\"@context\":\"https:\\\/\\\/schema.org\",\"@graph\":[{\"@type\":\"WebPage\",\"@id\":\"https:\\\/\\\/ayore.org\\\/es\\\/cultura\\\/tradiciones-orales\\\/oidabiade-pajaro-grande-descubrio-la-temporada-de-lluvias\\\/\",\"url\":\"https:\\\/\\\/ayore.org\\\/es\\\/cultura\\\/tradiciones-orales\\\/oidabiade-pajaro-grande-descubrio-la-temporada-de-lluvias\\\/\",\"name\":\"Ayore\u0301 Tradicion Oral: P\u00e1jaro Grande Descubri\u00f3 La Temporada De Lluvias \u2022 Ayore.org\",\"isPartOf\":{\"@id\":\"https:\\\/\\\/ayore.org\\\/#website\"},\"datePublished\":\"2018-07-27T01:40:04+00:00\",\"dateModified\":\"2019-03-09T04:05:38+00:00\",\"breadcrumb\":{\"@id\":\"https:\\\/\\\/ayore.org\\\/es\\\/cultura\\\/tradiciones-orales\\\/oidabiade-pajaro-grande-descubrio-la-temporada-de-lluvias\\\/#breadcrumb\"},\"inLanguage\":\"es-AR\",\"potentialAction\":[{\"@type\":\"ReadAction\",\"target\":[\"https:\\\/\\\/ayore.org\\\/es\\\/cultura\\\/tradiciones-orales\\\/oidabiade-pajaro-grande-descubrio-la-temporada-de-lluvias\\\/\"]}]},{\"@type\":\"BreadcrumbList\",\"@id\":\"https:\\\/\\\/ayore.org\\\/es\\\/cultura\\\/tradiciones-orales\\\/oidabiade-pajaro-grande-descubrio-la-temporada-de-lluvias\\\/#breadcrumb\",\"itemListElement\":[{\"@type\":\"ListItem\",\"position\":1,\"name\":\"Inicio\",\"item\":\"https:\\\/\\\/ayore.org\\\/es\\\/\"},{\"@type\":\"ListItem\",\"position\":2,\"name\":\"Cultura\",\"item\":\"https:\\\/\\\/ayore.org\\\/es\\\/cultura\\\/\"},{\"@type\":\"ListItem\",\"position\":3,\"name\":\"Tradiciones Orales\",\"item\":\"https:\\\/\\\/ayore.org\\\/es\\\/cultura\\\/tradiciones-orales\\\/\"},{\"@type\":\"ListItem\",\"position\":4,\"name\":\"Oida\u0301biade\u0301 &#8211; P\u00e1jaro Grande descubri\u00f3 la temporada de lluvias\"}]},{\"@type\":\"WebSite\",\"@id\":\"https:\\\/\\\/ayore.org\\\/#website\",\"url\":\"https:\\\/\\\/ayore.org\\\/\",\"name\":\"AYORE.ORG\",\"description\":\"Idioma, Cultura e Historia de la Tribu Ayor\u00e9\",\"potentialAction\":[{\"@type\":\"SearchAction\",\"target\":{\"@type\":\"EntryPoint\",\"urlTemplate\":\"https:\\\/\\\/ayore.org\\\/?s={search_term_string}\"},\"query-input\":{\"@type\":\"PropertyValueSpecification\",\"valueRequired\":true,\"valueName\":\"search_term_string\"}}],\"inLanguage\":\"es-AR\"}]}<\/script>\n<!-- \/ Yoast SEO plugin. -->","yoast_head_json":{"title":"Ayore\u0301 Tradicion Oral: P\u00e1jaro Grande Descubri\u00f3 La Temporada De Lluvias \u2022 Ayore.org","robots":{"index":"index","follow":"follow","max-snippet":"max-snippet:-1","max-image-preview":"max-image-preview:large","max-video-preview":"max-video-preview:-1"},"canonical":"https:\/\/ayore.org\/es\/cultura\/tradiciones-orales\/oidabiade-pajaro-grande-descubrio-la-temporada-de-lluvias\/","og_locale":"es_ES","og_type":"article","og_title":"Ayore\u0301 Tradicion Oral: P\u00e1jaro Grande Descubri\u00f3 La Temporada De Lluvias \u2022 Ayore.org","og_description":"Chug\u00fape\u0303redatei Chise Siquer\u00e9 Diringai Los descubrimientos de Pa\u0301jaro Grande: Dicen que fue 'Pa\u0301jaro Grande' quien encontr\u00f3 la temporada de lluvias hace mucho tiempo al principio. Pero con la temporada de lluvias, Pa\u0301jaro Grande descubri\u00f3 un nuevo brote de calabaza. Y","og_url":"https:\/\/ayore.org\/es\/cultura\/tradiciones-orales\/oidabiade-pajaro-grande-descubrio-la-temporada-de-lluvias\/","og_site_name":"AYORE.ORG","article_modified_time":"2019-03-09T04:05:38+00:00","twitter_card":"summary_large_image","twitter_misc":{"Tiempo de lectura":"1 minuto"},"schema":{"@context":"https:\/\/schema.org","@graph":[{"@type":"WebPage","@id":"https:\/\/ayore.org\/es\/cultura\/tradiciones-orales\/oidabiade-pajaro-grande-descubrio-la-temporada-de-lluvias\/","url":"https:\/\/ayore.org\/es\/cultura\/tradiciones-orales\/oidabiade-pajaro-grande-descubrio-la-temporada-de-lluvias\/","name":"Ayore\u0301 Tradicion Oral: P\u00e1jaro Grande Descubri\u00f3 La Temporada De Lluvias \u2022 Ayore.org","isPartOf":{"@id":"https:\/\/ayore.org\/#website"},"datePublished":"2018-07-27T01:40:04+00:00","dateModified":"2019-03-09T04:05:38+00:00","breadcrumb":{"@id":"https:\/\/ayore.org\/es\/cultura\/tradiciones-orales\/oidabiade-pajaro-grande-descubrio-la-temporada-de-lluvias\/#breadcrumb"},"inLanguage":"es-AR","potentialAction":[{"@type":"ReadAction","target":["https:\/\/ayore.org\/es\/cultura\/tradiciones-orales\/oidabiade-pajaro-grande-descubrio-la-temporada-de-lluvias\/"]}]},{"@type":"BreadcrumbList","@id":"https:\/\/ayore.org\/es\/cultura\/tradiciones-orales\/oidabiade-pajaro-grande-descubrio-la-temporada-de-lluvias\/#breadcrumb","itemListElement":[{"@type":"ListItem","position":1,"name":"Inicio","item":"https:\/\/ayore.org\/es\/"},{"@type":"ListItem","position":2,"name":"Cultura","item":"https:\/\/ayore.org\/es\/cultura\/"},{"@type":"ListItem","position":3,"name":"Tradiciones Orales","item":"https:\/\/ayore.org\/es\/cultura\/tradiciones-orales\/"},{"@type":"ListItem","position":4,"name":"Oida\u0301biade\u0301 &#8211; P\u00e1jaro Grande descubri\u00f3 la temporada de lluvias"}]},{"@type":"WebSite","@id":"https:\/\/ayore.org\/#website","url":"https:\/\/ayore.org\/","name":"AYORE.ORG","description":"Idioma, Cultura e Historia de la Tribu Ayor\u00e9","potentialAction":[{"@type":"SearchAction","target":{"@type":"EntryPoint","urlTemplate":"https:\/\/ayore.org\/?s={search_term_string}"},"query-input":{"@type":"PropertyValueSpecification","valueRequired":true,"valueName":"search_term_string"}}],"inLanguage":"es-AR"}]}},"_links":{"self":[{"href":"https:\/\/ayore.org\/es\/wp-json\/wp\/v2\/pages\/459","targetHints":{"allow":["GET"]}}],"collection":[{"href":"https:\/\/ayore.org\/es\/wp-json\/wp\/v2\/pages"}],"about":[{"href":"https:\/\/ayore.org\/es\/wp-json\/wp\/v2\/types\/page"}],"author":[{"embeddable":true,"href":"https:\/\/ayore.org\/es\/wp-json\/wp\/v2\/users\/2"}],"replies":[{"embeddable":true,"href":"https:\/\/ayore.org\/es\/wp-json\/wp\/v2\/comments?post=459"}],"version-history":[{"count":4,"href":"https:\/\/ayore.org\/es\/wp-json\/wp\/v2\/pages\/459\/revisions"}],"predecessor-version":[{"id":3417,"href":"https:\/\/ayore.org\/es\/wp-json\/wp\/v2\/pages\/459\/revisions\/3417"}],"up":[{"embeddable":true,"href":"https:\/\/ayore.org\/es\/wp-json\/wp\/v2\/pages\/296"}],"wp:attachment":[{"href":"https:\/\/ayore.org\/es\/wp-json\/wp\/v2\/media?parent=459"}],"curies":[{"name":"wp","href":"https:\/\/api.w.org\/{rel}","templated":true}]}}