{"id":447,"date":"2018-07-25T00:47:50","date_gmt":"2018-07-25T00:47:50","guid":{"rendered":"https:\/\/ayore.org\/?page_id=447"},"modified":"2019-03-08T03:27:11","modified_gmt":"2019-03-08T03:27:11","slug":"oidabiade-todos-los-ayoreos-fueron-una-sola-nacion-en-el-comienzo","status":"publish","type":"page","link":"https:\/\/ayore.org\/es\/cultura\/historia-oral\/oidabiade-todos-los-ayoreos-fueron-una-sola-nacion-en-el-comienzo\/","title":{"rendered":"Oid\u00e1biad\u00e9 &#8211; Todos los ayoreos fueron una sola naci\u00f3n en el comienzo"},"content":{"rendered":"<p><em style=\"font-size: 1rem;\">Pedugu\u00e9jna Ejode\u00a0<\/em><\/p>\n<p><strong>H\u00e9roes Ayoreos<\/strong><em>\u00a0<\/em><\/p>\n<p><strong><em>Algunos H\u00e9roes de la Naci\u00f3n de los Ayoreos: <\/em><\/strong><\/p>\n<p>Los Ayoreos estaban todos juntos al empiezo y en ese tiempo peleaban con otras gentes ind\u00edgenas con idiomas y culturas diferentes a la de ellos.\u00a0 Aqu\u00ed est\u00e1n los nombres de los l\u00edderes ayoreos\u00a0 que se hicieron l\u00edderes despu\u00e9s de que los ayoreos se separaron en grupos.<\/p>\n<p><strong>Una lista de los nombres de los l\u00edderes:<\/strong><\/p>\n<p><strong><em>Yacaman\u00e1quide<\/em><\/strong><em> (<\/em>abuelo de Yacamai) \u2013 \u00c9l fue un jefe muy grande. Del clan Picaner\u00e3i \u2013 Miembro de los <em>Tiegosode<\/em> (Gente del r\u00edo)<\/p>\n<p><strong><em>Caj\u00f5d\u00e1quide <\/em><\/strong>(abuelo de Caj\u00f5i) Del clan \u00c9tac\u00f5re \u2013 Miembro de los <em>Tiegosode<\/em> (Gente del r\u00edo)<\/p>\n<p><strong><em>Guebei<\/em><\/strong> \u2013 Del clan Jnurumini \u2013 Miembro de los <em>Tiegosode (<\/em>Gente del r\u00edo)<\/p>\n<p><strong><em>Jnurumini<\/em><\/strong> \u2013 Del clan Chiquenoi \u2013 Miembro de los <em>Tiegosode<\/em> (Gente del r\u00edo)<\/p>\n<p><strong><em>Chug\u00fape\u0303re Ungoin\u00e9<\/em><\/strong> \u2013 Del clan Picaner\u00e3i \u2013miembro de los <em>Ducodegosode (<\/em>Gente de las sepulturas)<\/p>\n<p><strong><em>Esoqued\u00e9jnain\u00e9 \u2013 <\/em><\/strong>Del clan Posoraj\u00e3i \u2013 Miembro de los <em>Ducodegosode (<\/em>Gente de las sepulturas)<\/p>\n<p><strong><em>Namised\u00e9<\/em><\/strong> \u2013 Del clan Chiquenoi \u2013 Miembro de los <em>Ducodegosode<\/em> (Gente de las sepulturas)<\/p>\n<p><strong><em>Beuid\u00e9<\/em><\/strong> \u2013 Del clan Picaner\u00e3i \u2013 Miembro de los <em>Tiegosode<\/em> (Gente del r\u00edo)<\/p>\n<p><strong><em>Coj\u00f1oquen\u00e9<\/em><\/strong> \u2013Del clan Dosapei \u2013 Miembro de los <em>Tiegosode (<\/em>Gente del r\u00edo)<\/p>\n<p><strong><em>Jnumon\u00e9<\/em><\/strong> \u2013Del clan Chiquenoi \u2013 Miembro de los <em>Tiegosode (<\/em>Gente del r\u00edo)<\/p>\n<p><strong><em>Jnoh\u00e1in\u00e9<\/em><\/strong> \u2013 Del clan Chiquenoi \u2013 Miembro de los <em>Tiegosode (<\/em>Gente del r\u00edo)<\/p>\n<p><strong><em>Uejai Dichaca<\/em><\/strong> \u2013 Del clan Picaner\u00e3i \u2013 Miembro de los <em>Tiegosode (<\/em>Gente del r\u00edo)<\/p>\n<p><strong><em>Idaid\u00e9<\/em><\/strong> \u2013 Del clan \u00c9tac\u00f3ri \u2013Miembro de los <em>Ducodegosode (<\/em>Gente de las sepulturas)<\/p>\n<p><strong><em>Totobiegosode (Gente de los cerdos silvestres)<\/em><\/strong>:<\/p>\n<p>Aconteci\u00f3 una disputa que se relacionaba con <em>Arangu\u00e9.<\/em> Durante la guerra un miembro de los <em>Tiegosode <\/em>mat\u00f3 algunos de los <em>Totobiegosode,<\/em> y es cuando ellos se separaron entre ellos. El jefe de los <em>Tiegosode<\/em> fue <em>Jochad\u00e1quide<\/em>. Debido a que <em>Arangu\u00e9<\/em> estaba comiendo semillas de frijoles que hab\u00edan sido guardadas para la siembra, <em>Jochad\u00e1quide<\/em> mand\u00f3 a la gente a que la matara.<\/p>\n<p><em>Oid\u00e1biad\u00e9 \u2013 Campo Loro, Paraguay \u2013 1988.\u00a0\u00a0\u00a0\u00a0 <\/em><\/p>\n<p><em>Transcrito y traducido al espa\u00f1ol por: Maxine Morarie.<\/em><\/p>\n<div class=\"navigation\"><div class=\"alignleft\"><a href=\"https:\/\/ayore.org\/es\/cultura\/historia-oral\/oidabiadesoy-del-clan-chiquenoi\/\"title=\"Oida\u0301biad\u00e9 &#8211; Soy del clan Chiquenoi\"><img loading=\"lazy\" decoding=\"async\" src=\"https:\/\/ayore.org\/wp-content\/uploads\/2018\/10\/left-arrow.png\" width=\"50\" height=\"48\" alt=\"left arrow\"><\/a><\/div><div class=\"alignright\"><a href=\"https:\/\/ayore.org\/es\/cultura\/historia-oral\/ijmai-caratabide-estaba-en-su-granja-limpiando-entre-las-plantas\/\"title=\"Ijmai \u2013 Carat\u00e1bid\u00e9 estaba en su granja, limpiando entre las plantas\"><img loading=\"lazy\" decoding=\"async\" src=\"https:\/\/ayore.org\/wp-content\/uploads\/2018\/10\/right-arrow.png\" width=\"50\" height=\"48\" alt=\"right arrow\"><\/a><\/div>\n","protected":false},"excerpt":{"rendered":"<p>Pedugu\u00e9jna Ejode\u00a0 H\u00e9roes Ayoreos\u00a0 Algunos H\u00e9roes de la Naci\u00f3n de los Ayoreos: Los Ayoreos estaban todos juntos al empiezo y en ese tiempo peleaban con otras gentes ind\u00edgenas con idiomas y culturas diferentes a la de ellos.\u00a0 Aqu\u00ed est\u00e1n los<\/p>\n","protected":false},"author":2,"featured_media":0,"parent":294,"menu_order":0,"comment_status":"closed","ping_status":"closed","template":"","meta":{"footnotes":""},"class_list":["post-447","page","type-page","status-publish","hentry"],"yoast_head":"<!-- This site is optimized with the Yoast SEO plugin v27.4 - https:\/\/yoast.com\/product\/yoast-seo-wordpress\/ -->\n<title>Ayore\u0301 Historia Oral: Todos Los Ayoreos Fueron Una Sola Naci\u00f3n En El Comienzo \u2022 Ayore.org<\/title>\n<meta name=\"robots\" content=\"index, follow, max-snippet:-1, max-image-preview:large, max-video-preview:-1\" \/>\n<link rel=\"canonical\" href=\"https:\/\/ayore.org\/es\/cultura\/historia-oral\/oidabiade-todos-los-ayoreos-fueron-una-sola-nacion-en-el-comienzo\/\" \/>\n<meta property=\"og:locale\" content=\"es_ES\" \/>\n<meta property=\"og:type\" content=\"article\" \/>\n<meta property=\"og:title\" content=\"Ayore\u0301 Historia Oral: Todos Los Ayoreos Fueron Una Sola Naci\u00f3n En El Comienzo \u2022 Ayore.org\" \/>\n<meta property=\"og:description\" content=\"Pedugu\u00e9jna Ejode\u00a0 H\u00e9roes Ayoreos\u00a0 Algunos H\u00e9roes de la Naci\u00f3n de los Ayoreos: Los Ayoreos estaban todos juntos al empiezo y en ese tiempo peleaban con otras gentes ind\u00edgenas con idiomas y culturas diferentes a la de ellos.\u00a0 Aqu\u00ed est\u00e1n los\" \/>\n<meta property=\"og:url\" content=\"https:\/\/ayore.org\/es\/cultura\/historia-oral\/oidabiade-todos-los-ayoreos-fueron-una-sola-nacion-en-el-comienzo\/\" \/>\n<meta property=\"og:site_name\" content=\"AYORE.ORG\" \/>\n<meta property=\"article:modified_time\" content=\"2019-03-08T03:27:11+00:00\" \/>\n<meta name=\"twitter:card\" content=\"summary_large_image\" \/>\n<meta name=\"twitter:label1\" content=\"Tiempo de lectura\" \/>\n\t<meta name=\"twitter:data1\" content=\"2 minutos\" \/>\n<script type=\"application\/ld+json\" class=\"yoast-schema-graph\">{\"@context\":\"https:\\\/\\\/schema.org\",\"@graph\":[{\"@type\":\"WebPage\",\"@id\":\"https:\\\/\\\/ayore.org\\\/es\\\/cultura\\\/historia-oral\\\/oidabiade-todos-los-ayoreos-fueron-una-sola-nacion-en-el-comienzo\\\/\",\"url\":\"https:\\\/\\\/ayore.org\\\/es\\\/cultura\\\/historia-oral\\\/oidabiade-todos-los-ayoreos-fueron-una-sola-nacion-en-el-comienzo\\\/\",\"name\":\"Ayore\u0301 Historia Oral: Todos Los Ayoreos Fueron Una Sola Naci\u00f3n En El Comienzo \u2022 Ayore.org\",\"isPartOf\":{\"@id\":\"https:\\\/\\\/ayore.org\\\/#website\"},\"datePublished\":\"2018-07-25T00:47:50+00:00\",\"dateModified\":\"2019-03-08T03:27:11+00:00\",\"breadcrumb\":{\"@id\":\"https:\\\/\\\/ayore.org\\\/es\\\/cultura\\\/historia-oral\\\/oidabiade-todos-los-ayoreos-fueron-una-sola-nacion-en-el-comienzo\\\/#breadcrumb\"},\"inLanguage\":\"es-AR\",\"potentialAction\":[{\"@type\":\"ReadAction\",\"target\":[\"https:\\\/\\\/ayore.org\\\/es\\\/cultura\\\/historia-oral\\\/oidabiade-todos-los-ayoreos-fueron-una-sola-nacion-en-el-comienzo\\\/\"]}]},{\"@type\":\"BreadcrumbList\",\"@id\":\"https:\\\/\\\/ayore.org\\\/es\\\/cultura\\\/historia-oral\\\/oidabiade-todos-los-ayoreos-fueron-una-sola-nacion-en-el-comienzo\\\/#breadcrumb\",\"itemListElement\":[{\"@type\":\"ListItem\",\"position\":1,\"name\":\"Inicio\",\"item\":\"https:\\\/\\\/ayore.org\\\/es\\\/\"},{\"@type\":\"ListItem\",\"position\":2,\"name\":\"Cultura\",\"item\":\"https:\\\/\\\/ayore.org\\\/es\\\/cultura\\\/\"},{\"@type\":\"ListItem\",\"position\":3,\"name\":\"Historia Oral\",\"item\":\"https:\\\/\\\/ayore.org\\\/es\\\/cultura\\\/historia-oral\\\/\"},{\"@type\":\"ListItem\",\"position\":4,\"name\":\"Oid\u00e1biad\u00e9 &#8211; Todos los ayoreos fueron una sola naci\u00f3n en el comienzo\"}]},{\"@type\":\"WebSite\",\"@id\":\"https:\\\/\\\/ayore.org\\\/#website\",\"url\":\"https:\\\/\\\/ayore.org\\\/\",\"name\":\"AYORE.ORG\",\"description\":\"Idioma, Cultura e Historia de la Tribu Ayor\u00e9\",\"potentialAction\":[{\"@type\":\"SearchAction\",\"target\":{\"@type\":\"EntryPoint\",\"urlTemplate\":\"https:\\\/\\\/ayore.org\\\/?s={search_term_string}\"},\"query-input\":{\"@type\":\"PropertyValueSpecification\",\"valueRequired\":true,\"valueName\":\"search_term_string\"}}],\"inLanguage\":\"es-AR\"}]}<\/script>\n<!-- \/ Yoast SEO plugin. -->","yoast_head_json":{"title":"Ayore\u0301 Historia Oral: Todos Los Ayoreos Fueron Una Sola Naci\u00f3n En El Comienzo \u2022 Ayore.org","robots":{"index":"index","follow":"follow","max-snippet":"max-snippet:-1","max-image-preview":"max-image-preview:large","max-video-preview":"max-video-preview:-1"},"canonical":"https:\/\/ayore.org\/es\/cultura\/historia-oral\/oidabiade-todos-los-ayoreos-fueron-una-sola-nacion-en-el-comienzo\/","og_locale":"es_ES","og_type":"article","og_title":"Ayore\u0301 Historia Oral: Todos Los Ayoreos Fueron Una Sola Naci\u00f3n En El Comienzo \u2022 Ayore.org","og_description":"Pedugu\u00e9jna Ejode\u00a0 H\u00e9roes Ayoreos\u00a0 Algunos H\u00e9roes de la Naci\u00f3n de los Ayoreos: Los Ayoreos estaban todos juntos al empiezo y en ese tiempo peleaban con otras gentes ind\u00edgenas con idiomas y culturas diferentes a la de ellos.\u00a0 Aqu\u00ed est\u00e1n los","og_url":"https:\/\/ayore.org\/es\/cultura\/historia-oral\/oidabiade-todos-los-ayoreos-fueron-una-sola-nacion-en-el-comienzo\/","og_site_name":"AYORE.ORG","article_modified_time":"2019-03-08T03:27:11+00:00","twitter_card":"summary_large_image","twitter_misc":{"Tiempo de lectura":"2 minutos"},"schema":{"@context":"https:\/\/schema.org","@graph":[{"@type":"WebPage","@id":"https:\/\/ayore.org\/es\/cultura\/historia-oral\/oidabiade-todos-los-ayoreos-fueron-una-sola-nacion-en-el-comienzo\/","url":"https:\/\/ayore.org\/es\/cultura\/historia-oral\/oidabiade-todos-los-ayoreos-fueron-una-sola-nacion-en-el-comienzo\/","name":"Ayore\u0301 Historia Oral: Todos Los Ayoreos Fueron Una Sola Naci\u00f3n En El Comienzo \u2022 Ayore.org","isPartOf":{"@id":"https:\/\/ayore.org\/#website"},"datePublished":"2018-07-25T00:47:50+00:00","dateModified":"2019-03-08T03:27:11+00:00","breadcrumb":{"@id":"https:\/\/ayore.org\/es\/cultura\/historia-oral\/oidabiade-todos-los-ayoreos-fueron-una-sola-nacion-en-el-comienzo\/#breadcrumb"},"inLanguage":"es-AR","potentialAction":[{"@type":"ReadAction","target":["https:\/\/ayore.org\/es\/cultura\/historia-oral\/oidabiade-todos-los-ayoreos-fueron-una-sola-nacion-en-el-comienzo\/"]}]},{"@type":"BreadcrumbList","@id":"https:\/\/ayore.org\/es\/cultura\/historia-oral\/oidabiade-todos-los-ayoreos-fueron-una-sola-nacion-en-el-comienzo\/#breadcrumb","itemListElement":[{"@type":"ListItem","position":1,"name":"Inicio","item":"https:\/\/ayore.org\/es\/"},{"@type":"ListItem","position":2,"name":"Cultura","item":"https:\/\/ayore.org\/es\/cultura\/"},{"@type":"ListItem","position":3,"name":"Historia Oral","item":"https:\/\/ayore.org\/es\/cultura\/historia-oral\/"},{"@type":"ListItem","position":4,"name":"Oid\u00e1biad\u00e9 &#8211; Todos los ayoreos fueron una sola naci\u00f3n en el comienzo"}]},{"@type":"WebSite","@id":"https:\/\/ayore.org\/#website","url":"https:\/\/ayore.org\/","name":"AYORE.ORG","description":"Idioma, Cultura e Historia de la Tribu Ayor\u00e9","potentialAction":[{"@type":"SearchAction","target":{"@type":"EntryPoint","urlTemplate":"https:\/\/ayore.org\/?s={search_term_string}"},"query-input":{"@type":"PropertyValueSpecification","valueRequired":true,"valueName":"search_term_string"}}],"inLanguage":"es-AR"}]}},"_links":{"self":[{"href":"https:\/\/ayore.org\/es\/wp-json\/wp\/v2\/pages\/447","targetHints":{"allow":["GET"]}}],"collection":[{"href":"https:\/\/ayore.org\/es\/wp-json\/wp\/v2\/pages"}],"about":[{"href":"https:\/\/ayore.org\/es\/wp-json\/wp\/v2\/types\/page"}],"author":[{"embeddable":true,"href":"https:\/\/ayore.org\/es\/wp-json\/wp\/v2\/users\/2"}],"replies":[{"embeddable":true,"href":"https:\/\/ayore.org\/es\/wp-json\/wp\/v2\/comments?post=447"}],"version-history":[{"count":3,"href":"https:\/\/ayore.org\/es\/wp-json\/wp\/v2\/pages\/447\/revisions"}],"predecessor-version":[{"id":3394,"href":"https:\/\/ayore.org\/es\/wp-json\/wp\/v2\/pages\/447\/revisions\/3394"}],"up":[{"embeddable":true,"href":"https:\/\/ayore.org\/es\/wp-json\/wp\/v2\/pages\/294"}],"wp:attachment":[{"href":"https:\/\/ayore.org\/es\/wp-json\/wp\/v2\/media?parent=447"}],"curies":[{"name":"wp","href":"https:\/\/api.w.org\/{rel}","templated":true}]}}