{"id":434,"date":"2018-07-25T00:36:42","date_gmt":"2018-07-25T00:36:42","guid":{"rendered":"https:\/\/ayore.org\/?page_id=434"},"modified":"2019-03-08T03:02:09","modified_gmt":"2019-03-08T03:02:09","slug":"oidabiadesoy-del-clan-chiquenoi","status":"publish","type":"page","link":"https:\/\/ayore.org\/es\/cultura\/historia-oral\/oidabiadesoy-del-clan-chiquenoi\/","title":{"rendered":"Oida\u0301biad\u00e9 &#8211; Soy del clan Chiquenoi"},"content":{"rendered":"<p><strong>\u00a0<\/strong><em style=\"font-size: 1rem;\">Inoningayaque Yoque<\/em><\/p>\n<p><strong>Los nombres de los Clanes y la Iniciaci\u00f3n en Clanes<\/strong><\/p>\n<p><strong><em>Nombres de los Clanes:<\/em><\/strong><\/p>\n<p><strong><em><u>Clan\u00a0<\/u>\u00a0 \u00a0 \u00a0 \u00a0 \u00a0 \u00a0 \u00a0 \u00a0 \u00a0 \u00a0 \u00a0 \u00a0 \u00a0 \u00a0 \u00a0 \u00a0 \u00a0 \u00a0 \u00a0 \u00a0 \u00a0 \u00a0\u00a0<span style=\"text-decoration: underline;\">Hombres<\/span>\u00a0 \u00a0 \u00a0 \u00a0 \u00a0 \u00a0 \u00a0 \u00a0 \u00a0 \u00a0 \u00a0 \u00a0 \u00a0 \u00a0 <span style=\"text-decoration: underline;\">Women<\/span><\/em><\/strong><\/p>\n<p><em>\u00a0<\/em><strong>Chiquenone<\/strong>\u00a0 \u00a0 \u00a0 \u00a0 \u00a0 \u00a0 \u00a0 \u00a0 \u00a0 \u00a0 \u00a0 \u00a0 \u00a0 \u00a0 \u00a0 Chiquenoi.<em>\u00a0 \u00a0 \u00a0 \u00a0 \u00a0 \u00a0 \u00a0 \u00a0 \u00a0 \u00a0 \u00a0 \u00a0\u00a0<\/em>Chiquejnoro.<\/p>\n<p>Chiquenone u yoque.\u00a0 \u00a0 \u00a0 \u00a0 \u00a0 \u00a0 \u00a0 \u00a0Chiqueno yu.\u00a0 \u00a0 \u00a0 \u00a0 \u00a0 \u00a0 \u00a0 \u00a0 \u00a0 \u00a0 Chiquejnoro yu.<\/p>\n<p>Somos Chiquenone.\u00a0 \u00a0 \u00a0 \u00a0 \u00a0 \u00a0 \u00a0 \u00a0Soy hombre Chiquenoi.\u00a0 \u00a0Soy mujer Chiquenoro.<\/p>\n<p><em>\u00a0<\/em><\/p>\n<p><strong>Picanerane\u00a0\u00a0\u00a0\u00a0\u00a0 <\/strong>\u00a0 \u00a0 \u00a0 \u00a0 \u00a0 \u00a0 \u00a0 \u00a0 \u00a0 \u00a0 \u00a0 \u00a0 \u00a0 \u00a0 \u00a0 \u00a0Picanerai.\u00a0 \u00a0 \u00a0 \u00a0 \u00a0 \u00a0 \u00a0 \u00a0 \u00a0 \u00a0 \u00a0 \u00a0Picaner\u00e9.<\/p>\n<p>Picanerane u yoque.\u00a0\u00a0\u00a0\u00a0\u00a0\u00a0\u00a0\u00a0\u00a0\u00a0\u00a0\u00a0\u00a0\u00a0\u00a0\u00a0\u00a0\u00a0\u00a0\u00a0\u00a0 Picaneraque yu.\u00a0 \u00a0 \u00a0 \u00a0 \u00a0 \u00a0 \u00a0Picaner\u00e9 yu.<\/p>\n<p>Somos Picanerane.\u00a0 \u00a0 \u00a0 \u00a0 \u00a0 \u00a0 \u00a0Soy hombre Picanerai.\u00a0\u00a0\u00a0\u00a0\u00a0\u00a0\u00a0\u00a0\u00a0\u00a0 Soy mujer Picaner\u00e9.<\/p>\n<p><em>\u00a0<\/em><\/p>\n<p><strong>Dosap\u00e9ode<\/strong>\u00a0\u00a0\u00a0\u00a0\u00a0\u00a0\u00a0\u00a0\u00a0\u00a0\u00a0\u00a0\u00a0\u00a0\u00a0\u00a0\u00a0\u00a0\u00a0\u00a0\u00a0\u00a0\u00a0\u00a0\u00a0\u00a0\u00a0\u00a0\u00a0\u00a0\u00a0\u00a0\u00a0\u00a0\u00a0\u00a0\u00a0\u00a0\u00a0 Dosapei.\u00a0 \u00a0 \u00a0 \u00a0 \u00a0 \u00a0 \u00a0 \u00a0 \u00a0 \u00a0 \u00a0 \u00a0 \u00a0 \u00a0 \u00a0 Dosap\u00e9.<\/p>\n<p>Dosap\u00e9ode u yoque.\u00a0\u00a0\u00a0\u00a0\u00a0\u00a0\u00a0\u00a0\u00a0\u00a0\u00a0\u00a0\u00a0\u00a0\u00a0\u00a0\u00a0\u00a0\u00a0\u00a0\u00a0 Dosapeque yu.\u00a0 \u00a0 \u00a0 \u00a0 \u00a0 \u00a0 \u00a0 \u00a0 \u00a0 \u00a0 \u00a0 Dosap\u00e9 yu.<\/p>\n<p>Somos Dosap\u00e9ode.\u00a0 \u00a0 \u00a0 \u00a0 \u00a0 \u00a0 \u00a0 \u00a0 Soy hombre Dosapei.\u00a0\u00a0\u00a0\u00a0\u00a0\u00a0\u00a0\u00a0\u00a0\u00a0\u00a0\u00a0\u00a0 Soy mujer Dosap\u00e9.<\/p>\n<p><u>\u00a0<\/u><\/p>\n<p><strong>Juruminone<\/strong>\u00a0 \u00a0 \u00a0 \u00a0 \u00a0 \u00a0 \u00a0 \u00a0 \u00a0 \u00a0 \u00a0 \u00a0 \u00a0 \u00a0 \u00a0 \u00a0 \u00a0 \u00a0 \u00a0 \u00a0Jurumini.\u00a0 \u00a0 \u00a0 \u00a0 \u00a0 \u00a0 \u00a0 \u00a0 \u00a0 \u00a0 \u00a0 \u00a0 \u00a0 \u00a0 Jurumine\u0301.\u00a0 \u00a0 \u00a0 \u00a0 \u00a0 \u00a0 \u00a0 Juruminone u yoque.\u00a0 \u00a0 \u00a0 \u00a0 \u00a0 \u00a0 \u00a0 \u00a0 \u00a0 \u00a0 \u00a0Jurumite yu.\u00a0 \u00a0 \u00a0 \u00a0 \u00a0 \u00a0 \u00a0 \u00a0 \u00a0 \u00a0 \u00a0 \u00a0 Jurumin\u00e9 yu.<\/p>\n<p>Somos Juruminone.\u00a0 \u00a0 \u00a0 \u00a0 \u00a0 \u00a0 \u00a0 Soy hombre Jurumini.\u00a0 \u00a0 \u00a0 \u00a0 \u00a0Soy mujer Jurumin\u00e9.<\/p>\n<p>\u00a0<\/p>\n<p><strong>Etac\u00f3rone<\/strong>\u00a0 \u00a0 \u00a0 \u00a0 \u00a0 \u00a0 \u00a0 \u00a0 \u00a0 \u00a0 \u00a0 \u00a0 \u00a0 \u00a0 \u00a0 \u00a0 \u00a0 \u00a0 \u00a0 \u00a0 \u00a0 \u00a0 \u00a0\u00c9tac\u00f5ri.\u00a0 \u00a0 \u00a0 \u00a0 \u00a0 \u00a0 \u00a0 \u00a0 \u00a0 \u00a0 \u00a0 \u00a0 \u00a0 \u00a0 \u00a0 \u00a0 \u00a0 \u00c9tac\u00f5ro.<\/p>\n<p>Etac\u00f3rone u yoque.\u00a0\u00a0\u00a0\u00a0\u00a0\u00a0\u00a0\u00a0\u00a0\u00a0\u00a0\u00a0\u00a0\u00a0\u00a0\u00a0\u00a0\u00a0\u00a0\u00a0\u00a0\u00a0\u00a0 \u00c9tac\u00f5re yu.\u00a0 \u00a0 \u00a0 \u00a0 \u00a0 \u00a0 \u00a0 \u00a0 \u00a0 \u00a0 \u00a0 \u00a0 \u00a0 \u00a0 \u00a0 \u00a0 \u00c9tac\u00f5ro yu.<\/p>\n<p>Somos Etac\u00f3rone.\u00a0 \u00a0 \u00a0 \u00a0 \u00a0 \u00a0 \u00a0 \u00a0 \u00a0 \u00a0 Soy hombre \u00c9tac\u00f5ri.\u00a0\u00a0\u00a0\u00a0\u00a0\u00a0\u00a0\u00a0\u00a0\u00a0\u00a0\u00a0\u00a0\u00a0 Soy mujer \u00c9tac\u00f5ro.<\/p>\n<p><em>\u00a0<\/em><\/p>\n<p><strong>Posorajane\u00a0\u00a0\u00a0\u00a0\u00a0 <\/strong>\u00a0\u00a0\u00a0\u00a0\u00a0\u00a0\u00a0\u00a0\u00a0\u00a0\u00a0\u00a0\u00a0\u00a0\u00a0\u00a0\u00a0\u00a0\u00a0\u00a0\u00a0\u00a0\u00a0\u00a0\u00a0\u00a0\u00a0\u00a0\u00a0\u00a0\u00a0 Posoraj\u00e3i.\u00a0 \u00a0 \u00a0 \u00a0 \u00a0 \u00a0 \u00a0 \u00a0 \u00a0 \u00a0 \u00a0 \u00a0 \u00a0 \u00a0 \u00a0 \u00a0 \u00a0 Pos\u00edj\u00f1oro.<\/p>\n<p>Posorajane u yoque.\u00a0\u00a0\u00a0\u00a0\u00a0\u00a0\u00a0\u00a0\u00a0\u00a0\u00a0\u00a0\u00a0\u00a0\u00a0\u00a0\u00a0\u00a0\u00a0\u00a0\u00a0 Posoraj\u00e3 yu.\u00a0 \u00a0 \u00a0 \u00a0 \u00a0 \u00a0 \u00a0 \u00a0 \u00a0 \u00a0 \u00a0 \u00a0 \u00a0 \u00a0 \u00a0 \u00a0Pos\u00edj\u00f1oro yu.<\/p>\n<p>Somos Posorajane.\u00a0 \u00a0 \u00a0 \u00a0 \u00a0 \u00a0 \u00a0 \u00a0 \u00a0 \u00a0 Soy hombre Posoraj\u00e3i.\u00a0 \u00a0 \u00a0 Soy mujer pos\u00edj\u00f1oro.<\/p>\n<p>\u00a0<\/p>\n<p><strong>Cutamurajane<\/strong>\u00a0 \u00a0 \u00a0 \u00a0 \u00a0 \u00a0 \u00a0 \u00a0 \u00a0 \u00a0 \u00a0 \u00a0 \u00a0 \u00a0 Cutamuraj\u00e3i.\u00a0 \u00a0 \u00a0 \u00a0 \u00a0 \u00a0 \u00a0 \u00a0 \u00a0 \u00a0 \u00a0 \u00a0 Cutamij\u00f1oro.<\/p>\n<p>Cutamurajane u yoque.\u00a0 \u00a0 \u00a0 \u00a0 \u00a0 \u00a0 \u00a0Cutamuraj\u00e3 yu.\u00a0 \u00a0 \u00a0 \u00a0 \u00a0 \u00a0 \u00a0 \u00a0 \u00a0 \u00a0Cutamij\u00f1oro yu.<\/p>\n<p>Somos Cutamurajane.\u00a0 \u00a0 \u00a0 Soy hombre Cutamuraj\u00e3i.\u00a0 \u00a0Soy mujer Cutamij\u00f1oro.<\/p>\n<p>\u00a0<\/p>\n<p><strong><em>Un lavado ceremonial es c\u00f3mo se inicia alguien en otro clan:<\/em><\/strong><\/p>\n<p>Despu\u00e9s de haber sido iniciado en otro clan se refiere a los dem\u00e1s miembros como familiares:<\/p>\n<p>Si la persona que realiza la ceremonia de lavado es una mujer el iniciado se refiere a ella como &#8220;madre.&#8221;\u00a0\u00b7<\/p>\n<p>Si es hombre, se refiere a \u00e9l como \u201cpadre.\u201d<\/p>\n<p>Los otros miembros del clan se refiere al iniciado como \u201chermanito\/hermanita.\u201d<\/p>\n<p>Como Juan Morarie fue iniciado en el <em>Clan de los Jnuruminone<\/em>, y como <em>Oid\u00e1biadat\u00e9<\/em> es miembro del mismo clan, Juan se refier\u00eda a ella como \u201cmadre.\u201d<\/p>\n<p><em>Oid\u00e1biadat\u00e9<\/em> responder\u00eda a \u00e9l con el t\u00e9rmino: \u201cmi querido hijo.\u201d<\/p>\n<p>Aquellos de nosotros que han sido lavados en el <em>clan de los Chiquenone<\/em> se referir\u00eda a usted, Marina, como: &#8220;hermana.&#8221;<\/p>\n<p>Dado que los dos estamos en el mismo clan, tu se referir\u00eda a m\u00ed como, &#8220;hermanito.&#8221;<\/p>\n<p><em>\u00a0<\/em><\/p>\n<p><strong><em>Ventajas de ser iniciados en otro clan:<\/em><\/strong>\u00b7<\/p>\n<p>Desde que los ayoreos protegen a sus parientes, uno podr\u00eda querer ser iniciado para la protecci\u00f3n.<\/p>\n<p>Desde que los ayoreos proporcionan a sus familiares, uno podr\u00eda querer ser iniciado por la comida u otras provisiones.<\/p>\n<p>Desde que los ayoreos no cobran a sus familiares, uno podr\u00eda querer ser iniciado para recibir regalos y beneficiarse de la generosidad del que le ha iniciado.<\/p>\n<p>\u00bfEl iniciado pierde su antigua asociaci\u00f3n de clan? No, \u00e9l se reserva todos los derechos de la primera clan, pero obtiene los beneficios de la pr\u00f3xima clan tambi\u00e9n. El nombre del primer clan se pega a \u00e9l, no lo pierde.<\/p>\n<p>\u00a0<\/p>\n<p><em>Oid\u00e1biad\u00e9 \u2013 Campo Loro, Paraguay \u2013 1988.\u00a0\u00a0\u00a0\u00a0\u00a0 \u00a0\u00a0\u00a0\u00a0\u00a0 <\/em><\/p>\n<p><em>Transcrito y traducido al espa\u00f1ol por: Maxine Morarie.<\/em><\/p>\n<div class=\"navigation\"><div class=\"alignleft\"><a href=\"https:\/\/ayore.org\/es\/cultura\/historia-oral\/oidabiadeorobojnai-poderoso-en-la-batalla\/\"title=\"Oid\u00e1biad\u00e9 &#8211; Poderoso en la batalla\"><img loading=\"lazy\" decoding=\"async\" src=\"https:\/\/ayore.org\/wp-content\/uploads\/2018\/10\/left-arrow.png\" width=\"50\" height=\"48\" alt=\"left arrow\"><\/a><\/div><div class=\"alignright\"><a href=\"https:\/\/ayore.org\/es\/cultura\/historia-oral\/oidabiade-todos-los-ayoreos-fueron-una-sola-nacion-en-el-comienzo\/\"title=\"Oid\u00e1biad\u00e9 &#8211; Todos los ayoreos fueron una sola naci\u00f3n en el comienzo\"><img loading=\"lazy\" decoding=\"async\" src=\"https:\/\/ayore.org\/wp-content\/uploads\/2018\/10\/right-arrow.png\" width=\"50\" height=\"48\" alt=\"right arrow\"><\/a><\/div>\n\n\n<p><\/p>\n","protected":false},"excerpt":{"rendered":"<p>\u00a0Inoningayaque Yoque Los nombres de los Clanes y la Iniciaci\u00f3n en Clanes Nombres de los Clanes: Clan\u00a0\u00a0 \u00a0 \u00a0 \u00a0 \u00a0 \u00a0 \u00a0 \u00a0 \u00a0 \u00a0 \u00a0 \u00a0 \u00a0 \u00a0 \u00a0 \u00a0 \u00a0 \u00a0 \u00a0 \u00a0 \u00a0 \u00a0\u00a0Hombres\u00a0 \u00a0 \u00a0<\/p>\n","protected":false},"author":2,"featured_media":0,"parent":294,"menu_order":0,"comment_status":"closed","ping_status":"closed","template":"","meta":{"footnotes":""},"class_list":["post-434","page","type-page","status-publish","hentry"],"yoast_head":"<!-- This site is optimized with the Yoast SEO plugin v27.4 - https:\/\/yoast.com\/product\/yoast-seo-wordpress\/ -->\n<title>Ayore\u0301 Historia Oral: Soy Del Clan Chiquenoi \u2022 Ayore.org<\/title>\n<meta name=\"robots\" content=\"index, follow, max-snippet:-1, max-image-preview:large, max-video-preview:-1\" \/>\n<link rel=\"canonical\" href=\"https:\/\/ayore.org\/es\/cultura\/historia-oral\/oidabiadesoy-del-clan-chiquenoi\/\" \/>\n<meta property=\"og:locale\" content=\"es_ES\" \/>\n<meta property=\"og:type\" content=\"article\" \/>\n<meta property=\"og:title\" content=\"Ayore\u0301 Historia Oral: Soy Del Clan Chiquenoi \u2022 Ayore.org\" \/>\n<meta property=\"og:description\" content=\"\u00a0Inoningayaque Yoque Los nombres de los Clanes y la Iniciaci\u00f3n en Clanes Nombres de los Clanes: Clan\u00a0\u00a0 \u00a0 \u00a0 \u00a0 \u00a0 \u00a0 \u00a0 \u00a0 \u00a0 \u00a0 \u00a0 \u00a0 \u00a0 \u00a0 \u00a0 \u00a0 \u00a0 \u00a0 \u00a0 \u00a0 \u00a0 \u00a0\u00a0Hombres\u00a0 \u00a0 \u00a0\" \/>\n<meta property=\"og:url\" content=\"https:\/\/ayore.org\/es\/cultura\/historia-oral\/oidabiadesoy-del-clan-chiquenoi\/\" \/>\n<meta property=\"og:site_name\" content=\"AYORE.ORG\" \/>\n<meta property=\"article:modified_time\" content=\"2019-03-08T03:02:09+00:00\" \/>\n<meta name=\"twitter:card\" content=\"summary_large_image\" \/>\n<meta name=\"twitter:label1\" content=\"Tiempo de lectura\" \/>\n\t<meta name=\"twitter:data1\" content=\"2 minutos\" \/>\n<script type=\"application\/ld+json\" class=\"yoast-schema-graph\">{\"@context\":\"https:\\\/\\\/schema.org\",\"@graph\":[{\"@type\":\"WebPage\",\"@id\":\"https:\\\/\\\/ayore.org\\\/es\\\/cultura\\\/historia-oral\\\/oidabiadesoy-del-clan-chiquenoi\\\/\",\"url\":\"https:\\\/\\\/ayore.org\\\/es\\\/cultura\\\/historia-oral\\\/oidabiadesoy-del-clan-chiquenoi\\\/\",\"name\":\"Ayore\u0301 Historia Oral: Soy Del Clan Chiquenoi \u2022 Ayore.org\",\"isPartOf\":{\"@id\":\"https:\\\/\\\/ayore.org\\\/#website\"},\"datePublished\":\"2018-07-25T00:36:42+00:00\",\"dateModified\":\"2019-03-08T03:02:09+00:00\",\"breadcrumb\":{\"@id\":\"https:\\\/\\\/ayore.org\\\/es\\\/cultura\\\/historia-oral\\\/oidabiadesoy-del-clan-chiquenoi\\\/#breadcrumb\"},\"inLanguage\":\"es-AR\",\"potentialAction\":[{\"@type\":\"ReadAction\",\"target\":[\"https:\\\/\\\/ayore.org\\\/es\\\/cultura\\\/historia-oral\\\/oidabiadesoy-del-clan-chiquenoi\\\/\"]}]},{\"@type\":\"BreadcrumbList\",\"@id\":\"https:\\\/\\\/ayore.org\\\/es\\\/cultura\\\/historia-oral\\\/oidabiadesoy-del-clan-chiquenoi\\\/#breadcrumb\",\"itemListElement\":[{\"@type\":\"ListItem\",\"position\":1,\"name\":\"Inicio\",\"item\":\"https:\\\/\\\/ayore.org\\\/es\\\/\"},{\"@type\":\"ListItem\",\"position\":2,\"name\":\"Cultura\",\"item\":\"https:\\\/\\\/ayore.org\\\/es\\\/cultura\\\/\"},{\"@type\":\"ListItem\",\"position\":3,\"name\":\"Historia Oral\",\"item\":\"https:\\\/\\\/ayore.org\\\/es\\\/cultura\\\/historia-oral\\\/\"},{\"@type\":\"ListItem\",\"position\":4,\"name\":\"Oida\u0301biad\u00e9 &#8211; Soy del clan Chiquenoi\"}]},{\"@type\":\"WebSite\",\"@id\":\"https:\\\/\\\/ayore.org\\\/#website\",\"url\":\"https:\\\/\\\/ayore.org\\\/\",\"name\":\"AYORE.ORG\",\"description\":\"Idioma, Cultura e Historia de la Tribu Ayor\u00e9\",\"potentialAction\":[{\"@type\":\"SearchAction\",\"target\":{\"@type\":\"EntryPoint\",\"urlTemplate\":\"https:\\\/\\\/ayore.org\\\/?s={search_term_string}\"},\"query-input\":{\"@type\":\"PropertyValueSpecification\",\"valueRequired\":true,\"valueName\":\"search_term_string\"}}],\"inLanguage\":\"es-AR\"}]}<\/script>\n<!-- \/ Yoast SEO plugin. -->","yoast_head_json":{"title":"Ayore\u0301 Historia Oral: Soy Del Clan Chiquenoi \u2022 Ayore.org","robots":{"index":"index","follow":"follow","max-snippet":"max-snippet:-1","max-image-preview":"max-image-preview:large","max-video-preview":"max-video-preview:-1"},"canonical":"https:\/\/ayore.org\/es\/cultura\/historia-oral\/oidabiadesoy-del-clan-chiquenoi\/","og_locale":"es_ES","og_type":"article","og_title":"Ayore\u0301 Historia Oral: Soy Del Clan Chiquenoi \u2022 Ayore.org","og_description":"\u00a0Inoningayaque Yoque Los nombres de los Clanes y la Iniciaci\u00f3n en Clanes Nombres de los Clanes: Clan\u00a0\u00a0 \u00a0 \u00a0 \u00a0 \u00a0 \u00a0 \u00a0 \u00a0 \u00a0 \u00a0 \u00a0 \u00a0 \u00a0 \u00a0 \u00a0 \u00a0 \u00a0 \u00a0 \u00a0 \u00a0 \u00a0 \u00a0\u00a0Hombres\u00a0 \u00a0 \u00a0","og_url":"https:\/\/ayore.org\/es\/cultura\/historia-oral\/oidabiadesoy-del-clan-chiquenoi\/","og_site_name":"AYORE.ORG","article_modified_time":"2019-03-08T03:02:09+00:00","twitter_card":"summary_large_image","twitter_misc":{"Tiempo de lectura":"2 minutos"},"schema":{"@context":"https:\/\/schema.org","@graph":[{"@type":"WebPage","@id":"https:\/\/ayore.org\/es\/cultura\/historia-oral\/oidabiadesoy-del-clan-chiquenoi\/","url":"https:\/\/ayore.org\/es\/cultura\/historia-oral\/oidabiadesoy-del-clan-chiquenoi\/","name":"Ayore\u0301 Historia Oral: Soy Del Clan Chiquenoi \u2022 Ayore.org","isPartOf":{"@id":"https:\/\/ayore.org\/#website"},"datePublished":"2018-07-25T00:36:42+00:00","dateModified":"2019-03-08T03:02:09+00:00","breadcrumb":{"@id":"https:\/\/ayore.org\/es\/cultura\/historia-oral\/oidabiadesoy-del-clan-chiquenoi\/#breadcrumb"},"inLanguage":"es-AR","potentialAction":[{"@type":"ReadAction","target":["https:\/\/ayore.org\/es\/cultura\/historia-oral\/oidabiadesoy-del-clan-chiquenoi\/"]}]},{"@type":"BreadcrumbList","@id":"https:\/\/ayore.org\/es\/cultura\/historia-oral\/oidabiadesoy-del-clan-chiquenoi\/#breadcrumb","itemListElement":[{"@type":"ListItem","position":1,"name":"Inicio","item":"https:\/\/ayore.org\/es\/"},{"@type":"ListItem","position":2,"name":"Cultura","item":"https:\/\/ayore.org\/es\/cultura\/"},{"@type":"ListItem","position":3,"name":"Historia Oral","item":"https:\/\/ayore.org\/es\/cultura\/historia-oral\/"},{"@type":"ListItem","position":4,"name":"Oida\u0301biad\u00e9 &#8211; Soy del clan Chiquenoi"}]},{"@type":"WebSite","@id":"https:\/\/ayore.org\/#website","url":"https:\/\/ayore.org\/","name":"AYORE.ORG","description":"Idioma, Cultura e Historia de la Tribu Ayor\u00e9","potentialAction":[{"@type":"SearchAction","target":{"@type":"EntryPoint","urlTemplate":"https:\/\/ayore.org\/?s={search_term_string}"},"query-input":{"@type":"PropertyValueSpecification","valueRequired":true,"valueName":"search_term_string"}}],"inLanguage":"es-AR"}]}},"_links":{"self":[{"href":"https:\/\/ayore.org\/es\/wp-json\/wp\/v2\/pages\/434","targetHints":{"allow":["GET"]}}],"collection":[{"href":"https:\/\/ayore.org\/es\/wp-json\/wp\/v2\/pages"}],"about":[{"href":"https:\/\/ayore.org\/es\/wp-json\/wp\/v2\/types\/page"}],"author":[{"embeddable":true,"href":"https:\/\/ayore.org\/es\/wp-json\/wp\/v2\/users\/2"}],"replies":[{"embeddable":true,"href":"https:\/\/ayore.org\/es\/wp-json\/wp\/v2\/comments?post=434"}],"version-history":[{"count":14,"href":"https:\/\/ayore.org\/es\/wp-json\/wp\/v2\/pages\/434\/revisions"}],"predecessor-version":[{"id":3388,"href":"https:\/\/ayore.org\/es\/wp-json\/wp\/v2\/pages\/434\/revisions\/3388"}],"up":[{"embeddable":true,"href":"https:\/\/ayore.org\/es\/wp-json\/wp\/v2\/pages\/294"}],"wp:attachment":[{"href":"https:\/\/ayore.org\/es\/wp-json\/wp\/v2\/media?parent=434"}],"curies":[{"name":"wp","href":"https:\/\/api.w.org\/{rel}","templated":true}]}}