{"id":429,"date":"2018-07-25T00:23:19","date_gmt":"2018-07-25T00:23:19","guid":{"rendered":"https:\/\/ayore.org\/?page_id=429"},"modified":"2019-03-07T22:46:44","modified_gmt":"2019-03-07T22:46:44","slug":"oidabiadeorobojnai-poderoso-en-la-batalla","status":"publish","type":"page","link":"https:\/\/ayore.org\/es\/cultura\/historia-oral\/oidabiadeorobojnai-poderoso-en-la-batalla\/","title":{"rendered":"Oid\u00e1biad\u00e9 &#8211; Poderoso en la batalla"},"content":{"rendered":"<p><em>\u00a0<\/em><em style=\"font-size: 1rem;\">Dacasutedie U\u00f1anie \u00cdode<\/em><\/p>\n<p><strong><u>Guerreros ayoreos de anta\u00f1o:<\/u><\/strong><\/p>\n<p><strong>Orob\u00f3jnai:<\/strong><\/p>\n<p>Una de sus hijas fue nombrada Sabaide. \u00c9l fue miembro del clan Jnurumin\u00f3ri y era poderoso en las batallas.<\/p>\n<p><strong>Cojn\u00e1inen\u00e9:<\/strong><\/p>\n<p>Miembro del clan Cutamurajai, poderoso en las batallas y un guerrero feroz.<\/p>\n<p><strong>Yuj\u00e1tad\u00e9:<\/strong><\/p>\n<p>Miembro del clan Cutamurajai y uno de los m\u00e1s famosos l\u00edderes.<\/p>\n<p><strong>Bar\u00e1iyud\u00e9:<\/strong><\/p>\n<p>Miembro del clan Cutamurajai. \u00c9l y Yuj\u00e1tad\u00e9 fueron contempor\u00e1neos y muy buenos amigos.<\/p>\n<p><strong>Ijnacure\u0301guei:<\/strong><\/p>\n<p>Su nombre significaba <em>\u2018una palmera\u2019<\/em>. Era miembro del clan Picanerai, y era un guerrero valiente.<\/p>\n<p><strong>Garajade:<\/strong><\/p>\n<p>Su nombre significaba <em>\u2018mellizos\u2019<\/em>. Era miembro del clan Dosapei.<\/p>\n<p><strong>Jna\u00f1orone:<\/strong><\/p>\n<p>Miembro del clan Dosapei y un guerrero feroz.<\/p>\n<p><strong>Diguin\u00f3rone Urui:<\/strong><\/p>\n<p>Su nombre significaba<em> \u2018la v\u00edctima de la serpiente\u2019<\/em>. Miembro del clan Cutamurajai y un guerrero conocido.<\/p>\n<p><strong>Jan\u00e9:<\/strong><\/p>\n<p>Miembro del clan Pos\u00f5rajai y un guerrero conocido.<\/p>\n<p><strong><u>Guerreros m\u00e1s recientes:<\/u><\/strong><\/p>\n<p><strong>Ch\u00f3gaid\u00e9:<\/strong><\/p>\n<p>Miembro del clan Picanerai. Un guerrero feroz.<\/p>\n<p><strong>Juricai:<\/strong><\/p>\n<p>Ch\u00f3gaide y Juricai son la misma persona. Cuando fue llamado Juricai \u00e9l era una persona muy buena. Antes cuando fue llamado Ch\u00f3gaid\u00e9 era una persona muy mala. (Lo mismo sucedi\u00f3 con el Pablo del Nuevo Testamento. \u00c9l era una persona muy piadosa, pero antes de eso, cuando era conocido como Saulo, odiaba y mataba a los cristianos.)<\/p>\n<p><em>\u00a0<\/em><strong>Dutagaid\u00e9:\u00a0\u00a0\u00a0\u00a0\u00a0\u00a0\u00a0\u00a0 \u00a0\u00a0\u00a0\u00a0\u00a0 <\/strong><\/p>\n<p>Su nombre era el t\u00e9rmino que se utilizaba para <em>&#8216;las hormigas negras\u2019<\/em>. \u00c9l era miembro del clan Chiquenoi, y fue conocido como un guerrero feroz.<\/p>\n<p><strong>Gat\u00f3coreone: <\/strong><\/p>\n<p>Miembro del clan Dosapei, y era un guerrero feroz.<\/p>\n<p><strong>Daijn\u00e1meque: \u00a0\u00a0\u00a0\u00a0\u00a0\u00a0\u00a0\u00a0 <\/strong><\/p>\n<p>Su nombre significa <em>&#8216;brujo&#8217;<\/em>. \u00a0Miembro del clan Picanerai, conocido como un guerrero feroz.<\/p>\n<p><em>Oid\u00e1biad\u00e9 \u2013 Campo Loro, Paraguay \u2013 1988.<\/em><\/p>\n<p><em>Transcrito y traducido al espa\u00f1ol por: Maxine Morarie.<\/em><\/p>\n<div class=\"navigation\"><div class=\"alignleft\"><a href=\"https:\/\/ayore.org\/es\/cultura\/historia-oral\/oidabiade-trae-a-tinaine-para-encontrar-cosas-perdidas\/\"title=\"Oid\u00e1biad\u00e9 &#8211; Trae a Tinaine para encontrar cosas perdidas\"><img loading=\"lazy\" decoding=\"async\" src=\"https:\/\/ayore.org\/wp-content\/uploads\/2018\/10\/left-arrow.png\" width=\"50\" height=\"48\" alt=\"left arrow\"><\/a><\/div><div class=\"alignright\"><a href=\"https:\/\/ayore.org\/es\/cultura\/historia-oral\/oidabiadesoy-del-clan-chiquenoi\/\"title=\"Oida\u0301biad\u00e9 &#8211; Soy del clan Chiquenoi\"><img loading=\"lazy\" decoding=\"async\" src=\"https:\/\/ayore.org\/wp-content\/uploads\/2018\/10\/right-arrow.png\" width=\"50\" height=\"48\" alt=\"right arrow\"><\/a><\/div>\n","protected":false},"excerpt":{"rendered":"<p>\u00a0Dacasutedie U\u00f1anie \u00cdode Guerreros ayoreos de anta\u00f1o: Orob\u00f3jnai: Una de sus hijas fue nombrada Sabaide. \u00c9l fue miembro del clan Jnurumin\u00f3ri y era poderoso en las batallas. Cojn\u00e1inen\u00e9: Miembro del clan Cutamurajai, poderoso en las batallas y un guerrero feroz.<\/p>\n","protected":false},"author":2,"featured_media":0,"parent":294,"menu_order":0,"comment_status":"closed","ping_status":"closed","template":"","meta":{"footnotes":""},"class_list":["post-429","page","type-page","status-publish","hentry"],"yoast_head":"<!-- This site is optimized with the Yoast SEO plugin v27.4 - https:\/\/yoast.com\/product\/yoast-seo-wordpress\/ -->\n<title>Ayore\u0301 Historia Oral: Orob\u00f3jnai - Poderoso En La Batalla \u2022 Ayore.org<\/title>\n<meta name=\"robots\" content=\"index, follow, max-snippet:-1, max-image-preview:large, max-video-preview:-1\" \/>\n<link rel=\"canonical\" href=\"https:\/\/ayore.org\/es\/cultura\/historia-oral\/oidabiadeorobojnai-poderoso-en-la-batalla\/\" \/>\n<meta property=\"og:locale\" content=\"es_ES\" \/>\n<meta property=\"og:type\" content=\"article\" \/>\n<meta property=\"og:title\" content=\"Ayore\u0301 Historia Oral: Orob\u00f3jnai - Poderoso En La Batalla \u2022 Ayore.org\" \/>\n<meta property=\"og:description\" content=\"\u00a0Dacasutedie U\u00f1anie \u00cdode Guerreros ayoreos de anta\u00f1o: Orob\u00f3jnai: Una de sus hijas fue nombrada Sabaide. \u00c9l fue miembro del clan Jnurumin\u00f3ri y era poderoso en las batallas. Cojn\u00e1inen\u00e9: Miembro del clan Cutamurajai, poderoso en las batallas y un guerrero feroz.\" \/>\n<meta property=\"og:url\" content=\"https:\/\/ayore.org\/es\/cultura\/historia-oral\/oidabiadeorobojnai-poderoso-en-la-batalla\/\" \/>\n<meta property=\"og:site_name\" content=\"AYORE.ORG\" \/>\n<meta property=\"article:modified_time\" content=\"2019-03-07T22:46:44+00:00\" \/>\n<meta name=\"twitter:card\" content=\"summary_large_image\" \/>\n<meta name=\"twitter:label1\" content=\"Tiempo de lectura\" \/>\n\t<meta name=\"twitter:data1\" content=\"1 minuto\" \/>\n<script type=\"application\/ld+json\" class=\"yoast-schema-graph\">{\"@context\":\"https:\\\/\\\/schema.org\",\"@graph\":[{\"@type\":\"WebPage\",\"@id\":\"https:\\\/\\\/ayore.org\\\/es\\\/cultura\\\/historia-oral\\\/oidabiadeorobojnai-poderoso-en-la-batalla\\\/\",\"url\":\"https:\\\/\\\/ayore.org\\\/es\\\/cultura\\\/historia-oral\\\/oidabiadeorobojnai-poderoso-en-la-batalla\\\/\",\"name\":\"Ayore\u0301 Historia Oral: Orob\u00f3jnai - Poderoso En La Batalla \u2022 Ayore.org\",\"isPartOf\":{\"@id\":\"https:\\\/\\\/ayore.org\\\/#website\"},\"datePublished\":\"2018-07-25T00:23:19+00:00\",\"dateModified\":\"2019-03-07T22:46:44+00:00\",\"breadcrumb\":{\"@id\":\"https:\\\/\\\/ayore.org\\\/es\\\/cultura\\\/historia-oral\\\/oidabiadeorobojnai-poderoso-en-la-batalla\\\/#breadcrumb\"},\"inLanguage\":\"es-AR\",\"potentialAction\":[{\"@type\":\"ReadAction\",\"target\":[\"https:\\\/\\\/ayore.org\\\/es\\\/cultura\\\/historia-oral\\\/oidabiadeorobojnai-poderoso-en-la-batalla\\\/\"]}]},{\"@type\":\"BreadcrumbList\",\"@id\":\"https:\\\/\\\/ayore.org\\\/es\\\/cultura\\\/historia-oral\\\/oidabiadeorobojnai-poderoso-en-la-batalla\\\/#breadcrumb\",\"itemListElement\":[{\"@type\":\"ListItem\",\"position\":1,\"name\":\"Inicio\",\"item\":\"https:\\\/\\\/ayore.org\\\/es\\\/\"},{\"@type\":\"ListItem\",\"position\":2,\"name\":\"Cultura\",\"item\":\"https:\\\/\\\/ayore.org\\\/es\\\/cultura\\\/\"},{\"@type\":\"ListItem\",\"position\":3,\"name\":\"Historia Oral\",\"item\":\"https:\\\/\\\/ayore.org\\\/es\\\/cultura\\\/historia-oral\\\/\"},{\"@type\":\"ListItem\",\"position\":4,\"name\":\"Oid\u00e1biad\u00e9 &#8211; Poderoso en la batalla\"}]},{\"@type\":\"WebSite\",\"@id\":\"https:\\\/\\\/ayore.org\\\/#website\",\"url\":\"https:\\\/\\\/ayore.org\\\/\",\"name\":\"AYORE.ORG\",\"description\":\"Idioma, Cultura e Historia de la Tribu Ayor\u00e9\",\"potentialAction\":[{\"@type\":\"SearchAction\",\"target\":{\"@type\":\"EntryPoint\",\"urlTemplate\":\"https:\\\/\\\/ayore.org\\\/?s={search_term_string}\"},\"query-input\":{\"@type\":\"PropertyValueSpecification\",\"valueRequired\":true,\"valueName\":\"search_term_string\"}}],\"inLanguage\":\"es-AR\"}]}<\/script>\n<!-- \/ Yoast SEO plugin. -->","yoast_head_json":{"title":"Ayore\u0301 Historia Oral: Orob\u00f3jnai - Poderoso En La Batalla \u2022 Ayore.org","robots":{"index":"index","follow":"follow","max-snippet":"max-snippet:-1","max-image-preview":"max-image-preview:large","max-video-preview":"max-video-preview:-1"},"canonical":"https:\/\/ayore.org\/es\/cultura\/historia-oral\/oidabiadeorobojnai-poderoso-en-la-batalla\/","og_locale":"es_ES","og_type":"article","og_title":"Ayore\u0301 Historia Oral: Orob\u00f3jnai - Poderoso En La Batalla \u2022 Ayore.org","og_description":"\u00a0Dacasutedie U\u00f1anie \u00cdode Guerreros ayoreos de anta\u00f1o: Orob\u00f3jnai: Una de sus hijas fue nombrada Sabaide. \u00c9l fue miembro del clan Jnurumin\u00f3ri y era poderoso en las batallas. Cojn\u00e1inen\u00e9: Miembro del clan Cutamurajai, poderoso en las batallas y un guerrero feroz.","og_url":"https:\/\/ayore.org\/es\/cultura\/historia-oral\/oidabiadeorobojnai-poderoso-en-la-batalla\/","og_site_name":"AYORE.ORG","article_modified_time":"2019-03-07T22:46:44+00:00","twitter_card":"summary_large_image","twitter_misc":{"Tiempo de lectura":"1 minuto"},"schema":{"@context":"https:\/\/schema.org","@graph":[{"@type":"WebPage","@id":"https:\/\/ayore.org\/es\/cultura\/historia-oral\/oidabiadeorobojnai-poderoso-en-la-batalla\/","url":"https:\/\/ayore.org\/es\/cultura\/historia-oral\/oidabiadeorobojnai-poderoso-en-la-batalla\/","name":"Ayore\u0301 Historia Oral: Orob\u00f3jnai - Poderoso En La Batalla \u2022 Ayore.org","isPartOf":{"@id":"https:\/\/ayore.org\/#website"},"datePublished":"2018-07-25T00:23:19+00:00","dateModified":"2019-03-07T22:46:44+00:00","breadcrumb":{"@id":"https:\/\/ayore.org\/es\/cultura\/historia-oral\/oidabiadeorobojnai-poderoso-en-la-batalla\/#breadcrumb"},"inLanguage":"es-AR","potentialAction":[{"@type":"ReadAction","target":["https:\/\/ayore.org\/es\/cultura\/historia-oral\/oidabiadeorobojnai-poderoso-en-la-batalla\/"]}]},{"@type":"BreadcrumbList","@id":"https:\/\/ayore.org\/es\/cultura\/historia-oral\/oidabiadeorobojnai-poderoso-en-la-batalla\/#breadcrumb","itemListElement":[{"@type":"ListItem","position":1,"name":"Inicio","item":"https:\/\/ayore.org\/es\/"},{"@type":"ListItem","position":2,"name":"Cultura","item":"https:\/\/ayore.org\/es\/cultura\/"},{"@type":"ListItem","position":3,"name":"Historia Oral","item":"https:\/\/ayore.org\/es\/cultura\/historia-oral\/"},{"@type":"ListItem","position":4,"name":"Oid\u00e1biad\u00e9 &#8211; Poderoso en la batalla"}]},{"@type":"WebSite","@id":"https:\/\/ayore.org\/#website","url":"https:\/\/ayore.org\/","name":"AYORE.ORG","description":"Idioma, Cultura e Historia de la Tribu Ayor\u00e9","potentialAction":[{"@type":"SearchAction","target":{"@type":"EntryPoint","urlTemplate":"https:\/\/ayore.org\/?s={search_term_string}"},"query-input":{"@type":"PropertyValueSpecification","valueRequired":true,"valueName":"search_term_string"}}],"inLanguage":"es-AR"}]}},"_links":{"self":[{"href":"https:\/\/ayore.org\/es\/wp-json\/wp\/v2\/pages\/429","targetHints":{"allow":["GET"]}}],"collection":[{"href":"https:\/\/ayore.org\/es\/wp-json\/wp\/v2\/pages"}],"about":[{"href":"https:\/\/ayore.org\/es\/wp-json\/wp\/v2\/types\/page"}],"author":[{"embeddable":true,"href":"https:\/\/ayore.org\/es\/wp-json\/wp\/v2\/users\/2"}],"replies":[{"embeddable":true,"href":"https:\/\/ayore.org\/es\/wp-json\/wp\/v2\/comments?post=429"}],"version-history":[{"count":4,"href":"https:\/\/ayore.org\/es\/wp-json\/wp\/v2\/pages\/429\/revisions"}],"predecessor-version":[{"id":3383,"href":"https:\/\/ayore.org\/es\/wp-json\/wp\/v2\/pages\/429\/revisions\/3383"}],"up":[{"embeddable":true,"href":"https:\/\/ayore.org\/es\/wp-json\/wp\/v2\/pages\/294"}],"wp:attachment":[{"href":"https:\/\/ayore.org\/es\/wp-json\/wp\/v2\/media?parent=429"}],"curies":[{"name":"wp","href":"https:\/\/api.w.org\/{rel}","templated":true}]}}