{"id":427,"date":"2018-07-25T00:18:34","date_gmt":"2018-07-25T00:18:34","guid":{"rendered":"https:\/\/ayore.org\/?page_id=427"},"modified":"2019-03-07T22:21:27","modified_gmt":"2019-03-07T22:21:27","slug":"oidabiade-trae-a-tinaine-para-encontrar-cosas-perdidas","status":"publish","type":"page","link":"https:\/\/ayore.org\/es\/cultura\/historia-oral\/oidabiade-trae-a-tinaine-para-encontrar-cosas-perdidas\/","title":{"rendered":"Oid\u00e1biad\u00e9 &#8211; Trae a Tinaine para encontrar cosas perdidas"},"content":{"rendered":"<p><em>Cucha Bijn\u00e1ngone Guiyango\u0303\u0301ri<\/em><\/p>\n<p><strong>El descubridor de las cosas perdidas\u00a0<\/strong><\/p>\n<p><strong><em>Voy a contar sobre el que pod\u00eda encontrar cosas perdidas:<\/em><\/strong><\/p>\n<p>Dicen que el que pod\u00eda encontrar cosas perdidas era Tinaine.<\/p>\n<p>Dir\u00edan: &#8220;Dile a Tinaine que venga, \u00e9l lo encontrar\u00e1.&#8221;<\/p>\n<p>Y cuando trajeron a Tinaine, tan pronto como lleg\u00f3 all\u00ed, ir\u00eda derecho a donde estaba lo perdido.<\/p>\n<p>Y \u00e9l dec\u00eda: &#8220;Esto es lo que estabas buscando.&#8221;<\/p>\n<p>Y as\u00ed, se sabe que el descubridor de las cosas perdidas era Tinaine.<\/p>\n<p><em>Oid\u00e1biad\u00e9 \u2013 Campo Loro, Paraguay \u2013 1988.<\/em><\/p>\n<p><em>Transcrito y traducido al espa\u00f1ol por: Maxine Morarie.<\/em><\/p>\n<div class=\"navigation\"><div class=\"alignleft\"><a href=\"https:\/\/ayore.org\/es\/cultura\/historia-oral\/oidabiade-su-furia-los-vencio\/\"title=\"Oid\u00e1biad\u00e9 &#8211; Su furia los venci\u00f3\"><img loading=\"lazy\" decoding=\"async\" src=\"https:\/\/ayore.org\/wp-content\/uploads\/2018\/10\/left-arrow.png\" width=\"50\" height=\"48\" alt=\"left arrow\"><\/a><\/div><div class=\"alignright\"><a href=\"https:\/\/ayore.org\/es\/cultura\/historia-oral\/oidabiadeorobojnai-poderoso-en-la-batalla\/\"title=\"Oid\u00e1biad\u00e9 &#8211; Poderoso en la batalla\"><img loading=\"lazy\" decoding=\"async\" src=\"https:\/\/ayore.org\/wp-content\/uploads\/2018\/10\/right-arrow.png\" width=\"50\" height=\"48\" alt=\"right arrow\"><\/a><\/div>\n","protected":false},"excerpt":{"rendered":"<p>Cucha Bijn\u00e1ngone Guiyango\u0303\u0301ri El descubridor de las cosas perdidas\u00a0 Voy a contar sobre el que pod\u00eda encontrar cosas perdidas: Dicen que el que pod\u00eda encontrar cosas perdidas era Tinaine. Dir\u00edan: &#8220;Dile a Tinaine que venga, \u00e9l lo encontrar\u00e1.&#8221; Y cuando<\/p>\n","protected":false},"author":2,"featured_media":0,"parent":294,"menu_order":0,"comment_status":"closed","ping_status":"closed","template":"","meta":{"footnotes":""},"class_list":["post-427","page","type-page","status-publish","hentry"],"yoast_head":"<!-- This site is optimized with the Yoast SEO plugin v27.4 - https:\/\/yoast.com\/product\/yoast-seo-wordpress\/ -->\n<title>Ayore\u0301 Historia Oral: Trae A Tinaine Para Encontrar Cosas Perdidas \u2022 Ayore.org<\/title>\n<meta name=\"robots\" content=\"index, follow, max-snippet:-1, max-image-preview:large, max-video-preview:-1\" \/>\n<link rel=\"canonical\" href=\"https:\/\/ayore.org\/es\/cultura\/historia-oral\/oidabiade-trae-a-tinaine-para-encontrar-cosas-perdidas\/\" \/>\n<meta property=\"og:locale\" content=\"es_ES\" \/>\n<meta property=\"og:type\" content=\"article\" \/>\n<meta property=\"og:title\" content=\"Ayore\u0301 Historia Oral: Trae A Tinaine Para Encontrar Cosas Perdidas \u2022 Ayore.org\" \/>\n<meta property=\"og:description\" content=\"Cucha Bijn\u00e1ngone Guiyango\u0303\u0301ri El descubridor de las cosas perdidas\u00a0 Voy a contar sobre el que pod\u00eda encontrar cosas perdidas: Dicen que el que pod\u00eda encontrar cosas perdidas era Tinaine. Dir\u00edan: &#8220;Dile a Tinaine que venga, \u00e9l lo encontrar\u00e1.&#8221; Y cuando\" \/>\n<meta property=\"og:url\" content=\"https:\/\/ayore.org\/es\/cultura\/historia-oral\/oidabiade-trae-a-tinaine-para-encontrar-cosas-perdidas\/\" \/>\n<meta property=\"og:site_name\" content=\"AYORE.ORG\" \/>\n<meta property=\"article:modified_time\" content=\"2019-03-07T22:21:27+00:00\" \/>\n<meta name=\"twitter:card\" content=\"summary_large_image\" \/>\n<script type=\"application\/ld+json\" class=\"yoast-schema-graph\">{\"@context\":\"https:\\\/\\\/schema.org\",\"@graph\":[{\"@type\":\"WebPage\",\"@id\":\"https:\\\/\\\/ayore.org\\\/es\\\/cultura\\\/historia-oral\\\/oidabiade-trae-a-tinaine-para-encontrar-cosas-perdidas\\\/\",\"url\":\"https:\\\/\\\/ayore.org\\\/es\\\/cultura\\\/historia-oral\\\/oidabiade-trae-a-tinaine-para-encontrar-cosas-perdidas\\\/\",\"name\":\"Ayore\u0301 Historia Oral: Trae A Tinaine Para Encontrar Cosas Perdidas \u2022 Ayore.org\",\"isPartOf\":{\"@id\":\"https:\\\/\\\/ayore.org\\\/#website\"},\"datePublished\":\"2018-07-25T00:18:34+00:00\",\"dateModified\":\"2019-03-07T22:21:27+00:00\",\"breadcrumb\":{\"@id\":\"https:\\\/\\\/ayore.org\\\/es\\\/cultura\\\/historia-oral\\\/oidabiade-trae-a-tinaine-para-encontrar-cosas-perdidas\\\/#breadcrumb\"},\"inLanguage\":\"es-AR\",\"potentialAction\":[{\"@type\":\"ReadAction\",\"target\":[\"https:\\\/\\\/ayore.org\\\/es\\\/cultura\\\/historia-oral\\\/oidabiade-trae-a-tinaine-para-encontrar-cosas-perdidas\\\/\"]}]},{\"@type\":\"BreadcrumbList\",\"@id\":\"https:\\\/\\\/ayore.org\\\/es\\\/cultura\\\/historia-oral\\\/oidabiade-trae-a-tinaine-para-encontrar-cosas-perdidas\\\/#breadcrumb\",\"itemListElement\":[{\"@type\":\"ListItem\",\"position\":1,\"name\":\"Inicio\",\"item\":\"https:\\\/\\\/ayore.org\\\/es\\\/\"},{\"@type\":\"ListItem\",\"position\":2,\"name\":\"Cultura\",\"item\":\"https:\\\/\\\/ayore.org\\\/es\\\/cultura\\\/\"},{\"@type\":\"ListItem\",\"position\":3,\"name\":\"Historia Oral\",\"item\":\"https:\\\/\\\/ayore.org\\\/es\\\/cultura\\\/historia-oral\\\/\"},{\"@type\":\"ListItem\",\"position\":4,\"name\":\"Oid\u00e1biad\u00e9 &#8211; Trae a Tinaine para encontrar cosas perdidas\"}]},{\"@type\":\"WebSite\",\"@id\":\"https:\\\/\\\/ayore.org\\\/#website\",\"url\":\"https:\\\/\\\/ayore.org\\\/\",\"name\":\"AYORE.ORG\",\"description\":\"Idioma, Cultura e Historia de la Tribu Ayor\u00e9\",\"potentialAction\":[{\"@type\":\"SearchAction\",\"target\":{\"@type\":\"EntryPoint\",\"urlTemplate\":\"https:\\\/\\\/ayore.org\\\/?s={search_term_string}\"},\"query-input\":{\"@type\":\"PropertyValueSpecification\",\"valueRequired\":true,\"valueName\":\"search_term_string\"}}],\"inLanguage\":\"es-AR\"}]}<\/script>\n<!-- \/ Yoast SEO plugin. -->","yoast_head_json":{"title":"Ayore\u0301 Historia Oral: Trae A Tinaine Para Encontrar Cosas Perdidas \u2022 Ayore.org","robots":{"index":"index","follow":"follow","max-snippet":"max-snippet:-1","max-image-preview":"max-image-preview:large","max-video-preview":"max-video-preview:-1"},"canonical":"https:\/\/ayore.org\/es\/cultura\/historia-oral\/oidabiade-trae-a-tinaine-para-encontrar-cosas-perdidas\/","og_locale":"es_ES","og_type":"article","og_title":"Ayore\u0301 Historia Oral: Trae A Tinaine Para Encontrar Cosas Perdidas \u2022 Ayore.org","og_description":"Cucha Bijn\u00e1ngone Guiyango\u0303\u0301ri El descubridor de las cosas perdidas\u00a0 Voy a contar sobre el que pod\u00eda encontrar cosas perdidas: Dicen que el que pod\u00eda encontrar cosas perdidas era Tinaine. Dir\u00edan: &#8220;Dile a Tinaine que venga, \u00e9l lo encontrar\u00e1.&#8221; Y cuando","og_url":"https:\/\/ayore.org\/es\/cultura\/historia-oral\/oidabiade-trae-a-tinaine-para-encontrar-cosas-perdidas\/","og_site_name":"AYORE.ORG","article_modified_time":"2019-03-07T22:21:27+00:00","twitter_card":"summary_large_image","schema":{"@context":"https:\/\/schema.org","@graph":[{"@type":"WebPage","@id":"https:\/\/ayore.org\/es\/cultura\/historia-oral\/oidabiade-trae-a-tinaine-para-encontrar-cosas-perdidas\/","url":"https:\/\/ayore.org\/es\/cultura\/historia-oral\/oidabiade-trae-a-tinaine-para-encontrar-cosas-perdidas\/","name":"Ayore\u0301 Historia Oral: Trae A Tinaine Para Encontrar Cosas Perdidas \u2022 Ayore.org","isPartOf":{"@id":"https:\/\/ayore.org\/#website"},"datePublished":"2018-07-25T00:18:34+00:00","dateModified":"2019-03-07T22:21:27+00:00","breadcrumb":{"@id":"https:\/\/ayore.org\/es\/cultura\/historia-oral\/oidabiade-trae-a-tinaine-para-encontrar-cosas-perdidas\/#breadcrumb"},"inLanguage":"es-AR","potentialAction":[{"@type":"ReadAction","target":["https:\/\/ayore.org\/es\/cultura\/historia-oral\/oidabiade-trae-a-tinaine-para-encontrar-cosas-perdidas\/"]}]},{"@type":"BreadcrumbList","@id":"https:\/\/ayore.org\/es\/cultura\/historia-oral\/oidabiade-trae-a-tinaine-para-encontrar-cosas-perdidas\/#breadcrumb","itemListElement":[{"@type":"ListItem","position":1,"name":"Inicio","item":"https:\/\/ayore.org\/es\/"},{"@type":"ListItem","position":2,"name":"Cultura","item":"https:\/\/ayore.org\/es\/cultura\/"},{"@type":"ListItem","position":3,"name":"Historia Oral","item":"https:\/\/ayore.org\/es\/cultura\/historia-oral\/"},{"@type":"ListItem","position":4,"name":"Oid\u00e1biad\u00e9 &#8211; Trae a Tinaine para encontrar cosas perdidas"}]},{"@type":"WebSite","@id":"https:\/\/ayore.org\/#website","url":"https:\/\/ayore.org\/","name":"AYORE.ORG","description":"Idioma, Cultura e Historia de la Tribu Ayor\u00e9","potentialAction":[{"@type":"SearchAction","target":{"@type":"EntryPoint","urlTemplate":"https:\/\/ayore.org\/?s={search_term_string}"},"query-input":{"@type":"PropertyValueSpecification","valueRequired":true,"valueName":"search_term_string"}}],"inLanguage":"es-AR"}]}},"_links":{"self":[{"href":"https:\/\/ayore.org\/es\/wp-json\/wp\/v2\/pages\/427","targetHints":{"allow":["GET"]}}],"collection":[{"href":"https:\/\/ayore.org\/es\/wp-json\/wp\/v2\/pages"}],"about":[{"href":"https:\/\/ayore.org\/es\/wp-json\/wp\/v2\/types\/page"}],"author":[{"embeddable":true,"href":"https:\/\/ayore.org\/es\/wp-json\/wp\/v2\/users\/2"}],"replies":[{"embeddable":true,"href":"https:\/\/ayore.org\/es\/wp-json\/wp\/v2\/comments?post=427"}],"version-history":[{"count":3,"href":"https:\/\/ayore.org\/es\/wp-json\/wp\/v2\/pages\/427\/revisions"}],"predecessor-version":[{"id":3375,"href":"https:\/\/ayore.org\/es\/wp-json\/wp\/v2\/pages\/427\/revisions\/3375"}],"up":[{"embeddable":true,"href":"https:\/\/ayore.org\/es\/wp-json\/wp\/v2\/pages\/294"}],"wp:attachment":[{"href":"https:\/\/ayore.org\/es\/wp-json\/wp\/v2\/media?parent=427"}],"curies":[{"name":"wp","href":"https:\/\/api.w.org\/{rel}","templated":true}]}}