{"id":425,"date":"2018-07-25T00:09:32","date_gmt":"2018-07-25T00:09:32","guid":{"rendered":"https:\/\/ayore.org\/?page_id=425"},"modified":"2019-03-07T22:06:18","modified_gmt":"2019-03-07T22:06:18","slug":"oidabiade-su-furia-los-vencio","status":"publish","type":"page","link":"https:\/\/ayore.org\/es\/cultura\/historia-oral\/oidabiade-su-furia-los-vencio\/","title":{"rendered":"Oid\u00e1biad\u00e9 &#8211; Su furia los venci\u00f3"},"content":{"rendered":"<p><em style=\"font-size: 1rem;\">Chuque Pade ore I\u00f1o\u00f1ai<\/em><\/p>\n<p><strong><em>La matanza del funcionario feo del Pade:<\/em><\/strong><\/p>\n<p>Dicen que los ayoreos que vivieron hace mucho tiempo mataron a un funcionario feo del *Pade.<\/p>\n<p>Dicen que vencidos por la furia, se sacaron su ira sobre \u00e9l.<\/p>\n<p>Dijeron esto sobre los del <em>clan<\/em> <em>Picanerai, <\/em>que ellos no podian ser superados.\u00a0Pues ellos eran perseguidores, y dondequiera que iban, persiguieron a sus compa\u00f1eros ayoreos.<\/p>\n<p>Y as\u00ed fue que los otros clanes fueron vencidos por la furia, y fueron ellos que se prepararon para poder matar al funcionario feo del Pade. Para enojarse lo suficiente como para matar,\u00a0 respiraron profundamente y expulsaron la respiracio\u0301n con fuerza, cantando \u2018<em>\u00a1j\u00e9rere, j\u00e9rere!<\/em>.\u2019<\/p>\n<p>A pesar de esto, los otros clanes no pod\u00edan alcanzar a los Picanerane en la carrera para matarlo al funcionario feo del Pade.<\/p>\n<p>Dicen que los otros clanes se esforzaban por matar a sus vi\u0301ctimas. Eso es porque\u0301 la furia entonces los controlari\u0301a.<\/p>\n<p>Pero no los Picanerane. No teni\u0301an que esforzarse para matar vi\u0301ctimas. Esto es porque ellos podri\u0301an controlar la furia.<\/p>\n<p>*<strong><em>Pade<\/em><\/strong> \u2013\u00a0 Probablemente es un t\u00e9rmino que los ayoreos usaron para referirse a los sacerdotes jesuitas que se llamaban \u2018padres.\u2019<\/p>\n<p><em>Oida\u0301biade\u0301 &#8211; Campo Loro, Paraguay &#8211; 1988<\/em><\/p>\n<p><em>Transcrito y traducido al espan\u0303ol por: Maxine Morarie.<\/em><\/p>\n<div id=\"main\">\n<div id=\"cnt\" class=\" mdm\">\n<div class=\"mw\">\n<div id=\"rcnt\">\n<div class=\"col\">\n<div id=\"center_col\">\n<div id=\"res\" class=\"med\" role=\"main\">\n<div id=\"search\">\n<div data-ved=\"0ahUKEwjomITL-_DgAhVk7oMKHVVqDhcQGggp\">\n<div id=\"ires\" data-async-context=\"query:translate%20english%20to%20spanish\">\n<div id=\"rso\">\n<div class=\"bkWMgd\">\n<div class=\"g knavi obcontainer mod\" data-ved=\"2ahUKEwjomITL-_DgAhVk7oMKHVVqDhcQkCkwAHoECAMQAA\" data-hveid=\"CAMQAA\" data-md=\"77\">\n<div data-hveid=\"CAMQAQ\">\n<div id=\"tw-container\" class=\"vk_c\" data-ulf=\"1\" data-uilc=\"en\" data-sm=\"1\" data-nttsd=\"1\" data-nnttsvi=\"1\" data-exp=\"1\" data-cp=\"1\">\n<div id=\"uid_2\" class=\"r-iFA3LlLA1CSM xpdbox xpdclose\">\n<div class=\"vk_bk r-i2AnQ5eUDVnM\">\n<div id=\"tw-ob\">\n<div class=\"oSioSc\">\n<div id=\"tw-target\">\n<div id=\"tw-target-text-container\" class=\"gsrt tw-ta-container tw-nfl\">\n<pre id=\"tw-target-text\" class=\"tw-data-text tw-ta tw-text-small\" dir=\"ltr\" data-placeholder=\"Translation\" data-fulltext=\"\"><\/pre>\n<\/div>\n<\/div>\n<\/div>\n<\/div>\n<\/div>\n<\/div>\n<\/div>\n<\/div>\n<\/div>\n<\/div>\n<\/div>\n<\/div>\n<\/div>\n<\/div>\n<\/div>\n<\/div>\n<\/div>\n<\/div>\n<\/div>\n<\/div>\n<\/div>\n<div class=\"navigation\"><div class=\"alignleft\"><a href=\"https:\/\/ayore.org\/es\/cultura\/historia-oral\/oidabiade-el-tapir-despega-con-un-hombre-ayore\/\"title=\"Oid\u00e1biad\u00e9 &#8211; El Tapir despega con un hombre Ayor\u00e9\"><img loading=\"lazy\" decoding=\"async\" src=\"https:\/\/ayore.org\/wp-content\/uploads\/2018\/10\/left-arrow.png\" width=\"50\" height=\"48\" alt=\"left arrow\"><\/a><\/div><div class=\"alignright\"><a href=\"https:\/\/ayore.org\/es\/cultura\/historia-oral\/oidabiade-trae-a-tinaine-para-encontrar-cosas-perdidas\/\"title=\"Oid\u00e1biad\u00e9 &#8211; Trae a Tinaine para encontrar cosas perdidas\"><img loading=\"lazy\" decoding=\"async\" src=\"https:\/\/ayore.org\/wp-content\/uploads\/2018\/10\/right-arrow.png\" width=\"50\" height=\"48\" alt=\"right arrow\"><\/a><\/div>\n","protected":false},"excerpt":{"rendered":"<p>Chuque Pade ore I\u00f1o\u00f1ai La matanza del funcionario feo del Pade: Dicen que los ayoreos que vivieron hace mucho tiempo mataron a un funcionario feo del *Pade. Dicen que vencidos por la furia, se sacaron su ira sobre \u00e9l. Dijeron<\/p>\n","protected":false},"author":2,"featured_media":0,"parent":294,"menu_order":0,"comment_status":"closed","ping_status":"closed","template":"","meta":{"footnotes":""},"class_list":["post-425","page","type-page","status-publish","hentry"],"yoast_head":"<!-- This site is optimized with the Yoast SEO plugin v27.4 - https:\/\/yoast.com\/product\/yoast-seo-wordpress\/ -->\n<title>Ayore\u0301 Historia Oral: Su Furia Los Venci\u00f3 \u2022 Ayore.org<\/title>\n<meta name=\"robots\" content=\"index, follow, max-snippet:-1, max-image-preview:large, max-video-preview:-1\" \/>\n<link rel=\"canonical\" href=\"https:\/\/ayore.org\/es\/cultura\/historia-oral\/oidabiade-su-furia-los-vencio\/\" \/>\n<meta property=\"og:locale\" content=\"es_ES\" \/>\n<meta property=\"og:type\" content=\"article\" \/>\n<meta property=\"og:title\" content=\"Ayore\u0301 Historia Oral: Su Furia Los Venci\u00f3 \u2022 Ayore.org\" \/>\n<meta property=\"og:description\" content=\"Chuque Pade ore I\u00f1o\u00f1ai La matanza del funcionario feo del Pade: Dicen que los ayoreos que vivieron hace mucho tiempo mataron a un funcionario feo del *Pade. Dicen que vencidos por la furia, se sacaron su ira sobre \u00e9l. Dijeron\" \/>\n<meta property=\"og:url\" content=\"https:\/\/ayore.org\/es\/cultura\/historia-oral\/oidabiade-su-furia-los-vencio\/\" \/>\n<meta property=\"og:site_name\" content=\"AYORE.ORG\" \/>\n<meta property=\"article:modified_time\" content=\"2019-03-07T22:06:18+00:00\" \/>\n<meta name=\"twitter:card\" content=\"summary_large_image\" \/>\n<meta name=\"twitter:label1\" content=\"Tiempo de lectura\" \/>\n\t<meta name=\"twitter:data1\" content=\"1 minuto\" \/>\n<script type=\"application\/ld+json\" class=\"yoast-schema-graph\">{\"@context\":\"https:\\\/\\\/schema.org\",\"@graph\":[{\"@type\":\"WebPage\",\"@id\":\"https:\\\/\\\/ayore.org\\\/es\\\/cultura\\\/historia-oral\\\/oidabiade-su-furia-los-vencio\\\/\",\"url\":\"https:\\\/\\\/ayore.org\\\/es\\\/cultura\\\/historia-oral\\\/oidabiade-su-furia-los-vencio\\\/\",\"name\":\"Ayore\u0301 Historia Oral: Su Furia Los Venci\u00f3 \u2022 Ayore.org\",\"isPartOf\":{\"@id\":\"https:\\\/\\\/ayore.org\\\/#website\"},\"datePublished\":\"2018-07-25T00:09:32+00:00\",\"dateModified\":\"2019-03-07T22:06:18+00:00\",\"breadcrumb\":{\"@id\":\"https:\\\/\\\/ayore.org\\\/es\\\/cultura\\\/historia-oral\\\/oidabiade-su-furia-los-vencio\\\/#breadcrumb\"},\"inLanguage\":\"es-AR\",\"potentialAction\":[{\"@type\":\"ReadAction\",\"target\":[\"https:\\\/\\\/ayore.org\\\/es\\\/cultura\\\/historia-oral\\\/oidabiade-su-furia-los-vencio\\\/\"]}]},{\"@type\":\"BreadcrumbList\",\"@id\":\"https:\\\/\\\/ayore.org\\\/es\\\/cultura\\\/historia-oral\\\/oidabiade-su-furia-los-vencio\\\/#breadcrumb\",\"itemListElement\":[{\"@type\":\"ListItem\",\"position\":1,\"name\":\"Inicio\",\"item\":\"https:\\\/\\\/ayore.org\\\/es\\\/\"},{\"@type\":\"ListItem\",\"position\":2,\"name\":\"Cultura\",\"item\":\"https:\\\/\\\/ayore.org\\\/es\\\/cultura\\\/\"},{\"@type\":\"ListItem\",\"position\":3,\"name\":\"Historia Oral\",\"item\":\"https:\\\/\\\/ayore.org\\\/es\\\/cultura\\\/historia-oral\\\/\"},{\"@type\":\"ListItem\",\"position\":4,\"name\":\"Oid\u00e1biad\u00e9 &#8211; Su furia los venci\u00f3\"}]},{\"@type\":\"WebSite\",\"@id\":\"https:\\\/\\\/ayore.org\\\/#website\",\"url\":\"https:\\\/\\\/ayore.org\\\/\",\"name\":\"AYORE.ORG\",\"description\":\"Idioma, Cultura e Historia de la Tribu Ayor\u00e9\",\"potentialAction\":[{\"@type\":\"SearchAction\",\"target\":{\"@type\":\"EntryPoint\",\"urlTemplate\":\"https:\\\/\\\/ayore.org\\\/?s={search_term_string}\"},\"query-input\":{\"@type\":\"PropertyValueSpecification\",\"valueRequired\":true,\"valueName\":\"search_term_string\"}}],\"inLanguage\":\"es-AR\"}]}<\/script>\n<!-- \/ Yoast SEO plugin. -->","yoast_head_json":{"title":"Ayore\u0301 Historia Oral: Su Furia Los Venci\u00f3 \u2022 Ayore.org","robots":{"index":"index","follow":"follow","max-snippet":"max-snippet:-1","max-image-preview":"max-image-preview:large","max-video-preview":"max-video-preview:-1"},"canonical":"https:\/\/ayore.org\/es\/cultura\/historia-oral\/oidabiade-su-furia-los-vencio\/","og_locale":"es_ES","og_type":"article","og_title":"Ayore\u0301 Historia Oral: Su Furia Los Venci\u00f3 \u2022 Ayore.org","og_description":"Chuque Pade ore I\u00f1o\u00f1ai La matanza del funcionario feo del Pade: Dicen que los ayoreos que vivieron hace mucho tiempo mataron a un funcionario feo del *Pade. Dicen que vencidos por la furia, se sacaron su ira sobre \u00e9l. Dijeron","og_url":"https:\/\/ayore.org\/es\/cultura\/historia-oral\/oidabiade-su-furia-los-vencio\/","og_site_name":"AYORE.ORG","article_modified_time":"2019-03-07T22:06:18+00:00","twitter_card":"summary_large_image","twitter_misc":{"Tiempo de lectura":"1 minuto"},"schema":{"@context":"https:\/\/schema.org","@graph":[{"@type":"WebPage","@id":"https:\/\/ayore.org\/es\/cultura\/historia-oral\/oidabiade-su-furia-los-vencio\/","url":"https:\/\/ayore.org\/es\/cultura\/historia-oral\/oidabiade-su-furia-los-vencio\/","name":"Ayore\u0301 Historia Oral: Su Furia Los Venci\u00f3 \u2022 Ayore.org","isPartOf":{"@id":"https:\/\/ayore.org\/#website"},"datePublished":"2018-07-25T00:09:32+00:00","dateModified":"2019-03-07T22:06:18+00:00","breadcrumb":{"@id":"https:\/\/ayore.org\/es\/cultura\/historia-oral\/oidabiade-su-furia-los-vencio\/#breadcrumb"},"inLanguage":"es-AR","potentialAction":[{"@type":"ReadAction","target":["https:\/\/ayore.org\/es\/cultura\/historia-oral\/oidabiade-su-furia-los-vencio\/"]}]},{"@type":"BreadcrumbList","@id":"https:\/\/ayore.org\/es\/cultura\/historia-oral\/oidabiade-su-furia-los-vencio\/#breadcrumb","itemListElement":[{"@type":"ListItem","position":1,"name":"Inicio","item":"https:\/\/ayore.org\/es\/"},{"@type":"ListItem","position":2,"name":"Cultura","item":"https:\/\/ayore.org\/es\/cultura\/"},{"@type":"ListItem","position":3,"name":"Historia Oral","item":"https:\/\/ayore.org\/es\/cultura\/historia-oral\/"},{"@type":"ListItem","position":4,"name":"Oid\u00e1biad\u00e9 &#8211; Su furia los venci\u00f3"}]},{"@type":"WebSite","@id":"https:\/\/ayore.org\/#website","url":"https:\/\/ayore.org\/","name":"AYORE.ORG","description":"Idioma, Cultura e Historia de la Tribu Ayor\u00e9","potentialAction":[{"@type":"SearchAction","target":{"@type":"EntryPoint","urlTemplate":"https:\/\/ayore.org\/?s={search_term_string}"},"query-input":{"@type":"PropertyValueSpecification","valueRequired":true,"valueName":"search_term_string"}}],"inLanguage":"es-AR"}]}},"_links":{"self":[{"href":"https:\/\/ayore.org\/es\/wp-json\/wp\/v2\/pages\/425","targetHints":{"allow":["GET"]}}],"collection":[{"href":"https:\/\/ayore.org\/es\/wp-json\/wp\/v2\/pages"}],"about":[{"href":"https:\/\/ayore.org\/es\/wp-json\/wp\/v2\/types\/page"}],"author":[{"embeddable":true,"href":"https:\/\/ayore.org\/es\/wp-json\/wp\/v2\/users\/2"}],"replies":[{"embeddable":true,"href":"https:\/\/ayore.org\/es\/wp-json\/wp\/v2\/comments?post=425"}],"version-history":[{"count":3,"href":"https:\/\/ayore.org\/es\/wp-json\/wp\/v2\/pages\/425\/revisions"}],"predecessor-version":[{"id":3369,"href":"https:\/\/ayore.org\/es\/wp-json\/wp\/v2\/pages\/425\/revisions\/3369"}],"up":[{"embeddable":true,"href":"https:\/\/ayore.org\/es\/wp-json\/wp\/v2\/pages\/294"}],"wp:attachment":[{"href":"https:\/\/ayore.org\/es\/wp-json\/wp\/v2\/media?parent=425"}],"curies":[{"name":"wp","href":"https:\/\/api.w.org\/{rel}","templated":true}]}}