{"id":423,"date":"2018-07-25T00:00:35","date_gmt":"2018-07-25T00:00:35","guid":{"rendered":"https:\/\/ayore.org\/?page_id=423"},"modified":"2019-03-07T20:27:36","modified_gmt":"2019-03-07T20:27:36","slug":"oidabiade-el-tapir-despega-con-un-hombre-ayore","status":"publish","type":"page","link":"https:\/\/ayore.org\/es\/cultura\/historia-oral\/oidabiade-el-tapir-despega-con-un-hombre-ayore\/","title":{"rendered":"Oid\u00e1biad\u00e9 &#8211; El Tapir despega con un hombre Ayor\u00e9"},"content":{"rendered":"<p><em>Cabayui Adode<\/em><\/p>\n<p><strong>La historia del Tapir (Anta) y el Hombre Ayore\u0301i<\/strong><\/p>\n<p><strong><em>Nos dicen que un tapir se fue con un hombre ayore\u0301i:<\/em><\/strong><strong><em>\u00a0\u00a0\u00a0\u00a0\u00a0\u00a0\u00a0\u00a0\u00a0\u00a0\u00a0 <\/em><\/strong><\/p>\n<p>El\u00a0 Ayore\u0301i hab\u00eda estado esperando a su esposa por el \u00e1rbol <em>dujna<\/em> d\u00f3nde iba a conseguir la miel. Y \u00e9l segu\u00eda all\u00ed esperando a que algo suceda. Y el tapir vino y se lo llev\u00f3.<\/p>\n<p>La esposa del hombre Ayore\u0301i vino detr\u00e1s de \u00e9l, pero cuando ella lleg\u00f3 al \u00e1rbol <em>dujna <\/em>no lo encontr\u00f3. Pensaba encontrarle recogiendo miel del \u00e1rbol <em>dujna, <\/em>\u00a0pero no lo encontr\u00f3, porque el tapir ya lo hab\u00eda llevado. El tapir y el Ayore\u0301i todav\u00eda estaban viajando a trav\u00e9s de las selvas.\u00a0 Finalmente el Ayore\u0301i sinti\u00f3 mucha hambre porque hab\u00edan estado viajando por un largo tiempo.\u00a0 Su hambre era tan severa que empez\u00f3 a gemir. \u00c9l dijo: &#8220;\u00a1Ooooo!&#8221; Cada vez que pensaba en la comida, gem\u00eda.<\/p>\n<p>El tapir lo escuch\u00f3 y le pregunt\u00f3: &#8220;\u00bfQu\u00e9 has dicho?&#8221;<\/p>\n<p>El Ayore\u0301i respondi\u00f3: &#8220;Yo no he dicho nada.\u201d<\/p>\n<p>Pero el tapir sab\u00eda que el Ayore\u0301i ten\u00eda hambre y es cuando el tapir defec\u00f3. Pero lo que sali\u00f3 fue &#8216;un tipo de miel que viene solamente de abejas amarillas&#8217;. El Ayore\u0301i empez\u00f3 a comer la miel y comi\u00f3 hasta que estaba lleno. La miel se origin\u00f3 desde el tapir que lo proporcion\u00f3 para uno de los primeros hombres ayoreos.<\/p>\n<p>El tapir tom\u00f3 al Ayore\u0301i con \u00e9l de nuevo y viajaron a trav\u00e9s de las selvas. Y al igual que la primera vez, el hombre sinti\u00f3 hambre y comenz\u00f3 a gemir. \u00c9l dijo: &#8220;\u00a1Oooooo!&#8221; Cada vez que pensaba en la comida, gem\u00eda.<\/p>\n<p>Pero el tapir sab\u00eda que el Ayore\u0301i ten\u00eda hambre y es cuando el tapir defec\u00f3 de nuevo. Pero lo que sali\u00f3 fue &#8216;un tipo de miel que viene solamente de peque\u00f1as abejas negras&#8217;. \u00a0El Ayore\u0301i empez\u00f3 a comer la miel y comi\u00f3 hasta que estaba lleno.<\/p>\n<p>Los ayoreos declaran que la miel origin\u00f3 desde el tapir.<\/p>\n<p>Salieron otra vez y viajaron a trav\u00e9s de las selvas y las mismas cosas ocurrieron. Despu\u00e9s de un largo tiempo el Ayore\u0301i sinti\u00f3 un gran hambre y comenz\u00f3 a gemir. &#8220;\u00a1Oooooo!&#8221; dec\u00eda cuando comenz\u00f3 de pensar en la comida.<\/p>\n<p>\u00bfQue dijiste?\u201d pregunt\u00f3 el tapir.<\/p>\n<p>Pero el Ayore\u0301i contest\u00f3, \u201cNo dije nada.\u201d Escondi\u00f3 sus palabras del tapir, porque no quiso avisarlo de su hambre.\u00a0 As\u00ed que el tapir sigui\u00f3 viaje. Pero despu\u00e9s de un largo tiempo defec\u00f3, y a\u00fan otra clase de miel sali\u00f3; esta vez sali\u00f3 &#8216;el tipo de miel que viene de la abeja negra que hace su nido en la tierra&#8217;. El Ayore\u0301i enseguida comenz\u00f3 a chuparlo, y no dejo hasta llenar su barriga.<\/p>\n<p>Esta vez cuando empezaron viaje por las selvas, el hombre Ayore\u0301i pensaba en su esposa cuando sinti\u00f3 hambre. Gem\u00eda diciendo, \u201c\u00a1Oooooo!\u201d Ten\u00eda mucho hambre.<\/p>\n<p>El tapir averigu\u00f3, \u201c\u00bfQue palabras has dicho?\u201d<\/p>\n<p>\u201cNo hice ning\u00fan sonido,\u201d respondi\u00f3 el hombre Ayore\u0301i.<\/p>\n<p>Y en eso el tapir defec\u00f3 y sali\u00f3 &#8216;miel que produce la grande abeja amarilla&#8217;, la que se parece mucho a las abejas domesticadas, pero no pica. Y chupaba la miel hasta que estaba lleno.<\/p>\n<p>Y de repente, las cosas cambiaron. El hombre Ayore\u0301i estaba ya en otra parte de la selva, lejos del tapir.<\/p>\n<p><em>Oid\u00e1biad\u00e9 \u2013 Campo Loro, Paraguay \u2013 1988.<\/em><\/p>\n<p><em>Transcrito y traducido al espa\u00f1ol por: Maxine Morarie.<\/em><\/p>\n<div class=\"navigation\"><div class=\"alignleft\"><a href=\"https:\/\/ayore.org\/es\/cultura\/historia-oral\/oidabiade-gente-de-las-tumbas\/\"title=\"Oid\u00e1biad\u00e9 &#8211; Gente de las tumbas\"><img loading=\"lazy\" decoding=\"async\" src=\"https:\/\/ayore.org\/wp-content\/uploads\/2018\/10\/left-arrow.png\" width=\"50\" height=\"48\" alt=\"left arrow\"><\/a><\/div><div class=\"alignright\"><a href=\"https:\/\/ayore.org\/es\/cultura\/historia-oral\/oidabiade-su-furia-los-vencio\/\"title=\"Oid\u00e1biad\u00e9 &#8211; Su furia los venci\u00f3\"><img loading=\"lazy\" decoding=\"async\" src=\"https:\/\/ayore.org\/wp-content\/uploads\/2018\/10\/right-arrow.png\" width=\"50\" height=\"48\" alt=\"right arrow\"><\/a><\/div>\n","protected":false},"excerpt":{"rendered":"<p>Cabayui Adode La historia del Tapir (Anta) y el Hombre Ayore\u0301i Nos dicen que un tapir se fue con un hombre ayore\u0301i:\u00a0\u00a0\u00a0\u00a0\u00a0\u00a0\u00a0\u00a0\u00a0\u00a0\u00a0 El\u00a0 Ayore\u0301i hab\u00eda estado esperando a su esposa por el \u00e1rbol dujna d\u00f3nde iba a conseguir la miel.<\/p>\n","protected":false},"author":2,"featured_media":0,"parent":294,"menu_order":0,"comment_status":"closed","ping_status":"closed","template":"","meta":{"footnotes":""},"class_list":["post-423","page","type-page","status-publish","hentry"],"yoast_head":"<!-- This site is optimized with the Yoast SEO plugin v27.4 - https:\/\/yoast.com\/product\/yoast-seo-wordpress\/ -->\n<title>Ayore\u0301 Historia Oral: El Tapir Despega Con Un Hombre Ayor\u00e9 \u2022 Ayore.org<\/title>\n<meta name=\"robots\" content=\"index, follow, max-snippet:-1, max-image-preview:large, max-video-preview:-1\" \/>\n<link rel=\"canonical\" href=\"https:\/\/ayore.org\/es\/cultura\/historia-oral\/oidabiade-el-tapir-despega-con-un-hombre-ayore\/\" \/>\n<meta property=\"og:locale\" content=\"es_ES\" \/>\n<meta property=\"og:type\" content=\"article\" \/>\n<meta property=\"og:title\" content=\"Ayore\u0301 Historia Oral: El Tapir Despega Con Un Hombre Ayor\u00e9 \u2022 Ayore.org\" \/>\n<meta property=\"og:description\" content=\"Cabayui Adode La historia del Tapir (Anta) y el Hombre Ayore\u0301i Nos dicen que un tapir se fue con un hombre ayore\u0301i:\u00a0\u00a0\u00a0\u00a0\u00a0\u00a0\u00a0\u00a0\u00a0\u00a0\u00a0 El\u00a0 Ayore\u0301i hab\u00eda estado esperando a su esposa por el \u00e1rbol dujna d\u00f3nde iba a conseguir la miel.\" \/>\n<meta property=\"og:url\" content=\"https:\/\/ayore.org\/es\/cultura\/historia-oral\/oidabiade-el-tapir-despega-con-un-hombre-ayore\/\" \/>\n<meta property=\"og:site_name\" content=\"AYORE.ORG\" \/>\n<meta property=\"article:modified_time\" content=\"2019-03-07T20:27:36+00:00\" \/>\n<meta name=\"twitter:card\" content=\"summary_large_image\" \/>\n<meta name=\"twitter:label1\" content=\"Tiempo de lectura\" \/>\n\t<meta name=\"twitter:data1\" content=\"3 minutos\" \/>\n<script type=\"application\/ld+json\" class=\"yoast-schema-graph\">{\"@context\":\"https:\\\/\\\/schema.org\",\"@graph\":[{\"@type\":\"WebPage\",\"@id\":\"https:\\\/\\\/ayore.org\\\/es\\\/cultura\\\/historia-oral\\\/oidabiade-el-tapir-despega-con-un-hombre-ayore\\\/\",\"url\":\"https:\\\/\\\/ayore.org\\\/es\\\/cultura\\\/historia-oral\\\/oidabiade-el-tapir-despega-con-un-hombre-ayore\\\/\",\"name\":\"Ayore\u0301 Historia Oral: El Tapir Despega Con Un Hombre Ayor\u00e9 \u2022 Ayore.org\",\"isPartOf\":{\"@id\":\"https:\\\/\\\/ayore.org\\\/#website\"},\"datePublished\":\"2018-07-25T00:00:35+00:00\",\"dateModified\":\"2019-03-07T20:27:36+00:00\",\"breadcrumb\":{\"@id\":\"https:\\\/\\\/ayore.org\\\/es\\\/cultura\\\/historia-oral\\\/oidabiade-el-tapir-despega-con-un-hombre-ayore\\\/#breadcrumb\"},\"inLanguage\":\"es-AR\",\"potentialAction\":[{\"@type\":\"ReadAction\",\"target\":[\"https:\\\/\\\/ayore.org\\\/es\\\/cultura\\\/historia-oral\\\/oidabiade-el-tapir-despega-con-un-hombre-ayore\\\/\"]}]},{\"@type\":\"BreadcrumbList\",\"@id\":\"https:\\\/\\\/ayore.org\\\/es\\\/cultura\\\/historia-oral\\\/oidabiade-el-tapir-despega-con-un-hombre-ayore\\\/#breadcrumb\",\"itemListElement\":[{\"@type\":\"ListItem\",\"position\":1,\"name\":\"Inicio\",\"item\":\"https:\\\/\\\/ayore.org\\\/es\\\/\"},{\"@type\":\"ListItem\",\"position\":2,\"name\":\"Cultura\",\"item\":\"https:\\\/\\\/ayore.org\\\/es\\\/cultura\\\/\"},{\"@type\":\"ListItem\",\"position\":3,\"name\":\"Historia Oral\",\"item\":\"https:\\\/\\\/ayore.org\\\/es\\\/cultura\\\/historia-oral\\\/\"},{\"@type\":\"ListItem\",\"position\":4,\"name\":\"Oid\u00e1biad\u00e9 &#8211; El Tapir despega con un hombre Ayor\u00e9\"}]},{\"@type\":\"WebSite\",\"@id\":\"https:\\\/\\\/ayore.org\\\/#website\",\"url\":\"https:\\\/\\\/ayore.org\\\/\",\"name\":\"AYORE.ORG\",\"description\":\"Idioma, Cultura e Historia de la Tribu Ayor\u00e9\",\"potentialAction\":[{\"@type\":\"SearchAction\",\"target\":{\"@type\":\"EntryPoint\",\"urlTemplate\":\"https:\\\/\\\/ayore.org\\\/?s={search_term_string}\"},\"query-input\":{\"@type\":\"PropertyValueSpecification\",\"valueRequired\":true,\"valueName\":\"search_term_string\"}}],\"inLanguage\":\"es-AR\"}]}<\/script>\n<!-- \/ Yoast SEO plugin. -->","yoast_head_json":{"title":"Ayore\u0301 Historia Oral: El Tapir Despega Con Un Hombre Ayor\u00e9 \u2022 Ayore.org","robots":{"index":"index","follow":"follow","max-snippet":"max-snippet:-1","max-image-preview":"max-image-preview:large","max-video-preview":"max-video-preview:-1"},"canonical":"https:\/\/ayore.org\/es\/cultura\/historia-oral\/oidabiade-el-tapir-despega-con-un-hombre-ayore\/","og_locale":"es_ES","og_type":"article","og_title":"Ayore\u0301 Historia Oral: El Tapir Despega Con Un Hombre Ayor\u00e9 \u2022 Ayore.org","og_description":"Cabayui Adode La historia del Tapir (Anta) y el Hombre Ayore\u0301i Nos dicen que un tapir se fue con un hombre ayore\u0301i:\u00a0\u00a0\u00a0\u00a0\u00a0\u00a0\u00a0\u00a0\u00a0\u00a0\u00a0 El\u00a0 Ayore\u0301i hab\u00eda estado esperando a su esposa por el \u00e1rbol dujna d\u00f3nde iba a conseguir la miel.","og_url":"https:\/\/ayore.org\/es\/cultura\/historia-oral\/oidabiade-el-tapir-despega-con-un-hombre-ayore\/","og_site_name":"AYORE.ORG","article_modified_time":"2019-03-07T20:27:36+00:00","twitter_card":"summary_large_image","twitter_misc":{"Tiempo de lectura":"3 minutos"},"schema":{"@context":"https:\/\/schema.org","@graph":[{"@type":"WebPage","@id":"https:\/\/ayore.org\/es\/cultura\/historia-oral\/oidabiade-el-tapir-despega-con-un-hombre-ayore\/","url":"https:\/\/ayore.org\/es\/cultura\/historia-oral\/oidabiade-el-tapir-despega-con-un-hombre-ayore\/","name":"Ayore\u0301 Historia Oral: El Tapir Despega Con Un Hombre Ayor\u00e9 \u2022 Ayore.org","isPartOf":{"@id":"https:\/\/ayore.org\/#website"},"datePublished":"2018-07-25T00:00:35+00:00","dateModified":"2019-03-07T20:27:36+00:00","breadcrumb":{"@id":"https:\/\/ayore.org\/es\/cultura\/historia-oral\/oidabiade-el-tapir-despega-con-un-hombre-ayore\/#breadcrumb"},"inLanguage":"es-AR","potentialAction":[{"@type":"ReadAction","target":["https:\/\/ayore.org\/es\/cultura\/historia-oral\/oidabiade-el-tapir-despega-con-un-hombre-ayore\/"]}]},{"@type":"BreadcrumbList","@id":"https:\/\/ayore.org\/es\/cultura\/historia-oral\/oidabiade-el-tapir-despega-con-un-hombre-ayore\/#breadcrumb","itemListElement":[{"@type":"ListItem","position":1,"name":"Inicio","item":"https:\/\/ayore.org\/es\/"},{"@type":"ListItem","position":2,"name":"Cultura","item":"https:\/\/ayore.org\/es\/cultura\/"},{"@type":"ListItem","position":3,"name":"Historia Oral","item":"https:\/\/ayore.org\/es\/cultura\/historia-oral\/"},{"@type":"ListItem","position":4,"name":"Oid\u00e1biad\u00e9 &#8211; El Tapir despega con un hombre Ayor\u00e9"}]},{"@type":"WebSite","@id":"https:\/\/ayore.org\/#website","url":"https:\/\/ayore.org\/","name":"AYORE.ORG","description":"Idioma, Cultura e Historia de la Tribu Ayor\u00e9","potentialAction":[{"@type":"SearchAction","target":{"@type":"EntryPoint","urlTemplate":"https:\/\/ayore.org\/?s={search_term_string}"},"query-input":{"@type":"PropertyValueSpecification","valueRequired":true,"valueName":"search_term_string"}}],"inLanguage":"es-AR"}]}},"_links":{"self":[{"href":"https:\/\/ayore.org\/es\/wp-json\/wp\/v2\/pages\/423","targetHints":{"allow":["GET"]}}],"collection":[{"href":"https:\/\/ayore.org\/es\/wp-json\/wp\/v2\/pages"}],"about":[{"href":"https:\/\/ayore.org\/es\/wp-json\/wp\/v2\/types\/page"}],"author":[{"embeddable":true,"href":"https:\/\/ayore.org\/es\/wp-json\/wp\/v2\/users\/2"}],"replies":[{"embeddable":true,"href":"https:\/\/ayore.org\/es\/wp-json\/wp\/v2\/comments?post=423"}],"version-history":[{"count":4,"href":"https:\/\/ayore.org\/es\/wp-json\/wp\/v2\/pages\/423\/revisions"}],"predecessor-version":[{"id":3363,"href":"https:\/\/ayore.org\/es\/wp-json\/wp\/v2\/pages\/423\/revisions\/3363"}],"up":[{"embeddable":true,"href":"https:\/\/ayore.org\/es\/wp-json\/wp\/v2\/pages\/294"}],"wp:attachment":[{"href":"https:\/\/ayore.org\/es\/wp-json\/wp\/v2\/media?parent=423"}],"curies":[{"name":"wp","href":"https:\/\/api.w.org\/{rel}","templated":true}]}}