{"id":418,"date":"2018-07-24T23:43:26","date_gmt":"2018-07-24T23:43:26","guid":{"rendered":"https:\/\/ayore.org\/?page_id=418"},"modified":"2019-03-07T19:32:07","modified_gmt":"2019-03-07T19:32:07","slug":"oidabiade-taparrabos-atados-alrededor-de-hombres-del-clan-picanerai","status":"publish","type":"page","link":"https:\/\/ayore.org\/es\/cultura\/historia-oral\/oidabiade-taparrabos-atados-alrededor-de-hombres-del-clan-picanerai\/","title":{"rendered":"Oida\u0301biade\u0301 &#8211; Ataron el taparrabo alrededor del hombre del clan Picanerai"},"content":{"rendered":"<p><em>Borade &#8211; <\/em><em>As\u00f5renie Ore<\/em><\/p>\n<div id=\"main\">\n<div id=\"cnt\" class=\" mdm\">\n<div class=\"mw\">\n<div id=\"rcnt\">\n<div class=\"col\">\n<div id=\"center_col\">\n<div id=\"res\" class=\"med\" role=\"main\">\n<div id=\"search\">\n<div data-ved=\"0ahUKEwjWu5yO2vDgAhXIoYMKHR0jAtUQGggp\">\n<div id=\"ires\" data-async-context=\"query:translate%20english%20to%20spanish\">\n<div id=\"rso\">\n<div class=\"bkWMgd\">\n<div class=\"g knavi obcontainer mod\" data-ved=\"2ahUKEwjWu5yO2vDgAhXIoYMKHR0jAtUQkCkwAHoECAEQAA\" data-hveid=\"CAEQAA\" data-md=\"77\">\n<div data-hveid=\"CAEQAQ\">\n<div id=\"tw-container\" class=\"vk_c\" data-ulf=\"1\" data-uilc=\"en\" data-sm=\"1\" data-nttsd=\"1\" data-nnttsvi=\"1\" data-exp=\"1\" data-cp=\"1\">\n<div id=\"uid_2\" class=\"r-ieQ_0CoPZp_8 xpdbox xpdclose\">\n<div class=\"vk_bk r-i2AJ40Hp5ZfI\">\n<div id=\"tw-ob\">\n<div class=\"oSioSc\">\n<div id=\"tw-target\">\n<div id=\"tw-target-text-container\" class=\"gsrt tw-ta-container tw-nfl\">\n<pre id=\"tw-target-text\" class=\"tw-data-text tw-ta tw-text-small\" dir=\"ltr\" data-placeholder=\"Translation\" data-fulltext=\"\"><strong style=\"font-size: 16px; color: #191e23; font-family: 'Noto Serif';\"><em>Se dice que los ayoreos de hace mucho tiempo aprendieron a hacer hilo; lo que ellos fabricaron del hilo lo llamaron \u2018borade:\u2019<\/em><\/strong><\/pre>\n<\/div>\n<\/div>\n<\/div>\n<\/div>\n<\/div>\n<\/div>\n<\/div>\n<\/div>\n<\/div>\n<\/div>\n<\/div>\n<\/div>\n<\/div>\n<\/div>\n<\/div>\n<\/div>\n<\/div>\n<\/div>\n<\/div>\n<\/div>\n<\/div>\n<p>En el principio, aquellos hombres del pasado, para preparase para la guerra, pusieron un taparrabo de hilo en frente de un miembro hombre del clan <em>Picanerai<\/em>. Cuando terminaron con el Picanerai, amarraron un taparrabo de hilo en la cintura de un guerrero <em>Chiquenoi<\/em>. Y luego trajeron a un hombre del clan <em>Dosape<\/em> y le pusieron un taparrabo de hilo en el tambi\u00e9n. El \u00faltimo en recibir un taparrabo era un guerrero <em>\u00c9tac\u00f5ri<\/em>; y s\u00f3lo en estos cuatro dirigentes pusieron taparrabos de hilo.<\/p>\n<p><strong><em>Ahora que estaban equipados con taparrabos, lo siguiente que les dieron eran lanzas para aprobar:<\/em><\/strong><\/p>\n<p>Dieron al miembro del clan <em>Picanerai<\/em> una lanza, y luego se dieron al&nbsp;<em>Chiquenoi<\/em> una lanza, y los dijeron a aquellos guerreros que probaran las lanzas que les hab\u00edan dado. El <em>Dosapei<\/em> prob\u00f3 la lanza que lo dieron, y el dijo al <em>\u00c9tacori<\/em> que la probara la suya tambi\u00e9n.<\/p>\n<p><strong><em>Se hicieron muy valientes guerreros y muy feroces:<\/em><\/strong><\/p>\n<p>Se hicieron muy valientes guerreros y muy feroces, y todo por los taparrabos hechos de hilo y las lanzas que llevaban. El miembro del clan <em>Picanerai<\/em> no pod\u00eda ser superado, ni el <em>Chiquenoi<\/em>, el <em>Dosapei<\/em>, ni el <em>\u00c9tac\u00f5ri.<\/em><\/p>\n<p><strong><em>Pelearon con los<\/em>&nbsp;&#8216;<em>cojn\u0303one&#8217; (enemigos blancos}:<\/em><\/strong><\/p>\n<p>Pelearon con los enemigos blancos y completamente los destruyeron. Superaron ese d\u00eda, y despu\u00e9s de eso nadie les molestaba porque eran victoriosos.<\/p>\n<p><strong>Los Ayoreos hicieron una clase de T\u00f3tem que llamaron <em>Namac\u00e1dedie:<\/em><\/strong><\/p>\n<p>Para el tipo de T\u00f3tem que hicieron los ayoreos, utilizaban los cactus altos llamados <em>darujna<\/em> en el idioma ayor\u00e9. Sobre todo el palo escribieron diferentes tipos de marcas. Y cuando todo estaba marcado, al pie del T\u00f3tem, colocar\u00edan comidas como ofrendas.<\/p>\n<p>El clan<em> Cutamuraja<\/em> afirma el T\u00f3tem como una de sus posesiones del clan.<\/p>\n<p>Los hombres de la tribu podr\u00edan solicitar al T\u00f3tem de poner gente blanca en sus caminos para que pudieran matarlos.<\/p>\n<p>Ellos no dejaban que los ni\u00f1os se acerquen a los T\u00f3tems. S\u00f3lo los hombres maduros pod\u00edan mirar a la parte superior del T\u00f3tem desde debajo. (Los T\u00f3tems eran siempre muy altos.)<\/p>\n<p><em>Oid\u00e1biad\u00e9 \u2013 Campo Loro, Paraguay \u2013 1988.<\/em><\/p>\n<p><em>Transcrito y traducido al espa\u00f1ol por: Maxine Morarie.<\/em><\/p>\n<div class=\"navigation\"><div class=\"alignleft\"><a href=\"https:\/\/ayore.org\/es\/cultura\/historia-oral\/\"title=\"Historia Oral\"><img loading=\"lazy\" decoding=\"async\" src=\"https:\/\/ayore.org\/wp-content\/uploads\/2018\/10\/left-arrow.png\" width=\"50\" height=\"48\" alt=\"left arrow\"><\/a><\/div><div class=\"alignright\"><a href=\"https:\/\/ayore.org\/es\/cultura\/historia-oral\/cornelio-isaac-hombre-menonita-asesinado-por-ayoreos\/\"title=\"Ano\u0301nimo &#8211; Hombre Menonita fue asesinado por un hombre ayore\u0301\"><img loading=\"lazy\" decoding=\"async\" src=\"https:\/\/ayore.org\/wp-content\/uploads\/2018\/10\/right-arrow.png\" width=\"50\" height=\"48\" alt=\"right arrow\"><\/a><\/div>\n","protected":false},"excerpt":{"rendered":"<p>Borade &#8211; As\u00f5renie Ore Se dice que los ayoreos de hace mucho tiempo aprendieron a hacer hilo; lo que ellos fabricaron del hilo lo llamaron \u2018borade:\u2019 En el principio, aquellos hombres del pasado, para preparase para la guerra, pusieron un<\/p>\n","protected":false},"author":2,"featured_media":0,"parent":294,"menu_order":0,"comment_status":"closed","ping_status":"closed","template":"","meta":{"footnotes":""},"class_list":["post-418","page","type-page","status-publish","hentry"],"yoast_head":"<!-- This site is optimized with the Yoast SEO plugin v27.4 - https:\/\/yoast.com\/product\/yoast-seo-wordpress\/ -->\n<title>Ayore\u0301 Historia Oral: Taparrabos - Atados Alrededor De Hombres Del Clan Picanerai \u2022 Ayore.org<\/title>\n<meta name=\"robots\" content=\"index, follow, max-snippet:-1, max-image-preview:large, max-video-preview:-1\" \/>\n<link rel=\"canonical\" href=\"https:\/\/ayore.org\/es\/cultura\/historia-oral\/oidabiade-taparrabos-atados-alrededor-de-hombres-del-clan-picanerai\/\" \/>\n<meta property=\"og:locale\" content=\"es_ES\" \/>\n<meta property=\"og:type\" content=\"article\" \/>\n<meta property=\"og:title\" content=\"Ayore\u0301 Historia Oral: Taparrabos - Atados Alrededor De Hombres Del Clan Picanerai \u2022 Ayore.org\" \/>\n<meta property=\"og:description\" content=\"Borade &#8211; As\u00f5renie Ore Se dice que los ayoreos de hace mucho tiempo aprendieron a hacer hilo; lo que ellos fabricaron del hilo lo llamaron \u2018borade:\u2019 En el principio, aquellos hombres del pasado, para preparase para la guerra, pusieron un\" \/>\n<meta property=\"og:url\" content=\"https:\/\/ayore.org\/es\/cultura\/historia-oral\/oidabiade-taparrabos-atados-alrededor-de-hombres-del-clan-picanerai\/\" \/>\n<meta property=\"og:site_name\" content=\"AYORE.ORG\" \/>\n<meta property=\"article:modified_time\" content=\"2019-03-07T19:32:07+00:00\" \/>\n<meta name=\"twitter:card\" content=\"summary_large_image\" \/>\n<meta name=\"twitter:label1\" content=\"Tiempo de lectura\" \/>\n\t<meta name=\"twitter:data1\" content=\"2 minutos\" \/>\n<script type=\"application\/ld+json\" class=\"yoast-schema-graph\">{\"@context\":\"https:\\\/\\\/schema.org\",\"@graph\":[{\"@type\":\"WebPage\",\"@id\":\"https:\\\/\\\/ayore.org\\\/es\\\/cultura\\\/historia-oral\\\/oidabiade-taparrabos-atados-alrededor-de-hombres-del-clan-picanerai\\\/\",\"url\":\"https:\\\/\\\/ayore.org\\\/es\\\/cultura\\\/historia-oral\\\/oidabiade-taparrabos-atados-alrededor-de-hombres-del-clan-picanerai\\\/\",\"name\":\"Ayore\u0301 Historia Oral: Taparrabos - Atados Alrededor De Hombres Del Clan Picanerai \u2022 Ayore.org\",\"isPartOf\":{\"@id\":\"https:\\\/\\\/ayore.org\\\/#website\"},\"datePublished\":\"2018-07-24T23:43:26+00:00\",\"dateModified\":\"2019-03-07T19:32:07+00:00\",\"breadcrumb\":{\"@id\":\"https:\\\/\\\/ayore.org\\\/es\\\/cultura\\\/historia-oral\\\/oidabiade-taparrabos-atados-alrededor-de-hombres-del-clan-picanerai\\\/#breadcrumb\"},\"inLanguage\":\"es-AR\",\"potentialAction\":[{\"@type\":\"ReadAction\",\"target\":[\"https:\\\/\\\/ayore.org\\\/es\\\/cultura\\\/historia-oral\\\/oidabiade-taparrabos-atados-alrededor-de-hombres-del-clan-picanerai\\\/\"]}]},{\"@type\":\"BreadcrumbList\",\"@id\":\"https:\\\/\\\/ayore.org\\\/es\\\/cultura\\\/historia-oral\\\/oidabiade-taparrabos-atados-alrededor-de-hombres-del-clan-picanerai\\\/#breadcrumb\",\"itemListElement\":[{\"@type\":\"ListItem\",\"position\":1,\"name\":\"Inicio\",\"item\":\"https:\\\/\\\/ayore.org\\\/es\\\/\"},{\"@type\":\"ListItem\",\"position\":2,\"name\":\"Cultura\",\"item\":\"https:\\\/\\\/ayore.org\\\/es\\\/cultura\\\/\"},{\"@type\":\"ListItem\",\"position\":3,\"name\":\"Historia Oral\",\"item\":\"https:\\\/\\\/ayore.org\\\/es\\\/cultura\\\/historia-oral\\\/\"},{\"@type\":\"ListItem\",\"position\":4,\"name\":\"Oida\u0301biade\u0301 &#8211; Ataron el taparrabo alrededor del hombre del clan Picanerai\"}]},{\"@type\":\"WebSite\",\"@id\":\"https:\\\/\\\/ayore.org\\\/#website\",\"url\":\"https:\\\/\\\/ayore.org\\\/\",\"name\":\"AYORE.ORG\",\"description\":\"Idioma, Cultura e Historia de la Tribu Ayor\u00e9\",\"potentialAction\":[{\"@type\":\"SearchAction\",\"target\":{\"@type\":\"EntryPoint\",\"urlTemplate\":\"https:\\\/\\\/ayore.org\\\/?s={search_term_string}\"},\"query-input\":{\"@type\":\"PropertyValueSpecification\",\"valueRequired\":true,\"valueName\":\"search_term_string\"}}],\"inLanguage\":\"es-AR\"}]}<\/script>\n<!-- \/ Yoast SEO plugin. -->","yoast_head_json":{"title":"Ayore\u0301 Historia Oral: Taparrabos - Atados Alrededor De Hombres Del Clan Picanerai \u2022 Ayore.org","robots":{"index":"index","follow":"follow","max-snippet":"max-snippet:-1","max-image-preview":"max-image-preview:large","max-video-preview":"max-video-preview:-1"},"canonical":"https:\/\/ayore.org\/es\/cultura\/historia-oral\/oidabiade-taparrabos-atados-alrededor-de-hombres-del-clan-picanerai\/","og_locale":"es_ES","og_type":"article","og_title":"Ayore\u0301 Historia Oral: Taparrabos - Atados Alrededor De Hombres Del Clan Picanerai \u2022 Ayore.org","og_description":"Borade &#8211; As\u00f5renie Ore Se dice que los ayoreos de hace mucho tiempo aprendieron a hacer hilo; lo que ellos fabricaron del hilo lo llamaron \u2018borade:\u2019 En el principio, aquellos hombres del pasado, para preparase para la guerra, pusieron un","og_url":"https:\/\/ayore.org\/es\/cultura\/historia-oral\/oidabiade-taparrabos-atados-alrededor-de-hombres-del-clan-picanerai\/","og_site_name":"AYORE.ORG","article_modified_time":"2019-03-07T19:32:07+00:00","twitter_card":"summary_large_image","twitter_misc":{"Tiempo de lectura":"2 minutos"},"schema":{"@context":"https:\/\/schema.org","@graph":[{"@type":"WebPage","@id":"https:\/\/ayore.org\/es\/cultura\/historia-oral\/oidabiade-taparrabos-atados-alrededor-de-hombres-del-clan-picanerai\/","url":"https:\/\/ayore.org\/es\/cultura\/historia-oral\/oidabiade-taparrabos-atados-alrededor-de-hombres-del-clan-picanerai\/","name":"Ayore\u0301 Historia Oral: Taparrabos - Atados Alrededor De Hombres Del Clan Picanerai \u2022 Ayore.org","isPartOf":{"@id":"https:\/\/ayore.org\/#website"},"datePublished":"2018-07-24T23:43:26+00:00","dateModified":"2019-03-07T19:32:07+00:00","breadcrumb":{"@id":"https:\/\/ayore.org\/es\/cultura\/historia-oral\/oidabiade-taparrabos-atados-alrededor-de-hombres-del-clan-picanerai\/#breadcrumb"},"inLanguage":"es-AR","potentialAction":[{"@type":"ReadAction","target":["https:\/\/ayore.org\/es\/cultura\/historia-oral\/oidabiade-taparrabos-atados-alrededor-de-hombres-del-clan-picanerai\/"]}]},{"@type":"BreadcrumbList","@id":"https:\/\/ayore.org\/es\/cultura\/historia-oral\/oidabiade-taparrabos-atados-alrededor-de-hombres-del-clan-picanerai\/#breadcrumb","itemListElement":[{"@type":"ListItem","position":1,"name":"Inicio","item":"https:\/\/ayore.org\/es\/"},{"@type":"ListItem","position":2,"name":"Cultura","item":"https:\/\/ayore.org\/es\/cultura\/"},{"@type":"ListItem","position":3,"name":"Historia Oral","item":"https:\/\/ayore.org\/es\/cultura\/historia-oral\/"},{"@type":"ListItem","position":4,"name":"Oida\u0301biade\u0301 &#8211; Ataron el taparrabo alrededor del hombre del clan Picanerai"}]},{"@type":"WebSite","@id":"https:\/\/ayore.org\/#website","url":"https:\/\/ayore.org\/","name":"AYORE.ORG","description":"Idioma, Cultura e Historia de la Tribu Ayor\u00e9","potentialAction":[{"@type":"SearchAction","target":{"@type":"EntryPoint","urlTemplate":"https:\/\/ayore.org\/?s={search_term_string}"},"query-input":{"@type":"PropertyValueSpecification","valueRequired":true,"valueName":"search_term_string"}}],"inLanguage":"es-AR"}]}},"_links":{"self":[{"href":"https:\/\/ayore.org\/es\/wp-json\/wp\/v2\/pages\/418","targetHints":{"allow":["GET"]}}],"collection":[{"href":"https:\/\/ayore.org\/es\/wp-json\/wp\/v2\/pages"}],"about":[{"href":"https:\/\/ayore.org\/es\/wp-json\/wp\/v2\/types\/page"}],"author":[{"embeddable":true,"href":"https:\/\/ayore.org\/es\/wp-json\/wp\/v2\/users\/2"}],"replies":[{"embeddable":true,"href":"https:\/\/ayore.org\/es\/wp-json\/wp\/v2\/comments?post=418"}],"version-history":[{"count":8,"href":"https:\/\/ayore.org\/es\/wp-json\/wp\/v2\/pages\/418\/revisions"}],"predecessor-version":[{"id":3356,"href":"https:\/\/ayore.org\/es\/wp-json\/wp\/v2\/pages\/418\/revisions\/3356"}],"up":[{"embeddable":true,"href":"https:\/\/ayore.org\/es\/wp-json\/wp\/v2\/pages\/294"}],"wp:attachment":[{"href":"https:\/\/ayore.org\/es\/wp-json\/wp\/v2\/media?parent=418"}],"curies":[{"name":"wp","href":"https:\/\/api.w.org\/{rel}","templated":true}]}}