{"id":413,"date":"2018-07-20T03:39:55","date_gmt":"2018-07-20T03:39:55","guid":{"rendered":"https:\/\/ayore.org\/?page_id=413"},"modified":"2019-03-06T22:38:20","modified_gmt":"2019-03-06T22:38:20","slug":"oidabiade-gente-de-las-tumbas","status":"publish","type":"page","link":"https:\/\/ayore.org\/es\/cultura\/historia-oral\/oidabiade-gente-de-las-tumbas\/","title":{"rendered":"Oid\u00e1biad\u00e9 &#8211; Gente de las tumbas"},"content":{"rendered":"<p><em>Ayor\u00e9ode U\u00e1guedie \u00cdode<\/em><\/p>\n<p><strong>Nombres de grupos ayor\u00e9os<\/strong><\/p>\n<p><em>(<\/em>La tribu ayor\u00e9 se divide en grupos llamados <em>gosode.<\/em>\u00a0El t\u00e9rmino <em>gosode\u00a0<\/em>quiere decir &#8216;gente de&#8217; y es usado como un sufijo al final del nombre del grupo.)<\/p>\n<p><strong><u>Grupos ayor\u00e9os en Paraguay:<\/u><\/strong><\/p>\n<p><strong>Ducod\u00e9gosode<\/strong> \u2013 Gente de las tumbas.<\/p>\n<p style=\"padding-left: 30px;\">Su tierra era donde hab\u00edan muchas tumbas.\u00a0Este grupo era muy grande en el pasado.<\/p>\n<p style=\"padding-left: 30px;\">Sus jefes m\u00e1s notables fueron: <em>Idaid\u00e9 \u00c9tac\u00f5re, y Asid\u00e1quide<\/em>.<\/p>\n<p><strong>Totob\u00edegosode<\/strong> \u2013 Gente de los cerdos salvajes.<\/p>\n<p style=\"padding-left: 30px;\">Su tierra estaba en una zona monta\u00f1osa conocida como Cerro Le\u00f3n.\u00a0 \u00a0 \u00a0 \u00a0 Hab\u00eda pocos <em>Totobiegosode<\/em> en el pasado.<\/p>\n<p style=\"padding-left: 30px;\">Sus jefes m\u00e1s notables fueron: <em>Jochad\u00e1quide y Pajnid\u00e1quide Chiqueno<\/em>.<\/p>\n<p><strong>Ti\u00e9gosode \u2013 <\/strong>Gente del rio.<\/p>\n<p style=\"padding-left: 30px;\">\u00a0Su pa\u00eds se compone de tierras junto al r\u00edo.\u00a0Este grupo era muy grande en el pasado.<\/p>\n<p style=\"padding-left: 30px;\">\u00a0Sus jefes m\u00e1s notables fueron: <em>Beuid\u00e9 y Noain\u00e9.<\/em><\/p>\n<p><strong>Guidaigosode<\/strong> \u2013 Gente del pueblo.<\/p>\n<p style=\"padding-left: 30px;\">Viv\u00edan en un pueblo grande.\u00a0Este grupo era muy grande en el pasado.<\/p>\n<p style=\"padding-left: 30px;\">Sus jefes m\u00e1s notables fueron: <em>Uruode (vi\u0301ctima de Deg\u00fayade), Cuterid\u00e1quide, Eoded\u00e1quide, y Jnumone<\/em>.<\/p>\n<p><strong>Cute\u0301repaj\u00f3gosode<\/strong> o <strong>Cute\u0301repao\u0301gor\u00f3negosode \u2013 <\/strong>Gente de panales de miel.\u00a0(se conoc\u00edan por los dos nombres)<\/p>\n<p style=\"padding-left: 30px;\">Se refer\u00eda a su tierra con el nombre <em>ayor\u00e9<\/em> <em>guer\u00e1cadie.\u00a0<\/em>Hab\u00eda muchos ayoreos en este grupo en el pasado.<\/p>\n<p style=\"padding-left: 30px;\">Su jefe m\u00e1s notable fue: <em>Unin\u00e9<\/em>.<\/p>\n<p><strong>Chabotodiegosode<\/strong> \u2013 Gente de los murcielagos.<\/p>\n<p style=\"padding-left: 30px;\">Su tierra se llamaba la tierra de los grandes cantantes (<em>deya\u0301idate\u0301die)<\/em>.\u00a0<em>Puredai<\/em> era uno de los m\u00e1s famosos cantantes. Ya fallecido, era el padre de <em>Pur\u00e9.<\/em><\/p>\n<p style=\"padding-left: 30px;\">Sus jefes m\u00e1s notables fueron: <em>Cutadede y Tocoide.<\/em><\/p>\n<p><strong>Dajegu\u00e9ogosode<\/strong> \u2013 Gente de <em>dajegu\u00e9o.<\/em><\/p>\n<p style=\"padding-left: 30px;\">Su tierra se conoce como <em>dajegu\u00e9o<\/em>.<\/p>\n<p style=\"padding-left: 30px;\">Sus jefes m\u00e1s notables fueron: <em>Guebei y Cajod\u00e1quide.<\/em><\/p>\n<p><strong>Era\u0303\u0301pepar\u00edgosode \u2013 <\/strong>La gente de la selva densa.<\/p>\n<p><strong>Amom\u00e9gosode \u2013 <\/strong>Gente de <em>amom\u00e9.<\/em><\/p>\n<p>\u00a0<\/p>\n<p><strong><u>Grupos ayor\u00e9os en el Bolivia:<\/u><\/strong><\/p>\n<p><strong>Ti\u00e9qued\u00e9jnagos\u00f3de \u2013 <\/strong>Gente del rio extra\u00f1o.<\/p>\n<p style=\"padding-left: 30px;\">Su tierra fue llamado <em>dorojob\u00ede.\u00a0<\/em>Este grupo fue muy grande en el pasado.<\/p>\n<p style=\"padding-left: 30px;\">Sus jefes m\u00e1s notables fueron: <em>Ichagued\u00e1quide, Ichab\u00edade Dosapeque, y Pachade.<\/em><\/p>\n<p><strong>Dorojobiegosode <\/strong>\u2013<\/p>\n<p><strong>Direqued\u00e9jnagosip\u00edsode o Unirequede\u0301jnagosode<\/strong>\u00a0\u2013 Pueblos originarios de los dias extra\u00f1os o tierra estran\u0303a.<\/p>\n<p style=\"padding-left: 30px;\">Sus tierras fueron por el gran r\u00edo.\u00a0Este grupo exist\u00eda desde mucho, mucho tiempo atr\u00e1s.<\/p>\n<p style=\"padding-left: 30px;\">Sus jefes m\u00e1s notables fueron: <em>Capich\u00e1ded\u00e9 y Guijnane<\/em>.<\/p>\n<p><strong>Picadeb\u00faigosode<\/strong> \u2013 Gente del palmeral llamado <em>picade<\/em>.<\/p>\n<p style=\"padding-left: 30px;\">En su tierra hab\u00eda arboledas de palmas <em>picade<\/em>.\u00a0Este era un grupo grande en el pasado.<\/p>\n<p style=\"padding-left: 30px;\">Sus jefes m\u00e1s notables fueron: <em>Pochade y Jororode<\/em>.<\/p>\n<p><strong>Cochoc\u00f3igosode<\/strong> \u2013 Gente de las casa grandes.<\/p>\n<p style=\"padding-left: 30px;\">Hab\u00eda una vez grandes casas blancas a lo largo de su tierra.\u00a0Este era un grupo grande en el pasado.\u00a0El r\u00edo inund\u00f3 y derrib\u00f3 las casas de anta\u00f1o.<\/p>\n<p style=\"padding-left: 30px;\">Sus jefes m\u00e1s notables fueron: <em>Ingoinie y Guiejnane<\/em>.<\/p>\n<p><strong>Paj\u00f3gosode<\/strong> \u2013 La gente de las llanuras.<\/p>\n<p style=\"padding-left: 30px;\">Hab\u00eda pocos en este grupo que habit\u00f3 en las llanuras.<\/p>\n<p style=\"padding-left: 30px;\">Sus jefes m\u00e1s notables fueron: <em>Aitede y Utatade<\/em>.<\/p>\n<p><strong>Tuijn\u00e1igosode \u2013 <\/strong>La gente de los arroyos.<\/p>\n<p style=\"padding-left: 30px;\">En su tierra hab\u00edan muchas corrientes de agua.<\/p>\n<p style=\"padding-left: 30px;\">Sus jefes m\u00e1s notables fueron: <em>Arobede y Etoguede.<\/em><\/p>\n<p><strong>Jnuped\u00f3gosode<\/strong> \u2013 Gente de las cuevas.<\/p>\n<p style=\"padding-left: 30px;\">Jnuped\u00f3gosode es lo que los Cuc\u00f3jnaigosode llamaban a s\u00ed mismo m\u00e1s adelante.\u00a0<\/p>\n<p style=\"padding-left: 30px;\">Su tierra estaba en las llanuras donde hab\u00eda muchos \u00e1rboles <em>tobor\u00f3chi.\u00a0<\/em>Su tierra era monta\u00f1osa con una gran cantidad de cuevas.\u00a0Al principio vivieron en Paraguay y se autodenominaban &#8216;Pueblo de la Estrella.&#8217;<\/p>\n<p>\u00a0 \u00a0 \u00a0 \u00a0 Sus jefes m\u00e1s notables fueron: <em>Jnoha\u0301inecuch\u00e1bi y Idaide<\/em>.<\/p>\n<p><strong>Cuc\u00f3jnaigosode \u2013 <\/strong>Gente del \u00e1rbol botella llamado <em>toboro\u0301chi<\/em> en espa\u00f1ol (<em>cuc\u00f3jnane<\/em> en ayor\u00e9).<\/p>\n<p><strong>Uechamit\u00f3gosode<\/strong> \u2013 Gente del otro lado de la selva.<\/p>\n<p style=\"padding-left: 30px;\">Sus tierras fueron llamados bosques.<\/p>\n<p style=\"padding-left: 30px;\">Sus jefes m\u00e1s notables fueron: <em>Tununguen\u00e9, Edugued\u00e9, y Moin\u00e9.<\/em><\/p>\n<p><strong>Tiquinach\u00faigosode \u2013 <\/strong>Gente que matan a los jaguares.<\/p>\n<p style=\"padding-left: 30px;\">Los Tiquinach\u00faigosode compart\u00edan las mismas tierras con los Uechamit\u00f3gosode.<\/p>\n<p><strong>Jachaigosode<\/strong> \u2013 Gente del lugar denominado j<em>achai<\/em>.<\/p>\n<p style=\"padding-left: 30px;\">En el principio viv\u00edan donde hab\u00edan muchos \u00e1rboles tobor\u00f3chi (<em>cucode en ayor\u00e9), p<\/em>ero dejaron el lugar original y se instalaron en otra zona de la selva, donde hab\u00edan llanos llamados <em>jachai<\/em> por los ayoreos.<\/p>\n<p style=\"padding-left: 30px;\">Sus jefes m\u00e1s notables fueron: <em>Jonanine y Acui.<\/em><\/p>\n<p><strong>Car\u00e1biagosode \u2013 <\/strong>Gente de la tierra llamada <em>cara\u0301bia<\/em>.<\/p>\n<p style=\"padding-left: 30px;\">Sus jefes m\u00e1s notables fueron: <em>Ijner\u00e1ine y Ocoi<\/em>.<\/p>\n<p><strong>Togarogosode \u2013 <\/strong>Gente de la tierra llamada <em>togaro<\/em>.<\/p>\n<p>\u00a0<\/p>\n<p><em>Oid\u00e1biad\u00e9 \u2013 Campo Loro, Paraguay \u2013 1988.\u00a0\u00a0\u00a0\u00a0\u00a0\u00a0\u00a0\u00a0\u00a0\u00a0\u00a0\u00a0\u00a0\u00a0 \u00a0\u00a0\u00a0\u00a0\u00a0 <\/em><\/p>\n<p><em>Transcrito y traducido al espa\u00f1ol por: Maxine Morarie.<\/em><\/p>\n<div class=\"navigation\"><div class=\"alignleft\"><a href=\"https:\/\/ayore.org\/es\/cultura\/historia-oral\/oidabiade-grupos-que-se-originaron-en-el-tribu-ayore\/\"title=\"Oid\u00e1biad\u00e9 &#8211; Grupos que se originaron en el Tribu Ayor\u00e9\"><img loading=\"lazy\" decoding=\"async\" src=\"https:\/\/ayore.org\/wp-content\/uploads\/2018\/10\/left-arrow.png\" width=\"50\" height=\"48\" alt=\"left arrow\"><\/a><\/div><div class=\"alignright\"><a href=\"https:\/\/ayore.org\/es\/cultura\/historia-oral\/oidabiade-el-tapir-despega-con-un-hombre-ayore\/\"title=\"Oid\u00e1biad\u00e9 &#8211; El Tapir despega con un hombre Ayor\u00e9\"><img loading=\"lazy\" decoding=\"async\" src=\"https:\/\/ayore.org\/wp-content\/uploads\/2018\/10\/right-arrow.png\" width=\"50\" height=\"48\" alt=\"right arrow\"><\/a><\/div>\n\n\n<p><\/p>\n","protected":false},"excerpt":{"rendered":"<p>Ayor\u00e9ode U\u00e1guedie \u00cdode Nombres de grupos ayor\u00e9os (La tribu ayor\u00e9 se divide en grupos llamados gosode.\u00a0El t\u00e9rmino gosode\u00a0quiere decir &#8216;gente de&#8217; y es usado como un sufijo al final del nombre del grupo.) Grupos ayor\u00e9os en Paraguay: Ducod\u00e9gosode \u2013 Gente<\/p>\n","protected":false},"author":2,"featured_media":0,"parent":294,"menu_order":0,"comment_status":"closed","ping_status":"closed","template":"","meta":{"footnotes":""},"class_list":["post-413","page","type-page","status-publish","hentry"],"yoast_head":"<!-- This site is optimized with the Yoast SEO plugin v27.4 - https:\/\/yoast.com\/product\/yoast-seo-wordpress\/ -->\n<title>Oid\u00e1biad\u00e9 - Gente de las tumbas &#8226; AYORE.ORG<\/title>\n<meta name=\"robots\" content=\"index, follow, max-snippet:-1, max-image-preview:large, max-video-preview:-1\" \/>\n<link rel=\"canonical\" href=\"https:\/\/ayore.org\/es\/cultura\/historia-oral\/oidabiade-gente-de-las-tumbas\/\" \/>\n<meta property=\"og:locale\" content=\"es_ES\" \/>\n<meta property=\"og:type\" content=\"article\" \/>\n<meta property=\"og:title\" content=\"Oid\u00e1biad\u00e9 - Gente de las tumbas &#8226; AYORE.ORG\" \/>\n<meta property=\"og:description\" content=\"Ayor\u00e9ode U\u00e1guedie \u00cdode Nombres de grupos ayor\u00e9os (La tribu ayor\u00e9 se divide en grupos llamados gosode.\u00a0El t\u00e9rmino gosode\u00a0quiere decir &#8216;gente de&#8217; y es usado como un sufijo al final del nombre del grupo.) Grupos ayor\u00e9os en Paraguay: Ducod\u00e9gosode \u2013 Gente\" \/>\n<meta property=\"og:url\" content=\"https:\/\/ayore.org\/es\/cultura\/historia-oral\/oidabiade-gente-de-las-tumbas\/\" \/>\n<meta property=\"og:site_name\" content=\"AYORE.ORG\" \/>\n<meta property=\"article:modified_time\" content=\"2019-03-06T22:38:20+00:00\" \/>\n<meta name=\"twitter:card\" content=\"summary_large_image\" \/>\n<meta name=\"twitter:label1\" content=\"Tiempo de lectura\" \/>\n\t<meta name=\"twitter:data1\" content=\"4 minutos\" \/>\n<script type=\"application\/ld+json\" class=\"yoast-schema-graph\">{\"@context\":\"https:\\\/\\\/schema.org\",\"@graph\":[{\"@type\":\"WebPage\",\"@id\":\"https:\\\/\\\/ayore.org\\\/es\\\/cultura\\\/historia-oral\\\/oidabiade-gente-de-las-tumbas\\\/\",\"url\":\"https:\\\/\\\/ayore.org\\\/es\\\/cultura\\\/historia-oral\\\/oidabiade-gente-de-las-tumbas\\\/\",\"name\":\"Oid\u00e1biad\u00e9 - Gente de las tumbas &#8226; AYORE.ORG\",\"isPartOf\":{\"@id\":\"https:\\\/\\\/ayore.org\\\/#website\"},\"datePublished\":\"2018-07-20T03:39:55+00:00\",\"dateModified\":\"2019-03-06T22:38:20+00:00\",\"breadcrumb\":{\"@id\":\"https:\\\/\\\/ayore.org\\\/es\\\/cultura\\\/historia-oral\\\/oidabiade-gente-de-las-tumbas\\\/#breadcrumb\"},\"inLanguage\":\"es-AR\",\"potentialAction\":[{\"@type\":\"ReadAction\",\"target\":[\"https:\\\/\\\/ayore.org\\\/es\\\/cultura\\\/historia-oral\\\/oidabiade-gente-de-las-tumbas\\\/\"]}]},{\"@type\":\"BreadcrumbList\",\"@id\":\"https:\\\/\\\/ayore.org\\\/es\\\/cultura\\\/historia-oral\\\/oidabiade-gente-de-las-tumbas\\\/#breadcrumb\",\"itemListElement\":[{\"@type\":\"ListItem\",\"position\":1,\"name\":\"Inicio\",\"item\":\"https:\\\/\\\/ayore.org\\\/es\\\/\"},{\"@type\":\"ListItem\",\"position\":2,\"name\":\"Cultura\",\"item\":\"https:\\\/\\\/ayore.org\\\/es\\\/cultura\\\/\"},{\"@type\":\"ListItem\",\"position\":3,\"name\":\"Historia Oral\",\"item\":\"https:\\\/\\\/ayore.org\\\/es\\\/cultura\\\/historia-oral\\\/\"},{\"@type\":\"ListItem\",\"position\":4,\"name\":\"Oid\u00e1biad\u00e9 &#8211; Gente de las tumbas\"}]},{\"@type\":\"WebSite\",\"@id\":\"https:\\\/\\\/ayore.org\\\/#website\",\"url\":\"https:\\\/\\\/ayore.org\\\/\",\"name\":\"AYORE.ORG\",\"description\":\"Idioma, Cultura e Historia de la Tribu Ayor\u00e9\",\"potentialAction\":[{\"@type\":\"SearchAction\",\"target\":{\"@type\":\"EntryPoint\",\"urlTemplate\":\"https:\\\/\\\/ayore.org\\\/?s={search_term_string}\"},\"query-input\":{\"@type\":\"PropertyValueSpecification\",\"valueRequired\":true,\"valueName\":\"search_term_string\"}}],\"inLanguage\":\"es-AR\"}]}<\/script>\n<!-- \/ Yoast SEO plugin. -->","yoast_head_json":{"title":"Oid\u00e1biad\u00e9 - Gente de las tumbas &#8226; AYORE.ORG","robots":{"index":"index","follow":"follow","max-snippet":"max-snippet:-1","max-image-preview":"max-image-preview:large","max-video-preview":"max-video-preview:-1"},"canonical":"https:\/\/ayore.org\/es\/cultura\/historia-oral\/oidabiade-gente-de-las-tumbas\/","og_locale":"es_ES","og_type":"article","og_title":"Oid\u00e1biad\u00e9 - Gente de las tumbas &#8226; AYORE.ORG","og_description":"Ayor\u00e9ode U\u00e1guedie \u00cdode Nombres de grupos ayor\u00e9os (La tribu ayor\u00e9 se divide en grupos llamados gosode.\u00a0El t\u00e9rmino gosode\u00a0quiere decir &#8216;gente de&#8217; y es usado como un sufijo al final del nombre del grupo.) Grupos ayor\u00e9os en Paraguay: Ducod\u00e9gosode \u2013 Gente","og_url":"https:\/\/ayore.org\/es\/cultura\/historia-oral\/oidabiade-gente-de-las-tumbas\/","og_site_name":"AYORE.ORG","article_modified_time":"2019-03-06T22:38:20+00:00","twitter_card":"summary_large_image","twitter_misc":{"Tiempo de lectura":"4 minutos"},"schema":{"@context":"https:\/\/schema.org","@graph":[{"@type":"WebPage","@id":"https:\/\/ayore.org\/es\/cultura\/historia-oral\/oidabiade-gente-de-las-tumbas\/","url":"https:\/\/ayore.org\/es\/cultura\/historia-oral\/oidabiade-gente-de-las-tumbas\/","name":"Oid\u00e1biad\u00e9 - Gente de las tumbas &#8226; AYORE.ORG","isPartOf":{"@id":"https:\/\/ayore.org\/#website"},"datePublished":"2018-07-20T03:39:55+00:00","dateModified":"2019-03-06T22:38:20+00:00","breadcrumb":{"@id":"https:\/\/ayore.org\/es\/cultura\/historia-oral\/oidabiade-gente-de-las-tumbas\/#breadcrumb"},"inLanguage":"es-AR","potentialAction":[{"@type":"ReadAction","target":["https:\/\/ayore.org\/es\/cultura\/historia-oral\/oidabiade-gente-de-las-tumbas\/"]}]},{"@type":"BreadcrumbList","@id":"https:\/\/ayore.org\/es\/cultura\/historia-oral\/oidabiade-gente-de-las-tumbas\/#breadcrumb","itemListElement":[{"@type":"ListItem","position":1,"name":"Inicio","item":"https:\/\/ayore.org\/es\/"},{"@type":"ListItem","position":2,"name":"Cultura","item":"https:\/\/ayore.org\/es\/cultura\/"},{"@type":"ListItem","position":3,"name":"Historia Oral","item":"https:\/\/ayore.org\/es\/cultura\/historia-oral\/"},{"@type":"ListItem","position":4,"name":"Oid\u00e1biad\u00e9 &#8211; Gente de las tumbas"}]},{"@type":"WebSite","@id":"https:\/\/ayore.org\/#website","url":"https:\/\/ayore.org\/","name":"AYORE.ORG","description":"Idioma, Cultura e Historia de la Tribu Ayor\u00e9","potentialAction":[{"@type":"SearchAction","target":{"@type":"EntryPoint","urlTemplate":"https:\/\/ayore.org\/?s={search_term_string}"},"query-input":{"@type":"PropertyValueSpecification","valueRequired":true,"valueName":"search_term_string"}}],"inLanguage":"es-AR"}]}},"_links":{"self":[{"href":"https:\/\/ayore.org\/es\/wp-json\/wp\/v2\/pages\/413","targetHints":{"allow":["GET"]}}],"collection":[{"href":"https:\/\/ayore.org\/es\/wp-json\/wp\/v2\/pages"}],"about":[{"href":"https:\/\/ayore.org\/es\/wp-json\/wp\/v2\/types\/page"}],"author":[{"embeddable":true,"href":"https:\/\/ayore.org\/es\/wp-json\/wp\/v2\/users\/2"}],"replies":[{"embeddable":true,"href":"https:\/\/ayore.org\/es\/wp-json\/wp\/v2\/comments?post=413"}],"version-history":[{"count":5,"href":"https:\/\/ayore.org\/es\/wp-json\/wp\/v2\/pages\/413\/revisions"}],"predecessor-version":[{"id":3343,"href":"https:\/\/ayore.org\/es\/wp-json\/wp\/v2\/pages\/413\/revisions\/3343"}],"up":[{"embeddable":true,"href":"https:\/\/ayore.org\/es\/wp-json\/wp\/v2\/pages\/294"}],"wp:attachment":[{"href":"https:\/\/ayore.org\/es\/wp-json\/wp\/v2\/media?parent=413"}],"curies":[{"name":"wp","href":"https:\/\/api.w.org\/{rel}","templated":true}]}}