{"id":4103,"date":"2019-05-25T19:21:46","date_gmt":"2019-05-25T19:21:46","guid":{"rendered":"https:\/\/ayore.org\/?page_id=4103"},"modified":"2019-05-25T19:21:47","modified_gmt":"2019-05-25T19:21:47","slug":"urusa%cc%83raquede-ruega-a-dupade-por-mi","status":"publish","type":"page","link":"https:\/\/ayore.org\/es\/cultura\/ensenanzas\/urusa%cc%83raquede-ruega-a-dupade-por-mi\/","title":{"rendered":"Urusa\u0303ra\u0301quede\u0301 \u2013 Ruega a Dupade por m\u00ed"},"content":{"rendered":"\n<p><em>Atec\u00e3choi\nDupade ome uyu<\/em><\/p>\n\n\n\n<p><strong><em>Te contar\u00e9 sobre la forma en que viv\u00ed antes:<\/em><\/strong><br>Te contar\u00e9 sobre las cosas que hice antes. Mis pecados. Hice cosas feas en el pasado, pero mis queridos hermanos, recen a Dupade por m\u00ed, Urus\u00e3r\u00e1qued\u00e9, con respecto a estas cosas que hice antes.<\/p>\n\n\n\n<p>Siempre dejaba de seguir a Dupade y empezaba a cometer errores. La gente dir\u00eda sobre m\u00ed: &#8220;Urus\u00e3r\u00e1qued\u00e9 cree en Dupade, pero act\u00faa como nosotros&#8221;.<\/p>\n\n\n\n<p><strong><em>All\u00e1 arriba, todo alrededor de Dupade es hermoso:<\/em><\/strong><br>Sabemos que en el cielo solo hay cosas buenas. Dupade hizo todas las cosas hermosas en el cielo.<br><br>Si nos desviamos de los caminos de Dupade, deshonramos a Dupade, y su belleza no se ve en nosotros. Si nos desviamos, es como si estuvi\u00e9ramos muertos para los caminos de Dupade. Tambi\u00e9n es como si fu\u00e9ramos ignorantes de las cosas de Dupade. Es como si no supi\u00e9ramos nada de \u00e9l. Por lo tanto, quiero contarles sobre c\u00f3mo sol\u00eda vivir.<\/p>\n\n\n\n<p>Estoy tan agradecido\ncon Dupade que nos recuerda todo el tiempo, incluso hoy. \u00c9l es el mismo todo el\ntiempo. No nos consideremos unos a otros pecadores, somos hombres y mujeres que\ncreemos en Dupade. No nos equivoquemos, creemos en Dupade.<\/p>\n\n\n\n<p>All\u00e1 arriba, en presencia de Dupade, todo es bello. Como creyentes debemos tener esperanza, porque esa hermosa tierra es nuestra tierra. Si las mujeres son creyentes de Dupade, esa hermosa tierra en el cielo es su tierra.<br><br><strong><em>No nos avergoncemos de vivir para Dupade:<\/em><\/strong><br>Estamos tan agradecidos con Dupade que Ipeyai y los dem\u00e1s est\u00e1n con nosotros, y nos est\u00e1n hablando de Dupade. Ustedes que son creyentes de Dupade, incluso si han estado haciendo cosas feas de diferentes maneras, no se averg\u00fcencen de confesar estas cosas. Est\u00e1 mal cuando dudamos en hablar de ellos. Porque si una persona no se ocupa de sus pecados, cuando Dupade regrese, Dupade se avergonzar\u00e1 de esa persona.<br><br>No te averg\u00fcences de hacer lo que Dupade quiere que hagas. Adelante, ens\u00e9\u00f1anos c\u00f3mo sigues a Dupade. Ustedes, hombres j\u00f3venes, y ustedes, mujeres j\u00f3venes, no sientan verg\u00fcenza de servir a Dupade. Ense\u00f1emos a otros todos los d\u00edas por la forma en que vivimos y lo que decimos. (1 Timoteo 4:12)<br><br><strong><em>Eri nos record\u00f3 lo que dice la Palabra de Dupade:<\/em><\/strong><br>As\u00ed es Eri, no se avergonz\u00f3 de ense\u00f1arnos cuando vino a visitarnos y de recordarnos muchas cosas de la Palabra de Dupade, y de que no hay manera de que hablemos mal de nuestros compa\u00f1eros <em>ayor\u00e9os<\/em>. Y de la misma manera \u00e9l comparti\u00f3 otras cosas: Mis entra\u00f1as no deber\u00edan estar &#8216;calientes&#8217; (enojadas) con mis compa\u00f1eros <em>ayor\u00e9os<\/em>. No deber\u00eda acusar a mis compa\u00f1eros <em>ayor\u00e9os<\/em> de hacer cosas feas. Eso es algo muy incorrecto de acuerdo con la Palabra de Dupade.<br><br>Es la voluntad de Dupade que nos ense\u00f1emos todos los d\u00edas. No deber\u00edamos decir cosas feas a nuestros compa\u00f1eros <em>ayor\u00e9os<\/em>. Si les hablo a mis compa\u00f1eros <em>ayor\u00e9os<\/em> con palabras feas, me har\u00e9 responsable. Cuando llegue Dupade, y he estado ocultando mis feos modos &#8211; mis palabras y acciones desagradables contra mis compa\u00f1eros <em>ayor\u00e9os<\/em> &#8211; ser\u00e9 responsable de ellos.<\/p>\n\n\n\n<p><strong><em>Deber\u00edamos escuchar a nuestros maestros:<\/em><\/strong><br>Lo que deseaba en el pasado era estar con otro hombre ayore. Eso fue algo horrible de hacer, y no algo que un creyente en Dupade deber\u00eda hacer.&nbsp;&nbsp;&nbsp;&nbsp;&nbsp;&nbsp;&nbsp;&nbsp;&nbsp; <br><br>Entonces, ustedes, mujeres j\u00f3venes, y ustedes, hombres j\u00f3venes, presten atenci\u00f3n a sus maestros: Guejn\u00e1min\u00e9 y ellos.<br><br><strong><em>Ten mucho cuidado con lo que haces:<\/em><\/strong><br>Es feo para ustedes, mujeres, desear a otros hombres. As\u00ed que ten cuidado. Y ustedes, hombres j\u00f3venes, tengan cuidado con su vida sexual cuando est\u00e9n lejos de sus esposas. Cuando sus esposas est\u00e9n con ustedes, est\u00e9 con sus verdaderas esposas, no con otras mujeres.<br><br>Eso es lo que hace Eri. Probablemente dir\u00eda: &#8220;No lo har\u00e9 as\u00ed porque eso arruinar\u00eda mi vida y estar\u00eda contaminado por el pecado, y ser\u00eda por mi culpa&#8221;.<br><br>Cuando los creyentes en Dupade no somos cuidadosos acerca de c\u00f3mo vivimos, causamos que nuestros pueblos sean impuros y dan mala reputaci\u00f3n a los creyentes. Sabes que he hablado con David\u00e9 sobre estas cosas, sobre c\u00f3mo se comportan los creyentes. Tambi\u00e9n quiero decir que David\u00e9 siente por nosotros el castigado venidero . Otros creyentes act\u00faan como nosotros. Tendemos a mezclarnos (imitarnos unos a otros) en las cosas que hacemos.<br><br><strong><span style=\"text-decoration: underline;\">Clave:<\/span><\/strong><br>Dupade &#8211; Dios<br>Ayor\u00e9os &#8211; Gente de la tribu Ayor\u00e9<br>Interior caliente &#8211; Ira<br><br><em>Urus\u00e3r\u00e1qued\u00e9 \u2013 Rincon de Tigre, Bolivia \u2013 1970<\/em><br><em>Marina de Morarie chur\u00fas\u00e3re Urus\u00e3r\u00e1qued\u00e9 uruode<\/em><\/p>\n\n\n<div class=\"navigation\"><div class=\"alignleft\"><a href=\"https:\/\/ayore.org\/es\/cultura\/ensenanzas\/uroi-danielne-escucharas-tu-palabra-de-nuestros-labios\/\"title=\"Uroi (Danielne\u0301) \u2013 Escuchar\u00e1s tu Palabra de nuestros labios\"><img loading=\"lazy\" decoding=\"async\" src=\"https:\/\/ayore.org\/wp-content\/uploads\/2018\/10\/left-arrow.png\" width=\"50\" height=\"48\" alt=\"left arrow\"><\/a><\/div><div class=\"alignright\"><a href=\"https:\/\/ayore.org\/es\/\"title=\"Inicio\"><img loading=\"lazy\" decoding=\"async\" src=\"https:\/\/ayore.org\/wp-content\/uploads\/2018\/10\/right-arrow.png\" width=\"50\" height=\"48\" alt=\"right arrow\"><\/a><\/div>\n","protected":false},"excerpt":{"rendered":"<p>Atec\u00e3choi Dupade ome uyu Te contar\u00e9 sobre la forma en que viv\u00ed antes:Te contar\u00e9 sobre las cosas que hice antes. Mis pecados. Hice cosas feas en el pasado, pero mis queridos hermanos, recen a Dupade por m\u00ed, Urus\u00e3r\u00e1qued\u00e9, con respecto<\/p>\n","protected":false},"author":5,"featured_media":0,"parent":298,"menu_order":0,"comment_status":"closed","ping_status":"closed","template":"","meta":{"footnotes":""},"class_list":["post-4103","page","type-page","status-publish","hentry"],"yoast_head":"<!-- This site is optimized with the Yoast SEO plugin v27.4 - https:\/\/yoast.com\/product\/yoast-seo-wordpress\/ -->\n<title>Urusa\u0303ra\u0301quede\u0301 \u2013 Ruega a Dupade por m\u00ed &#8226; AYORE.ORG<\/title>\n<meta name=\"robots\" content=\"index, follow, max-snippet:-1, max-image-preview:large, max-video-preview:-1\" \/>\n<link rel=\"canonical\" href=\"https:\/\/ayore.org\/es\/cultura\/ensenanzas\/urusa\u0303raquede-ruega-a-dupade-por-mi\/\" \/>\n<meta property=\"og:locale\" content=\"es_ES\" \/>\n<meta property=\"og:type\" content=\"article\" \/>\n<meta property=\"og:title\" content=\"Urusa\u0303ra\u0301quede\u0301 \u2013 Ruega a Dupade por m\u00ed &#8226; AYORE.ORG\" \/>\n<meta property=\"og:description\" content=\"Atec\u00e3choi Dupade ome uyu Te contar\u00e9 sobre la forma en que viv\u00ed antes:Te contar\u00e9 sobre las cosas que hice antes. Mis pecados. Hice cosas feas en el pasado, pero mis queridos hermanos, recen a Dupade por m\u00ed, Urus\u00e3r\u00e1qued\u00e9, con respecto\" \/>\n<meta property=\"og:url\" content=\"https:\/\/ayore.org\/es\/cultura\/ensenanzas\/urusa\u0303raquede-ruega-a-dupade-por-mi\/\" \/>\n<meta property=\"og:site_name\" content=\"AYORE.ORG\" \/>\n<meta property=\"article:modified_time\" content=\"2019-05-25T19:21:47+00:00\" \/>\n<meta name=\"twitter:card\" content=\"summary_large_image\" \/>\n<meta name=\"twitter:label1\" content=\"Tiempo de lectura\" \/>\n\t<meta name=\"twitter:data1\" content=\"4 minutos\" \/>\n<script type=\"application\/ld+json\" class=\"yoast-schema-graph\">{\"@context\":\"https:\\\/\\\/schema.org\",\"@graph\":[{\"@type\":\"WebPage\",\"@id\":\"https:\\\/\\\/ayore.org\\\/es\\\/cultura\\\/ensenanzas\\\/urusa%cc%83raquede-ruega-a-dupade-por-mi\\\/\",\"url\":\"https:\\\/\\\/ayore.org\\\/es\\\/cultura\\\/ensenanzas\\\/urusa%cc%83raquede-ruega-a-dupade-por-mi\\\/\",\"name\":\"Urusa\u0303ra\u0301quede\u0301 \u2013 Ruega a Dupade por m\u00ed &#8226; AYORE.ORG\",\"isPartOf\":{\"@id\":\"https:\\\/\\\/ayore.org\\\/#website\"},\"datePublished\":\"2019-05-25T19:21:46+00:00\",\"dateModified\":\"2019-05-25T19:21:47+00:00\",\"breadcrumb\":{\"@id\":\"https:\\\/\\\/ayore.org\\\/es\\\/cultura\\\/ensenanzas\\\/urusa%cc%83raquede-ruega-a-dupade-por-mi\\\/#breadcrumb\"},\"inLanguage\":\"es-AR\",\"potentialAction\":[{\"@type\":\"ReadAction\",\"target\":[\"https:\\\/\\\/ayore.org\\\/es\\\/cultura\\\/ensenanzas\\\/urusa%cc%83raquede-ruega-a-dupade-por-mi\\\/\"]}]},{\"@type\":\"BreadcrumbList\",\"@id\":\"https:\\\/\\\/ayore.org\\\/es\\\/cultura\\\/ensenanzas\\\/urusa%cc%83raquede-ruega-a-dupade-por-mi\\\/#breadcrumb\",\"itemListElement\":[{\"@type\":\"ListItem\",\"position\":1,\"name\":\"Inicio\",\"item\":\"https:\\\/\\\/ayore.org\\\/es\\\/\"},{\"@type\":\"ListItem\",\"position\":2,\"name\":\"Cultura\",\"item\":\"https:\\\/\\\/ayore.org\\\/es\\\/cultura\\\/\"},{\"@type\":\"ListItem\",\"position\":3,\"name\":\"Ense\u00f1anzas\",\"item\":\"https:\\\/\\\/ayore.org\\\/es\\\/cultura\\\/ensenanzas\\\/\"},{\"@type\":\"ListItem\",\"position\":4,\"name\":\"Urusa\u0303ra\u0301quede\u0301 \u2013 Ruega a Dupade por m\u00ed\"}]},{\"@type\":\"WebSite\",\"@id\":\"https:\\\/\\\/ayore.org\\\/#website\",\"url\":\"https:\\\/\\\/ayore.org\\\/\",\"name\":\"AYORE.ORG\",\"description\":\"Idioma, Cultura e Historia de la Tribu Ayor\u00e9\",\"potentialAction\":[{\"@type\":\"SearchAction\",\"target\":{\"@type\":\"EntryPoint\",\"urlTemplate\":\"https:\\\/\\\/ayore.org\\\/?s={search_term_string}\"},\"query-input\":{\"@type\":\"PropertyValueSpecification\",\"valueRequired\":true,\"valueName\":\"search_term_string\"}}],\"inLanguage\":\"es-AR\"}]}<\/script>\n<!-- \/ Yoast SEO plugin. -->","yoast_head_json":{"title":"Urusa\u0303ra\u0301quede\u0301 \u2013 Ruega a Dupade por m\u00ed &#8226; AYORE.ORG","robots":{"index":"index","follow":"follow","max-snippet":"max-snippet:-1","max-image-preview":"max-image-preview:large","max-video-preview":"max-video-preview:-1"},"canonical":"https:\/\/ayore.org\/es\/cultura\/ensenanzas\/urusa\u0303raquede-ruega-a-dupade-por-mi\/","og_locale":"es_ES","og_type":"article","og_title":"Urusa\u0303ra\u0301quede\u0301 \u2013 Ruega a Dupade por m\u00ed &#8226; AYORE.ORG","og_description":"Atec\u00e3choi Dupade ome uyu Te contar\u00e9 sobre la forma en que viv\u00ed antes:Te contar\u00e9 sobre las cosas que hice antes. Mis pecados. Hice cosas feas en el pasado, pero mis queridos hermanos, recen a Dupade por m\u00ed, Urus\u00e3r\u00e1qued\u00e9, con respecto","og_url":"https:\/\/ayore.org\/es\/cultura\/ensenanzas\/urusa\u0303raquede-ruega-a-dupade-por-mi\/","og_site_name":"AYORE.ORG","article_modified_time":"2019-05-25T19:21:47+00:00","twitter_card":"summary_large_image","twitter_misc":{"Tiempo de lectura":"4 minutos"},"schema":{"@context":"https:\/\/schema.org","@graph":[{"@type":"WebPage","@id":"https:\/\/ayore.org\/es\/cultura\/ensenanzas\/urusa%cc%83raquede-ruega-a-dupade-por-mi\/","url":"https:\/\/ayore.org\/es\/cultura\/ensenanzas\/urusa%cc%83raquede-ruega-a-dupade-por-mi\/","name":"Urusa\u0303ra\u0301quede\u0301 \u2013 Ruega a Dupade por m\u00ed &#8226; AYORE.ORG","isPartOf":{"@id":"https:\/\/ayore.org\/#website"},"datePublished":"2019-05-25T19:21:46+00:00","dateModified":"2019-05-25T19:21:47+00:00","breadcrumb":{"@id":"https:\/\/ayore.org\/es\/cultura\/ensenanzas\/urusa%cc%83raquede-ruega-a-dupade-por-mi\/#breadcrumb"},"inLanguage":"es-AR","potentialAction":[{"@type":"ReadAction","target":["https:\/\/ayore.org\/es\/cultura\/ensenanzas\/urusa%cc%83raquede-ruega-a-dupade-por-mi\/"]}]},{"@type":"BreadcrumbList","@id":"https:\/\/ayore.org\/es\/cultura\/ensenanzas\/urusa%cc%83raquede-ruega-a-dupade-por-mi\/#breadcrumb","itemListElement":[{"@type":"ListItem","position":1,"name":"Inicio","item":"https:\/\/ayore.org\/es\/"},{"@type":"ListItem","position":2,"name":"Cultura","item":"https:\/\/ayore.org\/es\/cultura\/"},{"@type":"ListItem","position":3,"name":"Ense\u00f1anzas","item":"https:\/\/ayore.org\/es\/cultura\/ensenanzas\/"},{"@type":"ListItem","position":4,"name":"Urusa\u0303ra\u0301quede\u0301 \u2013 Ruega a Dupade por m\u00ed"}]},{"@type":"WebSite","@id":"https:\/\/ayore.org\/#website","url":"https:\/\/ayore.org\/","name":"AYORE.ORG","description":"Idioma, Cultura e Historia de la Tribu Ayor\u00e9","potentialAction":[{"@type":"SearchAction","target":{"@type":"EntryPoint","urlTemplate":"https:\/\/ayore.org\/?s={search_term_string}"},"query-input":{"@type":"PropertyValueSpecification","valueRequired":true,"valueName":"search_term_string"}}],"inLanguage":"es-AR"}]}},"_links":{"self":[{"href":"https:\/\/ayore.org\/es\/wp-json\/wp\/v2\/pages\/4103","targetHints":{"allow":["GET"]}}],"collection":[{"href":"https:\/\/ayore.org\/es\/wp-json\/wp\/v2\/pages"}],"about":[{"href":"https:\/\/ayore.org\/es\/wp-json\/wp\/v2\/types\/page"}],"author":[{"embeddable":true,"href":"https:\/\/ayore.org\/es\/wp-json\/wp\/v2\/users\/5"}],"replies":[{"embeddable":true,"href":"https:\/\/ayore.org\/es\/wp-json\/wp\/v2\/comments?post=4103"}],"version-history":[{"count":3,"href":"https:\/\/ayore.org\/es\/wp-json\/wp\/v2\/pages\/4103\/revisions"}],"predecessor-version":[{"id":4106,"href":"https:\/\/ayore.org\/es\/wp-json\/wp\/v2\/pages\/4103\/revisions\/4106"}],"up":[{"embeddable":true,"href":"https:\/\/ayore.org\/es\/wp-json\/wp\/v2\/pages\/298"}],"wp:attachment":[{"href":"https:\/\/ayore.org\/es\/wp-json\/wp\/v2\/media?parent=4103"}],"curies":[{"name":"wp","href":"https:\/\/api.w.org\/{rel}","templated":true}]}}