{"id":410,"date":"2018-07-20T03:31:31","date_gmt":"2018-07-20T03:31:31","guid":{"rendered":"https:\/\/ayore.org\/?page_id=410"},"modified":"2019-03-06T21:36:20","modified_gmt":"2019-03-06T21:36:20","slug":"oidabiade-grupos-que-se-originaron-en-el-tribu-ayore","status":"publish","type":"page","link":"https:\/\/ayore.org\/es\/cultura\/historia-oral\/oidabiade-grupos-que-se-originaron-en-el-tribu-ayore\/","title":{"rendered":"Oid\u00e1biad\u00e9 &#8211; Grupos que se originaron en el Tribu Ayor\u00e9"},"content":{"rendered":"<p><em style=\"font-size: 1rem;\">Ayor\u00e9ode Chisite R\u00e1gaja Er\u00e1mi<\/em><em>\u00a0<\/em><\/p>\n<p><strong><em>Dicen que el tribu ayor\u00e9 extiendi\u00f3 sobre toda la tierra hace mucho tiempo.<\/em><\/strong><\/p>\n<p><strong><em>Los ayor\u00e9os creen que otras tribus se originaron de los clanes ayor\u00e9os.<\/em><\/strong><\/p>\n<ol>\n<li>Se dice que la <em>tribu Chulup\u00ed<\/em> cuyo lenguaje es similar al lenguaje ayor\u00e9 se origin\u00f3 del clan ayor\u00e9o que se llama <em>Chiquenoi<\/em>.<\/li>\n<li>Se cree que la <em>tribu Guaran\u00ed<\/em> ( los verdaderos paraguayos ) se origin\u00f3 del clan ayor\u00e9 que se llama <em>Picanerai<\/em>.<\/li>\n<li>En un principio la <em>tribu Chamacoco<\/em> eran todos del clan <em>\u00c9tacori<\/em>, pero se retir\u00f3 del resto del clan ayor\u00e9 y form\u00f3 su propia tribu.<\/li>\n<li>La <em>tribu Manj\u00fai<\/em> eran del clan ayor\u00e9o que se llama <em>Posoraja\u0303i.<\/em><\/li>\n<\/ol>\n<p><strong><em>Las amistades entre clanes<\/em><\/strong><strong><em>:<\/em><\/strong><\/p>\n<ol>\n<li>Los miembros del clan Cutamurajane son amigos de los miembros del clan Picanerane.<\/li>\n<li>Los miembros del clan Chiquenone son amigos de los miembros del clan Posorajane.<\/li>\n<li>Los miembros del clan \u00c9tacorone son amigos de los miembros del clan Dosap\u00e9ode.<\/li>\n<li>El clan Jnuruminone no tiene amigos y son pocos en n\u00famero.<\/li>\n<\/ol>\n<p><em>Oid\u00e1biad\u00e9 \u2013 Campo Loro, Paraguay \u2013 1988.\u00a0\u00a0\u00a0\u00a0\u00a0\u00a0\u00a0\u00a0\u00a0\u00a0\u00a0\u00a0\u00a0\u00a0 \u00a0\u00a0\u00a0\u00a0\u00a0 <\/em><\/p>\n<p><em>Transcrito y traducido al espa\u00f1ol por: Maxine Morarie.<\/em><\/p>\n<div class=\"navigation\"><div class=\"alignleft\"><a href=\"https:\/\/ayore.org\/es\/cultura\/historia-oral\/cornelio-isaac-hombre-menonita-asesinado-por-ayoreos\/\"title=\"Ano\u0301nimo &#8211; Hombre Menonita fue asesinado por un hombre ayore\u0301\"><img loading=\"lazy\" decoding=\"async\" src=\"https:\/\/ayore.org\/wp-content\/uploads\/2018\/10\/left-arrow.png\" width=\"50\" height=\"48\" alt=\"left arrow\"><\/a><\/div><div class=\"alignright\"><a href=\"https:\/\/ayore.org\/es\/cultura\/historia-oral\/oidabiade-gente-de-las-tumbas\/\"title=\"Oid\u00e1biad\u00e9 &#8211; Gente de las tumbas\"><img loading=\"lazy\" decoding=\"async\" src=\"https:\/\/ayore.org\/wp-content\/uploads\/2018\/10\/right-arrow.png\" width=\"50\" height=\"48\" alt=\"right arrow\"><\/a><\/div>\n","protected":false},"excerpt":{"rendered":"<p>Ayor\u00e9ode Chisite R\u00e1gaja Er\u00e1mi\u00a0 Dicen que el tribu ayor\u00e9 extiendi\u00f3 sobre toda la tierra hace mucho tiempo. Los ayor\u00e9os creen que otras tribus se originaron de los clanes ayor\u00e9os. Se dice que la tribu Chulup\u00ed cuyo lenguaje es similar al<\/p>\n","protected":false},"author":2,"featured_media":0,"parent":294,"menu_order":0,"comment_status":"closed","ping_status":"closed","template":"","meta":{"footnotes":""},"class_list":["post-410","page","type-page","status-publish","hentry"],"yoast_head":"<!-- This site is optimized with the Yoast SEO plugin v27.4 - https:\/\/yoast.com\/product\/yoast-seo-wordpress\/ -->\n<title>Ayore\u0301 Historia Oral: Grupos Que Se Originaron En El Tribu Ayor\u00e9 \u2022 Ayore.org<\/title>\n<meta name=\"robots\" content=\"index, follow, max-snippet:-1, max-image-preview:large, max-video-preview:-1\" \/>\n<link rel=\"canonical\" href=\"https:\/\/ayore.org\/es\/cultura\/historia-oral\/oidabiade-grupos-que-se-originaron-en-el-tribu-ayore\/\" \/>\n<meta property=\"og:locale\" content=\"es_ES\" \/>\n<meta property=\"og:type\" content=\"article\" \/>\n<meta property=\"og:title\" content=\"Ayore\u0301 Historia Oral: Grupos Que Se Originaron En El Tribu Ayor\u00e9 \u2022 Ayore.org\" \/>\n<meta property=\"og:description\" content=\"Ayor\u00e9ode Chisite R\u00e1gaja Er\u00e1mi\u00a0 Dicen que el tribu ayor\u00e9 extiendi\u00f3 sobre toda la tierra hace mucho tiempo. Los ayor\u00e9os creen que otras tribus se originaron de los clanes ayor\u00e9os. Se dice que la tribu Chulup\u00ed cuyo lenguaje es similar al\" \/>\n<meta property=\"og:url\" content=\"https:\/\/ayore.org\/es\/cultura\/historia-oral\/oidabiade-grupos-que-se-originaron-en-el-tribu-ayore\/\" \/>\n<meta property=\"og:site_name\" content=\"AYORE.ORG\" \/>\n<meta property=\"article:modified_time\" content=\"2019-03-06T21:36:20+00:00\" \/>\n<meta name=\"twitter:card\" content=\"summary_large_image\" \/>\n<meta name=\"twitter:label1\" content=\"Tiempo de lectura\" \/>\n\t<meta name=\"twitter:data1\" content=\"1 minuto\" \/>\n<script type=\"application\/ld+json\" class=\"yoast-schema-graph\">{\"@context\":\"https:\\\/\\\/schema.org\",\"@graph\":[{\"@type\":\"WebPage\",\"@id\":\"https:\\\/\\\/ayore.org\\\/es\\\/cultura\\\/historia-oral\\\/oidabiade-grupos-que-se-originaron-en-el-tribu-ayore\\\/\",\"url\":\"https:\\\/\\\/ayore.org\\\/es\\\/cultura\\\/historia-oral\\\/oidabiade-grupos-que-se-originaron-en-el-tribu-ayore\\\/\",\"name\":\"Ayore\u0301 Historia Oral: Grupos Que Se Originaron En El Tribu Ayor\u00e9 \u2022 Ayore.org\",\"isPartOf\":{\"@id\":\"https:\\\/\\\/ayore.org\\\/#website\"},\"datePublished\":\"2018-07-20T03:31:31+00:00\",\"dateModified\":\"2019-03-06T21:36:20+00:00\",\"breadcrumb\":{\"@id\":\"https:\\\/\\\/ayore.org\\\/es\\\/cultura\\\/historia-oral\\\/oidabiade-grupos-que-se-originaron-en-el-tribu-ayore\\\/#breadcrumb\"},\"inLanguage\":\"es-AR\",\"potentialAction\":[{\"@type\":\"ReadAction\",\"target\":[\"https:\\\/\\\/ayore.org\\\/es\\\/cultura\\\/historia-oral\\\/oidabiade-grupos-que-se-originaron-en-el-tribu-ayore\\\/\"]}]},{\"@type\":\"BreadcrumbList\",\"@id\":\"https:\\\/\\\/ayore.org\\\/es\\\/cultura\\\/historia-oral\\\/oidabiade-grupos-que-se-originaron-en-el-tribu-ayore\\\/#breadcrumb\",\"itemListElement\":[{\"@type\":\"ListItem\",\"position\":1,\"name\":\"Inicio\",\"item\":\"https:\\\/\\\/ayore.org\\\/es\\\/\"},{\"@type\":\"ListItem\",\"position\":2,\"name\":\"Cultura\",\"item\":\"https:\\\/\\\/ayore.org\\\/es\\\/cultura\\\/\"},{\"@type\":\"ListItem\",\"position\":3,\"name\":\"Historia Oral\",\"item\":\"https:\\\/\\\/ayore.org\\\/es\\\/cultura\\\/historia-oral\\\/\"},{\"@type\":\"ListItem\",\"position\":4,\"name\":\"Oid\u00e1biad\u00e9 &#8211; Grupos que se originaron en el Tribu Ayor\u00e9\"}]},{\"@type\":\"WebSite\",\"@id\":\"https:\\\/\\\/ayore.org\\\/#website\",\"url\":\"https:\\\/\\\/ayore.org\\\/\",\"name\":\"AYORE.ORG\",\"description\":\"Idioma, Cultura e Historia de la Tribu Ayor\u00e9\",\"potentialAction\":[{\"@type\":\"SearchAction\",\"target\":{\"@type\":\"EntryPoint\",\"urlTemplate\":\"https:\\\/\\\/ayore.org\\\/?s={search_term_string}\"},\"query-input\":{\"@type\":\"PropertyValueSpecification\",\"valueRequired\":true,\"valueName\":\"search_term_string\"}}],\"inLanguage\":\"es-AR\"}]}<\/script>\n<!-- \/ Yoast SEO plugin. -->","yoast_head_json":{"title":"Ayore\u0301 Historia Oral: Grupos Que Se Originaron En El Tribu Ayor\u00e9 \u2022 Ayore.org","robots":{"index":"index","follow":"follow","max-snippet":"max-snippet:-1","max-image-preview":"max-image-preview:large","max-video-preview":"max-video-preview:-1"},"canonical":"https:\/\/ayore.org\/es\/cultura\/historia-oral\/oidabiade-grupos-que-se-originaron-en-el-tribu-ayore\/","og_locale":"es_ES","og_type":"article","og_title":"Ayore\u0301 Historia Oral: Grupos Que Se Originaron En El Tribu Ayor\u00e9 \u2022 Ayore.org","og_description":"Ayor\u00e9ode Chisite R\u00e1gaja Er\u00e1mi\u00a0 Dicen que el tribu ayor\u00e9 extiendi\u00f3 sobre toda la tierra hace mucho tiempo. Los ayor\u00e9os creen que otras tribus se originaron de los clanes ayor\u00e9os. Se dice que la tribu Chulup\u00ed cuyo lenguaje es similar al","og_url":"https:\/\/ayore.org\/es\/cultura\/historia-oral\/oidabiade-grupos-que-se-originaron-en-el-tribu-ayore\/","og_site_name":"AYORE.ORG","article_modified_time":"2019-03-06T21:36:20+00:00","twitter_card":"summary_large_image","twitter_misc":{"Tiempo de lectura":"1 minuto"},"schema":{"@context":"https:\/\/schema.org","@graph":[{"@type":"WebPage","@id":"https:\/\/ayore.org\/es\/cultura\/historia-oral\/oidabiade-grupos-que-se-originaron-en-el-tribu-ayore\/","url":"https:\/\/ayore.org\/es\/cultura\/historia-oral\/oidabiade-grupos-que-se-originaron-en-el-tribu-ayore\/","name":"Ayore\u0301 Historia Oral: Grupos Que Se Originaron En El Tribu Ayor\u00e9 \u2022 Ayore.org","isPartOf":{"@id":"https:\/\/ayore.org\/#website"},"datePublished":"2018-07-20T03:31:31+00:00","dateModified":"2019-03-06T21:36:20+00:00","breadcrumb":{"@id":"https:\/\/ayore.org\/es\/cultura\/historia-oral\/oidabiade-grupos-que-se-originaron-en-el-tribu-ayore\/#breadcrumb"},"inLanguage":"es-AR","potentialAction":[{"@type":"ReadAction","target":["https:\/\/ayore.org\/es\/cultura\/historia-oral\/oidabiade-grupos-que-se-originaron-en-el-tribu-ayore\/"]}]},{"@type":"BreadcrumbList","@id":"https:\/\/ayore.org\/es\/cultura\/historia-oral\/oidabiade-grupos-que-se-originaron-en-el-tribu-ayore\/#breadcrumb","itemListElement":[{"@type":"ListItem","position":1,"name":"Inicio","item":"https:\/\/ayore.org\/es\/"},{"@type":"ListItem","position":2,"name":"Cultura","item":"https:\/\/ayore.org\/es\/cultura\/"},{"@type":"ListItem","position":3,"name":"Historia Oral","item":"https:\/\/ayore.org\/es\/cultura\/historia-oral\/"},{"@type":"ListItem","position":4,"name":"Oid\u00e1biad\u00e9 &#8211; Grupos que se originaron en el Tribu Ayor\u00e9"}]},{"@type":"WebSite","@id":"https:\/\/ayore.org\/#website","url":"https:\/\/ayore.org\/","name":"AYORE.ORG","description":"Idioma, Cultura e Historia de la Tribu Ayor\u00e9","potentialAction":[{"@type":"SearchAction","target":{"@type":"EntryPoint","urlTemplate":"https:\/\/ayore.org\/?s={search_term_string}"},"query-input":{"@type":"PropertyValueSpecification","valueRequired":true,"valueName":"search_term_string"}}],"inLanguage":"es-AR"}]}},"_links":{"self":[{"href":"https:\/\/ayore.org\/es\/wp-json\/wp\/v2\/pages\/410","targetHints":{"allow":["GET"]}}],"collection":[{"href":"https:\/\/ayore.org\/es\/wp-json\/wp\/v2\/pages"}],"about":[{"href":"https:\/\/ayore.org\/es\/wp-json\/wp\/v2\/types\/page"}],"author":[{"embeddable":true,"href":"https:\/\/ayore.org\/es\/wp-json\/wp\/v2\/users\/2"}],"replies":[{"embeddable":true,"href":"https:\/\/ayore.org\/es\/wp-json\/wp\/v2\/comments?post=410"}],"version-history":[{"count":4,"href":"https:\/\/ayore.org\/es\/wp-json\/wp\/v2\/pages\/410\/revisions"}],"predecessor-version":[{"id":3336,"href":"https:\/\/ayore.org\/es\/wp-json\/wp\/v2\/pages\/410\/revisions\/3336"}],"up":[{"embeddable":true,"href":"https:\/\/ayore.org\/es\/wp-json\/wp\/v2\/pages\/294"}],"wp:attachment":[{"href":"https:\/\/ayore.org\/es\/wp-json\/wp\/v2\/media?parent=410"}],"curies":[{"name":"wp","href":"https:\/\/api.w.org\/{rel}","templated":true}]}}