{"id":4097,"date":"2019-05-25T18:49:39","date_gmt":"2019-05-25T18:49:39","guid":{"rendered":"https:\/\/ayore.org\/?page_id=4097"},"modified":"2019-05-25T18:49:41","modified_gmt":"2019-05-25T18:49:41","slug":"uroi-danielne-escucharas-tu-palabra-de-nuestros-labios","status":"publish","type":"page","link":"https:\/\/ayore.org\/es\/cultura\/ensenanzas\/uroi-danielne-escucharas-tu-palabra-de-nuestros-labios\/","title":{"rendered":"Uroi (Danielne\u0301) \u2013 Escuchar\u00e1s tu Palabra de nuestros labios"},"content":{"rendered":"\n<p><em>A badute Baruode iji yoquibijnani<\/em><\/p>\n\n\n\n<p><strong><em>La oraci\u00f3n de Uroi:<\/em><\/strong><br>Hemos escuchado tu Palabra este domingo, <em>Yoqui-Dupade<\/em>. No s\u00e9 si est\u00e1s contento cuando escuchas tu palabra en nuestros labios mientras lo ense\u00f1amos a nuestra gente. Pero cuide de tu palabra esta noche, <em>Yoqui-Dupade<\/em>, en esta reuni\u00f3n. Y escucharemos ahora tu palabra, <em>Yoqui-Dupade<\/em>. No lo hemos o\u00eddo todav\u00eda, pero lo estaremos escuchando, as\u00ed que cu\u00eddanos como lo o\u00edmos. <br><br>Nos estamos reuniendo para escuchar tu palabra, aunque Ecarai no est\u00e9 aqu\u00ed. No lo estamos abandonando en absoluto, <em>Yoqui-Dupade<\/em>, y puesto que no hay nadie m\u00e1s que nos ense\u00f1e tu palabra, yo la ense\u00f1ar\u00e9. David\u00e9 (Ecarai) est\u00e1 en un viaje, <em>Yoqui-Dupade<\/em>. Cuida de \u00e9l donde quiera que est\u00e9, <em>Yoqui-Dupade<\/em>, y cuida de Jomone que nada malo les suceda, <em>Yoqui-Dupade<\/em>. Y que David\u00e9 nos ense\u00f1e el pr\u00f3ximo domingo. Sabes que conoce tu palabra. \u00c9l sabe lo que su palabra significa y nos dice sobre ella cada domingo, <em>Yoqui-Dupade<\/em>. <br><br>Ay\u00fadanos aqu\u00ed en tu casa mientras escuchas tu palabra hablada a trav\u00e9s de nuestros labios. Que sea ense\u00f1ado correctamente para que lo apruebes, <em>Yoqui-Dupade<\/em>. Y que sea feliz con nosotros cuando nos ves escuchando tu palabra. Te ruego todo esto en el nombre de tu Hijo Jes\u00fas. Am\u00e9n.<br><br><strong><em>Uroi cuenta acerca del sue\u00f1o del Fara\u00f3n:<\/em><\/strong><em> <\/em><br>Lo que le\u00ed esta ma\u00f1ana fue sobre los sue\u00f1os de Fara\u00f3n. S\u00f3lo leerlo me dej\u00f3 preocupado. Don Len vino a m\u00ed entonces, y le dije que no entend\u00eda lo que hab\u00eda le\u00eddo. No sab\u00eda c\u00f3mo se aplicaba a nosotros. Esto es lo que sucedi\u00f3 cuando le\u00ed sobre el sue\u00f1o de Fara\u00f3n. <em>(G\u00e9nesis 41:7-16)<\/em><\/p>\n\n\n\n<p>El rey Fara\u00f3n\nestaba durmiendo una noche. Pero tuvo un mal sue\u00f1o. So\u00f1aba con un ganado\nsaludable. Pero despu\u00e9s, algunas vacas enfermizas y delgadas atacaron el ganado\ngordo y los mataron. Y los devoraron y no qued\u00f3 nada de ellos.<\/p>\n\n\n\n<p>Y el rey se turb\u00f3.\nEl sue\u00f1o que ten\u00eda era muy feo. Volvi\u00f3 a dormir y mientras dorm\u00eda tuvo otro\nsue\u00f1o. \u00c9ste era de tallos altos y saludables de ma\u00edz, y eso era lo que el sue\u00f1o\nde Fara\u00f3n era. Despu\u00e9s de esto, otro sue\u00f1o vino a \u00e9l y se trataba de espigas\nsecas y quemadas por el viento. Y el ma\u00edz malsano mat\u00f3 el ma\u00edz alto y\nsaludable. Y lo devor\u00f3 y no qued\u00f3 nada del buen ma\u00edz. Pero el rey dijo:\n&#8220;Estoy preocupado por mis sue\u00f1os porque eran muy feos para m\u00ed.&#8221;<\/p>\n\n\n\n<p><strong><em>Fara\u00f3n llama a los \u2018<\/em>daijnane\u2019<em> para interpretar sus sue\u00f1os:<\/em><\/strong><br>Y \u00e9l dijo: &#8220;Voy a llamar a los <em>daijnane<\/em> (magos) para que me digan lo que significan mis sue\u00f1os. Si alguno de ellos me dice lo que quieren decir, voy a dejar que gobierne en mi lugar.<\/p>\n\n\n\n<p>Y as\u00ed, trajo a\ntodos los <em>daijnane <\/em>de la tierra. Se\nlo cont\u00f3, pero no sab\u00edan lo que significaban sus sue\u00f1os. <\/p>\n\n\n\n<p><strong><em>Fara\u00f3n llama a Jos\u00e9 para interpretar sus sue\u00f1os:<\/em><\/strong><br>Pero despu\u00e9s el siervo que serv\u00eda el vino dijo: &#8220;Hay uno de tus siervos en la c\u00e1rcel llamado Jos\u00e9. Conoce los sue\u00f1os.\u201d<br><br>Y el Fara\u00f3n dijo: &#8220;Tr\u00e1iganlo y quiz\u00e1 el puede interpretar mis sue\u00f1os. Todav\u00eda estoy preocupado por los malos sue\u00f1os que tuve. Esos <em>daijnane<\/em> no pod\u00edan explicar mis sue\u00f1os.<br><br>Entonces, trajeron a Jos\u00e9, y lo llevaron al palacio del rey desde donde lo encerraron. Le dijeron: &#8220;Jos\u00e9, hemos venido a ti y te estamos llevando a interpretar los sue\u00f1os del rey Fara\u00f3n. Los <em>daijnane<\/em> no pudieron interpretarlos.<br><br>Cambiaron la ropa de Jos\u00e9. Y sacaron una t\u00fanica nueva y hermosa para que la vistiera. Tambi\u00e9n le dieron un collar para llevar. Estaba totalmente cambiado de c\u00f3mo estaba en la prisi\u00f3n. Y parti\u00f3 y se dirigi\u00f3 al palacio de Fara\u00f3n.<br><br><strong><em>Fara\u00f3n le cont\u00f3 sus sue\u00f1os a Jos\u00e9:<\/em><\/strong><br>Y cuando lleg\u00f3 al Fara\u00f3n, le dijo: \u201cFara\u00f3n, \u00bfqu\u00e9 es que quieres?\u201d<br><br>Pero Fara\u00f3n dijo: &#8220;Jos\u00e9, quer\u00eda hablarte y pedirte que interpretas mis sue\u00f1os. Anoche tuve algunos malos sue\u00f1os. Dime lo que significan.&#8221; Esto es lo que Fara\u00f3n le dijo a Jos\u00e9.<br><br>Jos\u00e9 dijo: &#8220;Lo entiendo&#8221;.<br><br>Fara\u00f3n dijo: &#8220;Jos\u00e9, so\u00f1\u00e9 con un ganado gordo a orillas de un r\u00edo. Entonces, so\u00f1\u00e9 con unas vacas malsanas y delgadas que iban detr\u00e1s del ganado gordo y las mataban y las com\u00edan y no dejaban nada de ellas. Hab\u00eda siete vacas flacas.\u201d Entonces \u00e9l dijo: &#8220;Jos\u00e9, \u00e9stos fueron mis sue\u00f1os. Eran muy malos sue\u00f1os.\u201d<br><br>Y Jos\u00e9 dijo: &#8220;Yo entiendo.&#8221;<br><br>Pero el Fara\u00f3n dijo: &#8220;Dorm\u00ed de nuevo y tuve otro sue\u00f1o y vi en mi sue\u00f1o plantas de ma\u00edz altas y saludables. Entonces por alguna raz\u00f3n, so\u00f1\u00e9 con el ma\u00edz que era irregular y malsano. Fueron tras las plantas altas y sanas y las mataron, las comieron y no dejaron nada.\u201d<br><br><strong><em>Joseph or\u00f3 para que Dupade le diera la interpretaci\u00f3n de los sue\u00f1os:<\/em><\/strong>&nbsp;<br>Jos\u00e9 se apresur\u00f3 a <em>Dupade<\/em> y or\u00f3 por sabidur\u00eda. Entonces, \u00e9l dijo: &#8220;Fara\u00f3n, <em>Dupade<\/em> sabe todo acerca de esto. Fara\u00f3n, el significado de tus sue\u00f1os es de siete a\u00f1os de sequ\u00eda, cuando habr\u00e1 hambre en toda la tierra.&#8221; Esto es lo que le dijo a Fara\u00f3n. Y luego dijo: &#8220;Pero yo no tengo ese conocimiento en absoluto. Fue el conocimiento de <em>Dupade<\/em> que me revel\u00f3, y as\u00ed es como yo sab\u00eda lo que significaban tus sue\u00f1os &#8220;.<br><br>El rey le dijo: &#8220;No estaba contento con mis sue\u00f1os. Los <em>daijnane <\/em>no pudieron explic\u00e1rmelos, porque no sab\u00edan lo que quer\u00edan decir.&#8221; Entonces el Fara\u00f3n dijo: &#8220;Voy a deshacerme de esos <em>daijnane<\/em> por toda la tierra, porque no saben el significado de mis sue\u00f1os&#8221;. Y \u00e9l dijo: &#8220;Voy a apartarme de la autoridad de mi trono y t\u00fa gobernar\u00e1s durante los siete a\u00f1os buenos, y durante los siete a\u00f1os malos&#8221;.&nbsp;<\/p>\n\n\n\n<p><strong><em>Antes de esto, algunos otros hombres le hab\u00edan contado a Jos\u00e9 sus sue\u00f1os:<\/em><\/strong><br>Antes de esto, dos hombres le hab\u00edan contado a Jos\u00e9 sus sue\u00f1os. Y esto es lo que les pas\u00f3.<\/p>\n\n\n\n<p>Uno de ellos dijo:\n&#8220;Jos\u00e9, interpreta mi sue\u00f1o, tambi\u00e9n.&#8221; <\/p>\n\n\n\n<p>\u00c9l dijo: &#8220;No\nentiendo esto, pero en mi sue\u00f1o, era temprano en la ma\u00f1ana. Y, Jos\u00e9, en mi\nsue\u00f1o, llevaba comida en una cesta sobre mi cabeza. Pero unos buitres de arriba\nbajaron y comieron la comida de la cesta que llevaba sobre mi cabeza.&#8221; Esto\nes lo que le dijo a Jos\u00e9.<\/p>\n\n\n\n<p>Pero Jos\u00e9 le dijo:\n&#8220;Yo comprendo. El significado de tu sue\u00f1o es que los siervos de tu amo te\nmatar\u00e1n, te echar\u00e1n a la plaza del pueblo y los buitres te comer\u00e1n&#8221;.<\/p>\n\n\n\n<p>Entonces el otro hombre dijo: &#8220;Jos\u00e9, tuve un sue\u00f1o tambi\u00e9n en la noche, y alguien me dio fruto de las vi\u00f1as.<\/p>\n\n\n\n<p>Jos\u00e9 dijo: &#8220;Lo entiendo. Conozco el significado de tu sue\u00f1o. Significa que su amo le permitir\u00e1 servirle de nuevo, y le traer\u00e1s a \u00e9l vino para beber. Pero yo no ten\u00eda conocimiento de lo que su sue\u00f1o quer\u00eda decir, fue el conocimiento de <em>Dupade<\/em> que \u00e9l me dio. As\u00ed es como yo conoc\u00eda el significado de tu sue\u00f1o\u201d. Esto es lo que Jos\u00e9 le dijo.<br><br><strong><em>Uroi tambi\u00e9n ley\u00f3 en el libro de Hechos sobre lo que hicieron Juan y Pedro:<\/em><\/strong><br>Tambi\u00e9n le\u00ed del libro de Hechos esta ma\u00f1ana. Era acerca de Pedro y Juan que iban a <em>la casa grande de Dupade<\/em> (templo). <em>(Hechos 3:12-16)<\/em>&nbsp;&nbsp;&nbsp;&nbsp;&nbsp;&nbsp;&nbsp;&nbsp;&nbsp;&nbsp;&nbsp; <br><br>Probablemente Juan dijo: \u201cPedro, vayamos a <em>la casa grande de Dupade<\/em> cuando <em>el sol haga su arco <\/em>(dos de la tarde)<em>.<\/em> Ah\u00ed es cuando la gente reza.\u201d<\/p>\n\n\n\n<p>As\u00ed que Juan y Pedro se fueron a asistir a la hora de oraci\u00f3n en <em>la casa grande de Dupade<\/em>. Cuando llegaron a la puerta de <em>la casa grande de Dupade<\/em>, vieron a un hombre lisiado sentado all\u00ed. El hombre cojo esper\u00f3 a que la gente pasara por la puerta. Hab\u00eda estado cojo desde su nacimiento. Y esperaba a que la gente viniera a darle cosas. <br><br>Y as\u00ed fue como Juan y Pedro llegaron a donde estaba en la puerta de <em>la casa grande de Dupade<\/em>. Y llegaron y vieron al cojo. Y \u00e9l estaba esperando a la gente que iba al templo.<br><br>El hombre cojo les llam\u00f3 diciendo: &#8220;Juan, Pedro, les pido que me den algo para mi sustento&#8221;. Esto es lo que el hombre lisiado les dijo. \u201cUstedes ven que estoy lisiado y no puedo trabajar para ganarme la vida.&#8221;<br><br><strong><em>Juan y Pedro le dieron un hermoso regalo al hombre lisiado: <\/em><\/strong><br>Y Pedro y Juan le dijeron: &#8220;Nosotros entendemos esto.&#8221; Entonces dijeron al hombre cojo: &#8220;Entendemos lo que dices, pero no tenemos dinero; ni tampoco <em>oro <\/em>&#8220;.<br><br>Pero Pedro le dijo al cojo: &#8220;Hombre cojo, no tengo ni bienes ni dinero para darte. Pero voy a darte algo mucho m\u00e1s hermoso&#8221;. Entonces \u00e9l dijo: &#8220;Lo que voy a darte no es s\u00f3lo hermoso, es muy, muy hermoso&#8221;.<br><br> Pero el hombre cojo dijo: &#8220;Juan, Pedro, \u00bfqu\u00e9 pueden darme, porque saben que desde mi nacimiento soy como ustedes me ven \u2013 lisiado, inv\u00e1lido. As\u00ed que dame algo de tu comida, o un poco de tu dinero. Estoy irremediablemente cojo, porque incluso en el vientre de mi madre me form\u00e9 de esta manera y nunca he sido diferente.\u201d&nbsp;<\/p>\n\n\n\n<p><strong><em>Juan y Pedro sanaron al hombre cojo al mencionar el nombre de Jes\u00fas:<\/em><\/strong><br>Juan y Pedro dijeron: &#8220;Lisiado eres, pero yo tampoco tengo algo para darte, pero una cosa que tengo para ti es hermosa. Est\u00e9 libre de su cojera y en el nombre de Jes\u00fas lev\u00e1ntate. Lev\u00e1ntate y apoya en tu bast\u00f3n. T\u00f3melo en tu mano derecha y no dependa de sus manos o brazos. Solo ag\u00e1rralo con tu mano derecha y lev\u00e1ntate.&#8221;<br><br>El hombre cojo hizo lo que dec\u00edan y se levant\u00f3. \u00c9l sostuvo su bast\u00f3n en su mano derecha. \u00a1Pero \u00e9l se par\u00f3 y camin\u00f3! Caminaba tan normalmente como cualquiera. Era como si nunca hubiera sido cojo, que hab\u00eda sido formado con fuerza en sus extremidades dentro del vientre de su madre.<br><br><strong><em>Explican c\u00f3mo sanaron al cojo:<\/em><\/strong><br>Pero ellos dijeron: &#8220;Esto no fue hecho por nuestra capacidad de sanar. La habilidad de Jesucristo hizo esto. Fue hecho por el poder de su nombre que nosotros que creemos llevamos con nosotros.\u201d<br><br>Pedro y Juan sanaron al cojo. Pero no fueron ellos que realmente lo curaron. El poder de <em>Dupade<\/em> dentro de ellos, hizo la curaci\u00f3n. El poder de <em>Dupade<\/em> habit\u00f3 a Juan y Pedro, y por ese poder sanaron al cojo. Pero Juan y Pedro estaban muy contentos de que el cojo fuera sanado. Pero \u00e9l no fue sanado por ellos. El poder de <em>Dupade<\/em> hizo la curaci\u00f3n. <em>Dupade<\/em> mostr\u00f3 a Juan y a Pedro su poder. Y llevaban ese poder con ellos dondequiera que fueran. Y as\u00ed curaron al cojo, al lisiado, al hombre que no pod\u00eda caminar. Y \u00e9l era fuerte desde ese d\u00eda y pod\u00eda caminar. Era como si hubiera nacido fuerte desde el principio cuando su madre le dio a luz. <br><br>El hombre que hab\u00eda sido cojo estaba muy feliz de ser sanado. Pero \u00e9l sab\u00eda que no fueron Juan y Pedro quienes lo curaron. Pero \u00e9l fue sanado porque Juan y Pedro llevaron consigo por todas partes el poderoso poder de <em>Dupade<\/em>.<br><br>Estas pocas cosas son lo que he le\u00eddo en la Palabra de <em>Dupade<\/em> esta tarde.<br><br><strong><span style=\"text-decoration: underline;\">Clave:<\/span><\/strong><br>Dupade \u2013 Dios<br>Yoqui-Dupade \u2013 Nuestro Dios<br>La casa grande de Dupade \u2013 El templo<br>Cuando el sol haga su arca \u2013 Mas o menos dos de la tarde<br>Daijnane \u2013 Magos, curanderos<br><br><em>Uroi \u2013 Tobit\u00e9, Bolivia \u2013 1970<\/em><br><em>Transcrito y traducido al espa\u00f1ol por: Maxine Morarie<\/em><\/p>\n\n\n<div class=\"navigation\"><div class=\"alignleft\"><a href=\"https:\/\/ayore.org\/es\/cultura\/ensenanzas\/rincongotique-dupade-es-muy-fuerte\/\"title=\"Rinco\u0301ngotique \u2013 Dupade es muy fuerte\"><img loading=\"lazy\" decoding=\"async\" src=\"https:\/\/ayore.org\/wp-content\/uploads\/2018\/10\/left-arrow.png\" width=\"50\" height=\"48\" alt=\"left arrow\"><\/a><\/div><div class=\"alignright\"><a href=\"https:\/\/ayore.org\/es\/cultura\/ensenanzas\/urusa%cc%83raquede-ruega-a-dupade-por-mi\/\"title=\"Urusa\u0303ra\u0301quede\u0301 \u2013 Ruega a Dupade por m\u00ed\"><img loading=\"lazy\" decoding=\"async\" src=\"https:\/\/ayore.org\/wp-content\/uploads\/2018\/10\/right-arrow.png\" width=\"50\" height=\"48\" alt=\"right arrow\"><\/a><\/div>\n","protected":false},"excerpt":{"rendered":"<p>A badute Baruode iji yoquibijnani La oraci\u00f3n de Uroi:Hemos escuchado tu Palabra este domingo, Yoqui-Dupade. No s\u00e9 si est\u00e1s contento cuando escuchas tu palabra en nuestros labios mientras lo ense\u00f1amos a nuestra gente. Pero cuide de tu palabra esta noche,<\/p>\n","protected":false},"author":5,"featured_media":0,"parent":298,"menu_order":0,"comment_status":"closed","ping_status":"closed","template":"","meta":{"footnotes":""},"class_list":["post-4097","page","type-page","status-publish","hentry"],"yoast_head":"<!-- This site is optimized with the Yoast SEO plugin v27.4 - https:\/\/yoast.com\/product\/yoast-seo-wordpress\/ -->\n<title>Uroi (Danielne\u0301) \u2013 Escuchar\u00e1s tu Palabra de nuestros labios &#8226; AYORE.ORG<\/title>\n<meta name=\"robots\" content=\"index, follow, max-snippet:-1, max-image-preview:large, max-video-preview:-1\" \/>\n<link rel=\"canonical\" href=\"https:\/\/ayore.org\/es\/cultura\/ensenanzas\/uroi-danielne-escucharas-tu-palabra-de-nuestros-labios\/\" \/>\n<meta property=\"og:locale\" content=\"es_ES\" \/>\n<meta property=\"og:type\" content=\"article\" \/>\n<meta property=\"og:title\" content=\"Uroi (Danielne\u0301) \u2013 Escuchar\u00e1s tu Palabra de nuestros labios &#8226; AYORE.ORG\" \/>\n<meta property=\"og:description\" content=\"A badute Baruode iji yoquibijnani La oraci\u00f3n de Uroi:Hemos escuchado tu Palabra este domingo, Yoqui-Dupade. No s\u00e9 si est\u00e1s contento cuando escuchas tu palabra en nuestros labios mientras lo ense\u00f1amos a nuestra gente. Pero cuide de tu palabra esta noche,\" \/>\n<meta property=\"og:url\" content=\"https:\/\/ayore.org\/es\/cultura\/ensenanzas\/uroi-danielne-escucharas-tu-palabra-de-nuestros-labios\/\" \/>\n<meta property=\"og:site_name\" content=\"AYORE.ORG\" \/>\n<meta property=\"article:modified_time\" content=\"2019-05-25T18:49:41+00:00\" \/>\n<meta name=\"twitter:card\" content=\"summary_large_image\" \/>\n<meta name=\"twitter:label1\" content=\"Tiempo de lectura\" \/>\n\t<meta name=\"twitter:data1\" content=\"10 minutos\" \/>\n<script type=\"application\/ld+json\" class=\"yoast-schema-graph\">{\"@context\":\"https:\\\/\\\/schema.org\",\"@graph\":[{\"@type\":\"WebPage\",\"@id\":\"https:\\\/\\\/ayore.org\\\/es\\\/cultura\\\/ensenanzas\\\/uroi-danielne-escucharas-tu-palabra-de-nuestros-labios\\\/\",\"url\":\"https:\\\/\\\/ayore.org\\\/es\\\/cultura\\\/ensenanzas\\\/uroi-danielne-escucharas-tu-palabra-de-nuestros-labios\\\/\",\"name\":\"Uroi (Danielne\u0301) \u2013 Escuchar\u00e1s tu Palabra de nuestros labios &#8226; AYORE.ORG\",\"isPartOf\":{\"@id\":\"https:\\\/\\\/ayore.org\\\/#website\"},\"datePublished\":\"2019-05-25T18:49:39+00:00\",\"dateModified\":\"2019-05-25T18:49:41+00:00\",\"breadcrumb\":{\"@id\":\"https:\\\/\\\/ayore.org\\\/es\\\/cultura\\\/ensenanzas\\\/uroi-danielne-escucharas-tu-palabra-de-nuestros-labios\\\/#breadcrumb\"},\"inLanguage\":\"es-AR\",\"potentialAction\":[{\"@type\":\"ReadAction\",\"target\":[\"https:\\\/\\\/ayore.org\\\/es\\\/cultura\\\/ensenanzas\\\/uroi-danielne-escucharas-tu-palabra-de-nuestros-labios\\\/\"]}]},{\"@type\":\"BreadcrumbList\",\"@id\":\"https:\\\/\\\/ayore.org\\\/es\\\/cultura\\\/ensenanzas\\\/uroi-danielne-escucharas-tu-palabra-de-nuestros-labios\\\/#breadcrumb\",\"itemListElement\":[{\"@type\":\"ListItem\",\"position\":1,\"name\":\"Inicio\",\"item\":\"https:\\\/\\\/ayore.org\\\/es\\\/\"},{\"@type\":\"ListItem\",\"position\":2,\"name\":\"Cultura\",\"item\":\"https:\\\/\\\/ayore.org\\\/es\\\/cultura\\\/\"},{\"@type\":\"ListItem\",\"position\":3,\"name\":\"Ense\u00f1anzas\",\"item\":\"https:\\\/\\\/ayore.org\\\/es\\\/cultura\\\/ensenanzas\\\/\"},{\"@type\":\"ListItem\",\"position\":4,\"name\":\"Uroi (Danielne\u0301) \u2013 Escuchar\u00e1s tu Palabra de nuestros labios\"}]},{\"@type\":\"WebSite\",\"@id\":\"https:\\\/\\\/ayore.org\\\/#website\",\"url\":\"https:\\\/\\\/ayore.org\\\/\",\"name\":\"AYORE.ORG\",\"description\":\"Idioma, Cultura e Historia de la Tribu Ayor\u00e9\",\"potentialAction\":[{\"@type\":\"SearchAction\",\"target\":{\"@type\":\"EntryPoint\",\"urlTemplate\":\"https:\\\/\\\/ayore.org\\\/?s={search_term_string}\"},\"query-input\":{\"@type\":\"PropertyValueSpecification\",\"valueRequired\":true,\"valueName\":\"search_term_string\"}}],\"inLanguage\":\"es-AR\"}]}<\/script>\n<!-- \/ Yoast SEO plugin. -->","yoast_head_json":{"title":"Uroi (Danielne\u0301) \u2013 Escuchar\u00e1s tu Palabra de nuestros labios &#8226; AYORE.ORG","robots":{"index":"index","follow":"follow","max-snippet":"max-snippet:-1","max-image-preview":"max-image-preview:large","max-video-preview":"max-video-preview:-1"},"canonical":"https:\/\/ayore.org\/es\/cultura\/ensenanzas\/uroi-danielne-escucharas-tu-palabra-de-nuestros-labios\/","og_locale":"es_ES","og_type":"article","og_title":"Uroi (Danielne\u0301) \u2013 Escuchar\u00e1s tu Palabra de nuestros labios &#8226; AYORE.ORG","og_description":"A badute Baruode iji yoquibijnani La oraci\u00f3n de Uroi:Hemos escuchado tu Palabra este domingo, Yoqui-Dupade. No s\u00e9 si est\u00e1s contento cuando escuchas tu palabra en nuestros labios mientras lo ense\u00f1amos a nuestra gente. Pero cuide de tu palabra esta noche,","og_url":"https:\/\/ayore.org\/es\/cultura\/ensenanzas\/uroi-danielne-escucharas-tu-palabra-de-nuestros-labios\/","og_site_name":"AYORE.ORG","article_modified_time":"2019-05-25T18:49:41+00:00","twitter_card":"summary_large_image","twitter_misc":{"Tiempo de lectura":"10 minutos"},"schema":{"@context":"https:\/\/schema.org","@graph":[{"@type":"WebPage","@id":"https:\/\/ayore.org\/es\/cultura\/ensenanzas\/uroi-danielne-escucharas-tu-palabra-de-nuestros-labios\/","url":"https:\/\/ayore.org\/es\/cultura\/ensenanzas\/uroi-danielne-escucharas-tu-palabra-de-nuestros-labios\/","name":"Uroi (Danielne\u0301) \u2013 Escuchar\u00e1s tu Palabra de nuestros labios &#8226; AYORE.ORG","isPartOf":{"@id":"https:\/\/ayore.org\/#website"},"datePublished":"2019-05-25T18:49:39+00:00","dateModified":"2019-05-25T18:49:41+00:00","breadcrumb":{"@id":"https:\/\/ayore.org\/es\/cultura\/ensenanzas\/uroi-danielne-escucharas-tu-palabra-de-nuestros-labios\/#breadcrumb"},"inLanguage":"es-AR","potentialAction":[{"@type":"ReadAction","target":["https:\/\/ayore.org\/es\/cultura\/ensenanzas\/uroi-danielne-escucharas-tu-palabra-de-nuestros-labios\/"]}]},{"@type":"BreadcrumbList","@id":"https:\/\/ayore.org\/es\/cultura\/ensenanzas\/uroi-danielne-escucharas-tu-palabra-de-nuestros-labios\/#breadcrumb","itemListElement":[{"@type":"ListItem","position":1,"name":"Inicio","item":"https:\/\/ayore.org\/es\/"},{"@type":"ListItem","position":2,"name":"Cultura","item":"https:\/\/ayore.org\/es\/cultura\/"},{"@type":"ListItem","position":3,"name":"Ense\u00f1anzas","item":"https:\/\/ayore.org\/es\/cultura\/ensenanzas\/"},{"@type":"ListItem","position":4,"name":"Uroi (Danielne\u0301) \u2013 Escuchar\u00e1s tu Palabra de nuestros labios"}]},{"@type":"WebSite","@id":"https:\/\/ayore.org\/#website","url":"https:\/\/ayore.org\/","name":"AYORE.ORG","description":"Idioma, Cultura e Historia de la Tribu Ayor\u00e9","potentialAction":[{"@type":"SearchAction","target":{"@type":"EntryPoint","urlTemplate":"https:\/\/ayore.org\/?s={search_term_string}"},"query-input":{"@type":"PropertyValueSpecification","valueRequired":true,"valueName":"search_term_string"}}],"inLanguage":"es-AR"}]}},"_links":{"self":[{"href":"https:\/\/ayore.org\/es\/wp-json\/wp\/v2\/pages\/4097","targetHints":{"allow":["GET"]}}],"collection":[{"href":"https:\/\/ayore.org\/es\/wp-json\/wp\/v2\/pages"}],"about":[{"href":"https:\/\/ayore.org\/es\/wp-json\/wp\/v2\/types\/page"}],"author":[{"embeddable":true,"href":"https:\/\/ayore.org\/es\/wp-json\/wp\/v2\/users\/5"}],"replies":[{"embeddable":true,"href":"https:\/\/ayore.org\/es\/wp-json\/wp\/v2\/comments?post=4097"}],"version-history":[{"count":2,"href":"https:\/\/ayore.org\/es\/wp-json\/wp\/v2\/pages\/4097\/revisions"}],"predecessor-version":[{"id":4099,"href":"https:\/\/ayore.org\/es\/wp-json\/wp\/v2\/pages\/4097\/revisions\/4099"}],"up":[{"embeddable":true,"href":"https:\/\/ayore.org\/es\/wp-json\/wp\/v2\/pages\/298"}],"wp:attachment":[{"href":"https:\/\/ayore.org\/es\/wp-json\/wp\/v2\/media?parent=4097"}],"curies":[{"name":"wp","href":"https:\/\/api.w.org\/{rel}","templated":true}]}}