{"id":4093,"date":"2019-05-25T03:35:12","date_gmt":"2019-05-25T03:35:12","guid":{"rendered":"https:\/\/ayore.org\/?page_id=4093"},"modified":"2019-05-25T03:35:14","modified_gmt":"2019-05-25T03:35:14","slug":"rincongotique-dupade-es-muy-fuerte","status":"publish","type":"page","link":"https:\/\/ayore.org\/es\/cultura\/ensenanzas\/rincongotique-dupade-es-muy-fuerte\/","title":{"rendered":"Rinco\u0301ngotique \u2013 Dupade es muy fuerte"},"content":{"rendered":"\n<p><em>Etoguipise\nDupade<\/em><\/p>\n\n\n\n<p><strong><em>Los creyentes de Dupade tienen su fuerza:<\/em><\/strong><br>Sabes que no entiendo espa\u00f1ol. Algunos de nosotros somos reales. Pero <em>Dupade<\/em> es m\u00e1s real y muy fuerte. Pero los creyentes, hombres y mujeres, de <em>Dupade<\/em>, est\u00e1n unidos a <em>Dupade<\/em>. Por eso, sean firmes e inamovibles. Los creyentes de <em>Dupade<\/em> tienen su fortaleza de el para todas las cosas que enfrenten. Son fuertes porque solo quieren seguir a <em>Dupade<\/em> y no desean nada m\u00e1s.<\/p>\n\n\n\n<p><strong><em>Los verdaderos creyentes de Dupade no quieren nada m\u00e1s, todo lo que desean es Dupade:<\/em><\/strong><br>Ustedes saben que todos tenemos deseos. La <em>Palabra de<\/em> <em>Dupade<\/em> es muy fuerte. Y ustedes saben que, a pesar de eso, hay muchos de nosotros que no vemos a <em>Dupade<\/em> tan fuerte. <em>Dupade<\/em> es fuerte, pero sus creyentes son como nosotros y tienen un intenso deseo por las mujeres j\u00f3venes. Deber\u00edamos desear intensamente a <em>Dupade<\/em> as\u00ed, sin querer otras cosas, pero queriendo a <em>Dupade<\/em> m\u00e1s que a ninguna otra cosa.<\/p>\n\n\n\n<p>Yo soy as\u00ed. Cuando quiero una mujer joven, no puedo quitar mis ojos de ella. As\u00ed es como un creyente deber\u00eda ser sobre <em>Dupade<\/em>. No deber\u00edan querer nada m\u00e1s excepto <em>Dupade<\/em>. Deber\u00edamos ser constantes en nuestro deseo de <em>Dupade<\/em>. Porque \u00e9l es muy fuerte.<br><br><strong><em>No hay nada m\u00e1s fuerte que Dupade:<\/em><\/strong><br>Pero estoy agradecido de que don Pablo, don Len e Ipeyai hayan venido a nosotros. Ellos son fuertes, y eso es lo que nos trajo &#8211; la fortaleza espiritual. Sabes que no hay nada m\u00e1s fuerte que Dupade. <em>(Mateo 22:37)<\/em><\/p>\n\n\n\n<p><strong><em>Los coj\u00f1one no cre\u00edan en Dupade:<\/em><\/strong><br>Pero algunos de los primeros <em>coj\u00f1one<\/em> con los que tuvimos contacto fueron incr\u00e9dulos. Y es por eso que dudamos de las cosas que Mer\u00e1min\u00e9 y Juan nos dijeron. Y dijimos: &#8220;Mer\u00e1min\u00e9 y ellos son mentirosos&#8221;.<\/p>\n\n\n\n<p>Los <em>coj\u00f1one<\/em> que estaban entre nosotros\nsol\u00edan decir: &#8220;No creemos en Dupade. Pedro y los otros que te ense\u00f1an son\nmentirosos cuando cuentan sobre la inundaci\u00f3n. Si lloviera como dicen que\nllovi\u00f3 en ese momento, simplemente subiremos a los \u00e1rboles. O vamos a escalar\nuna monta\u00f1a. \u00bfVes qu\u00e9 tan altas son las monta\u00f1as? Ese es nuestro plan si el\nagua llega hasta nuestras cinturas &#8220;.<\/p>\n\n\n\n<p><strong><em>Estoy agradecido de que Len y los dem\u00e1s hayan venido a nosotros:<\/em><\/strong><br>Y algunos de nosotros <em>ayoreos <\/em>somos como esos primeros <em>coj\u00f1one<\/em>. Pero estoy muy agradecido de que Len y sus compa\u00f1eros vinieron a nosotros, y nos ense\u00f1aron de la <em>Palabra de Dupade<\/em>, y nos facilitaron su comprensi\u00f3n. Con suerte volver\u00e1n con m\u00e1s ense\u00f1anza. Ellos son muy fuertes y nosotros tambi\u00e9n. No dudamos de las palabras de nuestros maestros. Estoy muy agradecido de que haya tantas personas que nos est\u00e1n ense\u00f1ando la <em>palabra de Dupade<\/em> aqu\u00ed en Rinc\u00f3n.<\/p>\n\n\n\n<p><strong><em>Mant\u00e9ngase firmes en su fe en Dupade:<\/em><\/strong><br><em>Dupade<\/em> es muy fuerte. \u00c9l es firme con nosotros porque hay muchas cosas que codiciamos. Ver\u00e1s, lo que quiero es desear a <em>Dupade<\/em> m\u00e1s que a nada m\u00e1s. Pens\u00e9 que quer\u00eda tener fe en Dupade, pero veo que a veces pongo mi trabajo primero. Y cuando hago eso, su <em>Palabra<\/em> no entra en mi mente en absoluto.<\/p>\n\n\n\n<p>El Se\u00f1or viene de nuevo, y cuando regrese, nos tomar\u00e1 en sus manos. Nuestras manos son tan peque\u00f1as en comparaci\u00f3n con las suyas. Mi mano es tan peque\u00f1a que, si intentara encajar incluso con un ni\u00f1o peque\u00f1o, el ni\u00f1o ser\u00eda demasiado grande para eso. Cuando venga <em>Dupade<\/em>, te acomodar\u00e1 f\u00e1cilmente en sus manos junto con todos <em>los coj\u00f1one<\/em>. Junto con nosotros los ayoreos, \u00e9l reunir\u00eda a los animales tambi\u00e9n en sus manos. Y sabes que hay muchos animales, <em>coj\u00f1one<\/em> y nosotros. Y, sin embargo, con todos nosotros, habr\u00e1 espacio de sobra. No estaremos abarrotados en absoluto en su mano.<\/p>\n\n\n\n<p>Cuando llegue, ser\u00e1\ncon fuego que se encender\u00e1 y arder\u00e1. Y estar\u00e1 en llamas a nuestro alrededor.\nLas palabras de Dupade son muy fuertes.<\/p>\n\n\n\n<p><strong><span style=\"text-decoration: underline;\">Clave:<\/span><\/strong><br>Dupade \u2013 Dios<br>Palabra de Dupade \u2013 Biblia, Palabra de Dios<br>Ayoreos \u2013 Gente del tribu Ayor\u00e9<br>Coj\u00f1one \u2013 Gente no del tribu Ayor\u00e9<\/p>\n\n\n\n<p><em>Rinc\u00f3ngos\u00ed \u2013 Rinc\u00f3n de Tigre, Bolivia \u2013 1970<\/em><br><em>Transcribed and translated to English by Maxine Morarie.<\/em><\/p>\n\n\n<div class=\"navigation\"><div class=\"alignleft\"><a href=\"https:\/\/ayore.org\/es\/cultura\/ensenanzas\/pedrode-pablo-fue-una-persona-muy-mala\/\"title=\"Pedrode\u0301 \u2013 Pablo fue una persona muy mala\"><img loading=\"lazy\" decoding=\"async\" src=\"https:\/\/ayore.org\/wp-content\/uploads\/2018\/10\/left-arrow.png\" width=\"50\" height=\"48\" alt=\"left arrow\"><\/a><\/div><div class=\"alignright\"><a href=\"https:\/\/ayore.org\/es\/cultura\/ensenanzas\/uroi-danielne-escucharas-tu-palabra-de-nuestros-labios\/\"title=\"Uroi (Danielne\u0301) \u2013 Escuchar\u00e1s tu Palabra de nuestros labios\"><img loading=\"lazy\" decoding=\"async\" src=\"https:\/\/ayore.org\/wp-content\/uploads\/2018\/10\/right-arrow.png\" width=\"50\" height=\"48\" alt=\"right arrow\"><\/a><\/div>\n","protected":false},"excerpt":{"rendered":"<p>Etoguipise Dupade Los creyentes de Dupade tienen su fuerza:Sabes que no entiendo espa\u00f1ol. Algunos de nosotros somos reales. Pero Dupade es m\u00e1s real y muy fuerte. Pero los creyentes, hombres y mujeres, de Dupade, est\u00e1n unidos a Dupade. Por eso,<\/p>\n","protected":false},"author":5,"featured_media":0,"parent":298,"menu_order":0,"comment_status":"closed","ping_status":"closed","template":"","meta":{"footnotes":""},"class_list":["post-4093","page","type-page","status-publish","hentry"],"yoast_head":"<!-- This site is optimized with the Yoast SEO plugin v27.4 - https:\/\/yoast.com\/product\/yoast-seo-wordpress\/ -->\n<title>Rinco\u0301ngotique \u2013 Dupade es muy fuerte &#8226; AYORE.ORG<\/title>\n<meta name=\"robots\" content=\"index, follow, max-snippet:-1, max-image-preview:large, max-video-preview:-1\" \/>\n<link rel=\"canonical\" href=\"https:\/\/ayore.org\/es\/cultura\/ensenanzas\/rincongotique-dupade-es-muy-fuerte\/\" \/>\n<meta property=\"og:locale\" content=\"es_ES\" \/>\n<meta property=\"og:type\" content=\"article\" \/>\n<meta property=\"og:title\" content=\"Rinco\u0301ngotique \u2013 Dupade es muy fuerte &#8226; AYORE.ORG\" \/>\n<meta property=\"og:description\" content=\"Etoguipise Dupade Los creyentes de Dupade tienen su fuerza:Sabes que no entiendo espa\u00f1ol. Algunos de nosotros somos reales. Pero Dupade es m\u00e1s real y muy fuerte. Pero los creyentes, hombres y mujeres, de Dupade, est\u00e1n unidos a Dupade. Por eso,\" \/>\n<meta property=\"og:url\" content=\"https:\/\/ayore.org\/es\/cultura\/ensenanzas\/rincongotique-dupade-es-muy-fuerte\/\" \/>\n<meta property=\"og:site_name\" content=\"AYORE.ORG\" \/>\n<meta property=\"article:modified_time\" content=\"2019-05-25T03:35:14+00:00\" \/>\n<meta name=\"twitter:card\" content=\"summary_large_image\" \/>\n<meta name=\"twitter:label1\" content=\"Tiempo de lectura\" \/>\n\t<meta name=\"twitter:data1\" content=\"4 minutos\" \/>\n<script type=\"application\/ld+json\" class=\"yoast-schema-graph\">{\"@context\":\"https:\\\/\\\/schema.org\",\"@graph\":[{\"@type\":\"WebPage\",\"@id\":\"https:\\\/\\\/ayore.org\\\/es\\\/cultura\\\/ensenanzas\\\/rincongotique-dupade-es-muy-fuerte\\\/\",\"url\":\"https:\\\/\\\/ayore.org\\\/es\\\/cultura\\\/ensenanzas\\\/rincongotique-dupade-es-muy-fuerte\\\/\",\"name\":\"Rinco\u0301ngotique \u2013 Dupade es muy fuerte &#8226; AYORE.ORG\",\"isPartOf\":{\"@id\":\"https:\\\/\\\/ayore.org\\\/#website\"},\"datePublished\":\"2019-05-25T03:35:12+00:00\",\"dateModified\":\"2019-05-25T03:35:14+00:00\",\"breadcrumb\":{\"@id\":\"https:\\\/\\\/ayore.org\\\/es\\\/cultura\\\/ensenanzas\\\/rincongotique-dupade-es-muy-fuerte\\\/#breadcrumb\"},\"inLanguage\":\"es-AR\",\"potentialAction\":[{\"@type\":\"ReadAction\",\"target\":[\"https:\\\/\\\/ayore.org\\\/es\\\/cultura\\\/ensenanzas\\\/rincongotique-dupade-es-muy-fuerte\\\/\"]}]},{\"@type\":\"BreadcrumbList\",\"@id\":\"https:\\\/\\\/ayore.org\\\/es\\\/cultura\\\/ensenanzas\\\/rincongotique-dupade-es-muy-fuerte\\\/#breadcrumb\",\"itemListElement\":[{\"@type\":\"ListItem\",\"position\":1,\"name\":\"Inicio\",\"item\":\"https:\\\/\\\/ayore.org\\\/es\\\/\"},{\"@type\":\"ListItem\",\"position\":2,\"name\":\"Cultura\",\"item\":\"https:\\\/\\\/ayore.org\\\/es\\\/cultura\\\/\"},{\"@type\":\"ListItem\",\"position\":3,\"name\":\"Ense\u00f1anzas\",\"item\":\"https:\\\/\\\/ayore.org\\\/es\\\/cultura\\\/ensenanzas\\\/\"},{\"@type\":\"ListItem\",\"position\":4,\"name\":\"Rinco\u0301ngotique \u2013 Dupade es muy fuerte\"}]},{\"@type\":\"WebSite\",\"@id\":\"https:\\\/\\\/ayore.org\\\/#website\",\"url\":\"https:\\\/\\\/ayore.org\\\/\",\"name\":\"AYORE.ORG\",\"description\":\"Idioma, Cultura e Historia de la Tribu Ayor\u00e9\",\"potentialAction\":[{\"@type\":\"SearchAction\",\"target\":{\"@type\":\"EntryPoint\",\"urlTemplate\":\"https:\\\/\\\/ayore.org\\\/?s={search_term_string}\"},\"query-input\":{\"@type\":\"PropertyValueSpecification\",\"valueRequired\":true,\"valueName\":\"search_term_string\"}}],\"inLanguage\":\"es-AR\"}]}<\/script>\n<!-- \/ Yoast SEO plugin. -->","yoast_head_json":{"title":"Rinco\u0301ngotique \u2013 Dupade es muy fuerte &#8226; AYORE.ORG","robots":{"index":"index","follow":"follow","max-snippet":"max-snippet:-1","max-image-preview":"max-image-preview:large","max-video-preview":"max-video-preview:-1"},"canonical":"https:\/\/ayore.org\/es\/cultura\/ensenanzas\/rincongotique-dupade-es-muy-fuerte\/","og_locale":"es_ES","og_type":"article","og_title":"Rinco\u0301ngotique \u2013 Dupade es muy fuerte &#8226; AYORE.ORG","og_description":"Etoguipise Dupade Los creyentes de Dupade tienen su fuerza:Sabes que no entiendo espa\u00f1ol. Algunos de nosotros somos reales. Pero Dupade es m\u00e1s real y muy fuerte. Pero los creyentes, hombres y mujeres, de Dupade, est\u00e1n unidos a Dupade. Por eso,","og_url":"https:\/\/ayore.org\/es\/cultura\/ensenanzas\/rincongotique-dupade-es-muy-fuerte\/","og_site_name":"AYORE.ORG","article_modified_time":"2019-05-25T03:35:14+00:00","twitter_card":"summary_large_image","twitter_misc":{"Tiempo de lectura":"4 minutos"},"schema":{"@context":"https:\/\/schema.org","@graph":[{"@type":"WebPage","@id":"https:\/\/ayore.org\/es\/cultura\/ensenanzas\/rincongotique-dupade-es-muy-fuerte\/","url":"https:\/\/ayore.org\/es\/cultura\/ensenanzas\/rincongotique-dupade-es-muy-fuerte\/","name":"Rinco\u0301ngotique \u2013 Dupade es muy fuerte &#8226; AYORE.ORG","isPartOf":{"@id":"https:\/\/ayore.org\/#website"},"datePublished":"2019-05-25T03:35:12+00:00","dateModified":"2019-05-25T03:35:14+00:00","breadcrumb":{"@id":"https:\/\/ayore.org\/es\/cultura\/ensenanzas\/rincongotique-dupade-es-muy-fuerte\/#breadcrumb"},"inLanguage":"es-AR","potentialAction":[{"@type":"ReadAction","target":["https:\/\/ayore.org\/es\/cultura\/ensenanzas\/rincongotique-dupade-es-muy-fuerte\/"]}]},{"@type":"BreadcrumbList","@id":"https:\/\/ayore.org\/es\/cultura\/ensenanzas\/rincongotique-dupade-es-muy-fuerte\/#breadcrumb","itemListElement":[{"@type":"ListItem","position":1,"name":"Inicio","item":"https:\/\/ayore.org\/es\/"},{"@type":"ListItem","position":2,"name":"Cultura","item":"https:\/\/ayore.org\/es\/cultura\/"},{"@type":"ListItem","position":3,"name":"Ense\u00f1anzas","item":"https:\/\/ayore.org\/es\/cultura\/ensenanzas\/"},{"@type":"ListItem","position":4,"name":"Rinco\u0301ngotique \u2013 Dupade es muy fuerte"}]},{"@type":"WebSite","@id":"https:\/\/ayore.org\/#website","url":"https:\/\/ayore.org\/","name":"AYORE.ORG","description":"Idioma, Cultura e Historia de la Tribu Ayor\u00e9","potentialAction":[{"@type":"SearchAction","target":{"@type":"EntryPoint","urlTemplate":"https:\/\/ayore.org\/?s={search_term_string}"},"query-input":{"@type":"PropertyValueSpecification","valueRequired":true,"valueName":"search_term_string"}}],"inLanguage":"es-AR"}]}},"_links":{"self":[{"href":"https:\/\/ayore.org\/es\/wp-json\/wp\/v2\/pages\/4093","targetHints":{"allow":["GET"]}}],"collection":[{"href":"https:\/\/ayore.org\/es\/wp-json\/wp\/v2\/pages"}],"about":[{"href":"https:\/\/ayore.org\/es\/wp-json\/wp\/v2\/types\/page"}],"author":[{"embeddable":true,"href":"https:\/\/ayore.org\/es\/wp-json\/wp\/v2\/users\/5"}],"replies":[{"embeddable":true,"href":"https:\/\/ayore.org\/es\/wp-json\/wp\/v2\/comments?post=4093"}],"version-history":[{"count":1,"href":"https:\/\/ayore.org\/es\/wp-json\/wp\/v2\/pages\/4093\/revisions"}],"predecessor-version":[{"id":4094,"href":"https:\/\/ayore.org\/es\/wp-json\/wp\/v2\/pages\/4093\/revisions\/4094"}],"up":[{"embeddable":true,"href":"https:\/\/ayore.org\/es\/wp-json\/wp\/v2\/pages\/298"}],"wp:attachment":[{"href":"https:\/\/ayore.org\/es\/wp-json\/wp\/v2\/media?parent=4093"}],"curies":[{"name":"wp","href":"https:\/\/api.w.org\/{rel}","templated":true}]}}