{"id":4087,"date":"2019-05-25T03:22:34","date_gmt":"2019-05-25T03:22:34","guid":{"rendered":"https:\/\/ayore.org\/?page_id=4087"},"modified":"2019-05-25T03:22:37","modified_gmt":"2019-05-25T03:22:37","slug":"pedrode-pablo-fue-una-persona-muy-mala","status":"publish","type":"page","link":"https:\/\/ayore.org\/es\/cultura\/ensenanzas\/pedrode-pablo-fue-una-persona-muy-mala\/","title":{"rendered":"Pedrode\u0301 \u2013 Pablo fue una persona muy mala"},"content":{"rendered":"\n<p><em>San\nPablo \u00faringai sijnaque<\/em><strong><em><\/em><\/strong><\/p>\n\n\n\n<p><strong><em>Pablo le gustaba matar a los que cre\u00edan en Jes\u00fas:<\/em><\/strong><br>Quiero contarles cu\u00e1ndo el ap\u00f3stol Pablo fue una persona muy mala. Eso fue cuando todav\u00eda no hab\u00eda cre\u00eddo en Jes\u00fas hace mucho tiempo. Le gustaba matar a los que cre\u00edan en Jes\u00fas. No sab\u00eda en ese momento que <em>Dupade<\/em> lo hab\u00eda escogido para servirle.<br><br>Yo era as\u00ed. No sab\u00eda que <em>Dupade<\/em> me hab\u00eda escogido tampoco cuando viv\u00eda en pecado. Lleg\u00f3 el momento en que Pablo crey\u00f3 en <em>Dupade<\/em> y comenz\u00f3 a ense\u00f1ar a la gente acerca de su palabra. Si alguien me ense\u00f1\u00f3 acerca de la palabra de <em>Dupade<\/em> en el pasado, fue una causa perdida, y ya no me acuerdo.<\/p>\n\n\n\n<p><strong><em>A pesar de que Pablo fue un asesino, termin\u00f3 ense\u00f1ando a la gente acerca de Jes\u00fas:<\/em><\/strong><br>No escondi\u00f3 su pasado, sino les cont\u00f3 cu\u00e1ndo hab\u00eda sido un luchador antes de creer en <em>Dupade<\/em>. Tambi\u00e9n les habl\u00f3 de c\u00f3mo lleg\u00f3 a creer en <em>Dupade<\/em>. Quer\u00eda que la gente futura le imitara leyendo sus escritos y comparti\u00e9ndolos con otros. Hay muchos vers\u00edculos en la Biblia que \u00e9l escribi\u00f3 para que aprendamos. \u00c9l dijo: &#8220;Esta no es mi ense\u00f1anza en absoluto, es la <em>Palabra<\/em> de <em>Dupade<\/em>&#8220;.<br><br>Y \u00e9l todav\u00eda nos est\u00e1 ense\u00f1ando, porque todav\u00eda lo estamos escuchando a \u00e9l cuando leemos lo que \u00e9l escribi\u00f3, y \u00e9l est\u00e1 ense\u00f1ando a personas de todo el mundo que tienen la <em>Palabra<\/em> de <em>Dupade<\/em> a su alcance. \u00c9l comparte su testimonio con nosotros.<br><br><strong><em>Pablo dice: &#8220;Part\u00ed en una misi\u00f3n para arrestar a los creyentes en Jes\u00fas\u201d:<\/em><\/strong>\u00c9l habla acerca de acercarse a una ciudad, cuando de repente cay\u00f3 ciego a la tierra delante de sus compa\u00f1eros. Les asust\u00f3, y al mismo tiempo oyeron una voz que hablaba a Pablo, y levantaron la vista, pero no vieron nada ni nadie por encima de ellos. Pero la voz dijo: &#8220;\u00a1Saulo! Saulo! &#8221; (Este era su nombre antes de que fue cambiado a Pablo.) Pero eso es todo lo que dec\u00eda la voz desde arriba.<br><br>Saulo respondi\u00f3 a la voz, muy humildemente all\u00ed en el suelo. \u00c9l dijo: &#8220;\u00bfQui\u00e9n eres?&#8221;<br><br>La voz le respondi\u00f3 y le dijo: &#8220;Pues soy Jes\u00fas, el que t\u00fa persigues.&#8221; Y le dijo: &#8220;Me has estado maltratando&#8221;.<\/p>\n\n\n\n<p>&nbsp; Saulo le pregunt\u00f3: &#8220;\u00bfQu\u00e9 quiere que yo haga, mi Se\u00f1or?&#8221;<br><br>Pero Jes\u00fas dijo: &#8220;Vete a la ciudad. Vete, y cuando llegues te dir\u00e1n lo que debes hacer.\u201d&nbsp;&nbsp;&nbsp;&nbsp;&nbsp;&nbsp;&nbsp;&nbsp;&nbsp;&nbsp;&nbsp;<\/p>\n\n\n\n<p>Lo que quiero recordarles, es cu\u00e1nto \u00e9ramos como Pablo. Los hombres y mujeres entre nosotros, no sab\u00edamos nada de <em>Dupade<\/em> cuando \u00e9ramos ni\u00f1os, y no cre\u00edamos en \u00e9l. Y como Pablo, el pecado era algo que nos gustaba hacer. Nos gustaba luchar y matar, al igual que Pablo cuando hizo la guerra a los que cre\u00edan en Jes\u00fas. Pero \u00e9l no sab\u00eda que <em>Dupade<\/em> lo hab\u00eda elegido. Pero <em>Dupade<\/em> plane\u00f3 enviarlo a decirle a la gente acerca de Jes\u00fas. Y as\u00ed es hoy. Estamos tan orgullosos y llenos de pecado, pero <em>Dupade<\/em> nos quiere, tal como \u00e9l quer\u00eda a Pablo. \u00c9l quiere que dejemos de pecar y que lo sirvamos. Quiere usarnos. Nos ha elegido.<br><br>Entonces Pablo y sus compa\u00f1eros entraron en la ciudad y se encontraron con Anan\u00edas, que los llev\u00f3 a su casa. \u00c9l le dijo a Pablo: &#8220;El que te contar\u00e9 es Jes\u00fas, el que salva a la gente. \u00c9l es el que te hizo ciego. Pero Jes\u00fas quiere enviarte a los gentiles para hablarles de \u00e9l.\u201d Esto es lo que le dijo a Pablo.<\/p>\n\n\n\n<p>Al o\u00edr lo que\nAnan\u00edas le dijo a Pablo, no s\u00e9 si se estaba refiriendo a nosotros ayoreos tambi\u00e9n\ncomo gentiles, pero se refer\u00eda a todas las personas en el mundo que no eran\njud\u00edos. Despu\u00e9s de haber cre\u00eddo, Pablo fue elegido y enviado por <em>Dupade<\/em> a alcanzar a los no jud\u00edos para ense\u00f1arles\nde Cristo. No hay manera de que <em>Dupade<\/em>\npudiera enviar a Pablo mientras persegu\u00eda a los creyentes, porque los estaba\nmatando como enemigos. Pero <em>Dupade<\/em>\niba a enviar a Pablo a traer a la gente a la fe en Jesucristo.<\/p>\n\n\n\n<p>Nosotros ayoreos\nfuimos algunos de los \u00faltimos en recibir la <em>Palabra<\/em>\nde <em>Dupade<\/em> en estos d\u00edas. Pero ahora\ncreemos en <em>Dupade<\/em>. Pero no obedecemos\nsu voluntad. No s\u00e9 si digo la verdad acerca de que no obedecemos la voluntad de\n<em>Dupade<\/em>, pero eso es lo que me parece.<\/p>\n\n\n\n<p>Pablo, al ense\u00f1ar\nal pueblo, les cont\u00f3 c\u00f3mo Jes\u00fas le hab\u00eda aparecido y le hab\u00eda dicho: &#8220;Voy\na enviarte a los gentiles por toda la tierra.&#8221;<\/p>\n\n\n\n<p>Jes\u00fas se le hab\u00eda\naparecido. No s\u00e9 si se le apareci\u00f3 en persona o si fue en una visi\u00f3n. Pero el <em>Esp\u00edritu<\/em> de <em>Dupade<\/em> vino sobre \u00e9l.<\/p>\n\n\n\n<p><strong><em>No siempre seguimos la voluntad de Dupade. <\/em><\/strong><br>Leemos la <em>Palabra<\/em> de <em>Dupade<\/em>. Lo estudiamos. Nos gusta reunirnos alrededor de la <em>Palabra<\/em> de <em>Dupade<\/em>. Nos relacionamos con ella. A pesar de esto, sin embargo, hacemos las cosas que <em>Dupade<\/em> odia y no hacemos las cosas que a \u00e9l le agradan. Leo sobre Jes\u00fas curando a los enfermos, y c\u00f3mo Jes\u00fas los san\u00f3 hace mucho tiempo. Leo sobre el poder de Jes\u00fas para sanar, pero no sigo su ejemplo en absoluto. Pero los primeros creyentes sanaron a la gente. Pero no sabemos c\u00f3mo hacerlo.<br><br>Otra cosa acerca de nosotros en estos d\u00edas, Jes\u00fas quer\u00eda que &#8220;bebi\u00e9ramos su sangre&#8221; (tomar comuni\u00f3n) y nos dijo que hici\u00e9ramos eso. Sin embargo, no hacemos lo que <em>Dupade<\/em> nos pidi\u00f3 que hici\u00e9ramos. No s\u00f3lo Jes\u00fas nos pidi\u00f3 que &#8220;bebamos su sangre&#8221;, sino que Pablo en sus escritos nos recuerda de &#8220;beber la sangre de Jes\u00fas&#8221; para recordar lo que Jes\u00fas hizo por nosotros. Pero hemos dejado de hacer eso, a pesar de que es la primera cosa que Jes\u00fas nos pidi\u00f3 que hici\u00e9ramos.<\/p>\n\n\n\n<p>Pero estoy muy agradecido de que Pablo haya dado su testimonio y nos haya contado acerca de c\u00f3mo mat\u00f3 y persigui\u00f3 a los que cre\u00edan en Jes\u00fas, y c\u00f3mo despu\u00e9s Jes\u00fas se le apareci\u00f3 y dej\u00f3 de ser una persona enojada y comenz\u00f3 a servir a <em>Dupade<\/em> en todo el mundo.<br><br><strong><em>Pablo trajo la buena noticia acerca de Jes\u00fas a los gentiles:<\/em><\/strong><br>\u00c9l trajo la buena noticia acerca de Jes\u00fas a los gentiles, pero los jud\u00edos que cre\u00edan en Jes\u00fas no quer\u00edan que \u00e9l se reuniera con los gentiles en sus casas. Ellos no sab\u00edan lo que Jes\u00fas le hab\u00eda dicho a Pablo, as\u00ed que Pablo les dijo: &#8220;No tengan dudas sobre lo que estoy haciendo.&#8221; Los jud\u00edos no confiaron en los gentiles porque no sab\u00edan de la Ley Antiguo, y no guardaban la ley de los jud\u00edos, aunque Pablo les explic\u00f3 que <em>Dupade<\/em> no hab\u00eda puesto a los gentiles bajo la ley jud\u00eda.<\/p>\n\n\n\n<p>Los jud\u00edos\ndijeron: &#8220;<em>Dupade<\/em> nos ha dado su\nley, y seguramente \u00e9l quiere que los gentiles tambi\u00e9n la obedezcan, si quieren\ncreer en <em>Dupade<\/em>&#8220;.<\/p>\n\n\n\n<p>Pero Pablo dijo: &#8220;<em>Dupade<\/em> no les dio lo que era exclusivamente para nosotros los jud\u00edos, pero esto es lo que \u00e9l quiere que los gentiles hagan: como no los ha puesto bajo la ley jud\u00eda, \u00e9l solamente quiere que no se haga las cosas que \u00e9l odia. <em>Dupade<\/em> nos ha dicho que no comamos lo que los gentiles pusieron delante de sus \u00eddolos como ofrendas. Ese alimento no pertenece a <em>Dupade<\/em>, sino que pertenece a los \u00eddolos. Nos dijo que no comi\u00e9ramos animales ahogados cuya sangre permanece en ellos, cosas as\u00ed.\u201d<br><br>Pablo tambi\u00e9n dijo: \u201c<em>Dupade<\/em> nos habl\u00f3 de otra cosa. \u00c9l dijo: \u2018No tengas relaciones sexuales con mujeres que no sean tu esposa\u201d. Pablo le cont\u00f3 esto en una carta que escribi\u00f3 a los creyentes de <em>Dupade<\/em> y all\u00ed tambi\u00e9n menciona a las mujeres y dijo que s\u00f3lo deb\u00edan tener relaciones sexuales con sus maridos. Los esposos s\u00f3lo deben tener uno al otro.<\/p>\n\n\n\n<p>Ver\u00e1s que <em>Dupade<\/em> quer\u00eda que los gentiles recordaran que hay cosas en las culturas de las personas que son malas y que <em>Dupade<\/em> odia. En algunas culturas, la gente ofreci\u00f3 comida a sus \u00eddolos y luego la comen. Pero <em>Dupade<\/em> no quiere que comamos carne cuando no sabemos si primero la ofrecieron a los \u00eddolos.<\/p>\n\n\n\n<p><strong><em>Daniel y sus amigos no comieron la comida que les ofreci\u00f3 el rey:<\/em><\/strong><br>Esa es la clase de carne que el rey compr\u00f3 para su comida. La comida que el rey le dio a Daniel y a sus amigos era de su propia comida. Por eso Daniel no lo com\u00eda. Daniel no lo com\u00eda, porque sab\u00eda que el rey adoraba a los falsos dioses a los que ofrec\u00eda su comida. El rey no vio nada malo en su comida, pero Daniel lo vio contaminada por los \u00eddolos.&nbsp; <\/p>\n\n\n\n<p>Pero nosotros ayoreos\nvivos hoy en este mundo todav\u00eda hacemos cosas que <em>Dupade<\/em> odia. Ignoramos lo que <em>Dupade<\/em>\ntiene que decir acerca de las cosas. Nos rebelamos contra \u00e9l y seguimos haci\u00e9ndolas.\nPero quiero decir esto: debemos tomar nota de lo que <em>Dupade<\/em> nos proh\u00edbe hacer, y por qu\u00e9 proh\u00edbe algo. <\/p>\n\n\n\n<p>Tambi\u00e9n es un\npecado no hacer lo que debemos hacer. <em>Dupade<\/em>\ns\u00f3lo quiere que tengamos en cuenta las cosas que nos dice. Porque es bueno para\nnosotros, y por eso nos dice estas cosas.<\/p>\n\n\n\n<p><strong><em>Las cosas que leemos nos influyen:<\/em><\/strong><br>Hay cosas escritas que nos influyen cuando las leemos. Ni siquiera somos conscientes de su influencia sobre nosotros. No prestamos atenci\u00f3n a lo que <em>Dupade<\/em> dice. Es como si las cosas nuevas que leemos u o\u00edmos nos da una perspectiva diferente sobre las cosas que <em>Dupade<\/em> odia, y hace m\u00e1s f\u00e1cil despreciar sus prohibiciones contra esas cosas. En cambio, debemos preocuparnos s\u00f3lo de agradar al Se\u00f1or, obedeci\u00e9ndole a \u00e9l alegremente.<em> (Romanos 12:2)<\/em><\/p>\n\n\n\n<p>&nbsp;Cuando Pablo ense\u00f1aba al pueblo, a veces lo\nhac\u00eda en el templo de <em>Dupade<\/em> en la\nciudad de Jerusal\u00e9n, donde antes viv\u00eda. Cuando les cont\u00f3 que \u00e9l era el mismo\nque antes hab\u00eda perseguido a los creyentes de Jes\u00fas, se asustaron los jud\u00edos\nque estaban en contra de Jes\u00fas y se volvieron contra \u00e9l. Y no aceptaron m\u00e1s sus\nense\u00f1anzas. Y quer\u00edan hacerle da\u00f1o por que ya predicaba de Cristo Jes\u00fas, pero\nPablo huy\u00f3 y escap\u00f3 de ellos.<\/p>\n\n\n\n<p><strong><em>Como Pablo, nosotros los ayoreos \u00e9ramos<\/em><\/strong> <strong><em>rebeldes en nuestro pasado:<\/em><\/strong><br>\u00c9ramos como los jud\u00edos en el templo, tan r\u00e1pidos para oponernos a la <em>Palabra<\/em> de <em>Dupade<\/em> y a no creerlo. Est\u00e1bamos muy orgullosos cuando o\u00edmos las cosas de <em>Dupade<\/em> por primera vez. Todav\u00eda est\u00e1bamos peleando entre nosotros. Todav\u00eda \u00edbamos a la guerra unos grupos contra otros. En nuestra ignorancia, no quer\u00edamos tener nada que ver con la <em>Palabra <\/em>de <em>Dupade<\/em>.<\/p>\n\n\n\n<p>Nos rebelamos contra <em>Dupade<\/em> e hicimos lo que odiaba, como Pablo sol\u00eda hacer tambi\u00e9n. \u00c9l era ignorante en el principio sobre qui\u00e9n era Jes\u00fas. La verdad acerca de Jes\u00fas parec\u00eda ser cosa ocultada a Pablo. Y tambi\u00e9n estaba escondido por muchos a\u00f1os de nosotros. Pensamos que pod\u00edamos robar sin que <em>Dupade<\/em> lo supiera, e incluso despu\u00e9s de saber que pod\u00eda ver lo que est\u00e1bamos haciendo, rob\u00e1bamos las cosas de todos modos. \u00c9ramos como Pablo, muy rebelde.<\/p>\n\n\n\n<p><strong><em>Jes\u00fas apareci\u00f3 a Pablo, y nos ha aparecido a nosotros tambi\u00e9n:<\/em><\/strong><br>Pero Jes\u00fas se le apareci\u00f3 a Pablo hace mucho tiempo porque hab\u00eda escogido a Pablo para llevar su palabra a los gentiles. Y Jes\u00fas nos ha escogido para servirle tambi\u00e9n. <em>Dupade<\/em> quiere que nosotros llevemos su amor al mundo entero. Cuando creemos en Jes\u00fas somos personas nuevas. Al igual que lo que le pas\u00f3 a Pablo. Cuando conoci\u00f3 a Jes\u00fas, tambi\u00e9n era nuevo.<em> (2 Corintios 5:17)<\/em><\/p>\n\n\n\n<p>Pienso en c\u00f3mo\nJes\u00fas muri\u00f3 por nuestro pecado. Algunos dicen: &#8220;Yo no creo en Jes\u00fas, pero\nsoy una buena persona&#8221;. Fue el amor de <em>Dupade<\/em>\npor nosotros lo que lo llev\u00f3 a enviar a su hijo a la tierra a morir por nuestro\npecado. Eso es porque \u00e9l quiere estar en una relaci\u00f3n con nosotros. \u00bfNo ser\u00eda\nbueno si quer\u00edamos a <em>Dupade<\/em> tanto\ncomo \u00e9l nos quiere?<\/p>\n\n\n\n<p>Mientras que otros nos odian, <em>Dupade<\/em> nunca nos odiar\u00e1. <em>Ayoreos y coj\u00f1one<\/em>, todos somos iguales y nos disgustamos unos a otros. Pero <em>Dupade<\/em> quiere que amemos <em>el amarnos<\/em> unos a otros porque amamos y confiamos en \u00c9l.<\/p>\n\n\n\n<p>Cuando luchamos entre nosotros somos tontos y pensamos como Satan\u00e1s. Cuando somos amables, estamos pensando como <em>Dupade<\/em>.<br><br>Te he contado c\u00f3mo estaba Pablo. Hizo muchas cosas malas. Mat\u00f3 y persigui\u00f3 a los que cre\u00edan en Jes\u00fas. Pero un d\u00eda Pablo le dijo a Jes\u00fas: &#8220;\u00a1T\u00fa eres mi Se\u00f1or! \u00bfQu\u00e9 quieres que haga?<br><br>Ser\u00eda bueno para nosotros decir esas mismas palabras que Pablo dijo hace tanto tiempo, debemos decirle a Jes\u00fas: &#8220;\u00a1T\u00fa eres mi Se\u00f1or! \u00bfQu\u00e9 quieres que haga?<br><br><strong><span style=\"text-decoration: underline;\">Clave:<\/span><\/strong><br>Dupade \u2013 Dios<br>Palabra de Dupade \u2013 Biblia, Palabra de Dios<br>Ayoreos \u2013 Gente de la tribu ayor\u00e9<br>Coj\u00f1one \u2013 Gente no de la tribu ayor\u00e9<br><br><em>Pedrod\u00e9 \u2013 Tobit\u00e9, Bolivia \u2013 1970<\/em><br><em>Transcrito y traducido al espa\u00f1ol por: Maxine Morarie<\/em><\/p>\n\n\n<div class=\"navigation\"><div class=\"alignleft\"><a href=\"https:\/\/ayore.org\/es\/cultura\/ensenanzas\/orone-rapidamente-crei-en-dupade\/\"title=\"Orone\u0301 \u2013 R\u00e1pidamente cre\u00ed en Dupade\"><img loading=\"lazy\" decoding=\"async\" src=\"https:\/\/ayore.org\/wp-content\/uploads\/2018\/10\/left-arrow.png\" width=\"50\" height=\"48\" alt=\"left arrow\"><\/a><\/div><div class=\"alignright\"><a href=\"https:\/\/ayore.org\/es\/cultura\/ensenanzas\/rincongotique-dupade-es-muy-fuerte\/\"title=\"Rinco\u0301ngotique \u2013 Dupade es muy fuerte\"><img loading=\"lazy\" decoding=\"async\" src=\"https:\/\/ayore.org\/wp-content\/uploads\/2018\/10\/right-arrow.png\" width=\"50\" height=\"48\" alt=\"right arrow\"><\/a><\/div>\n","protected":false},"excerpt":{"rendered":"<p>San Pablo \u00faringai sijnaque Pablo le gustaba matar a los que cre\u00edan en Jes\u00fas:Quiero contarles cu\u00e1ndo el ap\u00f3stol Pablo fue una persona muy mala. Eso fue cuando todav\u00eda no hab\u00eda cre\u00eddo en Jes\u00fas hace mucho tiempo. Le gustaba matar a<\/p>\n","protected":false},"author":5,"featured_media":0,"parent":298,"menu_order":0,"comment_status":"closed","ping_status":"closed","template":"","meta":{"footnotes":""},"class_list":["post-4087","page","type-page","status-publish","hentry"],"yoast_head":"<!-- This site is optimized with the Yoast SEO plugin v27.4 - https:\/\/yoast.com\/product\/yoast-seo-wordpress\/ -->\n<title>Pedrode\u0301 \u2013 Pablo fue una persona muy mala &#8226; AYORE.ORG<\/title>\n<meta name=\"robots\" content=\"index, follow, max-snippet:-1, max-image-preview:large, max-video-preview:-1\" \/>\n<link rel=\"canonical\" href=\"https:\/\/ayore.org\/es\/cultura\/ensenanzas\/pedrode-pablo-fue-una-persona-muy-mala\/\" \/>\n<meta property=\"og:locale\" content=\"es_ES\" \/>\n<meta property=\"og:type\" content=\"article\" \/>\n<meta property=\"og:title\" content=\"Pedrode\u0301 \u2013 Pablo fue una persona muy mala &#8226; AYORE.ORG\" \/>\n<meta property=\"og:description\" content=\"San Pablo \u00faringai sijnaque Pablo le gustaba matar a los que cre\u00edan en Jes\u00fas:Quiero contarles cu\u00e1ndo el ap\u00f3stol Pablo fue una persona muy mala. Eso fue cuando todav\u00eda no hab\u00eda cre\u00eddo en Jes\u00fas hace mucho tiempo. Le gustaba matar a\" \/>\n<meta property=\"og:url\" content=\"https:\/\/ayore.org\/es\/cultura\/ensenanzas\/pedrode-pablo-fue-una-persona-muy-mala\/\" \/>\n<meta property=\"og:site_name\" content=\"AYORE.ORG\" \/>\n<meta property=\"article:modified_time\" content=\"2019-05-25T03:22:37+00:00\" \/>\n<meta name=\"twitter:card\" content=\"summary_large_image\" \/>\n<meta name=\"twitter:label1\" content=\"Tiempo de lectura\" \/>\n\t<meta name=\"twitter:data1\" content=\"12 minutos\" \/>\n<script type=\"application\/ld+json\" class=\"yoast-schema-graph\">{\"@context\":\"https:\\\/\\\/schema.org\",\"@graph\":[{\"@type\":\"WebPage\",\"@id\":\"https:\\\/\\\/ayore.org\\\/es\\\/cultura\\\/ensenanzas\\\/pedrode-pablo-fue-una-persona-muy-mala\\\/\",\"url\":\"https:\\\/\\\/ayore.org\\\/es\\\/cultura\\\/ensenanzas\\\/pedrode-pablo-fue-una-persona-muy-mala\\\/\",\"name\":\"Pedrode\u0301 \u2013 Pablo fue una persona muy mala &#8226; AYORE.ORG\",\"isPartOf\":{\"@id\":\"https:\\\/\\\/ayore.org\\\/#website\"},\"datePublished\":\"2019-05-25T03:22:34+00:00\",\"dateModified\":\"2019-05-25T03:22:37+00:00\",\"breadcrumb\":{\"@id\":\"https:\\\/\\\/ayore.org\\\/es\\\/cultura\\\/ensenanzas\\\/pedrode-pablo-fue-una-persona-muy-mala\\\/#breadcrumb\"},\"inLanguage\":\"es-AR\",\"potentialAction\":[{\"@type\":\"ReadAction\",\"target\":[\"https:\\\/\\\/ayore.org\\\/es\\\/cultura\\\/ensenanzas\\\/pedrode-pablo-fue-una-persona-muy-mala\\\/\"]}]},{\"@type\":\"BreadcrumbList\",\"@id\":\"https:\\\/\\\/ayore.org\\\/es\\\/cultura\\\/ensenanzas\\\/pedrode-pablo-fue-una-persona-muy-mala\\\/#breadcrumb\",\"itemListElement\":[{\"@type\":\"ListItem\",\"position\":1,\"name\":\"Inicio\",\"item\":\"https:\\\/\\\/ayore.org\\\/es\\\/\"},{\"@type\":\"ListItem\",\"position\":2,\"name\":\"Cultura\",\"item\":\"https:\\\/\\\/ayore.org\\\/es\\\/cultura\\\/\"},{\"@type\":\"ListItem\",\"position\":3,\"name\":\"Ense\u00f1anzas\",\"item\":\"https:\\\/\\\/ayore.org\\\/es\\\/cultura\\\/ensenanzas\\\/\"},{\"@type\":\"ListItem\",\"position\":4,\"name\":\"Pedrode\u0301 \u2013 Pablo fue una persona muy mala\"}]},{\"@type\":\"WebSite\",\"@id\":\"https:\\\/\\\/ayore.org\\\/#website\",\"url\":\"https:\\\/\\\/ayore.org\\\/\",\"name\":\"AYORE.ORG\",\"description\":\"Idioma, Cultura e Historia de la Tribu Ayor\u00e9\",\"potentialAction\":[{\"@type\":\"SearchAction\",\"target\":{\"@type\":\"EntryPoint\",\"urlTemplate\":\"https:\\\/\\\/ayore.org\\\/?s={search_term_string}\"},\"query-input\":{\"@type\":\"PropertyValueSpecification\",\"valueRequired\":true,\"valueName\":\"search_term_string\"}}],\"inLanguage\":\"es-AR\"}]}<\/script>\n<!-- \/ Yoast SEO plugin. -->","yoast_head_json":{"title":"Pedrode\u0301 \u2013 Pablo fue una persona muy mala &#8226; AYORE.ORG","robots":{"index":"index","follow":"follow","max-snippet":"max-snippet:-1","max-image-preview":"max-image-preview:large","max-video-preview":"max-video-preview:-1"},"canonical":"https:\/\/ayore.org\/es\/cultura\/ensenanzas\/pedrode-pablo-fue-una-persona-muy-mala\/","og_locale":"es_ES","og_type":"article","og_title":"Pedrode\u0301 \u2013 Pablo fue una persona muy mala &#8226; AYORE.ORG","og_description":"San Pablo \u00faringai sijnaque Pablo le gustaba matar a los que cre\u00edan en Jes\u00fas:Quiero contarles cu\u00e1ndo el ap\u00f3stol Pablo fue una persona muy mala. Eso fue cuando todav\u00eda no hab\u00eda cre\u00eddo en Jes\u00fas hace mucho tiempo. Le gustaba matar a","og_url":"https:\/\/ayore.org\/es\/cultura\/ensenanzas\/pedrode-pablo-fue-una-persona-muy-mala\/","og_site_name":"AYORE.ORG","article_modified_time":"2019-05-25T03:22:37+00:00","twitter_card":"summary_large_image","twitter_misc":{"Tiempo de lectura":"12 minutos"},"schema":{"@context":"https:\/\/schema.org","@graph":[{"@type":"WebPage","@id":"https:\/\/ayore.org\/es\/cultura\/ensenanzas\/pedrode-pablo-fue-una-persona-muy-mala\/","url":"https:\/\/ayore.org\/es\/cultura\/ensenanzas\/pedrode-pablo-fue-una-persona-muy-mala\/","name":"Pedrode\u0301 \u2013 Pablo fue una persona muy mala &#8226; AYORE.ORG","isPartOf":{"@id":"https:\/\/ayore.org\/#website"},"datePublished":"2019-05-25T03:22:34+00:00","dateModified":"2019-05-25T03:22:37+00:00","breadcrumb":{"@id":"https:\/\/ayore.org\/es\/cultura\/ensenanzas\/pedrode-pablo-fue-una-persona-muy-mala\/#breadcrumb"},"inLanguage":"es-AR","potentialAction":[{"@type":"ReadAction","target":["https:\/\/ayore.org\/es\/cultura\/ensenanzas\/pedrode-pablo-fue-una-persona-muy-mala\/"]}]},{"@type":"BreadcrumbList","@id":"https:\/\/ayore.org\/es\/cultura\/ensenanzas\/pedrode-pablo-fue-una-persona-muy-mala\/#breadcrumb","itemListElement":[{"@type":"ListItem","position":1,"name":"Inicio","item":"https:\/\/ayore.org\/es\/"},{"@type":"ListItem","position":2,"name":"Cultura","item":"https:\/\/ayore.org\/es\/cultura\/"},{"@type":"ListItem","position":3,"name":"Ense\u00f1anzas","item":"https:\/\/ayore.org\/es\/cultura\/ensenanzas\/"},{"@type":"ListItem","position":4,"name":"Pedrode\u0301 \u2013 Pablo fue una persona muy mala"}]},{"@type":"WebSite","@id":"https:\/\/ayore.org\/#website","url":"https:\/\/ayore.org\/","name":"AYORE.ORG","description":"Idioma, Cultura e Historia de la Tribu Ayor\u00e9","potentialAction":[{"@type":"SearchAction","target":{"@type":"EntryPoint","urlTemplate":"https:\/\/ayore.org\/?s={search_term_string}"},"query-input":{"@type":"PropertyValueSpecification","valueRequired":true,"valueName":"search_term_string"}}],"inLanguage":"es-AR"}]}},"_links":{"self":[{"href":"https:\/\/ayore.org\/es\/wp-json\/wp\/v2\/pages\/4087","targetHints":{"allow":["GET"]}}],"collection":[{"href":"https:\/\/ayore.org\/es\/wp-json\/wp\/v2\/pages"}],"about":[{"href":"https:\/\/ayore.org\/es\/wp-json\/wp\/v2\/types\/page"}],"author":[{"embeddable":true,"href":"https:\/\/ayore.org\/es\/wp-json\/wp\/v2\/users\/5"}],"replies":[{"embeddable":true,"href":"https:\/\/ayore.org\/es\/wp-json\/wp\/v2\/comments?post=4087"}],"version-history":[{"count":2,"href":"https:\/\/ayore.org\/es\/wp-json\/wp\/v2\/pages\/4087\/revisions"}],"predecessor-version":[{"id":4089,"href":"https:\/\/ayore.org\/es\/wp-json\/wp\/v2\/pages\/4087\/revisions\/4089"}],"up":[{"embeddable":true,"href":"https:\/\/ayore.org\/es\/wp-json\/wp\/v2\/pages\/298"}],"wp:attachment":[{"href":"https:\/\/ayore.org\/es\/wp-json\/wp\/v2\/media?parent=4087"}],"curies":[{"name":"wp","href":"https:\/\/api.w.org\/{rel}","templated":true}]}}