{"id":4082,"date":"2019-05-25T01:38:59","date_gmt":"2019-05-25T01:38:59","guid":{"rendered":"https:\/\/ayore.org\/?page_id=4082"},"modified":"2019-05-25T01:39:01","modified_gmt":"2019-05-25T01:39:01","slug":"orone-rapidamente-crei-en-dupade","status":"publish","type":"page","link":"https:\/\/ayore.org\/es\/cultura\/ensenanzas\/orone-rapidamente-crei-en-dupade\/","title":{"rendered":"Orone\u0301 \u2013 R\u00e1pidamente cre\u00ed en Dupade"},"content":{"rendered":"\n<p><em>J\u0129rique yangureta Dupade<\/em><br><br><strong><em>No prest\u00e9 atenci\u00f3n al consejo de mi padre o de nuestra gente:<\/em><\/strong>&nbsp;<br>Ustedes han o\u00eddo todo acerca de c\u00f3mo viv\u00ed hace mucho tiempo y que r\u00e1pidamente puse mi fe en <em>Dupade<\/em>. Poco despu\u00e9s de o\u00edr hablar de <em>Dupade<\/em>, quise creer en \u00e9l y convertirme en un creyente. No busqu\u00e9 el consejo de mi padre, ni los caminos de mi pueblo, y no tem\u00eda las cosas que ellos tem\u00edan.<\/p>\n\n\n\n<p>Mi padre dijo\nacerca de m\u00ed: &#8220;\u00c9l morir\u00e1 temprano si no se ajusta a nuestros\ncaminos&#8221;.<\/p>\n\n\n\n<p>Pero yo no prest\u00e9\natenci\u00f3n a lo que \u00e9l dijo en absoluto, ni tom\u00e9 su consejo. Estaba convencido de\nque <em>Dupade<\/em> era quien yo quer\u00eda\nseguir.<\/p>\n\n\n\n<p><strong><em>Nunca me atrajeron los caminos de los coj\u00f1one:<\/em><\/strong><br>&nbsp;Agradezco a <em>Dupade<\/em> que tan pronto como sal\u00ed de la selva encontr\u00e9 a los misioneros, y nunca fui influenciado por el pueblo boliviano y no aprend\u00ed sus caminos. Algunos <em>ayoreos <\/em>imitaron al pueblo y comenzaron a beber bebidas alcoh\u00f3licas, que llamamos <em>yote pioi<\/em> (<em>agua de fuego)<\/em>. Estoy tan agradecido de no haber experimentado nunca eso en nuestra aldea y, en cambio, escuch\u00e9 la verdad de los misioneros que nos dijeron: &#8220;Jes\u00fas est\u00e1 regresando. <em>Dupade<\/em> est\u00e1 enviando a su Hijo a la tierra, el que fue matado por la gente en la tierra. \u00c9l va a regresar&#8221;, nos dijeron, &#8220;y nos llevar\u00e1 con \u00e9l al cielo &#8220;.<\/p>\n\n\n\n<p><strong><em>Muy pronto cre\u00ed en Dupade debido a sus ense\u00f1anzas:<\/em><\/strong><br>Explicaron que el <em>Hijo de<\/em> <em>Dupade<\/em> estaba regresando, y fue lo que contaron sobre su regreso lo que me hizo ansiar creer en <em>Dupade<\/em>, y no ser como la gente que no escuchaba la ense\u00f1anza de los misioneros. Quer\u00eda, aunque ten\u00eda mucho que aprender, hacer de <em>Dupade<\/em> a aquel en quien cre\u00eda. Entonces los misioneros comenzaron a hablarme a menudo sobre <em>Dupade<\/em>, y me dec\u00edan: &#8220;\u00c9l te salvar\u00e1&#8221;.<\/p>\n\n\n\n<p><strong><em>Pero todav\u00eda pequ\u00e9 e hice cosas feas:<\/em><\/strong><br>Sab\u00eda que las cosas que yo hac\u00eda eran feas, pero segu\u00eda haci\u00e9ndolas; pequ\u00e9. No detuve las cosas que estaba haciendo. Hice cosas horribles. Lo hab\u00eda estado haciendo durante mucho tiempo. Me consum\u00eda hacer las cosas feas que me gustaba hacer; pero no aprobaba lo que hice, porque sab\u00eda que <em>Dupade<\/em> no quer\u00eda que hiciera esas cosas.&nbsp;<\/p>\n\n\n\n<p><strong><em>Y luego, a pesar de esto, me di cuenta del hecho de que lo que estaba haciendo era pecado:<\/em><\/strong><br>Segu\u00eda as\u00ed por cerca de nueve a\u00f1os, antes de que finalmente comenc\u00e9 a cuidar de m\u00ed mismo. Comenc\u00e9 a cuidar de m\u00ed mismo despu\u00e9s de que vinieron los misioneros. Y entonces, cuando hac\u00eda cosas feas, entend\u00eda que estaba pecando.<br><br>Estoy tan agradecido con <em>Dupade<\/em> que por esta \u00e9poca hab\u00eda aprendido algunas de las palabras de la gente, y que pod\u00eda escuchar y entender lo que se estaba ense\u00f1ando. Esto es lo que yo entend\u00eda que ellos dijeran: &#8220;Cuando una persona mezcla sus pecados con sus oraciones al <em>Dupade<\/em> en el que cree, <em>Dupade<\/em> no puede ayudarlo&#8221;. Y yo estaba haciendo precisamente esto. Pecaba, pero tambi\u00e9n oraba.<br><br>Y eso es realmente cuando comenc\u00e9 a pensar y tomar decisiones. Pero esto fue alrededor de nueve a\u00f1os despu\u00e9s de que cre\u00ed por primera vez en <em>Dupade<\/em>. Empec\u00e9 a buscar maneras de agradar a <em>Dupade<\/em>.<br><br><strong><em>Dupade hizo mi boca para que pudiera ense\u00f1ar a otros acerca de su Palabra:<\/em><\/strong> <br>Estoy tan agradecido con <em>Dupade<\/em> que ahora tambi\u00e9n ense\u00f1o a <em>los coj\u00f1one<\/em>. Pero tambi\u00e9n busco la manera de ense\u00f1ar, y digo: &#8220;<em>Dupade<\/em> me hizo e hizo mi boca. E hizo mi boca para que yo pudiera ense\u00f1ar a mis compa\u00f1eros <em>ayor\u00e9os<\/em> acerca de su Palabra &#8220;.<br><br>Le agradezco a <em>Dupade<\/em> que no mir\u00e9 a mis compa\u00f1eros <em>ayoreos<\/em> porque no sab\u00edan nada de <em>Dupade<\/em>, ni busqu\u00e9 el consejo de los <em>coj\u00f1one<\/em>. Por mi cuenta, segu\u00ed buscando a <em>Dupade<\/em>. No sab\u00eda lo que \u00e9l quer\u00eda que hiciera. Todav\u00eda estaba luchando por controlar mis h\u00e1bitos pecaminosos, y habl\u00e9 con <em>Dupade<\/em> sobre esto. Segu\u00ed hablando con \u00e9l en ese momento, y pronto \u00e9l no parec\u00eda tan lejos. A\u00fan recuerdo haberle rezado en mi jard\u00edn.<br><br><strong><em>Estaba en mi jard\u00edn y estaba triste:&nbsp; <\/em><\/strong><br>Estaba solo en mi huerto en la selva, pero estaba muy pensativo. Estaba preocupado por mis compatriotas, porque no hab\u00eda ninguna persona <em>ayor\u00e9<\/em> que supiera algo acerca de los caminos de <em>Dupade<\/em> para hablarnos de ellos, y fue entonces cuando pens\u00e9 en <em>Dupade<\/em> y rezaba en mi jard\u00edn.<br><br>Dije: \u201c<em>Dupade<\/em>, busca a alguien que me ense\u00f1e, un maestro que pueda explicarme los caminos de <em>Dupade<\/em> para que yo los conozca y pueda ense\u00f1arles a mis compa\u00f1eros <em>ayoreos<\/em>.\u201d<\/p>\n\n\n\n<p><strong><em>Unos d\u00edas m\u00e1s tarde, llego\u0301 la carta &#8211; Dios hab\u00eda respondido mi oraci\u00f3n:<\/em><\/strong><br>La carta vino para Juan Krunkles, el misionero que trabaj\u00f3 con nosotros ayoreos en Rinc\u00f3n. Era de misioneros en Tumi Chucua. Dijeron: &#8220;Los misioneros aqu\u00ed en el Beni est\u00e1n ense\u00f1ando a los ind\u00edgenas, a la gente de la selva como los <em>ayoreos.<\/em> Si quieres, puedes enviar a Oron\u00e9 tambi\u00e9n para que le ense\u00f1emos.&#8221; Y me lo contaron acerca del contenido de la carta y me acord\u00e9 inmediatamente de mi oraci\u00f3n en mi jard\u00edn, y supe que era la respuesta a esa oraci\u00f3n.<\/p>\n\n\n\n<p><strong><em>Le dije a Dupade que estaba listo, si \u00e9l me quer\u00eda, para servirlo:<\/em><\/strong>&nbsp;<br>Y luego volv\u00ed a orar a <em>Dupade<\/em> y le dije: &#8220;Est\u00e1s respondiendo a mi oraci\u00f3n y s\u00e9 que me est\u00e1s llamando para servirte. Incluso si est\u00e1 en el extremo del mundo, pienso que ir\u00e9. O si esa escuela est\u00e1 al final del mundo, todav\u00eda quiero saber siquiera un poco de tus caminos, quiero saber muchas cosas, quiero aprender leer y escribir&#8221;.<br><br>Esto es realmente lo que quer\u00eda. Tumi Chucua estaba muy lejos, pero estaba tan agradecido de que <em>Dupade<\/em> me enviara all\u00ed y as\u00ed me fui. &nbsp;<\/p>\n\n\n\n<p><strong><em>Ten\u00eda que ser lo que Dios quer\u00eda para mi desde el principio:<\/em><\/strong><br>Estoy muy agradecido con ustedes, mis amigos, que son firmes en la Palabra de <em>Dupade<\/em> aqu\u00ed en Puesto Paz. Estoy tan agradecido de que Timoteo est\u00e9 predicando la Palabra de <em>Dupade<\/em> aqu\u00ed, y que he aprendido de sus ense\u00f1anzas un poco de lo que puedo ense\u00f1ar a mis compatriotas cuando regrese a Rinc\u00f3n.<\/p>\n\n\n\n<p>Estoy seguro de que fue la voluntad de <em>Dupade<\/em> para m\u00ed ense\u00f1ar a mi gente desde el principio. Estoy tan agradecido de que fue <em>Dupade<\/em> quien me ayud\u00f3 y realmente respondi\u00f3 mis oraciones.<\/p>\n\n\n\n<p>Algunos de ustedes, gente de Ayor\u00e9 en sus aldeas, tambi\u00e9n est\u00e1n buscando lo que <em>Dupade<\/em> quiere que hagan. Sabes que es <em>Dupade<\/em> quien nos ayuda. Hay m\u00e1s que puedo decir sobre esto, pero no queda mucho tiempo, as\u00ed que me detendr\u00e9 ahora. Esto es todo.<\/p>\n\n\n\n<p><strong><span style=\"text-decoration: underline;\">Clave:<\/span><\/strong> <br>Dupade \u2013 Dios<br>Ayoreos \u2013 Gente del tribu Ayor\u00e9<br>Coj\u00f1one \u2013 Gente no del tribu Ayor\u00e9 <br>Yote pioi \u2013 Agua de fuego, Bebidas alcoh\u00f3licas<br><br><em>Oron\u00e9 &#8211; Puesto Paz \u2013 1976<\/em><br><em>Transcripci\u00f3n por: Paul Wyma<\/em><br><em>Traducido al espa\u00f1ol por: Maxine Morarie<\/em><\/p>\n\n\n<div class=\"navigation\"><div class=\"alignleft\"><a href=\"https:\/\/ayore.org\/es\/cultura\/ensenanzas\/orone-la-ensenanza-de-pablo-es-dificil-de-entender\/\"title=\"Orone\u0301 \u2013 La ense\u00f1anza de Pablo es dif\u00edcil de entender\"><img loading=\"lazy\" decoding=\"async\" src=\"https:\/\/ayore.org\/wp-content\/uploads\/2018\/10\/left-arrow.png\" width=\"50\" height=\"48\" alt=\"left arrow\"><\/a><\/div><div class=\"alignright\"><a href=\"https:\/\/ayore.org\/es\/cultura\/ensenanzas\/pedrode-pablo-fue-una-persona-muy-mala\/\"title=\"Pedrode\u0301 \u2013 Pablo fue una persona muy mala\"><img loading=\"lazy\" decoding=\"async\" src=\"https:\/\/ayore.org\/wp-content\/uploads\/2018\/10\/right-arrow.png\" width=\"50\" height=\"48\" alt=\"right arrow\"><\/a><\/div>\n","protected":false},"excerpt":{"rendered":"<p>J\u0129rique yangureta Dupade No prest\u00e9 atenci\u00f3n al consejo de mi padre o de nuestra gente:&nbsp;Ustedes han o\u00eddo todo acerca de c\u00f3mo viv\u00ed hace mucho tiempo y que r\u00e1pidamente puse mi fe en Dupade. Poco despu\u00e9s de o\u00edr hablar de Dupade,<\/p>\n","protected":false},"author":5,"featured_media":0,"parent":298,"menu_order":0,"comment_status":"closed","ping_status":"closed","template":"","meta":{"footnotes":""},"class_list":["post-4082","page","type-page","status-publish","hentry"],"yoast_head":"<!-- This site is optimized with the Yoast SEO plugin v27.4 - https:\/\/yoast.com\/product\/yoast-seo-wordpress\/ -->\n<title>Orone\u0301 \u2013 R\u00e1pidamente cre\u00ed en Dupade &#8226; AYORE.ORG<\/title>\n<meta name=\"robots\" content=\"index, follow, max-snippet:-1, max-image-preview:large, max-video-preview:-1\" \/>\n<link rel=\"canonical\" href=\"https:\/\/ayore.org\/es\/cultura\/ensenanzas\/orone-rapidamente-crei-en-dupade\/\" \/>\n<meta property=\"og:locale\" content=\"es_ES\" \/>\n<meta property=\"og:type\" content=\"article\" \/>\n<meta property=\"og:title\" content=\"Orone\u0301 \u2013 R\u00e1pidamente cre\u00ed en Dupade &#8226; AYORE.ORG\" \/>\n<meta property=\"og:description\" content=\"J\u0129rique yangureta Dupade No prest\u00e9 atenci\u00f3n al consejo de mi padre o de nuestra gente:&nbsp;Ustedes han o\u00eddo todo acerca de c\u00f3mo viv\u00ed hace mucho tiempo y que r\u00e1pidamente puse mi fe en Dupade. Poco despu\u00e9s de o\u00edr hablar de Dupade,\" \/>\n<meta property=\"og:url\" content=\"https:\/\/ayore.org\/es\/cultura\/ensenanzas\/orone-rapidamente-crei-en-dupade\/\" \/>\n<meta property=\"og:site_name\" content=\"AYORE.ORG\" \/>\n<meta property=\"article:modified_time\" content=\"2019-05-25T01:39:01+00:00\" \/>\n<meta name=\"twitter:card\" content=\"summary_large_image\" \/>\n<meta name=\"twitter:label1\" content=\"Tiempo de lectura\" \/>\n\t<meta name=\"twitter:data1\" content=\"6 minutos\" \/>\n<script type=\"application\/ld+json\" class=\"yoast-schema-graph\">{\"@context\":\"https:\\\/\\\/schema.org\",\"@graph\":[{\"@type\":\"WebPage\",\"@id\":\"https:\\\/\\\/ayore.org\\\/es\\\/cultura\\\/ensenanzas\\\/orone-rapidamente-crei-en-dupade\\\/\",\"url\":\"https:\\\/\\\/ayore.org\\\/es\\\/cultura\\\/ensenanzas\\\/orone-rapidamente-crei-en-dupade\\\/\",\"name\":\"Orone\u0301 \u2013 R\u00e1pidamente cre\u00ed en Dupade &#8226; AYORE.ORG\",\"isPartOf\":{\"@id\":\"https:\\\/\\\/ayore.org\\\/#website\"},\"datePublished\":\"2019-05-25T01:38:59+00:00\",\"dateModified\":\"2019-05-25T01:39:01+00:00\",\"breadcrumb\":{\"@id\":\"https:\\\/\\\/ayore.org\\\/es\\\/cultura\\\/ensenanzas\\\/orone-rapidamente-crei-en-dupade\\\/#breadcrumb\"},\"inLanguage\":\"es-AR\",\"potentialAction\":[{\"@type\":\"ReadAction\",\"target\":[\"https:\\\/\\\/ayore.org\\\/es\\\/cultura\\\/ensenanzas\\\/orone-rapidamente-crei-en-dupade\\\/\"]}]},{\"@type\":\"BreadcrumbList\",\"@id\":\"https:\\\/\\\/ayore.org\\\/es\\\/cultura\\\/ensenanzas\\\/orone-rapidamente-crei-en-dupade\\\/#breadcrumb\",\"itemListElement\":[{\"@type\":\"ListItem\",\"position\":1,\"name\":\"Inicio\",\"item\":\"https:\\\/\\\/ayore.org\\\/es\\\/\"},{\"@type\":\"ListItem\",\"position\":2,\"name\":\"Cultura\",\"item\":\"https:\\\/\\\/ayore.org\\\/es\\\/cultura\\\/\"},{\"@type\":\"ListItem\",\"position\":3,\"name\":\"Ense\u00f1anzas\",\"item\":\"https:\\\/\\\/ayore.org\\\/es\\\/cultura\\\/ensenanzas\\\/\"},{\"@type\":\"ListItem\",\"position\":4,\"name\":\"Orone\u0301 \u2013 R\u00e1pidamente cre\u00ed en Dupade\"}]},{\"@type\":\"WebSite\",\"@id\":\"https:\\\/\\\/ayore.org\\\/#website\",\"url\":\"https:\\\/\\\/ayore.org\\\/\",\"name\":\"AYORE.ORG\",\"description\":\"Idioma, Cultura e Historia de la Tribu Ayor\u00e9\",\"potentialAction\":[{\"@type\":\"SearchAction\",\"target\":{\"@type\":\"EntryPoint\",\"urlTemplate\":\"https:\\\/\\\/ayore.org\\\/?s={search_term_string}\"},\"query-input\":{\"@type\":\"PropertyValueSpecification\",\"valueRequired\":true,\"valueName\":\"search_term_string\"}}],\"inLanguage\":\"es-AR\"}]}<\/script>\n<!-- \/ Yoast SEO plugin. -->","yoast_head_json":{"title":"Orone\u0301 \u2013 R\u00e1pidamente cre\u00ed en Dupade &#8226; AYORE.ORG","robots":{"index":"index","follow":"follow","max-snippet":"max-snippet:-1","max-image-preview":"max-image-preview:large","max-video-preview":"max-video-preview:-1"},"canonical":"https:\/\/ayore.org\/es\/cultura\/ensenanzas\/orone-rapidamente-crei-en-dupade\/","og_locale":"es_ES","og_type":"article","og_title":"Orone\u0301 \u2013 R\u00e1pidamente cre\u00ed en Dupade &#8226; AYORE.ORG","og_description":"J\u0129rique yangureta Dupade No prest\u00e9 atenci\u00f3n al consejo de mi padre o de nuestra gente:&nbsp;Ustedes han o\u00eddo todo acerca de c\u00f3mo viv\u00ed hace mucho tiempo y que r\u00e1pidamente puse mi fe en Dupade. Poco despu\u00e9s de o\u00edr hablar de Dupade,","og_url":"https:\/\/ayore.org\/es\/cultura\/ensenanzas\/orone-rapidamente-crei-en-dupade\/","og_site_name":"AYORE.ORG","article_modified_time":"2019-05-25T01:39:01+00:00","twitter_card":"summary_large_image","twitter_misc":{"Tiempo de lectura":"6 minutos"},"schema":{"@context":"https:\/\/schema.org","@graph":[{"@type":"WebPage","@id":"https:\/\/ayore.org\/es\/cultura\/ensenanzas\/orone-rapidamente-crei-en-dupade\/","url":"https:\/\/ayore.org\/es\/cultura\/ensenanzas\/orone-rapidamente-crei-en-dupade\/","name":"Orone\u0301 \u2013 R\u00e1pidamente cre\u00ed en Dupade &#8226; AYORE.ORG","isPartOf":{"@id":"https:\/\/ayore.org\/#website"},"datePublished":"2019-05-25T01:38:59+00:00","dateModified":"2019-05-25T01:39:01+00:00","breadcrumb":{"@id":"https:\/\/ayore.org\/es\/cultura\/ensenanzas\/orone-rapidamente-crei-en-dupade\/#breadcrumb"},"inLanguage":"es-AR","potentialAction":[{"@type":"ReadAction","target":["https:\/\/ayore.org\/es\/cultura\/ensenanzas\/orone-rapidamente-crei-en-dupade\/"]}]},{"@type":"BreadcrumbList","@id":"https:\/\/ayore.org\/es\/cultura\/ensenanzas\/orone-rapidamente-crei-en-dupade\/#breadcrumb","itemListElement":[{"@type":"ListItem","position":1,"name":"Inicio","item":"https:\/\/ayore.org\/es\/"},{"@type":"ListItem","position":2,"name":"Cultura","item":"https:\/\/ayore.org\/es\/cultura\/"},{"@type":"ListItem","position":3,"name":"Ense\u00f1anzas","item":"https:\/\/ayore.org\/es\/cultura\/ensenanzas\/"},{"@type":"ListItem","position":4,"name":"Orone\u0301 \u2013 R\u00e1pidamente cre\u00ed en Dupade"}]},{"@type":"WebSite","@id":"https:\/\/ayore.org\/#website","url":"https:\/\/ayore.org\/","name":"AYORE.ORG","description":"Idioma, Cultura e Historia de la Tribu Ayor\u00e9","potentialAction":[{"@type":"SearchAction","target":{"@type":"EntryPoint","urlTemplate":"https:\/\/ayore.org\/?s={search_term_string}"},"query-input":{"@type":"PropertyValueSpecification","valueRequired":true,"valueName":"search_term_string"}}],"inLanguage":"es-AR"}]}},"_links":{"self":[{"href":"https:\/\/ayore.org\/es\/wp-json\/wp\/v2\/pages\/4082","targetHints":{"allow":["GET"]}}],"collection":[{"href":"https:\/\/ayore.org\/es\/wp-json\/wp\/v2\/pages"}],"about":[{"href":"https:\/\/ayore.org\/es\/wp-json\/wp\/v2\/types\/page"}],"author":[{"embeddable":true,"href":"https:\/\/ayore.org\/es\/wp-json\/wp\/v2\/users\/5"}],"replies":[{"embeddable":true,"href":"https:\/\/ayore.org\/es\/wp-json\/wp\/v2\/comments?post=4082"}],"version-history":[{"count":2,"href":"https:\/\/ayore.org\/es\/wp-json\/wp\/v2\/pages\/4082\/revisions"}],"predecessor-version":[{"id":4084,"href":"https:\/\/ayore.org\/es\/wp-json\/wp\/v2\/pages\/4082\/revisions\/4084"}],"up":[{"embeddable":true,"href":"https:\/\/ayore.org\/es\/wp-json\/wp\/v2\/pages\/298"}],"wp:attachment":[{"href":"https:\/\/ayore.org\/es\/wp-json\/wp\/v2\/media?parent=4082"}],"curies":[{"name":"wp","href":"https:\/\/api.w.org\/{rel}","templated":true}]}}