{"id":4077,"date":"2019-05-25T01:01:09","date_gmt":"2019-05-25T01:01:09","guid":{"rendered":"https:\/\/ayore.org\/?page_id=4077"},"modified":"2019-05-25T01:01:11","modified_gmt":"2019-05-25T01:01:11","slug":"orone-la-ensenanza-de-pablo-es-dificil-de-entender","status":"publish","type":"page","link":"https:\/\/ayore.org\/es\/cultura\/ensenanzas\/orone-la-ensenanza-de-pablo-es-dificil-de-entender\/","title":{"rendered":"Orone\u0301 \u2013 La ense\u00f1anza de Pablo es dif\u00edcil de entender"},"content":{"rendered":"\n<p><em>Yique u\nyoquij\u00f5rai Pablo acajnaquei<\/em><em> <\/em><em><\/em><\/p>\n\n\n\n<p><strong><em>La palabra de Dupade en forma escrita fue dada para ense\u00f1ar a las personas:<\/em><\/strong><br>De ese libro, las personas han aprendido sobre <em>Dupade<\/em>, y luego nos han ense\u00f1ado a nosotros. Cuando don Pablo nos ense\u00f1\u00f3, nos cont\u00f3 sobre lo que dijo Pedro acerca de las ense\u00f1anzas del ap\u00f3stol Pablo. \u00c9l dijo: \u201cLo que Pablo ense\u00f1a es dif\u00edcil de entender.\u201d <em>(2 Pedro 3:16-17).<\/em><br><br><strong><em>Algunas personas dicen que esperar\u00e1n hasta que sean viejas para poner su fe en Dupade:<\/em><\/strong><br>Ecarai cont\u00f3 acerca de un hombre que dijo: \u201cS\u00e9 que hay un <em>Dupade<\/em> en el cielo. Y que \u00e9l hizo todo, pero creer\u00e9 en \u00e9l m\u00e1s tarde cuando sea un anciano; y todav\u00eda no soy un anciano\u201d.<\/p>\n\n\n\n<p>Algunos de nosotros <em>ayoreos<\/em> somos as\u00ed: sabemos que hay un <em>Dupade<\/em> en el cielo, sabemos que existe, pero nuestras mentes est\u00e1n en otras cosas. Amamos esas cosas m\u00e1s que <em>Dupade<\/em>, as\u00ed que no prestamos atenci\u00f3n a <em>Dupade<\/em>.<\/p>\n\n\n\n<p>Otra persona dice que sabe lo que es verdad, sabe que <em>Dupade<\/em> existe, y sabe que <em>Dupade<\/em> ve todo desde el cielo por su poder, pero a \u00e9l tambi\u00e9n le encantan otras cosas m\u00e1s que <em>Dupade<\/em>. Las cosas que anhelamos y queremos tener nos preocupan tanto que no hacemos las cosas que <em>Dupade<\/em> quiere que hagamos, sino que hacemos lo que \u00e9l dice que no debemos hacer.<\/p>\n\n\n\n<p><strong><em>Dupade escribi\u00f3 sus mandamientos para Mois\u00e9s:<\/em><\/strong><br>Siempre te estoy hablando de los mandamientos que <em>Dupade<\/em> escribi\u00f3 para Mois\u00e9s hace mucho tiempo en tablas de piedra. Escribi\u00f3 esto para que Mois\u00e9s pudiera contarle a su gente las cosas que \u00e9l quer\u00eda que ellos hicieran, y las cosas que \u00e9l no quer\u00eda que hicieran.<br><br><em>Dupade<\/em> no quiere que consideremos otras cosas como si fueran <em>Dupade<\/em>. Dijo: \u2018No hagas \u00eddolos ni im\u00e1genes de hombres.\u2019 <em>Dupade<\/em> odia las cosas en las que los hombres eligen creer en vez de en \u00e9l, que es el verdadero <em>Dupade<\/em>. Pues, \u00e9l nos dijo que no oremos a los \u00eddolos. <br><br>\u00c9l dice: \u201cNo digas nada feo sobre m\u00ed. No te burles de m\u00ed ni me menosprecies. No deben usar mi nombre como si fuera algo com\u00fan&#8221;.&nbsp;&nbsp;&nbsp;&nbsp;&nbsp;&nbsp;&nbsp;&nbsp;&nbsp;&nbsp;&nbsp;&nbsp; <br><br>\u201cObedece a tu madre y padre\u201d. Esto es lo que <em>Dupade<\/em> escribi\u00f3 y le dio a Mois\u00e9s; fueron escritos sobre tablas de piedra.<br><br>Hoy conocemos estos mandamientos, pero no los obedecemos. Estos son algunos de los otros mandamientos: \u201cNo trabajes en el s\u00e9ptimo d\u00eda de la semana. No mate a tu pr\u00f3jimo \u201c. <em>Dupade<\/em> realmente desaprueba hacer estas cosas.<br><br>\u201cCumpla con cuidado lo que su padre y su madre le dicen que haga\u201d, escribi\u00f3. Si no obedecemos a nuestros padres y madres, probablemente tampoco obedezcamos a <em>Dupade<\/em>, porque <em>Dupade<\/em> es nuestro Padre. Y si somos desobedientes a \u00e9l, entonces no podemos seguirlo.<br><br>\u201cNo desees mujeres j\u00f3venes, ni las esposas de otros hombres\u201d. Si un hombre quiere creer en <em>Dupade<\/em>, no debe acostarse con las mujeres que acuden a \u00e9l. Y no deber\u00eda desear a otras mujeres, y las mujeres no deber\u00edan desear a otros hombres ni a otras personas, no debemos desearles. Hacer esas cosas es feo.<br><br>\u201cNo seas un mentiroso\u201d, dice <em>Dupade<\/em>. \u201cNo codicies lo que otras personas tienen. No robes a los dem\u00e1s \u201c.<\/p>\n\n\n\n<p>Estas son las <em>Palabras de<\/em> <em>Dupade<\/em>, pero cuando no creemos en <em>Dupade<\/em>, nos burlamos de ellas y no tratamos de obedecerlas. En lugar de pensar en estas cosas, nos preocupamos por hacer otras cosas, las mismas cosas que <em>Dupade<\/em> odia. Pensamos acerca de c\u00f3mo cumplir con nuestras lujurias, haciendo las cosas que nos traen placer. Buscamos esas cosas, y la <em>Palabra <\/em>de <em>Dupade<\/em> no nos interesa.<br><br>E incluso si tratamos de obedecer la <em>Palabra <\/em>de <em>Dupade<\/em>, no podemos hacerlo sin la ayuda de Jes\u00fas y el Esp\u00edritu Santo. Pablo nos cuenta acerca de esto en el libro de Romanos.&nbsp; (Romanos 8: 1-4)<br><br>Vemos por lo que Pablo escribi\u00f3 que no podemos obedecer los mandamientos de <em>Dupade<\/em> por nuestra cuenta, sino solo por el poder del Se\u00f1or Jes\u00fas. Cuando creemos en \u00e9l, no es dif\u00edcil para nosotros obedecer a <em>Dupade<\/em>.<\/p>\n\n\n\n<p><strong><em>El hijo pr\u00f3digo:<\/em><\/strong><br>Hab\u00eda un hombre con dos hijos, y el m\u00e1s joven le pidi\u00f3 su parte de las cosas de su padre. Y \u00e9l pidi\u00f3 dinero. \u00c9l dijo: \u201cPadre, \u00bfpor qu\u00e9 no me das parte de tu dinero, as\u00ed puedo irme y vivir en otra tierra?\u201d<br><br>Su padre se lo dio y su hijo se fue. Se fue a otra tierra y despu\u00e9s de un largo tiempo su dinero se hab\u00eda ido, y estaba hambriento. Entonces, dijo: \u201cTen\u00eda mucho para comer en el pasado, tanto que tiraba las sobras al suelo. \u00bfPor qu\u00e9 no vuelvo a mi padre y a los otros que dej\u00e9 para venir aqu\u00ed? Eso es lo que hizo el joven.<br><br>Es como nosotros, todos <em>Ayoreos<\/em> y <em>Coj\u00f1one<\/em>; empezamos creyendo en <em>Dupade<\/em>, y luego lo dejamos, como el hijo pr\u00f3digo. Cre\u00edmos en <em>Dupade<\/em>, pero luego dejamos de creer. Empezamos a hacer nuestras cosas y no tuvimos nada m\u00e1s que ver con nuestro Padre celestial. Lo abandonamos y seguimos nuestro camino. Y entonces, la belleza del Se\u00f1or ya no estaba en nosotros. Y as\u00ed es como somos. Somos como ese joven. Dejamos a <em>Dupade<\/em>, lo abandonamos y terminamos sin nada.<br><br>Al igual que el joven que dej\u00f3 a su padre y termin\u00f3 en una tierra extra\u00f1a, terminamos de la misma manera cuando abandonamos a nuestro Padre celestial. Pero cuando el joven recobr\u00f3 el sentido, supo qu\u00e9 hacer. Y si nos encontramos como \u00e9l, miserables en una tierra extra\u00f1a, necesitamos volver a nuestros sentidos y regresar a nuestro Padre. Y algunos de nosotros necesitamos recordar cu\u00e1n poderoso es <em>Dupade<\/em> y tenemos que dar marcha atr\u00e1s y seguir la <em>Palabra de<\/em> <em>Dupade<\/em> que nos llevar\u00e1 de vuelta a <em>Dupade<\/em>. Necesitamos arrepentirnos de nuestras feas maneras. D\u00e9jelos atr\u00e1s, y regrese a <em>Dupade<\/em>, y conf\u00ede en que \u00e9l nos ayudar\u00e1.&nbsp;&nbsp;&nbsp;&nbsp;&nbsp; As\u00ed es como ese joven sinti\u00f3 por su padre, y \u00e9l regres\u00f3 a \u00e9l. Y su padre lo vio venir y corri\u00f3 a su encuentro. \u00c9l simplemente sali\u00f3 corriendo hacia \u00e9l. \u00c9l lo abraz\u00f3 y lo bes\u00f3. \u00c9l bes\u00f3 a su hijo. Pero su hijo dijo: \u201cMi padre, he hecho cosas feas. Mis caminos han sido pecaminosos. He sido malo contigo y he sido malo con <em>Dupade<\/em>. Entonces, no debes llamarme un hijo por m\u00e1s tiempo. Consid\u00e9rame un sirviente.&#8221;<br><br>Su padre estaba tan feliz de verlo que no le dejaba decir nada m\u00e1s.<br><br>Y somos exactamente como \u00e9l hijo, pensando que somos muy malos. Tambi\u00e9n es posible que dej\u00e1ramos de leer la <em>Palabra de<\/em> <em>Dupade<\/em>, y parec\u00eda que incluso dej\u00e1bamos de creer en <em>Dupade<\/em>. <br><br>Pero <em>Dupade<\/em> es como el padre de ese joven que le dijo a su hijo: \u201cPuede que me hayas dejado en ese momento, pero te pido que una vez m\u00e1s creas en m\u00ed.\u201d Quienquiera que ignore la <em>Palabra de<\/em> <em>Dupade<\/em>, puede regresar, y creer de nuevo, y caminar nuevamente en fe con <em>Dupade<\/em>. Justo como el padre de ese joven, <em>Dupade<\/em> no lo rechazar\u00e1; \u00e9l lo llevar\u00e1 de regreso.<\/p>\n\n\n\n<p><em>Dupade<\/em> es as\u00ed, puedo apartarme de \u00e9l, pero cuando regrese y honre su Palabra, lo har\u00e1 muy feliz. Al igual que el padre del joven estaba feliz de tener a su hijo de regreso. Les dijo a sus sirvientes: \u201cApres\u00farense, traigan las ropas buenas y ponlas sobre \u00e9l. Pon un anillo en su dedo. Ponle los zapatos\u201d. <\/p>\n\n\n\n<p>Y luego les dijo: \u201cAhora\nve y encuentra nuestra vaca m\u00e1s gorda, m\u00e1tala y prepara la carne. Haremos el\ntipo de fiesta que comemos los domingos para mi hijo, que se hab\u00eda ido tanto\ntiempo que era como si estuviera muerto. S\u00ed, era como si estuviera muerto, pero\nahora est\u00e1 vivo y con nosotros otra vez.\u201d<\/p>\n\n\n\n<p><strong><em>El hijo mayor odiaba a su hermano:<\/em><\/strong><br>El padre amaba a su hijo menor, pero su hijo mayor lo odiaba. El hijo mayor estaba en el campo cuando su hermano regres\u00f3. Mientras volv\u00eda a casa, escuch\u00f3 a su padre y a otros celebrando. Escuch\u00f3 m\u00fasica y le pregunt\u00f3 al criado de su padre que hab\u00eda salido a su encuentro: \u201c\u00bfQu\u00e9 est\u00e1 pasando en la ciudad?\u201d<\/p>\n\n\n\n<p>El sirviente dijo: \u201cEs por qu\u00e9, tu hermano ha regresado. Desde que regres\u00f3, han estado celebrando su regreso.\u201d<\/p>\n\n\n\n<p>Algunos de nosotros somos como aquellos que se regocijaron al ver que el joven volv\u00eda. Pero el hijo mayor odiaba a su hermano menor. Ten\u00eda la actitud equivocada porque lo odiaba. Pero su padre no lo odiaba.<\/p>\n\n\n\n<p>Y as\u00ed es como est\u00e1 <em>Dupade<\/em> hoy, \u00e9l no nos odia. \u00c9l quiere que todos crean en \u00e9l, hombres, mujeres, todos nosotros. Recuerda que don Pablo nos ense\u00f1\u00f3 sobre esto y dijo: \u201cNo esperes hasta que seas viejo, sino que acude r\u00e1pidamente a <em>Dupade<\/em> y cree en el.<\/p>\n\n\n\n<p>Alguien podr\u00eda decir:\n&#8216;Oh, lo creer\u00e9 r\u00e1pidamente cuando sea un hombre adulto o mayor, o tal vez\nincluso el pr\u00f3ximo a\u00f1o&#8217;. <\/p>\n\n\n\n<p>Pero deber\u00eda preguntarse a s\u00ed mismo: &#8216;\u00bfPero \u00bfqu\u00e9 pasa si muero antes? Existe la posibilidad de que yo pueda morir antes de eso. \u00bfQu\u00e9 pasa si muero en mis pecados y voy al lago de fuego?<br><br>Es bueno que est\u00e9 vivo hoy. Y bueno si alguien cree mientras todav\u00eda est\u00e1 vivo. Algunas personas realmente creen que creer\u00e1n el pr\u00f3ximo a\u00f1o. \u00bfPero qui\u00e9n sabe algo sobre el pr\u00f3ximo a\u00f1o? No podemos saber si moriremos antes del pr\u00f3ximo a\u00f1o. No sabemos si llegaremos al pr\u00f3ximo a\u00f1o. Mejor prestar atenci\u00f3n a lo que dice la <em>Palabra de<\/em> <em>Dupade<\/em> en este momento. <em>(Hebreos 3:7-8)<\/em><br><br><em>Dupade<\/em> es un asombroso <em>Dupade<\/em>, pero nos ama a la gente com\u00fan. \u00c9l nos quiere. No s\u00e9 cu\u00e1nto tiempo vivir\u00e9. Podr\u00eda morir ma\u00f1ana, mientras que algunos de mis compa\u00f1eros <em>ayoreos<\/em> no conocen la <em>Palabra de<\/em> <em>Dupade<\/em>. Necesitamos decirles a nuestros compa\u00f1eros <em>ayoreos<\/em> acerca de Jes\u00fas para que <em>Dupade<\/em> pueda salvarlos tambi\u00e9n. No s\u00e9 cu\u00e1ndo morir\u00e9, ninguno de nosotros sabe el d\u00eda en que morir\u00e1. Solo <em>Dupade<\/em> lo sabe, porque \u00e9l sabe todas las cosas.<\/p>\n\n\n\n<p><strong><em>Oraci\u00f3n final:<\/em><\/strong><br><em>Dupade<\/em>, ay\u00fadanos. Oron\u00e9 nos ha hablado de tu <em>Palabra<\/em> y todos estamos contentos con eso. <\/p>\n\n\n\n<p>Cuando don Len y\nellos se vayan, prot\u00e9jalos en el viaje en tren a su pueblo. Ayuda a Chagaide y\nsu hijo, y los dem\u00e1s en Rinc\u00f3n a recordarnos en oraci\u00f3n. <em>Yoqui-Dupade<\/em>, siempre nos vigilas en todo el mundo. Ayuda a\nIguijnam\u00fain\u00e9 y su gente. Ayuda a los hombres que est\u00e1n teniendo problemas con\nsus esposas. Pero <em>Dupade<\/em>, habla con\nsus corazones. Ayuda a David\u00e9 y a su gente a orar por nosotros tambi\u00e9n. Ayuda a\nPajei y a los dem\u00e1s a regresar con sus esposas y no equivocarse. Que las\nmujeres te buscaran para ayudarlos a sus maridos. <em>Yoqui-Dupade<\/em>, rezo por don Fernando tambi\u00e9n. Don Fernando ha\nmaltratado a las personas en su pueblo. <em>Yoqui-Dupade<\/em>,\nayuda a los que maltratan a sus esposas a detener sus feos modales. Te pido por\nalgunas de las mujeres que est\u00e1n avergonzadas de participar en las reuniones;\nvelar por ellas y ayudarlas a dejar de ser t\u00edmidos y orar por nosotros tambi\u00e9n.\nRezo por David\u00e9, Eruid\u00e9 y ellos, porque es verdad que nunca dudan de tu <em>Palabra.<\/em> Rezo por la salud de Ipeyai y\nsu gente, <em>Yoqui-Dupade<\/em>. Nos escuchas\ncuando rezamos porque no dudamos de ti. Porque no dudamos de ti, no dudes de\nnosotros. Somos sinceros contigo, <em>Yoqui-Dupade<\/em>.\nRezo nuevamente por los hombres en Rinc\u00f3n y les pido que tambi\u00e9n oren por\nnosotros. Am\u00e9n.<\/p>\n\n\n\n<p><strong><span style=\"text-decoration: underline;\">Clave:<\/span><\/strong><br>Dupade \u2013 Dios<br>Yoqui-Dupade \u2013 Nuestro Dios<br>Ayoreos \u2013 Gente del tribu ayor\u00e9<br>Coj\u00f1one \u2013 Gente no del tribu ayor\u00e9<\/p>\n\n\n\n<p><em>Oron\u00e9 \u2013 Rinc\u00f3n de Tigre, Bolivia \u2013 1970<\/em><br><em>Transcrito y traducido a espa\u00f1ol por: Maxine Morarie<\/em><\/p>\n\n\n<div class=\"navigation\"><div class=\"alignleft\"><a href=\"https:\/\/ayore.org\/es\/cultura\/ensenanzas\/jorgede-la-palabra-de-dupade-es-verdadera\/\"title=\"Jorgede\u0301 \u2013 La Palabra de Dupade es verdadera\"><img loading=\"lazy\" decoding=\"async\" src=\"https:\/\/ayore.org\/wp-content\/uploads\/2018\/10\/left-arrow.png\" width=\"50\" height=\"48\" alt=\"left arrow\"><\/a><\/div><div class=\"alignright\"><a href=\"https:\/\/ayore.org\/es\/cultura\/ensenanzas\/orone-rapidamente-crei-en-dupade\/\"title=\"Orone\u0301 \u2013 R\u00e1pidamente cre\u00ed en Dupade\"><img loading=\"lazy\" decoding=\"async\" src=\"https:\/\/ayore.org\/wp-content\/uploads\/2018\/10\/right-arrow.png\" width=\"50\" height=\"48\" alt=\"right arrow\"><\/a><\/div>\n","protected":false},"excerpt":{"rendered":"<p>Yique u yoquij\u00f5rai Pablo acajnaquei La palabra de Dupade en forma escrita fue dada para ense\u00f1ar a las personas:De ese libro, las personas han aprendido sobre Dupade, y luego nos han ense\u00f1ado a nosotros. Cuando don Pablo nos ense\u00f1\u00f3, nos<\/p>\n","protected":false},"author":5,"featured_media":0,"parent":298,"menu_order":0,"comment_status":"closed","ping_status":"closed","template":"","meta":{"footnotes":""},"class_list":["post-4077","page","type-page","status-publish","hentry"],"yoast_head":"<!-- This site is optimized with the Yoast SEO plugin v27.4 - https:\/\/yoast.com\/product\/yoast-seo-wordpress\/ -->\n<title>Orone\u0301 \u2013 La ense\u00f1anza de Pablo es dif\u00edcil de entender &#8226; AYORE.ORG<\/title>\n<meta name=\"robots\" content=\"index, follow, max-snippet:-1, max-image-preview:large, max-video-preview:-1\" \/>\n<link rel=\"canonical\" href=\"https:\/\/ayore.org\/es\/cultura\/ensenanzas\/orone-la-ensenanza-de-pablo-es-dificil-de-entender\/\" \/>\n<meta property=\"og:locale\" content=\"es_ES\" \/>\n<meta property=\"og:type\" content=\"article\" \/>\n<meta property=\"og:title\" content=\"Orone\u0301 \u2013 La ense\u00f1anza de Pablo es dif\u00edcil de entender &#8226; AYORE.ORG\" \/>\n<meta property=\"og:description\" content=\"Yique u yoquij\u00f5rai Pablo acajnaquei La palabra de Dupade en forma escrita fue dada para ense\u00f1ar a las personas:De ese libro, las personas han aprendido sobre Dupade, y luego nos han ense\u00f1ado a nosotros. Cuando don Pablo nos ense\u00f1\u00f3, nos\" \/>\n<meta property=\"og:url\" content=\"https:\/\/ayore.org\/es\/cultura\/ensenanzas\/orone-la-ensenanza-de-pablo-es-dificil-de-entender\/\" \/>\n<meta property=\"og:site_name\" content=\"AYORE.ORG\" \/>\n<meta property=\"article:modified_time\" content=\"2019-05-25T01:01:11+00:00\" \/>\n<meta name=\"twitter:card\" content=\"summary_large_image\" \/>\n<meta name=\"twitter:label1\" content=\"Tiempo de lectura\" \/>\n\t<meta name=\"twitter:data1\" content=\"10 minutos\" \/>\n<script type=\"application\/ld+json\" class=\"yoast-schema-graph\">{\"@context\":\"https:\\\/\\\/schema.org\",\"@graph\":[{\"@type\":\"WebPage\",\"@id\":\"https:\\\/\\\/ayore.org\\\/es\\\/cultura\\\/ensenanzas\\\/orone-la-ensenanza-de-pablo-es-dificil-de-entender\\\/\",\"url\":\"https:\\\/\\\/ayore.org\\\/es\\\/cultura\\\/ensenanzas\\\/orone-la-ensenanza-de-pablo-es-dificil-de-entender\\\/\",\"name\":\"Orone\u0301 \u2013 La ense\u00f1anza de Pablo es dif\u00edcil de entender &#8226; AYORE.ORG\",\"isPartOf\":{\"@id\":\"https:\\\/\\\/ayore.org\\\/#website\"},\"datePublished\":\"2019-05-25T01:01:09+00:00\",\"dateModified\":\"2019-05-25T01:01:11+00:00\",\"breadcrumb\":{\"@id\":\"https:\\\/\\\/ayore.org\\\/es\\\/cultura\\\/ensenanzas\\\/orone-la-ensenanza-de-pablo-es-dificil-de-entender\\\/#breadcrumb\"},\"inLanguage\":\"es-AR\",\"potentialAction\":[{\"@type\":\"ReadAction\",\"target\":[\"https:\\\/\\\/ayore.org\\\/es\\\/cultura\\\/ensenanzas\\\/orone-la-ensenanza-de-pablo-es-dificil-de-entender\\\/\"]}]},{\"@type\":\"BreadcrumbList\",\"@id\":\"https:\\\/\\\/ayore.org\\\/es\\\/cultura\\\/ensenanzas\\\/orone-la-ensenanza-de-pablo-es-dificil-de-entender\\\/#breadcrumb\",\"itemListElement\":[{\"@type\":\"ListItem\",\"position\":1,\"name\":\"Inicio\",\"item\":\"https:\\\/\\\/ayore.org\\\/es\\\/\"},{\"@type\":\"ListItem\",\"position\":2,\"name\":\"Cultura\",\"item\":\"https:\\\/\\\/ayore.org\\\/es\\\/cultura\\\/\"},{\"@type\":\"ListItem\",\"position\":3,\"name\":\"Ense\u00f1anzas\",\"item\":\"https:\\\/\\\/ayore.org\\\/es\\\/cultura\\\/ensenanzas\\\/\"},{\"@type\":\"ListItem\",\"position\":4,\"name\":\"Orone\u0301 \u2013 La ense\u00f1anza de Pablo es dif\u00edcil de entender\"}]},{\"@type\":\"WebSite\",\"@id\":\"https:\\\/\\\/ayore.org\\\/#website\",\"url\":\"https:\\\/\\\/ayore.org\\\/\",\"name\":\"AYORE.ORG\",\"description\":\"Idioma, Cultura e Historia de la Tribu Ayor\u00e9\",\"potentialAction\":[{\"@type\":\"SearchAction\",\"target\":{\"@type\":\"EntryPoint\",\"urlTemplate\":\"https:\\\/\\\/ayore.org\\\/?s={search_term_string}\"},\"query-input\":{\"@type\":\"PropertyValueSpecification\",\"valueRequired\":true,\"valueName\":\"search_term_string\"}}],\"inLanguage\":\"es-AR\"}]}<\/script>\n<!-- \/ Yoast SEO plugin. -->","yoast_head_json":{"title":"Orone\u0301 \u2013 La ense\u00f1anza de Pablo es dif\u00edcil de entender &#8226; AYORE.ORG","robots":{"index":"index","follow":"follow","max-snippet":"max-snippet:-1","max-image-preview":"max-image-preview:large","max-video-preview":"max-video-preview:-1"},"canonical":"https:\/\/ayore.org\/es\/cultura\/ensenanzas\/orone-la-ensenanza-de-pablo-es-dificil-de-entender\/","og_locale":"es_ES","og_type":"article","og_title":"Orone\u0301 \u2013 La ense\u00f1anza de Pablo es dif\u00edcil de entender &#8226; AYORE.ORG","og_description":"Yique u yoquij\u00f5rai Pablo acajnaquei La palabra de Dupade en forma escrita fue dada para ense\u00f1ar a las personas:De ese libro, las personas han aprendido sobre Dupade, y luego nos han ense\u00f1ado a nosotros. Cuando don Pablo nos ense\u00f1\u00f3, nos","og_url":"https:\/\/ayore.org\/es\/cultura\/ensenanzas\/orone-la-ensenanza-de-pablo-es-dificil-de-entender\/","og_site_name":"AYORE.ORG","article_modified_time":"2019-05-25T01:01:11+00:00","twitter_card":"summary_large_image","twitter_misc":{"Tiempo de lectura":"10 minutos"},"schema":{"@context":"https:\/\/schema.org","@graph":[{"@type":"WebPage","@id":"https:\/\/ayore.org\/es\/cultura\/ensenanzas\/orone-la-ensenanza-de-pablo-es-dificil-de-entender\/","url":"https:\/\/ayore.org\/es\/cultura\/ensenanzas\/orone-la-ensenanza-de-pablo-es-dificil-de-entender\/","name":"Orone\u0301 \u2013 La ense\u00f1anza de Pablo es dif\u00edcil de entender &#8226; AYORE.ORG","isPartOf":{"@id":"https:\/\/ayore.org\/#website"},"datePublished":"2019-05-25T01:01:09+00:00","dateModified":"2019-05-25T01:01:11+00:00","breadcrumb":{"@id":"https:\/\/ayore.org\/es\/cultura\/ensenanzas\/orone-la-ensenanza-de-pablo-es-dificil-de-entender\/#breadcrumb"},"inLanguage":"es-AR","potentialAction":[{"@type":"ReadAction","target":["https:\/\/ayore.org\/es\/cultura\/ensenanzas\/orone-la-ensenanza-de-pablo-es-dificil-de-entender\/"]}]},{"@type":"BreadcrumbList","@id":"https:\/\/ayore.org\/es\/cultura\/ensenanzas\/orone-la-ensenanza-de-pablo-es-dificil-de-entender\/#breadcrumb","itemListElement":[{"@type":"ListItem","position":1,"name":"Inicio","item":"https:\/\/ayore.org\/es\/"},{"@type":"ListItem","position":2,"name":"Cultura","item":"https:\/\/ayore.org\/es\/cultura\/"},{"@type":"ListItem","position":3,"name":"Ense\u00f1anzas","item":"https:\/\/ayore.org\/es\/cultura\/ensenanzas\/"},{"@type":"ListItem","position":4,"name":"Orone\u0301 \u2013 La ense\u00f1anza de Pablo es dif\u00edcil de entender"}]},{"@type":"WebSite","@id":"https:\/\/ayore.org\/#website","url":"https:\/\/ayore.org\/","name":"AYORE.ORG","description":"Idioma, Cultura e Historia de la Tribu Ayor\u00e9","potentialAction":[{"@type":"SearchAction","target":{"@type":"EntryPoint","urlTemplate":"https:\/\/ayore.org\/?s={search_term_string}"},"query-input":{"@type":"PropertyValueSpecification","valueRequired":true,"valueName":"search_term_string"}}],"inLanguage":"es-AR"}]}},"_links":{"self":[{"href":"https:\/\/ayore.org\/es\/wp-json\/wp\/v2\/pages\/4077","targetHints":{"allow":["GET"]}}],"collection":[{"href":"https:\/\/ayore.org\/es\/wp-json\/wp\/v2\/pages"}],"about":[{"href":"https:\/\/ayore.org\/es\/wp-json\/wp\/v2\/types\/page"}],"author":[{"embeddable":true,"href":"https:\/\/ayore.org\/es\/wp-json\/wp\/v2\/users\/5"}],"replies":[{"embeddable":true,"href":"https:\/\/ayore.org\/es\/wp-json\/wp\/v2\/comments?post=4077"}],"version-history":[{"count":2,"href":"https:\/\/ayore.org\/es\/wp-json\/wp\/v2\/pages\/4077\/revisions"}],"predecessor-version":[{"id":4079,"href":"https:\/\/ayore.org\/es\/wp-json\/wp\/v2\/pages\/4077\/revisions\/4079"}],"up":[{"embeddable":true,"href":"https:\/\/ayore.org\/es\/wp-json\/wp\/v2\/pages\/298"}],"wp:attachment":[{"href":"https:\/\/ayore.org\/es\/wp-json\/wp\/v2\/media?parent=4077"}],"curies":[{"name":"wp","href":"https:\/\/api.w.org\/{rel}","templated":true}]}}