{"id":4061,"date":"2019-05-24T23:47:15","date_gmt":"2019-05-24T23:47:15","guid":{"rendered":"https:\/\/ayore.org\/?page_id=4061"},"modified":"2019-05-24T23:47:16","modified_gmt":"2019-05-24T23:47:16","slug":"ipeyai-se-alegran-por-la-palabra-de-dupade","status":"publish","type":"page","link":"https:\/\/ayore.org\/es\/cultura\/ensenanzas\/ipeyai-se-alegran-por-la-palabra-de-dupade\/","title":{"rendered":"Ipeyai \u2013 Se alegran por la Palabra de Dupade"},"content":{"rendered":"\n<p><em>Uacatij\u00e1yome Dupade Uruode iji d\u00e9<\/em><br><br><strong><em>Probablemente Jnan\u00edn\u00e9 les ha ense\u00f1ado lo que les voy a contar:<\/em><\/strong>&nbsp;<br>Estoy feliz de que aqu\u00ed en Rinc\u00f3n se alegran por la Palabra de Dupade:<em> Palabras de Dupade.<\/em> Cuando vaya a otros pueblos, en lugares donde no se re\u00fanen para las <em>Palabras <\/em>de <em>Dupade<\/em>, voy a contarles sobre ustedes.<\/p>\n\n\n\n<p><strong><em>Balaam y su burro: <\/em><\/strong><em>(N\u00fameros 22: 21-34)<\/em><br>Les contar\u00e9 un poco acerca de un burro que de repente habl\u00f3 con su due\u00f1o. Pero al principio, el due\u00f1o del burro dudaba de su burro y estaba enojado con \u00e9l. Pero el burro pod\u00eda ver un \u00e1ngel de <em>Dupade<\/em> enfrente de ellos y fue en otra direcci\u00f3n. Pero el due\u00f1o no pudo ver al \u00e1ngel. Su mente estaba en las cosas que ten\u00eda que hacer. Probablemente hayan escuchado algo sobre esto cuando se los ense\u00f1aron.<\/p>\n\n\n\n<p><strong><em>Tambi\u00e9n ense\u00f1\u00e9 a la gente en Tobit\u00e9 sobre esta historia:<\/em><\/strong><br>Les cont\u00e9 un poco sobre Balaam y su burro, pero no lo creer\u00edan. Dudaron de mis <em>Palabra<\/em>s. Algunos de los hombres dijeron: &#8220;\u00bfPor qu\u00e9 se levantar\u00edan ante nosotros aqu\u00ed en Tobit\u00e9 y ense\u00f1ar\u00edan tal cosa? Nada vendr\u00eda de una ense\u00f1anza como esta delante de nosotros &#8220;.<br><br>Pero les dije: &#8220;Ten fe en <em>Dupade<\/em> y entonces todos lo creeremos. Saben que <em>Dupade<\/em> volver\u00e1 &#8220;.<\/p>\n\n\n\n<p>Les dije que deber\u00edan\ncreer las <em>Palabra<\/em>s de <em>Dupade<\/em> porque al principio <em>Dupade<\/em> hizo la tierra, tal como hab\u00edan\nescuchado de la boca de sus otros maestros. <\/p>\n\n\n\n<p>Hubo dos que fueron m\u00e1s vocales al dudar de m\u00ed. Uno de ellos fue Ayoi. El otro era Ichorai.<br><br>Dije: &#8220;Que ninguno de ustedes sufra m\u00e1s adelante por su incredulidad &#8220;. &nbsp;&nbsp;&nbsp;&nbsp;&nbsp; <br><br>Les dije otras cosas. Pero despu\u00e9s atacaron a B\u00e9tid\u00e9 cuyo otro nombre es Ayoi. Probablemente saben todo sobre esto.<br><br>Luego or\u00e9 con ellos nuevamente. Les dije: &#8220;Ay\u00fadalo, si es tu voluntad, a vivir, porque realmente duda de tus <em>Palabra<\/em>s&#8221;.<br><br>Y \u00e9l comenz\u00f3 a revivir. M\u00e1s tarde, les cont\u00e9 un poco m\u00e1s sobre las <em>Palabra<\/em>s de <em>Dupade<\/em> y \u00e9l dijo: &#8220;Probablemente sea cierto que <em>Dupade<\/em> existe, porque podr\u00eda haber sido asesinado&#8221;, dijo, &#8220;tengo que arrastrarme&#8221;. No pudo caminar y tuvo que arrastrarse por el suelo.<\/p>\n\n\n\n<p><strong><em>Pedro, Juan y el cojo: <\/em><\/strong><em>(Hechos 3: 1-8)<\/em><br>Fue as\u00ed cuando un hombre cojo obedeci\u00f3 las \u00f3rdenes de Juan y Pedro y camin\u00f3. Probablemente conozcan esa historia. Iban a una reuni\u00f3n en el templo, pero probablemente ya lo sab\u00edan. Y se encontraron con un hombre cojo, que, como saben, no pod\u00eda caminar, y apenas pod\u00eda gatear. Y cuando lo alcanzaron, \u00e9l dijo: &#8220;\u00bfA d\u00f3nde van?&#8221; Y luego comenz\u00f3 a mendigar. \u00c9l dijo: &#8220;Dame algo de tu dinero&#8221;.<\/p>\n\n\n\n<p>&nbsp;Pero Peter dijo: &#8220;\u00a1Como si tuviera dinero!&#8221;<\/p>\n\n\n\n<p>&nbsp;&nbsp;&#8220;Pero si no tienes dinero, entonces solo dame algo para comer&#8221;, dijo.<\/p>\n\n\n\n<p>(Solo te estoy contando partes de la historia. Pero cuando lo ense\u00f1\u00e9 antes, mi ense\u00f1anza fue m\u00e1s larga, pero acortar\u00e9 mi ense\u00f1anza para ustedes que est\u00e1n aqu\u00ed). <br><br>Justo como Pedro or\u00f3 por el hombre cojo, or\u00e9 por B\u00e9tid\u00e9, a quien pueden conocer como Ayoi, el que tambi\u00e9n tuvo que gatear.<br><br>B\u00e9tid\u00e9 generalmente est\u00e1 bien ahora. \u00c9l va a escuchar las <em>Palabra<\/em>s de <em>Dupade<\/em>. Y en su mayor parte \u00e9l es feliz.<br><br>Dice que Juan y Pedro le dijeron al hombre cojo: &#8220;Voy a darte algo muy hermoso&#8221;.<br><br>Probablemente sabes todo acerca de *Mateo en nuestro pueblo que naci\u00f3 lisiado. Fue lo mismo con ese hombre cojo, era como Mateo. Le dijeron: &#8220;Te vamos a dar algo hermoso que tenemos. Y esa cosa hermosa es el nombre de Jesucristo &#8220;.<br><br>Se estaban refiriendo al poder de Jes\u00fas que podr\u00eda sanar a la gente. Jes\u00fas les hab\u00eda dado su poder para que pudieran sanar a sus semejantes con el. Y lo agarraron del brazo y lo ayudaron a pararse, y usted sabe lo que sucedi\u00f3 a continuaci\u00f3n porque ya han escuchado la historia de aquellos que ense\u00f1an las <em>Palabras<\/em> de <em>Dupade<\/em>.<br><br>Esta ense\u00f1anza m\u00eda es corta, pero estoy tan agradecida de que <em>Dupade<\/em> nos ayude ahora mismo. \u00c9l ayuda a aquellos de ustedes a quienes les estoy ense\u00f1ando esta peque\u00f1a historia.<\/p>\n\n\n\n<p><strong><em>Le cont\u00e9 esta historia en Pail\u00f3n:<\/em><\/strong><br>Le cont\u00e9 esta historia en Pail\u00f3n, pero Dug\u00faid\u00e9 dijo: &#8220;Siempre es as\u00ed con algunos de nosotros ayoreos, creen que realmente saben c\u00f3mo predicar, pero hablan en vano&#8221;.<\/p>\n\n\n\n<p><strong><em>Rinc\u00f3ngosode han superado a todos:<\/em><\/strong><br>Ustedes creyentes aqu\u00ed en Rinc\u00f3n nos han superado a todos. No estamos siguiendo la <em>Palabra<\/em> de <em>Dupade<\/em> en Tobit\u00e9 en este momento. Seguimos reuni\u00e9ndonos, y ense\u00f1amos, pero solo aparecer\u00e1n tres. Pero aqu\u00ed el lugar est\u00e1 lleno de gente. All\u00ed, solo cuatro o cinco a lo m\u00e1s vienen a veces. Siempre invito a la gente a venir, pero nadie responde. Est\u00e1n llenos de dudas. <\/p>\n\n\n\n<p>Pero hay dos mujeres en nuestro pueblo que vienen a escucharme. Uno de ellos es la que sol\u00edas conocer como Timingue hace mucho tiempo. Ella es fiel para venir a escucharme, y tambi\u00e9n lo hace Eruidat\u00e9. Dapur\u00e9 es la otra que nunca deja de aparecer para escuchar las <em>Palabra<\/em>s de <em>Dupade<\/em>. Con frecuencia Dapur\u00e9 ora por ustedes aqu\u00ed en Rinc\u00f3n en las reuniones de la ma\u00f1ana y la noche.<br><br><strong><em>Esta es toda mi ense\u00f1anza para ustedes:<\/em><\/strong><br>S\u00e9 que es un mensaje corto. A veces tengo mensajes m\u00e1s largos, pero esta es toda mi ense\u00f1anza por ahora. No quer\u00eda tomar demasiado tiempo, es por eso.<br><br>Pero recuerda siempre que el nombre de Jes\u00fas es muy hermoso. Y recuerda que hay poder en su nombre<em>. (Filipenses 2: 9-11)<\/em><br><br>* Mateo era el hijo de Ecarai y Tomasa que naci\u00f3 lisiado hace mucho tiempo y nunca camin\u00f3 en absoluto. <\/p>\n\n\n\n<p><strong><span style=\"text-decoration: underline;\">Clave:<\/span><\/strong><br>Dupade \u2013 Dios<br>Las Palabras de Dupade \u2013 Biblia, la Palabra de Dios<br><br><em>Ipeyai \u2013 Rinc\u00f3n de Tigre -1970<\/em><br><em>Transcrito y traducido por Maxine Morarie<\/em><\/p>\n\n\n<div class=\"navigation\"><div class=\"alignleft\"><a href=\"https:\/\/ayore.org\/es\/cultura\/ensenanzas\/ipeyai-rezo-por-los-ayoreos-en-todo-el-mundo\/\"title=\"Ipeyai \u2013 Rezo por los ayoreos en todo el mundo\"><img loading=\"lazy\" decoding=\"async\" src=\"https:\/\/ayore.org\/wp-content\/uploads\/2018\/10\/left-arrow.png\" width=\"50\" height=\"48\" alt=\"left arrow\"><\/a><\/div><div class=\"alignright\"><a href=\"https:\/\/ayore.org\/es\/cultura\/ensenanzas\/jorgede-la-palabra-de-dupade-es-verdadera\/\"title=\"Jorgede\u0301 \u2013 La Palabra de Dupade es verdadera\"><img loading=\"lazy\" decoding=\"async\" src=\"https:\/\/ayore.org\/wp-content\/uploads\/2018\/10\/right-arrow.png\" width=\"50\" height=\"48\" alt=\"right arrow\"><\/a><\/div>\n","protected":false},"excerpt":{"rendered":"<p>Uacatij\u00e1yome Dupade Uruode iji d\u00e9 Probablemente Jnan\u00edn\u00e9 les ha ense\u00f1ado lo que les voy a contar:&nbsp;Estoy feliz de que aqu\u00ed en Rinc\u00f3n se alegran por la Palabra de Dupade: Palabras de Dupade. Cuando vaya a otros pueblos, en lugares donde<\/p>\n","protected":false},"author":5,"featured_media":0,"parent":298,"menu_order":0,"comment_status":"closed","ping_status":"closed","template":"","meta":{"footnotes":""},"class_list":["post-4061","page","type-page","status-publish","hentry"],"yoast_head":"<!-- This site is optimized with the Yoast SEO plugin v27.4 - https:\/\/yoast.com\/product\/yoast-seo-wordpress\/ -->\n<title>Ipeyai \u2013 Se alegran por la Palabra de Dupade &#8226; AYORE.ORG<\/title>\n<meta name=\"robots\" content=\"index, follow, max-snippet:-1, max-image-preview:large, max-video-preview:-1\" \/>\n<link rel=\"canonical\" href=\"https:\/\/ayore.org\/es\/cultura\/ensenanzas\/ipeyai-se-alegran-por-la-palabra-de-dupade\/\" \/>\n<meta property=\"og:locale\" content=\"es_ES\" \/>\n<meta property=\"og:type\" content=\"article\" \/>\n<meta property=\"og:title\" content=\"Ipeyai \u2013 Se alegran por la Palabra de Dupade &#8226; AYORE.ORG\" \/>\n<meta property=\"og:description\" content=\"Uacatij\u00e1yome Dupade Uruode iji d\u00e9 Probablemente Jnan\u00edn\u00e9 les ha ense\u00f1ado lo que les voy a contar:&nbsp;Estoy feliz de que aqu\u00ed en Rinc\u00f3n se alegran por la Palabra de Dupade: Palabras de Dupade. Cuando vaya a otros pueblos, en lugares donde\" \/>\n<meta property=\"og:url\" content=\"https:\/\/ayore.org\/es\/cultura\/ensenanzas\/ipeyai-se-alegran-por-la-palabra-de-dupade\/\" \/>\n<meta property=\"og:site_name\" content=\"AYORE.ORG\" \/>\n<meta property=\"article:modified_time\" content=\"2019-05-24T23:47:16+00:00\" \/>\n<meta name=\"twitter:card\" content=\"summary_large_image\" \/>\n<meta name=\"twitter:label1\" content=\"Tiempo de lectura\" \/>\n\t<meta name=\"twitter:data1\" content=\"5 minutos\" \/>\n<script type=\"application\/ld+json\" class=\"yoast-schema-graph\">{\"@context\":\"https:\\\/\\\/schema.org\",\"@graph\":[{\"@type\":\"WebPage\",\"@id\":\"https:\\\/\\\/ayore.org\\\/es\\\/cultura\\\/ensenanzas\\\/ipeyai-se-alegran-por-la-palabra-de-dupade\\\/\",\"url\":\"https:\\\/\\\/ayore.org\\\/es\\\/cultura\\\/ensenanzas\\\/ipeyai-se-alegran-por-la-palabra-de-dupade\\\/\",\"name\":\"Ipeyai \u2013 Se alegran por la Palabra de Dupade &#8226; AYORE.ORG\",\"isPartOf\":{\"@id\":\"https:\\\/\\\/ayore.org\\\/#website\"},\"datePublished\":\"2019-05-24T23:47:15+00:00\",\"dateModified\":\"2019-05-24T23:47:16+00:00\",\"breadcrumb\":{\"@id\":\"https:\\\/\\\/ayore.org\\\/es\\\/cultura\\\/ensenanzas\\\/ipeyai-se-alegran-por-la-palabra-de-dupade\\\/#breadcrumb\"},\"inLanguage\":\"es-AR\",\"potentialAction\":[{\"@type\":\"ReadAction\",\"target\":[\"https:\\\/\\\/ayore.org\\\/es\\\/cultura\\\/ensenanzas\\\/ipeyai-se-alegran-por-la-palabra-de-dupade\\\/\"]}]},{\"@type\":\"BreadcrumbList\",\"@id\":\"https:\\\/\\\/ayore.org\\\/es\\\/cultura\\\/ensenanzas\\\/ipeyai-se-alegran-por-la-palabra-de-dupade\\\/#breadcrumb\",\"itemListElement\":[{\"@type\":\"ListItem\",\"position\":1,\"name\":\"Inicio\",\"item\":\"https:\\\/\\\/ayore.org\\\/es\\\/\"},{\"@type\":\"ListItem\",\"position\":2,\"name\":\"Cultura\",\"item\":\"https:\\\/\\\/ayore.org\\\/es\\\/cultura\\\/\"},{\"@type\":\"ListItem\",\"position\":3,\"name\":\"Ense\u00f1anzas\",\"item\":\"https:\\\/\\\/ayore.org\\\/es\\\/cultura\\\/ensenanzas\\\/\"},{\"@type\":\"ListItem\",\"position\":4,\"name\":\"Ipeyai \u2013 Se alegran por la Palabra de Dupade\"}]},{\"@type\":\"WebSite\",\"@id\":\"https:\\\/\\\/ayore.org\\\/#website\",\"url\":\"https:\\\/\\\/ayore.org\\\/\",\"name\":\"AYORE.ORG\",\"description\":\"Idioma, Cultura e Historia de la Tribu Ayor\u00e9\",\"potentialAction\":[{\"@type\":\"SearchAction\",\"target\":{\"@type\":\"EntryPoint\",\"urlTemplate\":\"https:\\\/\\\/ayore.org\\\/?s={search_term_string}\"},\"query-input\":{\"@type\":\"PropertyValueSpecification\",\"valueRequired\":true,\"valueName\":\"search_term_string\"}}],\"inLanguage\":\"es-AR\"}]}<\/script>\n<!-- \/ Yoast SEO plugin. -->","yoast_head_json":{"title":"Ipeyai \u2013 Se alegran por la Palabra de Dupade &#8226; AYORE.ORG","robots":{"index":"index","follow":"follow","max-snippet":"max-snippet:-1","max-image-preview":"max-image-preview:large","max-video-preview":"max-video-preview:-1"},"canonical":"https:\/\/ayore.org\/es\/cultura\/ensenanzas\/ipeyai-se-alegran-por-la-palabra-de-dupade\/","og_locale":"es_ES","og_type":"article","og_title":"Ipeyai \u2013 Se alegran por la Palabra de Dupade &#8226; AYORE.ORG","og_description":"Uacatij\u00e1yome Dupade Uruode iji d\u00e9 Probablemente Jnan\u00edn\u00e9 les ha ense\u00f1ado lo que les voy a contar:&nbsp;Estoy feliz de que aqu\u00ed en Rinc\u00f3n se alegran por la Palabra de Dupade: Palabras de Dupade. Cuando vaya a otros pueblos, en lugares donde","og_url":"https:\/\/ayore.org\/es\/cultura\/ensenanzas\/ipeyai-se-alegran-por-la-palabra-de-dupade\/","og_site_name":"AYORE.ORG","article_modified_time":"2019-05-24T23:47:16+00:00","twitter_card":"summary_large_image","twitter_misc":{"Tiempo de lectura":"5 minutos"},"schema":{"@context":"https:\/\/schema.org","@graph":[{"@type":"WebPage","@id":"https:\/\/ayore.org\/es\/cultura\/ensenanzas\/ipeyai-se-alegran-por-la-palabra-de-dupade\/","url":"https:\/\/ayore.org\/es\/cultura\/ensenanzas\/ipeyai-se-alegran-por-la-palabra-de-dupade\/","name":"Ipeyai \u2013 Se alegran por la Palabra de Dupade &#8226; AYORE.ORG","isPartOf":{"@id":"https:\/\/ayore.org\/#website"},"datePublished":"2019-05-24T23:47:15+00:00","dateModified":"2019-05-24T23:47:16+00:00","breadcrumb":{"@id":"https:\/\/ayore.org\/es\/cultura\/ensenanzas\/ipeyai-se-alegran-por-la-palabra-de-dupade\/#breadcrumb"},"inLanguage":"es-AR","potentialAction":[{"@type":"ReadAction","target":["https:\/\/ayore.org\/es\/cultura\/ensenanzas\/ipeyai-se-alegran-por-la-palabra-de-dupade\/"]}]},{"@type":"BreadcrumbList","@id":"https:\/\/ayore.org\/es\/cultura\/ensenanzas\/ipeyai-se-alegran-por-la-palabra-de-dupade\/#breadcrumb","itemListElement":[{"@type":"ListItem","position":1,"name":"Inicio","item":"https:\/\/ayore.org\/es\/"},{"@type":"ListItem","position":2,"name":"Cultura","item":"https:\/\/ayore.org\/es\/cultura\/"},{"@type":"ListItem","position":3,"name":"Ense\u00f1anzas","item":"https:\/\/ayore.org\/es\/cultura\/ensenanzas\/"},{"@type":"ListItem","position":4,"name":"Ipeyai \u2013 Se alegran por la Palabra de Dupade"}]},{"@type":"WebSite","@id":"https:\/\/ayore.org\/#website","url":"https:\/\/ayore.org\/","name":"AYORE.ORG","description":"Idioma, Cultura e Historia de la Tribu Ayor\u00e9","potentialAction":[{"@type":"SearchAction","target":{"@type":"EntryPoint","urlTemplate":"https:\/\/ayore.org\/?s={search_term_string}"},"query-input":{"@type":"PropertyValueSpecification","valueRequired":true,"valueName":"search_term_string"}}],"inLanguage":"es-AR"}]}},"_links":{"self":[{"href":"https:\/\/ayore.org\/es\/wp-json\/wp\/v2\/pages\/4061","targetHints":{"allow":["GET"]}}],"collection":[{"href":"https:\/\/ayore.org\/es\/wp-json\/wp\/v2\/pages"}],"about":[{"href":"https:\/\/ayore.org\/es\/wp-json\/wp\/v2\/types\/page"}],"author":[{"embeddable":true,"href":"https:\/\/ayore.org\/es\/wp-json\/wp\/v2\/users\/5"}],"replies":[{"embeddable":true,"href":"https:\/\/ayore.org\/es\/wp-json\/wp\/v2\/comments?post=4061"}],"version-history":[{"count":2,"href":"https:\/\/ayore.org\/es\/wp-json\/wp\/v2\/pages\/4061\/revisions"}],"predecessor-version":[{"id":4063,"href":"https:\/\/ayore.org\/es\/wp-json\/wp\/v2\/pages\/4061\/revisions\/4063"}],"up":[{"embeddable":true,"href":"https:\/\/ayore.org\/es\/wp-json\/wp\/v2\/pages\/298"}],"wp:attachment":[{"href":"https:\/\/ayore.org\/es\/wp-json\/wp\/v2\/media?parent=4061"}],"curies":[{"name":"wp","href":"https:\/\/api.w.org\/{rel}","templated":true}]}}