{"id":4048,"date":"2019-05-24T23:09:59","date_gmt":"2019-05-24T23:09:59","guid":{"rendered":"https:\/\/ayore.org\/?page_id=4048"},"modified":"2019-05-24T23:10:01","modified_gmt":"2019-05-24T23:10:01","slug":"ecarai-davide-tu-palabra-nos-dice-lo-que-apruebas","status":"publish","type":"page","link":"https:\/\/ayore.org\/es\/cultura\/ensenanzas\/ecarai-davide-tu-palabra-nos-dice-lo-que-apruebas\/","title":{"rendered":"Ecarai (Davide\u0301) \u2013 Tu Palabra nos dice lo que apruebas"},"content":{"rendered":"\n<p><em>Baruode\nchingo bameserane cucha aja yoc<\/em><strong><em><\/em><\/strong><\/p>\n\n\n\n<p><strong><em>Ecarai abre su mensaje en oraci\u00f3n: <\/em><\/strong><em>(G\u00e1latas 6:6)<\/em><strong><em> <\/em><\/strong>Estoy muy agradecido esta tarde de que tu palabra nos dice lo que tu apruebas. Y nos dice las cosas que no apruebas. Por lo tanto, te agradezco, <em>Yoque Dupade, <\/em>que tengo tu palabra en mi coraz\u00f3n, y que tu poder se est\u00e1 fortaleci\u00e9ndome. <em>Yoque Dupade<\/em>, que la oraci\u00f3n nunca se pierda de mis labios, y que venga de mi coraz\u00f3n y que realmente puedo creer en ti. Responda las solicitudes que te pido en este momento. Pido para que los hombres no se desanimen en su trabajo. <em>Dupade<\/em>, sabemos que cuando una persona que es l\u00edder, su gente escucha lo que dice. Por lo tanto, estoy orando por mis compatriotas que me buscan para el liderazgo, y que me ven como un jefe. Es por eso que te pido que hagas tu voluntad hoy, <em>Yoque Dupade<\/em>, mientras voy con ellos. Dame la fuerza que necesito para viajar,<em> Yoque Dupade<\/em>. Ay\u00fadanos a nosotros que vivimos en Tobit\u00e9 para no olvidar tu palabra. Que no olvidemos las verdades de tu palabra para que podamos compartirlas entre nosotros aqu\u00ed en nuestra aldea. Pido tambi\u00e9n por los misioneros que obedezcan tu palabra para que podamos seguir sus ejemplos. Te pido estas cosas en el nombre de tu hijo Jes\u00fas.&nbsp;<\/p>\n\n\n\n<p><strong><em>Que ayudemos a los siervos de Dupade, porque su trabajo es predicar la palabra de Dupade:<\/em><\/strong><br>Estoy leyendo de las escrituras de San Pablo que \u00e9l escribi\u00f3 a la gente en la ciudad de Galacia. Hab\u00eda un <em>coj\u00f1oi <\/em>all\u00ed que cre\u00eda en <em>Dupade<\/em>. Pero \u00e9l no era un jud\u00edo. Sigui\u00f3 las ense\u00f1anzas de los jud\u00edos, y fue a\u00fan m\u00e1s fiel en servir a <em>Dupade<\/em> que ellos. \u00c9l era m\u00e1s fiel como creyente en Cristo que los otros creyentes. Aunque los otros creyentes eran la gente de <em>Dupade<\/em> y deber\u00edan haber hecho lo que las Palabras de <em>Dupade<\/em> dec\u00edan que hicieran, no siempre lo hac\u00edan. Y decid\u00ed estudiar lo que San Pablo le escribi\u00f3 a la gente en Galacia.<br><br>Llegu\u00e9 a pensar que tal vez entre nosotros <em>ayoreos<\/em> podr\u00eda haber uno m\u00e1s fiel que los misioneros. Si una persona se entrega completamente a <em>Dupade<\/em>, podr\u00eda ser como el hombre gentil que se llamaba Tito. Y luego pens\u00e9, sinceramente, que esto nunca podr\u00eda suceder si la persona no quer\u00eda seguir a <em>Dupade<\/em>. No todos los <em>ayoreos <\/em>quieren seguir <em>la palabra de<\/em> <em>Dupade<\/em>, por supuesto. Pero puede haber uno que sea encontrado incluso m\u00e1s fiel que los misioneros.<br><br>Pablo dijo a Tito: &#8220;Veo que no eres jud\u00edo, pero nos superas a los jud\u00edos en la forma en que sirves a <em>Dupade<\/em>.<br><br><strong><em>Ecarai estaba seguro de que un d\u00eda habr\u00eda un ayor\u00e9 que podr\u00eda ense\u00f1ar mejor que \u00e9l:<\/em><\/strong><br>En alg\u00fan lugar, creo, hay un <em>ayor\u00e9<\/em> que superar\u00e1 a los misioneros, y al resto de los <em>ayoreos <\/em>que sirven a <em>Dupade<\/em>, una persona que nos ense\u00f1ar\u00e1 <em>la palabra de<\/em> <em>Dupade<\/em>. Estoy seguro de eso, pero a\u00fan no se ha mostrado. Por lo tanto, algo me dice que a pesar de que es un <em>ayor\u00e9<\/em>, realmente conocer\u00e1 los caminos de <em>Dupade<\/em>. Ser\u00e1 alguien que se ha entregado a <em>Dupade<\/em> tan completamente, que cuando vea a su compa\u00f1ero<em> ayor\u00e9<\/em>, o su jefe, o el misionero haciendo algo mal, ser\u00e1 capaz de aconsejarlo.<br><br>No estoy diciendo que lo que creemos y lo que los misioneros creen no sea lo mismo. Los misioneros no tienen creencias diferentes a las nuestras. Cuando alg\u00fan <em>ayor\u00e9<\/em> cree en <em>Dupade<\/em>, la fe de esa persona es la misma que la de los misioneros. Los misioneros pueden saber m\u00e1s acerca de <em>la palabra de<\/em> <em>Dupade<\/em> que nosotros, pero su amor por <em>Dupade <\/em>no es mayor que el nuestro.&nbsp;<br><br>Le mostr\u00e9 algunas escrituras de <em>la palabra de<\/em> <em>Dupade<\/em> a don Juan, un misionero que sol\u00eda vivir aqu\u00ed con nosotros en Tobit\u00e9, y compart\u00ed con el lo que les he contado. Don Juan dijo: &#8220;Sin duda hay <em>ayoreos<\/em> que son mucho m\u00e1s grandes en su fe que nosotros los misioneros&#8221;. Y luego dijo: &#8220;Un <em>ayor\u00e9<\/em> puede no saber leer, pero debido a su fe en <em>Dupade<\/em>, <em>Dupade<\/em> le da poder, y su fe puede ser mucho m\u00e1s grande que la nuestra&#8221;.<br><br><strong><em>Tito sirvi\u00f3 a Dupade con Pablo:<\/em><\/strong><br>Pero las cosas que Pablo escribieron acerca de \u00e9l son muy ciertas cuando dijo: &#8220;Eres muy cierto al decir que sigues los caminos de Jes\u00fas&#8221;.<br><br>No s\u00e9 si cuando decimos los caminos de Jes\u00fas, nos referimos al evangelio, pero son lo mismo. Uno de los disc\u00edpulos de Jes\u00fas que vivi\u00f3 hace mucho tiempo har\u00eda viajes para visitar a los creyentes de <em>Dupade<\/em>. Pero no hay nadie en ninguna parte haciendo esto ahora, viajando de noche por el bosque para llevar <em>las Palabras de Dupade<\/em> a la gente, como una aguja cosiendo un hilo. No entre los <em>coj\u00f1one<\/em>, los misioneros, ni los <em>ayoreo<\/em>s. Ya no hay misioneros ni <em>ayoreos<\/em> que se desgastan en las carreteras o se quedan sin comida para llevar <em>la palabra de<\/em> <em>Dupade<\/em> a los dem\u00e1s. Mi est\u00f3mago nunca ha luchado contra el hambre, ni he estado tan cansado de viajar que estaba agotado. Pero los sirvientes de <em>Dupade<\/em> de anta\u00f1o sufrieron de muchas maneras. Pablo sufri\u00f3 muchas cosas, incluyendo el hambre, para predicar <em>las Palabras de<\/em> <em>Dupade<\/em>. (2 Corintios 11: 23-33)<br><br>Lo \u00fanico que le importaba a Pablo en aquellos d\u00edas era su fe en <em>Dupade<\/em>. Es por eso que <em>las Palabras de<\/em> <em>Dupade<\/em> nos dicen que no cedamos a nuestros deseos carnales si somos verdaderos creyentes. Siempre estoy dici\u00e9ndonos que nuestro lado humano siempre trata de obtener lo mejor de nuestro lado espiritual. Pero entreguemos nuestra voluntad a la voluntad de <em>Dupade<\/em> y dejemos que <em>Dupade<\/em> use nuestros cuerpos mientras estamos en este mundo. <em>(Romanos 12:1)<\/em><\/p>\n\n\n\n<p><strong><em>Tito era griego, pero m\u00e1s fuerte en su fe que los cristianos jud\u00edos:<\/em><\/strong>&nbsp;<br>Recuerdo lo que dijo Pablo sobre esa persona: &#8220;\u00bfC\u00f3mo es que Tito no es jud\u00edo, pero su fe es m\u00e1s grande que la de nosotros, los jud\u00edos, y sabe m\u00e1s de <em>la palabra de<\/em> <em>Dupade<\/em>\u201d?<br><br>Y esto es lo que quise decir cuando dije que en alg\u00fan lugar hay un<em> ayor\u00e9<\/em> que es m\u00e1s fiel que los misioneros en su vida, sin hacer nada feo. \u00c9l no se enoja. \u00c9l no roba. \u00c9l nunca pensar\u00eda en difundir mentiras. Y trabajar\u00eda m\u00e1s duro que los misioneros que nos trajeron las <em>Palabras de Dupade<\/em>. <em>Dupade<\/em> podr\u00eda no proporcionarle comida y ropa, pero a\u00fan servir\u00eda a <em>Dupade.<\/em> Le dar\u00eda su cuerpo entero a <em>Dupade<\/em> y <em>Dupade<\/em> lo enviar\u00eda a todo el mundo, y otros de nosotros <em>Ayoreos<\/em> ir\u00edamos con \u00e9l. Nos convertir\u00edamos en los que dan todo de s\u00ed para llevar las <em>Palabras de Dupade<\/em> a los dem\u00e1s. \u00a1Servir\u00edamos a <em>Dupade<\/em> a\u00fan m\u00e1s fielmente que los misioneros le han servido, y los dejar\u00edamos sin palabras!<br><br><strong><em>Aquellos que sirven a Dupade dependen de \u00e9l para suplir sus necesidades:<\/em><\/strong><br>A veces los sirvientes de <em>Dupade<\/em> dependen de <em>Dupade<\/em> para suplir sus necesidades. Otros dependen del trabajo de sus propias manos para su sustento. Algunos viven por fe, dependiendo de su predicaci\u00f3n de <em>las Palabras de Dupade<\/em>. Este tipo de persona nos supera a todos nosotros en este mundo, seamos <em>ayoreos<\/em> o <em>coj\u00f1one<\/em>.<br><br>Sabes que nosotros, los <em>ayoreos<\/em> que servimos a <em>Dupade<\/em>, tenemos dos trabajos. Uno de los trabajos que tenemos es predicar <em>la palabra de<\/em> <em>Dupade<\/em> a los <em>ayoreos<\/em>. Y trabajamos m\u00e1s fuerte que los primeros creyentes. Sobrepasamos a los misioneros que nos trajeron <em>la palabra de<\/em> <em>Dupade<\/em>. Luego salimos a trabajar en nuestra jard\u00edn. Y ese es nuestro segundo trabajo. La persona que tiene dos trabajos sobrepasa los misioneros, porque sigue predicando a pesar de que tambi\u00e9n trabaja en su jard\u00edn, d\u00eda tras d\u00eda. \u00c9l trabaja por cinco d\u00edas. El sexto d\u00eda comienza a prepararse para predicar <em>la palabra de<\/em> <em>Dupade<\/em> al d\u00eda siguiente. \u00c9l quiere agradar a <em>Dupade<\/em>, y entonces estudia <em>la palabra de<\/em> <em>Dupade<\/em>. Y cuando no lo est\u00e1 leyendo, se est\u00e1 ense\u00f1ando a s\u00ed mismo sobre lo que ha estudiado. Y cuando presenta lo que ha preparado, entonces ha completado su segundo trabajo.<br><br>Cuando llegara el momento de reunirse en la casa de <em>Dupade<\/em>, estar\u00eda listo para ense\u00f1ar <em>las Palabras de<\/em> <em>Dupade<\/em>. Su ense\u00f1anza fue preparada con anticipaci\u00f3n. Hab\u00eda meditado sobre eso y sabr\u00eda de qu\u00e9 se trataba la escritura. Pero el lunes todav\u00eda estaba pensando en eso a pesar de que hab\u00eda vuelto al trabajo en su jard\u00edn, su segundo trabajo. Y para ese trabajo no ten\u00eda a nadie que lo ayudara. \u00c9l debe ayudarse a s\u00ed mismo.<\/p>\n\n\n\n<p>Pablo y otros dir\u00edan de Tito: &#8220;\u00bfC\u00f3mo es que \u00e9l no es jud\u00edo, pero \u00e9l nos supera a nosotros los jud\u00edos al seguir a <em>Dupade<\/em>?&#8221;<\/p>\n\n\n\n<p>El <em>ayor\u00e9 <\/em>que predicaba tambi\u00e9n hac\u00eda su jard\u00edn. No s\u00e9 si el hombre del que habl\u00f3 Pablo hizo un jard\u00edn, pero para nosotros <em>ayoreos<\/em>, nuestro sustento proviene de nuestros jardines. Luego llegan los domingos y \u00e9l sirve a sus compatriotas, predicando <em>la palabra de Dupade<\/em>. Si alguno de ustedes sirve a <em>Dupade<\/em> de esta manera, supera al misionero que nos trajo <em>la palabra de Dupade<\/em>, quien sea que sea.<br><br><strong><em>Las propias manos de Pablo le proporcionaron comida y ropa: <\/em><\/strong><em>(Hechos 18:2-4)<\/em><br>El que nos trajo <em>las Palabras de<\/em> <em>Dupade<\/em> hace mucho tiempo no era un<em> ayor\u00e9<\/em>. Al principio no conoc\u00eda nuestro idioma, pero cuando lleg\u00f3 escuch\u00f3 nuestras palabras y nos imit\u00f3. Pero para algunos de nosotros que rechazaron <em>las Palabras de<\/em> <em>Dupade<\/em>, \u00e9l vino por nada. No sab\u00eda qu\u00e9 decir a los que no cre\u00edan, a los que dec\u00edan: &#8220;No creo en <em>Dupade<\/em>. No veo el beneficio en seguir a <em>Dupade<\/em>. Es por eso que no voy a las reuniones para aprender sobre <em>las Palabras de<\/em> <em>Dupade<\/em> &#8220;.<br><br>Pero algunos de nosotros nos hemos beneficiado enormemente de seguir a <em>Dupade<\/em>, y no sabemos qu\u00e9 decirles a aquellos que sienten que no hay beneficio para ellos.<br><br>Pero <em>la palabra de<\/em> <em>Dupade<\/em> habla de aquellos que predican su palabra. Dice: &#8220;La ropa y otras cosas que una persona necesita deben darse a aquellos que sirven a <em>Dupade<\/em>, predicando su palabra&#8221;.<\/p>\n\n\n\n<p>Pero uno de nuestros antepasados \u200b\u200bespirituales llamado Pablo dijo lo siguiente al respecto: &#8220;Todav\u00eda estoy vivo y bien, y he pensado en c\u00f3mo ganarme la vida. S\u00e9 c\u00f3mo trabajar, entonces puedo trabajar tan bien como predicar. Puedo ganar lo suficiente para ayudar a mis amigos y compatriotas. Nuestra ropa y otras cosas que necesitamos, mis manos pueden proporcionar. No dejar\u00e9 toda la responsabilidad en manos de <em>Dupade<\/em> ni pedir\u00e9 a mis compa\u00f1eros creyentes que satisfagan mis necesidades. Aunque a menudo comparten lo que tienen conmigo, tambi\u00e9n depender\u00e9 de mis propias manos &#8220;.<br><br><strong><em>Dupade nos dice que ayudemos a aquellos que predican sus Palabras:<\/em><\/strong><em>1 Timoteo 5: 17-18)<\/em><strong><em>&nbsp;<\/em><\/strong><br>Uno de ustedes podr\u00eda ser como Pablo, pero solo dependes en <em>Dupade<\/em> para lo que necesites. Quieres que <em>Dupade<\/em> est\u00e9 complacido contigo. Tambi\u00e9n quieres que tus compatriotas est\u00e9n contentos contigo y que se involucren en su trabajo ayud\u00e1ndote.<\/p>\n\n\n\n<p>Todav\u00eda sostengo que en alg\u00fan lugar hay uno\nde nosotros <em>ayoreos,<\/em> aunque no sabemos\nqui\u00e9n es, que se convertir\u00e1 en un portador de <em>las Palabras de Dupade<\/em>, y superar\u00e1 a todos los que hemos ido antes.<\/p>\n\n\n\n<p><strong><span style=\"text-decoration: underline;\">Clave:<\/span><\/strong><br><em>Dupade<\/em> &#8211; Dupade<br>Yoque Dupade &#8211; Nuestro Dios<br>Coj\u00f1oi &#8211; Una persona no de la tribuayor\u00e9<br>Coj\u00f1one &#8211; Gente que no es de la tribuayor\u00e9<br>Ayor\u00e9 &#8211; Una persona de la tribuayor\u00e9<br>Ayoreos &#8211; Gente de la tribu ayor\u00e9<br>Portador de las Palabras de Dupade &#8211; Evangelista<\/p>\n\n\n\n<p><em>Ecarai &#8211; Tobit\u00e9, Bolivia &#8211; 1970<\/em><br><em>Transcrito y traducido al espa\u00f1ol por: Maxine Morarie<\/em><\/p>\n\n\n<div class=\"navigation\"><div class=\"alignleft\"><a href=\"https:\/\/ayore.org\/es\/cultura\/ensenanzas\/ecarai-davide-tu-poder-esta-dentro-de-nosotros\/\"title=\"Ecarai (Davide\u0301) \u2013 Tu poder est\u00e1 dentro de nosotros\"><img loading=\"lazy\" decoding=\"async\" src=\"https:\/\/ayore.org\/wp-content\/uploads\/2018\/10\/left-arrow.png\" width=\"50\" height=\"48\" alt=\"left arrow\"><\/a><\/div><div class=\"alignright\"><a href=\"https:\/\/ayore.org\/es\/cultura\/ensenanzas\/ipeyai-rezo-por-los-ayoreos-en-todo-el-mundo\/\"title=\"Ipeyai \u2013 Rezo por los ayoreos en todo el mundo\"><img loading=\"lazy\" decoding=\"async\" src=\"https:\/\/ayore.org\/wp-content\/uploads\/2018\/10\/right-arrow.png\" width=\"50\" height=\"48\" alt=\"right arrow\"><\/a><\/div>\n","protected":false},"excerpt":{"rendered":"<p>Baruode chingo bameserane cucha aja yoc Ecarai abre su mensaje en oraci\u00f3n: (G\u00e1latas 6:6) Estoy muy agradecido esta tarde de que tu palabra nos dice lo que tu apruebas. Y nos dice las cosas que no apruebas. Por lo tanto,<\/p>\n","protected":false},"author":5,"featured_media":0,"parent":298,"menu_order":0,"comment_status":"closed","ping_status":"closed","template":"","meta":{"footnotes":""},"class_list":["post-4048","page","type-page","status-publish","hentry"],"yoast_head":"<!-- This site is optimized with the Yoast SEO plugin v27.4 - https:\/\/yoast.com\/product\/yoast-seo-wordpress\/ -->\n<title>Ecarai (Davide\u0301) \u2013 Tu Palabra nos dice lo que apruebas &#8226; AYORE.ORG<\/title>\n<meta name=\"robots\" content=\"index, follow, max-snippet:-1, max-image-preview:large, max-video-preview:-1\" \/>\n<link rel=\"canonical\" href=\"https:\/\/ayore.org\/es\/cultura\/ensenanzas\/ecarai-davide-tu-palabra-nos-dice-lo-que-apruebas\/\" \/>\n<meta property=\"og:locale\" content=\"es_ES\" \/>\n<meta property=\"og:type\" content=\"article\" \/>\n<meta property=\"og:title\" content=\"Ecarai (Davide\u0301) \u2013 Tu Palabra nos dice lo que apruebas &#8226; AYORE.ORG\" \/>\n<meta property=\"og:description\" content=\"Baruode chingo bameserane cucha aja yoc Ecarai abre su mensaje en oraci\u00f3n: (G\u00e1latas 6:6) Estoy muy agradecido esta tarde de que tu palabra nos dice lo que tu apruebas. Y nos dice las cosas que no apruebas. Por lo tanto,\" \/>\n<meta property=\"og:url\" content=\"https:\/\/ayore.org\/es\/cultura\/ensenanzas\/ecarai-davide-tu-palabra-nos-dice-lo-que-apruebas\/\" \/>\n<meta property=\"og:site_name\" content=\"AYORE.ORG\" \/>\n<meta property=\"article:modified_time\" content=\"2019-05-24T23:10:01+00:00\" \/>\n<meta name=\"twitter:card\" content=\"summary_large_image\" \/>\n<meta name=\"twitter:label1\" content=\"Tiempo de lectura\" \/>\n\t<meta name=\"twitter:data1\" content=\"10 minutos\" \/>\n<script type=\"application\/ld+json\" class=\"yoast-schema-graph\">{\"@context\":\"https:\\\/\\\/schema.org\",\"@graph\":[{\"@type\":\"WebPage\",\"@id\":\"https:\\\/\\\/ayore.org\\\/es\\\/cultura\\\/ensenanzas\\\/ecarai-davide-tu-palabra-nos-dice-lo-que-apruebas\\\/\",\"url\":\"https:\\\/\\\/ayore.org\\\/es\\\/cultura\\\/ensenanzas\\\/ecarai-davide-tu-palabra-nos-dice-lo-que-apruebas\\\/\",\"name\":\"Ecarai (Davide\u0301) \u2013 Tu Palabra nos dice lo que apruebas &#8226; AYORE.ORG\",\"isPartOf\":{\"@id\":\"https:\\\/\\\/ayore.org\\\/#website\"},\"datePublished\":\"2019-05-24T23:09:59+00:00\",\"dateModified\":\"2019-05-24T23:10:01+00:00\",\"breadcrumb\":{\"@id\":\"https:\\\/\\\/ayore.org\\\/es\\\/cultura\\\/ensenanzas\\\/ecarai-davide-tu-palabra-nos-dice-lo-que-apruebas\\\/#breadcrumb\"},\"inLanguage\":\"es-AR\",\"potentialAction\":[{\"@type\":\"ReadAction\",\"target\":[\"https:\\\/\\\/ayore.org\\\/es\\\/cultura\\\/ensenanzas\\\/ecarai-davide-tu-palabra-nos-dice-lo-que-apruebas\\\/\"]}]},{\"@type\":\"BreadcrumbList\",\"@id\":\"https:\\\/\\\/ayore.org\\\/es\\\/cultura\\\/ensenanzas\\\/ecarai-davide-tu-palabra-nos-dice-lo-que-apruebas\\\/#breadcrumb\",\"itemListElement\":[{\"@type\":\"ListItem\",\"position\":1,\"name\":\"Inicio\",\"item\":\"https:\\\/\\\/ayore.org\\\/es\\\/\"},{\"@type\":\"ListItem\",\"position\":2,\"name\":\"Cultura\",\"item\":\"https:\\\/\\\/ayore.org\\\/es\\\/cultura\\\/\"},{\"@type\":\"ListItem\",\"position\":3,\"name\":\"Ense\u00f1anzas\",\"item\":\"https:\\\/\\\/ayore.org\\\/es\\\/cultura\\\/ensenanzas\\\/\"},{\"@type\":\"ListItem\",\"position\":4,\"name\":\"Ecarai (Davide\u0301) \u2013 Tu Palabra nos dice lo que apruebas\"}]},{\"@type\":\"WebSite\",\"@id\":\"https:\\\/\\\/ayore.org\\\/#website\",\"url\":\"https:\\\/\\\/ayore.org\\\/\",\"name\":\"AYORE.ORG\",\"description\":\"Idioma, Cultura e Historia de la Tribu Ayor\u00e9\",\"potentialAction\":[{\"@type\":\"SearchAction\",\"target\":{\"@type\":\"EntryPoint\",\"urlTemplate\":\"https:\\\/\\\/ayore.org\\\/?s={search_term_string}\"},\"query-input\":{\"@type\":\"PropertyValueSpecification\",\"valueRequired\":true,\"valueName\":\"search_term_string\"}}],\"inLanguage\":\"es-AR\"}]}<\/script>\n<!-- \/ Yoast SEO plugin. -->","yoast_head_json":{"title":"Ecarai (Davide\u0301) \u2013 Tu Palabra nos dice lo que apruebas &#8226; AYORE.ORG","robots":{"index":"index","follow":"follow","max-snippet":"max-snippet:-1","max-image-preview":"max-image-preview:large","max-video-preview":"max-video-preview:-1"},"canonical":"https:\/\/ayore.org\/es\/cultura\/ensenanzas\/ecarai-davide-tu-palabra-nos-dice-lo-que-apruebas\/","og_locale":"es_ES","og_type":"article","og_title":"Ecarai (Davide\u0301) \u2013 Tu Palabra nos dice lo que apruebas &#8226; AYORE.ORG","og_description":"Baruode chingo bameserane cucha aja yoc Ecarai abre su mensaje en oraci\u00f3n: (G\u00e1latas 6:6) Estoy muy agradecido esta tarde de que tu palabra nos dice lo que tu apruebas. Y nos dice las cosas que no apruebas. Por lo tanto,","og_url":"https:\/\/ayore.org\/es\/cultura\/ensenanzas\/ecarai-davide-tu-palabra-nos-dice-lo-que-apruebas\/","og_site_name":"AYORE.ORG","article_modified_time":"2019-05-24T23:10:01+00:00","twitter_card":"summary_large_image","twitter_misc":{"Tiempo de lectura":"10 minutos"},"schema":{"@context":"https:\/\/schema.org","@graph":[{"@type":"WebPage","@id":"https:\/\/ayore.org\/es\/cultura\/ensenanzas\/ecarai-davide-tu-palabra-nos-dice-lo-que-apruebas\/","url":"https:\/\/ayore.org\/es\/cultura\/ensenanzas\/ecarai-davide-tu-palabra-nos-dice-lo-que-apruebas\/","name":"Ecarai (Davide\u0301) \u2013 Tu Palabra nos dice lo que apruebas &#8226; AYORE.ORG","isPartOf":{"@id":"https:\/\/ayore.org\/#website"},"datePublished":"2019-05-24T23:09:59+00:00","dateModified":"2019-05-24T23:10:01+00:00","breadcrumb":{"@id":"https:\/\/ayore.org\/es\/cultura\/ensenanzas\/ecarai-davide-tu-palabra-nos-dice-lo-que-apruebas\/#breadcrumb"},"inLanguage":"es-AR","potentialAction":[{"@type":"ReadAction","target":["https:\/\/ayore.org\/es\/cultura\/ensenanzas\/ecarai-davide-tu-palabra-nos-dice-lo-que-apruebas\/"]}]},{"@type":"BreadcrumbList","@id":"https:\/\/ayore.org\/es\/cultura\/ensenanzas\/ecarai-davide-tu-palabra-nos-dice-lo-que-apruebas\/#breadcrumb","itemListElement":[{"@type":"ListItem","position":1,"name":"Inicio","item":"https:\/\/ayore.org\/es\/"},{"@type":"ListItem","position":2,"name":"Cultura","item":"https:\/\/ayore.org\/es\/cultura\/"},{"@type":"ListItem","position":3,"name":"Ense\u00f1anzas","item":"https:\/\/ayore.org\/es\/cultura\/ensenanzas\/"},{"@type":"ListItem","position":4,"name":"Ecarai (Davide\u0301) \u2013 Tu Palabra nos dice lo que apruebas"}]},{"@type":"WebSite","@id":"https:\/\/ayore.org\/#website","url":"https:\/\/ayore.org\/","name":"AYORE.ORG","description":"Idioma, Cultura e Historia de la Tribu Ayor\u00e9","potentialAction":[{"@type":"SearchAction","target":{"@type":"EntryPoint","urlTemplate":"https:\/\/ayore.org\/?s={search_term_string}"},"query-input":{"@type":"PropertyValueSpecification","valueRequired":true,"valueName":"search_term_string"}}],"inLanguage":"es-AR"}]}},"_links":{"self":[{"href":"https:\/\/ayore.org\/es\/wp-json\/wp\/v2\/pages\/4048","targetHints":{"allow":["GET"]}}],"collection":[{"href":"https:\/\/ayore.org\/es\/wp-json\/wp\/v2\/pages"}],"about":[{"href":"https:\/\/ayore.org\/es\/wp-json\/wp\/v2\/types\/page"}],"author":[{"embeddable":true,"href":"https:\/\/ayore.org\/es\/wp-json\/wp\/v2\/users\/5"}],"replies":[{"embeddable":true,"href":"https:\/\/ayore.org\/es\/wp-json\/wp\/v2\/comments?post=4048"}],"version-history":[{"count":2,"href":"https:\/\/ayore.org\/es\/wp-json\/wp\/v2\/pages\/4048\/revisions"}],"predecessor-version":[{"id":4050,"href":"https:\/\/ayore.org\/es\/wp-json\/wp\/v2\/pages\/4048\/revisions\/4050"}],"up":[{"embeddable":true,"href":"https:\/\/ayore.org\/es\/wp-json\/wp\/v2\/pages\/298"}],"wp:attachment":[{"href":"https:\/\/ayore.org\/es\/wp-json\/wp\/v2\/media?parent=4048"}],"curies":[{"name":"wp","href":"https:\/\/api.w.org\/{rel}","templated":true}]}}