{"id":4042,"date":"2019-05-24T22:45:41","date_gmt":"2019-05-24T22:45:41","guid":{"rendered":"https:\/\/ayore.org\/?page_id=4042"},"modified":"2019-05-24T22:45:42","modified_gmt":"2019-05-24T22:45:42","slug":"ecarai-davide-tu-poder-esta-dentro-de-nosotros","status":"publish","type":"page","link":"https:\/\/ayore.org\/es\/cultura\/ensenanzas\/ecarai-davide-tu-poder-esta-dentro-de-nosotros\/","title":{"rendered":"Ecarai (Davide\u0301) \u2013 Tu poder est\u00e1 dentro de nosotros"},"content":{"rendered":"\n<p><em>Bajopi\u00e9\ntu uje d\u00e9ji yocajei<\/em><\/p>\n\n\n\n<p><strong>Ecarai\nora por el viaje que los hombres har\u00edan para trabajar en lugares cerca de Santa\nCruz.<\/strong><\/p>\n\n\n\n<p><strong><em>Estoy agradecido de que tu poder est\u00e9 dentro de nosotros.<\/em><\/strong><br>Estoy muy agradecido de que podamos estudiar tus palabras todos los d\u00edas. Estoy agradecido de que es tu poder lo que tenemos dentro de nosotros. T\u00fa eres quien trabaja en nuestros corazones.<\/p>\n\n\n\n<p><strong><em>Oro para que otros comiencen a pensar en ti:<\/em><\/strong><br>Te estoy muy agradecido esta noche porque, como dijiste que har\u00edas, ahora nos est\u00e1s cuidando a todos. No solo pido por tus creyentes, sino por todos los que estamos en nuestra aldea para que m\u00e1s de ellos tomen la decisi\u00f3n de aceptarte. Perdona sus pecados, <em>Yoqui-Dupade<\/em>, aqu\u00ed en este pueblo. Estar\u00eda triste si tendremos que dejar a algunos de nuestros compatriotas cuando tu vuelvas para nosotros, <em>Yoqui-Dupade<\/em>. Entonces, pido que sus corazones estar\u00e1n abiertos a tus palabras, y que se presentar\u00e1n ante ti para que sean borrados sus pecados.<\/p>\n\n\n\n<p><strong><em>Ayude a las mujeres a no enojarse las unas con las otras:<\/em><\/strong><br>Te agradezco por las mujeres. Realmente ay\u00fadalos ahora mismo para que no tengan <em>entra\u00f1as calientes<\/em> entre ellas cuando nosotros nos vayamos, <em>Yoqui-Dupade<\/em>.<\/p>\n\n\n\n<p>Es por eso que hago mis peticiones a ti, y te estoy muy agradecido por tu poder que est\u00e1 en todas partes del mundo.<\/p>\n\n\n\n<p><strong><em>Quiz\u00e1s otros hombres tambi\u00e9n crean:<\/em><\/strong><br><em>Yoqui-Dupade<\/em>, quiero mencionar las grandes cosas que has hecho por nosotros en el pueblo. S\u00e9 que algunos de nuestros compatriotas no respetan nada, y no sabemos por qu\u00e9. Eres el \u00fanico que puede decidirte por ellos, Dupade. Posiblemente desapruebes sus formas de vivir.<\/p>\n\n\n\n<p>Hemos estudiado tus palabras y te pedimos que derrames lluvia sobre nosotros con frecuencia.<\/p>\n\n\n\n<p>Ay\u00fadanos a los hombres a medida que avanzamos en nuestro camino y ayuda realmente a tus creyentes, as\u00ed como a los que te odian en todo el mundo. Existe la posibilidad de que a\u00fan crean en ti, <em>Yoqui-Dupade.<\/em><\/p>\n\n\n\n<p><strong><em>Help the coj\u00f1one to not dislike us:<\/em><\/strong><br>Tambi\u00e9n ayuda al <em>coj\u00f1one <\/em>que nos contratar\u00e1 ma\u00f1ana en Santa Cruz. Y que <em>sus entra\u00f1as no est\u00e9n calientes<\/em> mientras trabajamos para ellos. Que ellos no tengan disgusto hacia nosotros ma\u00f1ana mientras hacemos sus mandatos.<\/p>\n\n\n\n<p><strong><em>Ayuda a Dug\u00faid\u00e9 a unirse a nosotros en la ense\u00f1anza de tu Palabra:<\/em><\/strong><em>&nbsp;<\/em><br><em>Yoqui-Dupade<\/em>, estoy rog\u00e1ndote por los compatriotas de Dug\u00faid\u00e9 que est\u00e1n trabajando en Santa Cruz. Cuida a Dug\u00faid\u00e9 de lo que puede buscarte, y regresar a ti, y servirte tambi\u00e9n a ti. Aunque no quiero volver a trabajar, pido por Dug\u00faid\u00e9 que lo cuide bien y que le d\u00e9 salud, <em>Yoqui-Dupade<\/em>.<\/p>\n\n\n\n<p>Dupade, ay\u00fadanos ahora para ser fuertes, aquellos que son tus creyentes y que conf\u00edan en ti. Queremos que los ayudes para que sigan tus caminos, <em>Yoqui-Dupade<\/em>.<\/p>\n\n\n\n<p><strong><em>Ayuda a Paul, el alto, a usar tu amor para tratar con las mujeres mientras no estamos:<\/em><\/strong><br>Ayuda al que llamamos &#8220;Pablo Alto&#8221; a buscar formas de ayudar a las mujeres y amarlas con tu amor despu\u00e9s de que nos vayamos, los hombres.<\/p>\n\n\n\n<p>Por lo tanto, esto lo que te pedimos. Cu\u00eddanos a todos esta noche. Pon tu mano sobre nosotros y mantennos en un estado de buena salud mientras estamos separados de nuestras esposas, <em>Yoqui-Dupade<\/em>.<\/p>\n\n\n\n<p>Te\npido todas estas cosas en el nombre de tu Hijo Jes\u00fas. Am\u00e9n.<\/p>\n\n\n\n<p><strong><span style=\"text-decoration: underline;\">Clave:<\/span><\/strong><br>Dupade \u2013 Dios <br>Yoqui-Dupade \u2013 Nuestro Dios<br>Entra\u00f1as calientes \u2013 El enojo<br>Coj\u00f1one \u2013 La gente que no son ayoreos<br>Hacer sus mandatos \u2013 Trabajar por alguien<\/p>\n\n\n\n<p><em>Ecarai \u2013 Tobit\u00e9, Bolivia \u2013 1970<\/em><br><em>Transcrito y traducido por: Maxine Morarie<\/em><\/p>\n\n\n<div class=\"navigation\"><div class=\"alignleft\"><a href=\"https:\/\/ayore.org\/es\/cultura\/ensenanzas\/ecarai-davide-unidos-en-nuestra-fe-en-cristo-2\/\"title=\"Ecarai (Davide\u0301) \u2013 Unidos en nuestra fe en Cristo\"><img loading=\"lazy\" decoding=\"async\" src=\"https:\/\/ayore.org\/wp-content\/uploads\/2018\/10\/left-arrow.png\" width=\"50\" height=\"48\" alt=\"left arrow\"><\/a><\/div><div class=\"alignright\"><a href=\"https:\/\/ayore.org\/es\/cultura\/ensenanzas\/ecarai-davide-tu-palabra-nos-dice-lo-que-apruebas\/\"title=\"Ecarai (Davide\u0301) \u2013 Tu Palabra nos dice lo que apruebas\"><img loading=\"lazy\" decoding=\"async\" src=\"https:\/\/ayore.org\/wp-content\/uploads\/2018\/10\/right-arrow.png\" width=\"50\" height=\"48\" alt=\"right arrow\"><\/a><\/div>\n","protected":false},"excerpt":{"rendered":"<p>Bajopi\u00e9 tu uje d\u00e9ji yocajei Ecarai ora por el viaje que los hombres har\u00edan para trabajar en lugares cerca de Santa Cruz. Estoy agradecido de que tu poder est\u00e9 dentro de nosotros.Estoy muy agradecido de que podamos estudiar tus palabras<\/p>\n","protected":false},"author":5,"featured_media":0,"parent":298,"menu_order":0,"comment_status":"closed","ping_status":"closed","template":"","meta":{"footnotes":""},"class_list":["post-4042","page","type-page","status-publish","hentry"],"yoast_head":"<!-- This site is optimized with the Yoast SEO plugin v27.4 - https:\/\/yoast.com\/product\/yoast-seo-wordpress\/ -->\n<title>Ecarai (Davide\u0301) \u2013 Tu poder est\u00e1 dentro de nosotros &#8226; AYORE.ORG<\/title>\n<meta name=\"robots\" content=\"index, follow, max-snippet:-1, max-image-preview:large, max-video-preview:-1\" \/>\n<link rel=\"canonical\" href=\"https:\/\/ayore.org\/es\/cultura\/ensenanzas\/ecarai-davide-tu-poder-esta-dentro-de-nosotros\/\" \/>\n<meta property=\"og:locale\" content=\"es_ES\" \/>\n<meta property=\"og:type\" content=\"article\" \/>\n<meta property=\"og:title\" content=\"Ecarai (Davide\u0301) \u2013 Tu poder est\u00e1 dentro de nosotros &#8226; AYORE.ORG\" \/>\n<meta property=\"og:description\" content=\"Bajopi\u00e9 tu uje d\u00e9ji yocajei Ecarai ora por el viaje que los hombres har\u00edan para trabajar en lugares cerca de Santa Cruz. Estoy agradecido de que tu poder est\u00e9 dentro de nosotros.Estoy muy agradecido de que podamos estudiar tus palabras\" \/>\n<meta property=\"og:url\" content=\"https:\/\/ayore.org\/es\/cultura\/ensenanzas\/ecarai-davide-tu-poder-esta-dentro-de-nosotros\/\" \/>\n<meta property=\"og:site_name\" content=\"AYORE.ORG\" \/>\n<meta property=\"article:modified_time\" content=\"2019-05-24T22:45:42+00:00\" \/>\n<meta name=\"twitter:card\" content=\"summary_large_image\" \/>\n<meta name=\"twitter:label1\" content=\"Tiempo de lectura\" \/>\n\t<meta name=\"twitter:data1\" content=\"3 minutos\" \/>\n<script type=\"application\/ld+json\" class=\"yoast-schema-graph\">{\"@context\":\"https:\\\/\\\/schema.org\",\"@graph\":[{\"@type\":\"WebPage\",\"@id\":\"https:\\\/\\\/ayore.org\\\/es\\\/cultura\\\/ensenanzas\\\/ecarai-davide-tu-poder-esta-dentro-de-nosotros\\\/\",\"url\":\"https:\\\/\\\/ayore.org\\\/es\\\/cultura\\\/ensenanzas\\\/ecarai-davide-tu-poder-esta-dentro-de-nosotros\\\/\",\"name\":\"Ecarai (Davide\u0301) \u2013 Tu poder est\u00e1 dentro de nosotros &#8226; AYORE.ORG\",\"isPartOf\":{\"@id\":\"https:\\\/\\\/ayore.org\\\/#website\"},\"datePublished\":\"2019-05-24T22:45:41+00:00\",\"dateModified\":\"2019-05-24T22:45:42+00:00\",\"breadcrumb\":{\"@id\":\"https:\\\/\\\/ayore.org\\\/es\\\/cultura\\\/ensenanzas\\\/ecarai-davide-tu-poder-esta-dentro-de-nosotros\\\/#breadcrumb\"},\"inLanguage\":\"es-AR\",\"potentialAction\":[{\"@type\":\"ReadAction\",\"target\":[\"https:\\\/\\\/ayore.org\\\/es\\\/cultura\\\/ensenanzas\\\/ecarai-davide-tu-poder-esta-dentro-de-nosotros\\\/\"]}]},{\"@type\":\"BreadcrumbList\",\"@id\":\"https:\\\/\\\/ayore.org\\\/es\\\/cultura\\\/ensenanzas\\\/ecarai-davide-tu-poder-esta-dentro-de-nosotros\\\/#breadcrumb\",\"itemListElement\":[{\"@type\":\"ListItem\",\"position\":1,\"name\":\"Inicio\",\"item\":\"https:\\\/\\\/ayore.org\\\/es\\\/\"},{\"@type\":\"ListItem\",\"position\":2,\"name\":\"Cultura\",\"item\":\"https:\\\/\\\/ayore.org\\\/es\\\/cultura\\\/\"},{\"@type\":\"ListItem\",\"position\":3,\"name\":\"Ense\u00f1anzas\",\"item\":\"https:\\\/\\\/ayore.org\\\/es\\\/cultura\\\/ensenanzas\\\/\"},{\"@type\":\"ListItem\",\"position\":4,\"name\":\"Ecarai (Davide\u0301) \u2013 Tu poder est\u00e1 dentro de nosotros\"}]},{\"@type\":\"WebSite\",\"@id\":\"https:\\\/\\\/ayore.org\\\/#website\",\"url\":\"https:\\\/\\\/ayore.org\\\/\",\"name\":\"AYORE.ORG\",\"description\":\"Idioma, Cultura e Historia de la Tribu Ayor\u00e9\",\"potentialAction\":[{\"@type\":\"SearchAction\",\"target\":{\"@type\":\"EntryPoint\",\"urlTemplate\":\"https:\\\/\\\/ayore.org\\\/?s={search_term_string}\"},\"query-input\":{\"@type\":\"PropertyValueSpecification\",\"valueRequired\":true,\"valueName\":\"search_term_string\"}}],\"inLanguage\":\"es-AR\"}]}<\/script>\n<!-- \/ Yoast SEO plugin. -->","yoast_head_json":{"title":"Ecarai (Davide\u0301) \u2013 Tu poder est\u00e1 dentro de nosotros &#8226; AYORE.ORG","robots":{"index":"index","follow":"follow","max-snippet":"max-snippet:-1","max-image-preview":"max-image-preview:large","max-video-preview":"max-video-preview:-1"},"canonical":"https:\/\/ayore.org\/es\/cultura\/ensenanzas\/ecarai-davide-tu-poder-esta-dentro-de-nosotros\/","og_locale":"es_ES","og_type":"article","og_title":"Ecarai (Davide\u0301) \u2013 Tu poder est\u00e1 dentro de nosotros &#8226; AYORE.ORG","og_description":"Bajopi\u00e9 tu uje d\u00e9ji yocajei Ecarai ora por el viaje que los hombres har\u00edan para trabajar en lugares cerca de Santa Cruz. Estoy agradecido de que tu poder est\u00e9 dentro de nosotros.Estoy muy agradecido de que podamos estudiar tus palabras","og_url":"https:\/\/ayore.org\/es\/cultura\/ensenanzas\/ecarai-davide-tu-poder-esta-dentro-de-nosotros\/","og_site_name":"AYORE.ORG","article_modified_time":"2019-05-24T22:45:42+00:00","twitter_card":"summary_large_image","twitter_misc":{"Tiempo de lectura":"3 minutos"},"schema":{"@context":"https:\/\/schema.org","@graph":[{"@type":"WebPage","@id":"https:\/\/ayore.org\/es\/cultura\/ensenanzas\/ecarai-davide-tu-poder-esta-dentro-de-nosotros\/","url":"https:\/\/ayore.org\/es\/cultura\/ensenanzas\/ecarai-davide-tu-poder-esta-dentro-de-nosotros\/","name":"Ecarai (Davide\u0301) \u2013 Tu poder est\u00e1 dentro de nosotros &#8226; AYORE.ORG","isPartOf":{"@id":"https:\/\/ayore.org\/#website"},"datePublished":"2019-05-24T22:45:41+00:00","dateModified":"2019-05-24T22:45:42+00:00","breadcrumb":{"@id":"https:\/\/ayore.org\/es\/cultura\/ensenanzas\/ecarai-davide-tu-poder-esta-dentro-de-nosotros\/#breadcrumb"},"inLanguage":"es-AR","potentialAction":[{"@type":"ReadAction","target":["https:\/\/ayore.org\/es\/cultura\/ensenanzas\/ecarai-davide-tu-poder-esta-dentro-de-nosotros\/"]}]},{"@type":"BreadcrumbList","@id":"https:\/\/ayore.org\/es\/cultura\/ensenanzas\/ecarai-davide-tu-poder-esta-dentro-de-nosotros\/#breadcrumb","itemListElement":[{"@type":"ListItem","position":1,"name":"Inicio","item":"https:\/\/ayore.org\/es\/"},{"@type":"ListItem","position":2,"name":"Cultura","item":"https:\/\/ayore.org\/es\/cultura\/"},{"@type":"ListItem","position":3,"name":"Ense\u00f1anzas","item":"https:\/\/ayore.org\/es\/cultura\/ensenanzas\/"},{"@type":"ListItem","position":4,"name":"Ecarai (Davide\u0301) \u2013 Tu poder est\u00e1 dentro de nosotros"}]},{"@type":"WebSite","@id":"https:\/\/ayore.org\/#website","url":"https:\/\/ayore.org\/","name":"AYORE.ORG","description":"Idioma, Cultura e Historia de la Tribu Ayor\u00e9","potentialAction":[{"@type":"SearchAction","target":{"@type":"EntryPoint","urlTemplate":"https:\/\/ayore.org\/?s={search_term_string}"},"query-input":{"@type":"PropertyValueSpecification","valueRequired":true,"valueName":"search_term_string"}}],"inLanguage":"es-AR"}]}},"_links":{"self":[{"href":"https:\/\/ayore.org\/es\/wp-json\/wp\/v2\/pages\/4042","targetHints":{"allow":["GET"]}}],"collection":[{"href":"https:\/\/ayore.org\/es\/wp-json\/wp\/v2\/pages"}],"about":[{"href":"https:\/\/ayore.org\/es\/wp-json\/wp\/v2\/types\/page"}],"author":[{"embeddable":true,"href":"https:\/\/ayore.org\/es\/wp-json\/wp\/v2\/users\/5"}],"replies":[{"embeddable":true,"href":"https:\/\/ayore.org\/es\/wp-json\/wp\/v2\/comments?post=4042"}],"version-history":[{"count":2,"href":"https:\/\/ayore.org\/es\/wp-json\/wp\/v2\/pages\/4042\/revisions"}],"predecessor-version":[{"id":4044,"href":"https:\/\/ayore.org\/es\/wp-json\/wp\/v2\/pages\/4042\/revisions\/4044"}],"up":[{"embeddable":true,"href":"https:\/\/ayore.org\/es\/wp-json\/wp\/v2\/pages\/298"}],"wp:attachment":[{"href":"https:\/\/ayore.org\/es\/wp-json\/wp\/v2\/media?parent=4042"}],"curies":[{"name":"wp","href":"https:\/\/api.w.org\/{rel}","templated":true}]}}