{"id":4036,"date":"2019-05-24T18:35:54","date_gmt":"2019-05-24T18:35:54","guid":{"rendered":"https:\/\/ayore.org\/?page_id=4036"},"modified":"2019-05-24T18:35:55","modified_gmt":"2019-05-24T18:35:55","slug":"ecarai-davide-lo-que-dice-dupade-es-verdad","status":"publish","type":"page","link":"https:\/\/ayore.org\/es\/cultura\/ensenanzas\/ecarai-davide-lo-que-dice-dupade-es-verdad\/","title":{"rendered":"Ecarai (Davide\u0301) \u2013 Lo que dice Dupade es verdad"},"content":{"rendered":"\n<p><em>J\u00e9 \u0169r\u00e9 Dupade ome\ndaruode<\/em><\/p>\n\n\n\n<p><strong><em>Si la fe no acompa\u00f1a la lectura de la Palabra de Dupade, no har\u00e1 nada por una persona:<\/em><\/strong><br>Estoy dici\u00e9ndonos esto, para que sepamos, que lo que dice <em>Dupade<\/em> es verdad.<br><br>Pero, esto es lo que pienso: cuando uno de nosotros no rompe con su desobediencia, las palabras de <em>Dupade<\/em> no significan nada para \u00e9l, y \u00e9l no obtiene nada cuando lo lee o lo escucha.<br><br>Cuando una persona no aplica <em>las Palabras de Dupade<\/em> a su propia vida, incluso si asiste a la iglesia donde se predican <em>las Palabras de Dupade<\/em>, pero no les presta atenci\u00f3n, ser\u00e1 obvio que no significan nada para \u00e9l.<br><br>Pero se acerca el d\u00eda, como fue predicho, cuando ese tipo de hombre estar\u00e1 triste, o esa tipo de mujer estar\u00e1 triste, porque, para ellos, <em>las Palabras de Dupade<\/em> no ten\u00edan ning\u00fan importancia, y la fe no acompa\u00f1aba <em>las Palabras de Dupade<\/em> cuando las le\u00edan.<br><br><strong><em>Un hombre rico reci\u00e9n pens\u00f3 en las palabras verdaderas de Dupade despu\u00e9s de ir al lago de fuego:<\/em><\/strong><br>Ya lo has o\u00eddo, porque ya te lo cont\u00e9, de que un hombre rico muri\u00f3 y se fue a <em>jnaropi\u00e9<\/em>, el lugar de los muertos. \u00c9l se fue a hablar con nuestro padre Abraham, que vivi\u00f3 hace mucho tiempo. \u00c9l le dijo: \u201cDiles a mis hermanos que no vayan al lago de fuego&#8221;.<br><br>\u00c9l acudi\u00f3 a Abraham en busca de ayuda, al igual que cualquiera de nosotros har\u00eda que amaba a sus hermanos y no quer\u00eda, pero en vano, que terminaran en el lago de fuego.<br><br>\u00c9l le dijo a Abraham: \u201cNo me puedo sentir c\u00f3modo aqu\u00ed en absoluto. Soy una v\u00edctima del calor extremo<em>\u201d<\/em>, dijo. \u201cEstoy tan cansado de estar donde est\u00e1n los gusanos&#8221;, dijo, \u201cy estoy tan cansado de las llamas&#8221;. Esto es lo que dijo.<br><br>Pero Abraham, que fue uno de nuestros antepasados, dijo: \u201cPero <em>las palabras de Dupade <\/em>est\u00e1n en la tierra; si tus hermanos los escuchan, podr\u00edan creer en <em>Dupade\u201d<\/em>.<br><br>Pero, despu\u00e9s de o\u00edr esto, le dijo a Abraham: \u201c\u00bfPor qu\u00e9 no mandas a una de las personas muertas que cree en <em>Dupade<\/em> a contarle a mis hermanos en la tierra acerca de <em>Dupade?<\/em> Entonces, mis hermanos no tendr\u00e1n que ir a <em>jnaropi\u00e9\u201d<\/em>.<\/p>\n\n\n\n<p>Pero Abraham dijo: \u201cPodr\u00eda enviar a uno de los muertos a llevar a tus hermanos <em>las palabras de<\/em> <em>Dupade<\/em>, pero ser\u00edan esp\u00edritus (sin cuerpos)&#8221;. Esto es lo que Abraham le dijo. \u201cPodr\u00edan caminar, pero al ser esp\u00edritus, no podr\u00edan hacer nada m\u00e1s. Tus hermanos no pod\u00edan creer en <em>Dupade<\/em> por nada que pudieran decirles, pues tampoco pudieran o\u00edr sus voces<em>\u201d<\/em>.<\/p>\n\n\n\n<p>Cualquiera de nosotros, si acabar\u00eda en el lago de fuego, estar\u00eda preocupado por nuestros parientes en la tierra.<br><br><strong><em>Es cierto lo que Dupade dice sobre la llegada de La Persona que hemos estado esperando:<\/em><\/strong><br>Pero ya sabes que las palabras de <em>Dupade<\/em> dicen: \u201cHabr\u00e1 guerras justo antes de mi llegada, y otras cosas suceder\u00e1n, una despu\u00e9s de la otra. En el momento de mi llegada habr\u00e1 hambrunas en la tierra<em>\u201d<\/em>.<br><br>Pero nunca hemos tenido hambrunas como esas de las que habla <em>Dupade<\/em>. Pero en algunos pa\u00edses, ya est\u00e1n sucediendo. Solo unos pocos tienen comida para comer en lugares donde el hambre est\u00e1 acabando con la gente. En otros lugares, todos los d\u00edas las guerras est\u00e1n sucediendo entre nuestros cohabitantes de la tierra.<br><br>Las estrellas siempre han ca\u00eddo, pero no como lo que va a suceder pronto. Y Jes\u00fas dijo: \u201cEstas se\u00f1ales de mi venida suceder\u00e1n, pero a\u00fan no llegar\u00e9. Pero suceder\u00e1n cuando mi llegada se acerca. El sol cambiar\u00e1 por completo y nunca volver\u00e1 a ser como era<em>\u201d<\/em>. Esto es lo que dijo Jes\u00fas.<br><br>&#8220;El sol morir\u00e1 y la tierra se volver\u00e1 muy oscura. Y la luz de la luna nunca volver\u00e1 a llegar a la tierra<em>\u201d<\/em>. Esto es lo que dijo Jes\u00fas, \u201cEsto suceder\u00e1 cuando mi llegada sea muy cercana, y cuando regrese por mis creyentes, y los llevar\u00e9&#8221;.<br><br>Y les digo estas cosas, para que todos entiendan que el <em>Hijo de<\/em> <em>Dupade<\/em> va a llegar de nuevo. Y <em>Dupade<\/em> cumplir\u00e1 su palabra. Pero \u00e9l no vendr\u00e1 todav\u00eda porque est\u00e1 esperando que otros de nosotros, los ayoreos, pongamos nuestra fe en \u00e9l. (2 Pedro 3:1-10)<br><br><strong><em>La venida de Jes\u00fas ser\u00e1 como lo que sucedi\u00f3 cuando los israelitas cruzaron el mar rojo (el extra\u00f1o agua):<\/em><\/strong><br>Cuando los israelitas esperaron en la orilla de las aguas extra\u00f1as, Dupade les dijo: \u201cHe tomado un pu\u00f1ado de las aguas que son muy profundas&#8221;. Eso es lo que les dijo. Las manos de Dios estaban llenas de aguas extra\u00f1as y las aguas empujar\u00edan contra ellas, pero no pod\u00edan volver juntas. (\u00c9xodo 14: 21-22)<br><br>Y las aguas segu\u00edan empujando desde cualquier lado. Y los israelitas cruzaron el mar en tierra seca. Pero Fara\u00f3n y sus soldados alcanzaron a los israelitas y llegaron a la orilla de las aguas extra\u00f1as, y comenzaron a cruzar y la tierra todav\u00eda estaba seca, pero de repente Dios solt\u00f3 las aguas y los cubrieron. Dios permiti\u00f3 que las aguas volvieran al lecho de las aguas extra\u00f1as. (\u00c9xodo 14: 26-28)<br><br>Algunas personas hoy en d\u00eda dudan de que Jes\u00fas alguna vez vuelva, y son como el Fara\u00f3n y su ej\u00e9rcito. Pensaron que <em>el extra\u00f1o agua<\/em> nunca volver\u00eda a su lugar, junt\u00e1ndose desde las dos bandas del rio. Pero cuando menos lo esperaban, el mar se junt\u00f3 y los cubri\u00f3 y los destruy\u00f3. Y as\u00ed ser\u00e1 cuando Jes\u00fas venga. Parecer\u00e1 que nunca vendr\u00e1, parecer\u00e1 que <em>las Palabras de<\/em> <em>Dupade<\/em> no eran ciertas acerca de la venida de su Hijo. Pero Dupade est\u00e1 posponiendo la llegada de su hijo hasta que otros hayan cre\u00eddo en \u00e9l como su Salvador. Pero llegar\u00e1 el d\u00eda en que Jes\u00fas regrese y los incr\u00e9dulos se perder\u00e1n, pero para los creyentes ser\u00e1 como si finalmente hubieran alcanzado la otra banda de las <em>extra\u00f1as aguas<\/em> cuando Jes\u00fas los toma. Por esto, sabemos que Dios siempre cumple su palabra.<br><br> Estas cosas ocurrir\u00e1n porque <em>Dupade<\/em> siempre cumple su palabra.<br><br><strong><em>Los israelitas pensaron que, cuando salieran de Egipto, llegar\u00edan inmediatamente a su nueva tierra:<\/em><\/strong><br>Pero sufrieron hambre en el camino. Y dijeron: \u201cVamos, volvamos a Egipto porque ten\u00edamos comida para comer all\u00ed&#8221;.<br><br>Pero Mois\u00e9s sigui\u00f3 llev\u00e1ndolos hacia la nueva tierra, pero no llegaron a ella de inmediato. En cambio, llegaron a un desierto y all\u00ed no hab\u00eda comida. Y chuparon pan que descendi\u00f3 del cielo. Exist\u00edan en lo que cay\u00f3 del cielo. Y no hab\u00eda agua potable para que bebieran.<br><br>Le dijeron a Mois\u00e9s: \u201cTenemos sed. \u00bfQu\u00e9 vamos a beber?&#8221;<br><br>Y luego, Moses le pidi\u00f3 a <em>Dupade<\/em> que los ayudara. Y <em>Dupade<\/em> le se\u00f1al\u00f3 un extra\u00f1o palo, lo levant\u00f3 y lo arroj\u00f3 al agua amarga, y el palo baj\u00f3 a la profundidad del agua y el agua se volvi\u00f3 potable. (\u00c9xodo 15: 22-25)<br><br>Al principio, cuando <em>Dupade<\/em> llam\u00f3 a Mois\u00e9s para quitar a los israelitas de las manos de Fara\u00f3n, Mois\u00e9s tuvo miedo. (\u00c9xodo 3: 11-12)<br><br>Y la raz\u00f3n por la que te digo estas cosas es para que sepas que <em>Dupade<\/em> no le miente a nadie. Cuando le dijo a Mois\u00e9s que lo ayudar\u00eda, hizo lo que dijo que iba a hacer, y ayud\u00f3 a Mois\u00e9s y a su pueblo con comida y agua para beber.<br><br>Y lo que <em>Dupade<\/em> nos ha contado acerca de que su <em>Hijo<\/em> regrese por sus creyentes suceder\u00e1. <em>Dupade<\/em> no nos ha mentido. Por lo tanto, el <em>Hijo de<\/em> <em>Dupade<\/em> vendr\u00e1 cuando su Padre le diga que es hora.<\/p>\n\n\n\n<p>Porque\n<em>Dupade<\/em> siempre cumple su palabra.<\/p>\n\n\n\n<p><strong><em>Abraham or\u00f3 por sus parientes que estaban en las ciudades que Dupade estaba a punto de destruir.<\/em><\/strong><br>Abraham le dijo a <em>Dupade: \u201c<\/em>Si hay personas justas en esa ciudad, \u00bfla destruir\u00e1s? Si hay 50 personas justas entre ellos, entonces ac\u00e9ptalos y no destruyas las ciudades<em>\u201d<\/em>. Y Abraham continu\u00f3 repitiendo estas palabras suyas y dijo: &#8220;\u00bfSi hay 40, o 30, o 20, o incluso 10, entonces no lo hagas? \u00bfNo destruyas sus ciudades&#8221;?<br><br>Luego, despu\u00e9s de escuchar sus oraciones, <em>Dupade<\/em> le dijo a Abraham (pero sin duda ya has escuchado esto): \u201cSi encuentro 10 personas justas, entonces no destruir\u00e9 las ciudades&#8221;. Pero <em>Dupade<\/em> no encontr\u00f3 a 10 personas justas en cualquiera de esas ciudades. Y <em>Dupade<\/em> habr\u00eda destruido a todos en esas ciudades si Abraham no hubiera intercedido por ellos. Aunque <em>Dupade<\/em> no encontr\u00f3 a 10 hombres justos, s\u00ed encontr\u00f3 a cuatro, y luego los sac\u00f3 de la ciudad, antes de que destruyera esas ciudades.<br><br>Solo los cuatro parientes de Abraham fueron salvos porque eran justos. Eran justos porque su t\u00edo Abraham les hab\u00eda explicado los caminos de <em>Dupade<\/em>. Pero cuando estuvieron a salvo fuera de la ciudad, <em>Dupade<\/em> envi\u00f3 fuego sobre la gente de la ciudad y destruy\u00f3 las dos ciudades y todos sus habitantes.<br><br>Y digo esto porque <em>Dupade<\/em> siempre cumple su palabra.<br><br><em>Nuestro gran l\u00edder que escuchamos<\/em>, <em>Dupade<\/em>, se hab\u00eda dicho a s\u00ed mismo: \u201cDeber\u00eda decirle a Abraham lo que voy a hacer a esas ciudades. Porque \u00e9l es digno de mi confianza, entonces, voy a contarle mis planes y darle mis palabras\u201d.<br><br>Es lo mismo con nosotros. <em>Dupade<\/em> considera que los que creemos en \u00e9l somos dignos de su confianza, pues, tenemos sus palabras, y amamos <em>las palabras de<\/em> <em>Dupade<\/em> y nunca las considerar\u00edamos sin importancia.&nbsp;&nbsp;&nbsp;&nbsp;&nbsp;&nbsp;&nbsp;&nbsp;&nbsp;&nbsp;&nbsp;&nbsp; <br><br>Digo esto porque <em>Dupade<\/em> siempre cumple su palabra.&nbsp;<\/p>\n\n\n\n<p><strong><em>Dupade nos dice que va a arrojar a Satan\u00e1s y sus seguidores al lago de fuego:<\/em><\/strong><br>El <em>Hijo de<\/em> <em>Dupade<\/em> regresar\u00e1 a la tierra otra vez, y luego, <em>Dupade<\/em> arrojar\u00e1 a Satan\u00e1s y sus seguidores al lago de fuego, del cual nunca saldr\u00e1n, nunca m\u00e1s recuperar\u00e1n su bien estar. Y esto es lo que <em>Dupade<\/em> nos dice y nos lo contamos el uno al otro. Se lo contamos a todas las personas que conocemos. Y cuando les decimos, <em>partimos las ves\u00edculas<\/em> de aquellos que no creen en <em>Dupade<\/em>.<br><br>Digamos que uno de nosotros escucha esto y siente avergonzado y ansioso por enfrentar a <em>Dupade<\/em>. Y \u00e9l dice: \u201c\u00bfQu\u00e9 he hecho para merecer ser arrojado al lago de fuego?&#8221;<br><br>Pero cuando cualquiera de nosotros desobedece <em>las Palabras de<\/em> <em>Dupade<\/em> y no obedece a lo que <em>Dupade<\/em> le dice que haga, entonces es que se convierte en uno de los compatriotas de Satan\u00e1s, y donde Satan\u00e1s se va, ese tambi\u00e9n ser\u00e1 su destino.<br><br>La gente podr\u00eda concluir: \u201cSolamente <em>las palabras de<\/em> <em>Dupade<\/em> nos mostrar\u00e1 qu\u00e9 hacer con esta terrible situaci\u00f3n. Si descubro lo que dice que haga, lo har\u00e9, porque no quiero que <em>Dupade<\/em> me castigue<em>\u201d<\/em>.<br><br>Pero no se trata de tratar de salir del castigo y decir: \u201cNo quiero que <em>Dupade<\/em> me castigue, as\u00ed que creer\u00e9 en \u00e9l&#8221;. Falta algo en lo que se dice, debe confiar en <em>el Hijo de<\/em> <em>Dupade<\/em> como su Salvador.<br><br>Si alguien quiere saber m\u00e1s sobre este asunto, cu\u00e1les son <em>las Palabras de<\/em> <em>Dupade<\/em> al respeto, y ha decidido seguir a <em>Dupade<\/em>, debe venir a m\u00ed y se lo explicar\u00e9.&nbsp;<\/p>\n\n\n\n<p><strong><em>Pero hablar\u00e9 con Dupade:<\/em><\/strong><br><em>Yoqui-Dupade<\/em>, estoy hablando contigo hoy porque estoy muy agradecido por el hecho de que lo que usted diga es verdad. Eres sincero en lo que dices. Estoy hablando contigo en este momento y estoy muy agradecido de que sus creyentes no se cansen de escuchar tus palabras.<br><br><em>Yoqui-Dupade<\/em>, trabaja en nuestros corazones para que podamos ser como David que vivi\u00f3 hace mucho tiempo; perdona nuestros pecados como lo hiciste con los pecados de David. Perdona las cosas que decimos que desapruebas. Perd\u00f3nanos ahora por la manera en que permitimos que Satan\u00e1s tenga control de nuestras palabras, para que puedas estar complacido con nosotros donde sea que vayamos en esta tierra. <\/p>\n\n\n\n<p><em>Dupade<\/em>, ay\u00fadanos aqu\u00ed en nuestro pueblo a poner tantas palabras tuyas en nuestras mentes como podamos, y que las comprenderemos.<\/p>\n\n\n\n<p><em>Yoqui-Dupade<\/em>, te estoy hablando y te estoy pidiendo que seamos creyentes sinceros en ti, y que perdones nuestros pecados de incredulidad.<\/p>\n\n\n\n<p>Te pido que nos des tu misericordia y seas muy misericordioso con nosotros. Y para que podamos ser misericordiosos y amables el uno con el otro en obediencia a tus palabras.<\/p>\n\n\n\n<p>Te estoy pidiendo todo esto porque sabemos que <em>tu Hijo<\/em> fue quien derram\u00f3 su sangre por nosotros para limpiarnos de nuestros pecados. Para lavar de nuestros corazones las mentiras que hemos contado.<\/p>\n\n\n\n<p><em>Dupade<\/em>, te pido que nos ayudes ahora mismo. Sin duda, hay algunos de nosotros que te seguimos con todos nuestros corazones. Ayuda a todos tus creyentes que est\u00e1n aqu\u00ed que podamos honrar tus palabras, <em>Yoqui-Dupade<\/em>. Estoy hablando contigo sobre todas estas cosas y te pido que nos ayudes en todo el mundo en este momento donde sea que <em>tus palabras desciendan <\/em>y se re\u00fanan tus creyentes.<br><br>Ay\u00fadame, ahora mismo. Estoy enfermo y te pido que borres la enfermedad en mi cuerpo, <em>Yoqui-Dupade<\/em>. Y danos salud y fortaleza y, si es tu voluntad, ayuda a todos nuestros compatriotas a estar sanos.<\/p>\n\n\n\n<p>Bend\u00edcenos con tus palabras cuando nos vayamos de aqu\u00ed, y que nuestras mentes est\u00e9n en lo que acabamos de escuchar.<br><br>Pido esto en el nombre de Jesucristo. Am\u00e9n.<\/p>\n\n\n\n<p><strong><span style=\"text-decoration: underline;\">Clave:<\/span><\/strong> <br>Jnaropi\u00e9 \u2013<strong> <\/strong>Lugar de los muertos<br>Extra\u00f1o agua \u2013 El mar, (el Mar Rojo)<br>Yoqui-Dupade \u2013 Nuestro Dios<br>Donde tus palabras desciendan \u2013 Iglesia, lugar de predicaci\u00f3n<br>Nuestro gran l\u00edder que escuchamos \u2013 Se\u00f1or<br>Partir la ves\u00edcula de alguien \u2013 Asustar a alguien<br><br><em>Ecarai \u2013 Tobit\u00e9, Bolivia \u2013 1970\u2019s<\/em><br><em>Transcrito y traducido por: Maxine Morarie<\/em><\/p>\n\n\n<div class=\"navigation\"><div class=\"alignleft\"><a href=\"https:\/\/ayore.org\/es\/cultura\/ensenanzas\/\"title=\"Ense\u00f1anzas\"><img loading=\"lazy\" decoding=\"async\" src=\"https:\/\/ayore.org\/wp-content\/uploads\/2018\/10\/left-arrow.png\" width=\"50\" height=\"48\" alt=\"left arrow\"><\/a><\/div><div class=\"alignright\"><a href=\"https:\/\/ayore.org\/es\/cultura\/ensenanzas\/comai-duermen-un-poco-en-el-cielo\/\"title=\"Comai  &#8211; Duermen un poco en el cielo\"><img loading=\"lazy\" decoding=\"async\" src=\"https:\/\/ayore.org\/wp-content\/uploads\/2018\/10\/right-arrow.png\" width=\"50\" height=\"48\" alt=\"right arrow\"><\/a><\/div>\n","protected":false},"excerpt":{"rendered":"<p>J\u00e9 \u0169r\u00e9 Dupade ome daruode Si la fe no acompa\u00f1a la lectura de la Palabra de Dupade, no har\u00e1 nada por una persona:Estoy dici\u00e9ndonos esto, para que sepamos, que lo que dice Dupade es verdad. Pero, esto es lo que<\/p>\n","protected":false},"author":5,"featured_media":0,"parent":298,"menu_order":0,"comment_status":"closed","ping_status":"closed","template":"","meta":{"footnotes":""},"class_list":["post-4036","page","type-page","status-publish","hentry"],"yoast_head":"<!-- This site is optimized with the Yoast SEO plugin v27.4 - https:\/\/yoast.com\/product\/yoast-seo-wordpress\/ -->\n<title>Ecarai (Davide\u0301) \u2013 Lo que dice Dupade es verdad &#8226; AYORE.ORG<\/title>\n<meta name=\"robots\" content=\"index, follow, max-snippet:-1, max-image-preview:large, max-video-preview:-1\" \/>\n<link rel=\"canonical\" href=\"https:\/\/ayore.org\/es\/cultura\/ensenanzas\/ecarai-davide-lo-que-dice-dupade-es-verdad\/\" \/>\n<meta property=\"og:locale\" content=\"es_ES\" \/>\n<meta property=\"og:type\" content=\"article\" \/>\n<meta property=\"og:title\" content=\"Ecarai (Davide\u0301) \u2013 Lo que dice Dupade es verdad &#8226; AYORE.ORG\" \/>\n<meta property=\"og:description\" content=\"J\u00e9 \u0169r\u00e9 Dupade ome daruode Si la fe no acompa\u00f1a la lectura de la Palabra de Dupade, no har\u00e1 nada por una persona:Estoy dici\u00e9ndonos esto, para que sepamos, que lo que dice Dupade es verdad. Pero, esto es lo que\" \/>\n<meta property=\"og:url\" content=\"https:\/\/ayore.org\/es\/cultura\/ensenanzas\/ecarai-davide-lo-que-dice-dupade-es-verdad\/\" \/>\n<meta property=\"og:site_name\" content=\"AYORE.ORG\" \/>\n<meta property=\"article:modified_time\" content=\"2019-05-24T18:35:55+00:00\" \/>\n<meta name=\"twitter:card\" content=\"summary_large_image\" \/>\n<meta name=\"twitter:label1\" content=\"Tiempo de lectura\" \/>\n\t<meta name=\"twitter:data1\" content=\"12 minutos\" \/>\n<script type=\"application\/ld+json\" class=\"yoast-schema-graph\">{\"@context\":\"https:\\\/\\\/schema.org\",\"@graph\":[{\"@type\":\"WebPage\",\"@id\":\"https:\\\/\\\/ayore.org\\\/es\\\/cultura\\\/ensenanzas\\\/ecarai-davide-lo-que-dice-dupade-es-verdad\\\/\",\"url\":\"https:\\\/\\\/ayore.org\\\/es\\\/cultura\\\/ensenanzas\\\/ecarai-davide-lo-que-dice-dupade-es-verdad\\\/\",\"name\":\"Ecarai (Davide\u0301) \u2013 Lo que dice Dupade es verdad &#8226; AYORE.ORG\",\"isPartOf\":{\"@id\":\"https:\\\/\\\/ayore.org\\\/#website\"},\"datePublished\":\"2019-05-24T18:35:54+00:00\",\"dateModified\":\"2019-05-24T18:35:55+00:00\",\"breadcrumb\":{\"@id\":\"https:\\\/\\\/ayore.org\\\/es\\\/cultura\\\/ensenanzas\\\/ecarai-davide-lo-que-dice-dupade-es-verdad\\\/#breadcrumb\"},\"inLanguage\":\"es-AR\",\"potentialAction\":[{\"@type\":\"ReadAction\",\"target\":[\"https:\\\/\\\/ayore.org\\\/es\\\/cultura\\\/ensenanzas\\\/ecarai-davide-lo-que-dice-dupade-es-verdad\\\/\"]}]},{\"@type\":\"BreadcrumbList\",\"@id\":\"https:\\\/\\\/ayore.org\\\/es\\\/cultura\\\/ensenanzas\\\/ecarai-davide-lo-que-dice-dupade-es-verdad\\\/#breadcrumb\",\"itemListElement\":[{\"@type\":\"ListItem\",\"position\":1,\"name\":\"Inicio\",\"item\":\"https:\\\/\\\/ayore.org\\\/es\\\/\"},{\"@type\":\"ListItem\",\"position\":2,\"name\":\"Cultura\",\"item\":\"https:\\\/\\\/ayore.org\\\/es\\\/cultura\\\/\"},{\"@type\":\"ListItem\",\"position\":3,\"name\":\"Ense\u00f1anzas\",\"item\":\"https:\\\/\\\/ayore.org\\\/es\\\/cultura\\\/ensenanzas\\\/\"},{\"@type\":\"ListItem\",\"position\":4,\"name\":\"Ecarai (Davide\u0301) \u2013 Lo que dice Dupade es verdad\"}]},{\"@type\":\"WebSite\",\"@id\":\"https:\\\/\\\/ayore.org\\\/#website\",\"url\":\"https:\\\/\\\/ayore.org\\\/\",\"name\":\"AYORE.ORG\",\"description\":\"Idioma, Cultura e Historia de la Tribu Ayor\u00e9\",\"potentialAction\":[{\"@type\":\"SearchAction\",\"target\":{\"@type\":\"EntryPoint\",\"urlTemplate\":\"https:\\\/\\\/ayore.org\\\/?s={search_term_string}\"},\"query-input\":{\"@type\":\"PropertyValueSpecification\",\"valueRequired\":true,\"valueName\":\"search_term_string\"}}],\"inLanguage\":\"es-AR\"}]}<\/script>\n<!-- \/ Yoast SEO plugin. -->","yoast_head_json":{"title":"Ecarai (Davide\u0301) \u2013 Lo que dice Dupade es verdad &#8226; AYORE.ORG","robots":{"index":"index","follow":"follow","max-snippet":"max-snippet:-1","max-image-preview":"max-image-preview:large","max-video-preview":"max-video-preview:-1"},"canonical":"https:\/\/ayore.org\/es\/cultura\/ensenanzas\/ecarai-davide-lo-que-dice-dupade-es-verdad\/","og_locale":"es_ES","og_type":"article","og_title":"Ecarai (Davide\u0301) \u2013 Lo que dice Dupade es verdad &#8226; AYORE.ORG","og_description":"J\u00e9 \u0169r\u00e9 Dupade ome daruode Si la fe no acompa\u00f1a la lectura de la Palabra de Dupade, no har\u00e1 nada por una persona:Estoy dici\u00e9ndonos esto, para que sepamos, que lo que dice Dupade es verdad. Pero, esto es lo que","og_url":"https:\/\/ayore.org\/es\/cultura\/ensenanzas\/ecarai-davide-lo-que-dice-dupade-es-verdad\/","og_site_name":"AYORE.ORG","article_modified_time":"2019-05-24T18:35:55+00:00","twitter_card":"summary_large_image","twitter_misc":{"Tiempo de lectura":"12 minutos"},"schema":{"@context":"https:\/\/schema.org","@graph":[{"@type":"WebPage","@id":"https:\/\/ayore.org\/es\/cultura\/ensenanzas\/ecarai-davide-lo-que-dice-dupade-es-verdad\/","url":"https:\/\/ayore.org\/es\/cultura\/ensenanzas\/ecarai-davide-lo-que-dice-dupade-es-verdad\/","name":"Ecarai (Davide\u0301) \u2013 Lo que dice Dupade es verdad &#8226; AYORE.ORG","isPartOf":{"@id":"https:\/\/ayore.org\/#website"},"datePublished":"2019-05-24T18:35:54+00:00","dateModified":"2019-05-24T18:35:55+00:00","breadcrumb":{"@id":"https:\/\/ayore.org\/es\/cultura\/ensenanzas\/ecarai-davide-lo-que-dice-dupade-es-verdad\/#breadcrumb"},"inLanguage":"es-AR","potentialAction":[{"@type":"ReadAction","target":["https:\/\/ayore.org\/es\/cultura\/ensenanzas\/ecarai-davide-lo-que-dice-dupade-es-verdad\/"]}]},{"@type":"BreadcrumbList","@id":"https:\/\/ayore.org\/es\/cultura\/ensenanzas\/ecarai-davide-lo-que-dice-dupade-es-verdad\/#breadcrumb","itemListElement":[{"@type":"ListItem","position":1,"name":"Inicio","item":"https:\/\/ayore.org\/es\/"},{"@type":"ListItem","position":2,"name":"Cultura","item":"https:\/\/ayore.org\/es\/cultura\/"},{"@type":"ListItem","position":3,"name":"Ense\u00f1anzas","item":"https:\/\/ayore.org\/es\/cultura\/ensenanzas\/"},{"@type":"ListItem","position":4,"name":"Ecarai (Davide\u0301) \u2013 Lo que dice Dupade es verdad"}]},{"@type":"WebSite","@id":"https:\/\/ayore.org\/#website","url":"https:\/\/ayore.org\/","name":"AYORE.ORG","description":"Idioma, Cultura e Historia de la Tribu Ayor\u00e9","potentialAction":[{"@type":"SearchAction","target":{"@type":"EntryPoint","urlTemplate":"https:\/\/ayore.org\/?s={search_term_string}"},"query-input":{"@type":"PropertyValueSpecification","valueRequired":true,"valueName":"search_term_string"}}],"inLanguage":"es-AR"}]}},"_links":{"self":[{"href":"https:\/\/ayore.org\/es\/wp-json\/wp\/v2\/pages\/4036","targetHints":{"allow":["GET"]}}],"collection":[{"href":"https:\/\/ayore.org\/es\/wp-json\/wp\/v2\/pages"}],"about":[{"href":"https:\/\/ayore.org\/es\/wp-json\/wp\/v2\/types\/page"}],"author":[{"embeddable":true,"href":"https:\/\/ayore.org\/es\/wp-json\/wp\/v2\/users\/5"}],"replies":[{"embeddable":true,"href":"https:\/\/ayore.org\/es\/wp-json\/wp\/v2\/comments?post=4036"}],"version-history":[{"count":2,"href":"https:\/\/ayore.org\/es\/wp-json\/wp\/v2\/pages\/4036\/revisions"}],"predecessor-version":[{"id":4038,"href":"https:\/\/ayore.org\/es\/wp-json\/wp\/v2\/pages\/4036\/revisions\/4038"}],"up":[{"embeddable":true,"href":"https:\/\/ayore.org\/es\/wp-json\/wp\/v2\/pages\/298"}],"wp:attachment":[{"href":"https:\/\/ayore.org\/es\/wp-json\/wp\/v2\/media?parent=4036"}],"curies":[{"name":"wp","href":"https:\/\/api.w.org\/{rel}","templated":true}]}}