{"id":4030,"date":"2019-05-24T15:59:02","date_gmt":"2019-05-24T15:59:02","guid":{"rendered":"https:\/\/ayore.org\/?page_id=4030"},"modified":"2019-05-24T15:59:04","modified_gmt":"2019-05-24T15:59:04","slug":"ecarai-davide-unidos-en-nuestra-fe-en-cristo-2","status":"publish","type":"page","link":"https:\/\/ayore.org\/es\/cultura\/ensenanzas\/ecarai-davide-unidos-en-nuestra-fe-en-cristo-2\/","title":{"rendered":"Ecarai (Davide\u0301) \u2013 Unidos en nuestra fe en Cristo"},"content":{"rendered":"\n<p><em>Yitojma\u0301rango iji yocanguretigai<\/em><\/p>\n\n\n\n<p><strong><em>Cristo compar\u00f3 a los que creemos en \u00e9l con su propio cuerpo: <\/em><\/strong><em>(Romanos 12:4-5)<\/em><br>Sabemos que a pesar de que una persona es solo una persona, sus partes del cuerpo son muchas. As\u00ed es con nosotros que creemos en Jes\u00fas. Somos muchos, pero todos unidos en nuestra fe en Cristo, y somos como una sola persona.<\/p>\n\n\n\n<p><strong><em>Es como si todos nosotros en nuestro grupo que creemos en Jes\u00fas nos hubi\u00e9ramos enfermado: <\/em><\/strong><em>(1 Corintios 12:26)<\/em><br>Es por eso que cuando uno de nosotros peca, es como si todos nosotros en nuestro grupo que creemos en Jes\u00fas nos hubi\u00e9ramos enfermado. Nuestro cuerpo no est\u00e1 enfermo, pero nuestro grupo est\u00e1 enfermo. Cuando parte del cuerpo de una persona duele, todo su cuerpo sufre. Y cuando una persona hace algo mal es como cuando se corta el dedo, no es el \u00fanico que duele, todo su grupo duele. Si se corta cuando un palo lo atraviesa, no es solo el lugar que est\u00e1 perforado lo que duele, duele todo.<br><br><strong><em>Cuando un creyente hace algo mal, la noticia se propaga a todas partes:<\/em><\/strong><br>S\u00e9 que cuando un creyente hace algo mal, la noticia se propaga a todas partes. Pero cuando esto sucede, no digas: &#8216;Voy a dejar de seguir a <em>Dupade<\/em>. Los creyentes de Jes\u00fas siempre est\u00e1n pecando, por eso. &#8216; As\u00ed no deber\u00eda ser.<\/p>\n\n\n\n<p><strong><em>D\u00edgale a su pr\u00f3jimo lo que hizo mal:<\/em><\/strong><em> (G\u00e1latas 6: 1-2)<\/em><br>Si realmente crees en <em>Dupade<\/em>, entonces, sin importar lo que pase con los dem\u00e1s, seguir\u00e1s creyendo en \u00e9l, no te detendr\u00e1s, pero rezas por lo que ha sucedido. Acude a tu Padre <em>Dupade<\/em> y ora y preg\u00fantale qu\u00e9 debe hacer, y <em>Dupade<\/em> trabajar\u00e1 en tu coraz\u00f3n y le hablar\u00e1 de sus <em>Palabras<\/em>. \u00c9l te dir\u00e1, &#8216;Ve a tu compa\u00f1ero creyente que ha pecado. D\u00edgale lo que ha hecho.\u2019 Si haces esto, hay una buena posibilidad de que lo sanes a tu pr\u00f3jimo y \u00e9l comenzar\u00e1 a seguir a Jes\u00fas otra vez. Eso es lo que te dir\u00eda <em>Dupade.<\/em><br><br>Sin embargo, si alguien dice &#8216;ya no voy a seguir a <em>Dupade, <\/em>porque nuestros maestros y l\u00edderes han terminado con \u00e9l, &#8216; sabemos que \u00e9l no crey\u00f3 en <em>Dupade<\/em> en primer lugar. Esa persona realmente estaba siguiendo a sus maestros y lo que ellos ense\u00f1aban, pero no estaba siguiendo a Jes\u00fas. Una persona que realmente crea en <em>Dupade<\/em>, jam\u00e1s dir\u00eda: &#8216;He terminado con <em>Dupade<\/em>.\u201d<br><br><strong><em>Mois\u00e9s escribi\u00f3 sobre el pecado sexual:<\/em><\/strong><br>&#8220;Si una mujer duerme con un hombre con quien ella no est\u00e1 casada, deben matar a esa mujer; o si un joven tiene relaciones sexuales con una mujer sin casarse con ella, m\u00e1talo&#8221;. Eso es lo que dijo Mois\u00e9s. \u00c9l tambi\u00e9n dijo: &#8220;Hagan esto para que este pecado no sea nombrado entre ustedes&#8221;. Esas cosas fueron escritas en el Antiguo Testamento, las ense\u00f1anzas que nuestros antepasados \u200b\u200bobedecieron. Eso fue antes de que Jes\u00fas viniera a la tierra a morir por nuestros pecados.<br><br><strong><em>Ahora tenemos el Nuevo Testamento para guiarnos:<\/em><\/strong><br>Pero nosotros de esta generaci\u00f3n que creemos en <em>Dupade<\/em> tenemos el Nuevo Testamento para guiarnos, y ya no estamos viviendo bajo la ley anterior. Pero tomamos el ejemplo del Rey David. David entendi\u00f3 c\u00f3mo su pecado afectar\u00eda a su pueblo, y que podr\u00eda rechazarlo como su Rey, por lo que se acerc\u00f3 a <em>Dupade<\/em>. Y <em>Dupade<\/em> perdon\u00f3 su pecado y aplic\u00f3 el <em>hisopo espiritual<\/em> a su coraz\u00f3n y lo limpi\u00f3 de nuevo.<br><br>Y ahora entendemos que lo que hizo David es lo correcto para nosotros en nuestra aldea. Es por eso que nos estamos hablando sobre el Salmo 51 que fue escrito por el Rey David que vivi\u00f3 hace mucho tiempo. Esto no solo se aplica a nosotros, sino que se aplica a los creyentes de todo el mundo: debemos confesar nuestros pecados a <em>Dupade <\/em>y a los dem\u00e1s. Especialmente deber\u00edamos aconsejarnos unos a otros para fortalecernos en nuestra fe. Y cuando somos fuertes en nuestra fe, <em>Dupade<\/em> bendecir\u00e1 nuestra aldea y no pasaremos hambre.<br><br><strong><em>Haz lo que dice la Palabra de Dupade cuando le rezas: <\/em><\/strong><em>(Mateo 6: 6-8)<\/em>&nbsp;<br>Quiero que sepamos tambi\u00e9n que la <em>Palabra de<\/em> <em>Dupade<\/em> nos habla de nosotros mismos y de c\u00f3mo rezarle a <em>Dupade<\/em>. Debemos pedirle a nuestro Padre celestial que nos ayude y cuando le oremos todas las noches debemos pedirle que ayude a los de nuestra ciudad y que les d\u00e9 fuerzas. Tambi\u00e9n quiero que obedezcamos las <em>Palabras de<\/em> <em>Dupade<\/em> sobre orar en secreto. Nos dice: &#8220;Reza a tu Padre celestial y no lo muestres; no vayas a la plaza y reza donde todos puedan verte&#8221;. Pero recuerda que tu Padre ve incluso las cosas ocultas. Por lo tanto, cuando rezas por la noche solo, \u00c9l te ve y te escucha.<br><br><strong><span style=\"text-decoration: underline;\">Clave:<\/span><\/strong><br>Dupade \u2013 Dios<br>Palabra de Dupade \u2013 Palabra de Dios, Biblia&nbsp;<\/p>\n\n\n\n<p><em>Ecarai \u2013 Tobit\u00e9, Bolivia \u2013 1970<\/em><br>Transcrito y traducido al espa\u00f1ol por Maxine Morarie<br>Se agregaron porciones de las Escrituras<\/p>\n\n\n<div class=\"navigation\"><div class=\"alignleft\"><a href=\"https:\/\/ayore.org\/es\/cultura\/ensenanzas\/ecarai-davide-cuidate-y-preparate\/\"title=\"Ecarai (Davide\u0301) \u2013 Cu\u00eddate y prep\u00e1rate\"><img loading=\"lazy\" decoding=\"async\" src=\"https:\/\/ayore.org\/wp-content\/uploads\/2018\/10\/left-arrow.png\" width=\"50\" height=\"48\" alt=\"left arrow\"><\/a><\/div><div class=\"alignright\"><a href=\"https:\/\/ayore.org\/es\/cultura\/ensenanzas\/ecarai-davide-tu-poder-esta-dentro-de-nosotros\/\"title=\"Ecarai (Davide\u0301) \u2013 Tu poder est\u00e1 dentro de nosotros\"><img loading=\"lazy\" decoding=\"async\" src=\"https:\/\/ayore.org\/wp-content\/uploads\/2018\/10\/right-arrow.png\" width=\"50\" height=\"48\" alt=\"right arrow\"><\/a><\/div>\n","protected":false},"excerpt":{"rendered":"<p>Yitojma\u0301rango iji yocanguretigai Cristo compar\u00f3 a los que creemos en \u00e9l con su propio cuerpo: (Romanos 12:4-5)Sabemos que a pesar de que una persona es solo una persona, sus partes del cuerpo son muchas. As\u00ed es con nosotros que creemos<\/p>\n","protected":false},"author":5,"featured_media":0,"parent":298,"menu_order":0,"comment_status":"closed","ping_status":"closed","template":"","meta":{"footnotes":""},"class_list":["post-4030","page","type-page","status-publish","hentry"],"yoast_head":"<!-- This site is optimized with the Yoast SEO plugin v27.4 - https:\/\/yoast.com\/product\/yoast-seo-wordpress\/ -->\n<title>Ecarai (Davide\u0301) \u2013 Unidos en nuestra fe en Cristo &#8226; AYORE.ORG<\/title>\n<meta name=\"robots\" content=\"index, follow, max-snippet:-1, max-image-preview:large, max-video-preview:-1\" \/>\n<link rel=\"canonical\" href=\"https:\/\/ayore.org\/es\/cultura\/ensenanzas\/ecarai-davide-unidos-en-nuestra-fe-en-cristo-2\/\" \/>\n<meta property=\"og:locale\" content=\"es_ES\" \/>\n<meta property=\"og:type\" content=\"article\" \/>\n<meta property=\"og:title\" content=\"Ecarai (Davide\u0301) \u2013 Unidos en nuestra fe en Cristo &#8226; AYORE.ORG\" \/>\n<meta property=\"og:description\" content=\"Yitojma\u0301rango iji yocanguretigai Cristo compar\u00f3 a los que creemos en \u00e9l con su propio cuerpo: (Romanos 12:4-5)Sabemos que a pesar de que una persona es solo una persona, sus partes del cuerpo son muchas. As\u00ed es con nosotros que creemos\" \/>\n<meta property=\"og:url\" content=\"https:\/\/ayore.org\/es\/cultura\/ensenanzas\/ecarai-davide-unidos-en-nuestra-fe-en-cristo-2\/\" \/>\n<meta property=\"og:site_name\" content=\"AYORE.ORG\" \/>\n<meta property=\"article:modified_time\" content=\"2019-05-24T15:59:04+00:00\" \/>\n<meta name=\"twitter:card\" content=\"summary_large_image\" \/>\n<meta name=\"twitter:label1\" content=\"Tiempo de lectura\" \/>\n\t<meta name=\"twitter:data1\" content=\"4 minutos\" \/>\n<script type=\"application\/ld+json\" class=\"yoast-schema-graph\">{\"@context\":\"https:\\\/\\\/schema.org\",\"@graph\":[{\"@type\":\"WebPage\",\"@id\":\"https:\\\/\\\/ayore.org\\\/es\\\/cultura\\\/ensenanzas\\\/ecarai-davide-unidos-en-nuestra-fe-en-cristo-2\\\/\",\"url\":\"https:\\\/\\\/ayore.org\\\/es\\\/cultura\\\/ensenanzas\\\/ecarai-davide-unidos-en-nuestra-fe-en-cristo-2\\\/\",\"name\":\"Ecarai (Davide\u0301) \u2013 Unidos en nuestra fe en Cristo &#8226; AYORE.ORG\",\"isPartOf\":{\"@id\":\"https:\\\/\\\/ayore.org\\\/#website\"},\"datePublished\":\"2019-05-24T15:59:02+00:00\",\"dateModified\":\"2019-05-24T15:59:04+00:00\",\"breadcrumb\":{\"@id\":\"https:\\\/\\\/ayore.org\\\/es\\\/cultura\\\/ensenanzas\\\/ecarai-davide-unidos-en-nuestra-fe-en-cristo-2\\\/#breadcrumb\"},\"inLanguage\":\"es-AR\",\"potentialAction\":[{\"@type\":\"ReadAction\",\"target\":[\"https:\\\/\\\/ayore.org\\\/es\\\/cultura\\\/ensenanzas\\\/ecarai-davide-unidos-en-nuestra-fe-en-cristo-2\\\/\"]}]},{\"@type\":\"BreadcrumbList\",\"@id\":\"https:\\\/\\\/ayore.org\\\/es\\\/cultura\\\/ensenanzas\\\/ecarai-davide-unidos-en-nuestra-fe-en-cristo-2\\\/#breadcrumb\",\"itemListElement\":[{\"@type\":\"ListItem\",\"position\":1,\"name\":\"Inicio\",\"item\":\"https:\\\/\\\/ayore.org\\\/es\\\/\"},{\"@type\":\"ListItem\",\"position\":2,\"name\":\"Cultura\",\"item\":\"https:\\\/\\\/ayore.org\\\/es\\\/cultura\\\/\"},{\"@type\":\"ListItem\",\"position\":3,\"name\":\"Ense\u00f1anzas\",\"item\":\"https:\\\/\\\/ayore.org\\\/es\\\/cultura\\\/ensenanzas\\\/\"},{\"@type\":\"ListItem\",\"position\":4,\"name\":\"Ecarai (Davide\u0301) \u2013 Unidos en nuestra fe en Cristo\"}]},{\"@type\":\"WebSite\",\"@id\":\"https:\\\/\\\/ayore.org\\\/#website\",\"url\":\"https:\\\/\\\/ayore.org\\\/\",\"name\":\"AYORE.ORG\",\"description\":\"Idioma, Cultura e Historia de la Tribu Ayor\u00e9\",\"potentialAction\":[{\"@type\":\"SearchAction\",\"target\":{\"@type\":\"EntryPoint\",\"urlTemplate\":\"https:\\\/\\\/ayore.org\\\/?s={search_term_string}\"},\"query-input\":{\"@type\":\"PropertyValueSpecification\",\"valueRequired\":true,\"valueName\":\"search_term_string\"}}],\"inLanguage\":\"es-AR\"}]}<\/script>\n<!-- \/ Yoast SEO plugin. -->","yoast_head_json":{"title":"Ecarai (Davide\u0301) \u2013 Unidos en nuestra fe en Cristo &#8226; AYORE.ORG","robots":{"index":"index","follow":"follow","max-snippet":"max-snippet:-1","max-image-preview":"max-image-preview:large","max-video-preview":"max-video-preview:-1"},"canonical":"https:\/\/ayore.org\/es\/cultura\/ensenanzas\/ecarai-davide-unidos-en-nuestra-fe-en-cristo-2\/","og_locale":"es_ES","og_type":"article","og_title":"Ecarai (Davide\u0301) \u2013 Unidos en nuestra fe en Cristo &#8226; AYORE.ORG","og_description":"Yitojma\u0301rango iji yocanguretigai Cristo compar\u00f3 a los que creemos en \u00e9l con su propio cuerpo: (Romanos 12:4-5)Sabemos que a pesar de que una persona es solo una persona, sus partes del cuerpo son muchas. As\u00ed es con nosotros que creemos","og_url":"https:\/\/ayore.org\/es\/cultura\/ensenanzas\/ecarai-davide-unidos-en-nuestra-fe-en-cristo-2\/","og_site_name":"AYORE.ORG","article_modified_time":"2019-05-24T15:59:04+00:00","twitter_card":"summary_large_image","twitter_misc":{"Tiempo de lectura":"4 minutos"},"schema":{"@context":"https:\/\/schema.org","@graph":[{"@type":"WebPage","@id":"https:\/\/ayore.org\/es\/cultura\/ensenanzas\/ecarai-davide-unidos-en-nuestra-fe-en-cristo-2\/","url":"https:\/\/ayore.org\/es\/cultura\/ensenanzas\/ecarai-davide-unidos-en-nuestra-fe-en-cristo-2\/","name":"Ecarai (Davide\u0301) \u2013 Unidos en nuestra fe en Cristo &#8226; AYORE.ORG","isPartOf":{"@id":"https:\/\/ayore.org\/#website"},"datePublished":"2019-05-24T15:59:02+00:00","dateModified":"2019-05-24T15:59:04+00:00","breadcrumb":{"@id":"https:\/\/ayore.org\/es\/cultura\/ensenanzas\/ecarai-davide-unidos-en-nuestra-fe-en-cristo-2\/#breadcrumb"},"inLanguage":"es-AR","potentialAction":[{"@type":"ReadAction","target":["https:\/\/ayore.org\/es\/cultura\/ensenanzas\/ecarai-davide-unidos-en-nuestra-fe-en-cristo-2\/"]}]},{"@type":"BreadcrumbList","@id":"https:\/\/ayore.org\/es\/cultura\/ensenanzas\/ecarai-davide-unidos-en-nuestra-fe-en-cristo-2\/#breadcrumb","itemListElement":[{"@type":"ListItem","position":1,"name":"Inicio","item":"https:\/\/ayore.org\/es\/"},{"@type":"ListItem","position":2,"name":"Cultura","item":"https:\/\/ayore.org\/es\/cultura\/"},{"@type":"ListItem","position":3,"name":"Ense\u00f1anzas","item":"https:\/\/ayore.org\/es\/cultura\/ensenanzas\/"},{"@type":"ListItem","position":4,"name":"Ecarai (Davide\u0301) \u2013 Unidos en nuestra fe en Cristo"}]},{"@type":"WebSite","@id":"https:\/\/ayore.org\/#website","url":"https:\/\/ayore.org\/","name":"AYORE.ORG","description":"Idioma, Cultura e Historia de la Tribu Ayor\u00e9","potentialAction":[{"@type":"SearchAction","target":{"@type":"EntryPoint","urlTemplate":"https:\/\/ayore.org\/?s={search_term_string}"},"query-input":{"@type":"PropertyValueSpecification","valueRequired":true,"valueName":"search_term_string"}}],"inLanguage":"es-AR"}]}},"_links":{"self":[{"href":"https:\/\/ayore.org\/es\/wp-json\/wp\/v2\/pages\/4030","targetHints":{"allow":["GET"]}}],"collection":[{"href":"https:\/\/ayore.org\/es\/wp-json\/wp\/v2\/pages"}],"about":[{"href":"https:\/\/ayore.org\/es\/wp-json\/wp\/v2\/types\/page"}],"author":[{"embeddable":true,"href":"https:\/\/ayore.org\/es\/wp-json\/wp\/v2\/users\/5"}],"replies":[{"embeddable":true,"href":"https:\/\/ayore.org\/es\/wp-json\/wp\/v2\/comments?post=4030"}],"version-history":[{"count":2,"href":"https:\/\/ayore.org\/es\/wp-json\/wp\/v2\/pages\/4030\/revisions"}],"predecessor-version":[{"id":4032,"href":"https:\/\/ayore.org\/es\/wp-json\/wp\/v2\/pages\/4030\/revisions\/4032"}],"up":[{"embeddable":true,"href":"https:\/\/ayore.org\/es\/wp-json\/wp\/v2\/pages\/298"}],"wp:attachment":[{"href":"https:\/\/ayore.org\/es\/wp-json\/wp\/v2\/media?parent=4030"}],"curies":[{"name":"wp","href":"https:\/\/api.w.org\/{rel}","templated":true}]}}