{"id":403,"date":"2018-07-20T03:15:42","date_gmt":"2018-07-20T03:15:42","guid":{"rendered":"https:\/\/ayore.org\/?page_id=403"},"modified":"2019-02-27T01:33:37","modified_gmt":"2019-02-27T01:33:37","slug":"pasedate-comida-por-tujurua-picanere","status":"publish","type":"page","link":"https:\/\/ayore.org\/es\/cultura\/comidas\/pasedate-comida-por-tujurua-picanere\/","title":{"rendered":"Pasedat\u00e9 &#8211; Comida por Tuj\u00farua Picaner\u00e9"},"content":{"rendered":"<p><strong>La comida en la selva<\/strong><\/p>\n<p><strong><em>Los familiares de Pasedat\u00e9:\u00a0<\/em><\/strong>Primero que todo <em>Pasedat\u00e9<\/em> quiere informar acerca de su familia:\u00a0El nombre real de <em>Pasedat\u00e9 (madre de Pas\u00e9)<\/em> es <em>Toj\u00farua<\/em> del Clan Picaner\u00e9. El nombre de su nuera es <em>Toqu\u00e9<\/em>. El nombre de su hermano menor es <em>Chic\u00f3pode<\/em>. <em>Isogui\u00e9<\/em> es el otro nombre de <em>Us\u00faa<\/em>.<\/p>\n<p><em>Pasedat\u00e9<\/em> es de la gente Ducod\u00e9gosode (Gente de las Tumbas), \u00a0as\u00ed que como ella es una mujer, se refiere a ella como Ducod\u00e9goto (mujer de la Gente de las Tumbas).<\/p>\n<p>El nombre de su primer esposo era <em>Imocar\u00e3i<\/em> y \u00e9l muri\u00f3 de fiebre. As\u00ed que cuando ella describ\u00eda su enfermedad dec\u00eda, \u201c\u00c9l fue \u2018comida\u2019 para la fiebre.\u201d<\/p>\n<p>El nombre real de su madre fue <em>Ocojn\u00e1men\u00e9<\/em>, del clan Jnurumin\u00e9. Su est\u00f3mago se inflam\u00f3 y ella muri\u00f3 de complicaciones intestinales. El nombre real de su padre fue <em>Yuran\u00e9<\/em> del clan Picanerai. El vivi\u00f3 muchos a\u00f1os \u00a0y muri\u00f3 de viejo. <em>Pasedat\u00e9<\/em> tiene otro hermano que todav\u00eda vive y que vive en el campamento de los sacerdotes y es su \u00fanico familiar vivo. Hace mucho tiempo su nombre real era<em> Iringai.<\/em><\/p>\n<p>El nombre de su actual esposo es <em>Dorojoi<\/em> del clan Chiquenoi, Padre de <em>Ojicurei<\/em>. (Le dicen con afecto <em>Presidente<\/em>.)<\/p>\n<p>El nombre real de <em>Pasedat\u00e9<\/em> es <em>Toj\u00farua<\/em> y es de aqu\u00ed de donde viene el nombre: Cuando un hombre saca a su esposa, \u00e9l toma sus cosas y llena su bolsa con ellas, y ella se va \u201catropelladamente\u201d por el camino. As\u00ed que se pudiera decir que el nombre real de Pasedat\u00e9 quiere decir \u00a0\u2018la que corre atropelladamente\u2019.<\/p>\n<p><strong><em>Escrito sobre la comida:<\/em><\/strong><\/p>\n<p>Nosotros torc\u00edamos la fruta de <em>doridie<\/em> al sacarla de la planta, y rascamos la pulpa de las hojas con nuestros dientes inferiores. \u00a0Guard\u00e1bamos la planta de <em>dajud\u00ede<\/em> para hacer hilos de las hojas. Nosotros chup\u00e1bamos miel cuando viv\u00edamos en la selva.<\/p>\n<p>Era mucho de trabajo para obtener la miel. Consist\u00eda en hacer agujeros en el tronco de los \u00e1rboles. \u00a0Nosotros acompa\u00f1\u00e1bamos a nuestros esposos cuando iban por miel.<\/p>\n<p>Mi madre en su tiempo tambi\u00e9n torc\u00eda la fruta <em>doridie<\/em>. Nosotros tambi\u00e9n excav\u00e1bamos \u00a0plantas silvestres que conten\u00edan agua, y de ellas tom\u00e1bamos agua cuando est\u00e1bamos lejos de otras fuentes de \u00a0agua.<\/p>\n<p>Mol\u00edamos las semillas de las sandias y las calabazas con nuestros morteros y manos de morteros. Cocin\u00e1bamos las semillas que nosotros mol\u00edamos. Succion\u00e1bamos la sal al comerlas.<\/p>\n<p>La carne del cerdo salvaje (<em>yacorenie<\/em>) es tan deliciosa como la del oso hormiguero. Nosotros rostiz\u00e1bamos el oso hormiguero coci\u00e9ndolo en posos que hac\u00edamos en la tierra. \u00danicamente us\u00e1bamos carb\u00f3n de madera en nuestros hornos abajo de la tierra. Rostiz\u00e1bamos tortugas, y familias completas de peque\u00f1as tortugas, todo iba en el mismo lugar y nosotros chup\u00e1bamos la carne.<\/p>\n<p>Cuando la carne salvaje estaba dura nosotros la herv\u00edamos. Se hace blanca cuando la hierves, pero de todos modos la com\u00edamos.<\/p>\n<p>Hace mucho tiempo las ollas eran hechas de barro. Cuando ellos hac\u00edan sus ollas y jarras, ellos agregaban los pedazos de cer\u00e1mica que ten\u00edan a la masa de barro.<\/p>\n<p><em>Pasedat\u00e9 \u2013 Campo Loro, Paraguay \u2013 1988.<\/em><\/p>\n<p><em>Transcrito por: Maxine Morarie.<\/em><\/p>\n<p><em>Traducido al espa\u00f1ol por: Julia Morarie.<\/em><\/p>\n<div class=\"navigation\"><div class=\"alignleft\"><a href=\"https:\/\/ayore.org\/es\/cultura\/comidas\/\"title=\"Comidas\"><img loading=\"lazy\" decoding=\"async\" src=\"https:\/\/ayore.org\/wp-content\/uploads\/2018\/10\/left-arrow.png\" width=\"50\" height=\"48\" alt=\"left arrow\"><\/a><\/div><div class=\"alignright\"><a href=\"https:\/\/ayore.org\/es\/cultura\/juegos\/\"title=\"Juegos\"><img loading=\"lazy\" decoding=\"async\" src=\"https:\/\/ayore.org\/wp-content\/uploads\/2018\/10\/right-arrow.png\" width=\"50\" height=\"48\" alt=\"right arrow\"><\/a><\/div>\n","protected":false},"excerpt":{"rendered":"<p>La comida en la selva Los familiares de Pasedat\u00e9:\u00a0Primero que todo Pasedat\u00e9 quiere informar acerca de su familia:\u00a0El nombre real de Pasedat\u00e9 (madre de Pas\u00e9) es Toj\u00farua del Clan Picaner\u00e9. El nombre de su nuera es Toqu\u00e9. El nombre de<\/p>\n","protected":false},"author":2,"featured_media":0,"parent":286,"menu_order":0,"comment_status":"closed","ping_status":"closed","template":"","meta":{"footnotes":""},"class_list":["post-403","page","type-page","status-publish","hentry"],"yoast_head":"<!-- This site is optimized with the Yoast SEO plugin v27.4 - https:\/\/yoast.com\/product\/yoast-seo-wordpress\/ -->\n<title>Ayore\u0301 Comidas: Comida Por Tuj\u00farua Picaner\u00e9 \u2022 Ayore.org<\/title>\n<meta name=\"robots\" content=\"index, follow, max-snippet:-1, max-image-preview:large, max-video-preview:-1\" \/>\n<link rel=\"canonical\" href=\"https:\/\/ayore.org\/es\/cultura\/comidas\/pasedate-comida-por-tujurua-picanere\/\" \/>\n<meta property=\"og:locale\" content=\"es_ES\" \/>\n<meta property=\"og:type\" content=\"article\" \/>\n<meta property=\"og:title\" content=\"Ayore\u0301 Comidas: Comida Por Tuj\u00farua Picaner\u00e9 \u2022 Ayore.org\" \/>\n<meta property=\"og:description\" content=\"La comida en la selva Los familiares de Pasedat\u00e9:\u00a0Primero que todo Pasedat\u00e9 quiere informar acerca de su familia:\u00a0El nombre real de Pasedat\u00e9 (madre de Pas\u00e9) es Toj\u00farua del Clan Picaner\u00e9. El nombre de su nuera es Toqu\u00e9. El nombre de\" \/>\n<meta property=\"og:url\" content=\"https:\/\/ayore.org\/es\/cultura\/comidas\/pasedate-comida-por-tujurua-picanere\/\" \/>\n<meta property=\"og:site_name\" content=\"AYORE.ORG\" \/>\n<meta property=\"article:modified_time\" content=\"2019-02-27T01:33:37+00:00\" \/>\n<meta name=\"twitter:card\" content=\"summary_large_image\" \/>\n<meta name=\"twitter:label1\" content=\"Tiempo de lectura\" \/>\n\t<meta name=\"twitter:data1\" content=\"3 minutos\" \/>\n<script type=\"application\/ld+json\" class=\"yoast-schema-graph\">{\"@context\":\"https:\\\/\\\/schema.org\",\"@graph\":[{\"@type\":\"WebPage\",\"@id\":\"https:\\\/\\\/ayore.org\\\/es\\\/cultura\\\/comidas\\\/pasedate-comida-por-tujurua-picanere\\\/\",\"url\":\"https:\\\/\\\/ayore.org\\\/es\\\/cultura\\\/comidas\\\/pasedate-comida-por-tujurua-picanere\\\/\",\"name\":\"Ayore\u0301 Comidas: Comida Por Tuj\u00farua Picaner\u00e9 \u2022 Ayore.org\",\"isPartOf\":{\"@id\":\"https:\\\/\\\/ayore.org\\\/#website\"},\"datePublished\":\"2018-07-20T03:15:42+00:00\",\"dateModified\":\"2019-02-27T01:33:37+00:00\",\"breadcrumb\":{\"@id\":\"https:\\\/\\\/ayore.org\\\/es\\\/cultura\\\/comidas\\\/pasedate-comida-por-tujurua-picanere\\\/#breadcrumb\"},\"inLanguage\":\"es-AR\",\"potentialAction\":[{\"@type\":\"ReadAction\",\"target\":[\"https:\\\/\\\/ayore.org\\\/es\\\/cultura\\\/comidas\\\/pasedate-comida-por-tujurua-picanere\\\/\"]}]},{\"@type\":\"BreadcrumbList\",\"@id\":\"https:\\\/\\\/ayore.org\\\/es\\\/cultura\\\/comidas\\\/pasedate-comida-por-tujurua-picanere\\\/#breadcrumb\",\"itemListElement\":[{\"@type\":\"ListItem\",\"position\":1,\"name\":\"Inicio\",\"item\":\"https:\\\/\\\/ayore.org\\\/es\\\/\"},{\"@type\":\"ListItem\",\"position\":2,\"name\":\"Cultura\",\"item\":\"https:\\\/\\\/ayore.org\\\/es\\\/cultura\\\/\"},{\"@type\":\"ListItem\",\"position\":3,\"name\":\"Comidas\",\"item\":\"https:\\\/\\\/ayore.org\\\/es\\\/cultura\\\/comidas\\\/\"},{\"@type\":\"ListItem\",\"position\":4,\"name\":\"Pasedat\u00e9 &#8211; Comida por Tuj\u00farua Picaner\u00e9\"}]},{\"@type\":\"WebSite\",\"@id\":\"https:\\\/\\\/ayore.org\\\/#website\",\"url\":\"https:\\\/\\\/ayore.org\\\/\",\"name\":\"AYORE.ORG\",\"description\":\"Idioma, Cultura e Historia de la Tribu Ayor\u00e9\",\"potentialAction\":[{\"@type\":\"SearchAction\",\"target\":{\"@type\":\"EntryPoint\",\"urlTemplate\":\"https:\\\/\\\/ayore.org\\\/?s={search_term_string}\"},\"query-input\":{\"@type\":\"PropertyValueSpecification\",\"valueRequired\":true,\"valueName\":\"search_term_string\"}}],\"inLanguage\":\"es-AR\"}]}<\/script>\n<!-- \/ Yoast SEO plugin. -->","yoast_head_json":{"title":"Ayore\u0301 Comidas: Comida Por Tuj\u00farua Picaner\u00e9 \u2022 Ayore.org","robots":{"index":"index","follow":"follow","max-snippet":"max-snippet:-1","max-image-preview":"max-image-preview:large","max-video-preview":"max-video-preview:-1"},"canonical":"https:\/\/ayore.org\/es\/cultura\/comidas\/pasedate-comida-por-tujurua-picanere\/","og_locale":"es_ES","og_type":"article","og_title":"Ayore\u0301 Comidas: Comida Por Tuj\u00farua Picaner\u00e9 \u2022 Ayore.org","og_description":"La comida en la selva Los familiares de Pasedat\u00e9:\u00a0Primero que todo Pasedat\u00e9 quiere informar acerca de su familia:\u00a0El nombre real de Pasedat\u00e9 (madre de Pas\u00e9) es Toj\u00farua del Clan Picaner\u00e9. El nombre de su nuera es Toqu\u00e9. El nombre de","og_url":"https:\/\/ayore.org\/es\/cultura\/comidas\/pasedate-comida-por-tujurua-picanere\/","og_site_name":"AYORE.ORG","article_modified_time":"2019-02-27T01:33:37+00:00","twitter_card":"summary_large_image","twitter_misc":{"Tiempo de lectura":"3 minutos"},"schema":{"@context":"https:\/\/schema.org","@graph":[{"@type":"WebPage","@id":"https:\/\/ayore.org\/es\/cultura\/comidas\/pasedate-comida-por-tujurua-picanere\/","url":"https:\/\/ayore.org\/es\/cultura\/comidas\/pasedate-comida-por-tujurua-picanere\/","name":"Ayore\u0301 Comidas: Comida Por Tuj\u00farua Picaner\u00e9 \u2022 Ayore.org","isPartOf":{"@id":"https:\/\/ayore.org\/#website"},"datePublished":"2018-07-20T03:15:42+00:00","dateModified":"2019-02-27T01:33:37+00:00","breadcrumb":{"@id":"https:\/\/ayore.org\/es\/cultura\/comidas\/pasedate-comida-por-tujurua-picanere\/#breadcrumb"},"inLanguage":"es-AR","potentialAction":[{"@type":"ReadAction","target":["https:\/\/ayore.org\/es\/cultura\/comidas\/pasedate-comida-por-tujurua-picanere\/"]}]},{"@type":"BreadcrumbList","@id":"https:\/\/ayore.org\/es\/cultura\/comidas\/pasedate-comida-por-tujurua-picanere\/#breadcrumb","itemListElement":[{"@type":"ListItem","position":1,"name":"Inicio","item":"https:\/\/ayore.org\/es\/"},{"@type":"ListItem","position":2,"name":"Cultura","item":"https:\/\/ayore.org\/es\/cultura\/"},{"@type":"ListItem","position":3,"name":"Comidas","item":"https:\/\/ayore.org\/es\/cultura\/comidas\/"},{"@type":"ListItem","position":4,"name":"Pasedat\u00e9 &#8211; Comida por Tuj\u00farua Picaner\u00e9"}]},{"@type":"WebSite","@id":"https:\/\/ayore.org\/#website","url":"https:\/\/ayore.org\/","name":"AYORE.ORG","description":"Idioma, Cultura e Historia de la Tribu Ayor\u00e9","potentialAction":[{"@type":"SearchAction","target":{"@type":"EntryPoint","urlTemplate":"https:\/\/ayore.org\/?s={search_term_string}"},"query-input":{"@type":"PropertyValueSpecification","valueRequired":true,"valueName":"search_term_string"}}],"inLanguage":"es-AR"}]}},"_links":{"self":[{"href":"https:\/\/ayore.org\/es\/wp-json\/wp\/v2\/pages\/403","targetHints":{"allow":["GET"]}}],"collection":[{"href":"https:\/\/ayore.org\/es\/wp-json\/wp\/v2\/pages"}],"about":[{"href":"https:\/\/ayore.org\/es\/wp-json\/wp\/v2\/types\/page"}],"author":[{"embeddable":true,"href":"https:\/\/ayore.org\/es\/wp-json\/wp\/v2\/users\/2"}],"replies":[{"embeddable":true,"href":"https:\/\/ayore.org\/es\/wp-json\/wp\/v2\/comments?post=403"}],"version-history":[{"count":4,"href":"https:\/\/ayore.org\/es\/wp-json\/wp\/v2\/pages\/403\/revisions"}],"predecessor-version":[{"id":3095,"href":"https:\/\/ayore.org\/es\/wp-json\/wp\/v2\/pages\/403\/revisions\/3095"}],"up":[{"embeddable":true,"href":"https:\/\/ayore.org\/es\/wp-json\/wp\/v2\/pages\/286"}],"wp:attachment":[{"href":"https:\/\/ayore.org\/es\/wp-json\/wp\/v2\/media?parent=403"}],"curies":[{"name":"wp","href":"https:\/\/api.w.org\/{rel}","templated":true}]}}